{"id":20421,"date":"2025-12-15T17:17:04","date_gmt":"2025-12-15T16:17:04","guid":{"rendered":"https:\/\/garantie.be\/fianza-alquiler-korfine\/liberacion\/"},"modified":"2026-01-07T09:46:55","modified_gmt":"2026-01-07T08:46:55","slug":"liberacion","status":"publish","type":"page","link":"https:\/\/garantie.be\/es\/fianza-alquiler-korfine\/liberacion\/","title":{"rendered":"C\u00f3mo liberar la fianza de alquiler Korfine"},"content":{"rendered":"\t\t<div data-elementor-type=\"wp-page\" data-elementor-id=\"20421\" class=\"elementor elementor-20421 elementor-20357\" data-elementor-post-type=\"page\">\n\t\t\t\t\t\t<section class=\"elementor-section elementor-top-section elementor-element elementor-element-17282ba elementor-section-boxed elementor-section-height-default elementor-section-height-default\" data-id=\"17282ba\" data-element_type=\"section\" data-e-type=\"section\">\n\t\t\t\t\t\t<div class=\"elementor-container elementor-column-gap-default\">\n\t\t\t\t\t<div class=\"elementor-column elementor-col-100 elementor-top-column elementor-element elementor-element-3ea0d1e8\" data-id=\"3ea0d1e8\" data-element_type=\"column\" data-e-type=\"column\">\n\t\t\t<div class=\"elementor-widget-wrap elementor-element-populated\">\n\t\t\t\t\t\t<div class=\"elementor-element elementor-element-e4c401c elementor-widget elementor-widget-spacer\" data-id=\"e4c401c\" data-element_type=\"widget\" data-e-type=\"widget\" data-widget_type=\"spacer.default\">\n\t\t\t\t<div class=\"elementor-widget-container\">\n\t\t\t\t\t\t\t<div class=\"elementor-spacer\">\n\t\t\t<div class=\"elementor-spacer-inner\"><\/div>\n\t\t<\/div>\n\t\t\t\t\t\t<\/div>\n\t\t\t\t<\/div>\n\t\t\t\t<div class=\"elementor-element elementor-element-e9079f6 elementor-widget elementor-widget-heading\" data-id=\"e9079f6\" data-element_type=\"widget\" data-e-type=\"widget\" data-widget_type=\"heading.default\">\n\t\t\t\t<div class=\"elementor-widget-container\">\n\t\t\t\t\t<h1 class=\"elementor-heading-title elementor-size-default\">Garant\u00eda de alquiler<br>Korfine<\/h1>\t\t\t\t<\/div>\n\t\t\t\t<\/div>\n\t\t\t\t<div class=\"elementor-element elementor-element-116dad27 elementor-widget elementor-widget-spacer\" data-id=\"116dad27\" data-element_type=\"widget\" data-e-type=\"widget\" data-widget_type=\"spacer.default\">\n\t\t\t\t<div class=\"elementor-widget-container\">\n\t\t\t\t\t\t\t<div class=\"elementor-spacer\">\n\t\t\t<div class=\"elementor-spacer-inner\"><\/div>\n\t\t<\/div>\n\t\t\t\t\t\t<\/div>\n\t\t\t\t<\/div>\n\t\t\t\t<div class=\"elementor-element elementor-element-148674d5 elementor-widget elementor-widget-text-editor\" data-id=\"148674d5\" data-element_type=\"widget\" data-e-type=\"widget\" data-widget_type=\"text-editor.default\">\n\t\t\t\t<div class=\"elementor-widget-container\">\n\t\t\t\t\t\t\t\t\t<p>Una <a href=\"https:\/\/garantie.be\/es\/fianza-alquiler-korfine\/\">fianza de alquiler Korfine<\/a> se libera generalmente al final del contrato, cuando se ha devuelto la vivienda y se han cerrado las cuentas entre el arrendador y el arrendatario. Este paso es esencial para que el inquilino pueda recuperar todo o parte del dinero bloqueado.<\/p>\t\t\t\t\t\t\t\t<\/div>\n\t\t\t\t<\/div>\n\t\t\t\t<div class=\"elementor-element elementor-element-be0a113 elementor-widget elementor-widget-heading\" data-id=\"be0a113\" data-element_type=\"widget\" data-e-type=\"widget\" data-widget_type=\"heading.default\">\n\t\t\t\t<div class=\"elementor-widget-container\">\n\t\t\t\t\t<h2 class=\"elementor-heading-title elementor-size-default\">\u00bfCu\u00e1ndo se puede liberar una fianza de alquiler Korfine?<\/h2>\t\t\t\t<\/div>\n\t\t\t\t<\/div>\n\t\t\t\t<div class=\"elementor-element elementor-element-2564c7ea elementor-widget elementor-widget-text-editor\" data-id=\"2564c7ea\" data-element_type=\"widget\" data-e-type=\"widget\" data-widget_type=\"text-editor.default\">\n\t\t\t\t<div class=\"elementor-widget-container\">\n\t\t\t\t\t\t\t\t\t<p>Se puede liberar la fianza de alquiler de Korfine:<\/p><ul><li>Al final del arrendamiento, tras el acta de entrega,<\/li><li>O, m\u00e1s raramente, antes de que finalice el contrato de alquiler, en caso de rescisi\u00f3n anticipada con el acuerdo de las partes.<\/li><\/ul><p> <\/p><p>En todos los casos, la liberaci\u00f3n est\u00e1 estrictamente regulada por la ley. Consulta nuestra p\u00e1gina sobre <a href=\"https:\/\/garantie.be\/es\/fianza-alquiler-korfine\/operacion\/\">el funcionamiento de la fianza de alquiler Korfine<\/a> para obtener m\u00e1s informaci\u00f3n. <\/p>\t\t\t\t\t\t\t\t<\/div>\n\t\t\t\t<\/div>\n\t\t\t\t<div class=\"elementor-element elementor-element-4177b513 elementor-widget elementor-widget-heading\" data-id=\"4177b513\" data-element_type=\"widget\" data-e-type=\"widget\" data-widget_type=\"heading.default\">\n\t\t\t\t<div class=\"elementor-widget-container\">\n\t\t\t\t\t<h2 class=\"elementor-heading-title elementor-size-default\">Los dos modos de liberaci\u00f3n posibles<\/h2>\t\t\t\t<\/div>\n\t\t\t\t<\/div>\n\t\t\t\t<div class=\"elementor-element elementor-element-40ddf86 elementor-widget elementor-widget-heading\" data-id=\"40ddf86\" data-element_type=\"widget\" data-e-type=\"widget\" data-widget_type=\"heading.default\">\n\t\t\t\t<div class=\"elementor-widget-container\">\n\t\t\t\t\t<h3 class=\"elementor-heading-title elementor-size-default\">1. Liberaci\u00f3n con el acuerdo del arrendador y el arrendatario<\/h3>\t\t\t\t<\/div>\n\t\t\t\t<\/div>\n\t\t\t\t<div class=\"elementor-element elementor-element-d9ab9a4 elementor-widget elementor-widget-text-editor\" data-id=\"d9ab9a4\" data-element_type=\"widget\" data-e-type=\"widget\" data-widget_type=\"text-editor.default\">\n\t\t\t\t<div class=\"elementor-widget-container\">\n\t\t\t\t\t\t\t\t\t<p>\u00c9ste es el caso m\u00e1s com\u00fan. El propietario y el inquilino deben : <\/p><ul><li>Acuerda la cantidad a liberar,<\/li><li>Firma el formulario de liberaci\u00f3n de Korfine indicando la distribuci\u00f3n de las sumas.<\/li><\/ul><p>Una vez cumplimentado el documento y firmado por ambas partes, la solicitud se env\u00eda a Korfine, que la tramita con la compa\u00f1\u00eda de seguros. <strong>Puedes descargar el<\/strong> <a href=\"https:\/\/garantie.be\/wp-content\/uploads\/2025\/12\/Formulaire-liberation-korfine.png\">formulario de liberaci\u00f3n de garant\u00eda de Korfine en \u2b07\ufe0f.<\/a><\/p>\t\t\t\t\t\t\t\t<\/div>\n\t\t\t\t<\/div>\n\t\t\t\t<div class=\"elementor-element elementor-element-9d0ea9d elementor-widget elementor-widget-heading\" data-id=\"9d0ea9d\" data-element_type=\"widget\" data-e-type=\"widget\" data-widget_type=\"heading.default\">\n\t\t\t\t<div class=\"elementor-widget-container\">\n\t\t\t\t\t<h3 class=\"elementor-heading-title elementor-size-default\">2. Liberaci\u00f3n por sentencia<\/h3>\t\t\t\t<\/div>\n\t\t\t\t<\/div>\n\t\t\t\t<div class=\"elementor-element elementor-element-4107842 elementor-widget elementor-widget-text-editor\" data-id=\"4107842\" data-element_type=\"widget\" data-e-type=\"widget\" data-widget_type=\"text-editor.default\">\n\t\t\t\t<div class=\"elementor-widget-container\">\n\t\t\t\t\t\t\t\t\t<p>Si hay desacuerdo entre el propietario y el inquilino, la garant\u00eda no puede liberarse amistosamente. En este caso : <\/p><ul><li>Se requiere una orden judicial,<\/li><li>La sentencia especifica el desglose de las cantidades, Korfine libera la garant\u00eda de acuerdo con la decisi\u00f3n del juez.<\/li><\/ul>\t\t\t\t\t\t\t\t<\/div>\n\t\t\t\t<\/div>\n\t\t\t\t<div class=\"elementor-element elementor-element-cca7cb9 elementor-widget elementor-widget-image\" data-id=\"cca7cb9\" data-element_type=\"widget\" data-e-type=\"widget\" data-widget_type=\"image.default\">\n\t\t\t\t<div class=\"elementor-widget-container\">\n\t\t\t\t\t\t\t\t\t\t\t\t\t\t\t<img fetchpriority=\"high\" decoding=\"async\" width=\"723\" height=\"1024\" src=\"https:\/\/garantie.be\/wp-content\/uploads\/2025\/12\/Formulaire-liberation-korfine-723x1024.png\" class=\"attachment-large size-large wp-image-20420\" alt=\"Formulario de exenci\u00f3n de responsabilidad de Korfine\" srcset=\"https:\/\/garantie.be\/wp-content\/uploads\/2025\/12\/Formulaire-liberation-korfine-723x1024.png 723w, https:\/\/garantie.be\/wp-content\/uploads\/2025\/12\/Formulaire-liberation-korfine-212x300.png 212w, https:\/\/garantie.be\/wp-content\/uploads\/2025\/12\/Formulaire-liberation-korfine-768x1088.png 768w, https:\/\/garantie.be\/wp-content\/uploads\/2025\/12\/Formulaire-liberation-korfine.png 852w\" sizes=\"(max-width: 723px) 100vw, 723px\" \/>\t\t\t\t\t\t\t\t\t\t\t\t\t\t\t<\/div>\n\t\t\t\t<\/div>\n\t\t\t\t<div class=\"elementor-element elementor-element-9260309 elementor-widget elementor-widget-spacer\" data-id=\"9260309\" data-element_type=\"widget\" data-e-type=\"widget\" data-widget_type=\"spacer.default\">\n\t\t\t\t<div class=\"elementor-widget-container\">\n\t\t\t\t\t\t\t<div class=\"elementor-spacer\">\n\t\t\t<div class=\"elementor-spacer-inner\"><\/div>\n\t\t<\/div>\n\t\t\t\t\t\t<\/div>\n\t\t\t\t<\/div>\n\t\t\t\t\t<\/div>\n\t\t<\/div>\n\t\t\t\t\t<\/div>\n\t\t<\/section>\n\t\t\t\t<section class=\"elementor-section elementor-top-section elementor-element elementor-element-75514c93 elementor-section-content-middle elementor-section-height-min-height elementor-section-items-stretch elementor-section-boxed elementor-section-height-default\" data-id=\"75514c93\" data-element_type=\"section\" data-e-type=\"section\">\n\t\t\t\t\t\t<div class=\"elementor-container elementor-column-gap-no\">\n\t\t\t\t\t<div class=\"elementor-column elementor-col-100 elementor-top-column elementor-element elementor-element-2500593\" data-id=\"2500593\" data-element_type=\"column\" data-e-type=\"column\" data-settings=\"{&quot;background_background&quot;:&quot;classic&quot;}\">\n\t\t\t<div class=\"elementor-widget-wrap elementor-element-populated\">\n\t\t\t\t\t\t<div class=\"elementor-element elementor-element-4d2d0d6 elementor-widget elementor-widget-heading\" data-id=\"4d2d0d6\" data-element_type=\"widget\" data-e-type=\"widget\" data-widget_type=\"heading.default\">\n\t\t\t\t<div class=\"elementor-widget-container\">\n\t\t\t\t\t<h2 class=\"elementor-heading-title elementor-size-default\">Una alternativa al bloqueo de fondos<\/h2>\t\t\t\t<\/div>\n\t\t\t\t<\/div>\n\t\t\t\t<div class=\"elementor-element elementor-element-7782ad6 elementor-widget elementor-widget-text-editor\" data-id=\"7782ad6\" data-element_type=\"widget\" data-e-type=\"widget\" data-widget_type=\"text-editor.default\">\n\t\t\t\t<div class=\"elementor-widget-container\">\n\t\t\t\t\t\t\t\t\t<p>Rellena nuestro formulario para obtener una <a href=\"https:\/\/garantie.be\/es\/fianza-alquiler-en-linea\/\">fianza de alquiler online<\/a> en pocas horas en <strong>Garantie.be<\/strong>. No tienes que poner dinero, porque ofrecemos una garant\u00eda financiera.<\/p>\t\t\t\t\t\t\t\t<\/div>\n\t\t\t\t<\/div>\n\t\t\t\t<div class=\"elementor-element elementor-element-6d8f2b70 elementor-mobile-align-center elementor-align-center elementor-widget elementor-widget-button\" data-id=\"6d8f2b70\" data-element_type=\"widget\" data-e-type=\"widget\" data-widget_type=\"button.default\">\n\t\t\t\t<div class=\"elementor-widget-container\">\n\t\t\t\t\t\t\t\t\t<div class=\"elementor-button-wrapper\">\n\t\t\t\t\t<a class=\"elementor-button elementor-button-link elementor-size-sm\" href=\"https:\/\/account.garantie.be\/en\/register\/lease\">\n\t\t\t\t\t\t<span class=\"elementor-button-content-wrapper\">\n\t\t\t\t\t\t\t\t\t<span class=\"elementor-button-text\">formulario de garant\u00eda de alquiler 100% online<\/span>\n\t\t\t\t\t<\/span>\n\t\t\t\t\t<\/a>\n\t\t\t\t<\/div>\n\t\t\t\t\t\t\t\t<\/div>\n\t\t\t\t<\/div>\n\t\t\t\t\t<\/div>\n\t\t<\/div>\n\t\t\t\t\t<\/div>\n\t\t<\/section>\n\t\t\t\t<section class=\"elementor-section elementor-top-section elementor-element elementor-element-624b971e elementor-section-boxed elementor-section-height-default elementor-section-height-default\" data-id=\"624b971e\" data-element_type=\"section\" data-e-type=\"section\">\n\t\t\t\t\t\t<div class=\"elementor-container elementor-column-gap-default\">\n\t\t\t\t\t<div class=\"elementor-column elementor-col-100 elementor-top-column elementor-element elementor-element-4061de4b\" data-id=\"4061de4b\" data-element_type=\"column\" data-e-type=\"column\">\n\t\t\t<div class=\"elementor-widget-wrap elementor-element-populated\">\n\t\t\t\t\t\t<div class=\"elementor-element elementor-element-5406d506 elementor-widget elementor-widget-spacer\" data-id=\"5406d506\" data-element_type=\"widget\" data-e-type=\"widget\" data-widget_type=\"spacer.default\">\n\t\t\t\t<div class=\"elementor-widget-container\">\n\t\t\t\t\t\t\t<div class=\"elementor-spacer\">\n\t\t\t<div class=\"elementor-spacer-inner\"><\/div>\n\t\t<\/div>\n\t\t\t\t\t\t<\/div>\n\t\t\t\t<\/div>\n\t\t\t\t<div class=\"elementor-element elementor-element-13f47265 elementor-widget elementor-widget-heading\" data-id=\"13f47265\" data-element_type=\"widget\" data-e-type=\"widget\" data-widget_type=\"heading.default\">\n\t\t\t\t<div class=\"elementor-widget-container\">\n\t\t\t\t\t<h2 class=\"elementor-heading-title elementor-size-default\">\u00bfC\u00f3mo funciona el procedimiento en la pr\u00e1ctica?<\/h2>\t\t\t\t<\/div>\n\t\t\t\t<\/div>\n\t\t\t\t<div class=\"elementor-element elementor-element-15d48b07 elementor-widget elementor-widget-text-editor\" data-id=\"15d48b07\" data-element_type=\"widget\" data-e-type=\"widget\" data-widget_type=\"text-editor.default\">\n\t\t\t\t<div class=\"elementor-widget-container\">\n\t\t\t\t\t\t\t\t\t<ol>\n<li>Fin del arrendamiento y acta de entrega de las instalaciones<\/li>\n<li>Acuerdo entre arrendador y arrendatario (o sentencia)<\/li>\n<li>Cumplimentaci\u00f3n y firma del formulario de exenci\u00f3n<\/li>\n<li>Enviar el archivo a Korfine<\/li>\n<li>Tramitaci\u00f3n por la aseguradora asociada<\/li>\n<li>Pago de las cantidades acordadas<\/li>\n<\/ol>\t\t\t\t\t\t\t\t<\/div>\n\t\t\t\t<\/div>\n\t\t\t\t<div class=\"elementor-element elementor-element-dc887b5 elementor-widget elementor-widget-spacer\" data-id=\"dc887b5\" data-element_type=\"widget\" data-e-type=\"widget\" data-widget_type=\"spacer.default\">\n\t\t\t\t<div class=\"elementor-widget-container\">\n\t\t\t\t\t\t\t<div class=\"elementor-spacer\">\n\t\t\t<div class=\"elementor-spacer-inner\"><\/div>\n\t\t<\/div>\n\t\t\t\t\t\t<\/div>\n\t\t\t\t<\/div>\n\t\t\t\t<div class=\"elementor-element elementor-element-d96f272 elementor-widget elementor-widget-heading\" data-id=\"d96f272\" data-element_type=\"widget\" data-e-type=\"widget\" data-widget_type=\"heading.default\">\n\t\t\t\t<div class=\"elementor-widget-container\">\n\t\t\t\t\t<h2 class=\"elementor-heading-title elementor-size-default\">\u00bfCu\u00e1nto tiempo se tarda en recuperar el dinero?<\/h2>\t\t\t\t<\/div>\n\t\t\t\t<\/div>\n\t\t\t\t<div class=\"elementor-element elementor-element-70bb9559 elementor-widget elementor-widget-text-editor\" data-id=\"70bb9559\" data-element_type=\"widget\" data-e-type=\"widget\" data-widget_type=\"text-editor.default\">\n\t\t\t\t<div class=\"elementor-widget-container\">\n\t\t\t\t\t\t\t\t\t<p>El tiempo que se tarda en liberar una fianza de alquiler Korfine var\u00eda en funci\u00f3n de la rapidez con que se env\u00edan los documentos y de si la liberaci\u00f3n es amistosa o judicial.<\/p><p><strong>En la pr\u00e1ctica<\/strong>: con un expediente completo y un acuerdo amistoso, la liberaci\u00f3n suele producirse en unos d\u00edas o unas semanas. Sin embargo, a veces puede llevar m\u00e1s tiempo en determinados casos que requieren m\u00e1s informaci\u00f3n. <\/p>\t\t\t\t\t\t\t\t<\/div>\n\t\t\t\t<\/div>\n\t\t\t\t\t<\/div>\n\t\t<\/div>\n\t\t\t\t\t<\/div>\n\t\t<\/section>\n\t\t\t\t<\/div>\n\t\t","protected":false},"excerpt":{"rendered":"<p>Garant\u00eda de alquilerKorfine Una fianza de alquiler Korfine se libera generalmente al final del contrato, cuando se ha devuelto la vivienda y se han cerrado las cuentas entre el arrendador y el arrendatario. Este paso es esencial para que el inquilino pueda recuperar todo o parte del dinero bloqueado. \u00bfCu\u00e1ndo se puede liberar una fianza [&hellip;]<\/p>\n","protected":false},"author":1,"featured_media":0,"parent":17577,"menu_order":0,"comment_status":"closed","ping_status":"closed","template":"","meta":{"footnotes":""},"class_list":["post-20421","page","type-page","status-publish","hentry"],"yoast_head":"<!-- This site is optimized with the Yoast SEO plugin v27.2 - https:\/\/yoast.com\/product\/yoast-seo-wordpress\/ -->\n<title>C\u00f3mo liberar la fianza de alquiler Korfine<\/title>\n<meta name=\"description\" content=\"\u00bfTu dinero est\u00e1 bloqueado en Korfine? He aqu\u00ed c\u00f3mo liberar tu fianza de alquiler: procedimiento, formulario y plazos explicados.\" \/>\n<meta name=\"robots\" content=\"index, follow, max-snippet:-1, max-image-preview:large, max-video-preview:-1\" \/>\n<link rel=\"canonical\" href=\"https:\/\/garantie.be\/es\/fianza-alquiler-korfine\/liberacion\/\" \/>\n<meta property=\"og:locale\" content=\"es_ES\" \/>\n<meta property=\"og:type\" content=\"article\" \/>\n<meta property=\"og:title\" content=\"C\u00f3mo liberar la fianza de alquiler Korfine\" \/>\n<meta property=\"og:description\" content=\"\u00bfTu dinero est\u00e1 bloqueado en Korfine? He aqu\u00ed c\u00f3mo liberar tu fianza de alquiler: procedimiento, formulario y plazos explicados.\" \/>\n<meta property=\"og:url\" content=\"https:\/\/garantie.be\/es\/fianza-alquiler-korfine\/liberacion\/\" \/>\n<meta property=\"og:site_name\" content=\"Garantie\" \/>\n<meta property=\"article:modified_time\" content=\"2026-01-07T08:46:55+00:00\" \/>\n<meta property=\"og:image\" content=\"https:\/\/garantie.be\/wp-content\/uploads\/2025\/12\/Formulaire-liberation-korfine-723x1024.png\" \/>\n<meta name=\"twitter:card\" content=\"summary_large_image\" \/>\n<meta name=\"twitter:label1\" content=\"Tiempo de lectura\" \/>\n\t<meta name=\"twitter:data1\" content=\"2 minutos\" \/>\n<script type=\"application\/ld+json\" class=\"yoast-schema-graph\">{\"@context\":\"https:\/\/schema.org\",\"@graph\":[{\"@type\":\"WebPage\",\"@id\":\"https:\/\/garantie.be\/es\/fianza-alquiler-korfine\/liberacion\/\",\"url\":\"https:\/\/garantie.be\/es\/fianza-alquiler-korfine\/liberacion\/\",\"name\":\"C\u00f3mo liberar la fianza de alquiler Korfine\",\"isPartOf\":{\"@id\":\"https:\/\/garantie.be\/es\/#website\"},\"primaryImageOfPage\":{\"@id\":\"https:\/\/garantie.be\/es\/fianza-alquiler-korfine\/liberacion\/#primaryimage\"},\"image\":{\"@id\":\"https:\/\/garantie.be\/es\/fianza-alquiler-korfine\/liberacion\/#primaryimage\"},\"thumbnailUrl\":\"https:\/\/garantie.be\/wp-content\/uploads\/2025\/12\/Formulaire-liberation-korfine-723x1024.png\",\"datePublished\":\"2025-12-15T16:17:04+00:00\",\"dateModified\":\"2026-01-07T08:46:55+00:00\",\"description\":\"\u00bfTu dinero est\u00e1 bloqueado en Korfine? He aqu\u00ed c\u00f3mo liberar tu fianza de alquiler: procedimiento, formulario y plazos explicados.\",\"breadcrumb\":{\"@id\":\"https:\/\/garantie.be\/es\/fianza-alquiler-korfine\/liberacion\/#breadcrumb\"},\"inLanguage\":\"es\",\"potentialAction\":[{\"@type\":\"ReadAction\",\"target\":[\"https:\/\/garantie.be\/es\/fianza-alquiler-korfine\/liberacion\/\"]}]},{\"@type\":\"ImageObject\",\"inLanguage\":\"es\",\"@id\":\"https:\/\/garantie.be\/es\/fianza-alquiler-korfine\/liberacion\/#primaryimage\",\"url\":\"https:\/\/garantie.be\/wp-content\/uploads\/2025\/12\/Formulaire-liberation-korfine-723x1024.png\",\"contentUrl\":\"https:\/\/garantie.be\/wp-content\/uploads\/2025\/12\/Formulaire-liberation-korfine-723x1024.png\"},{\"@type\":\"BreadcrumbList\",\"@id\":\"https:\/\/garantie.be\/es\/fianza-alquiler-korfine\/liberacion\/#breadcrumb\",\"itemListElement\":[{\"@type\":\"ListItem\",\"position\":1,\"name\":\"Accueil\",\"item\":\"https:\/\/garantie.be\/es\/\"},{\"@type\":\"ListItem\",\"position\":2,\"name\":\"Fianza de alquiler korfine\",\"item\":\"https:\/\/garantie.be\/es\/fianza-alquiler-korfine\/\"},{\"@type\":\"ListItem\",\"position\":3,\"name\":\"C\u00f3mo liberar la fianza de alquiler Korfine\"}]},{\"@type\":\"WebSite\",\"@id\":\"https:\/\/garantie.be\/es\/#website\",\"url\":\"https:\/\/garantie.be\/es\/\",\"name\":\"Garantie\",\"description\":\"\",\"publisher\":{\"@id\":\"https:\/\/garantie.be\/es\/#organization\"},\"potentialAction\":[{\"@type\":\"SearchAction\",\"target\":{\"@type\":\"EntryPoint\",\"urlTemplate\":\"https:\/\/garantie.be\/es\/?s={search_term_string}\"},\"query-input\":{\"@type\":\"PropertyValueSpecification\",\"valueRequired\":true,\"valueName\":\"search_term_string\"}}],\"inLanguage\":\"es\"},{\"@type\":\"Organization\",\"@id\":\"https:\/\/garantie.be\/es\/#organization\",\"name\":\"Garantie.be\",\"url\":\"https:\/\/garantie.be\/es\/\",\"logo\":{\"@type\":\"ImageObject\",\"inLanguage\":\"es\",\"@id\":\"https:\/\/garantie.be\/es\/#\/schema\/logo\/image\/\",\"url\":\"\",\"contentUrl\":\"\",\"caption\":\"Garantie.be\"},\"image\":{\"@id\":\"https:\/\/garantie.be\/es\/#\/schema\/logo\/image\/\"}}]}<\/script>\n<!-- \/ Yoast SEO plugin. -->","yoast_head_json":{"title":"C\u00f3mo liberar la fianza de alquiler Korfine","description":"\u00bfTu dinero est\u00e1 bloqueado en Korfine? He aqu\u00ed c\u00f3mo liberar tu fianza de alquiler: procedimiento, formulario y plazos explicados.","robots":{"index":"index","follow":"follow","max-snippet":"max-snippet:-1","max-image-preview":"max-image-preview:large","max-video-preview":"max-video-preview:-1"},"canonical":"https:\/\/garantie.be\/es\/fianza-alquiler-korfine\/liberacion\/","og_locale":"es_ES","og_type":"article","og_title":"C\u00f3mo liberar la fianza de alquiler Korfine","og_description":"\u00bfTu dinero est\u00e1 bloqueado en Korfine? He aqu\u00ed c\u00f3mo liberar tu fianza de alquiler: procedimiento, formulario y plazos explicados.","og_url":"https:\/\/garantie.be\/es\/fianza-alquiler-korfine\/liberacion\/","og_site_name":"Garantie","article_modified_time":"2026-01-07T08:46:55+00:00","og_image":[{"url":"https:\/\/garantie.be\/wp-content\/uploads\/2025\/12\/Formulaire-liberation-korfine-723x1024.png","type":"","width":"","height":""}],"twitter_card":"summary_large_image","twitter_misc":{"Tiempo de lectura":"2 minutos"},"schema":{"@context":"https:\/\/schema.org","@graph":[{"@type":"WebPage","@id":"https:\/\/garantie.be\/es\/fianza-alquiler-korfine\/liberacion\/","url":"https:\/\/garantie.be\/es\/fianza-alquiler-korfine\/liberacion\/","name":"C\u00f3mo liberar la fianza de alquiler Korfine","isPartOf":{"@id":"https:\/\/garantie.be\/es\/#website"},"primaryImageOfPage":{"@id":"https:\/\/garantie.be\/es\/fianza-alquiler-korfine\/liberacion\/#primaryimage"},"image":{"@id":"https:\/\/garantie.be\/es\/fianza-alquiler-korfine\/liberacion\/#primaryimage"},"thumbnailUrl":"https:\/\/garantie.be\/wp-content\/uploads\/2025\/12\/Formulaire-liberation-korfine-723x1024.png","datePublished":"2025-12-15T16:17:04+00:00","dateModified":"2026-01-07T08:46:55+00:00","description":"\u00bfTu dinero est\u00e1 bloqueado en Korfine? He aqu\u00ed c\u00f3mo liberar tu fianza de alquiler: procedimiento, formulario y plazos explicados.","breadcrumb":{"@id":"https:\/\/garantie.be\/es\/fianza-alquiler-korfine\/liberacion\/#breadcrumb"},"inLanguage":"es","potentialAction":[{"@type":"ReadAction","target":["https:\/\/garantie.be\/es\/fianza-alquiler-korfine\/liberacion\/"]}]},{"@type":"ImageObject","inLanguage":"es","@id":"https:\/\/garantie.be\/es\/fianza-alquiler-korfine\/liberacion\/#primaryimage","url":"https:\/\/garantie.be\/wp-content\/uploads\/2025\/12\/Formulaire-liberation-korfine-723x1024.png","contentUrl":"https:\/\/garantie.be\/wp-content\/uploads\/2025\/12\/Formulaire-liberation-korfine-723x1024.png"},{"@type":"BreadcrumbList","@id":"https:\/\/garantie.be\/es\/fianza-alquiler-korfine\/liberacion\/#breadcrumb","itemListElement":[{"@type":"ListItem","position":1,"name":"Accueil","item":"https:\/\/garantie.be\/es\/"},{"@type":"ListItem","position":2,"name":"Fianza de alquiler korfine","item":"https:\/\/garantie.be\/es\/fianza-alquiler-korfine\/"},{"@type":"ListItem","position":3,"name":"C\u00f3mo liberar la fianza de alquiler Korfine"}]},{"@type":"WebSite","@id":"https:\/\/garantie.be\/es\/#website","url":"https:\/\/garantie.be\/es\/","name":"Garantie","description":"","publisher":{"@id":"https:\/\/garantie.be\/es\/#organization"},"potentialAction":[{"@type":"SearchAction","target":{"@type":"EntryPoint","urlTemplate":"https:\/\/garantie.be\/es\/?s={search_term_string}"},"query-input":{"@type":"PropertyValueSpecification","valueRequired":true,"valueName":"search_term_string"}}],"inLanguage":"es"},{"@type":"Organization","@id":"https:\/\/garantie.be\/es\/#organization","name":"Garantie.be","url":"https:\/\/garantie.be\/es\/","logo":{"@type":"ImageObject","inLanguage":"es","@id":"https:\/\/garantie.be\/es\/#\/schema\/logo\/image\/","url":"","contentUrl":"","caption":"Garantie.be"},"image":{"@id":"https:\/\/garantie.be\/es\/#\/schema\/logo\/image\/"}}]}},"_links":{"self":[{"href":"https:\/\/garantie.be\/es\/wp-json\/wp\/v2\/pages\/20421","targetHints":{"allow":["GET"]}}],"collection":[{"href":"https:\/\/garantie.be\/es\/wp-json\/wp\/v2\/pages"}],"about":[{"href":"https:\/\/garantie.be\/es\/wp-json\/wp\/v2\/types\/page"}],"author":[{"embeddable":true,"href":"https:\/\/garantie.be\/es\/wp-json\/wp\/v2\/users\/1"}],"replies":[{"embeddable":true,"href":"https:\/\/garantie.be\/es\/wp-json\/wp\/v2\/comments?post=20421"}],"version-history":[{"count":0,"href":"https:\/\/garantie.be\/es\/wp-json\/wp\/v2\/pages\/20421\/revisions"}],"up":[{"embeddable":true,"href":"https:\/\/garantie.be\/es\/wp-json\/wp\/v2\/pages\/17577"}],"wp:attachment":[{"href":"https:\/\/garantie.be\/es\/wp-json\/wp\/v2\/media?parent=20421"}],"curies":[{"name":"wp","href":"https:\/\/api.w.org\/{rel}","templated":true}]}}