{"id":20426,"date":"2025-12-15T17:19:30","date_gmt":"2025-12-15T16:19:30","guid":{"rendered":"https:\/\/garantie.be\/fianza-alquiler-korfine\/seguro-de-cuenta-bloqueada\/"},"modified":"2025-12-18T12:40:07","modified_gmt":"2025-12-18T11:40:07","slug":"seguro-de-cuenta-bloqueada","status":"publish","type":"page","link":"https:\/\/garantie.be\/es\/fianza-alquiler-korfine\/seguro-de-cuenta-bloqueada\/","title":{"rendered":"\u00bfLa fianza de alquiler de Korfine es una cuenta bancaria bloqueada?"},"content":{"rendered":"\t\t<div data-elementor-type=\"wp-page\" data-elementor-id=\"20426\" class=\"elementor elementor-20426 elementor-20360\" data-elementor-post-type=\"page\">\n\t\t\t\t\t\t<section class=\"elementor-section elementor-top-section elementor-element elementor-element-33e54244 elementor-section-boxed elementor-section-height-default elementor-section-height-default\" data-id=\"33e54244\" data-element_type=\"section\" data-e-type=\"section\">\n\t\t\t\t\t\t<div class=\"elementor-container elementor-column-gap-default\">\n\t\t\t\t\t<div class=\"elementor-column elementor-col-100 elementor-top-column elementor-element elementor-element-7d0b6370\" data-id=\"7d0b6370\" data-element_type=\"column\" data-e-type=\"column\">\n\t\t\t<div class=\"elementor-widget-wrap elementor-element-populated\">\n\t\t\t\t\t\t<div class=\"elementor-element elementor-element-1ffec6aa elementor-widget elementor-widget-spacer\" data-id=\"1ffec6aa\" data-element_type=\"widget\" data-e-type=\"widget\" data-widget_type=\"spacer.default\">\n\t\t\t\t<div class=\"elementor-widget-container\">\n\t\t\t\t\t\t\t<div class=\"elementor-spacer\">\n\t\t\t<div class=\"elementor-spacer-inner\"><\/div>\n\t\t<\/div>\n\t\t\t\t\t\t<\/div>\n\t\t\t\t<\/div>\n\t\t\t\t<div class=\"elementor-element elementor-element-45bc2b14 elementor-widget elementor-widget-heading\" data-id=\"45bc2b14\" data-element_type=\"widget\" data-e-type=\"widget\" data-widget_type=\"heading.default\">\n\t\t\t\t<div class=\"elementor-widget-container\">\n\t\t\t\t\t<h1 class=\"elementor-heading-title elementor-size-default\">Garant\u00eda Korfine<br><b>\u00bfcuenta bloqueada o seguro?<\/b><\/h1>\t\t\t\t<\/div>\n\t\t\t\t<\/div>\n\t\t\t\t<div class=\"elementor-element elementor-element-300b7733 elementor-widget elementor-widget-spacer\" data-id=\"300b7733\" data-element_type=\"widget\" data-e-type=\"widget\" data-widget_type=\"spacer.default\">\n\t\t\t\t<div class=\"elementor-widget-container\">\n\t\t\t\t\t\t\t<div class=\"elementor-spacer\">\n\t\t\t<div class=\"elementor-spacer-inner\"><\/div>\n\t\t<\/div>\n\t\t\t\t\t\t<\/div>\n\t\t\t\t<\/div>\n\t\t\t\t<div class=\"elementor-element elementor-element-5815b2a4 elementor-widget elementor-widget-text-editor\" data-id=\"5815b2a4\" data-element_type=\"widget\" data-e-type=\"widget\" data-widget_type=\"text-editor.default\">\n\t\t\t\t<div class=\"elementor-widget-container\">\n\t\t\t\t\t\t\t\t\t<p>Muchos inquilinos y propietarios se hacen la misma pregunta: \u00bfla <strong>fianza de alquiler Korfine es una cuenta bancaria bloqueada o un seguro?<\/strong> A menudo hay confusi\u00f3n, porque el resultado perseguido es similar: proporcionar seguridad al propietario al tiempo que se bloquea una cantidad que pertenece al inquilino.<\/p><p>Te explicamos la naturaleza exacta de la <a href=\"https:\/\/garantie.be\/es\/fianza-alquiler-korfine\/\">fianza de alquiler Korfine<\/a>, en qu\u00e9 se diferencia de una cuenta bancaria bloqueada tradicional y las consecuencias pr\u00e1cticas para inquilinos y propietarios.<\/p>\t\t\t\t\t\t\t\t<\/div>\n\t\t\t\t<\/div>\n\t\t\t\t<div class=\"elementor-element elementor-element-387a4df0 elementor-widget elementor-widget-heading\" data-id=\"387a4df0\" data-element_type=\"widget\" data-e-type=\"widget\" data-widget_type=\"heading.default\">\n\t\t\t\t<div class=\"elementor-widget-container\">\n\t\t\t\t\t<h2 class=\"elementor-heading-title elementor-size-default\">\u00bfPor qu\u00e9 estamos hablando de una cuenta bloqueada de Korfine?<\/h2>\t\t\t\t<\/div>\n\t\t\t\t<\/div>\n\t\t\t\t<div class=\"elementor-element elementor-element-7e63377c elementor-widget elementor-widget-text-editor\" data-id=\"7e63377c\" data-element_type=\"widget\" data-e-type=\"widget\" data-widget_type=\"text-editor.default\">\n\t\t\t\t<div class=\"elementor-widget-container\">\n\t\t\t\t\t\t\t\t\t<p>En el lenguaje cotidiano, a menudo se utiliza el t\u00e9rmino \u00abcuenta bloqueada Korfine\u00bb. Sin embargo, este t\u00e9rmino es jur\u00eddicamente incorrecto. <\/p><p>La confusi\u00f3n surge del hecho de que la operaci\u00f3n es similar a una <a href=\"https:\/\/garantie.be\/es\/fianza-de-alquiler\/cuenta-bancaria-bloqueada-fianza-alquiler\/\">fianza de alquiler con cuenta bancaria bloqueada<\/a>:<\/p><ul><li>el dinero queda efectivamente congelado durante el arrendamiento,<\/li><li>el arrendador se beneficia de una seguridad comparable a la de una cuenta bancaria bloqueada,<\/li><li>la liberaci\u00f3n s\u00f3lo es posible con el acuerdo de las partes o una sentencia judicial.<\/li><\/ul><p> <\/p><p>Pero la <a href=\"https:\/\/garantie.be\/es\/fianza-alquiler-korfine\/operacion\/\">fianza de alquiler Korfine funciona<\/a> sobre una base jur\u00eddica y financiera diferente: se basa en un <strong>contrato de seguro de capitalizaci\u00f3n -clase 26-.<\/strong><\/p>\t\t\t\t\t\t\t\t<\/div>\n\t\t\t\t<\/div>\n\t\t\t\t\t<\/div>\n\t\t<\/div>\n\t\t\t\t\t<\/div>\n\t\t<\/section>\n\t\t\t\t<section class=\"elementor-section elementor-top-section elementor-element elementor-element-26e34507 elementor-section-content-middle elementor-section-height-min-height elementor-section-items-stretch elementor-section-boxed elementor-section-height-default\" data-id=\"26e34507\" data-element_type=\"section\" data-e-type=\"section\">\n\t\t\t\t\t\t<div class=\"elementor-container elementor-column-gap-no\">\n\t\t\t\t\t<div class=\"elementor-column elementor-col-100 elementor-top-column elementor-element elementor-element-38ac6640\" data-id=\"38ac6640\" data-element_type=\"column\" data-e-type=\"column\" data-settings=\"{&quot;background_background&quot;:&quot;classic&quot;}\">\n\t\t\t<div class=\"elementor-widget-wrap elementor-element-populated\">\n\t\t\t\t\t\t<div class=\"elementor-element elementor-element-1faa319c elementor-widget elementor-widget-text-editor\" data-id=\"1faa319c\" data-element_type=\"widget\" data-e-type=\"widget\" data-widget_type=\"text-editor.default\">\n\t\t\t\t<div class=\"elementor-widget-container\">\n\t\t\t\t\t\t\t\t\t<p>Rellena nuestro formulario para obtener una <a href=\"https:\/\/garantie.be\/es\/fianza-alquiler-en-linea\/\">fianza de alquiler online<\/a> en pocas horas en <strong>Garantie.be<\/strong>. No bloqueas ning\u00fan dinero porque funcionamos como una garant\u00eda bancaria<\/p>\t\t\t\t\t\t\t\t<\/div>\n\t\t\t\t<\/div>\n\t\t\t\t<div class=\"elementor-element elementor-element-6242f059 elementor-mobile-align-center elementor-align-center elementor-widget elementor-widget-button\" data-id=\"6242f059\" data-element_type=\"widget\" data-e-type=\"widget\" data-widget_type=\"button.default\">\n\t\t\t\t<div class=\"elementor-widget-container\">\n\t\t\t\t\t\t\t\t\t<div class=\"elementor-button-wrapper\">\n\t\t\t\t\t<a class=\"elementor-button elementor-button-link elementor-size-sm\" href=\"https:\/\/account.garantie.be\/en\/register\/lease\">\n\t\t\t\t\t\t<span class=\"elementor-button-content-wrapper\">\n\t\t\t\t\t\t\t\t\t<span class=\"elementor-button-text\">formulario de garant\u00eda de alquiler 100% online<\/span>\n\t\t\t\t\t<\/span>\n\t\t\t\t\t<\/a>\n\t\t\t\t<\/div>\n\t\t\t\t\t\t\t\t<\/div>\n\t\t\t\t<\/div>\n\t\t\t\t\t<\/div>\n\t\t<\/div>\n\t\t\t\t\t<\/div>\n\t\t<\/section>\n\t\t\t\t<section class=\"elementor-section elementor-top-section elementor-element elementor-element-720a75bd elementor-section-boxed elementor-section-height-default elementor-section-height-default\" data-id=\"720a75bd\" data-element_type=\"section\" data-e-type=\"section\">\n\t\t\t\t\t\t<div class=\"elementor-container elementor-column-gap-default\">\n\t\t\t\t\t<div class=\"elementor-column elementor-col-100 elementor-top-column elementor-element elementor-element-5b867421\" data-id=\"5b867421\" data-element_type=\"column\" data-e-type=\"column\">\n\t\t\t<div class=\"elementor-widget-wrap elementor-element-populated\">\n\t\t\t\t\t\t<div class=\"elementor-element elementor-element-39908187 elementor-widget elementor-widget-spacer\" data-id=\"39908187\" data-element_type=\"widget\" data-e-type=\"widget\" data-widget_type=\"spacer.default\">\n\t\t\t\t<div class=\"elementor-widget-container\">\n\t\t\t\t\t\t\t<div class=\"elementor-spacer\">\n\t\t\t<div class=\"elementor-spacer-inner\"><\/div>\n\t\t<\/div>\n\t\t\t\t\t\t<\/div>\n\t\t\t\t<\/div>\n\t\t\t\t<div class=\"elementor-element elementor-element-2e160790 elementor-widget elementor-widget-heading\" data-id=\"2e160790\" data-element_type=\"widget\" data-e-type=\"widget\" data-widget_type=\"heading.default\">\n\t\t\t\t<div class=\"elementor-widget-container\">\n\t\t\t\t\t<h2 class=\"elementor-heading-title elementor-size-default\">La fianza de alquiler Korfine no es una cuenta bancaria<\/h2>\t\t\t\t<\/div>\n\t\t\t\t<\/div>\n\t\t\t\t<div class=\"elementor-element elementor-element-5911b059 elementor-widget elementor-widget-text-editor\" data-id=\"5911b059\" data-element_type=\"widget\" data-e-type=\"widget\" data-widget_type=\"text-editor.default\">\n\t\t\t\t<div class=\"elementor-widget-container\">\n\t\t\t\t\t\t\t\t\t<p>Las caracter\u00edsticas espec\u00edficas que diferencian la cuenta bancaria bloqueada del contrato Korfine son que es :<\/p><ul><li>abierto en un banco,<\/li><li>sujetos a la normativa bancaria,<\/li><li>cubiertos por el sistema de garant\u00eda de dep\u00f3sitos (hasta 100.000 euros),<\/li><li>generalmente no remunerados o muy mal pagados.<\/li><\/ul><p> <\/p><p>La <a href=\"https:\/\/garantie.be\/es\/fianza-alquiler-korfine\/\">garant\u00eda Korfine<\/a> no cumple estos criterios. No se mantiene en un banco y, por tanto, no entra en el r\u00e9gimen bancario tradicional. <\/p>\t\t\t\t\t\t\t\t<\/div>\n\t\t\t\t<\/div>\n\t\t\t\t<div class=\"elementor-element elementor-element-5fb35585 elementor-widget elementor-widget-heading\" data-id=\"5fb35585\" data-element_type=\"widget\" data-e-type=\"widget\" data-widget_type=\"heading.default\">\n\t\t\t\t<div class=\"elementor-widget-container\">\n\t\t\t\t\t<h2 class=\"elementor-heading-title elementor-size-default\">La fianza de alquiler Korfine es un seguro (ramo 26)<\/h2>\t\t\t\t<\/div>\n\t\t\t\t<\/div>\n\t\t\t\t<div class=\"elementor-element elementor-element-1fdacf9 elementor-widget elementor-widget-text-editor\" data-id=\"1fdacf9\" data-element_type=\"widget\" data-e-type=\"widget\" data-widget_type=\"text-editor.default\">\n\t\t\t\t<div class=\"elementor-widget-container\">\n\t\t\t\t\t\t\t\t\t<p>La fianza de alquiler de Korfine se basa en un contrato de capitalizaci\u00f3n de la rama 26 suscrito con una compa\u00f1\u00eda de seguros belga autorizada.<\/p><h3>\u00bfQu\u00e9 es la rama 26?<\/h3><ul><li>Producto biom\u00e9trico de seguro de vida sin riesgo<\/li><li>Con un solo pago<\/li><li>Capital garantizado por la aseguradora<\/li><li>Un tipo de inter\u00e9s garantizado en la suscripci\u00f3n<\/li><li>Un contrato regido por la legislaci\u00f3n belga<\/li><\/ul><p> <\/p><p>Por tanto, el dinero del inquilino se <strong>invierte en un producto de seguro y no en una cuenta bancaria<\/strong>.<\/p>\t\t\t\t\t\t\t\t<\/div>\n\t\t\t\t<\/div>\n\t\t\t\t<div class=\"elementor-element elementor-element-3598ec00 elementor-widget elementor-widget-heading\" data-id=\"3598ec00\" data-element_type=\"widget\" data-e-type=\"widget\" data-widget_type=\"heading.default\">\n\t\t\t\t<div class=\"elementor-widget-container\">\n\t\t\t\t\t<h2 class=\"elementor-heading-title elementor-size-default\">\u00bfQui\u00e9n tiene el dinero y qui\u00e9n est\u00e1 protegido?<\/h2>\t\t\t\t<\/div>\n\t\t\t\t<\/div>\n\t\t\t\t<div class=\"elementor-element elementor-element-6c659a8d elementor-widget elementor-widget-text-editor\" data-id=\"6c659a8d\" data-element_type=\"widget\" data-e-type=\"widget\" data-widget_type=\"text-editor.default\">\n\t\t\t\t<div class=\"elementor-widget-container\">\n\t\t\t\t\t\t\t\t\t<p><strong>El inquilino conserva la propiedad del capital<\/strong>. El arrendador tiene derecho a la suma en caso de da\u00f1os a la propiedad o deudas, y la aseguradora garantiza el capital. <\/p><p><strong>Korfine act\u00faa como corredor de seguros<\/strong>, sin poseer los fondos. El capital se cede legalmente como garant\u00eda a favor del arrendador. <\/p>\t\t\t\t\t\t\t\t<\/div>\n\t\t\t\t<\/div>\n\t\t\t\t<div class=\"elementor-element elementor-element-4f911d92 elementor-widget elementor-widget-heading\" data-id=\"4f911d92\" data-element_type=\"widget\" data-e-type=\"widget\" data-widget_type=\"heading.default\">\n\t\t\t\t<div class=\"elementor-widget-container\">\n\t\t\t\t\t<h2 class=\"elementor-heading-title elementor-size-default\">Comparaci\u00f3n: Korfine vs cuenta bancaria bloqueada<\/h2>\t\t\t\t<\/div>\n\t\t\t\t<\/div>\n\t\t\t\t<div class=\"elementor-element elementor-element-3c3f56c7 elementor-widget elementor-widget-text-editor\" data-id=\"3c3f56c7\" data-element_type=\"widget\" data-e-type=\"widget\" data-widget_type=\"text-editor.default\">\n\t\t\t\t<div class=\"elementor-widget-container\">\n\t\t\t\t\t\t\t\t\t<table class=\"kb-compare-table\" role=\"table\" aria-label=\"Comparaison Korfine vs compte bancaire bloqu\u00e9\"><thead><tr><th scope=\"col\">Criterios<\/th><th scope=\"col\">Korfine<\/th><th scope=\"col\">Cuenta bancaria bloqueada<\/th><\/tr><\/thead><tbody><tr><th scope=\"row\">Naturaleza<\/th><td>Seguros \/ contrato de capitalizaci\u00f3n sucursal 26<\/td><td>Cuenta bancaria bloqueada<\/td><\/tr><tr><th scope=\"row\">Garant\u00eda de capital<\/th><td>S\u00ed, garantizado por la aseguradora<\/td><td>S\u00ed, sujeta a condiciones bancarias<\/td><\/tr><tr><th scope=\"row\">Garant\u00eda de dep\u00f3sito<\/th><td>No, no es un dep\u00f3sito bancario<\/td><td>S\u00ed, en el marco del sistema de garant\u00eda de dep\u00f3sitos, sujeto a condiciones<\/td><\/tr><tr><th scope=\"row\">Inter\u00e9s<\/th><td>A menudo un tipo de inter\u00e9s garantizado en la suscripci\u00f3n<\/td><td>Bajo o inexistente, dependiendo del banco<\/td><\/tr><tr><th scope=\"row\">Tarifas<\/th><td>Comisiones de entrada a menudo variables<\/td><td>Generalmente pocos gastos o ninguno, dependiendo del banco<\/td><\/tr><tr><th scope=\"row\">Liberaci\u00f3n<\/th><td>Acuerdo entre arrendador y arrendatario o sentencia<\/td><td>Acuerdo o sentencia entre arrendador y arrendatario<\/td><\/tr><\/tbody><\/table>\t\t\t\t\t\t\t\t<\/div>\n\t\t\t\t<\/div>\n\t\t\t\t<div class=\"elementor-element elementor-element-737cd25a elementor-widget elementor-widget-heading\" data-id=\"737cd25a\" data-element_type=\"widget\" data-e-type=\"widget\" data-widget_type=\"heading.default\">\n\t\t\t\t<div class=\"elementor-widget-container\">\n\t\t\t\t\t<h2 class=\"elementor-heading-title elementor-size-default\">\u00bfCu\u00e1les son las consecuencias pr\u00e1cticas para los inquilinos?<\/h2>\t\t\t\t<\/div>\n\t\t\t\t<\/div>\n\t\t\t\t<div class=\"elementor-element elementor-element-1c1a1964 elementor-widget elementor-widget-text-editor\" data-id=\"1c1a1964\" data-element_type=\"widget\" data-e-type=\"widget\" data-widget_type=\"text-editor.default\">\n\t\t\t\t<div class=\"elementor-widget-container\">\n\t\t\t\t\t\t\t\t\t<p><strong>Antes de elegir Korfine<\/strong>, es importante comprender los siguientes puntos:<\/p><ul><li>el dinero est\u00e1 completamente inmovilizado durante el arrendamiento,<\/li><li>no est\u00e1 disponible cuando se necesita,<\/li><li>La recuperaci\u00f3n depende del acuerdo del arrendador o de una sentencia judicial,<\/li><li>pueden aplicarse tasas de inscripci\u00f3n,<\/li><li>los intereses est\u00e1n sujetos a retenci\u00f3n fiscal.<\/li><\/ul>\t\t\t\t\t\t\t\t<\/div>\n\t\t\t\t<\/div>\n\t\t\t\t<div class=\"elementor-element elementor-element-718d76d elementor-widget elementor-widget-spacer\" data-id=\"718d76d\" data-element_type=\"widget\" data-e-type=\"widget\" data-widget_type=\"spacer.default\">\n\t\t\t\t<div class=\"elementor-widget-container\">\n\t\t\t\t\t\t\t<div class=\"elementor-spacer\">\n\t\t\t<div class=\"elementor-spacer-inner\"><\/div>\n\t\t<\/div>\n\t\t\t\t\t\t<\/div>\n\t\t\t\t<\/div>\n\t\t\t\t<div class=\"elementor-element elementor-element-7b8a9e70 elementor-widget elementor-widget-heading\" data-id=\"7b8a9e70\" data-element_type=\"widget\" data-e-type=\"widget\" data-widget_type=\"heading.default\">\n\t\t\t\t<div class=\"elementor-widget-container\">\n\t\t\t\t\t<h2 class=\"elementor-heading-title elementor-size-default\">Preguntas m\u00e1s frecuentes<\/h2>\t\t\t\t<\/div>\n\t\t\t\t<\/div>\n\t\t\t\t<div class=\"elementor-element elementor-element-5410aba4 elementor-widget elementor-widget-text-editor\" data-id=\"5410aba4\" data-element_type=\"widget\" data-e-type=\"widget\" data-widget_type=\"text-editor.default\">\n\t\t\t\t<div class=\"elementor-widget-container\">\n\t\t\t\t\t\t\t\t\t<p><strong>\u00bfPuede llamarse Korfine a una cuenta bloqueada?<\/strong><br>En el lenguaje cotidiano s\u00ed, pero jur\u00eddicamente no.<\/p><p><strong>\u00bfEst\u00e1 seguro mi dinero con Korfine?<\/strong><br>S\u00ed, el capital est\u00e1 garantizado por una compa\u00f1\u00eda de seguros belga autorizada.<\/p><p><strong>\u00bfPuedo cambiar de opini\u00f3n despu\u00e9s de suscribirme?<\/strong><br>No, el capital permanece congelado durante el arrendamiento, a menos que el arrendador est\u00e9 de acuerdo o se dicte una orden judicial.<\/p>\t\t\t\t\t\t\t\t<\/div>\n\t\t\t\t<\/div>\n\t\t\t\t\t<\/div>\n\t\t<\/div>\n\t\t\t\t\t<\/div>\n\t\t<\/section>\n\t\t\t\t<\/div>\n\t\t","protected":false},"excerpt":{"rendered":"<p>Garant\u00eda Korfine\u00bfcuenta bloqueada o seguro? Muchos inquilinos y propietarios se hacen la misma pregunta: \u00bfla fianza de alquiler Korfine es una cuenta bancaria bloqueada o un seguro? A menudo hay confusi\u00f3n, porque el resultado perseguido es similar: proporcionar seguridad al propietario al tiempo que se bloquea una cantidad que pertenece al inquilino. Te explicamos la [&hellip;]<\/p>\n","protected":false},"author":1,"featured_media":0,"parent":17577,"menu_order":0,"comment_status":"closed","ping_status":"closed","template":"","meta":{"footnotes":""},"class_list":["post-20426","page","type-page","status-publish","hentry"],"yoast_head":"<!-- This site is optimized with the Yoast SEO plugin v27.2 - https:\/\/yoast.com\/product\/yoast-seo-wordpress\/ -->\n<title>\u00bfLa fianza de alquiler de Korfine es una cuenta bancaria bloqueada?<\/title>\n<meta name=\"description\" content=\"\u00bfKorfine es un aval bancario o un seguro? Averigua la diferencia entre un aval bancario y un seguro para inquilinos.\" \/>\n<meta name=\"robots\" content=\"index, follow, max-snippet:-1, max-image-preview:large, max-video-preview:-1\" \/>\n<link rel=\"canonical\" href=\"https:\/\/garantie.be\/es\/fianza-alquiler-korfine\/seguro-de-cuenta-bloqueada\/\" \/>\n<meta property=\"og:locale\" content=\"es_ES\" \/>\n<meta property=\"og:type\" content=\"article\" \/>\n<meta property=\"og:title\" content=\"\u00bfLa fianza de alquiler de Korfine es una cuenta bancaria bloqueada?\" \/>\n<meta property=\"og:description\" content=\"\u00bfKorfine es un aval bancario o un seguro? Averigua la diferencia entre un aval bancario y un seguro para inquilinos.\" \/>\n<meta property=\"og:url\" content=\"https:\/\/garantie.be\/es\/fianza-alquiler-korfine\/seguro-de-cuenta-bloqueada\/\" \/>\n<meta property=\"og:site_name\" content=\"Garantie\" \/>\n<meta property=\"article:modified_time\" content=\"2025-12-18T11:40:07+00:00\" \/>\n<meta name=\"twitter:card\" content=\"summary_large_image\" \/>\n<meta name=\"twitter:label1\" content=\"Tiempo de lectura\" \/>\n\t<meta name=\"twitter:data1\" content=\"4 minutos\" \/>\n<script type=\"application\/ld+json\" class=\"yoast-schema-graph\">{\"@context\":\"https:\/\/schema.org\",\"@graph\":[{\"@type\":\"WebPage\",\"@id\":\"https:\/\/garantie.be\/es\/fianza-alquiler-korfine\/seguro-de-cuenta-bloqueada\/\",\"url\":\"https:\/\/garantie.be\/es\/fianza-alquiler-korfine\/seguro-de-cuenta-bloqueada\/\",\"name\":\"\u00bfLa fianza de alquiler de Korfine es una cuenta bancaria bloqueada?\",\"isPartOf\":{\"@id\":\"https:\/\/garantie.be\/es\/#website\"},\"datePublished\":\"2025-12-15T16:19:30+00:00\",\"dateModified\":\"2025-12-18T11:40:07+00:00\",\"description\":\"\u00bfKorfine es un aval bancario o un seguro? Averigua la diferencia entre un aval bancario y un seguro para inquilinos.\",\"breadcrumb\":{\"@id\":\"https:\/\/garantie.be\/es\/fianza-alquiler-korfine\/seguro-de-cuenta-bloqueada\/#breadcrumb\"},\"inLanguage\":\"es\",\"potentialAction\":[{\"@type\":\"ReadAction\",\"target\":[\"https:\/\/garantie.be\/es\/fianza-alquiler-korfine\/seguro-de-cuenta-bloqueada\/\"]}]},{\"@type\":\"BreadcrumbList\",\"@id\":\"https:\/\/garantie.be\/es\/fianza-alquiler-korfine\/seguro-de-cuenta-bloqueada\/#breadcrumb\",\"itemListElement\":[{\"@type\":\"ListItem\",\"position\":1,\"name\":\"Accueil\",\"item\":\"https:\/\/garantie.be\/es\/\"},{\"@type\":\"ListItem\",\"position\":2,\"name\":\"Fianza de alquiler korfine\",\"item\":\"https:\/\/garantie.be\/es\/fianza-alquiler-korfine\/\"},{\"@type\":\"ListItem\",\"position\":3,\"name\":\"\u00bfLa fianza de alquiler de Korfine es una cuenta bancaria bloqueada?\"}]},{\"@type\":\"WebSite\",\"@id\":\"https:\/\/garantie.be\/es\/#website\",\"url\":\"https:\/\/garantie.be\/es\/\",\"name\":\"Garantie\",\"description\":\"\",\"publisher\":{\"@id\":\"https:\/\/garantie.be\/es\/#organization\"},\"potentialAction\":[{\"@type\":\"SearchAction\",\"target\":{\"@type\":\"EntryPoint\",\"urlTemplate\":\"https:\/\/garantie.be\/es\/?s={search_term_string}\"},\"query-input\":{\"@type\":\"PropertyValueSpecification\",\"valueRequired\":true,\"valueName\":\"search_term_string\"}}],\"inLanguage\":\"es\"},{\"@type\":\"Organization\",\"@id\":\"https:\/\/garantie.be\/es\/#organization\",\"name\":\"Garantie.be\",\"url\":\"https:\/\/garantie.be\/es\/\",\"logo\":{\"@type\":\"ImageObject\",\"inLanguage\":\"es\",\"@id\":\"https:\/\/garantie.be\/es\/#\/schema\/logo\/image\/\",\"url\":\"\",\"contentUrl\":\"\",\"caption\":\"Garantie.be\"},\"image\":{\"@id\":\"https:\/\/garantie.be\/es\/#\/schema\/logo\/image\/\"}}]}<\/script>\n<!-- \/ Yoast SEO plugin. -->","yoast_head_json":{"title":"\u00bfLa fianza de alquiler de Korfine es una cuenta bancaria bloqueada?","description":"\u00bfKorfine es un aval bancario o un seguro? Averigua la diferencia entre un aval bancario y un seguro para inquilinos.","robots":{"index":"index","follow":"follow","max-snippet":"max-snippet:-1","max-image-preview":"max-image-preview:large","max-video-preview":"max-video-preview:-1"},"canonical":"https:\/\/garantie.be\/es\/fianza-alquiler-korfine\/seguro-de-cuenta-bloqueada\/","og_locale":"es_ES","og_type":"article","og_title":"\u00bfLa fianza de alquiler de Korfine es una cuenta bancaria bloqueada?","og_description":"\u00bfKorfine es un aval bancario o un seguro? Averigua la diferencia entre un aval bancario y un seguro para inquilinos.","og_url":"https:\/\/garantie.be\/es\/fianza-alquiler-korfine\/seguro-de-cuenta-bloqueada\/","og_site_name":"Garantie","article_modified_time":"2025-12-18T11:40:07+00:00","twitter_card":"summary_large_image","twitter_misc":{"Tiempo de lectura":"4 minutos"},"schema":{"@context":"https:\/\/schema.org","@graph":[{"@type":"WebPage","@id":"https:\/\/garantie.be\/es\/fianza-alquiler-korfine\/seguro-de-cuenta-bloqueada\/","url":"https:\/\/garantie.be\/es\/fianza-alquiler-korfine\/seguro-de-cuenta-bloqueada\/","name":"\u00bfLa fianza de alquiler de Korfine es una cuenta bancaria bloqueada?","isPartOf":{"@id":"https:\/\/garantie.be\/es\/#website"},"datePublished":"2025-12-15T16:19:30+00:00","dateModified":"2025-12-18T11:40:07+00:00","description":"\u00bfKorfine es un aval bancario o un seguro? Averigua la diferencia entre un aval bancario y un seguro para inquilinos.","breadcrumb":{"@id":"https:\/\/garantie.be\/es\/fianza-alquiler-korfine\/seguro-de-cuenta-bloqueada\/#breadcrumb"},"inLanguage":"es","potentialAction":[{"@type":"ReadAction","target":["https:\/\/garantie.be\/es\/fianza-alquiler-korfine\/seguro-de-cuenta-bloqueada\/"]}]},{"@type":"BreadcrumbList","@id":"https:\/\/garantie.be\/es\/fianza-alquiler-korfine\/seguro-de-cuenta-bloqueada\/#breadcrumb","itemListElement":[{"@type":"ListItem","position":1,"name":"Accueil","item":"https:\/\/garantie.be\/es\/"},{"@type":"ListItem","position":2,"name":"Fianza de alquiler korfine","item":"https:\/\/garantie.be\/es\/fianza-alquiler-korfine\/"},{"@type":"ListItem","position":3,"name":"\u00bfLa fianza de alquiler de Korfine es una cuenta bancaria bloqueada?"}]},{"@type":"WebSite","@id":"https:\/\/garantie.be\/es\/#website","url":"https:\/\/garantie.be\/es\/","name":"Garantie","description":"","publisher":{"@id":"https:\/\/garantie.be\/es\/#organization"},"potentialAction":[{"@type":"SearchAction","target":{"@type":"EntryPoint","urlTemplate":"https:\/\/garantie.be\/es\/?s={search_term_string}"},"query-input":{"@type":"PropertyValueSpecification","valueRequired":true,"valueName":"search_term_string"}}],"inLanguage":"es"},{"@type":"Organization","@id":"https:\/\/garantie.be\/es\/#organization","name":"Garantie.be","url":"https:\/\/garantie.be\/es\/","logo":{"@type":"ImageObject","inLanguage":"es","@id":"https:\/\/garantie.be\/es\/#\/schema\/logo\/image\/","url":"","contentUrl":"","caption":"Garantie.be"},"image":{"@id":"https:\/\/garantie.be\/es\/#\/schema\/logo\/image\/"}}]}},"_links":{"self":[{"href":"https:\/\/garantie.be\/es\/wp-json\/wp\/v2\/pages\/20426","targetHints":{"allow":["GET"]}}],"collection":[{"href":"https:\/\/garantie.be\/es\/wp-json\/wp\/v2\/pages"}],"about":[{"href":"https:\/\/garantie.be\/es\/wp-json\/wp\/v2\/types\/page"}],"author":[{"embeddable":true,"href":"https:\/\/garantie.be\/es\/wp-json\/wp\/v2\/users\/1"}],"replies":[{"embeddable":true,"href":"https:\/\/garantie.be\/es\/wp-json\/wp\/v2\/comments?post=20426"}],"version-history":[{"count":0,"href":"https:\/\/garantie.be\/es\/wp-json\/wp\/v2\/pages\/20426\/revisions"}],"up":[{"embeddable":true,"href":"https:\/\/garantie.be\/es\/wp-json\/wp\/v2\/pages\/17577"}],"wp:attachment":[{"href":"https:\/\/garantie.be\/es\/wp-json\/wp\/v2\/media?parent=20426"}],"curies":[{"name":"wp","href":"https:\/\/api.w.org\/{rel}","templated":true}]}}