{"id":20527,"date":"2025-12-18T16:20:31","date_gmt":"2025-12-18T15:20:31","guid":{"rendered":"https:\/\/garantie.be\/archivos\/arthur-schuyts\/"},"modified":"2025-12-19T10:48:48","modified_gmt":"2025-12-19T09:48:48","slug":"arthur-schuyts","status":"publish","type":"page","link":"https:\/\/garantie.be\/es\/archivos\/arthur-schuyts\/","title":{"rendered":"Arthur Schuyts &#8211; B\u00e9lgica"},"content":{"rendered":"\t\t<div data-elementor-type=\"wp-page\" data-elementor-id=\"20527\" class=\"elementor elementor-20527 elementor-20479\" data-elementor-post-type=\"page\">\n\t\t\t\t\t\t<section class=\"elementor-section elementor-top-section elementor-element elementor-element-6141954f elementor-section-boxed elementor-section-height-default elementor-section-height-default\" data-id=\"6141954f\" data-element_type=\"section\" data-e-type=\"section\">\n\t\t\t\t\t\t<div class=\"elementor-container elementor-column-gap-default\">\n\t\t\t\t\t<div class=\"elementor-column elementor-col-100 elementor-top-column elementor-element elementor-element-4244d54b\" data-id=\"4244d54b\" data-element_type=\"column\" data-e-type=\"column\">\n\t\t\t<div class=\"elementor-widget-wrap elementor-element-populated\">\n\t\t\t\t\t\t<div class=\"elementor-element elementor-element-7d8c4843 elementor-widget elementor-widget-spacer\" data-id=\"7d8c4843\" data-element_type=\"widget\" data-e-type=\"widget\" data-widget_type=\"spacer.default\">\n\t\t\t\t<div class=\"elementor-widget-container\">\n\t\t\t\t\t\t\t<div class=\"elementor-spacer\">\n\t\t\t<div class=\"elementor-spacer-inner\"><\/div>\n\t\t<\/div>\n\t\t\t\t\t\t<\/div>\n\t\t\t\t<\/div>\n\t\t\t\t\t<\/div>\n\t\t<\/div>\n\t\t\t\t\t<\/div>\n\t\t<\/section>\n\t\t\t\t<section class=\"elementor-section elementor-top-section elementor-element elementor-element-5a8ca5fa elementor-section-boxed elementor-section-height-default elementor-section-height-default\" data-id=\"5a8ca5fa\" data-element_type=\"section\" data-e-type=\"section\">\n\t\t\t\t\t\t<div class=\"elementor-container elementor-column-gap-default\">\n\t\t\t\t\t<div class=\"elementor-column elementor-col-100 elementor-top-column elementor-element elementor-element-434c3cd4\" data-id=\"434c3cd4\" data-element_type=\"column\" data-e-type=\"column\">\n\t\t\t<div class=\"elementor-widget-wrap elementor-element-populated\">\n\t\t\t\t\t\t<div class=\"elementor-element elementor-element-b28542 elementor-widget elementor-widget-heading\" data-id=\"b28542\" data-element_type=\"widget\" data-e-type=\"widget\" data-widget_type=\"heading.default\">\n\t\t\t\t<div class=\"elementor-widget-container\">\n\t\t\t\t\t<h1 class=\"elementor-heading-title elementor-size-default\">Arthur Schuyts<\/h1>\t\t\t\t<\/div>\n\t\t\t\t<\/div>\n\t\t\t\t\t<\/div>\n\t\t<\/div>\n\t\t\t\t\t<\/div>\n\t\t<\/section>\n\t\t\t\t<section class=\"elementor-section elementor-top-section elementor-element elementor-element-5f43100d elementor-section-boxed elementor-section-height-default elementor-section-height-default\" data-id=\"5f43100d\" data-element_type=\"section\" data-e-type=\"section\">\n\t\t\t\t\t\t<div class=\"elementor-container elementor-column-gap-default\">\n\t\t\t\t\t<div class=\"elementor-column elementor-col-100 elementor-top-column elementor-element elementor-element-1424db34\" data-id=\"1424db34\" data-element_type=\"column\" data-e-type=\"column\">\n\t\t\t<div class=\"elementor-widget-wrap elementor-element-populated\">\n\t\t\t\t\t\t<div class=\"elementor-element elementor-element-46ef0a7c elementor-widget elementor-widget-text-editor\" data-id=\"46ef0a7c\" data-element_type=\"widget\" data-e-type=\"widget\" data-widget_type=\"text-editor.default\">\n\t\t\t\t<div class=\"elementor-widget-container\">\n\t\t\t\t\t\t\t\t\t<p><strong data-start=\"268\" data-end=\"435\">En esta p\u00e1gina se informa de que Arthur Schuyts es un antiguo cliente de garantie.be.<\/strong><\/p><p>El Sr. Arthur Schuyts se benefici\u00f3 de nuestro <span style=\"text-decoration: underline;\"><a href=\"https:\/\/garantie.be\/es\/fianza-alquiler-belgica\/\">dep\u00f3sito de alquiler<\/a><\/span>. Como parte de nuestra garant\u00eda a su casero, se nos exigi\u00f3 que cubri\u00e9ramos sus deudas de alquiler. Actualmente se est\u00e1 buscando un acuerdo extrajudicial.<\/p>\t\t\t\t\t\t\t\t<\/div>\n\t\t\t\t<\/div>\n\t\t\t\t\t<\/div>\n\t\t<\/div>\n\t\t\t\t\t<\/div>\n\t\t<\/section>\n\t\t\t\t<section class=\"elementor-section elementor-top-section elementor-element elementor-element-4836f841 elementor-section-boxed elementor-section-height-default elementor-section-height-default\" data-id=\"4836f841\" data-element_type=\"section\" data-e-type=\"section\">\n\t\t\t\t\t\t<div class=\"elementor-container elementor-column-gap-default\">\n\t\t\t\t\t<div class=\"elementor-column elementor-col-100 elementor-top-column elementor-element elementor-element-3ed5b6e7\" data-id=\"3ed5b6e7\" data-element_type=\"column\" data-e-type=\"column\">\n\t\t\t<div class=\"elementor-widget-wrap elementor-element-populated\">\n\t\t\t\t\t\t<div class=\"elementor-element elementor-element-56046c8a elementor-widget elementor-widget-text-editor\" data-id=\"56046c8a\" data-element_type=\"widget\" data-e-type=\"widget\" data-widget_type=\"text-editor.default\">\n\t\t\t\t<div class=\"elementor-widget-container\">\n\t\t\t\t\t\t\t\t\t<p class=\"\" data-start=\"404\" data-end=\"705\">Arthur Schuyts es un antiguo inquilino que contrat\u00f3 una <strong data-start=\"757\" data-end=\"808\">fianza de alquiler a trav\u00e9s de la plataforma garantie.be<\/strong> para asegurarse un contrato de alquiler en B\u00e9lgica. Gracias a nuestro servicio, pudimos actuar como avalistas en su nombre, lo que le permiti\u00f3 mudarse a la vivienda sin tener que pagar la fianza solicitada por el propietario.<\/p>\t\t\t\t\t\t\t\t<\/div>\n\t\t\t\t<\/div>\n\t\t\t\t\t<\/div>\n\t\t<\/div>\n\t\t\t\t\t<\/div>\n\t\t<\/section>\n\t\t\t\t<section class=\"elementor-section elementor-top-section elementor-element elementor-element-4af4b0d8 elementor-section-boxed elementor-section-height-default elementor-section-height-default\" data-id=\"4af4b0d8\" data-element_type=\"section\" data-e-type=\"section\">\n\t\t\t\t\t\t<div class=\"elementor-container elementor-column-gap-default\">\n\t\t\t\t\t<div class=\"elementor-column elementor-col-50 elementor-top-column elementor-element elementor-element-1d16f033\" data-id=\"1d16f033\" data-element_type=\"column\" data-e-type=\"column\">\n\t\t\t<div class=\"elementor-widget-wrap elementor-element-populated\">\n\t\t\t\t\t\t<div class=\"elementor-element elementor-element-2a993516 elementor-widget elementor-widget-image\" data-id=\"2a993516\" data-element_type=\"widget\" data-e-type=\"widget\" data-widget_type=\"image.default\">\n\t\t\t\t<div class=\"elementor-widget-container\">\n\t\t\t\t\t\t\t\t\t\t\t\t\t\t\t<img decoding=\"async\" width=\"94\" height=\"94\" src=\"https:\/\/garantie.be\/wp-content\/uploads\/2021\/04\/IPID-exlcus-assurance.jpg\" class=\"attachment-large size-large wp-image-20548\" alt=\"Seguro IPID exlcus\" \/>\t\t\t\t\t\t\t\t\t\t\t\t\t\t\t<\/div>\n\t\t\t\t<\/div>\n\t\t\t\t\t<\/div>\n\t\t<\/div>\n\t\t\t\t<div class=\"elementor-column elementor-col-50 elementor-top-column elementor-element elementor-element-255a7bda\" data-id=\"255a7bda\" data-element_type=\"column\" data-e-type=\"column\">\n\t\t\t<div class=\"elementor-widget-wrap elementor-element-populated\">\n\t\t\t\t\t\t<div class=\"elementor-element elementor-element-25079b4c elementor-widget elementor-widget-heading\" data-id=\"25079b4c\" data-element_type=\"widget\" data-e-type=\"widget\" data-widget_type=\"heading.default\">\n\t\t\t\t<div class=\"elementor-widget-container\">\n\t\t\t\t\t<h2 class=\"elementor-heading-title elementor-size-default\">Advertencia<\/h2>\t\t\t\t<\/div>\n\t\t\t\t<\/div>\n\t\t\t\t<div class=\"elementor-element elementor-element-4a0c85d9 elementor-widget elementor-widget-text-editor\" data-id=\"4a0c85d9\" data-element_type=\"widget\" data-e-type=\"widget\" data-widget_type=\"text-editor.default\">\n\t\t\t\t<div class=\"elementor-widget-container\">\n\t\t\t\t\t\t\t\t\t<p>Si eres propietario, arrendador o prestador de servicios en el sector inmobiliario, <strong data-start=\"2512\" data-end=\"2608\">te rogamos que act\u00faes con cautela al contratar a Arthur Schuyts<\/strong>.<\/p><p>Esta p\u00e1gina pretende advertir a otras estructuras de la <strong data-start=\"2671\" data-end=\"2701\">mala fe contractual<\/strong> de este cliente, y fomentar una mayor vigilancia en futuras colaboraciones.<\/p>\t\t\t\t\t\t\t\t<\/div>\n\t\t\t\t<\/div>\n\t\t\t\t\t<\/div>\n\t\t<\/div>\n\t\t\t\t\t<\/div>\n\t\t<\/section>\n\t\t\t\t<\/div>\n\t\t","protected":false},"excerpt":{"rendered":"<p>Arthur Schuyts En esta p\u00e1gina se informa de que Arthur Schuyts es un antiguo cliente de garantie.be. El Sr. Arthur Schuyts se benefici\u00f3 de nuestro dep\u00f3sito de alquiler. Como parte de nuestra garant\u00eda a su casero, se nos exigi\u00f3 que cubri\u00e9ramos sus deudas de alquiler. Actualmente se est\u00e1 buscando un acuerdo extrajudicial. Arthur Schuyts es [&hellip;]<\/p>\n","protected":false},"author":1,"featured_media":0,"parent":17881,"menu_order":0,"comment_status":"closed","ping_status":"closed","template":"","meta":{"footnotes":""},"class_list":["post-20527","page","type-page","status-publish","hentry"],"yoast_head":"<!-- This site is optimized with the Yoast SEO plugin v27.3 - https:\/\/yoast.com\/product\/yoast-seo-wordpress\/ -->\n<title>Arthur Schuyts - B\u00e9lgica<\/title>\n<meta name=\"description\" content=\"Arthur Schuyts se ha beneficiado de nuestra garant\u00eda de alquiler. Ponte en contacto con nosotros antes de firmar un contrato de arrendamiento con Arthur Schuyts.\" \/>\n<meta name=\"robots\" content=\"index, follow, max-snippet:-1, max-image-preview:large, max-video-preview:-1\" \/>\n<link rel=\"canonical\" href=\"https:\/\/garantie.be\/es\/archivos\/arthur-schuyts\/\" \/>\n<meta property=\"og:locale\" content=\"es_ES\" \/>\n<meta property=\"og:type\" content=\"article\" \/>\n<meta property=\"og:title\" content=\"Arthur Schuyts - B\u00e9lgica\" \/>\n<meta property=\"og:description\" content=\"Arthur Schuyts se ha beneficiado de nuestra garant\u00eda de alquiler. Ponte en contacto con nosotros antes de firmar un contrato de arrendamiento con Arthur Schuyts.\" \/>\n<meta property=\"og:url\" content=\"https:\/\/garantie.be\/es\/archivos\/arthur-schuyts\/\" \/>\n<meta property=\"og:site_name\" content=\"Garantie\" \/>\n<meta property=\"article:modified_time\" content=\"2025-12-19T09:48:48+00:00\" \/>\n<meta property=\"og:image\" content=\"https:\/\/garantie.be\/wp-content\/uploads\/2021\/04\/IPID-exlcus-assurance.jpg\" \/>\n<meta name=\"twitter:card\" content=\"summary_large_image\" \/>\n<meta name=\"twitter:label1\" content=\"Tiempo de lectura\" \/>\n\t<meta name=\"twitter:data1\" content=\"1 minuto\" \/>\n<script type=\"application\/ld+json\" class=\"yoast-schema-graph\">{\"@context\":\"https:\\\/\\\/schema.org\",\"@graph\":[{\"@type\":\"WebPage\",\"@id\":\"https:\\\/\\\/garantie.be\\\/es\\\/archivos\\\/arthur-schuyts\\\/\",\"url\":\"https:\\\/\\\/garantie.be\\\/es\\\/archivos\\\/arthur-schuyts\\\/\",\"name\":\"Arthur Schuyts - B\u00e9lgica\",\"isPartOf\":{\"@id\":\"https:\\\/\\\/garantie.be\\\/es\\\/#website\"},\"primaryImageOfPage\":{\"@id\":\"https:\\\/\\\/garantie.be\\\/es\\\/archivos\\\/arthur-schuyts\\\/#primaryimage\"},\"image\":{\"@id\":\"https:\\\/\\\/garantie.be\\\/es\\\/archivos\\\/arthur-schuyts\\\/#primaryimage\"},\"thumbnailUrl\":\"https:\\\/\\\/garantie.be\\\/wp-content\\\/uploads\\\/2021\\\/04\\\/IPID-exlcus-assurance.jpg\",\"datePublished\":\"2025-12-18T15:20:31+00:00\",\"dateModified\":\"2025-12-19T09:48:48+00:00\",\"description\":\"Arthur Schuyts se ha beneficiado de nuestra garant\u00eda de alquiler. Ponte en contacto con nosotros antes de firmar un contrato de arrendamiento con Arthur Schuyts.\",\"breadcrumb\":{\"@id\":\"https:\\\/\\\/garantie.be\\\/es\\\/archivos\\\/arthur-schuyts\\\/#breadcrumb\"},\"inLanguage\":\"es\",\"potentialAction\":[{\"@type\":\"ReadAction\",\"target\":[\"https:\\\/\\\/garantie.be\\\/es\\\/archivos\\\/arthur-schuyts\\\/\"]}]},{\"@type\":\"ImageObject\",\"inLanguage\":\"es\",\"@id\":\"https:\\\/\\\/garantie.be\\\/es\\\/archivos\\\/arthur-schuyts\\\/#primaryimage\",\"url\":\"https:\\\/\\\/garantie.be\\\/wp-content\\\/uploads\\\/2021\\\/04\\\/IPID-exlcus-assurance.jpg\",\"contentUrl\":\"https:\\\/\\\/garantie.be\\\/wp-content\\\/uploads\\\/2021\\\/04\\\/IPID-exlcus-assurance.jpg\"},{\"@type\":\"BreadcrumbList\",\"@id\":\"https:\\\/\\\/garantie.be\\\/es\\\/archivos\\\/arthur-schuyts\\\/#breadcrumb\",\"itemListElement\":[{\"@type\":\"ListItem\",\"position\":1,\"name\":\"Accueil\",\"item\":\"https:\\\/\\\/garantie.be\\\/es\\\/\"},{\"@type\":\"ListItem\",\"position\":2,\"name\":\"Expedientes de clientes en espera\",\"item\":\"https:\\\/\\\/garantie.be\\\/es\\\/archivos\\\/\"},{\"@type\":\"ListItem\",\"position\":3,\"name\":\"Arthur Schuyts &#8211; B\u00e9lgica\"}]},{\"@type\":\"WebSite\",\"@id\":\"https:\\\/\\\/garantie.be\\\/es\\\/#website\",\"url\":\"https:\\\/\\\/garantie.be\\\/es\\\/\",\"name\":\"Garantie\",\"description\":\"\",\"publisher\":{\"@id\":\"https:\\\/\\\/garantie.be\\\/es\\\/#organization\"},\"potentialAction\":[{\"@type\":\"SearchAction\",\"target\":{\"@type\":\"EntryPoint\",\"urlTemplate\":\"https:\\\/\\\/garantie.be\\\/es\\\/?s={search_term_string}\"},\"query-input\":{\"@type\":\"PropertyValueSpecification\",\"valueRequired\":true,\"valueName\":\"search_term_string\"}}],\"inLanguage\":\"es\"},{\"@type\":\"Organization\",\"@id\":\"https:\\\/\\\/garantie.be\\\/es\\\/#organization\",\"name\":\"Garantie.be\",\"url\":\"https:\\\/\\\/garantie.be\\\/es\\\/\",\"logo\":{\"@type\":\"ImageObject\",\"inLanguage\":\"es\",\"@id\":\"https:\\\/\\\/garantie.be\\\/es\\\/#\\\/schema\\\/logo\\\/image\\\/\",\"url\":\"\",\"contentUrl\":\"\",\"caption\":\"Garantie.be\"},\"image\":{\"@id\":\"https:\\\/\\\/garantie.be\\\/es\\\/#\\\/schema\\\/logo\\\/image\\\/\"}}]}<\/script>\n<!-- \/ Yoast SEO plugin. -->","yoast_head_json":{"title":"Arthur Schuyts - B\u00e9lgica","description":"Arthur Schuyts se ha beneficiado de nuestra garant\u00eda de alquiler. Ponte en contacto con nosotros antes de firmar un contrato de arrendamiento con Arthur Schuyts.","robots":{"index":"index","follow":"follow","max-snippet":"max-snippet:-1","max-image-preview":"max-image-preview:large","max-video-preview":"max-video-preview:-1"},"canonical":"https:\/\/garantie.be\/es\/archivos\/arthur-schuyts\/","og_locale":"es_ES","og_type":"article","og_title":"Arthur Schuyts - B\u00e9lgica","og_description":"Arthur Schuyts se ha beneficiado de nuestra garant\u00eda de alquiler. Ponte en contacto con nosotros antes de firmar un contrato de arrendamiento con Arthur Schuyts.","og_url":"https:\/\/garantie.be\/es\/archivos\/arthur-schuyts\/","og_site_name":"Garantie","article_modified_time":"2025-12-19T09:48:48+00:00","og_image":[{"url":"https:\/\/garantie.be\/wp-content\/uploads\/2021\/04\/IPID-exlcus-assurance.jpg","type":"","width":"","height":""}],"twitter_card":"summary_large_image","twitter_misc":{"Tiempo de lectura":"1 minuto"},"schema":{"@context":"https:\/\/schema.org","@graph":[{"@type":"WebPage","@id":"https:\/\/garantie.be\/es\/archivos\/arthur-schuyts\/","url":"https:\/\/garantie.be\/es\/archivos\/arthur-schuyts\/","name":"Arthur Schuyts - B\u00e9lgica","isPartOf":{"@id":"https:\/\/garantie.be\/es\/#website"},"primaryImageOfPage":{"@id":"https:\/\/garantie.be\/es\/archivos\/arthur-schuyts\/#primaryimage"},"image":{"@id":"https:\/\/garantie.be\/es\/archivos\/arthur-schuyts\/#primaryimage"},"thumbnailUrl":"https:\/\/garantie.be\/wp-content\/uploads\/2021\/04\/IPID-exlcus-assurance.jpg","datePublished":"2025-12-18T15:20:31+00:00","dateModified":"2025-12-19T09:48:48+00:00","description":"Arthur Schuyts se ha beneficiado de nuestra garant\u00eda de alquiler. Ponte en contacto con nosotros antes de firmar un contrato de arrendamiento con Arthur Schuyts.","breadcrumb":{"@id":"https:\/\/garantie.be\/es\/archivos\/arthur-schuyts\/#breadcrumb"},"inLanguage":"es","potentialAction":[{"@type":"ReadAction","target":["https:\/\/garantie.be\/es\/archivos\/arthur-schuyts\/"]}]},{"@type":"ImageObject","inLanguage":"es","@id":"https:\/\/garantie.be\/es\/archivos\/arthur-schuyts\/#primaryimage","url":"https:\/\/garantie.be\/wp-content\/uploads\/2021\/04\/IPID-exlcus-assurance.jpg","contentUrl":"https:\/\/garantie.be\/wp-content\/uploads\/2021\/04\/IPID-exlcus-assurance.jpg"},{"@type":"BreadcrumbList","@id":"https:\/\/garantie.be\/es\/archivos\/arthur-schuyts\/#breadcrumb","itemListElement":[{"@type":"ListItem","position":1,"name":"Accueil","item":"https:\/\/garantie.be\/es\/"},{"@type":"ListItem","position":2,"name":"Expedientes de clientes en espera","item":"https:\/\/garantie.be\/es\/archivos\/"},{"@type":"ListItem","position":3,"name":"Arthur Schuyts &#8211; B\u00e9lgica"}]},{"@type":"WebSite","@id":"https:\/\/garantie.be\/es\/#website","url":"https:\/\/garantie.be\/es\/","name":"Garantie","description":"","publisher":{"@id":"https:\/\/garantie.be\/es\/#organization"},"potentialAction":[{"@type":"SearchAction","target":{"@type":"EntryPoint","urlTemplate":"https:\/\/garantie.be\/es\/?s={search_term_string}"},"query-input":{"@type":"PropertyValueSpecification","valueRequired":true,"valueName":"search_term_string"}}],"inLanguage":"es"},{"@type":"Organization","@id":"https:\/\/garantie.be\/es\/#organization","name":"Garantie.be","url":"https:\/\/garantie.be\/es\/","logo":{"@type":"ImageObject","inLanguage":"es","@id":"https:\/\/garantie.be\/es\/#\/schema\/logo\/image\/","url":"","contentUrl":"","caption":"Garantie.be"},"image":{"@id":"https:\/\/garantie.be\/es\/#\/schema\/logo\/image\/"}}]}},"_links":{"self":[{"href":"https:\/\/garantie.be\/es\/wp-json\/wp\/v2\/pages\/20527","targetHints":{"allow":["GET"]}}],"collection":[{"href":"https:\/\/garantie.be\/es\/wp-json\/wp\/v2\/pages"}],"about":[{"href":"https:\/\/garantie.be\/es\/wp-json\/wp\/v2\/types\/page"}],"author":[{"embeddable":true,"href":"https:\/\/garantie.be\/es\/wp-json\/wp\/v2\/users\/1"}],"replies":[{"embeddable":true,"href":"https:\/\/garantie.be\/es\/wp-json\/wp\/v2\/comments?post=20527"}],"version-history":[{"count":0,"href":"https:\/\/garantie.be\/es\/wp-json\/wp\/v2\/pages\/20527\/revisions"}],"up":[{"embeddable":true,"href":"https:\/\/garantie.be\/es\/wp-json\/wp\/v2\/pages\/17881"}],"wp:attachment":[{"href":"https:\/\/garantie.be\/es\/wp-json\/wp\/v2\/media?parent=20527"}],"curies":[{"name":"wp","href":"https:\/\/api.w.org\/{rel}","templated":true}]}}