{"id":20683,"date":"2026-01-07T09:15:42","date_gmt":"2026-01-07T08:15:42","guid":{"rendered":"https:\/\/garantie.be\/archivos\/ted-eriksson-belgica\/"},"modified":"2026-01-07T09:15:42","modified_gmt":"2026-01-07T08:15:42","slug":"ted-eriksson-belgica","status":"publish","type":"page","link":"https:\/\/garantie.be\/es\/archivos\/ted-eriksson-belgica\/","title":{"rendered":"Ted Eriksson &#8211; Bruselas"},"content":{"rendered":"\t\t<div data-elementor-type=\"wp-page\" data-elementor-id=\"20683\" class=\"elementor elementor-20683 elementor-20665\" data-elementor-post-type=\"page\">\n\t\t\t\t\t\t<section class=\"elementor-section elementor-top-section elementor-element elementor-element-6adebb73 elementor-section-boxed elementor-section-height-default elementor-section-height-default\" data-id=\"6adebb73\" data-element_type=\"section\" data-e-type=\"section\">\n\t\t\t\t\t\t<div class=\"elementor-container elementor-column-gap-default\">\n\t\t\t\t\t<div class=\"elementor-column elementor-col-100 elementor-top-column elementor-element elementor-element-7f386202\" data-id=\"7f386202\" data-element_type=\"column\" data-e-type=\"column\">\n\t\t\t<div class=\"elementor-widget-wrap elementor-element-populated\">\n\t\t\t\t\t\t<div class=\"elementor-element elementor-element-7eaa62e5 elementor-widget elementor-widget-spacer\" data-id=\"7eaa62e5\" data-element_type=\"widget\" data-e-type=\"widget\" data-widget_type=\"spacer.default\">\n\t\t\t\t<div class=\"elementor-widget-container\">\n\t\t\t\t\t\t\t<div class=\"elementor-spacer\">\n\t\t\t<div class=\"elementor-spacer-inner\"><\/div>\n\t\t<\/div>\n\t\t\t\t\t\t<\/div>\n\t\t\t\t<\/div>\n\t\t\t\t\t<\/div>\n\t\t<\/div>\n\t\t\t\t\t<\/div>\n\t\t<\/section>\n\t\t\t\t<section class=\"elementor-section elementor-top-section elementor-element elementor-element-6bc4d77d elementor-section-boxed elementor-section-height-default elementor-section-height-default\" data-id=\"6bc4d77d\" data-element_type=\"section\" data-e-type=\"section\">\n\t\t\t\t\t\t<div class=\"elementor-container elementor-column-gap-default\">\n\t\t\t\t\t<div class=\"elementor-column elementor-col-100 elementor-top-column elementor-element elementor-element-78600273\" data-id=\"78600273\" data-element_type=\"column\" data-e-type=\"column\">\n\t\t\t<div class=\"elementor-widget-wrap elementor-element-populated\">\n\t\t\t\t\t\t<div class=\"elementor-element elementor-element-331a6505 elementor-widget elementor-widget-heading\" data-id=\"331a6505\" data-element_type=\"widget\" data-e-type=\"widget\" data-widget_type=\"heading.default\">\n\t\t\t\t<div class=\"elementor-widget-container\">\n\t\t\t\t\t<h1 class=\"elementor-heading-title elementor-size-default\">Ted Eriksson<\/h1>\t\t\t\t<\/div>\n\t\t\t\t<\/div>\n\t\t\t\t\t<\/div>\n\t\t<\/div>\n\t\t\t\t\t<\/div>\n\t\t<\/section>\n\t\t\t\t<section class=\"elementor-section elementor-top-section elementor-element elementor-element-2d6ddd0d elementor-section-boxed elementor-section-height-default elementor-section-height-default\" data-id=\"2d6ddd0d\" data-element_type=\"section\" data-e-type=\"section\">\n\t\t\t\t\t\t<div class=\"elementor-container elementor-column-gap-default\">\n\t\t\t\t\t<div class=\"elementor-column elementor-col-100 elementor-top-column elementor-element elementor-element-6f534d0\" data-id=\"6f534d0\" data-element_type=\"column\" data-e-type=\"column\">\n\t\t\t<div class=\"elementor-widget-wrap elementor-element-populated\">\n\t\t\t\t\t\t<div class=\"elementor-element elementor-element-7049a831 elementor-widget elementor-widget-text-editor\" data-id=\"7049a831\" data-element_type=\"widget\" data-e-type=\"widget\" data-widget_type=\"text-editor.default\">\n\t\t\t\t<div class=\"elementor-widget-container\">\n\t\t\t\t\t\t\t\t\t<p><strong data-start=\"268\" data-end=\"435\">Ted Eriksson es un antiguo cliente de garantie.be.<\/strong><\/p><p>El Sr. Ted Eriksson se benefici\u00f3 de nuestro <span style=\"text-decoration: underline;\"><a href=\"https:\/\/garantie.be\/es\/fianza-alquiler-belgica\/\">dep\u00f3sito de alquiler<\/a><\/span>. Como parte de nuestra garant\u00eda a su casero, se nos exigi\u00f3 que cubri\u00e9ramos sus deudas de alquiler. Actualmente se est\u00e1 buscando un acuerdo extrajudicial.<\/p>\t\t\t\t\t\t\t\t<\/div>\n\t\t\t\t<\/div>\n\t\t\t\t\t<\/div>\n\t\t<\/div>\n\t\t\t\t\t<\/div>\n\t\t<\/section>\n\t\t\t\t<section class=\"elementor-section elementor-top-section elementor-element elementor-element-1b9cde95 elementor-section-boxed elementor-section-height-default elementor-section-height-default\" data-id=\"1b9cde95\" data-element_type=\"section\" data-e-type=\"section\">\n\t\t\t\t\t\t<div class=\"elementor-container elementor-column-gap-default\">\n\t\t\t\t\t<div class=\"elementor-column elementor-col-100 elementor-top-column elementor-element elementor-element-626631a1\" data-id=\"626631a1\" data-element_type=\"column\" data-e-type=\"column\">\n\t\t\t<div class=\"elementor-widget-wrap elementor-element-populated\">\n\t\t\t\t\t\t<div class=\"elementor-element elementor-element-61a595b8 elementor-widget elementor-widget-text-editor\" data-id=\"61a595b8\" data-element_type=\"widget\" data-e-type=\"widget\" data-widget_type=\"text-editor.default\">\n\t\t\t\t<div class=\"elementor-widget-container\">\n\t\t\t\t\t\t\t\t\t<p class=\"\" data-start=\"404\" data-end=\"705\">Ted Eriksson es un antiguo inquilino que contrat\u00f3 una <strong data-start=\"757\" data-end=\"808\">fianza de alquiler a trav\u00e9s de la plataforma garantie.be<\/strong> para asegurarse un contrato de alquiler en B\u00e9lgica. Gracias a nuestro servicio, pudimos actuar como avalistas en su nombre, lo que le permiti\u00f3 mudarse a la vivienda sin tener que pagar la fianza solicitada por el propietario.<\/p><p data-start=\"404\" data-end=\"705\">Ted Eriksson parece trabajar en las instituciones europeas seg\u00fan <a href=\"https:\/\/www.linkedin.com\/in\/ted-eriksson-3ba025a\/\" target=\"_blank\" rel=\"noopener\">su perfil de Linkedin<\/a>.  <\/p>\t\t\t\t\t\t\t\t<\/div>\n\t\t\t\t<\/div>\n\t\t\t\t\t<\/div>\n\t\t<\/div>\n\t\t\t\t\t<\/div>\n\t\t<\/section>\n\t\t\t\t<section class=\"elementor-section elementor-top-section elementor-element elementor-element-3e5c9832 elementor-section-boxed elementor-section-height-default elementor-section-height-default\" data-id=\"3e5c9832\" data-element_type=\"section\" data-e-type=\"section\">\n\t\t\t\t\t\t<div class=\"elementor-container elementor-column-gap-default\">\n\t\t\t\t\t<div class=\"elementor-column elementor-col-50 elementor-top-column elementor-element elementor-element-645ad155\" data-id=\"645ad155\" data-element_type=\"column\" data-e-type=\"column\">\n\t\t\t<div class=\"elementor-widget-wrap elementor-element-populated\">\n\t\t\t\t\t\t<div class=\"elementor-element elementor-element-44cce6eb elementor-widget elementor-widget-image\" data-id=\"44cce6eb\" data-element_type=\"widget\" data-e-type=\"widget\" data-widget_type=\"image.default\">\n\t\t\t\t<div class=\"elementor-widget-container\">\n\t\t\t\t\t\t\t\t\t\t\t\t\t\t\t<img decoding=\"async\" width=\"94\" height=\"94\" src=\"https:\/\/garantie.be\/wp-content\/uploads\/2021\/04\/IPID-exlcus-assurance.jpg\" class=\"attachment-large size-large wp-image-20548\" alt=\"Seguro IPID exlcus\" \/>\t\t\t\t\t\t\t\t\t\t\t\t\t\t\t<\/div>\n\t\t\t\t<\/div>\n\t\t\t\t\t<\/div>\n\t\t<\/div>\n\t\t\t\t<div class=\"elementor-column elementor-col-50 elementor-top-column elementor-element elementor-element-6e6a7e40\" data-id=\"6e6a7e40\" data-element_type=\"column\" data-e-type=\"column\">\n\t\t\t<div class=\"elementor-widget-wrap elementor-element-populated\">\n\t\t\t\t\t\t<div class=\"elementor-element elementor-element-664e30f0 elementor-widget elementor-widget-heading\" data-id=\"664e30f0\" data-element_type=\"widget\" data-e-type=\"widget\" data-widget_type=\"heading.default\">\n\t\t\t\t<div class=\"elementor-widget-container\">\n\t\t\t\t\t<h2 class=\"elementor-heading-title elementor-size-default\">Advertencia a otros proveedores de servicios<\/h2>\t\t\t\t<\/div>\n\t\t\t\t<\/div>\n\t\t\t\t<div class=\"elementor-element elementor-element-2dd6d67 elementor-widget elementor-widget-text-editor\" data-id=\"2dd6d67\" data-element_type=\"widget\" data-e-type=\"widget\" data-widget_type=\"text-editor.default\">\n\t\t\t\t<div class=\"elementor-widget-container\">\n\t\t\t\t\t\t\t\t\t<p>Si eres propietario, arrendador o proveedor de servicios inmobiliarios, <strong data-start=\"2512\" data-end=\"2608\">te instamos a que act\u00faes con cautela al contratar a Ted Eriksson<\/strong>.<\/p><p>Esta p\u00e1gina pretende advertir a otras estructuras de la <strong data-start=\"2671\" data-end=\"2701\">mala fe contractual<\/strong> de este cliente, y fomentar una mayor vigilancia en futuras colaboraciones.<\/p>\t\t\t\t\t\t\t\t<\/div>\n\t\t\t\t<\/div>\n\t\t\t\t\t<\/div>\n\t\t<\/div>\n\t\t\t\t\t<\/div>\n\t\t<\/section>\n\t\t\t\t<\/div>\n\t\t","protected":false},"excerpt":{"rendered":"<p>Ted Eriksson Ted Eriksson es un antiguo cliente de garantie.be. El Sr. Ted Eriksson se benefici\u00f3 de nuestro dep\u00f3sito de alquiler. Como parte de nuestra garant\u00eda a su casero, se nos exigi\u00f3 que cubri\u00e9ramos sus deudas de alquiler. Actualmente se est\u00e1 buscando un acuerdo extrajudicial. Ted Eriksson es un antiguo inquilino que contrat\u00f3 una fianza [&hellip;]<\/p>\n","protected":false},"author":1,"featured_media":0,"parent":17881,"menu_order":0,"comment_status":"closed","ping_status":"closed","template":"","meta":{"footnotes":""},"class_list":["post-20683","page","type-page","status-publish","hentry"],"yoast_head":"<!-- This site is optimized with the Yoast SEO plugin v27.3 - https:\/\/yoast.com\/product\/yoast-seo-wordpress\/ -->\n<title>Ted Eriksson - Bruselas<\/title>\n<meta name=\"description\" content=\"Ted Eriksson se ha beneficiado de nuestra garant\u00eda de alquiler. Ponte en contacto con nosotros antes de firmar un contrato de arrendamiento con Ted Eriksson.\" \/>\n<meta name=\"robots\" content=\"index, follow, max-snippet:-1, max-image-preview:large, max-video-preview:-1\" \/>\n<link rel=\"canonical\" href=\"https:\/\/garantie.be\/es\/archivos\/ted-eriksson-belgica\/\" \/>\n<meta property=\"og:locale\" content=\"es_ES\" \/>\n<meta property=\"og:type\" content=\"article\" \/>\n<meta property=\"og:title\" content=\"Ted Eriksson - Bruselas\" \/>\n<meta property=\"og:description\" content=\"Ted Eriksson se ha beneficiado de nuestra garant\u00eda de alquiler. Ponte en contacto con nosotros antes de firmar un contrato de arrendamiento con Ted Eriksson.\" \/>\n<meta property=\"og:url\" content=\"https:\/\/garantie.be\/es\/archivos\/ted-eriksson-belgica\/\" \/>\n<meta property=\"og:site_name\" content=\"Garantie\" \/>\n<meta property=\"og:image\" content=\"https:\/\/garantie.be\/wp-content\/uploads\/2021\/04\/IPID-exlcus-assurance.jpg\" \/>\n<meta name=\"twitter:card\" content=\"summary_large_image\" \/>\n<meta name=\"twitter:label1\" content=\"Tiempo de lectura\" \/>\n\t<meta name=\"twitter:data1\" content=\"1 minuto\" \/>\n<script type=\"application\/ld+json\" class=\"yoast-schema-graph\">{\"@context\":\"https:\\\/\\\/schema.org\",\"@graph\":[{\"@type\":\"WebPage\",\"@id\":\"https:\\\/\\\/garantie.be\\\/es\\\/archivos\\\/ted-eriksson-belgica\\\/\",\"url\":\"https:\\\/\\\/garantie.be\\\/es\\\/archivos\\\/ted-eriksson-belgica\\\/\",\"name\":\"Ted Eriksson - Bruselas\",\"isPartOf\":{\"@id\":\"https:\\\/\\\/garantie.be\\\/es\\\/#website\"},\"primaryImageOfPage\":{\"@id\":\"https:\\\/\\\/garantie.be\\\/es\\\/archivos\\\/ted-eriksson-belgica\\\/#primaryimage\"},\"image\":{\"@id\":\"https:\\\/\\\/garantie.be\\\/es\\\/archivos\\\/ted-eriksson-belgica\\\/#primaryimage\"},\"thumbnailUrl\":\"https:\\\/\\\/garantie.be\\\/wp-content\\\/uploads\\\/2021\\\/04\\\/IPID-exlcus-assurance.jpg\",\"datePublished\":\"2026-01-07T08:15:42+00:00\",\"description\":\"Ted Eriksson se ha beneficiado de nuestra garant\u00eda de alquiler. Ponte en contacto con nosotros antes de firmar un contrato de arrendamiento con Ted Eriksson.\",\"breadcrumb\":{\"@id\":\"https:\\\/\\\/garantie.be\\\/es\\\/archivos\\\/ted-eriksson-belgica\\\/#breadcrumb\"},\"inLanguage\":\"es\",\"potentialAction\":[{\"@type\":\"ReadAction\",\"target\":[\"https:\\\/\\\/garantie.be\\\/es\\\/archivos\\\/ted-eriksson-belgica\\\/\"]}]},{\"@type\":\"ImageObject\",\"inLanguage\":\"es\",\"@id\":\"https:\\\/\\\/garantie.be\\\/es\\\/archivos\\\/ted-eriksson-belgica\\\/#primaryimage\",\"url\":\"https:\\\/\\\/garantie.be\\\/wp-content\\\/uploads\\\/2021\\\/04\\\/IPID-exlcus-assurance.jpg\",\"contentUrl\":\"https:\\\/\\\/garantie.be\\\/wp-content\\\/uploads\\\/2021\\\/04\\\/IPID-exlcus-assurance.jpg\"},{\"@type\":\"BreadcrumbList\",\"@id\":\"https:\\\/\\\/garantie.be\\\/es\\\/archivos\\\/ted-eriksson-belgica\\\/#breadcrumb\",\"itemListElement\":[{\"@type\":\"ListItem\",\"position\":1,\"name\":\"Accueil\",\"item\":\"https:\\\/\\\/garantie.be\\\/es\\\/\"},{\"@type\":\"ListItem\",\"position\":2,\"name\":\"Expedientes de clientes en espera\",\"item\":\"https:\\\/\\\/garantie.be\\\/es\\\/archivos\\\/\"},{\"@type\":\"ListItem\",\"position\":3,\"name\":\"Ted Eriksson &#8211; Bruselas\"}]},{\"@type\":\"WebSite\",\"@id\":\"https:\\\/\\\/garantie.be\\\/es\\\/#website\",\"url\":\"https:\\\/\\\/garantie.be\\\/es\\\/\",\"name\":\"Garantie\",\"description\":\"\",\"publisher\":{\"@id\":\"https:\\\/\\\/garantie.be\\\/es\\\/#organization\"},\"potentialAction\":[{\"@type\":\"SearchAction\",\"target\":{\"@type\":\"EntryPoint\",\"urlTemplate\":\"https:\\\/\\\/garantie.be\\\/es\\\/?s={search_term_string}\"},\"query-input\":{\"@type\":\"PropertyValueSpecification\",\"valueRequired\":true,\"valueName\":\"search_term_string\"}}],\"inLanguage\":\"es\"},{\"@type\":\"Organization\",\"@id\":\"https:\\\/\\\/garantie.be\\\/es\\\/#organization\",\"name\":\"Garantie.be\",\"url\":\"https:\\\/\\\/garantie.be\\\/es\\\/\",\"logo\":{\"@type\":\"ImageObject\",\"inLanguage\":\"es\",\"@id\":\"https:\\\/\\\/garantie.be\\\/es\\\/#\\\/schema\\\/logo\\\/image\\\/\",\"url\":\"\",\"contentUrl\":\"\",\"caption\":\"Garantie.be\"},\"image\":{\"@id\":\"https:\\\/\\\/garantie.be\\\/es\\\/#\\\/schema\\\/logo\\\/image\\\/\"}}]}<\/script>\n<!-- \/ Yoast SEO plugin. -->","yoast_head_json":{"title":"Ted Eriksson - Bruselas","description":"Ted Eriksson se ha beneficiado de nuestra garant\u00eda de alquiler. Ponte en contacto con nosotros antes de firmar un contrato de arrendamiento con Ted Eriksson.","robots":{"index":"index","follow":"follow","max-snippet":"max-snippet:-1","max-image-preview":"max-image-preview:large","max-video-preview":"max-video-preview:-1"},"canonical":"https:\/\/garantie.be\/es\/archivos\/ted-eriksson-belgica\/","og_locale":"es_ES","og_type":"article","og_title":"Ted Eriksson - Bruselas","og_description":"Ted Eriksson se ha beneficiado de nuestra garant\u00eda de alquiler. Ponte en contacto con nosotros antes de firmar un contrato de arrendamiento con Ted Eriksson.","og_url":"https:\/\/garantie.be\/es\/archivos\/ted-eriksson-belgica\/","og_site_name":"Garantie","og_image":[{"url":"https:\/\/garantie.be\/wp-content\/uploads\/2021\/04\/IPID-exlcus-assurance.jpg","type":"","width":"","height":""}],"twitter_card":"summary_large_image","twitter_misc":{"Tiempo de lectura":"1 minuto"},"schema":{"@context":"https:\/\/schema.org","@graph":[{"@type":"WebPage","@id":"https:\/\/garantie.be\/es\/archivos\/ted-eriksson-belgica\/","url":"https:\/\/garantie.be\/es\/archivos\/ted-eriksson-belgica\/","name":"Ted Eriksson - Bruselas","isPartOf":{"@id":"https:\/\/garantie.be\/es\/#website"},"primaryImageOfPage":{"@id":"https:\/\/garantie.be\/es\/archivos\/ted-eriksson-belgica\/#primaryimage"},"image":{"@id":"https:\/\/garantie.be\/es\/archivos\/ted-eriksson-belgica\/#primaryimage"},"thumbnailUrl":"https:\/\/garantie.be\/wp-content\/uploads\/2021\/04\/IPID-exlcus-assurance.jpg","datePublished":"2026-01-07T08:15:42+00:00","description":"Ted Eriksson se ha beneficiado de nuestra garant\u00eda de alquiler. Ponte en contacto con nosotros antes de firmar un contrato de arrendamiento con Ted Eriksson.","breadcrumb":{"@id":"https:\/\/garantie.be\/es\/archivos\/ted-eriksson-belgica\/#breadcrumb"},"inLanguage":"es","potentialAction":[{"@type":"ReadAction","target":["https:\/\/garantie.be\/es\/archivos\/ted-eriksson-belgica\/"]}]},{"@type":"ImageObject","inLanguage":"es","@id":"https:\/\/garantie.be\/es\/archivos\/ted-eriksson-belgica\/#primaryimage","url":"https:\/\/garantie.be\/wp-content\/uploads\/2021\/04\/IPID-exlcus-assurance.jpg","contentUrl":"https:\/\/garantie.be\/wp-content\/uploads\/2021\/04\/IPID-exlcus-assurance.jpg"},{"@type":"BreadcrumbList","@id":"https:\/\/garantie.be\/es\/archivos\/ted-eriksson-belgica\/#breadcrumb","itemListElement":[{"@type":"ListItem","position":1,"name":"Accueil","item":"https:\/\/garantie.be\/es\/"},{"@type":"ListItem","position":2,"name":"Expedientes de clientes en espera","item":"https:\/\/garantie.be\/es\/archivos\/"},{"@type":"ListItem","position":3,"name":"Ted Eriksson &#8211; Bruselas"}]},{"@type":"WebSite","@id":"https:\/\/garantie.be\/es\/#website","url":"https:\/\/garantie.be\/es\/","name":"Garantie","description":"","publisher":{"@id":"https:\/\/garantie.be\/es\/#organization"},"potentialAction":[{"@type":"SearchAction","target":{"@type":"EntryPoint","urlTemplate":"https:\/\/garantie.be\/es\/?s={search_term_string}"},"query-input":{"@type":"PropertyValueSpecification","valueRequired":true,"valueName":"search_term_string"}}],"inLanguage":"es"},{"@type":"Organization","@id":"https:\/\/garantie.be\/es\/#organization","name":"Garantie.be","url":"https:\/\/garantie.be\/es\/","logo":{"@type":"ImageObject","inLanguage":"es","@id":"https:\/\/garantie.be\/es\/#\/schema\/logo\/image\/","url":"","contentUrl":"","caption":"Garantie.be"},"image":{"@id":"https:\/\/garantie.be\/es\/#\/schema\/logo\/image\/"}}]}},"_links":{"self":[{"href":"https:\/\/garantie.be\/es\/wp-json\/wp\/v2\/pages\/20683","targetHints":{"allow":["GET"]}}],"collection":[{"href":"https:\/\/garantie.be\/es\/wp-json\/wp\/v2\/pages"}],"about":[{"href":"https:\/\/garantie.be\/es\/wp-json\/wp\/v2\/types\/page"}],"author":[{"embeddable":true,"href":"https:\/\/garantie.be\/es\/wp-json\/wp\/v2\/users\/1"}],"replies":[{"embeddable":true,"href":"https:\/\/garantie.be\/es\/wp-json\/wp\/v2\/comments?post=20683"}],"version-history":[{"count":0,"href":"https:\/\/garantie.be\/es\/wp-json\/wp\/v2\/pages\/20683\/revisions"}],"up":[{"embeddable":true,"href":"https:\/\/garantie.be\/es\/wp-json\/wp\/v2\/pages\/17881"}],"wp:attachment":[{"href":"https:\/\/garantie.be\/es\/wp-json\/wp\/v2\/media?parent=20683"}],"curies":[{"name":"wp","href":"https:\/\/api.w.org\/{rel}","templated":true}]}}