{"id":20762,"date":"2026-01-09T10:58:09","date_gmt":"2026-01-09T09:58:09","guid":{"rendered":"https:\/\/garantie.be\/guia-inquilinos-belgica\/como-escribir-carta-renuncia-contrato-alquiler\/"},"modified":"2026-01-09T10:58:09","modified_gmt":"2026-01-09T09:58:09","slug":"como-escribir-carta-renuncia-contrato-alquiler","status":"publish","type":"page","link":"https:\/\/garantie.be\/es\/guia-inquilinos-belgica\/como-escribir-carta-renuncia-contrato-alquiler\/","title":{"rendered":"\u00bfC\u00f3mo se redacta una carta de renuncia al contrato de alquiler en B\u00e9lgica?"},"content":{"rendered":"\t\t<div data-elementor-type=\"wp-page\" data-elementor-id=\"20762\" class=\"elementor elementor-20762 elementor-20747\" data-elementor-post-type=\"page\">\n\t\t\t\t\t\t<section class=\"elementor-section elementor-top-section elementor-element elementor-element-4a6257a1 elementor-section-boxed elementor-section-height-default elementor-section-height-default\" data-id=\"4a6257a1\" data-element_type=\"section\" data-e-type=\"section\">\n\t\t\t\t\t\t<div class=\"elementor-container elementor-column-gap-default\">\n\t\t\t\t\t<div class=\"elementor-column elementor-col-100 elementor-top-column elementor-element elementor-element-168458d7\" data-id=\"168458d7\" data-element_type=\"column\" data-e-type=\"column\">\n\t\t\t<div class=\"elementor-widget-wrap elementor-element-populated\">\n\t\t\t\t\t\t<div class=\"elementor-element elementor-element-3bc37719 elementor-widget elementor-widget-spacer\" data-id=\"3bc37719\" data-element_type=\"widget\" data-e-type=\"widget\" data-widget_type=\"spacer.default\">\n\t\t\t\t<div class=\"elementor-widget-container\">\n\t\t\t\t\t\t\t<div class=\"elementor-spacer\">\n\t\t\t<div class=\"elementor-spacer-inner\"><\/div>\n\t\t<\/div>\n\t\t\t\t\t\t<\/div>\n\t\t\t\t<\/div>\n\t\t\t\t<div class=\"elementor-element elementor-element-3cd6d960 elementor-widget elementor-widget-heading\" data-id=\"3cd6d960\" data-element_type=\"widget\" data-e-type=\"widget\" data-widget_type=\"heading.default\">\n\t\t\t\t<div class=\"elementor-widget-container\">\n\t\t\t\t\t<h1 class=\"elementor-heading-title elementor-size-default\">C\u00f3mo redactar una<br><b>carta de renuncia al contrato de alquiler<\/b><br><\/h1>\t\t\t\t<\/div>\n\t\t\t\t<\/div>\n\t\t\t\t<div class=\"elementor-element elementor-element-3cb01f39 elementor-widget elementor-widget-spacer\" data-id=\"3cb01f39\" data-element_type=\"widget\" data-e-type=\"widget\" data-widget_type=\"spacer.default\">\n\t\t\t\t<div class=\"elementor-widget-container\">\n\t\t\t\t\t\t\t<div class=\"elementor-spacer\">\n\t\t\t<div class=\"elementor-spacer-inner\"><\/div>\n\t\t<\/div>\n\t\t\t\t\t\t<\/div>\n\t\t\t\t<\/div>\n\t\t\t\t<div class=\"elementor-element elementor-element-589d2c44 elementor-widget elementor-widget-text-editor\" data-id=\"589d2c44\" data-element_type=\"widget\" data-e-type=\"widget\" data-widget_type=\"text-editor.default\">\n\t\t\t\t<div class=\"elementor-widget-container\">\n\t\t\t\t\t\t\t\t\t<p>Poner fin a un contrato de alquiler casi siempre implica enviar una carta de preaviso (tambi\u00e9n conocida como carta de rescisi\u00f3n del contrato). Este documento es esencial: sin la carta correcta, el plazo de preaviso puede ser impugnado, lo que conlleva costes innecesarios. <\/p><p>Descubre c\u00f3mo redactar una carta de renuncia al arrendamiento sencilla, v\u00e1lida y eficaz en B\u00e9lgica.<\/p>\t\t\t\t\t\t\t\t<\/div>\n\t\t\t\t<\/div>\n\t\t\t\t<div class=\"elementor-element elementor-element-2b67182f elementor-widget elementor-widget-heading\" data-id=\"2b67182f\" data-element_type=\"widget\" data-e-type=\"widget\" data-widget_type=\"heading.default\">\n\t\t\t\t<div class=\"elementor-widget-container\">\n\t\t\t\t\t<h2 class=\"elementor-heading-title elementor-size-default\">\u00bfQu\u00e9 es una carta de renuncia al contrato de alquiler?<\/h2>\t\t\t\t<\/div>\n\t\t\t\t<\/div>\n\t\t\t\t<div class=\"elementor-element elementor-element-16d34ba1 elementor-widget elementor-widget-text-editor\" data-id=\"16d34ba1\" data-element_type=\"widget\" data-e-type=\"widget\" data-widget_type=\"text-editor.default\">\n\t\t\t\t<div class=\"elementor-widget-container\">\n\t\t\t\t\t\t\t\t\t<p>La <strong>carta de rescisi\u00f3n del<\/strong> contrato de alquiler es una carta oficial en la que el inquilino <strong>informa al propietario de<\/strong> su deseo de rescindir el <a href=\"https:\/\/garantie.be\/es\/contrato-alquiler\/\">contrato<\/a>.<\/p><p>Te permite :<\/p><ul><li>respetar el plazo de preaviso estipulado en el contrato ;<\/li><li>Establece una fecha clara de finalizaci\u00f3n del alquiler;<\/li><li>evitar cualquier disputa sobre plazos o rentas debidas.<\/li><\/ul><p>Sin una carta escrita, la rescisi\u00f3n del contrato de arrendamiento no suele reconocerse.<\/p>\t\t\t\t\t\t\t\t<\/div>\n\t\t\t\t<\/div>\n\t\t\t\t<div class=\"elementor-element elementor-element-6e70d3d elementor-widget elementor-widget-heading\" data-id=\"6e70d3d\" data-element_type=\"widget\" data-e-type=\"widget\" data-widget_type=\"heading.default\">\n\t\t\t\t<div class=\"elementor-widget-container\">\n\t\t\t\t\t<h2 class=\"elementor-heading-title elementor-size-default\">\u00bfCu\u00e1ndo debo enviar una carta de cancelaci\u00f3n del contrato de alquiler?<\/h2>\t\t\t\t<\/div>\n\t\t\t\t<\/div>\n\t\t\t\t<div class=\"elementor-element elementor-element-a3333f5 elementor-widget elementor-widget-text-editor\" data-id=\"a3333f5\" data-element_type=\"widget\" data-e-type=\"widget\" data-widget_type=\"text-editor.default\">\n\t\t\t\t<div class=\"elementor-widget-container\">\n\t\t\t\t\t\t\t\t\t<p>La carta debe enviarse <strong>antes de que empiece el plazo de preaviso<\/strong>, cuya duraci\u00f3n depende del tipo de contrato<a href=\"https:\/\/garantie.be\/es\/modelos-cartas-gestion-arrendamientos\/contrato-alquiler-estudiantes\/\">(contrato de alquiler para estudiantes<\/a>, contrato de alquiler de corta duraci\u00f3n, etc.) y de las condiciones del contrato de alquiler.<\/p><p>En la pr\u00e1ctica, el plazo de preaviso comienza el d\u00eda 1 del mes siguiente a la recepci\u00f3n de la carta por el propietario. Por ejemplo, una carta recibida el 15 de marzo iniciar\u00eda el plazo de preaviso el 1 de abril. <\/p>\t\t\t\t\t\t\t\t<\/div>\n\t\t\t\t<\/div>\n\t\t\t\t\t<\/div>\n\t\t<\/div>\n\t\t\t\t\t<\/div>\n\t\t<\/section>\n\t\t\t\t<section class=\"elementor-section elementor-top-section elementor-element elementor-element-1badc583 elementor-section-content-middle elementor-section-height-min-height elementor-section-items-stretch elementor-section-boxed elementor-section-height-default\" data-id=\"1badc583\" data-element_type=\"section\" data-e-type=\"section\">\n\t\t\t\t\t\t<div class=\"elementor-container elementor-column-gap-no\">\n\t\t\t\t\t<div class=\"elementor-column elementor-col-100 elementor-top-column elementor-element elementor-element-49a6e08c\" data-id=\"49a6e08c\" data-element_type=\"column\" data-e-type=\"column\" data-settings=\"{&quot;background_background&quot;:&quot;classic&quot;}\">\n\t\t\t<div class=\"elementor-widget-wrap elementor-element-populated\">\n\t\t\t\t\t\t<div class=\"elementor-element elementor-element-a45d448 elementor-widget elementor-widget-text-editor\" data-id=\"a45d448\" data-element_type=\"widget\" data-e-type=\"widget\" data-widget_type=\"text-editor.default\">\n\t\t\t\t<div class=\"elementor-widget-container\">\n\t\t\t\t\t\t\t\t\t<p>Rellena nuestro formulario para obtener una <a href=\"https:\/\/garantie.be\/es\/fianza-alquiler-en-linea\/\">fianza de alquiler online<\/a> en s\u00f3lo unas horas. No bloqueas ning\u00fan dinero porque funcionamos como una garant\u00eda bancaria<\/p>\t\t\t\t\t\t\t\t<\/div>\n\t\t\t\t<\/div>\n\t\t\t\t<div class=\"elementor-element elementor-element-17f3349b elementor-mobile-align-center elementor-align-center elementor-widget elementor-widget-button\" data-id=\"17f3349b\" data-element_type=\"widget\" data-e-type=\"widget\" data-widget_type=\"button.default\">\n\t\t\t\t<div class=\"elementor-widget-container\">\n\t\t\t\t\t\t\t\t\t<div class=\"elementor-button-wrapper\">\n\t\t\t\t\t<a class=\"elementor-button elementor-button-link elementor-size-sm\" href=\"https:\/\/account.garantie.be\/en\/register\/lease\">\n\t\t\t\t\t\t<span class=\"elementor-button-content-wrapper\">\n\t\t\t\t\t\t\t\t\t<span class=\"elementor-button-text\">formulario de garant\u00eda de alquiler 100% online<\/span>\n\t\t\t\t\t<\/span>\n\t\t\t\t\t<\/a>\n\t\t\t\t<\/div>\n\t\t\t\t\t\t\t\t<\/div>\n\t\t\t\t<\/div>\n\t\t\t\t\t<\/div>\n\t\t<\/div>\n\t\t\t\t\t<\/div>\n\t\t<\/section>\n\t\t\t\t<section class=\"elementor-section elementor-top-section elementor-element elementor-element-392d422d elementor-section-boxed elementor-section-height-default elementor-section-height-default\" data-id=\"392d422d\" data-element_type=\"section\" data-e-type=\"section\">\n\t\t\t\t\t\t<div class=\"elementor-container elementor-column-gap-default\">\n\t\t\t\t\t<div class=\"elementor-column elementor-col-100 elementor-top-column elementor-element elementor-element-70136bcc\" data-id=\"70136bcc\" data-element_type=\"column\" data-e-type=\"column\">\n\t\t\t<div class=\"elementor-widget-wrap elementor-element-populated\">\n\t\t\t\t\t\t<div class=\"elementor-element elementor-element-352a4cf3 elementor-widget elementor-widget-spacer\" data-id=\"352a4cf3\" data-element_type=\"widget\" data-e-type=\"widget\" data-widget_type=\"spacer.default\">\n\t\t\t\t<div class=\"elementor-widget-container\">\n\t\t\t\t\t\t\t<div class=\"elementor-spacer\">\n\t\t\t<div class=\"elementor-spacer-inner\"><\/div>\n\t\t<\/div>\n\t\t\t\t\t\t<\/div>\n\t\t\t\t<\/div>\n\t\t\t\t<div class=\"elementor-element elementor-element-6c8c157e elementor-widget elementor-widget-heading\" data-id=\"6c8c157e\" data-element_type=\"widget\" data-e-type=\"widget\" data-widget_type=\"heading.default\">\n\t\t\t\t<div class=\"elementor-widget-container\">\n\t\t\t\t\t<h2 class=\"elementor-heading-title elementor-size-default\">Plantilla sencilla para una carta de cancelaci\u00f3n de contrato de alquiler<\/h2>\t\t\t\t<\/div>\n\t\t\t\t<\/div>\n\t\t\t\t<div class=\"elementor-element elementor-element-76f2e425 elementor-widget elementor-widget-text-editor\" data-id=\"76f2e425\" data-element_type=\"widget\" data-e-type=\"widget\" data-widget_type=\"text-editor.default\">\n\t\t\t\t<div class=\"elementor-widget-container\">\n\t\t\t\t\t\t\t\t\t<p><strong>Asunto: Renuncia al arrendamiento &#8211; alojamiento situado en  [adresse compl\u00e8te]<\/strong><\/p><p>Estimado\/a Se\u00f1or\/a<\/p><p>Por la presente te informo de mi decisi\u00f3n de rescindir el contrato de arrendamiento de la vivienda situada en la direcci\u00f3n arriba indicada.<\/p><p>De acuerdo con los t\u00e9rminos del contrato de arrendamiento, el plazo de preaviso comenzar\u00e1 en [date] y finalizar\u00e1 en [date].<\/p><p>Quedo a tu disposici\u00f3n para concertar una fecha para el acta de entrega de llaves e inventario de enseres.<\/p><p>Atentamente<\/p><p>Nombre completo<br>Firma<\/p><p><strong>Modelos \u00fatiles para descargar<\/strong>:<\/p><ul><li><a href=\"https:\/\/garantie.be\/es\/modelos-cartas-gestion-arrendamientos\/carta-rescision-contrato-arrendamiento-a-largo-plazo\/\">Carta de renovaci\u00f3n del contrato de arrendamiento por 9 a\u00f1os<\/a><\/li><li><a href=\"https:\/\/garantie.be\/es\/modelos-cartas-gestion-arrendamientos\/carta-de-rescision-de-contrato-de-arrendamiento-a-corto-plazo\/\">Carta de renuncia al arrendamiento a corto plazo<\/a><\/li><\/ul>\t\t\t\t\t\t\t\t<\/div>\n\t\t\t\t<\/div>\n\t\t\t\t<div class=\"elementor-element elementor-element-24cb7b3 elementor-widget elementor-widget-spacer\" data-id=\"24cb7b3\" data-element_type=\"widget\" data-e-type=\"widget\" data-widget_type=\"spacer.default\">\n\t\t\t\t<div class=\"elementor-widget-container\">\n\t\t\t\t\t\t\t<div class=\"elementor-spacer\">\n\t\t\t<div class=\"elementor-spacer-inner\"><\/div>\n\t\t<\/div>\n\t\t\t\t\t\t<\/div>\n\t\t\t\t<\/div>\n\t\t\t\t<div class=\"elementor-element elementor-element-82c018f elementor-widget elementor-widget-heading\" data-id=\"82c018f\" data-element_type=\"widget\" data-e-type=\"widget\" data-widget_type=\"heading.default\">\n\t\t\t\t<div class=\"elementor-widget-container\">\n\t\t\t\t\t<h2 class=\"elementor-heading-title elementor-size-default\">\u00bfC\u00f3mo env\u00edo la carta de cancelaci\u00f3n del contrato de alquiler?<\/h2>\t\t\t\t<\/div>\n\t\t\t\t<\/div>\n\t\t\t\t<div class=\"elementor-element elementor-element-01ace93 elementor-widget elementor-widget-text-editor\" data-id=\"01ace93\" data-element_type=\"widget\" data-e-type=\"widget\" data-widget_type=\"text-editor.default\">\n\t\t\t\t<div class=\"elementor-widget-container\">\n\t\t\t\t\t\t\t\t\t<p>Para que sea v\u00e1lida y evitar cualquier disputa, la carta debe enviarse :<\/p><ul><li>por correo certificado (la soluci\u00f3n m\u00e1s segura),<\/li><li>entregado por el alguacil,<\/li><li>a veces mediante entrega en mano contra firma (si el propietario est\u00e1 de acuerdo).<\/li><\/ul><p> <\/p><p><strong>Nota: el correo electr\u00f3nico por s\u00ed solo no suele ser suficiente, a menos que el arrendador lo acepte por escrito.<\/strong><\/p>\t\t\t\t\t\t\t\t<\/div>\n\t\t\t\t<\/div>\n\t\t\t\t<div class=\"elementor-element elementor-element-4e737a74 elementor-widget elementor-widget-heading\" data-id=\"4e737a74\" data-element_type=\"widget\" data-e-type=\"widget\" data-widget_type=\"heading.default\">\n\t\t\t\t<div class=\"elementor-widget-container\">\n\t\t\t\t\t<h2 class=\"elementor-heading-title elementor-size-default\">Tras el env\u00edo de la carta: pasos a seguir<\/h2>\t\t\t\t<\/div>\n\t\t\t\t<\/div>\n\t\t\t\t<div class=\"elementor-element elementor-element-48a81b13 elementor-widget elementor-widget-text-editor\" data-id=\"48a81b13\" data-element_type=\"widget\" data-e-type=\"widget\" data-widget_type=\"text-editor.default\">\n\t\t\t\t<div class=\"elementor-widget-container\">\n\t\t\t\t\t\t\t\t\t<p>Una vez enviada la <a href=\"https:\/\/garantie.be\/es\/modelos-cartas-gestion-arrendamientos\/carta-rescision-contrato-arrendamiento-a-largo-plazo\/\">carta de cancelaci\u00f3n del contrato<\/a>, el inquilino debe acordarse de :<\/p><ul><li><strong>respeta el plazo de preaviso<\/strong> hasta el final;<\/li><li>seguir <strong>pagando el alquiler y los gastos de servicio<\/strong> durante este periodo;<\/li><li>Organiza un <a href=\"https:\/\/garantie.be\/es\/guia-inquilinos-belgica\/inventario-salida-estado-inmueble\/\">acta de entrega<\/a>;<\/li><li>devolver el bien en el estado en que se encontr\u00f3 a su llegada;<\/li><li>recuperar la <a href=\"https:\/\/garantie.be\/es\/fianza-de-alquiler\/\">fianza de alquiler<\/a>, salvo que se retenga por un motivo justificado.<\/li><\/ul>\t\t\t\t\t\t\t\t<\/div>\n\t\t\t\t<\/div>\n\t\t\t\t\t<\/div>\n\t\t<\/div>\n\t\t\t\t\t<\/div>\n\t\t<\/section>\n\t\t\t\t<\/div>\n\t\t","protected":false},"excerpt":{"rendered":"<p>C\u00f3mo redactar unacarta de renuncia al contrato de alquiler Poner fin a un contrato de alquiler casi siempre implica enviar una carta de preaviso (tambi\u00e9n conocida como carta de rescisi\u00f3n del contrato). Este documento es esencial: sin la carta correcta, el plazo de preaviso puede ser impugnado, lo que conlleva costes innecesarios. Descubre c\u00f3mo redactar [&hellip;]<\/p>\n","protected":false},"author":1,"featured_media":0,"parent":18821,"menu_order":0,"comment_status":"closed","ping_status":"closed","template":"","meta":{"footnotes":""},"class_list":["post-20762","page","type-page","status-publish","hentry"],"yoast_head":"<!-- This site is optimized with the Yoast SEO plugin v27.3 - https:\/\/yoast.com\/product\/yoast-seo-wordpress\/ -->\n<title>\u00bfC\u00f3mo se redacta una carta de renuncia al contrato de alquiler en B\u00e9lgica?<\/title>\n<meta name=\"description\" content=\"Gu\u00eda pr\u00e1ctica para redactar una carta de renuncia al arrendamiento en B\u00e9lgica: contenido, c\u00f3mo enviarla, plazos, errores que debes evitar y una plantilla sencilla.\" \/>\n<meta name=\"robots\" content=\"index, follow, max-snippet:-1, max-image-preview:large, max-video-preview:-1\" \/>\n<link rel=\"canonical\" href=\"https:\/\/garantie.be\/es\/guia-inquilinos-belgica\/como-escribir-carta-renuncia-contrato-alquiler\/\" \/>\n<meta property=\"og:locale\" content=\"es_ES\" \/>\n<meta property=\"og:type\" content=\"article\" \/>\n<meta property=\"og:title\" content=\"\u00bfC\u00f3mo se redacta una carta de renuncia al contrato de alquiler en B\u00e9lgica?\" \/>\n<meta property=\"og:description\" content=\"Gu\u00eda pr\u00e1ctica para redactar una carta de renuncia al arrendamiento en B\u00e9lgica: contenido, c\u00f3mo enviarla, plazos, errores que debes evitar y una plantilla sencilla.\" \/>\n<meta property=\"og:url\" content=\"https:\/\/garantie.be\/es\/guia-inquilinos-belgica\/como-escribir-carta-renuncia-contrato-alquiler\/\" \/>\n<meta property=\"og:site_name\" content=\"Garantie\" \/>\n<meta name=\"twitter:card\" content=\"summary_large_image\" \/>\n<meta name=\"twitter:label1\" content=\"Tiempo de lectura\" \/>\n\t<meta name=\"twitter:data1\" content=\"3 minutos\" \/>\n<script type=\"application\/ld+json\" class=\"yoast-schema-graph\">{\"@context\":\"https:\\\/\\\/schema.org\",\"@graph\":[{\"@type\":\"WebPage\",\"@id\":\"https:\\\/\\\/garantie.be\\\/es\\\/guia-inquilinos-belgica\\\/como-escribir-carta-renuncia-contrato-alquiler\\\/\",\"url\":\"https:\\\/\\\/garantie.be\\\/es\\\/guia-inquilinos-belgica\\\/como-escribir-carta-renuncia-contrato-alquiler\\\/\",\"name\":\"\u00bfC\u00f3mo se redacta una carta de renuncia al contrato de alquiler en B\u00e9lgica?\",\"isPartOf\":{\"@id\":\"https:\\\/\\\/garantie.be\\\/es\\\/#website\"},\"datePublished\":\"2026-01-09T09:58:09+00:00\",\"description\":\"Gu\u00eda pr\u00e1ctica para redactar una carta de renuncia al arrendamiento en B\u00e9lgica: contenido, c\u00f3mo enviarla, plazos, errores que debes evitar y una plantilla sencilla.\",\"breadcrumb\":{\"@id\":\"https:\\\/\\\/garantie.be\\\/es\\\/guia-inquilinos-belgica\\\/como-escribir-carta-renuncia-contrato-alquiler\\\/#breadcrumb\"},\"inLanguage\":\"es\",\"potentialAction\":[{\"@type\":\"ReadAction\",\"target\":[\"https:\\\/\\\/garantie.be\\\/es\\\/guia-inquilinos-belgica\\\/como-escribir-carta-renuncia-contrato-alquiler\\\/\"]}]},{\"@type\":\"BreadcrumbList\",\"@id\":\"https:\\\/\\\/garantie.be\\\/es\\\/guia-inquilinos-belgica\\\/como-escribir-carta-renuncia-contrato-alquiler\\\/#breadcrumb\",\"itemListElement\":[{\"@type\":\"ListItem\",\"position\":1,\"name\":\"Accueil\",\"item\":\"https:\\\/\\\/garantie.be\\\/es\\\/\"},{\"@type\":\"ListItem\",\"position\":2,\"name\":\"Gu\u00eda para inquilinos en B\u00e9lgica 2026 | Derechos, procedimientos, modelos y obligaciones\",\"item\":\"https:\\\/\\\/garantie.be\\\/es\\\/guia-inquilinos-belgica\\\/\"},{\"@type\":\"ListItem\",\"position\":3,\"name\":\"\u00bfC\u00f3mo se redacta una carta de renuncia al contrato de alquiler en B\u00e9lgica?\"}]},{\"@type\":\"WebSite\",\"@id\":\"https:\\\/\\\/garantie.be\\\/es\\\/#website\",\"url\":\"https:\\\/\\\/garantie.be\\\/es\\\/\",\"name\":\"Garantie\",\"description\":\"\",\"publisher\":{\"@id\":\"https:\\\/\\\/garantie.be\\\/es\\\/#organization\"},\"potentialAction\":[{\"@type\":\"SearchAction\",\"target\":{\"@type\":\"EntryPoint\",\"urlTemplate\":\"https:\\\/\\\/garantie.be\\\/es\\\/?s={search_term_string}\"},\"query-input\":{\"@type\":\"PropertyValueSpecification\",\"valueRequired\":true,\"valueName\":\"search_term_string\"}}],\"inLanguage\":\"es\"},{\"@type\":\"Organization\",\"@id\":\"https:\\\/\\\/garantie.be\\\/es\\\/#organization\",\"name\":\"Garantie.be\",\"url\":\"https:\\\/\\\/garantie.be\\\/es\\\/\",\"logo\":{\"@type\":\"ImageObject\",\"inLanguage\":\"es\",\"@id\":\"https:\\\/\\\/garantie.be\\\/es\\\/#\\\/schema\\\/logo\\\/image\\\/\",\"url\":\"\",\"contentUrl\":\"\",\"caption\":\"Garantie.be\"},\"image\":{\"@id\":\"https:\\\/\\\/garantie.be\\\/es\\\/#\\\/schema\\\/logo\\\/image\\\/\"}}]}<\/script>\n<!-- \/ Yoast SEO plugin. -->","yoast_head_json":{"title":"\u00bfC\u00f3mo se redacta una carta de renuncia al contrato de alquiler en B\u00e9lgica?","description":"Gu\u00eda pr\u00e1ctica para redactar una carta de renuncia al arrendamiento en B\u00e9lgica: contenido, c\u00f3mo enviarla, plazos, errores que debes evitar y una plantilla sencilla.","robots":{"index":"index","follow":"follow","max-snippet":"max-snippet:-1","max-image-preview":"max-image-preview:large","max-video-preview":"max-video-preview:-1"},"canonical":"https:\/\/garantie.be\/es\/guia-inquilinos-belgica\/como-escribir-carta-renuncia-contrato-alquiler\/","og_locale":"es_ES","og_type":"article","og_title":"\u00bfC\u00f3mo se redacta una carta de renuncia al contrato de alquiler en B\u00e9lgica?","og_description":"Gu\u00eda pr\u00e1ctica para redactar una carta de renuncia al arrendamiento en B\u00e9lgica: contenido, c\u00f3mo enviarla, plazos, errores que debes evitar y una plantilla sencilla.","og_url":"https:\/\/garantie.be\/es\/guia-inquilinos-belgica\/como-escribir-carta-renuncia-contrato-alquiler\/","og_site_name":"Garantie","twitter_card":"summary_large_image","twitter_misc":{"Tiempo de lectura":"3 minutos"},"schema":{"@context":"https:\/\/schema.org","@graph":[{"@type":"WebPage","@id":"https:\/\/garantie.be\/es\/guia-inquilinos-belgica\/como-escribir-carta-renuncia-contrato-alquiler\/","url":"https:\/\/garantie.be\/es\/guia-inquilinos-belgica\/como-escribir-carta-renuncia-contrato-alquiler\/","name":"\u00bfC\u00f3mo se redacta una carta de renuncia al contrato de alquiler en B\u00e9lgica?","isPartOf":{"@id":"https:\/\/garantie.be\/es\/#website"},"datePublished":"2026-01-09T09:58:09+00:00","description":"Gu\u00eda pr\u00e1ctica para redactar una carta de renuncia al arrendamiento en B\u00e9lgica: contenido, c\u00f3mo enviarla, plazos, errores que debes evitar y una plantilla sencilla.","breadcrumb":{"@id":"https:\/\/garantie.be\/es\/guia-inquilinos-belgica\/como-escribir-carta-renuncia-contrato-alquiler\/#breadcrumb"},"inLanguage":"es","potentialAction":[{"@type":"ReadAction","target":["https:\/\/garantie.be\/es\/guia-inquilinos-belgica\/como-escribir-carta-renuncia-contrato-alquiler\/"]}]},{"@type":"BreadcrumbList","@id":"https:\/\/garantie.be\/es\/guia-inquilinos-belgica\/como-escribir-carta-renuncia-contrato-alquiler\/#breadcrumb","itemListElement":[{"@type":"ListItem","position":1,"name":"Accueil","item":"https:\/\/garantie.be\/es\/"},{"@type":"ListItem","position":2,"name":"Gu\u00eda para inquilinos en B\u00e9lgica 2026 | Derechos, procedimientos, modelos y obligaciones","item":"https:\/\/garantie.be\/es\/guia-inquilinos-belgica\/"},{"@type":"ListItem","position":3,"name":"\u00bfC\u00f3mo se redacta una carta de renuncia al contrato de alquiler en B\u00e9lgica?"}]},{"@type":"WebSite","@id":"https:\/\/garantie.be\/es\/#website","url":"https:\/\/garantie.be\/es\/","name":"Garantie","description":"","publisher":{"@id":"https:\/\/garantie.be\/es\/#organization"},"potentialAction":[{"@type":"SearchAction","target":{"@type":"EntryPoint","urlTemplate":"https:\/\/garantie.be\/es\/?s={search_term_string}"},"query-input":{"@type":"PropertyValueSpecification","valueRequired":true,"valueName":"search_term_string"}}],"inLanguage":"es"},{"@type":"Organization","@id":"https:\/\/garantie.be\/es\/#organization","name":"Garantie.be","url":"https:\/\/garantie.be\/es\/","logo":{"@type":"ImageObject","inLanguage":"es","@id":"https:\/\/garantie.be\/es\/#\/schema\/logo\/image\/","url":"","contentUrl":"","caption":"Garantie.be"},"image":{"@id":"https:\/\/garantie.be\/es\/#\/schema\/logo\/image\/"}}]}},"_links":{"self":[{"href":"https:\/\/garantie.be\/es\/wp-json\/wp\/v2\/pages\/20762","targetHints":{"allow":["GET"]}}],"collection":[{"href":"https:\/\/garantie.be\/es\/wp-json\/wp\/v2\/pages"}],"about":[{"href":"https:\/\/garantie.be\/es\/wp-json\/wp\/v2\/types\/page"}],"author":[{"embeddable":true,"href":"https:\/\/garantie.be\/es\/wp-json\/wp\/v2\/users\/1"}],"replies":[{"embeddable":true,"href":"https:\/\/garantie.be\/es\/wp-json\/wp\/v2\/comments?post=20762"}],"version-history":[{"count":0,"href":"https:\/\/garantie.be\/es\/wp-json\/wp\/v2\/pages\/20762\/revisions"}],"up":[{"embeddable":true,"href":"https:\/\/garantie.be\/es\/wp-json\/wp\/v2\/pages\/18821"}],"wp:attachment":[{"href":"https:\/\/garantie.be\/es\/wp-json\/wp\/v2\/media?parent=20762"}],"curies":[{"name":"wp","href":"https:\/\/api.w.org\/{rel}","templated":true}]}}