{"id":139,"date":"2020-11-10T12:36:23","date_gmt":"2020-11-10T11:36:23","guid":{"rendered":"http:\/\/garantie.be\/?page_id=139"},"modified":"2025-05-13T16:03:45","modified_gmt":"2025-05-13T14:03:45","slug":"garantie-locative-wallonie","status":"publish","type":"page","link":"https:\/\/garantie.be\/fr\/garantie-locative-wallonie\/","title":{"rendered":"Garantie locative Wallonie"},"content":{"rendered":"\t\t<div data-elementor-type=\"wp-page\" data-elementor-id=\"139\" class=\"elementor elementor-139\" data-elementor-post-type=\"page\">\n\t\t\t\t\t\t<section class=\"elementor-section elementor-top-section elementor-element elementor-element-5bc74497 elementor-section-boxed elementor-section-height-default elementor-section-height-default\" data-id=\"5bc74497\" data-element_type=\"section\" data-e-type=\"section\">\n\t\t\t\t\t\t<div class=\"elementor-container elementor-column-gap-default\">\n\t\t\t\t\t<div class=\"elementor-column elementor-col-100 elementor-top-column elementor-element elementor-element-2cac1886\" data-id=\"2cac1886\" data-element_type=\"column\" data-e-type=\"column\">\n\t\t\t<div class=\"elementor-widget-wrap elementor-element-populated\">\n\t\t\t\t\t\t<div class=\"elementor-element elementor-element-99d3ab5 elementor-widget elementor-widget-spacer\" data-id=\"99d3ab5\" data-element_type=\"widget\" data-e-type=\"widget\" data-widget_type=\"spacer.default\">\n\t\t\t\t<div class=\"elementor-widget-container\">\n\t\t\t\t\t\t\t<div class=\"elementor-spacer\">\n\t\t\t<div class=\"elementor-spacer-inner\"><\/div>\n\t\t<\/div>\n\t\t\t\t\t\t<\/div>\n\t\t\t\t<\/div>\n\t\t\t\t<div class=\"elementor-element elementor-element-2565365c elementor-widget elementor-widget-heading\" data-id=\"2565365c\" data-element_type=\"widget\" data-e-type=\"widget\" data-widget_type=\"heading.default\">\n\t\t\t\t<div class=\"elementor-widget-container\">\n\t\t\t\t\t<h1 class=\"elementor-heading-title elementor-size-default\">la garantie locative<br><b>\nen Wallonie<\/b><\/h1>\t\t\t\t<\/div>\n\t\t\t\t<\/div>\n\t\t\t\t\t<\/div>\n\t\t<\/div>\n\t\t\t\t\t<\/div>\n\t\t<\/section>\n\t\t\t\t<section class=\"elementor-section elementor-top-section elementor-element elementor-element-c4a270b elementor-section-boxed elementor-section-height-default elementor-section-height-default\" data-id=\"c4a270b\" data-element_type=\"section\" data-e-type=\"section\">\n\t\t\t\t\t\t<div class=\"elementor-container elementor-column-gap-default\">\n\t\t\t\t\t<div class=\"elementor-column elementor-col-100 elementor-top-column elementor-element elementor-element-d89eed6\" data-id=\"d89eed6\" data-element_type=\"column\" data-e-type=\"column\">\n\t\t\t<div class=\"elementor-widget-wrap elementor-element-populated\">\n\t\t\t\t\t\t<div class=\"elementor-element elementor-element-be9792a elementor-widget elementor-widget-image\" data-id=\"be9792a\" data-element_type=\"widget\" data-e-type=\"widget\" data-widget_type=\"image.default\">\n\t\t\t\t<div class=\"elementor-widget-container\">\n\t\t\t\t\t\t\t\t\t\t\t\t\t\t\t<img decoding=\"async\" width=\"300\" height=\"94\" src=\"https:\/\/garantie.be\/wp-content\/uploads\/2021\/09\/Garantie-locative-Wallonie-300x94.jpg\" class=\"attachment-medium size-medium wp-image-13937\" alt=\"Garantie locative Wallonie\" srcset=\"https:\/\/garantie.be\/wp-content\/uploads\/2021\/09\/Garantie-locative-Wallonie-300x94.jpg 300w, https:\/\/garantie.be\/wp-content\/uploads\/2021\/09\/Garantie-locative-Wallonie-1024x320.jpg 1024w, https:\/\/garantie.be\/wp-content\/uploads\/2021\/09\/Garantie-locative-Wallonie-768x240.jpg 768w, https:\/\/garantie.be\/wp-content\/uploads\/2021\/09\/Garantie-locative-Wallonie-1536x481.jpg 1536w, https:\/\/garantie.be\/wp-content\/uploads\/2021\/09\/Garantie-locative-Wallonie-2048x641.jpg 2048w\" sizes=\"(max-width: 300px) 100vw, 300px\" \/>\t\t\t\t\t\t\t\t\t\t\t\t\t\t\t<\/div>\n\t\t\t\t<\/div>\n\t\t\t\t\t<\/div>\n\t\t<\/div>\n\t\t\t\t\t<\/div>\n\t\t<\/section>\n\t\t\t\t<section class=\"elementor-section elementor-top-section elementor-element elementor-element-64e32d58 elementor-section-boxed elementor-section-height-default elementor-section-height-default\" data-id=\"64e32d58\" data-element_type=\"section\" data-e-type=\"section\">\n\t\t\t\t\t\t<div class=\"elementor-container elementor-column-gap-default\">\n\t\t\t\t\t<div class=\"elementor-column elementor-col-100 elementor-top-column elementor-element elementor-element-6b014f8e\" data-id=\"6b014f8e\" data-element_type=\"column\" data-e-type=\"column\">\n\t\t\t<div class=\"elementor-widget-wrap elementor-element-populated\">\n\t\t\t\t\t\t<div class=\"elementor-element elementor-element-13c8e54 elementor-widget elementor-widget-spacer\" data-id=\"13c8e54\" data-element_type=\"widget\" data-e-type=\"widget\" data-widget_type=\"spacer.default\">\n\t\t\t\t<div class=\"elementor-widget-container\">\n\t\t\t\t\t\t\t<div class=\"elementor-spacer\">\n\t\t\t<div class=\"elementor-spacer-inner\"><\/div>\n\t\t<\/div>\n\t\t\t\t\t\t<\/div>\n\t\t\t\t<\/div>\n\t\t\t\t<div class=\"elementor-element elementor-element-f30fd29 elementor-widget elementor-widget-text-editor\" data-id=\"f30fd29\" data-element_type=\"widget\" data-e-type=\"widget\" data-widget_type=\"text-editor.default\">\n\t\t\t\t<div class=\"elementor-widget-container\">\n\t\t\t\t\t\t\t\t\t<p><span style=\"font-weight: 400;\"><strong>Pour obtenir une attestation de garantie locative pour un logement en Wallonie<\/strong> en quelques heures, il vous suffit de compl\u00e9ter le formulaire en cliquant sur <\/span><span style=\"text-decoration: underline;\"><a href=\"https:\/\/garantie.be\/fr\/garantie-locative-en-ligne\/\"><span style=\"font-weight: 400;\">garantie locative en ligne<\/span><\/a><\/span><span style=\"font-weight: 400;\">.<\/span><\/p>\t\t\t\t\t\t\t\t<\/div>\n\t\t\t\t<\/div>\n\t\t\t\t<div class=\"elementor-element elementor-element-2abaa16 elementor-widget elementor-widget-heading\" data-id=\"2abaa16\" data-element_type=\"widget\" data-e-type=\"widget\" data-widget_type=\"heading.default\">\n\t\t\t\t<div class=\"elementor-widget-container\">\n\t\t\t\t\t<h2 class=\"elementor-heading-title elementor-size-default\">Qu\u2019est ce que la garantie locative en Wallonie ?<\/h2>\t\t\t\t<\/div>\n\t\t\t\t<\/div>\n\t\t\t\t<div class=\"elementor-element elementor-element-74ed970 elementor-widget elementor-widget-text-editor\" data-id=\"74ed970\" data-element_type=\"widget\" data-e-type=\"widget\" data-widget_type=\"text-editor.default\">\n\t\t\t\t<div class=\"elementor-widget-container\">\n\t\t\t\t\t\t\t\t\t<p>Les r\u00e8gles r\u00e9gissant la\u00a0<span style=\"text-decoration: underline;\"><a href=\"https:\/\/garantie.be\/fr\/garantie-locative\/\">garantie locative<\/a><\/span> ont chang\u00e9e ces derni\u00e8res ann\u00e9es en Belgique. Depuis 2018, les trois r\u00e9gions belges ont d\u00e9finies leurs propres r\u00e8gles concernant les baux d&rsquo;habitation. <strong>Dor\u00e9navant les r\u00e8gles r\u00e9gionales pr\u00e9valent sur les lois f\u00e9d\u00e9rales<\/strong>.<\/p><p>En mati\u00e8re de garantie locative chacune des 3 r\u00e9gions a ses propres r\u00e8gles. Le montant maximum l\u00e9gal qui sera demand\u00e9 pour la garantie locative d\u00e9pendra de la r\u00e9gion. Cette garantie n\u2019est pas impos\u00e9e par la loi, mais la plupart des contrats de r\u00e9sidence principale la pr\u00e9voient.<\/p><p>Pour d\u00e9couvrir les sp\u00e9cificit\u00e9s propre \u00e0 la r\u00e9gion de Bruxelles vous pouvez lire notre article d\u00e9di\u00e9 \u00e0 la <span style=\"text-decoration: underline;\"><a href=\"https:\/\/garantie.be\/fr\/garantie-locative-bruxelles-capitale\/\">garantie locative Bruxelles<\/a><\/span>. Pour comprendre les nouvelles r\u00e8gles du logement propres \u00e0 la Flandre, vous pouvez lire notre article sur la <span style=\"text-decoration: underline;\"><a href=\"https:\/\/garantie.be\/fr\/garantie-locative-flandres\/\">garantie locative en Flandre<\/a><\/span>.<\/p>\t\t\t\t\t\t\t\t<\/div>\n\t\t\t\t<\/div>\n\t\t\t\t\t<\/div>\n\t\t<\/div>\n\t\t\t\t\t<\/div>\n\t\t<\/section>\n\t\t\t\t<section class=\"elementor-section elementor-top-section elementor-element elementor-element-ae07407 elementor-section-content-middle elementor-section-height-min-height elementor-section-items-stretch elementor-section-boxed elementor-section-height-default\" data-id=\"ae07407\" data-element_type=\"section\" data-e-type=\"section\">\n\t\t\t\t\t\t<div class=\"elementor-container elementor-column-gap-no\">\n\t\t\t\t\t<div class=\"elementor-column elementor-col-100 elementor-top-column elementor-element elementor-element-2a538177\" data-id=\"2a538177\" data-element_type=\"column\" data-e-type=\"column\" data-settings=\"{&quot;background_background&quot;:&quot;classic&quot;}\">\n\t\t\t<div class=\"elementor-widget-wrap elementor-element-populated\">\n\t\t\t\t\t\t<div class=\"elementor-element elementor-element-2b436069 elementor-widget elementor-widget-image\" data-id=\"2b436069\" data-element_type=\"widget\" data-e-type=\"widget\" data-widget_type=\"image.default\">\n\t\t\t\t<div class=\"elementor-widget-container\">\n\t\t\t\t\t\t\t\t\t\t\t\t\t\t\t<img decoding=\"async\" src=\"https:\/\/garantie.be\/wp-content\/uploads\/elementor\/thumbs\/Logo-2-garantie-alone-1-pe5xec7dnfsf8cs3rtfffen34plb9ip2rjyfhjeqd0.jpg\" title=\"garantie\" alt=\"garantie\" loading=\"lazy\" \/>\t\t\t\t\t\t\t\t\t\t\t\t\t\t\t<\/div>\n\t\t\t\t<\/div>\n\t\t\t\t<div class=\"elementor-element elementor-element-73b21705 elementor-widget elementor-widget-text-editor\" data-id=\"73b21705\" data-element_type=\"widget\" data-e-type=\"widget\" data-widget_type=\"text-editor.default\">\n\t\t\t\t<div class=\"elementor-widget-container\">\n\t\t\t\t\t\t\t\t\t<p>Compl\u00e9tez notre formulaire en ligne pour obtenir votre garantie locative en quelques heures. Vous ne bloquez pas d\u2019argent car nous fonctionnons comme une <span style=\"text-decoration: underline;\"><a href=\"https:\/\/garantie.be\/fr\/garantie-bancaire-locative\/\">garantie locative bancaire<\/a><\/span>.<\/p>\t\t\t\t\t\t\t\t<\/div>\n\t\t\t\t<\/div>\n\t\t\t\t<div class=\"elementor-element elementor-element-512ebe3c elementor-mobile-align-center elementor-align-center elementor-widget elementor-widget-button\" data-id=\"512ebe3c\" data-element_type=\"widget\" data-e-type=\"widget\" data-widget_type=\"button.default\">\n\t\t\t\t<div class=\"elementor-widget-container\">\n\t\t\t\t\t\t\t\t\t<div class=\"elementor-button-wrapper\">\n\t\t\t\t\t<a class=\"elementor-button elementor-button-link elementor-size-sm\" href=\"https:\/\/account.garantie.be\/fr\/register\/lease\">\n\t\t\t\t\t\t<span class=\"elementor-button-content-wrapper\">\n\t\t\t\t\t\t\t\t\t<span class=\"elementor-button-text\">Formulaire garantie locative<\/span>\n\t\t\t\t\t<\/span>\n\t\t\t\t\t<\/a>\n\t\t\t\t<\/div>\n\t\t\t\t\t\t\t\t<\/div>\n\t\t\t\t<\/div>\n\t\t\t\t\t<\/div>\n\t\t<\/div>\n\t\t\t\t\t<\/div>\n\t\t<\/section>\n\t\t\t\t<section class=\"elementor-section elementor-top-section elementor-element elementor-element-838f2af elementor-section-boxed elementor-section-height-default elementor-section-height-default\" data-id=\"838f2af\" data-element_type=\"section\" data-e-type=\"section\">\n\t\t\t\t\t\t<div class=\"elementor-container elementor-column-gap-default\">\n\t\t\t\t\t<div class=\"elementor-column elementor-col-100 elementor-top-column elementor-element elementor-element-f3467aa\" data-id=\"f3467aa\" data-element_type=\"column\" data-e-type=\"column\">\n\t\t\t<div class=\"elementor-widget-wrap elementor-element-populated\">\n\t\t\t\t\t\t<div class=\"elementor-element elementor-element-655a347 elementor-widget elementor-widget-spacer\" data-id=\"655a347\" data-element_type=\"widget\" data-e-type=\"widget\" data-widget_type=\"spacer.default\">\n\t\t\t\t<div class=\"elementor-widget-container\">\n\t\t\t\t\t\t\t<div class=\"elementor-spacer\">\n\t\t\t<div class=\"elementor-spacer-inner\"><\/div>\n\t\t<\/div>\n\t\t\t\t\t\t<\/div>\n\t\t\t\t<\/div>\n\t\t\t\t<div class=\"elementor-element elementor-element-739d1ec elementor-widget elementor-widget-heading\" data-id=\"739d1ec\" data-element_type=\"widget\" data-e-type=\"widget\" data-widget_type=\"heading.default\">\n\t\t\t\t<div class=\"elementor-widget-container\">\n\t\t\t\t\t<h2 class=\"elementor-heading-title elementor-size-default\">Quel est le montant de la garantie locative en Wallonie ?<\/h2>\t\t\t\t<\/div>\n\t\t\t\t<\/div>\n\t\t\t\t<div class=\"elementor-element elementor-element-26d6f26 elementor-widget elementor-widget-text-editor\" data-id=\"26d6f26\" data-element_type=\"widget\" data-e-type=\"widget\" data-widget_type=\"text-editor.default\">\n\t\t\t\t<div class=\"elementor-widget-container\">\n\t\t\t\t\t\t\t\t\t<p>Le montant maximum est diff\u00e9rent selon le type de <a href=\"https:\/\/garantie.be\/fr\/bail-de-location\/\"><span style=\"text-decoration: underline;\">bail de location<\/span><\/a>.<\/p><p>Elle va d\u00e9pendre du bail qui engage le bailleur et le locataire. En fonction du type de garantie choisie il vous sera demand\u00e9 2 mois \u00e0 3 mois (maximum) de loyer hors charges.<\/p><ul><li>Quand il s agit d\u2019une <span style=\"text-decoration: underline;\"><a href=\"https:\/\/garantie.be\/fr\/garantie-bancaire-locative\/\">garantie bancaire<\/a><\/span>, il peut vous \u00eatre demand\u00e9 jusqu&rsquo;\u00e0 3 mois de loyer au titre de garantie locative ;<\/li><li>Dans le cadre d\u2019une <span style=\"text-decoration: underline;\"><a href=\"https:\/\/garantie.be\/fr\/garantie-locative\/compte-bloque-garantie-locative\/\">garantie locative sur un compte bloqu\u00e9<\/a><\/span>\u00a0ou sur <a href=\"https:\/\/garantie.be\/fr\/garantie-locative-e-depo\/\">e-depo<\/a>, le montant demand\u00e9 par le bailleur est de maximum 2 mois de loyer ;<\/li><li>Dans le cadre d&rsquo;autres types de garanties possibles, il est d&rsquo;usage de retenir un maximum de 2 mois de loyer en Wallonie dans le cadre d&rsquo;une <span style=\"text-decoration: underline;\"><a href=\"https:\/\/garantie.be\/fr\/caution-locative-belgique\/\">caution locative<\/a><\/span> aupr\u00e8s de <span style=\"text-decoration: underline;\"><a href=\"https:\/\/garantie.be\/fr\/\">Garantie.be<\/a><\/span>.<\/li><\/ul>\t\t\t\t\t\t\t\t<\/div>\n\t\t\t\t<\/div>\n\t\t\t\t<div class=\"elementor-element elementor-element-a3b163e elementor-widget elementor-widget-heading\" data-id=\"a3b163e\" data-element_type=\"widget\" data-e-type=\"widget\" data-widget_type=\"heading.default\">\n\t\t\t\t<div class=\"elementor-widget-container\">\n\t\t\t\t\t<h2 class=\"elementor-heading-title elementor-size-default\">Quel sont les aides en Wallonie pour constituer la garantie locative ?\u200b<\/h2>\t\t\t\t<\/div>\n\t\t\t\t<\/div>\n\t\t\t\t<div class=\"elementor-element elementor-element-e925b4d elementor-widget elementor-widget-text-editor\" data-id=\"e925b4d\" data-element_type=\"widget\" data-e-type=\"widget\" data-widget_type=\"text-editor.default\">\n\t\t\t\t<div class=\"elementor-widget-container\">\n\t\t\t\t\t\t\t\t\t<p>La Wallonie propose deux principaux types d&rsquo;aides pour r\u00e9ussir \u00e0 constituer une garantie locative. Ces aides sont \u00e9videmment r\u00e9serv\u00e9es aux personnes \u00e0 faibles revenus.\u00a0Voici les possibilit\u00e9s d&rsquo;aides offertes par la Wallonie :<\/p><h3>Le pr\u00eat \u00e0 taux z\u00e9ro<\/h3><p>Depuis mai 2021, la Wallonie octroie des pr\u00eats \u00e0 taux z\u00e9ro pour constituer la garantie locative pour les baux de r\u00e9sidence principale. Ce pr\u00eat \u00e0 taux z\u00e9ro peut repr\u00e9senter jusqu&rsquo;\u00e0 100 % du montant de la garantie locative. Le pr\u00eat \u00e0 taux z\u00e9ro n&rsquo;est accord\u00e9 qu&rsquo;\u00e0 certaines conditions de ressources de la part du demandeur.<\/p><h3>L&rsquo;aide du CPAS<\/h3><p>Le CPAS propose son aide en Wallonie sous diff\u00e9rente forme pour constituer une <span style=\"text-decoration: underline;\"><a href=\"https:\/\/garantie.be\/fr\/garantie-locative-cpas\/\">garantie locative CPAS<\/a><\/span>. Cette aide du CPAS se fait sous forme d\u2019avance de la garantie locative \u00e0 rembourser au fur et \u00e0 mesure, ou de lettre de caution pour le propri\u00e9taire, ou m\u00eame de garantie bancaire.<\/p>\t\t\t\t\t\t\t\t<\/div>\n\t\t\t\t<\/div>\n\t\t\t\t<div class=\"elementor-element elementor-element-722cc87 elementor-widget elementor-widget-heading\" data-id=\"722cc87\" data-element_type=\"widget\" data-e-type=\"widget\" data-widget_type=\"heading.default\">\n\t\t\t\t<div class=\"elementor-widget-container\">\n\t\t\t\t\t<h2 class=\"elementor-heading-title elementor-size-default\">Le code du logement en Wallonie<\/h2>\t\t\t\t<\/div>\n\t\t\t\t<\/div>\n\t\t\t\t<div class=\"elementor-element elementor-element-65310c3 elementor-widget elementor-widget-text-editor\" data-id=\"65310c3\" data-element_type=\"widget\" data-e-type=\"widget\" data-widget_type=\"text-editor.default\">\n\t\t\t\t<div class=\"elementor-widget-container\">\n\t\t\t\t\t\t\t\t\t<p>La loi en vigueur au niveau f\u00e9d\u00e9ral de la Belgique en mati\u00e8re de bail d&rsquo;habitation est la loi sur les loyers. La derni\u00e8re mise \u00e0 jour de cette loi f\u00e9d\u00e9rale a eu lieu lors de sa 14\u00e8me \u00e9dition en mars 2013.<\/p><p>Ces derni\u00e8res ann\u00e9es, chaque r\u00e9gion a institu\u00e9 une r\u00e9glementation propre r\u00e9gionale concernant le bail d&rsquo;habitation.\u00a0La sixi\u00e8me r\u00e9forme du 1 er juillet 2014 concernant la r\u00e9gionalisation\u00a0 des baux d\u2019habitation concerne \u00e9galement la garantie locative.<\/p><p>L&rsquo;application des r\u00e8gles r\u00e9gionales depuis 2018 en Wallonie se fait sur la base de son nouveau Code du logement qui pr\u00e9vaut sur la loi f\u00e9d\u00e9rale concernant les r\u00e8gles des baux d\u2019habitation.<\/p>\t\t\t\t\t\t\t\t<\/div>\n\t\t\t\t<\/div>\n\t\t\t\t\t<\/div>\n\t\t<\/div>\n\t\t\t\t\t<\/div>\n\t\t<\/section>\n\t\t\t\t<\/div>\n\t\t","protected":false},"excerpt":{"rendered":"<p>la garantie locative en Wallonie Pour obtenir une attestation de garantie locative pour un logement en Wallonie en quelques heures, il vous suffit de compl\u00e9ter le formulaire en cliquant sur garantie locative en ligne. Qu\u2019est ce que la garantie locative en Wallonie ? Les r\u00e8gles r\u00e9gissant la\u00a0garantie locative ont chang\u00e9e ces derni\u00e8res ann\u00e9es en Belgique. [&hellip;]<\/p>\n","protected":false},"author":1,"featured_media":0,"parent":0,"menu_order":0,"comment_status":"closed","ping_status":"closed","template":"","meta":{"footnotes":""},"class_list":["post-139","page","type-page","status-publish","hentry"],"yoast_head":"<!-- This site is optimized with the Yoast SEO plugin v27.4 - https:\/\/yoast.com\/product\/yoast-seo-wordpress\/ -->\n<title>Garantie locative en Wallonie par Internet | Formulaire en ligne<\/title>\n<meta name=\"description\" content=\"D\u00e9couvrez les r\u00e8gles de la garantie locative en Wallonie et obtenez une garantie locative en ligne en quelques heures\" \/>\n<meta name=\"robots\" content=\"index, follow, max-snippet:-1, max-image-preview:large, max-video-preview:-1\" \/>\n<link rel=\"canonical\" href=\"https:\/\/garantie.be\/fr\/garantie-locative-wallonie\/\" \/>\n<meta property=\"og:locale\" content=\"fr_FR\" \/>\n<meta property=\"og:type\" content=\"article\" \/>\n<meta property=\"og:title\" content=\"Garantie locative en Wallonie par Internet | Formulaire en ligne\" \/>\n<meta property=\"og:description\" content=\"D\u00e9couvrez les r\u00e8gles de la garantie locative en Wallonie et obtenez une garantie locative en ligne en quelques heures\" \/>\n<meta property=\"og:url\" content=\"https:\/\/garantie.be\/fr\/garantie-locative-wallonie\/\" \/>\n<meta property=\"og:site_name\" content=\"Garantie\" \/>\n<meta property=\"article:modified_time\" content=\"2025-05-13T14:03:45+00:00\" \/>\n<meta property=\"og:image\" content=\"https:\/\/garantie.be\/wp-content\/uploads\/2021\/09\/Garantie-locative-Wallonie-300x94.jpg\" \/>\n<meta name=\"twitter:card\" content=\"summary_large_image\" \/>\n<meta name=\"twitter:label1\" content=\"Dur\u00e9e de lecture estim\u00e9e\" \/>\n\t<meta name=\"twitter:data1\" content=\"4 minutes\" \/>\n<script type=\"application\/ld+json\" class=\"yoast-schema-graph\">{\"@context\":\"https:\\\/\\\/schema.org\",\"@graph\":[{\"@type\":\"WebPage\",\"@id\":\"https:\\\/\\\/garantie.be\\\/fr\\\/garantie-locative-wallonie\\\/\",\"url\":\"https:\\\/\\\/garantie.be\\\/fr\\\/garantie-locative-wallonie\\\/\",\"name\":\"Garantie locative en Wallonie par Internet | Formulaire en ligne\",\"isPartOf\":{\"@id\":\"https:\\\/\\\/garantie.be\\\/fr\\\/#website\"},\"primaryImageOfPage\":{\"@id\":\"https:\\\/\\\/garantie.be\\\/fr\\\/garantie-locative-wallonie\\\/#primaryimage\"},\"image\":{\"@id\":\"https:\\\/\\\/garantie.be\\\/fr\\\/garantie-locative-wallonie\\\/#primaryimage\"},\"thumbnailUrl\":\"https:\\\/\\\/garantie.be\\\/wp-content\\\/uploads\\\/2021\\\/09\\\/Garantie-locative-Wallonie-300x94.jpg\",\"datePublished\":\"2020-11-10T11:36:23+00:00\",\"dateModified\":\"2025-05-13T14:03:45+00:00\",\"description\":\"D\u00e9couvrez les r\u00e8gles de la garantie locative en Wallonie et obtenez une garantie locative en ligne en quelques heures\",\"breadcrumb\":{\"@id\":\"https:\\\/\\\/garantie.be\\\/fr\\\/garantie-locative-wallonie\\\/#breadcrumb\"},\"inLanguage\":\"fr-FR\",\"potentialAction\":[{\"@type\":\"ReadAction\",\"target\":[\"https:\\\/\\\/garantie.be\\\/fr\\\/garantie-locative-wallonie\\\/\"]}]},{\"@type\":\"ImageObject\",\"inLanguage\":\"fr-FR\",\"@id\":\"https:\\\/\\\/garantie.be\\\/fr\\\/garantie-locative-wallonie\\\/#primaryimage\",\"url\":\"https:\\\/\\\/garantie.be\\\/wp-content\\\/uploads\\\/2021\\\/09\\\/Garantie-locative-Wallonie-300x94.jpg\",\"contentUrl\":\"https:\\\/\\\/garantie.be\\\/wp-content\\\/uploads\\\/2021\\\/09\\\/Garantie-locative-Wallonie-300x94.jpg\"},{\"@type\":\"BreadcrumbList\",\"@id\":\"https:\\\/\\\/garantie.be\\\/fr\\\/garantie-locative-wallonie\\\/#breadcrumb\",\"itemListElement\":[{\"@type\":\"ListItem\",\"position\":1,\"name\":\"Accueil\",\"item\":\"https:\\\/\\\/garantie.be\\\/fr\\\/\"},{\"@type\":\"ListItem\",\"position\":2,\"name\":\"Garantie locative Wallonie\"}]},{\"@type\":\"WebSite\",\"@id\":\"https:\\\/\\\/garantie.be\\\/fr\\\/#website\",\"url\":\"https:\\\/\\\/garantie.be\\\/fr\\\/\",\"name\":\"Garantie\",\"description\":\"\",\"publisher\":{\"@id\":\"https:\\\/\\\/garantie.be\\\/fr\\\/#organization\"},\"potentialAction\":[{\"@type\":\"SearchAction\",\"target\":{\"@type\":\"EntryPoint\",\"urlTemplate\":\"https:\\\/\\\/garantie.be\\\/fr\\\/?s={search_term_string}\"},\"query-input\":{\"@type\":\"PropertyValueSpecification\",\"valueRequired\":true,\"valueName\":\"search_term_string\"}}],\"inLanguage\":\"fr-FR\"},{\"@type\":\"Organization\",\"@id\":\"https:\\\/\\\/garantie.be\\\/fr\\\/#organization\",\"name\":\"Garantie.be\",\"url\":\"https:\\\/\\\/garantie.be\\\/fr\\\/\",\"logo\":{\"@type\":\"ImageObject\",\"inLanguage\":\"fr-FR\",\"@id\":\"https:\\\/\\\/garantie.be\\\/fr\\\/#\\\/schema\\\/logo\\\/image\\\/\",\"url\":\"\",\"contentUrl\":\"\",\"caption\":\"Garantie.be\"},\"image\":{\"@id\":\"https:\\\/\\\/garantie.be\\\/fr\\\/#\\\/schema\\\/logo\\\/image\\\/\"}}]}<\/script>\n<!-- \/ Yoast SEO plugin. -->","yoast_head_json":{"title":"Garantie locative en Wallonie par Internet | Formulaire en ligne","description":"D\u00e9couvrez les r\u00e8gles de la garantie locative en Wallonie et obtenez une garantie locative en ligne en quelques heures","robots":{"index":"index","follow":"follow","max-snippet":"max-snippet:-1","max-image-preview":"max-image-preview:large","max-video-preview":"max-video-preview:-1"},"canonical":"https:\/\/garantie.be\/fr\/garantie-locative-wallonie\/","og_locale":"fr_FR","og_type":"article","og_title":"Garantie locative en Wallonie par Internet | Formulaire en ligne","og_description":"D\u00e9couvrez les r\u00e8gles de la garantie locative en Wallonie et obtenez une garantie locative en ligne en quelques heures","og_url":"https:\/\/garantie.be\/fr\/garantie-locative-wallonie\/","og_site_name":"Garantie","article_modified_time":"2025-05-13T14:03:45+00:00","og_image":[{"url":"https:\/\/garantie.be\/wp-content\/uploads\/2021\/09\/Garantie-locative-Wallonie-300x94.jpg","type":"","width":"","height":""}],"twitter_card":"summary_large_image","twitter_misc":{"Dur\u00e9e de lecture estim\u00e9e":"4 minutes"},"schema":{"@context":"https:\/\/schema.org","@graph":[{"@type":"WebPage","@id":"https:\/\/garantie.be\/fr\/garantie-locative-wallonie\/","url":"https:\/\/garantie.be\/fr\/garantie-locative-wallonie\/","name":"Garantie locative en Wallonie par Internet | Formulaire en ligne","isPartOf":{"@id":"https:\/\/garantie.be\/fr\/#website"},"primaryImageOfPage":{"@id":"https:\/\/garantie.be\/fr\/garantie-locative-wallonie\/#primaryimage"},"image":{"@id":"https:\/\/garantie.be\/fr\/garantie-locative-wallonie\/#primaryimage"},"thumbnailUrl":"https:\/\/garantie.be\/wp-content\/uploads\/2021\/09\/Garantie-locative-Wallonie-300x94.jpg","datePublished":"2020-11-10T11:36:23+00:00","dateModified":"2025-05-13T14:03:45+00:00","description":"D\u00e9couvrez les r\u00e8gles de la garantie locative en Wallonie et obtenez une garantie locative en ligne en quelques heures","breadcrumb":{"@id":"https:\/\/garantie.be\/fr\/garantie-locative-wallonie\/#breadcrumb"},"inLanguage":"fr-FR","potentialAction":[{"@type":"ReadAction","target":["https:\/\/garantie.be\/fr\/garantie-locative-wallonie\/"]}]},{"@type":"ImageObject","inLanguage":"fr-FR","@id":"https:\/\/garantie.be\/fr\/garantie-locative-wallonie\/#primaryimage","url":"https:\/\/garantie.be\/wp-content\/uploads\/2021\/09\/Garantie-locative-Wallonie-300x94.jpg","contentUrl":"https:\/\/garantie.be\/wp-content\/uploads\/2021\/09\/Garantie-locative-Wallonie-300x94.jpg"},{"@type":"BreadcrumbList","@id":"https:\/\/garantie.be\/fr\/garantie-locative-wallonie\/#breadcrumb","itemListElement":[{"@type":"ListItem","position":1,"name":"Accueil","item":"https:\/\/garantie.be\/fr\/"},{"@type":"ListItem","position":2,"name":"Garantie locative Wallonie"}]},{"@type":"WebSite","@id":"https:\/\/garantie.be\/fr\/#website","url":"https:\/\/garantie.be\/fr\/","name":"Garantie","description":"","publisher":{"@id":"https:\/\/garantie.be\/fr\/#organization"},"potentialAction":[{"@type":"SearchAction","target":{"@type":"EntryPoint","urlTemplate":"https:\/\/garantie.be\/fr\/?s={search_term_string}"},"query-input":{"@type":"PropertyValueSpecification","valueRequired":true,"valueName":"search_term_string"}}],"inLanguage":"fr-FR"},{"@type":"Organization","@id":"https:\/\/garantie.be\/fr\/#organization","name":"Garantie.be","url":"https:\/\/garantie.be\/fr\/","logo":{"@type":"ImageObject","inLanguage":"fr-FR","@id":"https:\/\/garantie.be\/fr\/#\/schema\/logo\/image\/","url":"","contentUrl":"","caption":"Garantie.be"},"image":{"@id":"https:\/\/garantie.be\/fr\/#\/schema\/logo\/image\/"}}]}},"_links":{"self":[{"href":"https:\/\/garantie.be\/fr\/wp-json\/wp\/v2\/pages\/139","targetHints":{"allow":["GET"]}}],"collection":[{"href":"https:\/\/garantie.be\/fr\/wp-json\/wp\/v2\/pages"}],"about":[{"href":"https:\/\/garantie.be\/fr\/wp-json\/wp\/v2\/types\/page"}],"author":[{"embeddable":true,"href":"https:\/\/garantie.be\/fr\/wp-json\/wp\/v2\/users\/1"}],"replies":[{"embeddable":true,"href":"https:\/\/garantie.be\/fr\/wp-json\/wp\/v2\/comments?post=139"}],"version-history":[{"count":0,"href":"https:\/\/garantie.be\/fr\/wp-json\/wp\/v2\/pages\/139\/revisions"}],"wp:attachment":[{"href":"https:\/\/garantie.be\/fr\/wp-json\/wp\/v2\/media?parent=139"}],"curies":[{"name":"wp","href":"https:\/\/api.w.org\/{rel}","templated":true}]}}