{"id":14136,"date":"2021-09-23T10:45:11","date_gmt":"2021-09-23T08:45:11","guid":{"rendered":"https:\/\/garantie.be\/?page_id=14136"},"modified":"2026-01-07T10:10:53","modified_gmt":"2026-01-07T09:10:53","slug":"politique-de-confidentialite","status":"publish","type":"page","link":"https:\/\/garantie.be\/fr\/politique-de-confidentialite\/","title":{"rendered":"Politique de confidentialit\u00e9"},"content":{"rendered":"\t\t<div data-elementor-type=\"wp-page\" data-elementor-id=\"14136\" class=\"elementor elementor-14136\" data-elementor-post-type=\"page\">\n\t\t\t\t\t\t<section class=\"elementor-section elementor-top-section elementor-element elementor-element-30d2ce1f elementor-section-boxed elementor-section-height-default elementor-section-height-default\" data-id=\"30d2ce1f\" data-element_type=\"section\" data-e-type=\"section\">\n\t\t\t\t\t\t<div class=\"elementor-container elementor-column-gap-default\">\n\t\t\t\t\t<div class=\"elementor-column elementor-col-100 elementor-top-column elementor-element elementor-element-329bd7b4\" data-id=\"329bd7b4\" data-element_type=\"column\" data-e-type=\"column\">\n\t\t\t<div class=\"elementor-widget-wrap elementor-element-populated\">\n\t\t\t\t\t\t<div class=\"elementor-element elementor-element-4527746a elementor-widget elementor-widget-spacer\" data-id=\"4527746a\" data-element_type=\"widget\" data-e-type=\"widget\" data-widget_type=\"spacer.default\">\n\t\t\t\t<div class=\"elementor-widget-container\">\n\t\t\t\t\t\t\t<div class=\"elementor-spacer\">\n\t\t\t<div class=\"elementor-spacer-inner\"><\/div>\n\t\t<\/div>\n\t\t\t\t\t\t<\/div>\n\t\t\t\t<\/div>\n\t\t\t\t<div class=\"elementor-element elementor-element-5f4653e6 elementor-widget elementor-widget-heading\" data-id=\"5f4653e6\" data-element_type=\"widget\" data-e-type=\"widget\" data-widget_type=\"heading.default\">\n\t\t\t\t<div class=\"elementor-widget-container\">\n\t\t\t\t\t<h1 class=\"elementor-heading-title elementor-size-default\">Politique de <br><b>confidentialit\u00e9<\/b><\/h1>\t\t\t\t<\/div>\n\t\t\t\t<\/div>\n\t\t\t\t<div class=\"elementor-element elementor-element-119be207 elementor-widget elementor-widget-spacer\" data-id=\"119be207\" data-element_type=\"widget\" data-e-type=\"widget\" data-widget_type=\"spacer.default\">\n\t\t\t\t<div class=\"elementor-widget-container\">\n\t\t\t\t\t\t\t<div class=\"elementor-spacer\">\n\t\t\t<div class=\"elementor-spacer-inner\"><\/div>\n\t\t<\/div>\n\t\t\t\t\t\t<\/div>\n\t\t\t\t<\/div>\n\t\t\t\t\t<\/div>\n\t\t<\/div>\n\t\t\t\t\t<\/div>\n\t\t<\/section>\n\t\t\t\t<section class=\"elementor-section elementor-top-section elementor-element elementor-element-791cc7bc elementor-section-boxed elementor-section-height-default elementor-section-height-default\" data-id=\"791cc7bc\" data-element_type=\"section\" data-e-type=\"section\">\n\t\t\t\t\t\t<div class=\"elementor-container elementor-column-gap-default\">\n\t\t\t\t\t<div class=\"elementor-column elementor-col-100 elementor-top-column elementor-element elementor-element-2251ecb4\" data-id=\"2251ecb4\" data-element_type=\"column\" data-e-type=\"column\">\n\t\t\t<div class=\"elementor-widget-wrap elementor-element-populated\">\n\t\t\t\t\t\t<div class=\"elementor-element elementor-element-6386da1e elementor-widget elementor-widget-heading\" data-id=\"6386da1e\" data-element_type=\"widget\" data-e-type=\"widget\" data-widget_type=\"heading.default\">\n\t\t\t\t<div class=\"elementor-widget-container\">\n\t\t\t\t\t<h2 class=\"elementor-heading-title elementor-size-default\">Qui sommes-nous ?<\/h2>\t\t\t\t<\/div>\n\t\t\t\t<\/div>\n\t\t\t\t<div class=\"elementor-element elementor-element-317fdf70 elementor-widget elementor-widget-text-editor\" data-id=\"317fdf70\" data-element_type=\"widget\" data-e-type=\"widget\" data-widget_type=\"text-editor.default\">\n\t\t\t\t<div class=\"elementor-widget-container\">\n\t\t\t\t\t\t\t\t\t<p>Vous consultez le site <a href=\"https:\/\/garantie.be\/fr\/\" target=\"_new\" rel=\"noopener\"><span style=\"text-decoration: underline;\">garantie.be<\/span><\/a> qui est la propri\u00e9t\u00e9 de la soci\u00e9t\u00e9 belge sp\u00e9cialis\u00e9e dans les cautions locatives <a href=\"https:\/\/garantir.be\"><span style=\"text-decoration: underline;\">Garantir SRL<\/span><\/a>.<\/p><p>Nous accordons une attention particuli\u00e8re \u00e0 la protection des donn\u00e9es personnelles que vous nous confiez dans le cadre de votre demande de <a href=\"https:\/\/garantie.be\/fr\/garantie-locative-en-ligne\/\">garantie locative en ligne<\/a>. Cette page d\u00e9taille ce que nous faisons de vos informations personnelles.<\/p>\t\t\t\t\t\t\t\t<\/div>\n\t\t\t\t<\/div>\n\t\t\t\t<div class=\"elementor-element elementor-element-2d038c00 elementor-widget elementor-widget-heading\" data-id=\"2d038c00\" data-element_type=\"widget\" data-e-type=\"widget\" data-widget_type=\"heading.default\">\n\t\t\t\t<div class=\"elementor-widget-container\">\n\t\t\t\t\t<h2 class=\"elementor-heading-title elementor-size-default\">Quelles donn\u00e9es collectons nous ?<\/h2>\t\t\t\t<\/div>\n\t\t\t\t<\/div>\n\t\t\t\t<div class=\"elementor-element elementor-element-17e75351 elementor-widget elementor-widget-text-editor\" data-id=\"17e75351\" data-element_type=\"widget\" data-e-type=\"widget\" data-widget_type=\"text-editor.default\">\n\t\t\t\t<div class=\"elementor-widget-container\">\n\t\t\t\t\t\t\t\t\t<p>Lorsque vous compl\u00e9tez notre formulaire de demande de caution, nous collectons les donn\u00e9es suivantes :<\/p><ul><li>Donn\u00e9es d\u2019identification : nom, pr\u00e9nom, date de naissance, adresse, t\u00e9l\u00e9phone, email<\/li><li>Donn\u00e9es professionnelles : type de contrat de travail, employeur, revenus<\/li><li>Pi\u00e8ces justificatives : copie de la carte d\u2019identit\u00e9, justificatifs de revenus, projet de bail, etc.<\/li><li>Donn\u00e9es techniques : adresse IP, type de navigateur, syst\u00e8me d\u2019exploitation, temps de visite (via cookies).<\/li><\/ul><p>\u00a0<\/p><p>Vous pouvez consulter notre <span style=\"text-decoration: underline;\"><a href=\"https:\/\/garantie.be\/fr\/politique-de-cookies-ue\/\">politique de cookies<\/a><\/span> pour plus de d\u00e9tails.<\/p>\t\t\t\t\t\t\t\t<\/div>\n\t\t\t\t<\/div>\n\t\t\t\t<div class=\"elementor-element elementor-element-6ec99cbd elementor-widget elementor-widget-heading\" data-id=\"6ec99cbd\" data-element_type=\"widget\" data-e-type=\"widget\" data-widget_type=\"heading.default\">\n\t\t\t\t<div class=\"elementor-widget-container\">\n\t\t\t\t\t<h2 class=\"elementor-heading-title elementor-size-default\">Comment utilisons nous vos donn\u00e9es ?<\/h2>\t\t\t\t<\/div>\n\t\t\t\t<\/div>\n\t\t\t\t<div class=\"elementor-element elementor-element-39d89d91 elementor-widget elementor-widget-text-editor\" data-id=\"39d89d91\" data-element_type=\"widget\" data-e-type=\"widget\" data-widget_type=\"text-editor.default\">\n\t\t\t\t<div class=\"elementor-widget-container\">\n\t\t\t\t\t\t\t\t\t<p>Vos donn\u00e9es sont utilis\u00e9es uniquement pour :<\/p><ul><li>\u00c9valuer votre demande de caution locative<\/li><li>G\u00e9rer le traitement de votre dossier et, en cas d\u2019accord, \u00e9tablir le contrat de caution<\/li><li>Adresser l\u2019attestation de caution au bailleur si la demande est accept\u00e9e<\/li><li>Vous contacter si n\u00e9cessaire pour compl\u00e9ter ou actualiser votre dossier<\/li><li>R\u00e9pondre \u00e0 nos obligations l\u00e9gales<\/li><\/ul><p>\u00a0<\/p>\t\t\t\t\t\t\t\t<\/div>\n\t\t\t\t<\/div>\n\t\t\t\t<div class=\"elementor-element elementor-element-f4ccdd1 elementor-widget elementor-widget-heading\" data-id=\"f4ccdd1\" data-element_type=\"widget\" data-e-type=\"widget\" data-widget_type=\"heading.default\">\n\t\t\t\t<div class=\"elementor-widget-container\">\n\t\t\t\t\t<h2 class=\"elementor-heading-title elementor-size-default\">Base l\u00e9gale du traitement<\/h2>\t\t\t\t<\/div>\n\t\t\t\t<\/div>\n\t\t\t\t<div class=\"elementor-element elementor-element-5e084e6 elementor-widget elementor-widget-text-editor\" data-id=\"5e084e6\" data-element_type=\"widget\" data-e-type=\"widget\" data-widget_type=\"text-editor.default\">\n\t\t\t\t<div class=\"elementor-widget-container\">\n\t\t\t\t\t\t\t\t\t<p>Nous traitons vos donn\u00e9es sur la base :<\/p><ul><li>de mesures pr\u00e9contractuelles (analyse de votre dossier),<\/li><li>ou de l\u2019ex\u00e9cution d\u2019un contrat, si une caution est accord\u00e9e (article 6.1.b du RGPD).<\/li><\/ul><p>\u00a0<\/p>\t\t\t\t\t\t\t\t<\/div>\n\t\t\t\t<\/div>\n\t\t\t\t<div class=\"elementor-element elementor-element-44b0472 elementor-widget elementor-widget-heading\" data-id=\"44b0472\" data-element_type=\"widget\" data-e-type=\"widget\" data-widget_type=\"heading.default\">\n\t\t\t\t<div class=\"elementor-widget-container\">\n\t\t\t\t\t<h2 class=\"elementor-heading-title elementor-size-default\">Qui a acc\u00e8s \u00e0 vos donn\u00e9es ?<\/h2>\t\t\t\t<\/div>\n\t\t\t\t<\/div>\n\t\t\t\t<div class=\"elementor-element elementor-element-b778736 elementor-widget elementor-widget-text-editor\" data-id=\"b778736\" data-element_type=\"widget\" data-e-type=\"widget\" data-widget_type=\"text-editor.default\">\n\t\t\t\t<div class=\"elementor-widget-container\">\n\t\t\t\t\t\t\t\t\t<p>Les donn\u00e9es collect\u00e9es ne sont transmises \u00e0 aucun tiers ext\u00e9rieur.<\/p><p>Seuls les collaborateurs habilit\u00e9s de GARANTIR SRL y ont acc\u00e8s, dans la limite de leurs fonctions, et uniquement aux fins pr\u00e9cit\u00e9es.<br \/>L\u2019attestation de caution remise au bailleur ne contient aucune donn\u00e9e personnelle confidentielle, mais uniquement les noms des locataires figurant dans le bail.<\/p>\t\t\t\t\t\t\t\t<\/div>\n\t\t\t\t<\/div>\n\t\t\t\t<div class=\"elementor-element elementor-element-04d9ebd elementor-widget elementor-widget-heading\" data-id=\"04d9ebd\" data-element_type=\"widget\" data-e-type=\"widget\" data-widget_type=\"heading.default\">\n\t\t\t\t<div class=\"elementor-widget-container\">\n\t\t\t\t\t<h2 class=\"elementor-heading-title elementor-size-default\">Combien de temps conservons nous vos donn\u00e9es ?<\/h2>\t\t\t\t<\/div>\n\t\t\t\t<\/div>\n\t\t\t\t<div class=\"elementor-element elementor-element-f553db0 elementor-widget elementor-widget-text-editor\" data-id=\"f553db0\" data-element_type=\"widget\" data-e-type=\"widget\" data-widget_type=\"text-editor.default\">\n\t\t\t\t<div class=\"elementor-widget-container\">\n\t\t\t\t\t\t\t\t\t<ul><li>Si votre demande aboutit \u00e0 un contrat de caution : vos donn\u00e9es sont conserv\u00e9es pendant la dur\u00e9e du contrat, puis archiv\u00e9es pendant 5 ans (\u00e0 des fins probatoires).<\/li><li>Si votre demande est refus\u00e9e ou abandonn\u00e9e : vos donn\u00e9es sont supprim\u00e9es dans un d\u00e9lai maximum de 60 jours.<\/li><\/ul><p>\u00a0<\/p>\t\t\t\t\t\t\t\t<\/div>\n\t\t\t\t<\/div>\n\t\t\t\t<div class=\"elementor-element elementor-element-0d2a27d elementor-widget elementor-widget-heading\" data-id=\"0d2a27d\" data-element_type=\"widget\" data-e-type=\"widget\" data-widget_type=\"heading.default\">\n\t\t\t\t<div class=\"elementor-widget-container\">\n\t\t\t\t\t<h2 class=\"elementor-heading-title elementor-size-default\">Vos droits<\/h2>\t\t\t\t<\/div>\n\t\t\t\t<\/div>\n\t\t\t\t<div class=\"elementor-element elementor-element-d372252 elementor-widget elementor-widget-text-editor\" data-id=\"d372252\" data-element_type=\"widget\" data-e-type=\"widget\" data-widget_type=\"text-editor.default\">\n\t\t\t\t<div class=\"elementor-widget-container\">\n\t\t\t\t\t\t\t\t\t<p>Vous disposez \u00e0 tout moment des droits suivants sur vos donn\u00e9es personnelles :<\/p><ul><li>Acc\u00e8s \u00e0 vos donn\u00e9es<\/li><li>Rectification ou mise \u00e0 jour<\/li><li>Effacement (droit \u00e0 l\u2019oubli)<\/li><li>Limitation du traitement<\/li><li>Opposition, dans certains cas<\/li><\/ul><p>\u00a0<\/p><p>Pour exercer vos droits, \u00e9crivez nous gr\u00e2ce \u00e0 notre <a href=\"https:\/\/account.garantie.be\/fr\/contact\/\">formulaire de contact<\/a>.<\/p><p>En cas de difficult\u00e9, vous avez \u00e9galement le droit d\u2019introduire une r\u00e9clamation aupr\u00e8s de l\u2019Autorit\u00e9 de protection des donn\u00e9es :<br \/>www.autoriteprotectiondonnees.be<\/p>\t\t\t\t\t\t\t\t<\/div>\n\t\t\t\t<\/div>\n\t\t\t\t<div class=\"elementor-element elementor-element-8ce7e22 elementor-widget elementor-widget-heading\" data-id=\"8ce7e22\" data-element_type=\"widget\" data-e-type=\"widget\" data-widget_type=\"heading.default\">\n\t\t\t\t<div class=\"elementor-widget-container\">\n\t\t\t\t\t<h2 class=\"elementor-heading-title elementor-size-default\">S\u00e9curit\u00e9<\/h2>\t\t\t\t<\/div>\n\t\t\t\t<\/div>\n\t\t\t\t<div class=\"elementor-element elementor-element-8c326d5 elementor-widget elementor-widget-text-editor\" data-id=\"8c326d5\" data-element_type=\"widget\" data-e-type=\"widget\" data-widget_type=\"text-editor.default\">\n\t\t\t\t<div class=\"elementor-widget-container\">\n\t\t\t\t\t\t\t\t\t<p>Vos donn\u00e9es sont h\u00e9berg\u00e9es sur des serveurs s\u00e9curis\u00e9s, prot\u00e9g\u00e9s par des mesures techniques et organisationnelles appropri\u00e9es (pare-feu, contr\u00f4le d\u2019acc\u00e8s, etc.). Nous ne transmettons jamais vos documents par des canaux non s\u00e9curis\u00e9s, et nous ne demandons jamais de mot de passe par email.<\/p>\t\t\t\t\t\t\t\t<\/div>\n\t\t\t\t<\/div>\n\t\t\t\t<div class=\"elementor-element elementor-element-d354ae4 elementor-widget elementor-widget-heading\" data-id=\"d354ae4\" data-element_type=\"widget\" data-e-type=\"widget\" data-widget_type=\"heading.default\">\n\t\t\t\t<div class=\"elementor-widget-container\">\n\t\t\t\t\t<h2 class=\"elementor-heading-title elementor-size-default\">Mise \u00e0 jour\n<\/h2>\t\t\t\t<\/div>\n\t\t\t\t<\/div>\n\t\t\t\t<div class=\"elementor-element elementor-element-31d933b elementor-widget elementor-widget-text-editor\" data-id=\"31d933b\" data-element_type=\"widget\" data-e-type=\"widget\" data-widget_type=\"text-editor.default\">\n\t\t\t\t<div class=\"elementor-widget-container\">\n\t\t\t\t\t\t\t\t\t<p>Cette politique peut \u00eatre mise \u00e0 jour \u00e0 tout moment. La derni\u00e8re version publi\u00e9e sur le site fait foi.<br \/>Nous vous invitons \u00e0 la consulter r\u00e9guli\u00e8rement.<\/p><p>\u00a0<\/p>\t\t\t\t\t\t\t\t<\/div>\n\t\t\t\t<\/div>\n\t\t\t\t\t<\/div>\n\t\t<\/div>\n\t\t\t\t\t<\/div>\n\t\t<\/section>\n\t\t\t\t<\/div>\n\t\t","protected":false},"excerpt":{"rendered":"<p>Politique de confidentialit\u00e9 Qui sommes-nous ? Vous consultez le site garantie.be qui est la propri\u00e9t\u00e9 de la soci\u00e9t\u00e9 belge sp\u00e9cialis\u00e9e dans les cautions locatives Garantir SRL. Nous accordons une attention particuli\u00e8re \u00e0 la protection des donn\u00e9es personnelles que vous nous confiez dans le cadre de votre demande de garantie locative en ligne. Cette page d\u00e9taille [&hellip;]<\/p>\n","protected":false},"author":1,"featured_media":0,"parent":0,"menu_order":0,"comment_status":"closed","ping_status":"closed","template":"","meta":{"footnotes":""},"class_list":["post-14136","page","type-page","status-publish","hentry"],"yoast_head":"<!-- This site is optimized with the Yoast SEO plugin v27.4 - https:\/\/yoast.com\/product\/yoast-seo-wordpress\/ -->\n<title>Politique de confidentialit\u00e9<\/title>\n<meta name=\"description\" content=\"D\u00e9couvrez en d\u00e9tail la politique de confidentialit\u00e9 de notre site web garantie.be sp\u00e9cialis\u00e9 dans les services de garantie locative en ligne.\" \/>\n<meta name=\"robots\" content=\"index, follow, max-snippet:-1, max-image-preview:large, max-video-preview:-1\" \/>\n<link rel=\"canonical\" href=\"https:\/\/garantie.be\/fr\/politique-de-confidentialite\/\" \/>\n<meta property=\"og:locale\" content=\"fr_FR\" \/>\n<meta property=\"og:type\" content=\"article\" \/>\n<meta property=\"og:title\" content=\"Politique de confidentialit\u00e9\" \/>\n<meta property=\"og:description\" content=\"D\u00e9couvrez en d\u00e9tail la politique de confidentialit\u00e9 de notre site web garantie.be sp\u00e9cialis\u00e9 dans les services de garantie locative en ligne.\" \/>\n<meta property=\"og:url\" content=\"https:\/\/garantie.be\/fr\/politique-de-confidentialite\/\" \/>\n<meta property=\"og:site_name\" content=\"Garantie\" \/>\n<meta property=\"article:modified_time\" content=\"2026-01-07T09:10:53+00:00\" \/>\n<meta name=\"twitter:card\" content=\"summary_large_image\" \/>\n<meta name=\"twitter:label1\" content=\"Dur\u00e9e de lecture estim\u00e9e\" \/>\n\t<meta name=\"twitter:data1\" content=\"3 minutes\" \/>\n<script type=\"application\/ld+json\" class=\"yoast-schema-graph\">{\"@context\":\"https:\\\/\\\/schema.org\",\"@graph\":[{\"@type\":\"WebPage\",\"@id\":\"https:\\\/\\\/garantie.be\\\/fr\\\/politique-de-confidentialite\\\/\",\"url\":\"https:\\\/\\\/garantie.be\\\/fr\\\/politique-de-confidentialite\\\/\",\"name\":\"Politique de confidentialit\u00e9\",\"isPartOf\":{\"@id\":\"https:\\\/\\\/garantie.be\\\/fr\\\/#website\"},\"datePublished\":\"2021-09-23T08:45:11+00:00\",\"dateModified\":\"2026-01-07T09:10:53+00:00\",\"description\":\"D\u00e9couvrez en d\u00e9tail la politique de confidentialit\u00e9 de notre site web garantie.be sp\u00e9cialis\u00e9 dans les services de garantie locative en ligne.\",\"breadcrumb\":{\"@id\":\"https:\\\/\\\/garantie.be\\\/fr\\\/politique-de-confidentialite\\\/#breadcrumb\"},\"inLanguage\":\"fr-FR\",\"potentialAction\":[{\"@type\":\"ReadAction\",\"target\":[\"https:\\\/\\\/garantie.be\\\/fr\\\/politique-de-confidentialite\\\/\"]}]},{\"@type\":\"BreadcrumbList\",\"@id\":\"https:\\\/\\\/garantie.be\\\/fr\\\/politique-de-confidentialite\\\/#breadcrumb\",\"itemListElement\":[{\"@type\":\"ListItem\",\"position\":1,\"name\":\"Accueil\",\"item\":\"https:\\\/\\\/garantie.be\\\/fr\\\/\"},{\"@type\":\"ListItem\",\"position\":2,\"name\":\"Politique de confidentialit\u00e9\"}]},{\"@type\":\"WebSite\",\"@id\":\"https:\\\/\\\/garantie.be\\\/fr\\\/#website\",\"url\":\"https:\\\/\\\/garantie.be\\\/fr\\\/\",\"name\":\"Garantie\",\"description\":\"\",\"publisher\":{\"@id\":\"https:\\\/\\\/garantie.be\\\/fr\\\/#organization\"},\"potentialAction\":[{\"@type\":\"SearchAction\",\"target\":{\"@type\":\"EntryPoint\",\"urlTemplate\":\"https:\\\/\\\/garantie.be\\\/fr\\\/?s={search_term_string}\"},\"query-input\":{\"@type\":\"PropertyValueSpecification\",\"valueRequired\":true,\"valueName\":\"search_term_string\"}}],\"inLanguage\":\"fr-FR\"},{\"@type\":\"Organization\",\"@id\":\"https:\\\/\\\/garantie.be\\\/fr\\\/#organization\",\"name\":\"Garantie.be\",\"url\":\"https:\\\/\\\/garantie.be\\\/fr\\\/\",\"logo\":{\"@type\":\"ImageObject\",\"inLanguage\":\"fr-FR\",\"@id\":\"https:\\\/\\\/garantie.be\\\/fr\\\/#\\\/schema\\\/logo\\\/image\\\/\",\"url\":\"\",\"contentUrl\":\"\",\"caption\":\"Garantie.be\"},\"image\":{\"@id\":\"https:\\\/\\\/garantie.be\\\/fr\\\/#\\\/schema\\\/logo\\\/image\\\/\"}}]}<\/script>\n<!-- \/ Yoast SEO plugin. -->","yoast_head_json":{"title":"Politique de confidentialit\u00e9","description":"D\u00e9couvrez en d\u00e9tail la politique de confidentialit\u00e9 de notre site web garantie.be sp\u00e9cialis\u00e9 dans les services de garantie locative en ligne.","robots":{"index":"index","follow":"follow","max-snippet":"max-snippet:-1","max-image-preview":"max-image-preview:large","max-video-preview":"max-video-preview:-1"},"canonical":"https:\/\/garantie.be\/fr\/politique-de-confidentialite\/","og_locale":"fr_FR","og_type":"article","og_title":"Politique de confidentialit\u00e9","og_description":"D\u00e9couvrez en d\u00e9tail la politique de confidentialit\u00e9 de notre site web garantie.be sp\u00e9cialis\u00e9 dans les services de garantie locative en ligne.","og_url":"https:\/\/garantie.be\/fr\/politique-de-confidentialite\/","og_site_name":"Garantie","article_modified_time":"2026-01-07T09:10:53+00:00","twitter_card":"summary_large_image","twitter_misc":{"Dur\u00e9e de lecture estim\u00e9e":"3 minutes"},"schema":{"@context":"https:\/\/schema.org","@graph":[{"@type":"WebPage","@id":"https:\/\/garantie.be\/fr\/politique-de-confidentialite\/","url":"https:\/\/garantie.be\/fr\/politique-de-confidentialite\/","name":"Politique de confidentialit\u00e9","isPartOf":{"@id":"https:\/\/garantie.be\/fr\/#website"},"datePublished":"2021-09-23T08:45:11+00:00","dateModified":"2026-01-07T09:10:53+00:00","description":"D\u00e9couvrez en d\u00e9tail la politique de confidentialit\u00e9 de notre site web garantie.be sp\u00e9cialis\u00e9 dans les services de garantie locative en ligne.","breadcrumb":{"@id":"https:\/\/garantie.be\/fr\/politique-de-confidentialite\/#breadcrumb"},"inLanguage":"fr-FR","potentialAction":[{"@type":"ReadAction","target":["https:\/\/garantie.be\/fr\/politique-de-confidentialite\/"]}]},{"@type":"BreadcrumbList","@id":"https:\/\/garantie.be\/fr\/politique-de-confidentialite\/#breadcrumb","itemListElement":[{"@type":"ListItem","position":1,"name":"Accueil","item":"https:\/\/garantie.be\/fr\/"},{"@type":"ListItem","position":2,"name":"Politique de confidentialit\u00e9"}]},{"@type":"WebSite","@id":"https:\/\/garantie.be\/fr\/#website","url":"https:\/\/garantie.be\/fr\/","name":"Garantie","description":"","publisher":{"@id":"https:\/\/garantie.be\/fr\/#organization"},"potentialAction":[{"@type":"SearchAction","target":{"@type":"EntryPoint","urlTemplate":"https:\/\/garantie.be\/fr\/?s={search_term_string}"},"query-input":{"@type":"PropertyValueSpecification","valueRequired":true,"valueName":"search_term_string"}}],"inLanguage":"fr-FR"},{"@type":"Organization","@id":"https:\/\/garantie.be\/fr\/#organization","name":"Garantie.be","url":"https:\/\/garantie.be\/fr\/","logo":{"@type":"ImageObject","inLanguage":"fr-FR","@id":"https:\/\/garantie.be\/fr\/#\/schema\/logo\/image\/","url":"","contentUrl":"","caption":"Garantie.be"},"image":{"@id":"https:\/\/garantie.be\/fr\/#\/schema\/logo\/image\/"}}]}},"_links":{"self":[{"href":"https:\/\/garantie.be\/fr\/wp-json\/wp\/v2\/pages\/14136","targetHints":{"allow":["GET"]}}],"collection":[{"href":"https:\/\/garantie.be\/fr\/wp-json\/wp\/v2\/pages"}],"about":[{"href":"https:\/\/garantie.be\/fr\/wp-json\/wp\/v2\/types\/page"}],"author":[{"embeddable":true,"href":"https:\/\/garantie.be\/fr\/wp-json\/wp\/v2\/users\/1"}],"replies":[{"embeddable":true,"href":"https:\/\/garantie.be\/fr\/wp-json\/wp\/v2\/comments?post=14136"}],"version-history":[{"count":0,"href":"https:\/\/garantie.be\/fr\/wp-json\/wp\/v2\/pages\/14136\/revisions"}],"wp:attachment":[{"href":"https:\/\/garantie.be\/fr\/wp-json\/wp\/v2\/media?parent=14136"}],"curies":[{"name":"wp","href":"https:\/\/api.w.org\/{rel}","templated":true}]}}