{"id":14323,"date":"2021-10-06T18:28:35","date_gmt":"2021-10-06T16:28:35","guid":{"rendered":"https:\/\/garantie.be\/?page_id=14323"},"modified":"2024-12-04T16:27:18","modified_gmt":"2024-12-04T15:27:18","slug":"garantie-bancaire-locative","status":"publish","type":"page","link":"https:\/\/garantie.be\/fr\/garantie-bancaire-locative\/","title":{"rendered":"Garantie bancaire locative | formulaire en ligne"},"content":{"rendered":"\t\t<div data-elementor-type=\"wp-page\" data-elementor-id=\"14323\" class=\"elementor elementor-14323\" data-elementor-post-type=\"page\">\n\t\t\t\t\t\t<section class=\"elementor-section elementor-top-section elementor-element elementor-element-7cf6e785 elementor-section-boxed elementor-section-height-default elementor-section-height-default\" data-id=\"7cf6e785\" data-element_type=\"section\" data-e-type=\"section\">\n\t\t\t\t\t\t<div class=\"elementor-container elementor-column-gap-default\">\n\t\t\t\t\t<div class=\"elementor-column elementor-col-100 elementor-top-column elementor-element elementor-element-76f927c3\" data-id=\"76f927c3\" data-element_type=\"column\" data-e-type=\"column\">\n\t\t\t<div class=\"elementor-widget-wrap elementor-element-populated\">\n\t\t\t\t\t\t<div class=\"elementor-element elementor-element-1859ae2a elementor-widget elementor-widget-spacer\" data-id=\"1859ae2a\" data-element_type=\"widget\" data-e-type=\"widget\" data-widget_type=\"spacer.default\">\n\t\t\t\t<div class=\"elementor-widget-container\">\n\t\t\t\t\t\t\t<div class=\"elementor-spacer\">\n\t\t\t<div class=\"elementor-spacer-inner\"><\/div>\n\t\t<\/div>\n\t\t\t\t\t\t<\/div>\n\t\t\t\t<\/div>\n\t\t\t\t<div class=\"elementor-element elementor-element-46e8b9d3 elementor-widget elementor-widget-heading\" data-id=\"46e8b9d3\" data-element_type=\"widget\" data-e-type=\"widget\" data-widget_type=\"heading.default\">\n\t\t\t\t<div class=\"elementor-widget-container\">\n\t\t\t\t\t<h1 class=\"elementor-heading-title elementor-size-default\">La garantie<br>\n<b> bancaire locative<\/b><\/h1>\t\t\t\t<\/div>\n\t\t\t\t<\/div>\n\t\t\t\t<div class=\"elementor-element elementor-element-5a286d19 elementor-widget elementor-widget-spacer\" data-id=\"5a286d19\" data-element_type=\"widget\" data-e-type=\"widget\" data-widget_type=\"spacer.default\">\n\t\t\t\t<div class=\"elementor-widget-container\">\n\t\t\t\t\t\t\t<div class=\"elementor-spacer\">\n\t\t\t<div class=\"elementor-spacer-inner\"><\/div>\n\t\t<\/div>\n\t\t\t\t\t\t<\/div>\n\t\t\t\t<\/div>\n\t\t\t\t\t<\/div>\n\t\t<\/div>\n\t\t\t\t\t<\/div>\n\t\t<\/section>\n\t\t\t\t<section class=\"elementor-section elementor-top-section elementor-element elementor-element-2d3dbde9 elementor-section-height-min-height elementor-section-content-middle elementor-section-boxed elementor-section-height-default elementor-section-items-middle\" data-id=\"2d3dbde9\" data-element_type=\"section\" data-e-type=\"section\" data-settings=\"{&quot;background_background&quot;:&quot;classic&quot;}\">\n\t\t\t\t\t\t<div class=\"elementor-container elementor-column-gap-default\">\n\t\t\t\t\t<div class=\"elementor-column elementor-col-100 elementor-top-column elementor-element elementor-element-191a8c16\" data-id=\"191a8c16\" data-element_type=\"column\" data-e-type=\"column\">\n\t\t\t<div class=\"elementor-widget-wrap elementor-element-populated\">\n\t\t\t\t\t\t<div class=\"elementor-element elementor-element-3a9596a3 elementor-widget-divider--view-line elementor-widget elementor-widget-divider\" data-id=\"3a9596a3\" data-element_type=\"widget\" data-e-type=\"widget\" data-widget_type=\"divider.default\">\n\t\t\t\t<div class=\"elementor-widget-container\">\n\t\t\t\t\t\t\t<div class=\"elementor-divider\">\n\t\t\t<span class=\"elementor-divider-separator\">\n\t\t\t\t\t\t<\/span>\n\t\t<\/div>\n\t\t\t\t\t\t<\/div>\n\t\t\t\t<\/div>\n\t\t\t\t<div class=\"elementor-element elementor-element-92bf5e1 elementor-widget elementor-widget-heading\" data-id=\"92bf5e1\" data-element_type=\"widget\" data-e-type=\"widget\" data-widget_type=\"heading.default\">\n\t\t\t\t<div class=\"elementor-widget-container\">\n\t\t\t\t\t<h2 class=\"elementor-heading-title elementor-size-default\">La garantie bancaire en caution locative<\/h2>\t\t\t\t<\/div>\n\t\t\t\t<\/div>\n\t\t\t\t<div class=\"elementor-element elementor-element-d8db462 elementor-widget elementor-widget-text-editor\" data-id=\"d8db462\" data-element_type=\"widget\" data-e-type=\"widget\" data-widget_type=\"text-editor.default\">\n\t\t\t\t<div class=\"elementor-widget-container\">\n\t\t\t\t\t\t\t\t\t<p>Pour souscrire une garantie locative \u00ab\u00a0bancaire\u00a0\u00bb il faut, comme son nom l&rsquo;indique, s&rsquo;adresser \u00e0 une banque et d\u00e9poser un dossier sp\u00e9cifique de demande de garantie bancaire. La caution \u00e9mise par la banque permet \u00e0 un locataire de fournir une garantie de paiement au bailleur. La banque du locataire se porte garant pour le locataire qui reconstitue mensuellement le montant aupr\u00e8s de la banque au cours des 3 premi\u00e8res ann\u00e9es du bail de location.<\/p>\t\t\t\t\t\t\t\t<\/div>\n\t\t\t\t<\/div>\n\t\t\t\t<div class=\"elementor-element elementor-element-69e0bf7 elementor-widget elementor-widget-text-editor\" data-id=\"69e0bf7\" data-element_type=\"widget\" data-e-type=\"widget\" data-widget_type=\"text-editor.default\">\n\t\t\t\t<div class=\"elementor-widget-container\">\n\t\t\t\t\t\t\t\t\t<p><span style=\"font-weight: 400;\"><strong>Pour obtenir une attestation de garantie locative en quelques heures<\/strong>, il vous suffit de compl\u00e9ter le formulaire en cliquant sur <\/span><span style=\"text-decoration: underline;\"><a href=\"https:\/\/garantie.be\/fr\/garantie-locative-en-ligne\/\"><span style=\"font-weight: 400;\">garantie locative en ligne<\/span><\/a><\/span><span style=\"font-weight: 400;\">.<\/span><\/p>\t\t\t\t\t\t\t\t<\/div>\n\t\t\t\t<\/div>\n\t\t\t\t<div class=\"elementor-element elementor-element-449dd65 elementor-widget elementor-widget-spacer\" data-id=\"449dd65\" data-element_type=\"widget\" data-e-type=\"widget\" data-widget_type=\"spacer.default\">\n\t\t\t\t<div class=\"elementor-widget-container\">\n\t\t\t\t\t\t\t<div class=\"elementor-spacer\">\n\t\t\t<div class=\"elementor-spacer-inner\"><\/div>\n\t\t<\/div>\n\t\t\t\t\t\t<\/div>\n\t\t\t\t<\/div>\n\t\t\t\t<div class=\"elementor-element elementor-element-a2bbcd6 elementor-widget elementor-widget-heading\" data-id=\"a2bbcd6\" data-element_type=\"widget\" data-e-type=\"widget\" data-widget_type=\"heading.default\">\n\t\t\t\t<div class=\"elementor-widget-container\">\n\t\t\t\t\t<h2 class=\"elementor-heading-title elementor-size-default\">Qu\u2019est ce que la garantie bancaire  locative ?<\/h2>\t\t\t\t<\/div>\n\t\t\t\t<\/div>\n\t\t\t\t<div class=\"elementor-element elementor-element-85fe357 elementor-widget elementor-widget-text-editor\" data-id=\"85fe357\" data-element_type=\"widget\" data-e-type=\"widget\" data-widget_type=\"text-editor.default\">\n\t\t\t\t<div class=\"elementor-widget-container\">\n\t\t\t\t\t\t\t\t\t<p>La garantie bancaire locative est une garantie que donne la banque pour le compte du locataire au bailleur. La garantie de la banque couvre les engagements locatifs du locataire dans le cadre du contrat de bail. La banque fait signer au locataire un contrat de garantie qui l&rsquo;engage \u00e0 reconstituer aupr\u00e8s de la banque le montant de la garantie pendant les premi\u00e8res ann\u00e9es du <a href=\"https:\/\/garantie.be\/fr\/bail-de-location\/\">bail de location immobilier<\/a>.<\/p>\t\t\t\t\t\t\t\t<\/div>\n\t\t\t\t<\/div>\n\t\t\t\t<div class=\"elementor-element elementor-element-3b21038 elementor-widget elementor-widget-heading\" data-id=\"3b21038\" data-element_type=\"widget\" data-e-type=\"widget\" data-widget_type=\"heading.default\">\n\t\t\t\t<div class=\"elementor-widget-container\">\n\t\t\t\t\t<h2 class=\"elementor-heading-title elementor-size-default\">Comment fonctionne une garantie bancaire locative ?<\/h2>\t\t\t\t<\/div>\n\t\t\t\t<\/div>\n\t\t\t\t<div class=\"elementor-element elementor-element-f2a2329 elementor-widget elementor-widget-text-editor\" data-id=\"f2a2329\" data-element_type=\"widget\" data-e-type=\"widget\" data-widget_type=\"text-editor.default\">\n\t\t\t\t<div class=\"elementor-widget-container\">\n\t\t\t\t\t\t\t\t\t<p>La banque se porte garante du locataire envers le bailleur \u00e0 hauteur du montant de la garantie locative indiqu\u00e9e dans le bail. Le locataire s&rsquo;engage en \u00e9change \u00e0 reconstituer le montant de la garantie aupr\u00e8s de la banque au travers du versement de mensualit\u00e9s. En g\u00e9n\u00e9ral la banque fixe un d\u00e9lai allant de 1 an \u00e0 3 ans pour constituer par mensualit\u00e9 le montant de la garantie bancaire accord\u00e9e. Si le locataire suspend les versements mensuels, la banque exigera le paiement imm\u00e9diat de l\u2019int\u00e9gralit\u00e9 de la garantie.<\/p>\t\t\t\t\t\t\t\t<\/div>\n\t\t\t\t<\/div>\n\t\t\t\t<div class=\"elementor-element elementor-element-7705c91 elementor-widget elementor-widget-heading\" data-id=\"7705c91\" data-element_type=\"widget\" data-e-type=\"widget\" data-widget_type=\"heading.default\">\n\t\t\t\t<div class=\"elementor-widget-container\">\n\t\t\t\t\t<h2 class=\"elementor-heading-title elementor-size-default\">Peut-on constituer une  garantie bancaire locative en ligne ?<\/h2>\t\t\t\t<\/div>\n\t\t\t\t<\/div>\n\t\t\t\t<div class=\"elementor-element elementor-element-05a67a2 elementor-widget elementor-widget-text-editor\" data-id=\"05a67a2\" data-element_type=\"widget\" data-e-type=\"widget\" data-widget_type=\"text-editor.default\">\n\t\t\t\t<div class=\"elementor-widget-container\">\n\t\t\t\t\t\t\t\t\t<p>Les banques ont mis en place des processus en ligne sur Internet pour formaliser une demande de garantie bancaire locative. Cependant, toute les \u00e9tapes ne peuvent pas se d\u00e9rouler en ligne. la mise en place de ce type de garantie requiert dans toutes les banques au minimum un rendez-vous avec en agence pour formaliser l&rsquo;engagement. L&rsquo;acceptation du dossier n&rsquo;est pas automatique, elle est sujette \u00e0 la d\u00e9cision d&rsquo;un comit\u00e9 interne \u00e0 chacune des banques.\u00a0<\/p>\t\t\t\t\t\t\t\t<\/div>\n\t\t\t\t<\/div>\n\t\t\t\t<div class=\"elementor-element elementor-element-90ae9a8 elementor-widget elementor-widget-heading\" data-id=\"90ae9a8\" data-element_type=\"widget\" data-e-type=\"widget\" data-widget_type=\"heading.default\">\n\t\t\t\t<div class=\"elementor-widget-container\">\n\t\t\t\t\t<h2 class=\"elementor-heading-title elementor-size-default\">Quelle banque propose la garantie bancaire locative en Belgique ?<\/h2>\t\t\t\t<\/div>\n\t\t\t\t<\/div>\n\t\t\t\t<div class=\"elementor-element elementor-element-2411974 elementor-widget elementor-widget-text-editor\" data-id=\"2411974\" data-element_type=\"widget\" data-e-type=\"widget\" data-widget_type=\"text-editor.default\">\n\t\t\t\t<div class=\"elementor-widget-container\">\n\t\t\t\t\t\t\t\t\t<p>La banque qui \u00e9met la garantie bancaire locative est celle aupr\u00e8s de laquelle le preneur dispose d\u2019un compte banque qui re\u00e7oit ses revenus ou ses indemnit\u00e9s de remplacement. La plupart des banques en Belgique proposent un service de garantie bancaire locative.<\/p><ul><li>D\u00e9couvrez la <a href=\"https:\/\/garantie.be\/fr\/garantie-locative-ing\/\">garantie bancaire locative ING<\/a><\/li><li>D\u00e9couvrez la <a href=\"https:\/\/garantie.be\/fr\/garantie-locative-fortis\/\">garantie bancaire locative BNPPARIBAS Fortis<\/a><\/li><li>D\u00e9couvrez la <a href=\"https:\/\/garantie.be\/fr\/garantie-locative-kbc\/\">garantie bancaire locative KBC<\/a><\/li><li>D\u00e9couvrez la <a href=\"https:\/\/garantie.be\/fr\/garantie-locative-belfius\/\">garantie bancaire locative Belfius<\/a><\/li><\/ul>\t\t\t\t\t\t\t\t<\/div>\n\t\t\t\t<\/div>\n\t\t\t\t<div class=\"elementor-element elementor-element-3067b7d elementor-widget elementor-widget-heading\" data-id=\"3067b7d\" data-element_type=\"widget\" data-e-type=\"widget\" data-widget_type=\"heading.default\">\n\t\t\t\t<div class=\"elementor-widget-container\">\n\t\t\t\t\t<h2 class=\"elementor-heading-title elementor-size-default\">Comment lib\u00e9rer la garantie bancaire locative ?<\/h2>\t\t\t\t<\/div>\n\t\t\t\t<\/div>\n\t\t\t\t<div class=\"elementor-element elementor-element-2e7d168 elementor-widget elementor-widget-text-editor\" data-id=\"2e7d168\" data-element_type=\"widget\" data-e-type=\"widget\" data-widget_type=\"text-editor.default\">\n\t\t\t\t<div class=\"elementor-widget-container\">\n\t\t\t\t\t\t\t\t\t<p>La <a href=\"https:\/\/garantie.be\/fr\/liberation-garantie-locative-formulaire-en-ligne\/\">lib\u00e9ration de la garantie bancaire<\/a> s&rsquo;op\u00e8re dans les m\u00eames circonstances que la garantie locative classique bloqu\u00e9e sur un compte en banque. La banque effectue le versement du montant bloqu\u00e9 en garantie selon les indications transmises conjointement par le locataire et le bailleur. Les deux parties fournissent le plus souvent un <a href=\"https:\/\/garantie.be\/fr\/etat-des-lieux\/\">\u00e9tat des lieux<\/a> contradictoire cosign\u00e9. Si les parties ne sont pas d&rsquo;accord, la banque ne lib\u00e8re la <a href=\"https:\/\/garantie.be\/fr\/garantie-locative\/\">garantie locative<\/a> que sur la base d&rsquo;un jugement judiciaire ex\u00e9cutable.\u00a0<\/p>\t\t\t\t\t\t\t\t<\/div>\n\t\t\t\t<\/div>\n\t\t\t\t\t<\/div>\n\t\t<\/div>\n\t\t\t\t\t<\/div>\n\t\t<\/section>\n\t\t\t\t<\/div>\n\t\t","protected":false},"excerpt":{"rendered":"<p>La garantie bancaire locative La garantie bancaire en caution locative Pour souscrire une garantie locative \u00ab\u00a0bancaire\u00a0\u00bb il faut, comme son nom l&rsquo;indique, s&rsquo;adresser \u00e0 une banque et d\u00e9poser un dossier sp\u00e9cifique de demande de garantie bancaire. La caution \u00e9mise par la banque permet \u00e0 un locataire de fournir une garantie de paiement au bailleur. La [&hellip;]<\/p>\n","protected":false},"author":1,"featured_media":0,"parent":0,"menu_order":0,"comment_status":"closed","ping_status":"closed","template":"","meta":{"footnotes":""},"class_list":["post-14323","page","type-page","status-publish","hentry"],"yoast_head":"<!-- This site is optimized with the Yoast SEO plugin v27.4 - https:\/\/yoast.com\/product\/yoast-seo-wordpress\/ -->\n<title>Garantie bancaire locative | formulaire en ligne<\/title>\n<meta name=\"description\" content=\"Comment obtenir une garantie bancaire locative de la part d&#039;une banque en Belgique pour satisfaire les engagements du bail de location\" \/>\n<meta name=\"robots\" content=\"index, follow, max-snippet:-1, max-image-preview:large, max-video-preview:-1\" \/>\n<link rel=\"canonical\" href=\"https:\/\/garantie.be\/fr\/garantie-bancaire-locative\/\" \/>\n<meta property=\"og:locale\" content=\"fr_FR\" \/>\n<meta property=\"og:type\" content=\"article\" \/>\n<meta property=\"og:title\" content=\"Garantie bancaire locative | formulaire en ligne\" \/>\n<meta property=\"og:description\" content=\"Comment obtenir une garantie bancaire locative de la part d&#039;une banque en Belgique pour satisfaire les engagements du bail de location\" \/>\n<meta property=\"og:url\" content=\"https:\/\/garantie.be\/fr\/garantie-bancaire-locative\/\" \/>\n<meta property=\"og:site_name\" content=\"Garantie\" \/>\n<meta property=\"article:modified_time\" content=\"2024-12-04T15:27:18+00:00\" \/>\n<meta name=\"twitter:card\" content=\"summary_large_image\" \/>\n<meta name=\"twitter:label1\" content=\"Dur\u00e9e de lecture estim\u00e9e\" \/>\n\t<meta name=\"twitter:data1\" content=\"3 minutes\" \/>\n<script type=\"application\/ld+json\" class=\"yoast-schema-graph\">{\"@context\":\"https:\\\/\\\/schema.org\",\"@graph\":[{\"@type\":\"WebPage\",\"@id\":\"https:\\\/\\\/garantie.be\\\/fr\\\/garantie-bancaire-locative\\\/\",\"url\":\"https:\\\/\\\/garantie.be\\\/fr\\\/garantie-bancaire-locative\\\/\",\"name\":\"Garantie bancaire locative | formulaire en ligne\",\"isPartOf\":{\"@id\":\"https:\\\/\\\/garantie.be\\\/fr\\\/#website\"},\"datePublished\":\"2021-10-06T16:28:35+00:00\",\"dateModified\":\"2024-12-04T15:27:18+00:00\",\"description\":\"Comment obtenir une garantie bancaire locative de la part d'une banque en Belgique pour satisfaire les engagements du bail de location\",\"breadcrumb\":{\"@id\":\"https:\\\/\\\/garantie.be\\\/fr\\\/garantie-bancaire-locative\\\/#breadcrumb\"},\"inLanguage\":\"fr-FR\",\"potentialAction\":[{\"@type\":\"ReadAction\",\"target\":[\"https:\\\/\\\/garantie.be\\\/fr\\\/garantie-bancaire-locative\\\/\"]}]},{\"@type\":\"BreadcrumbList\",\"@id\":\"https:\\\/\\\/garantie.be\\\/fr\\\/garantie-bancaire-locative\\\/#breadcrumb\",\"itemListElement\":[{\"@type\":\"ListItem\",\"position\":1,\"name\":\"Accueil\",\"item\":\"https:\\\/\\\/garantie.be\\\/fr\\\/\"},{\"@type\":\"ListItem\",\"position\":2,\"name\":\"Garantie bancaire locative | formulaire en ligne\"}]},{\"@type\":\"WebSite\",\"@id\":\"https:\\\/\\\/garantie.be\\\/fr\\\/#website\",\"url\":\"https:\\\/\\\/garantie.be\\\/fr\\\/\",\"name\":\"Garantie\",\"description\":\"\",\"publisher\":{\"@id\":\"https:\\\/\\\/garantie.be\\\/fr\\\/#organization\"},\"potentialAction\":[{\"@type\":\"SearchAction\",\"target\":{\"@type\":\"EntryPoint\",\"urlTemplate\":\"https:\\\/\\\/garantie.be\\\/fr\\\/?s={search_term_string}\"},\"query-input\":{\"@type\":\"PropertyValueSpecification\",\"valueRequired\":true,\"valueName\":\"search_term_string\"}}],\"inLanguage\":\"fr-FR\"},{\"@type\":\"Organization\",\"@id\":\"https:\\\/\\\/garantie.be\\\/fr\\\/#organization\",\"name\":\"Garantie.be\",\"url\":\"https:\\\/\\\/garantie.be\\\/fr\\\/\",\"logo\":{\"@type\":\"ImageObject\",\"inLanguage\":\"fr-FR\",\"@id\":\"https:\\\/\\\/garantie.be\\\/fr\\\/#\\\/schema\\\/logo\\\/image\\\/\",\"url\":\"\",\"contentUrl\":\"\",\"caption\":\"Garantie.be\"},\"image\":{\"@id\":\"https:\\\/\\\/garantie.be\\\/fr\\\/#\\\/schema\\\/logo\\\/image\\\/\"}}]}<\/script>\n<!-- \/ Yoast SEO plugin. -->","yoast_head_json":{"title":"Garantie bancaire locative | formulaire en ligne","description":"Comment obtenir une garantie bancaire locative de la part d'une banque en Belgique pour satisfaire les engagements du bail de location","robots":{"index":"index","follow":"follow","max-snippet":"max-snippet:-1","max-image-preview":"max-image-preview:large","max-video-preview":"max-video-preview:-1"},"canonical":"https:\/\/garantie.be\/fr\/garantie-bancaire-locative\/","og_locale":"fr_FR","og_type":"article","og_title":"Garantie bancaire locative | formulaire en ligne","og_description":"Comment obtenir une garantie bancaire locative de la part d'une banque en Belgique pour satisfaire les engagements du bail de location","og_url":"https:\/\/garantie.be\/fr\/garantie-bancaire-locative\/","og_site_name":"Garantie","article_modified_time":"2024-12-04T15:27:18+00:00","twitter_card":"summary_large_image","twitter_misc":{"Dur\u00e9e de lecture estim\u00e9e":"3 minutes"},"schema":{"@context":"https:\/\/schema.org","@graph":[{"@type":"WebPage","@id":"https:\/\/garantie.be\/fr\/garantie-bancaire-locative\/","url":"https:\/\/garantie.be\/fr\/garantie-bancaire-locative\/","name":"Garantie bancaire locative | formulaire en ligne","isPartOf":{"@id":"https:\/\/garantie.be\/fr\/#website"},"datePublished":"2021-10-06T16:28:35+00:00","dateModified":"2024-12-04T15:27:18+00:00","description":"Comment obtenir une garantie bancaire locative de la part d'une banque en Belgique pour satisfaire les engagements du bail de location","breadcrumb":{"@id":"https:\/\/garantie.be\/fr\/garantie-bancaire-locative\/#breadcrumb"},"inLanguage":"fr-FR","potentialAction":[{"@type":"ReadAction","target":["https:\/\/garantie.be\/fr\/garantie-bancaire-locative\/"]}]},{"@type":"BreadcrumbList","@id":"https:\/\/garantie.be\/fr\/garantie-bancaire-locative\/#breadcrumb","itemListElement":[{"@type":"ListItem","position":1,"name":"Accueil","item":"https:\/\/garantie.be\/fr\/"},{"@type":"ListItem","position":2,"name":"Garantie bancaire locative | formulaire en ligne"}]},{"@type":"WebSite","@id":"https:\/\/garantie.be\/fr\/#website","url":"https:\/\/garantie.be\/fr\/","name":"Garantie","description":"","publisher":{"@id":"https:\/\/garantie.be\/fr\/#organization"},"potentialAction":[{"@type":"SearchAction","target":{"@type":"EntryPoint","urlTemplate":"https:\/\/garantie.be\/fr\/?s={search_term_string}"},"query-input":{"@type":"PropertyValueSpecification","valueRequired":true,"valueName":"search_term_string"}}],"inLanguage":"fr-FR"},{"@type":"Organization","@id":"https:\/\/garantie.be\/fr\/#organization","name":"Garantie.be","url":"https:\/\/garantie.be\/fr\/","logo":{"@type":"ImageObject","inLanguage":"fr-FR","@id":"https:\/\/garantie.be\/fr\/#\/schema\/logo\/image\/","url":"","contentUrl":"","caption":"Garantie.be"},"image":{"@id":"https:\/\/garantie.be\/fr\/#\/schema\/logo\/image\/"}}]}},"_links":{"self":[{"href":"https:\/\/garantie.be\/fr\/wp-json\/wp\/v2\/pages\/14323","targetHints":{"allow":["GET"]}}],"collection":[{"href":"https:\/\/garantie.be\/fr\/wp-json\/wp\/v2\/pages"}],"about":[{"href":"https:\/\/garantie.be\/fr\/wp-json\/wp\/v2\/types\/page"}],"author":[{"embeddable":true,"href":"https:\/\/garantie.be\/fr\/wp-json\/wp\/v2\/users\/1"}],"replies":[{"embeddable":true,"href":"https:\/\/garantie.be\/fr\/wp-json\/wp\/v2\/comments?post=14323"}],"version-history":[{"count":0,"href":"https:\/\/garantie.be\/fr\/wp-json\/wp\/v2\/pages\/14323\/revisions"}],"wp:attachment":[{"href":"https:\/\/garantie.be\/fr\/wp-json\/wp\/v2\/media?parent=14323"}],"curies":[{"name":"wp","href":"https:\/\/api.w.org\/{rel}","templated":true}]}}