{"id":144,"date":"2020-11-10T12:37:52","date_gmt":"2020-11-10T11:37:52","guid":{"rendered":"http:\/\/garantie.be\/?page_id=144"},"modified":"2025-05-08T17:19:27","modified_gmt":"2025-05-08T15:19:27","slug":"garantie-locative-flandres","status":"publish","type":"page","link":"https:\/\/garantie.be\/fr\/garantie-locative-flandres\/","title":{"rendered":"Garantie locative Flandre"},"content":{"rendered":"\t\t<div data-elementor-type=\"wp-page\" data-elementor-id=\"144\" class=\"elementor elementor-144\" data-elementor-post-type=\"page\">\n\t\t\t\t\t\t<section class=\"elementor-section elementor-top-section elementor-element elementor-element-4f8cf6e8 elementor-section-boxed elementor-section-height-default elementor-section-height-default\" data-id=\"4f8cf6e8\" data-element_type=\"section\" data-e-type=\"section\">\n\t\t\t\t\t\t<div class=\"elementor-container elementor-column-gap-default\">\n\t\t\t\t\t<div class=\"elementor-column elementor-col-100 elementor-top-column elementor-element elementor-element-2592b17b\" data-id=\"2592b17b\" data-element_type=\"column\" data-e-type=\"column\">\n\t\t\t<div class=\"elementor-widget-wrap elementor-element-populated\">\n\t\t\t\t\t\t<div class=\"elementor-element elementor-element-5bf026b2 elementor-widget elementor-widget-spacer\" data-id=\"5bf026b2\" data-element_type=\"widget\" data-e-type=\"widget\" data-widget_type=\"spacer.default\">\n\t\t\t\t<div class=\"elementor-widget-container\">\n\t\t\t\t\t\t\t<div class=\"elementor-spacer\">\n\t\t\t<div class=\"elementor-spacer-inner\"><\/div>\n\t\t<\/div>\n\t\t\t\t\t\t<\/div>\n\t\t\t\t<\/div>\n\t\t\t\t<div class=\"elementor-element elementor-element-f0f076e elementor-widget elementor-widget-heading\" data-id=\"f0f076e\" data-element_type=\"widget\" data-e-type=\"widget\" data-widget_type=\"heading.default\">\n\t\t\t\t<div class=\"elementor-widget-container\">\n\t\t\t\t\t<h1 class=\"elementor-heading-title elementor-size-default\">La garantie locative<br><b>\nen Flandre<\/b><\/h1>\t\t\t\t<\/div>\n\t\t\t\t<\/div>\n\t\t\t\t<div class=\"elementor-element elementor-element-55b6e55 elementor-widget elementor-widget-spacer\" data-id=\"55b6e55\" data-element_type=\"widget\" data-e-type=\"widget\" data-widget_type=\"spacer.default\">\n\t\t\t\t<div class=\"elementor-widget-container\">\n\t\t\t\t\t\t\t<div class=\"elementor-spacer\">\n\t\t\t<div class=\"elementor-spacer-inner\"><\/div>\n\t\t<\/div>\n\t\t\t\t\t\t<\/div>\n\t\t\t\t<\/div>\n\t\t\t\t\t<\/div>\n\t\t<\/div>\n\t\t\t\t\t<\/div>\n\t\t<\/section>\n\t\t\t\t<section class=\"elementor-section elementor-top-section elementor-element elementor-element-0a47ba8 elementor-section-boxed elementor-section-height-default elementor-section-height-default\" data-id=\"0a47ba8\" data-element_type=\"section\" data-e-type=\"section\">\n\t\t\t\t\t\t<div class=\"elementor-container elementor-column-gap-default\">\n\t\t\t\t\t<div class=\"elementor-column elementor-col-100 elementor-top-column elementor-element elementor-element-ad6fca3\" data-id=\"ad6fca3\" data-element_type=\"column\" data-e-type=\"column\">\n\t\t\t<div class=\"elementor-widget-wrap elementor-element-populated\">\n\t\t\t\t\t\t<div class=\"elementor-element elementor-element-c32d8c0 elementor-widget elementor-widget-heading\" data-id=\"c32d8c0\" data-element_type=\"widget\" data-e-type=\"widget\" data-widget_type=\"heading.default\">\n\t\t\t\t<div class=\"elementor-widget-container\">\n\t\t\t\t\t<h2 class=\"elementor-heading-title elementor-size-default\">Qu\u2019est ce que la garantie locative en Flandre ?<\/h2>\t\t\t\t<\/div>\n\t\t\t\t<\/div>\n\t\t\t\t<div class=\"elementor-element elementor-element-5197fd6 elementor-widget elementor-widget-text-editor\" data-id=\"5197fd6\" data-element_type=\"widget\" data-e-type=\"widget\" data-widget_type=\"text-editor.default\">\n\t\t\t\t<div class=\"elementor-widget-container\">\n\t\t\t\t\t\t\t\t\t<p>Les r\u00e8gles r\u00e9gissant la <span style=\"text-decoration: underline;\"><a href=\"https:\/\/garantie.be\/fr\/garantie-locative\/\">garantie locative<\/a><\/span> sont sp\u00e9cifiques \u00e0 la Flandre depuis que chacune des 3 r\u00e9gions belges a adopt\u00e9 des r\u00e8gles propres concernant le bail d&rsquo;habitation.<\/p><p>En r\u00e9gion de Flandre, le code du logement r\u00e9gional est en vigueur depuis le 1er janvier 2020. Cette r\u00e9glementation r\u00e9gionale remplace la loi f\u00e9d\u00e9rale en ce qui concerne les baux de r\u00e9sidence principale d&rsquo;habitation.<\/p><p>Pour comprendre les sp\u00e9cificit\u00e9s propre \u00e0 la r\u00e9gion de Wallonie vous pouvez lire notre page sur la <span style=\"text-decoration: underline;\"><a href=\"https:\/\/garantie.be\/fr\/garantie-locative-wallonie\/\">garantie locative en Wallonie<\/a><\/span>. Concernant la nouvelle loi sur le logement en r\u00e9gion Bruxelles capitale, lisez notre page sur la <span style=\"text-decoration: underline;\"><a href=\"https:\/\/garantie.be\/fr\/garantie-locative-bruxelles-capitale\/\">garantie locative Bruxelles<\/a><\/span>.<\/p>\t\t\t\t\t\t\t\t<\/div>\n\t\t\t\t<\/div>\n\t\t\t\t<div class=\"elementor-element elementor-element-138e5b2 elementor-widget elementor-widget-text-editor\" data-id=\"138e5b2\" data-element_type=\"widget\" data-e-type=\"widget\" data-widget_type=\"text-editor.default\">\n\t\t\t\t<div class=\"elementor-widget-container\">\n\t\t\t\t\t\t\t\t\t<p><strong>Vous pouvez obtenir une attestation de garantie en quelques heures<\/strong> en compl\u00e9tant le formulaire de <span style=\"text-decoration: underline;\"><a href=\"https:\/\/garantie.be\/fr\/garantie-locative-en-ligne\/\">garantie locative en ligne<\/a>.<\/span><\/p><p>\u00a0<\/p>\t\t\t\t\t\t\t\t<\/div>\n\t\t\t\t<\/div>\n\t\t\t\t<div class=\"elementor-element elementor-element-a697926 elementor-widget elementor-widget-heading\" data-id=\"a697926\" data-element_type=\"widget\" data-e-type=\"widget\" data-widget_type=\"heading.default\">\n\t\t\t\t<div class=\"elementor-widget-container\">\n\t\t\t\t\t<h2 class=\"elementor-heading-title elementor-size-default\">Quel est le montant de la garantie locative en Flandre ?\u200b<\/h2>\t\t\t\t<\/div>\n\t\t\t\t<\/div>\n\t\t\t\t<div class=\"elementor-element elementor-element-428f233 elementor-widget elementor-widget-text-editor\" data-id=\"428f233\" data-element_type=\"widget\" data-e-type=\"widget\" data-widget_type=\"text-editor.default\">\n\t\t\t\t<div class=\"elementor-widget-container\">\n\t\t\t\t\t\t\t\t\t<p>Le montant maximum est diff\u00e9rent selon le type de garantie locative indiqu\u00e9 dans le <span style=\"text-decoration: underline;\"><a href=\"https:\/\/garantie.be\/fr\/bail-de-location\/\">bail de location<\/a><\/span>.<\/p><ul><li>En Flandre, comme dans les autres r\u00e9gions belges, dans le cadre d\u2019une <span style=\"text-decoration: underline;\"><a href=\"https:\/\/garantie.be\/fr\/garantie-bancaire-locative\/\">garantie bancaire locative<\/a><\/span> obtenue en direct ou bien \u00e0 l&rsquo;aide du CPAS, le montant de la garantie bancaire doit repr\u00e9senter 3 mois de loyer du bien lou\u00e9 ;<\/li><li>Dans le cadre d\u2019une garantie locative constitu\u00e9e sur un compte bloqu\u00e9, le montant exigible par le bailleur est d\u2019un maximum de 3 mois de loyer en Flandre. Cette r\u00e8gle est sp\u00e9cifique \u00e0 la Fandre ;<\/li><li>Dans le cadre d&rsquo;autres types de garanties possibles, la loi n&rsquo;\u00e9nonce pas de principes et laisse libre l&rsquo;accord des parties au contrat. Cependant il est d&rsquo;usage de retenir un maximum de 3 mois de loyer en r\u00e9gion flamande dans le cadre d&rsquo;une caution obtenue aupr\u00e8s d&rsquo;un garant par exemple.<\/li><\/ul>\t\t\t\t\t\t\t\t<\/div>\n\t\t\t\t<\/div>\n\t\t\t\t<div class=\"elementor-element elementor-element-f75d4c3 elementor-widget elementor-widget-spacer\" data-id=\"f75d4c3\" data-element_type=\"widget\" data-e-type=\"widget\" data-widget_type=\"spacer.default\">\n\t\t\t\t<div class=\"elementor-widget-container\">\n\t\t\t\t\t\t\t<div class=\"elementor-spacer\">\n\t\t\t<div class=\"elementor-spacer-inner\"><\/div>\n\t\t<\/div>\n\t\t\t\t\t\t<\/div>\n\t\t\t\t<\/div>\n\t\t\t\t\t<\/div>\n\t\t<\/div>\n\t\t\t\t\t<\/div>\n\t\t<\/section>\n\t\t\t\t<section class=\"elementor-section elementor-top-section elementor-element elementor-element-3bc43de3 elementor-section-content-middle elementor-section-height-min-height elementor-section-items-stretch elementor-section-boxed elementor-section-height-default\" data-id=\"3bc43de3\" data-element_type=\"section\" data-e-type=\"section\">\n\t\t\t\t\t\t<div class=\"elementor-container elementor-column-gap-no\">\n\t\t\t\t\t<div class=\"elementor-column elementor-col-100 elementor-top-column elementor-element elementor-element-64a8d795\" data-id=\"64a8d795\" data-element_type=\"column\" data-e-type=\"column\" data-settings=\"{&quot;background_background&quot;:&quot;classic&quot;}\">\n\t\t\t<div class=\"elementor-widget-wrap elementor-element-populated\">\n\t\t\t\t\t\t<div class=\"elementor-element elementor-element-2b4e1574 elementor-widget elementor-widget-image\" data-id=\"2b4e1574\" data-element_type=\"widget\" data-e-type=\"widget\" data-widget_type=\"image.default\">\n\t\t\t\t<div class=\"elementor-widget-container\">\n\t\t\t\t\t\t\t\t\t\t\t\t\t\t\t<img decoding=\"async\" src=\"https:\/\/garantie.be\/wp-content\/uploads\/elementor\/thumbs\/Logo-2-garantie-alone-1-pe5xec7dnfsf8cs3rtfffen34plb9ip2rjyfhjeqd0.jpg\" title=\"garantie\" alt=\"garantie\" loading=\"lazy\" \/>\t\t\t\t\t\t\t\t\t\t\t\t\t\t\t<\/div>\n\t\t\t\t<\/div>\n\t\t\t\t<div class=\"elementor-element elementor-element-57432368 elementor-widget elementor-widget-text-editor\" data-id=\"57432368\" data-element_type=\"widget\" data-e-type=\"widget\" data-widget_type=\"text-editor.default\">\n\t\t\t\t<div class=\"elementor-widget-container\">\n\t\t\t\t\t\t\t\t\t<p>Compl\u00e9tez notre formulaire pour obtenir votre garantie locative en quelques heures. Vous ne bloquez pas d\u2019argent car nous fonctionnons comme une <span style=\"text-decoration: underline;\"><a href=\"https:\/\/garantie.be\/fr\/garantie-bancaire-locative\/\">garantie locative bancaire<\/a><\/span>.<\/p>\t\t\t\t\t\t\t\t<\/div>\n\t\t\t\t<\/div>\n\t\t\t\t<div class=\"elementor-element elementor-element-1b42a0f0 elementor-mobile-align-center elementor-align-center elementor-widget elementor-widget-button\" data-id=\"1b42a0f0\" data-element_type=\"widget\" data-e-type=\"widget\" data-widget_type=\"button.default\">\n\t\t\t\t<div class=\"elementor-widget-container\">\n\t\t\t\t\t\t\t\t\t<div class=\"elementor-button-wrapper\">\n\t\t\t\t\t<a class=\"elementor-button elementor-button-link elementor-size-sm\" href=\"https:\/\/account.garantie.be\/fr\/register\/lease\">\n\t\t\t\t\t\t<span class=\"elementor-button-content-wrapper\">\n\t\t\t\t\t\t\t\t\t<span class=\"elementor-button-text\">Formulaire garantie locative<\/span>\n\t\t\t\t\t<\/span>\n\t\t\t\t\t<\/a>\n\t\t\t\t<\/div>\n\t\t\t\t\t\t\t\t<\/div>\n\t\t\t\t<\/div>\n\t\t\t\t\t<\/div>\n\t\t<\/div>\n\t\t\t\t\t<\/div>\n\t\t<\/section>\n\t\t\t\t<section class=\"elementor-section elementor-top-section elementor-element elementor-element-d5f95de elementor-section-boxed elementor-section-height-default elementor-section-height-default\" data-id=\"d5f95de\" data-element_type=\"section\" data-e-type=\"section\">\n\t\t\t\t\t\t<div class=\"elementor-container elementor-column-gap-default\">\n\t\t\t\t\t<div class=\"elementor-column elementor-col-100 elementor-top-column elementor-element elementor-element-ba21927\" data-id=\"ba21927\" data-element_type=\"column\" data-e-type=\"column\">\n\t\t\t<div class=\"elementor-widget-wrap elementor-element-populated\">\n\t\t\t\t\t\t<div class=\"elementor-element elementor-element-7fcc002 elementor-widget elementor-widget-spacer\" data-id=\"7fcc002\" data-element_type=\"widget\" data-e-type=\"widget\" data-widget_type=\"spacer.default\">\n\t\t\t\t<div class=\"elementor-widget-container\">\n\t\t\t\t\t\t\t<div class=\"elementor-spacer\">\n\t\t\t<div class=\"elementor-spacer-inner\"><\/div>\n\t\t<\/div>\n\t\t\t\t\t\t<\/div>\n\t\t\t\t<\/div>\n\t\t\t\t\t<\/div>\n\t\t<\/div>\n\t\t\t\t\t<\/div>\n\t\t<\/section>\n\t\t\t\t<section class=\"elementor-section elementor-top-section elementor-element elementor-element-7485dd5 elementor-section-boxed elementor-section-height-default elementor-section-height-default\" data-id=\"7485dd5\" data-element_type=\"section\" data-e-type=\"section\">\n\t\t\t\t\t\t<div class=\"elementor-container elementor-column-gap-default\">\n\t\t\t\t\t<div class=\"elementor-column elementor-col-100 elementor-top-column elementor-element elementor-element-19e8178\" data-id=\"19e8178\" data-element_type=\"column\" data-e-type=\"column\">\n\t\t\t<div class=\"elementor-widget-wrap elementor-element-populated\">\n\t\t\t\t\t\t<div class=\"elementor-element elementor-element-5d49edc elementor-widget elementor-widget-heading\" data-id=\"5d49edc\" data-element_type=\"widget\" data-e-type=\"widget\" data-widget_type=\"heading.default\">\n\t\t\t\t<div class=\"elementor-widget-container\">\n\t\t\t\t\t<h2 class=\"elementor-heading-title elementor-size-default\">Le code du logement de la Flandre<\/h2>\t\t\t\t<\/div>\n\t\t\t\t<\/div>\n\t\t\t\t<div class=\"elementor-element elementor-element-b0a1f55 elementor-widget elementor-widget-text-editor\" data-id=\"b0a1f55\" data-element_type=\"widget\" data-e-type=\"widget\" data-widget_type=\"text-editor.default\">\n\t\t\t\t<div class=\"elementor-widget-container\">\n\t\t\t\t\t\t\t\t\t<p>La loi en vigueur au niveau f\u00e9d\u00e9ral de la Belgique en mati\u00e8re de bail de r\u00e9sidence principale d&rsquo;habitation est la loi sur les loyers. La derni\u00e8re mise \u00e0 jour de cette loi f\u00e9d\u00e9rale a eu lieu lors de sa 14\u00e8me \u00e9dition en mars 2013.<\/p><p>Ces derni\u00e8res ann\u00e9es, chaque r\u00e9gion a institu\u00e9 une r\u00e9glementation propre r\u00e9gionale concernant le bail d&rsquo;habitation. La Flandre a mis en place en\u00a02019 un nouveau Code du logement qui se substitue \u00e0 la loi f\u00e9d\u00e9rale concernant les baux de r\u00e9sidence principale d\u2019habitation.<\/p><p>Le code du logement de la Flandre reprend en grande partie les grandes lignes et les r\u00e8gles des baux ordinaires de 9 ans de l\u2019ancienne l\u00e9gislation f\u00e9d\u00e9rale.\u00a0En revanche, sur certains aspects des baux de r\u00e9sidence principale, le code du logement r\u00e9gional int\u00e8gre des r\u00e8gles exclusives \u00e0 la Flandre.<\/p>\t\t\t\t\t\t\t\t<\/div>\n\t\t\t\t<\/div>\n\t\t\t\t<div class=\"elementor-element elementor-element-b0a8db5 elementor-widget elementor-widget-heading\" data-id=\"b0a8db5\" data-element_type=\"widget\" data-e-type=\"widget\" data-widget_type=\"heading.default\">\n\t\t\t\t<div class=\"elementor-widget-container\">\n\t\t\t\t\t<h2 class=\"elementor-heading-title elementor-size-default\">Quel sont les aides en Flandre pour constituer la garantie locative ?\u200b<\/h2>\t\t\t\t<\/div>\n\t\t\t\t<\/div>\n\t\t\t\t<div class=\"elementor-element elementor-element-7352826 elementor-widget elementor-widget-text-editor\" data-id=\"7352826\" data-element_type=\"widget\" data-e-type=\"widget\" data-widget_type=\"text-editor.default\">\n\t\t\t\t<div class=\"elementor-widget-container\">\n\t\t\t\t\t\t\t\t\t<p>La Flandre propose plusieurs types d&rsquo;aides pour r\u00e9ussir \u00e0 constituer une garantie locative. Ces solutions sont accessible aux personnes \u00e0 faibles revenus et leur processus d&rsquo;obtention est anonyme afin de lutter contre la discrimination.<\/p><p>La principale aide en Flandre est propos\u00e9e par le <a href=\"https:\/\/www.vlaamswoningfonds.be\/\">Fonds flamand du Logement<\/a>. Depuis le 1er janvier 2019 un pr\u00eat \u00e0 taux z\u00e9ro est offert par la Flandre aux personnes ayant des difficult\u00e9es financi\u00e8res. Le montant du pr\u00eat est limit\u00e9 \u00e0 1 800 euros, ce montant peut \u00eatre major\u00e9 en fonction de la composition du foyer familial. Ce pr\u00eat doit \u00eatre rembours\u00e9 en 2 ans par le locataire b\u00e9n\u00e9ficiaire.<\/p>\t\t\t\t\t\t\t\t<\/div>\n\t\t\t\t<\/div>\n\t\t\t\t\t<\/div>\n\t\t<\/div>\n\t\t\t\t\t<\/div>\n\t\t<\/section>\n\t\t\t\t<\/div>\n\t\t","protected":false},"excerpt":{"rendered":"<p>La garantie locative en Flandre Qu\u2019est ce que la garantie locative en Flandre ? Les r\u00e8gles r\u00e9gissant la garantie locative sont sp\u00e9cifiques \u00e0 la Flandre depuis que chacune des 3 r\u00e9gions belges a adopt\u00e9 des r\u00e8gles propres concernant le bail d&rsquo;habitation. En r\u00e9gion de Flandre, le code du logement r\u00e9gional est en vigueur depuis le [&hellip;]<\/p>\n","protected":false},"author":1,"featured_media":0,"parent":0,"menu_order":0,"comment_status":"closed","ping_status":"closed","template":"","meta":{"footnotes":""},"class_list":["post-144","page","type-page","status-publish","hentry"],"yoast_head":"<!-- This site is optimized with the Yoast SEO plugin v27.2 - https:\/\/yoast.com\/product\/yoast-seo-wordpress\/ -->\n<title>Garantie locative Flandre par Internet | Formulaire en ligne<\/title>\n<meta name=\"description\" content=\"D\u00e9couvrez les r\u00e8gles du nouveau code du logement pour la garantie locative en vigueur dans la r\u00e9gion de Flandre depuis 2019\" \/>\n<meta name=\"robots\" content=\"index, follow, max-snippet:-1, max-image-preview:large, max-video-preview:-1\" \/>\n<link rel=\"canonical\" href=\"https:\/\/garantie.be\/fr\/garantie-locative-flandres\/\" \/>\n<meta property=\"og:locale\" content=\"fr_FR\" \/>\n<meta property=\"og:type\" content=\"article\" \/>\n<meta property=\"og:title\" content=\"Garantie locative Flandre par Internet | Formulaire en ligne\" \/>\n<meta property=\"og:description\" content=\"D\u00e9couvrez les r\u00e8gles du nouveau code du logement pour la garantie locative en vigueur dans la r\u00e9gion de Flandre depuis 2019\" \/>\n<meta property=\"og:url\" content=\"https:\/\/garantie.be\/fr\/garantie-locative-flandres\/\" \/>\n<meta property=\"og:site_name\" content=\"Garantie\" \/>\n<meta property=\"article:modified_time\" content=\"2025-05-08T15:19:27+00:00\" \/>\n<meta property=\"og:image\" content=\"https:\/\/garantie.be\/wp-content\/uploads\/elementor\/thumbs\/Logo-2-garantie-alone-1-pe5xec7dnfsf8cs3rtfffen34plb9ip2rjyfhjeqd0.jpg\" \/>\n<meta name=\"twitter:card\" content=\"summary_large_image\" \/>\n<meta name=\"twitter:label1\" content=\"Dur\u00e9e de lecture estim\u00e9e\" \/>\n\t<meta name=\"twitter:data1\" content=\"4 minutes\" \/>\n<script type=\"application\/ld+json\" class=\"yoast-schema-graph\">{\"@context\":\"https:\/\/schema.org\",\"@graph\":[{\"@type\":\"WebPage\",\"@id\":\"https:\/\/garantie.be\/fr\/garantie-locative-flandres\/\",\"url\":\"https:\/\/garantie.be\/fr\/garantie-locative-flandres\/\",\"name\":\"Garantie locative Flandre par Internet | Formulaire en ligne\",\"isPartOf\":{\"@id\":\"https:\/\/garantie.be\/fr\/#website\"},\"primaryImageOfPage\":{\"@id\":\"https:\/\/garantie.be\/fr\/garantie-locative-flandres\/#primaryimage\"},\"image\":{\"@id\":\"https:\/\/garantie.be\/fr\/garantie-locative-flandres\/#primaryimage\"},\"thumbnailUrl\":\"https:\/\/garantie.be\/wp-content\/uploads\/elementor\/thumbs\/Logo-2-garantie-alone-1-pe5xec7dnfsf8cs3rtfffen34plb9ip2rjyfhjeqd0.jpg\",\"datePublished\":\"2020-11-10T11:37:52+00:00\",\"dateModified\":\"2025-05-08T15:19:27+00:00\",\"description\":\"D\u00e9couvrez les r\u00e8gles du nouveau code du logement pour la garantie locative en vigueur dans la r\u00e9gion de Flandre depuis 2019\",\"breadcrumb\":{\"@id\":\"https:\/\/garantie.be\/fr\/garantie-locative-flandres\/#breadcrumb\"},\"inLanguage\":\"fr-FR\",\"potentialAction\":[{\"@type\":\"ReadAction\",\"target\":[\"https:\/\/garantie.be\/fr\/garantie-locative-flandres\/\"]}]},{\"@type\":\"ImageObject\",\"inLanguage\":\"fr-FR\",\"@id\":\"https:\/\/garantie.be\/fr\/garantie-locative-flandres\/#primaryimage\",\"url\":\"https:\/\/garantie.be\/wp-content\/uploads\/elementor\/thumbs\/Logo-2-garantie-alone-1-pe5xec7dnfsf8cs3rtfffen34plb9ip2rjyfhjeqd0.jpg\",\"contentUrl\":\"https:\/\/garantie.be\/wp-content\/uploads\/elementor\/thumbs\/Logo-2-garantie-alone-1-pe5xec7dnfsf8cs3rtfffen34plb9ip2rjyfhjeqd0.jpg\"},{\"@type\":\"BreadcrumbList\",\"@id\":\"https:\/\/garantie.be\/fr\/garantie-locative-flandres\/#breadcrumb\",\"itemListElement\":[{\"@type\":\"ListItem\",\"position\":1,\"name\":\"Accueil\",\"item\":\"https:\/\/garantie.be\/fr\/\"},{\"@type\":\"ListItem\",\"position\":2,\"name\":\"Garantie locative Flandre\"}]},{\"@type\":\"WebSite\",\"@id\":\"https:\/\/garantie.be\/fr\/#website\",\"url\":\"https:\/\/garantie.be\/fr\/\",\"name\":\"Garantie\",\"description\":\"\",\"publisher\":{\"@id\":\"https:\/\/garantie.be\/fr\/#organization\"},\"potentialAction\":[{\"@type\":\"SearchAction\",\"target\":{\"@type\":\"EntryPoint\",\"urlTemplate\":\"https:\/\/garantie.be\/fr\/?s={search_term_string}\"},\"query-input\":{\"@type\":\"PropertyValueSpecification\",\"valueRequired\":true,\"valueName\":\"search_term_string\"}}],\"inLanguage\":\"fr-FR\"},{\"@type\":\"Organization\",\"@id\":\"https:\/\/garantie.be\/fr\/#organization\",\"name\":\"Garantie.be\",\"url\":\"https:\/\/garantie.be\/fr\/\",\"logo\":{\"@type\":\"ImageObject\",\"inLanguage\":\"fr-FR\",\"@id\":\"https:\/\/garantie.be\/fr\/#\/schema\/logo\/image\/\",\"url\":\"\",\"contentUrl\":\"\",\"caption\":\"Garantie.be\"},\"image\":{\"@id\":\"https:\/\/garantie.be\/fr\/#\/schema\/logo\/image\/\"}}]}<\/script>\n<!-- \/ Yoast SEO plugin. -->","yoast_head_json":{"title":"Garantie locative Flandre par Internet | Formulaire en ligne","description":"D\u00e9couvrez les r\u00e8gles du nouveau code du logement pour la garantie locative en vigueur dans la r\u00e9gion de Flandre depuis 2019","robots":{"index":"index","follow":"follow","max-snippet":"max-snippet:-1","max-image-preview":"max-image-preview:large","max-video-preview":"max-video-preview:-1"},"canonical":"https:\/\/garantie.be\/fr\/garantie-locative-flandres\/","og_locale":"fr_FR","og_type":"article","og_title":"Garantie locative Flandre par Internet | Formulaire en ligne","og_description":"D\u00e9couvrez les r\u00e8gles du nouveau code du logement pour la garantie locative en vigueur dans la r\u00e9gion de Flandre depuis 2019","og_url":"https:\/\/garantie.be\/fr\/garantie-locative-flandres\/","og_site_name":"Garantie","article_modified_time":"2025-05-08T15:19:27+00:00","og_image":[{"url":"https:\/\/garantie.be\/wp-content\/uploads\/elementor\/thumbs\/Logo-2-garantie-alone-1-pe5xec7dnfsf8cs3rtfffen34plb9ip2rjyfhjeqd0.jpg","type":"","width":"","height":""}],"twitter_card":"summary_large_image","twitter_misc":{"Dur\u00e9e de lecture estim\u00e9e":"4 minutes"},"schema":{"@context":"https:\/\/schema.org","@graph":[{"@type":"WebPage","@id":"https:\/\/garantie.be\/fr\/garantie-locative-flandres\/","url":"https:\/\/garantie.be\/fr\/garantie-locative-flandres\/","name":"Garantie locative Flandre par Internet | Formulaire en ligne","isPartOf":{"@id":"https:\/\/garantie.be\/fr\/#website"},"primaryImageOfPage":{"@id":"https:\/\/garantie.be\/fr\/garantie-locative-flandres\/#primaryimage"},"image":{"@id":"https:\/\/garantie.be\/fr\/garantie-locative-flandres\/#primaryimage"},"thumbnailUrl":"https:\/\/garantie.be\/wp-content\/uploads\/elementor\/thumbs\/Logo-2-garantie-alone-1-pe5xec7dnfsf8cs3rtfffen34plb9ip2rjyfhjeqd0.jpg","datePublished":"2020-11-10T11:37:52+00:00","dateModified":"2025-05-08T15:19:27+00:00","description":"D\u00e9couvrez les r\u00e8gles du nouveau code du logement pour la garantie locative en vigueur dans la r\u00e9gion de Flandre depuis 2019","breadcrumb":{"@id":"https:\/\/garantie.be\/fr\/garantie-locative-flandres\/#breadcrumb"},"inLanguage":"fr-FR","potentialAction":[{"@type":"ReadAction","target":["https:\/\/garantie.be\/fr\/garantie-locative-flandres\/"]}]},{"@type":"ImageObject","inLanguage":"fr-FR","@id":"https:\/\/garantie.be\/fr\/garantie-locative-flandres\/#primaryimage","url":"https:\/\/garantie.be\/wp-content\/uploads\/elementor\/thumbs\/Logo-2-garantie-alone-1-pe5xec7dnfsf8cs3rtfffen34plb9ip2rjyfhjeqd0.jpg","contentUrl":"https:\/\/garantie.be\/wp-content\/uploads\/elementor\/thumbs\/Logo-2-garantie-alone-1-pe5xec7dnfsf8cs3rtfffen34plb9ip2rjyfhjeqd0.jpg"},{"@type":"BreadcrumbList","@id":"https:\/\/garantie.be\/fr\/garantie-locative-flandres\/#breadcrumb","itemListElement":[{"@type":"ListItem","position":1,"name":"Accueil","item":"https:\/\/garantie.be\/fr\/"},{"@type":"ListItem","position":2,"name":"Garantie locative Flandre"}]},{"@type":"WebSite","@id":"https:\/\/garantie.be\/fr\/#website","url":"https:\/\/garantie.be\/fr\/","name":"Garantie","description":"","publisher":{"@id":"https:\/\/garantie.be\/fr\/#organization"},"potentialAction":[{"@type":"SearchAction","target":{"@type":"EntryPoint","urlTemplate":"https:\/\/garantie.be\/fr\/?s={search_term_string}"},"query-input":{"@type":"PropertyValueSpecification","valueRequired":true,"valueName":"search_term_string"}}],"inLanguage":"fr-FR"},{"@type":"Organization","@id":"https:\/\/garantie.be\/fr\/#organization","name":"Garantie.be","url":"https:\/\/garantie.be\/fr\/","logo":{"@type":"ImageObject","inLanguage":"fr-FR","@id":"https:\/\/garantie.be\/fr\/#\/schema\/logo\/image\/","url":"","contentUrl":"","caption":"Garantie.be"},"image":{"@id":"https:\/\/garantie.be\/fr\/#\/schema\/logo\/image\/"}}]}},"_links":{"self":[{"href":"https:\/\/garantie.be\/fr\/wp-json\/wp\/v2\/pages\/144","targetHints":{"allow":["GET"]}}],"collection":[{"href":"https:\/\/garantie.be\/fr\/wp-json\/wp\/v2\/pages"}],"about":[{"href":"https:\/\/garantie.be\/fr\/wp-json\/wp\/v2\/types\/page"}],"author":[{"embeddable":true,"href":"https:\/\/garantie.be\/fr\/wp-json\/wp\/v2\/users\/1"}],"replies":[{"embeddable":true,"href":"https:\/\/garantie.be\/fr\/wp-json\/wp\/v2\/comments?post=144"}],"version-history":[{"count":0,"href":"https:\/\/garantie.be\/fr\/wp-json\/wp\/v2\/pages\/144\/revisions"}],"wp:attachment":[{"href":"https:\/\/garantie.be\/fr\/wp-json\/wp\/v2\/media?parent=144"}],"curies":[{"name":"wp","href":"https:\/\/api.w.org\/{rel}","templated":true}]}}