{"id":14845,"date":"2021-10-22T15:07:02","date_gmt":"2021-10-22T13:07:02","guid":{"rendered":"https:\/\/garantie.be\/?page_id=14845"},"modified":"2025-04-24T18:48:28","modified_gmt":"2025-04-24T16:48:28","slug":"ais-garantie-locative","status":"publish","type":"page","link":"https:\/\/garantie.be\/fr\/ais-garantie-locative\/","title":{"rendered":"Garantie locative AIS | Agences Immobili\u00e8res Sociales"},"content":{"rendered":"\t\t<div data-elementor-type=\"wp-page\" data-elementor-id=\"14845\" class=\"elementor elementor-14845\" data-elementor-post-type=\"page\">\n\t\t\t\t\t\t<section class=\"elementor-section elementor-top-section elementor-element elementor-element-194f8e71 elementor-section-boxed elementor-section-height-default elementor-section-height-default\" data-id=\"194f8e71\" data-element_type=\"section\" data-e-type=\"section\">\n\t\t\t\t\t\t<div class=\"elementor-container elementor-column-gap-default\">\n\t\t\t\t\t<div class=\"elementor-column elementor-col-100 elementor-top-column elementor-element elementor-element-27abdc21\" data-id=\"27abdc21\" data-element_type=\"column\" data-e-type=\"column\">\n\t\t\t<div class=\"elementor-widget-wrap elementor-element-populated\">\n\t\t\t\t\t\t<div class=\"elementor-element elementor-element-116de51 elementor-widget elementor-widget-spacer\" data-id=\"116de51\" data-element_type=\"widget\" data-e-type=\"widget\" data-widget_type=\"spacer.default\">\n\t\t\t\t<div class=\"elementor-widget-container\">\n\t\t\t\t\t\t\t<div class=\"elementor-spacer\">\n\t\t\t<div class=\"elementor-spacer-inner\"><\/div>\n\t\t<\/div>\n\t\t\t\t\t\t<\/div>\n\t\t\t\t<\/div>\n\t\t\t\t<div class=\"elementor-element elementor-element-1e80cdda elementor-widget elementor-widget-heading\" data-id=\"1e80cdda\" data-element_type=\"widget\" data-e-type=\"widget\" data-widget_type=\"heading.default\">\n\t\t\t\t<div class=\"elementor-widget-container\">\n\t\t\t\t\t<h1 class=\"elementor-heading-title elementor-size-default\"><b>\nAgence Immobili\u00e8re Sociale<\/b><br>Garantie locative AIS<\/h1>\t\t\t\t<\/div>\n\t\t\t\t<\/div>\n\t\t\t\t<div class=\"elementor-element elementor-element-3d1afbc4 elementor-widget elementor-widget-spacer\" data-id=\"3d1afbc4\" data-element_type=\"widget\" data-e-type=\"widget\" data-widget_type=\"spacer.default\">\n\t\t\t\t<div class=\"elementor-widget-container\">\n\t\t\t\t\t\t\t<div class=\"elementor-spacer\">\n\t\t\t<div class=\"elementor-spacer-inner\"><\/div>\n\t\t<\/div>\n\t\t\t\t\t\t<\/div>\n\t\t\t\t<\/div>\n\t\t\t\t\t<\/div>\n\t\t<\/div>\n\t\t\t\t\t<\/div>\n\t\t<\/section>\n\t\t\t\t<section class=\"elementor-section elementor-top-section elementor-element elementor-element-5e14b0a0 elementor-section-height-min-height elementor-section-content-middle elementor-section-boxed elementor-section-height-default elementor-section-items-middle\" data-id=\"5e14b0a0\" data-element_type=\"section\" data-e-type=\"section\" data-settings=\"{&quot;background_background&quot;:&quot;classic&quot;}\">\n\t\t\t\t\t\t<div class=\"elementor-container elementor-column-gap-default\">\n\t\t\t\t\t<div class=\"elementor-column elementor-col-100 elementor-top-column elementor-element elementor-element-45198e10\" data-id=\"45198e10\" data-element_type=\"column\" data-e-type=\"column\">\n\t\t\t<div class=\"elementor-widget-wrap elementor-element-populated\">\n\t\t\t\t\t\t<div class=\"elementor-element elementor-element-756361f0 elementor-widget-divider--view-line elementor-widget elementor-widget-divider\" data-id=\"756361f0\" data-element_type=\"widget\" data-e-type=\"widget\" data-widget_type=\"divider.default\">\n\t\t\t\t<div class=\"elementor-widget-container\">\n\t\t\t\t\t\t\t<div class=\"elementor-divider\">\n\t\t\t<span class=\"elementor-divider-separator\">\n\t\t\t\t\t\t<\/span>\n\t\t<\/div>\n\t\t\t\t\t\t<\/div>\n\t\t\t\t<\/div>\n\t\t\t\t<div class=\"elementor-element elementor-element-f882145 elementor-widget elementor-widget-text-editor\" data-id=\"f882145\" data-element_type=\"widget\" data-e-type=\"widget\" data-widget_type=\"text-editor.default\">\n\t\t\t\t<div class=\"elementor-widget-container\">\n\t\t\t\t\t\t\t\t\t<p>La meilleure fa\u00e7on de constituer rapidement sa garantie locative dans le cadre de l&rsquo;attribution d&rsquo;un logement par l&rsquo;Agence Immobili\u00e8re Sociale est de souscrire \u00e0 notre service de garantie locative en ligne. Dans le cadre de notre service de cautionnement de la garantie locative le locataire ne bloque pas le montant de la garantie sur un compte bancaire, nous nous portons garant.<\/p>\t\t\t\t\t\t\t\t<\/div>\n\t\t\t\t<\/div>\n\t\t\t\t<div class=\"elementor-element elementor-element-c0baa26 elementor-widget elementor-widget-heading\" data-id=\"c0baa26\" data-element_type=\"widget\" data-e-type=\"widget\" data-widget_type=\"heading.default\">\n\t\t\t\t<div class=\"elementor-widget-container\">\n\t\t\t\t\t<h2 class=\"elementor-heading-title elementor-size-default\">Qu'est ce qu'une Agence Immobili\u00e8re Sociale (AIS) ?\u200b<\/h2>\t\t\t\t<\/div>\n\t\t\t\t<\/div>\n\t\t\t\t<div class=\"elementor-element elementor-element-a6ad668 elementor-widget elementor-widget-text-editor\" data-id=\"a6ad668\" data-element_type=\"widget\" data-e-type=\"widget\" data-widget_type=\"text-editor.default\">\n\t\t\t\t<div class=\"elementor-widget-container\">\n\t\t\t\t\t\t\t\t\t<p>Les Agences Immobili\u00e8res Sociales (AIS) sont des associations (asbl) belges financ\u00e9es par les r\u00e9gions autonomes belges. Ces agences immobili\u00e8res autonomes g\u00e8rent la location de logements sociaux en Belgique. Ces logements appartiennent pour la plupart \u00e0 des propri\u00e9taires priv\u00e9s. Ces logements sont lou\u00e9s \u00e0 un loyer r\u00e9duit pour permettre aux m\u00e9nages \u00e0 faibles revenus de se loger. Ces agences immobili\u00e8res sociales ont pour mission de permettre aux plus d\u00e9munis de se loger en Belgique.<\/p>\t\t\t\t\t\t\t\t<\/div>\n\t\t\t\t<\/div>\n\t\t\t\t<div class=\"elementor-element elementor-element-18851ff elementor-widget elementor-widget-heading\" data-id=\"18851ff\" data-element_type=\"widget\" data-e-type=\"widget\" data-widget_type=\"heading.default\">\n\t\t\t\t<div class=\"elementor-widget-container\">\n\t\t\t\t\t<h2 class=\"elementor-heading-title elementor-size-default\">Comment fonctionne une Agence Immobili\u00e8re Sociale (AIS)<\/h2>\t\t\t\t<\/div>\n\t\t\t\t<\/div>\n\t\t\t\t<div class=\"elementor-element elementor-element-c63b730 elementor-widget elementor-widget-text-editor\" data-id=\"c63b730\" data-element_type=\"widget\" data-e-type=\"widget\" data-widget_type=\"text-editor.default\">\n\t\t\t\t<div class=\"elementor-widget-container\">\n\t\t\t\t\t\t\t\t\t<p>L\u2019Agence Immobili\u00e8re Sociale (AIS) est responsable de la relation entre le locataire social et le <a href=\"https:\/\/garantie.be\/fr\/bailleurs-immobiliers\/\">bailleur du bien immobilier<\/a>. L&rsquo;agence se charge de g\u00e9rer tous les aspect de la la gestion locative du bien lou\u00e9, dont l&rsquo;<a href=\"https:\/\/garantie.be\/fr\/etat-des-lieux\/\">\u00e9tat des lieux<\/a> et les \u00e9ventuelles r\u00e9novations. Le propri\u00e9taire se d\u00e9charge des aspects courant de la gestion locative et profite de tous les services assur\u00e9s par l&rsquo;AIS :<\/p><ul><li>La garantie de loyer<\/li><li>L&rsquo;entretien du bien<\/li><li>L&rsquo;assistance lors de la r\u00e9novation<\/li><li>L&rsquo;exon\u00e9ration du pr\u00e9compte immobilier<\/li><\/ul><p>Le principal avantage du locataire est de b\u00e9n\u00e9ficier d\u2019un logement social bien entretenu et \u00e0 loyer mod\u00e9r\u00e9.<\/p>\t\t\t\t\t\t\t\t<\/div>\n\t\t\t\t<\/div>\n\t\t\t\t<div class=\"elementor-element elementor-element-3a30344 elementor-widget elementor-widget-heading\" data-id=\"3a30344\" data-element_type=\"widget\" data-e-type=\"widget\" data-widget_type=\"heading.default\">\n\t\t\t\t<div class=\"elementor-widget-container\">\n\t\t\t\t\t<h2 class=\"elementor-heading-title elementor-size-default\">Qui peut b\u00e9n\u00e9ficier des services des AIS logement ?<\/h2>\t\t\t\t<\/div>\n\t\t\t\t<\/div>\n\t\t\t\t<div class=\"elementor-element elementor-element-af835fd elementor-widget elementor-widget-text-editor\" data-id=\"af835fd\" data-element_type=\"widget\" data-e-type=\"widget\" data-widget_type=\"text-editor.default\">\n\t\t\t\t<div class=\"elementor-widget-container\">\n\t\t\t\t\t\t\t\t\t<p>Les crit\u00e8res d&rsquo;acc\u00e8s \u00e0 l&rsquo;attribution d&rsquo;un logement social g\u00e9r\u00e9 par une Agence Immobili\u00e8re Sociale sont bas\u00e9s sur plusieurs notions. Le futur locataire :<\/p><ul><li>Ne peut pas \u00eatre propri\u00e9taire d\u2019un bien immobilier, en pleine propri\u00e9t\u00e9, en usufruit ou en emphyt\u00e9ose ;<\/li><li>Doit avoir un revenu du m\u00e9nage qui ne d\u00e9passe pas les plafonds d\u2019admission :<ul><li>23.525,31 euros par an, pour une personne vivant seule<\/li><li>26.139,25 euros par an, pour un m\u00e9nage disposant d\u2019un seul revenu<\/li><li>29.873,47 euros par an, pour un m\u00e9nage avec plusieurs revenus<\/li><li>Ces revenus sont augment\u00e9s de 2.240,50 euros pour chaque enfant \u00e0 charge<\/li><\/ul><\/li><li>Doit \u00eatre inscrit au registre de la population ou au registre des \u00e9trangers d\u2019une commune en Belgique ;<\/li><li>Ne pas avoir eu de contentieux par le pass\u00e9 avec les AIS ou les SISP ;<\/li><li>Ne doit avoir qu&rsquo;une seule inscription par membre du m\u00e9nage.<\/li><\/ul>\t\t\t\t\t\t\t\t<\/div>\n\t\t\t\t<\/div>\n\t\t\t\t<div class=\"elementor-element elementor-element-f8de704 elementor-widget elementor-widget-heading\" data-id=\"f8de704\" data-element_type=\"widget\" data-e-type=\"widget\" data-widget_type=\"heading.default\">\n\t\t\t\t<div class=\"elementor-widget-container\">\n\t\t\t\t\t<h2 class=\"elementor-heading-title elementor-size-default\">Quel est le loyer d'un logement propos\u00e9 par une Agence Immobili\u00e8re Sociale ?<\/h2>\t\t\t\t<\/div>\n\t\t\t\t<\/div>\n\t\t\t\t<div class=\"elementor-element elementor-element-bd31148 elementor-widget elementor-widget-text-editor\" data-id=\"bd31148\" data-element_type=\"widget\" data-e-type=\"widget\" data-widget_type=\"text-editor.default\">\n\t\t\t\t<div class=\"elementor-widget-container\">\n\t\t\t\t\t\t\t\t\t<p>Le loyer d&rsquo;un logement propos\u00e9 par une Agence Immobili\u00e8re Sociale est fix\u00e9 dans le <a href=\"https:\/\/garantie.be\/fr\/bail-de-location\/\">bail de location<\/a> et encadr\u00e9 par la loi \u00e0 un niveau inf\u00e9rieur au prix du march\u00e9.<\/p><p>Le loyer est d\u00e9fini par rapport au loyer fix\u00e9 avec le propri\u00e9taire du logement. L\u2019Agence Immobili\u00e8re Sociale (AIS) garantit au locataire un loyer inf\u00e9rieur au prix du march\u00e9. Le locataire b\u00e9n\u00e9ficie donc d&rsquo;une r\u00e9duction suppl\u00e9mentaire accord\u00e9e par l&rsquo;AIS par rapport au loyer fix\u00e9 par le propri\u00e9taire \u00e0 condition qu&rsquo;il justifie chaque ann\u00e9e qu&rsquo;il remplit les conditions de revenus maximum du m\u00e9nage.<\/p>\t\t\t\t\t\t\t\t<\/div>\n\t\t\t\t<\/div>\n\t\t\t\t<div class=\"elementor-element elementor-element-3b7ea8c elementor-widget elementor-widget-heading\" data-id=\"3b7ea8c\" data-element_type=\"widget\" data-e-type=\"widget\" data-widget_type=\"heading.default\">\n\t\t\t\t<div class=\"elementor-widget-container\">\n\t\t\t\t\t<h2 class=\"elementor-heading-title elementor-size-default\">Quelles sont les aides pour constituer la garantie locative ?<\/h2>\t\t\t\t<\/div>\n\t\t\t\t<\/div>\n\t\t\t\t<div class=\"elementor-element elementor-element-4319bdc elementor-widget elementor-widget-text-editor\" data-id=\"4319bdc\" data-element_type=\"widget\" data-e-type=\"widget\" data-widget_type=\"text-editor.default\">\n\t\t\t\t<div class=\"elementor-widget-container\">\n\t\t\t\t\t\t\t\t\t<p>Le locataire a plusieurs fa\u00e7ons de constituer sa garantie locative dans le cadre de l&rsquo;attribution d&rsquo;un logement social g\u00e9r\u00e9 par une <a href=\"https:\/\/gestiplus.be\/ais\/\">Agence Immobili\u00e8re Sociale<\/a> :<\/p><ul><li>Il peut demander une <a href=\"https:\/\/garantie.be\/fr\/garantie-bancaire-locative\/\">garantie bancaire locative<\/a> aupr\u00e8s de la banque o\u00f9 son salaire est vers\u00e9 tous les mois. Le locataire obtient ainsi un cr\u00e9dit de sa banque qu&rsquo;il rembourse sur un d\u00e9lai maximum de 3 ans ;<\/li><li>Le locataire d&rsquo;un bien social peut aussi parfois obtenir l&rsquo;aide du <a href=\"https:\/\/garantie.be\/fr\/garantie-locative-cpas\/\">CPAS pour la garantie locative<\/a>. Le CPAS se porte alors caution du locataire aupr\u00e8s de l&rsquo;AIS bailleur social.<\/li><\/ul>\t\t\t\t\t\t\t\t<\/div>\n\t\t\t\t<\/div>\n\t\t\t\t<div class=\"elementor-element elementor-element-703e623 elementor-widget elementor-widget-heading\" data-id=\"703e623\" data-element_type=\"widget\" data-e-type=\"widget\" data-widget_type=\"heading.default\">\n\t\t\t\t<div class=\"elementor-widget-container\">\n\t\t\t\t\t<h2 class=\"elementor-heading-title elementor-size-default\">Comment obtenir une logement aupr\u00e8s d'une Agence Immobili\u00e8re Sociale<\/h2>\t\t\t\t<\/div>\n\t\t\t\t<\/div>\n\t\t\t\t<div class=\"elementor-element elementor-element-61422ea elementor-widget elementor-widget-text-editor\" data-id=\"61422ea\" data-element_type=\"widget\" data-e-type=\"widget\" data-widget_type=\"text-editor.default\">\n\t\t\t\t<div class=\"elementor-widget-container\">\n\t\t\t\t\t\t\t\t\t<p>Les Agences Immobili\u00e8res Sociales (AIS) proposent r\u00e9guli\u00e8rement de nouveaux biens immobiliers \u00e0 la location. Les personnes souhaitant obtenir un des logements propos\u00e9s doivent soumettre leur dossier aupr\u00e8s de l&rsquo;AIS en charge du bien \u00e0 louer. Pour \u00eatre retenu comme candidat locataire les personnes doivent remplir les conditions financi\u00e8res et familiales \u00e9nonc\u00e9s pr\u00e9c\u00e9demments.<\/p>\t\t\t\t\t\t\t\t<\/div>\n\t\t\t\t<\/div>\n\t\t\t\t<div class=\"elementor-element elementor-element-72829d1 elementor-widget elementor-widget-heading\" data-id=\"72829d1\" data-element_type=\"widget\" data-e-type=\"widget\" data-widget_type=\"heading.default\">\n\t\t\t\t<div class=\"elementor-widget-container\">\n\t\t\t\t\t<h2 class=\"elementor-heading-title elementor-size-default\">Qu'est ce que l'AIS Bruxelles ?<\/h2>\t\t\t\t<\/div>\n\t\t\t\t<\/div>\n\t\t\t\t<div class=\"elementor-element elementor-element-1197af6 elementor-widget elementor-widget-text-editor\" data-id=\"1197af6\" data-element_type=\"widget\" data-e-type=\"widget\" data-widget_type=\"text-editor.default\">\n\t\t\t\t<div class=\"elementor-widget-container\">\n\t\t\t\t\t\t\t\t\t<p>L&rsquo;Agence Immobili\u00e8re Sociale de Bruxelles (Lien vers son <a href=\"http:\/\/aisb.be\/\">site internet<\/a>) regroupe plus de 8.000 logements sociaux g\u00e9r\u00e9s par les 28 Agences sociales locales bruxelloises.<\/p>\t\t\t\t\t\t\t\t<\/div>\n\t\t\t\t<\/div>\n\t\t\t\t\t<\/div>\n\t\t<\/div>\n\t\t\t\t\t<\/div>\n\t\t<\/section>\n\t\t\t\t<\/div>\n\t\t","protected":false},"excerpt":{"rendered":"<p>Agence Immobili\u00e8re SocialeGarantie locative AIS La meilleure fa\u00e7on de constituer rapidement sa garantie locative dans le cadre de l&rsquo;attribution d&rsquo;un logement par l&rsquo;Agence Immobili\u00e8re Sociale est de souscrire \u00e0 notre service de garantie locative en ligne. Dans le cadre de notre service de cautionnement de la garantie locative le locataire ne bloque pas le montant [&hellip;]<\/p>\n","protected":false},"author":1,"featured_media":0,"parent":0,"menu_order":0,"comment_status":"closed","ping_status":"closed","template":"","meta":{"footnotes":""},"class_list":["post-14845","page","type-page","status-publish","hentry"],"yoast_head":"<!-- This site is optimized with the Yoast SEO plugin v27.4 - https:\/\/yoast.com\/product\/yoast-seo-wordpress\/ -->\n<title>Garantie locative AIS | Agences Immobili\u00e8res Sociales<\/title>\n<meta name=\"description\" content=\"Toutes les informations concernant les agences sociales immobili\u00e8res en Belgique pour obtenir un logement social\" \/>\n<meta name=\"robots\" content=\"index, follow, max-snippet:-1, max-image-preview:large, max-video-preview:-1\" \/>\n<link rel=\"canonical\" href=\"https:\/\/garantie.be\/fr\/ais-garantie-locative\/\" \/>\n<meta property=\"og:locale\" content=\"fr_FR\" \/>\n<meta property=\"og:type\" content=\"article\" \/>\n<meta property=\"og:title\" content=\"Garantie locative AIS | Agences Immobili\u00e8res Sociales\" \/>\n<meta property=\"og:description\" content=\"Toutes les informations concernant les agences sociales immobili\u00e8res en Belgique pour obtenir un logement social\" \/>\n<meta property=\"og:url\" content=\"https:\/\/garantie.be\/fr\/ais-garantie-locative\/\" \/>\n<meta property=\"og:site_name\" content=\"Garantie\" \/>\n<meta property=\"article:modified_time\" content=\"2025-04-24T16:48:28+00:00\" \/>\n<meta name=\"twitter:card\" content=\"summary_large_image\" \/>\n<meta name=\"twitter:label1\" content=\"Dur\u00e9e de lecture estim\u00e9e\" \/>\n\t<meta name=\"twitter:data1\" content=\"4 minutes\" \/>\n<script type=\"application\/ld+json\" class=\"yoast-schema-graph\">{\"@context\":\"https:\\\/\\\/schema.org\",\"@graph\":[{\"@type\":\"WebPage\",\"@id\":\"https:\\\/\\\/garantie.be\\\/fr\\\/ais-garantie-locative\\\/\",\"url\":\"https:\\\/\\\/garantie.be\\\/fr\\\/ais-garantie-locative\\\/\",\"name\":\"Garantie locative AIS | Agences Immobili\u00e8res Sociales\",\"isPartOf\":{\"@id\":\"https:\\\/\\\/garantie.be\\\/fr\\\/#website\"},\"datePublished\":\"2021-10-22T13:07:02+00:00\",\"dateModified\":\"2025-04-24T16:48:28+00:00\",\"description\":\"Toutes les informations concernant les agences sociales immobili\u00e8res en Belgique pour obtenir un logement social\",\"breadcrumb\":{\"@id\":\"https:\\\/\\\/garantie.be\\\/fr\\\/ais-garantie-locative\\\/#breadcrumb\"},\"inLanguage\":\"fr-FR\",\"potentialAction\":[{\"@type\":\"ReadAction\",\"target\":[\"https:\\\/\\\/garantie.be\\\/fr\\\/ais-garantie-locative\\\/\"]}]},{\"@type\":\"BreadcrumbList\",\"@id\":\"https:\\\/\\\/garantie.be\\\/fr\\\/ais-garantie-locative\\\/#breadcrumb\",\"itemListElement\":[{\"@type\":\"ListItem\",\"position\":1,\"name\":\"Accueil\",\"item\":\"https:\\\/\\\/garantie.be\\\/fr\\\/\"},{\"@type\":\"ListItem\",\"position\":2,\"name\":\"Garantie locative AIS | Agences Immobili\u00e8res Sociales\"}]},{\"@type\":\"WebSite\",\"@id\":\"https:\\\/\\\/garantie.be\\\/fr\\\/#website\",\"url\":\"https:\\\/\\\/garantie.be\\\/fr\\\/\",\"name\":\"Garantie\",\"description\":\"\",\"publisher\":{\"@id\":\"https:\\\/\\\/garantie.be\\\/fr\\\/#organization\"},\"potentialAction\":[{\"@type\":\"SearchAction\",\"target\":{\"@type\":\"EntryPoint\",\"urlTemplate\":\"https:\\\/\\\/garantie.be\\\/fr\\\/?s={search_term_string}\"},\"query-input\":{\"@type\":\"PropertyValueSpecification\",\"valueRequired\":true,\"valueName\":\"search_term_string\"}}],\"inLanguage\":\"fr-FR\"},{\"@type\":\"Organization\",\"@id\":\"https:\\\/\\\/garantie.be\\\/fr\\\/#organization\",\"name\":\"Garantie.be\",\"url\":\"https:\\\/\\\/garantie.be\\\/fr\\\/\",\"logo\":{\"@type\":\"ImageObject\",\"inLanguage\":\"fr-FR\",\"@id\":\"https:\\\/\\\/garantie.be\\\/fr\\\/#\\\/schema\\\/logo\\\/image\\\/\",\"url\":\"\",\"contentUrl\":\"\",\"caption\":\"Garantie.be\"},\"image\":{\"@id\":\"https:\\\/\\\/garantie.be\\\/fr\\\/#\\\/schema\\\/logo\\\/image\\\/\"}}]}<\/script>\n<!-- \/ Yoast SEO plugin. -->","yoast_head_json":{"title":"Garantie locative AIS | Agences Immobili\u00e8res Sociales","description":"Toutes les informations concernant les agences sociales immobili\u00e8res en Belgique pour obtenir un logement social","robots":{"index":"index","follow":"follow","max-snippet":"max-snippet:-1","max-image-preview":"max-image-preview:large","max-video-preview":"max-video-preview:-1"},"canonical":"https:\/\/garantie.be\/fr\/ais-garantie-locative\/","og_locale":"fr_FR","og_type":"article","og_title":"Garantie locative AIS | Agences Immobili\u00e8res Sociales","og_description":"Toutes les informations concernant les agences sociales immobili\u00e8res en Belgique pour obtenir un logement social","og_url":"https:\/\/garantie.be\/fr\/ais-garantie-locative\/","og_site_name":"Garantie","article_modified_time":"2025-04-24T16:48:28+00:00","twitter_card":"summary_large_image","twitter_misc":{"Dur\u00e9e de lecture estim\u00e9e":"4 minutes"},"schema":{"@context":"https:\/\/schema.org","@graph":[{"@type":"WebPage","@id":"https:\/\/garantie.be\/fr\/ais-garantie-locative\/","url":"https:\/\/garantie.be\/fr\/ais-garantie-locative\/","name":"Garantie locative AIS | Agences Immobili\u00e8res Sociales","isPartOf":{"@id":"https:\/\/garantie.be\/fr\/#website"},"datePublished":"2021-10-22T13:07:02+00:00","dateModified":"2025-04-24T16:48:28+00:00","description":"Toutes les informations concernant les agences sociales immobili\u00e8res en Belgique pour obtenir un logement social","breadcrumb":{"@id":"https:\/\/garantie.be\/fr\/ais-garantie-locative\/#breadcrumb"},"inLanguage":"fr-FR","potentialAction":[{"@type":"ReadAction","target":["https:\/\/garantie.be\/fr\/ais-garantie-locative\/"]}]},{"@type":"BreadcrumbList","@id":"https:\/\/garantie.be\/fr\/ais-garantie-locative\/#breadcrumb","itemListElement":[{"@type":"ListItem","position":1,"name":"Accueil","item":"https:\/\/garantie.be\/fr\/"},{"@type":"ListItem","position":2,"name":"Garantie locative AIS | Agences Immobili\u00e8res Sociales"}]},{"@type":"WebSite","@id":"https:\/\/garantie.be\/fr\/#website","url":"https:\/\/garantie.be\/fr\/","name":"Garantie","description":"","publisher":{"@id":"https:\/\/garantie.be\/fr\/#organization"},"potentialAction":[{"@type":"SearchAction","target":{"@type":"EntryPoint","urlTemplate":"https:\/\/garantie.be\/fr\/?s={search_term_string}"},"query-input":{"@type":"PropertyValueSpecification","valueRequired":true,"valueName":"search_term_string"}}],"inLanguage":"fr-FR"},{"@type":"Organization","@id":"https:\/\/garantie.be\/fr\/#organization","name":"Garantie.be","url":"https:\/\/garantie.be\/fr\/","logo":{"@type":"ImageObject","inLanguage":"fr-FR","@id":"https:\/\/garantie.be\/fr\/#\/schema\/logo\/image\/","url":"","contentUrl":"","caption":"Garantie.be"},"image":{"@id":"https:\/\/garantie.be\/fr\/#\/schema\/logo\/image\/"}}]}},"_links":{"self":[{"href":"https:\/\/garantie.be\/fr\/wp-json\/wp\/v2\/pages\/14845","targetHints":{"allow":["GET"]}}],"collection":[{"href":"https:\/\/garantie.be\/fr\/wp-json\/wp\/v2\/pages"}],"about":[{"href":"https:\/\/garantie.be\/fr\/wp-json\/wp\/v2\/types\/page"}],"author":[{"embeddable":true,"href":"https:\/\/garantie.be\/fr\/wp-json\/wp\/v2\/users\/1"}],"replies":[{"embeddable":true,"href":"https:\/\/garantie.be\/fr\/wp-json\/wp\/v2\/comments?post=14845"}],"version-history":[{"count":0,"href":"https:\/\/garantie.be\/fr\/wp-json\/wp\/v2\/pages\/14845\/revisions"}],"wp:attachment":[{"href":"https:\/\/garantie.be\/fr\/wp-json\/wp\/v2\/media?parent=14845"}],"curies":[{"name":"wp","href":"https:\/\/api.w.org\/{rel}","templated":true}]}}