{"id":15294,"date":"2022-01-16T17:19:00","date_gmt":"2022-01-16T16:19:00","guid":{"rendered":"https:\/\/garantie.be\/?page_id=15294"},"modified":"2025-10-30T21:26:58","modified_gmt":"2025-10-30T20:26:58","slug":"bail-de-location","status":"publish","type":"page","link":"https:\/\/garantie.be\/fr\/bail-de-location\/","title":{"rendered":"Contrat de bail de location immobilier"},"content":{"rendered":"\t\t<div data-elementor-type=\"wp-page\" data-elementor-id=\"15294\" class=\"elementor elementor-15294\" data-elementor-post-type=\"page\">\n\t\t\t\t\t\t<section class=\"elementor-section elementor-top-section elementor-element elementor-element-50d8edd1 elementor-section-boxed elementor-section-height-default elementor-section-height-default\" data-id=\"50d8edd1\" data-element_type=\"section\" data-e-type=\"section\">\n\t\t\t\t\t\t<div class=\"elementor-container elementor-column-gap-default\">\n\t\t\t\t\t<div class=\"elementor-column elementor-col-100 elementor-top-column elementor-element elementor-element-9b1a255\" data-id=\"9b1a255\" data-element_type=\"column\" data-e-type=\"column\">\n\t\t\t<div class=\"elementor-widget-wrap elementor-element-populated\">\n\t\t\t\t\t\t<div class=\"elementor-element elementor-element-31e95bc3 elementor-widget elementor-widget-spacer\" data-id=\"31e95bc3\" data-element_type=\"widget\" data-e-type=\"widget\" data-widget_type=\"spacer.default\">\n\t\t\t\t<div class=\"elementor-widget-container\">\n\t\t\t\t\t\t\t<div class=\"elementor-spacer\">\n\t\t\t<div class=\"elementor-spacer-inner\"><\/div>\n\t\t<\/div>\n\t\t\t\t\t\t<\/div>\n\t\t\t\t<\/div>\n\t\t\t\t<div class=\"elementor-element elementor-element-7d12ccf1 elementor-widget elementor-widget-heading\" data-id=\"7d12ccf1\" data-element_type=\"widget\" data-e-type=\"widget\" data-widget_type=\"heading.default\">\n\t\t\t\t<div class=\"elementor-widget-container\">\n\t\t\t\t\t<h1 class=\"elementor-heading-title elementor-size-default\"><b>Bail de location<\/b><br>BELGIQUE<\/h1>\t\t\t\t<\/div>\n\t\t\t\t<\/div>\n\t\t\t\t<div class=\"elementor-element elementor-element-2e0980a9 elementor-widget elementor-widget-spacer\" data-id=\"2e0980a9\" data-element_type=\"widget\" data-e-type=\"widget\" data-widget_type=\"spacer.default\">\n\t\t\t\t<div class=\"elementor-widget-container\">\n\t\t\t\t\t\t\t<div class=\"elementor-spacer\">\n\t\t\t<div class=\"elementor-spacer-inner\"><\/div>\n\t\t<\/div>\n\t\t\t\t\t\t<\/div>\n\t\t\t\t<\/div>\n\t\t\t\t<div class=\"elementor-element elementor-element-e651595 elementor-widget elementor-widget-text-editor\" data-id=\"e651595\" data-element_type=\"widget\" data-e-type=\"widget\" data-widget_type=\"text-editor.default\">\n\t\t\t\t<div class=\"elementor-widget-container\">\n\t\t\t\t\t\t\t\t\t<p>Dans les cadre de la location d&rsquo;un bien immobilier, le bailleur et le locataire signent ensemble un contrat qui pr\u00e9cise les conditions dans lesquelles la location se d\u00e9roule. Ce contrat entre le locataire et le bailleur est le bail de location.<\/p><p>Depuis 2018, le contrat de bail est devenu r\u00e9gional. Chacune des trois r\u00e9gions belges a \u00e9tabli son propre code du logement r\u00e9gional.\u00a0<\/p><p>Nous vous proposons ci-dessous des <strong>mod\u00e8les gratuits \u00e0 t\u00e9l\u00e9charger de baux de location conformes \u00e0 chaque code du logement r\u00e9gional<\/strong>.<\/p>\t\t\t\t\t\t\t\t<\/div>\n\t\t\t\t<\/div>\n\t\t\t\t<div class=\"elementor-element elementor-element-482a672 elementor-widget elementor-widget-heading\" data-id=\"482a672\" data-element_type=\"widget\" data-e-type=\"widget\" data-widget_type=\"heading.default\">\n\t\t\t\t<div class=\"elementor-widget-container\">\n\t\t\t\t\t<h2 class=\"elementor-heading-title elementor-size-default\">Mod\u00e8le de contrat de bail gratuit \u00e0 t\u00e9l\u00e9charger<\/h2>\t\t\t\t<\/div>\n\t\t\t\t<\/div>\n\t\t\t\t<div class=\"elementor-element elementor-element-7307896 elementor-widget elementor-widget-text-editor\" data-id=\"7307896\" data-element_type=\"widget\" data-e-type=\"widget\" data-widget_type=\"text-editor.default\">\n\t\t\t\t<div class=\"elementor-widget-container\">\n\t\t\t\t\t\t\t\t\t<p style=\"text-align: left;\">\u2b95 <a href=\"https:\/\/garantie.be\/fr\/modeles-lettres-gestion-bail\/modele-contrat-bail-bruxelles\/\">Mod\u00e8le gratuit de bail de location pour Bruxelles<\/a><\/p><p style=\"text-align: left;\">\u2b95 <a href=\"https:\/\/garantie.be\/fr\/modeles-lettres-gestion-bail\/modele-bail-etudiant\/\">Mod\u00e8le gratuit de bail \u00e9tudiant<\/a><\/p><p style=\"text-align: left;\">\u2b95 <a href=\"https:\/\/garantie.be\/fr\/modeles-lettres-gestion-bail\/modele-bail-sous-location\/\">Mod\u00e8le gratuit de bail de sous location<\/a><\/p><p style=\"text-align: left;\">\u2b95 Mod\u00e8les de contrat de bail de location pour la Flandre<\/p><p style=\"text-align: left;\">\u2b95 Mod\u00e8les de contrat de bail de location pour la Wallonie<\/p>\t\t\t\t\t\t\t\t<\/div>\n\t\t\t\t<\/div>\n\t\t\t\t\t<\/div>\n\t\t<\/div>\n\t\t\t\t\t<\/div>\n\t\t<\/section>\n\t\t\t\t<section class=\"elementor-section elementor-top-section elementor-element elementor-element-2bcbbeb elementor-section-boxed elementor-section-height-default elementor-section-height-default\" data-id=\"2bcbbeb\" data-element_type=\"section\" data-e-type=\"section\">\n\t\t\t\t\t\t<div class=\"elementor-container elementor-column-gap-default\">\n\t\t\t\t\t<div class=\"elementor-column elementor-col-100 elementor-top-column elementor-element elementor-element-a0621dc\" data-id=\"a0621dc\" data-element_type=\"column\" data-e-type=\"column\">\n\t\t\t<div class=\"elementor-widget-wrap elementor-element-populated\">\n\t\t\t\t\t\t<div class=\"elementor-element elementor-element-95ce07e elementor-widget elementor-widget-heading\" data-id=\"95ce07e\" data-element_type=\"widget\" data-e-type=\"widget\" data-widget_type=\"heading.default\">\n\t\t\t\t<div class=\"elementor-widget-container\">\n\t\t\t\t\t<h2 class=\"elementor-heading-title elementor-size-default\">Qu\u2019est ce que le contrat de bail de location ?<\/h2>\t\t\t\t<\/div>\n\t\t\t\t<\/div>\n\t\t\t\t<div class=\"elementor-element elementor-element-dc3c13e elementor-widget elementor-widget-text-editor\" data-id=\"dc3c13e\" data-element_type=\"widget\" data-e-type=\"widget\" data-widget_type=\"text-editor.default\">\n\t\t\t\t<div class=\"elementor-widget-container\">\n\t\t\t\t\t\t\t\t\t<p>Le bail de location est un contrat de location d\u2019un bien immobilier \u00e0 dur\u00e9e d\u00e9termin\u00e9e sign\u00e9 entre un bailleur et un locataire. Le contrat de bail fixe les r\u00e8gles de location du bien immobilier donn\u00e9 en location. Le locataire paye un loyer au bailleur en \u00e9change de l\u2019usage du bien immobilier lou\u00e9.<\/p><p>Depuis 2018, le contrat de bail est devenu r\u00e9gional. Chacune des trois r\u00e9gions belges a \u00e9tabli son propre code du logement r\u00e9gional. Chaque r\u00e9gion administrative de Belgique a \u00e9tabli un mod\u00e8le de bail de location propre.<\/p>\t\t\t\t\t\t\t\t<\/div>\n\t\t\t\t<\/div>\n\t\t\t\t<div class=\"elementor-element elementor-element-37320ef elementor-widget elementor-widget-heading\" data-id=\"37320ef\" data-element_type=\"widget\" data-e-type=\"widget\" data-widget_type=\"heading.default\">\n\t\t\t\t<div class=\"elementor-widget-container\">\n\t\t\t\t\t<h2 class=\"elementor-heading-title elementor-size-default\">Que contient le bail de location ?<\/h2>\t\t\t\t<\/div>\n\t\t\t\t<\/div>\n\t\t\t\t<div class=\"elementor-element elementor-element-92b0ccf elementor-widget elementor-widget-text-editor\" data-id=\"92b0ccf\" data-element_type=\"widget\" data-e-type=\"widget\" data-widget_type=\"text-editor.default\">\n\t\t\t\t<div class=\"elementor-widget-container\">\n\t\t\t\t\t\t\t\t\t<p>Le bail de location doit contenir certaines mentions obligatoires pour respecter la loi f\u00e9d\u00e9rale belge en la mati\u00e8re. Le bail de location doit au minimum pr\u00e9ciser les points suivants :<\/p><ul><li>les informations personnelles du bailleur, sa compl\u00e8te identit\u00e9 et son adresse ;<\/li><li>les informations personnelles du locataire, donc son identit\u00e9 compl\u00e8te et son adresse ;<\/li><li>l\u2019adresse et le descriptif d\u00e9taill\u00e9 du bien mis en location ;<\/li><li>la date de d\u00e9marrage de la p\u00e9riode de location et la dur\u00e9e du bail de location ;<\/li><li>le montant pr\u00e9cis du loyer mensuel et une estimation des charges attach\u00e9es ;<\/li><li>la date de signature du bail de location et la signature de l&rsquo;ensemble des parties au contrat.<\/li><\/ul><p>Toute les informations compl\u00e9mentaires indiqu\u00e9es dans le bail de location permettent de pr\u00e9ciser le contrat d&rsquo;engagement entre le bailleur et le locataire.<\/p><p>La <span style=\"text-decoration: underline;\"><a href=\"https:\/\/garantie.be\/fr\/garantie-locative\/\">garantie locative<\/a><\/span> n&rsquo;est pas une condition obligatoire du bail de location mais on trouve un paragraphe sur les garanties du locataire dans la quasi-totalit\u00e9 des baux de location en Belgique.<\/p>\t\t\t\t\t\t\t\t<\/div>\n\t\t\t\t<\/div>\n\t\t\t\t\t<\/div>\n\t\t<\/div>\n\t\t\t\t\t<\/div>\n\t\t<\/section>\n\t\t\t\t<section class=\"elementor-section elementor-top-section elementor-element elementor-element-cbcd652 elementor-section-boxed elementor-section-height-default elementor-section-height-default\" data-id=\"cbcd652\" data-element_type=\"section\" data-e-type=\"section\">\n\t\t\t\t\t\t<div class=\"elementor-container elementor-column-gap-default\">\n\t\t\t\t\t<div class=\"elementor-column elementor-col-100 elementor-top-column elementor-element elementor-element-b1ad937\" data-id=\"b1ad937\" data-element_type=\"column\" data-e-type=\"column\">\n\t\t\t<div class=\"elementor-widget-wrap elementor-element-populated\">\n\t\t\t\t\t\t<div class=\"elementor-element elementor-element-1aedfe7 elementor-widget elementor-widget-heading\" data-id=\"1aedfe7\" data-element_type=\"widget\" data-e-type=\"widget\" data-widget_type=\"heading.default\">\n\t\t\t\t<div class=\"elementor-widget-container\">\n\t\t\t\t\t<h2 class=\"elementor-heading-title elementor-size-default\"> Quelle est la dur\u00e9e d\u2019un bail de location ?<\/h2>\t\t\t\t<\/div>\n\t\t\t\t<\/div>\n\t\t\t\t<div class=\"elementor-element elementor-element-e5b4de6 elementor-widget elementor-widget-text-editor\" data-id=\"e5b4de6\" data-element_type=\"widget\" data-e-type=\"widget\" data-widget_type=\"text-editor.default\">\n\t\t\t\t<div class=\"elementor-widget-container\">\n\t\t\t\t\t\t\t\t\t<p>En Belgique il n&rsquo;existe plus de bail \u00e0 dur\u00e9e ind\u00e9termin\u00e9e. Le bail de location doit avoir une dur\u00e9e d\u00e9termin\u00e9e. La loi a d\u00e9fini comme principe une dur\u00e9e de 9 ans pour le bail de r\u00e9sidence principale en Belgique.<\/p><p>La loi permet \u00e9galement dans certaines conditions d\u2019\u00e9tablir un bail de courte dur\u00e9e (bail d\u2019une dur\u00e9e inf\u00e9rieure \u00e0 3 ans) ou un bail de longue dur\u00e9e (bail de plus de 9 ans) pour le bail de r\u00e9sidence principale.<\/p>\t\t\t\t\t\t\t\t<\/div>\n\t\t\t\t<\/div>\n\t\t\t\t<div class=\"elementor-element elementor-element-ee83dff elementor-widget elementor-widget-heading\" data-id=\"ee83dff\" data-element_type=\"widget\" data-e-type=\"widget\" data-widget_type=\"heading.default\">\n\t\t\t\t<div class=\"elementor-widget-container\">\n\t\t\t\t\t<h2 class=\"elementor-heading-title elementor-size-default\">Les diff\u00e9rents types de baux de location<\/h2>\t\t\t\t<\/div>\n\t\t\t\t<\/div>\n\t\t\t\t<div class=\"elementor-element elementor-element-e5981bd elementor-widget elementor-widget-text-editor\" data-id=\"e5981bd\" data-element_type=\"widget\" data-e-type=\"widget\" data-widget_type=\"text-editor.default\">\n\t\t\t\t<div class=\"elementor-widget-container\">\n\t\t\t\t\t\t\t\t\t<h3>Bail de r\u00e9sidence principale<\/h3><p>Le bail de r\u00e9sidence principale est le contrat de location qui concerne le logement de r\u00e9sidence principale du locataire. Pour pouvoir \u00eatre un bail de r\u00e9sidence principe, le contrat de bail doit remplir trois conditions obligatoires :<\/p><ul><li>Le contrat de location doit \u00eatre un bail d\u2019habitation. Cela signifie que le locataire d\u00e9clare habiter dans le bien immobilier lou\u00e9 ;<\/li><li>Le locataire doit \u00e9galement d\u00e9clarer qu\u2019il s\u2019agit de sa r\u00e9sidence principale. Donc le locataire habite principalement dans cette habitation ;<\/li><li>Le bailleur donne son accord \u00e0 l\u2019affectation de r\u00e9sidence principale du bien.<\/li><\/ul><p>\u00a0<\/p><p>Le fait d\u2019\u00eatre un bail de location de r\u00e9sidence principale apporte plusieurs protections pour le locataire. La loi belge oblige le bailleur \u00e0 respecter des r\u00e8gles suppl\u00e9mentaires concernant le bien lou\u00e9 concernant la s\u00e9curit\u00e9, la salubrit\u00e9 et les conditions d&rsquo;habitabilit\u00e9 du bien lou\u00e9. Les r\u00e8gles de dur\u00e9e et de prolongation du bail de r\u00e9sidence principale sont \u00e9galement fix\u00e9es par la loi pour prot\u00e9ger les locataires.<\/p>\t\t\t\t\t\t\t\t<\/div>\n\t\t\t\t<\/div>\n\t\t\t\t<div class=\"elementor-element elementor-element-1f00121 elementor-widget elementor-widget-heading\" data-id=\"1f00121\" data-element_type=\"widget\" data-e-type=\"widget\" data-widget_type=\"heading.default\">\n\t\t\t\t<div class=\"elementor-widget-container\">\n\t\t\t\t\t<h2 class=\"elementor-heading-title elementor-size-default\">Comment enregistrer un bail de location<\/h2>\t\t\t\t<\/div>\n\t\t\t\t<\/div>\n\t\t\t\t<div class=\"elementor-element elementor-element-1261727 elementor-widget elementor-widget-text-editor\" data-id=\"1261727\" data-element_type=\"widget\" data-e-type=\"widget\" data-widget_type=\"text-editor.default\">\n\t\t\t\t<div class=\"elementor-widget-container\">\n\t\t\t\t\t\t\t\t\t<p><a href=\"https:\/\/garantie.be\/fr\/bail-de-location\/enregistrement-bail-location\/\">L&rsquo;enregistrement du bail de location<\/a> et de ses annexes se fait aupr\u00e8s du Service public f\u00e9d\u00e9ral des Finances en Belgique (Myminfin). L&rsquo;enregistrement peut se faire en se rendant physiquement dans un des bureaux comp\u00e9tents du service f\u00e9d\u00e9ral ou bien directement en ligne sur myminfin.be.<\/p>\t\t\t\t\t\t\t\t<\/div>\n\t\t\t\t<\/div>\n\t\t\t\t\t<\/div>\n\t\t<\/div>\n\t\t\t\t\t<\/div>\n\t\t<\/section>\n\t\t\t\t<section class=\"elementor-section elementor-top-section elementor-element elementor-element-15d30bb elementor-section-boxed elementor-section-height-default elementor-section-height-default\" data-id=\"15d30bb\" data-element_type=\"section\" data-e-type=\"section\">\n\t\t\t\t\t\t<div class=\"elementor-container elementor-column-gap-default\">\n\t\t\t\t\t<div class=\"elementor-column elementor-col-100 elementor-top-column elementor-element elementor-element-5dc29e2\" data-id=\"5dc29e2\" data-element_type=\"column\" data-e-type=\"column\">\n\t\t\t<div class=\"elementor-widget-wrap elementor-element-populated\">\n\t\t\t\t\t\t<div class=\"elementor-element elementor-element-d154b53 elementor-widget elementor-widget-spacer\" data-id=\"d154b53\" data-element_type=\"widget\" data-e-type=\"widget\" data-widget_type=\"spacer.default\">\n\t\t\t\t<div class=\"elementor-widget-container\">\n\t\t\t\t\t\t\t<div class=\"elementor-spacer\">\n\t\t\t<div class=\"elementor-spacer-inner\"><\/div>\n\t\t<\/div>\n\t\t\t\t\t\t<\/div>\n\t\t\t\t<\/div>\n\t\t\t\t\t<\/div>\n\t\t<\/div>\n\t\t\t\t\t<\/div>\n\t\t<\/section>\n\t\t\t\t<section class=\"elementor-section elementor-top-section elementor-element elementor-element-fdcd484 elementor-section-boxed elementor-section-height-default elementor-section-height-default\" data-id=\"fdcd484\" data-element_type=\"section\" data-e-type=\"section\">\n\t\t\t\t\t\t<div class=\"elementor-container elementor-column-gap-default\">\n\t\t\t\t\t<div class=\"elementor-column elementor-col-100 elementor-top-column elementor-element elementor-element-3c9820c\" data-id=\"3c9820c\" data-element_type=\"column\" data-e-type=\"column\">\n\t\t\t<div class=\"elementor-widget-wrap elementor-element-populated\">\n\t\t\t\t\t\t<div class=\"elementor-element elementor-element-3510e1e elementor-widget elementor-widget-heading\" data-id=\"3510e1e\" data-element_type=\"widget\" data-e-type=\"widget\" data-widget_type=\"heading.default\">\n\t\t\t\t<div class=\"elementor-widget-container\">\n\t\t\t\t\t<h2 class=\"elementor-heading-title elementor-size-default\">Image d'un mod\u00e8le de contrat de bail en Belgique<\/h2>\t\t\t\t<\/div>\n\t\t\t\t<\/div>\n\t\t\t\t<div class=\"elementor-element elementor-element-b7b70f7 elementor-widget elementor-widget-image\" data-id=\"b7b70f7\" data-element_type=\"widget\" data-e-type=\"widget\" data-widget_type=\"image.default\">\n\t\t\t\t<div class=\"elementor-widget-container\">\n\t\t\t\t\t\t\t\t\t\t\t\t<figure class=\"wp-caption\">\n\t\t\t\t\t\t\t\t\t\t<img fetchpriority=\"high\" decoding=\"async\" width=\"627\" height=\"801\" src=\"https:\/\/garantie.be\/wp-content\/uploads\/2022\/01\/Bail-location-Bruxelles.png\" class=\"attachment-large size-large wp-image-15385\" alt=\"Bail location Bruxelles\" srcset=\"https:\/\/garantie.be\/wp-content\/uploads\/2022\/01\/Bail-location-Bruxelles.png 627w, https:\/\/garantie.be\/wp-content\/uploads\/2022\/01\/Bail-location-Bruxelles-235x300.png 235w\" sizes=\"(max-width: 627px) 100vw, 627px\" \/>\t\t\t\t\t\t\t\t\t\t\t<figcaption class=\"widget-image-caption wp-caption-text\">Exemple de bail de location \u00e0 Bruxelles<\/figcaption>\n\t\t\t\t\t\t\t\t\t\t<\/figure>\n\t\t\t\t\t\t\t\t\t<\/div>\n\t\t\t\t<\/div>\n\t\t\t\t\t<\/div>\n\t\t<\/div>\n\t\t\t\t\t<\/div>\n\t\t<\/section>\n\t\t\t\t<\/div>\n\t\t","protected":false},"excerpt":{"rendered":"<p>Bail de locationBELGIQUE Dans les cadre de la location d&rsquo;un bien immobilier, le bailleur et le locataire signent ensemble un contrat qui pr\u00e9cise les conditions dans lesquelles la location se d\u00e9roule. Ce contrat entre le locataire et le bailleur est le bail de location. Depuis 2018, le contrat de bail est devenu r\u00e9gional. Chacune des [&hellip;]<\/p>\n","protected":false},"author":1,"featured_media":0,"parent":0,"menu_order":0,"comment_status":"closed","ping_status":"closed","template":"","meta":{"footnotes":""},"class_list":["post-15294","page","type-page","status-publish","hentry"],"yoast_head":"<!-- This site is optimized with the Yoast SEO plugin v27.3 - https:\/\/yoast.com\/product\/yoast-seo-wordpress\/ -->\n<title>Contrat de bail de location immobilier<\/title>\n<meta name=\"robots\" content=\"index, follow, max-snippet:-1, max-image-preview:large, max-video-preview:-1\" \/>\n<link rel=\"canonical\" href=\"https:\/\/garantie.be\/fr\/bail-de-location\/\" \/>\n<meta property=\"og:locale\" content=\"fr_FR\" \/>\n<meta property=\"og:type\" content=\"article\" \/>\n<meta property=\"og:title\" content=\"Contrat de bail de location immobilier\" \/>\n<meta property=\"og:description\" content=\"Bail de locationBELGIQUE Dans les cadre de la location d&rsquo;un bien immobilier, le bailleur et le locataire signent ensemble un contrat qui pr\u00e9cise les conditions dans lesquelles la location se d\u00e9roule. Ce contrat entre le locataire et le bailleur est le bail de location. Depuis 2018, le contrat de bail est devenu r\u00e9gional. Chacune des [&hellip;]\" \/>\n<meta property=\"og:url\" content=\"https:\/\/garantie.be\/fr\/bail-de-location\/\" \/>\n<meta property=\"og:site_name\" content=\"Garantie\" \/>\n<meta property=\"article:modified_time\" content=\"2025-10-30T20:26:58+00:00\" \/>\n<meta property=\"og:image\" content=\"https:\/\/garantie.be\/wp-content\/uploads\/2022\/01\/Bail-location-Bruxelles.png\" \/>\n<meta name=\"twitter:card\" content=\"summary_large_image\" \/>\n<meta name=\"twitter:label1\" content=\"Dur\u00e9e de lecture estim\u00e9e\" \/>\n\t<meta name=\"twitter:data1\" content=\"4 minutes\" \/>\n<script type=\"application\/ld+json\" class=\"yoast-schema-graph\">{\"@context\":\"https:\\\/\\\/schema.org\",\"@graph\":[{\"@type\":\"WebPage\",\"@id\":\"https:\\\/\\\/garantie.be\\\/fr\\\/bail-de-location\\\/\",\"url\":\"https:\\\/\\\/garantie.be\\\/fr\\\/bail-de-location\\\/\",\"name\":\"Contrat de bail de location immobilier\",\"isPartOf\":{\"@id\":\"https:\\\/\\\/garantie.be\\\/fr\\\/#website\"},\"primaryImageOfPage\":{\"@id\":\"https:\\\/\\\/garantie.be\\\/fr\\\/bail-de-location\\\/#primaryimage\"},\"image\":{\"@id\":\"https:\\\/\\\/garantie.be\\\/fr\\\/bail-de-location\\\/#primaryimage\"},\"thumbnailUrl\":\"https:\\\/\\\/garantie.be\\\/wp-content\\\/uploads\\\/2022\\\/01\\\/Bail-location-Bruxelles.png\",\"datePublished\":\"2022-01-16T16:19:00+00:00\",\"dateModified\":\"2025-10-30T20:26:58+00:00\",\"breadcrumb\":{\"@id\":\"https:\\\/\\\/garantie.be\\\/fr\\\/bail-de-location\\\/#breadcrumb\"},\"inLanguage\":\"fr-FR\",\"potentialAction\":[{\"@type\":\"ReadAction\",\"target\":[\"https:\\\/\\\/garantie.be\\\/fr\\\/bail-de-location\\\/\"]}]},{\"@type\":\"ImageObject\",\"inLanguage\":\"fr-FR\",\"@id\":\"https:\\\/\\\/garantie.be\\\/fr\\\/bail-de-location\\\/#primaryimage\",\"url\":\"https:\\\/\\\/garantie.be\\\/wp-content\\\/uploads\\\/2022\\\/01\\\/Bail-location-Bruxelles.png\",\"contentUrl\":\"https:\\\/\\\/garantie.be\\\/wp-content\\\/uploads\\\/2022\\\/01\\\/Bail-location-Bruxelles.png\"},{\"@type\":\"BreadcrumbList\",\"@id\":\"https:\\\/\\\/garantie.be\\\/fr\\\/bail-de-location\\\/#breadcrumb\",\"itemListElement\":[{\"@type\":\"ListItem\",\"position\":1,\"name\":\"Accueil\",\"item\":\"https:\\\/\\\/garantie.be\\\/fr\\\/\"},{\"@type\":\"ListItem\",\"position\":2,\"name\":\"Contrat de bail de location immobilier\"}]},{\"@type\":\"WebSite\",\"@id\":\"https:\\\/\\\/garantie.be\\\/fr\\\/#website\",\"url\":\"https:\\\/\\\/garantie.be\\\/fr\\\/\",\"name\":\"Garantie\",\"description\":\"\",\"publisher\":{\"@id\":\"https:\\\/\\\/garantie.be\\\/fr\\\/#organization\"},\"potentialAction\":[{\"@type\":\"SearchAction\",\"target\":{\"@type\":\"EntryPoint\",\"urlTemplate\":\"https:\\\/\\\/garantie.be\\\/fr\\\/?s={search_term_string}\"},\"query-input\":{\"@type\":\"PropertyValueSpecification\",\"valueRequired\":true,\"valueName\":\"search_term_string\"}}],\"inLanguage\":\"fr-FR\"},{\"@type\":\"Organization\",\"@id\":\"https:\\\/\\\/garantie.be\\\/fr\\\/#organization\",\"name\":\"Garantie.be\",\"url\":\"https:\\\/\\\/garantie.be\\\/fr\\\/\",\"logo\":{\"@type\":\"ImageObject\",\"inLanguage\":\"fr-FR\",\"@id\":\"https:\\\/\\\/garantie.be\\\/fr\\\/#\\\/schema\\\/logo\\\/image\\\/\",\"url\":\"\",\"contentUrl\":\"\",\"caption\":\"Garantie.be\"},\"image\":{\"@id\":\"https:\\\/\\\/garantie.be\\\/fr\\\/#\\\/schema\\\/logo\\\/image\\\/\"}}]}<\/script>\n<!-- \/ Yoast SEO plugin. -->","yoast_head_json":{"title":"Contrat de bail de location immobilier","robots":{"index":"index","follow":"follow","max-snippet":"max-snippet:-1","max-image-preview":"max-image-preview:large","max-video-preview":"max-video-preview:-1"},"canonical":"https:\/\/garantie.be\/fr\/bail-de-location\/","og_locale":"fr_FR","og_type":"article","og_title":"Contrat de bail de location immobilier","og_description":"Bail de locationBELGIQUE Dans les cadre de la location d&rsquo;un bien immobilier, le bailleur et le locataire signent ensemble un contrat qui pr\u00e9cise les conditions dans lesquelles la location se d\u00e9roule. Ce contrat entre le locataire et le bailleur est le bail de location. Depuis 2018, le contrat de bail est devenu r\u00e9gional. Chacune des [&hellip;]","og_url":"https:\/\/garantie.be\/fr\/bail-de-location\/","og_site_name":"Garantie","article_modified_time":"2025-10-30T20:26:58+00:00","og_image":[{"url":"https:\/\/garantie.be\/wp-content\/uploads\/2022\/01\/Bail-location-Bruxelles.png","type":"","width":"","height":""}],"twitter_card":"summary_large_image","twitter_misc":{"Dur\u00e9e de lecture estim\u00e9e":"4 minutes"},"schema":{"@context":"https:\/\/schema.org","@graph":[{"@type":"WebPage","@id":"https:\/\/garantie.be\/fr\/bail-de-location\/","url":"https:\/\/garantie.be\/fr\/bail-de-location\/","name":"Contrat de bail de location immobilier","isPartOf":{"@id":"https:\/\/garantie.be\/fr\/#website"},"primaryImageOfPage":{"@id":"https:\/\/garantie.be\/fr\/bail-de-location\/#primaryimage"},"image":{"@id":"https:\/\/garantie.be\/fr\/bail-de-location\/#primaryimage"},"thumbnailUrl":"https:\/\/garantie.be\/wp-content\/uploads\/2022\/01\/Bail-location-Bruxelles.png","datePublished":"2022-01-16T16:19:00+00:00","dateModified":"2025-10-30T20:26:58+00:00","breadcrumb":{"@id":"https:\/\/garantie.be\/fr\/bail-de-location\/#breadcrumb"},"inLanguage":"fr-FR","potentialAction":[{"@type":"ReadAction","target":["https:\/\/garantie.be\/fr\/bail-de-location\/"]}]},{"@type":"ImageObject","inLanguage":"fr-FR","@id":"https:\/\/garantie.be\/fr\/bail-de-location\/#primaryimage","url":"https:\/\/garantie.be\/wp-content\/uploads\/2022\/01\/Bail-location-Bruxelles.png","contentUrl":"https:\/\/garantie.be\/wp-content\/uploads\/2022\/01\/Bail-location-Bruxelles.png"},{"@type":"BreadcrumbList","@id":"https:\/\/garantie.be\/fr\/bail-de-location\/#breadcrumb","itemListElement":[{"@type":"ListItem","position":1,"name":"Accueil","item":"https:\/\/garantie.be\/fr\/"},{"@type":"ListItem","position":2,"name":"Contrat de bail de location immobilier"}]},{"@type":"WebSite","@id":"https:\/\/garantie.be\/fr\/#website","url":"https:\/\/garantie.be\/fr\/","name":"Garantie","description":"","publisher":{"@id":"https:\/\/garantie.be\/fr\/#organization"},"potentialAction":[{"@type":"SearchAction","target":{"@type":"EntryPoint","urlTemplate":"https:\/\/garantie.be\/fr\/?s={search_term_string}"},"query-input":{"@type":"PropertyValueSpecification","valueRequired":true,"valueName":"search_term_string"}}],"inLanguage":"fr-FR"},{"@type":"Organization","@id":"https:\/\/garantie.be\/fr\/#organization","name":"Garantie.be","url":"https:\/\/garantie.be\/fr\/","logo":{"@type":"ImageObject","inLanguage":"fr-FR","@id":"https:\/\/garantie.be\/fr\/#\/schema\/logo\/image\/","url":"","contentUrl":"","caption":"Garantie.be"},"image":{"@id":"https:\/\/garantie.be\/fr\/#\/schema\/logo\/image\/"}}]}},"_links":{"self":[{"href":"https:\/\/garantie.be\/fr\/wp-json\/wp\/v2\/pages\/15294","targetHints":{"allow":["GET"]}}],"collection":[{"href":"https:\/\/garantie.be\/fr\/wp-json\/wp\/v2\/pages"}],"about":[{"href":"https:\/\/garantie.be\/fr\/wp-json\/wp\/v2\/types\/page"}],"author":[{"embeddable":true,"href":"https:\/\/garantie.be\/fr\/wp-json\/wp\/v2\/users\/1"}],"replies":[{"embeddable":true,"href":"https:\/\/garantie.be\/fr\/wp-json\/wp\/v2\/comments?post=15294"}],"version-history":[{"count":0,"href":"https:\/\/garantie.be\/fr\/wp-json\/wp\/v2\/pages\/15294\/revisions"}],"wp:attachment":[{"href":"https:\/\/garantie.be\/fr\/wp-json\/wp\/v2\/media?parent=15294"}],"curies":[{"name":"wp","href":"https:\/\/api.w.org\/{rel}","templated":true}]}}