{"id":16607,"date":"2025-03-18T14:02:30","date_gmt":"2025-03-18T13:02:30","guid":{"rendered":"https:\/\/garantie.be\/?page_id=16607"},"modified":"2026-04-09T11:55:44","modified_gmt":"2026-04-09T09:55:44","slug":"depot-garantie-locative","status":"publish","type":"page","link":"https:\/\/garantie.be\/fr\/depot-garantie-locative\/","title":{"rendered":"Le d\u00e9p\u00f4t de la garantie locative en immobilier"},"content":{"rendered":"\t\t<div data-elementor-type=\"wp-page\" data-elementor-id=\"16607\" class=\"elementor elementor-16607\" data-elementor-post-type=\"page\">\n\t\t\t\t\t\t<section class=\"elementor-section elementor-top-section elementor-element elementor-element-70128eae elementor-section-boxed elementor-section-height-default elementor-section-height-default\" data-id=\"70128eae\" data-element_type=\"section\" data-e-type=\"section\">\n\t\t\t\t\t\t<div class=\"elementor-container elementor-column-gap-default\">\n\t\t\t\t\t<div class=\"elementor-column elementor-col-100 elementor-top-column elementor-element elementor-element-16d6919d\" data-id=\"16d6919d\" data-element_type=\"column\" data-e-type=\"column\">\n\t\t\t<div class=\"elementor-widget-wrap elementor-element-populated\">\n\t\t\t\t\t\t<div class=\"elementor-element elementor-element-7db7ae4c elementor-widget elementor-widget-spacer\" data-id=\"7db7ae4c\" data-element_type=\"widget\" data-e-type=\"widget\" data-widget_type=\"spacer.default\">\n\t\t\t\t<div class=\"elementor-widget-container\">\n\t\t\t\t\t\t\t<div class=\"elementor-spacer\">\n\t\t\t<div class=\"elementor-spacer-inner\"><\/div>\n\t\t<\/div>\n\t\t\t\t\t\t<\/div>\n\t\t\t\t<\/div>\n\t\t\t\t<div class=\"elementor-element elementor-element-712c0e9e elementor-widget elementor-widget-heading\" data-id=\"712c0e9e\" data-element_type=\"widget\" data-e-type=\"widget\" data-widget_type=\"heading.default\">\n\t\t\t\t<div class=\"elementor-widget-container\">\n\t\t\t\t\t<h1 class=\"elementor-heading-title elementor-size-default\"><b>Le d\u00e9p\u00f4t de garantie<\/b><br>\nLocation immobili\u00e8re<\/h1>\t\t\t\t<\/div>\n\t\t\t\t<\/div>\n\t\t\t\t<div class=\"elementor-element elementor-element-55fce9d5 elementor-widget elementor-widget-spacer\" data-id=\"55fce9d5\" data-element_type=\"widget\" data-e-type=\"widget\" data-widget_type=\"spacer.default\">\n\t\t\t\t<div class=\"elementor-widget-container\">\n\t\t\t\t\t\t\t<div class=\"elementor-spacer\">\n\t\t\t<div class=\"elementor-spacer-inner\"><\/div>\n\t\t<\/div>\n\t\t\t\t\t\t<\/div>\n\t\t\t\t<\/div>\n\t\t\t\t<div class=\"elementor-element elementor-element-1f2a8c6f elementor-widget elementor-widget-text-editor\" data-id=\"1f2a8c6f\" data-element_type=\"widget\" data-e-type=\"widget\" data-widget_type=\"text-editor.default\">\n\t\t\t\t<div class=\"elementor-widget-container\">\n\t\t\t\t\t\t\t\t\t<p>Le bailleur d\u2019un bien immobilier en location peut exiger au locataire de fournir une garantie locative \u00e9quivalente \u00e0 2 ou 3 mois de loyer en fonction de la r\u00e9gion en Belgique. Elle doit \u00eatre constitu\u00e9e \u00e0 la signature du bail ou le mois qui suit l\u2019entr\u00e9e dans les lieux. Cette garantie locative servira \u00e0 couvrir les \u00e9ventuels d\u00e9g\u00e2ts du locataire \u00e0 la sortie de bail.<\/p><p>Pour obtenir une garantie locative <strong>sans faire de d\u00e9p\u00f4t bancaire,<\/strong> il vous suffit de demander une caution aupr\u00e8s de garantie.be en cliquant sur <span style=\"text-decoration: underline;\"><a href=\"https:\/\/garantie.be\/fr\/garantie-locative-en-ligne\/\">garantie locative en ligne<\/a><\/span>.<\/p>\t\t\t\t\t\t\t\t<\/div>\n\t\t\t\t<\/div>\n\t\t\t\t<div class=\"elementor-element elementor-element-5c4908d elementor-widget elementor-widget-heading\" data-id=\"5c4908d\" data-element_type=\"widget\" data-e-type=\"widget\" data-widget_type=\"heading.default\">\n\t\t\t\t<div class=\"elementor-widget-container\">\n\t\t\t\t\t<h2 class=\"elementor-heading-title elementor-size-default\">Qu'est ce qu'un d\u00e9p\u00f4t de garantie location\u200b ?<\/h2>\t\t\t\t<\/div>\n\t\t\t\t<\/div>\n\t\t\t\t<div class=\"elementor-element elementor-element-813cc06 elementor-widget elementor-widget-text-editor\" data-id=\"813cc06\" data-element_type=\"widget\" data-e-type=\"widget\" data-widget_type=\"text-editor.default\">\n\t\t\t\t<div class=\"elementor-widget-container\">\n\t\t\t\t\t\t\t\t\t<p>C\u2019est une somme d\u2019argent \u00e9quivalente \u00e0 deux ou trois mois de loyer. Cette somme d\u2019argent est bloqu\u00e9e au profit du bailleur du logement.<\/p><p>Il existe plusieurs moyens de la constituer :\u00a0<\/p><ul><li>Effectuer une <span style=\"text-decoration: underline;\"><a href=\"https:\/\/garantie.be\/fr\/garantie-bancaire-locative\/\">garantie bancaire<\/a><\/span> dans la banque de votre choix. La banque se porte caution pour le locataire. En contrepartie, le locataire reconstitue le montant de la garantie en versant des mensualit\u00e9s constantes. Le d\u00e9lai maximum pour reconstituer la garantie est de 3 ans. La garantie bancaire s\u2019effectue sur prise de rendez-vous avec la banque.<\/li><li>Obtenir une <span style=\"text-decoration: underline;\"><a href=\"https:\/\/garantie.be\/fr\/caution-locative-belgique\/\">caution locative<\/a><\/span> sans bloquer les fonds aupr\u00e8s de <strong>Garantie.be<\/strong>. Il suffit de faire une <span style=\"text-decoration: underline;\"><a href=\"https:\/\/garantie.be\/fr\/garantie-locative-en-ligne\/\">demande de garantie en ligne<\/a><\/span> et de joindre les documents demand\u00e9s. La d\u00e9marche est simple, rapide et s\u00e9curis\u00e9e. Le traitement imm\u00e9diat permet d\u2019obtenir sa caution en quelques heures.<\/li><li>Faire une <span style=\"text-decoration: underline;\"><a href=\"https:\/\/garantie.be\/fr\/korfine\/\">garantie Korfine<\/a><\/span> en bloquant les fonds. Korfine est un courtier qui propose une assurance vie. Le locataire d\u00e9pose la totalit\u00e9 de la garantie de\u00a0 loyer dans un contrat. La proc\u00e9dure se fait en ligne et n\u00e9cessite l\u2019impression, la signature et le renvoi de documents. Le d\u00e9lai d\u2019obtention est de quelques jours.<\/li><li>Ouvrir un <strong>compte bloqu\u00e9 dans une banque<\/strong>. La totalit\u00e9 des fonds est d\u00e9pos\u00e9e et bloqu\u00e9e jusqu\u2019\u00e0 la fin du bail. La garantie ne peut \u00eatre lib\u00e9r\u00e9e qu\u2019avec accord du bailleur et du locataire. Le d\u00e9lai de r\u00e9alisation est long car il faut prendre rendez-vous \u00e0 la banque.<\/li><\/ul>\t\t\t\t\t\t\t\t<\/div>\n\t\t\t\t<\/div>\n\t\t\t\t<div class=\"elementor-element elementor-element-370bccd elementor-widget elementor-widget-heading\" data-id=\"370bccd\" data-element_type=\"widget\" data-e-type=\"widget\" data-widget_type=\"heading.default\">\n\t\t\t\t<div class=\"elementor-widget-container\">\n\t\t\t\t\t<h2 class=\"elementor-heading-title elementor-size-default\">A quoi sert le d\u00e9p\u00f4t de garantie locative ?\u200b<\/h2>\t\t\t\t<\/div>\n\t\t\t\t<\/div>\n\t\t\t\t<div class=\"elementor-element elementor-element-f176d1f elementor-widget elementor-widget-text-editor\" data-id=\"f176d1f\" data-element_type=\"widget\" data-e-type=\"widget\" data-widget_type=\"text-editor.default\">\n\t\t\t\t<div class=\"elementor-widget-container\">\n\t\t\t\t\t\t\t\t\t<p>Le d\u00e9p\u00f4t sert au bailleur \u00e0 se prot\u00e9ger contre les d\u00e9g\u00e2ts ou impay\u00e9s du locataire. Il ne peut pas servir \u00e0 payer des loyers en cours de bail. Les d\u00e9g\u00e2ts sont chiffr\u00e9s lors d&rsquo;un <span style=\"text-decoration: underline;\"><a href=\"https:\/\/garantie.be\/fr\/etat-des-lieux-de-sortie\/\">\u00e9tat des lieux de sortie<\/a><\/span>.\u00a0<\/p>\t\t\t\t\t\t\t\t<\/div>\n\t\t\t\t<\/div>\n\t\t\t\t<div class=\"elementor-element elementor-element-9809ebc elementor-widget elementor-widget-heading\" data-id=\"9809ebc\" data-element_type=\"widget\" data-e-type=\"widget\" data-widget_type=\"heading.default\">\n\t\t\t\t<div class=\"elementor-widget-container\">\n\t\t\t\t\t<h2 class=\"elementor-heading-title elementor-size-default\">Comment obtenir la restitution du d\u00e9p\u00f4t de garantie ?<\/h2>\t\t\t\t<\/div>\n\t\t\t\t<\/div>\n\t\t\t\t<div class=\"elementor-element elementor-element-6949332 elementor-widget elementor-widget-text-editor\" data-id=\"6949332\" data-element_type=\"widget\" data-e-type=\"widget\" data-widget_type=\"text-editor.default\">\n\t\t\t\t<div class=\"elementor-widget-container\">\n\t\t\t\t\t\t\t\t\t<p>Il existe plusieurs sc\u00e9narios pour la restitution du d\u00e9p\u00f4t de garantie :<\/p>\n<ul>\n<li>La restitution totale si le locataire n\u2019a aucune dette ni d\u00e9g\u00e2t<\/li>\n<li>La restitution partielle d\u00e9duction faite des \u00e9ventuels d\u00e9g\u00e2ts<\/li>\n<li>Pas de restitution si les d\u00e9g\u00e2ts s\u2019\u00e9l\u00e8vent au montant de la garantie.<\/li>\n<\/ul>\n<p>\u00a0<\/p>\n<p>Dans certains cas, le d\u00e9p\u00f4t ne suffit pas \u00e0 couvrir tous les frais. La demande de restitution s&rsquo;effectue en compl\u00e9tant le formulaire de <span style=\"text-decoration: underline;\"><a href=\"https:\/\/garantie.be\/fr\/liberation-garantie-locative-formulaire-en-ligne\/\">lib\u00e9ration de garantie locative<\/a><\/span>.<\/p>\t\t\t\t\t\t\t\t<\/div>\n\t\t\t\t<\/div>\n\t\t\t\t<div class=\"elementor-element elementor-element-e0fa0cb elementor-widget elementor-widget-heading\" data-id=\"e0fa0cb\" data-element_type=\"widget\" data-e-type=\"widget\" data-widget_type=\"heading.default\">\n\t\t\t\t<div class=\"elementor-widget-container\">\n\t\t\t\t\t<h2 class=\"elementor-heading-title elementor-size-default\">La garantie locative sans d\u00e9p\u00f4t location<\/h2>\t\t\t\t<\/div>\n\t\t\t\t<\/div>\n\t\t\t\t<div class=\"elementor-element elementor-element-cca6016 elementor-widget elementor-widget-text-editor\" data-id=\"cca6016\" data-element_type=\"widget\" data-e-type=\"widget\" data-widget_type=\"text-editor.default\">\n\t\t\t\t<div class=\"elementor-widget-container\">\n\t\t\t\t\t\t\t\t\t<p>Il est possible d\u2019obtenir une garantie locative sans bloquer d&rsquo;argent aupr\u00e8s d&rsquo;une banque.<\/p>\n<p>Vous devez faire une demande de <span style=\"text-decoration: underline;\"><a href=\"https:\/\/garantie.be\/fr\/garantie-locative-en-ligne\/\">garantie locative en ligne<\/a><\/span> aupr\u00e8s de Garantie.be. Vous pourrez obtenir une caution locative en quelques heures. La d\u00e9marche est tr\u00e8s rapide car elle s\u2019effectue en ligne. Il n\u2019est pas n\u00e9cessaire de se d\u00e9placer \u00e0 la banque, ni d\u2019imprimer des documents.\u00a0<\/p>\t\t\t\t\t\t\t\t<\/div>\n\t\t\t\t<\/div>\n\t\t\t\t<div class=\"elementor-element elementor-element-fdec7e6 elementor-widget elementor-widget-heading\" data-id=\"fdec7e6\" data-element_type=\"widget\" data-e-type=\"widget\" data-widget_type=\"heading.default\">\n\t\t\t\t<div class=\"elementor-widget-container\">\n\t\t\t\t\t<h2 class=\"elementor-heading-title elementor-size-default\">Le d\u00e9p\u00f4t de garantie locative sur e-DEPO du SPF Finances<\/h2>\t\t\t\t<\/div>\n\t\t\t\t<\/div>\n\t\t\t\t<div class=\"elementor-element elementor-element-fcbbeaf elementor-widget elementor-widget-text-editor\" data-id=\"fcbbeaf\" data-element_type=\"widget\" data-e-type=\"widget\" data-widget_type=\"text-editor.default\">\n\t\t\t\t<div class=\"elementor-widget-container\">\n\t\t\t\t\t\t\t\t\t<p>Ce service de blocage des fonds de la garantie en ligne est propos\u00e9 par le Service Public F\u00e9d\u00e9ral (SPF). Le locataire effectue son d\u00e9p\u00f4t aupr\u00e8s de la caisse des d\u00e9p\u00f4ts et consignation en Belgique. La <span style=\"text-decoration: underline;\"><a href=\"https:\/\/garantie.be\/fr\/garantie-locative-e-depo\/\">garantie locative e-Depo<\/a><\/span> est accessible via le portail MyMinfin. La d\u00e9marche est rapide mais il faut une carte d\u2019identit\u00e9 nationale pour pouvoir se connecter au service en ligne.<\/p>\t\t\t\t\t\t\t\t<\/div>\n\t\t\t\t<\/div>\n\t\t\t\t\t<\/div>\n\t\t<\/div>\n\t\t\t\t\t<\/div>\n\t\t<\/section>\n\t\t\t\t<\/div>\n\t\t","protected":false},"excerpt":{"rendered":"<p>Le d\u00e9p\u00f4t de garantie Location immobili\u00e8re Le bailleur d\u2019un bien immobilier en location peut exiger au locataire de fournir une garantie locative \u00e9quivalente \u00e0 2 ou 3 mois de loyer en fonction de la r\u00e9gion en Belgique. Elle doit \u00eatre constitu\u00e9e \u00e0 la signature du bail ou le mois qui suit l\u2019entr\u00e9e dans les lieux. [&hellip;]<\/p>\n","protected":false},"author":1,"featured_media":0,"parent":0,"menu_order":0,"comment_status":"closed","ping_status":"closed","template":"","meta":{"footnotes":""},"class_list":["post-16607","page","type-page","status-publish","hentry"],"yoast_head":"<!-- This site is optimized with the Yoast SEO plugin v27.4 - https:\/\/yoast.com\/product\/yoast-seo-wordpress\/ -->\n<title>Le d\u00e9p\u00f4t de la garantie locative en immobilier<\/title>\n<meta name=\"description\" content=\"Le d\u00e9p\u00f4t de garantie locative au bailleur sert \u00e0 couvrir les \u00e9ventuels d\u00e9g\u00e2ts du locataire \u00e0 la sortie de bail.\" \/>\n<meta name=\"robots\" content=\"index, follow, max-snippet:-1, max-image-preview:large, max-video-preview:-1\" \/>\n<link rel=\"canonical\" href=\"https:\/\/garantie.be\/fr\/depot-garantie-locative\/\" \/>\n<meta property=\"og:locale\" content=\"fr_FR\" \/>\n<meta property=\"og:type\" content=\"article\" \/>\n<meta property=\"og:title\" content=\"Le d\u00e9p\u00f4t de la garantie locative en immobilier\" \/>\n<meta property=\"og:description\" content=\"Le d\u00e9p\u00f4t de garantie locative au bailleur sert \u00e0 couvrir les \u00e9ventuels d\u00e9g\u00e2ts du locataire \u00e0 la sortie de bail.\" \/>\n<meta property=\"og:url\" content=\"https:\/\/garantie.be\/fr\/depot-garantie-locative\/\" \/>\n<meta property=\"og:site_name\" content=\"Garantie\" \/>\n<meta property=\"article:modified_time\" content=\"2026-04-09T09:55:44+00:00\" \/>\n<meta name=\"twitter:card\" content=\"summary_large_image\" \/>\n<meta name=\"twitter:label1\" content=\"Dur\u00e9e de lecture estim\u00e9e\" \/>\n\t<meta name=\"twitter:data1\" content=\"4 minutes\" \/>\n<script type=\"application\/ld+json\" class=\"yoast-schema-graph\">{\"@context\":\"https:\\\/\\\/schema.org\",\"@graph\":[{\"@type\":\"WebPage\",\"@id\":\"https:\\\/\\\/garantie.be\\\/fr\\\/depot-garantie-locative\\\/\",\"url\":\"https:\\\/\\\/garantie.be\\\/fr\\\/depot-garantie-locative\\\/\",\"name\":\"Le d\u00e9p\u00f4t de la garantie locative en immobilier\",\"isPartOf\":{\"@id\":\"https:\\\/\\\/garantie.be\\\/fr\\\/#website\"},\"datePublished\":\"2025-03-18T13:02:30+00:00\",\"dateModified\":\"2026-04-09T09:55:44+00:00\",\"description\":\"Le d\u00e9p\u00f4t de garantie locative au bailleur sert \u00e0 couvrir les \u00e9ventuels d\u00e9g\u00e2ts du locataire \u00e0 la sortie de bail.\",\"breadcrumb\":{\"@id\":\"https:\\\/\\\/garantie.be\\\/fr\\\/depot-garantie-locative\\\/#breadcrumb\"},\"inLanguage\":\"fr-FR\",\"potentialAction\":[{\"@type\":\"ReadAction\",\"target\":[\"https:\\\/\\\/garantie.be\\\/fr\\\/depot-garantie-locative\\\/\"]}]},{\"@type\":\"BreadcrumbList\",\"@id\":\"https:\\\/\\\/garantie.be\\\/fr\\\/depot-garantie-locative\\\/#breadcrumb\",\"itemListElement\":[{\"@type\":\"ListItem\",\"position\":1,\"name\":\"Accueil\",\"item\":\"https:\\\/\\\/garantie.be\\\/fr\\\/\"},{\"@type\":\"ListItem\",\"position\":2,\"name\":\"Le d\u00e9p\u00f4t de la garantie locative en immobilier\"}]},{\"@type\":\"WebSite\",\"@id\":\"https:\\\/\\\/garantie.be\\\/fr\\\/#website\",\"url\":\"https:\\\/\\\/garantie.be\\\/fr\\\/\",\"name\":\"Garantie\",\"description\":\"\",\"publisher\":{\"@id\":\"https:\\\/\\\/garantie.be\\\/fr\\\/#organization\"},\"potentialAction\":[{\"@type\":\"SearchAction\",\"target\":{\"@type\":\"EntryPoint\",\"urlTemplate\":\"https:\\\/\\\/garantie.be\\\/fr\\\/?s={search_term_string}\"},\"query-input\":{\"@type\":\"PropertyValueSpecification\",\"valueRequired\":true,\"valueName\":\"search_term_string\"}}],\"inLanguage\":\"fr-FR\"},{\"@type\":\"Organization\",\"@id\":\"https:\\\/\\\/garantie.be\\\/fr\\\/#organization\",\"name\":\"Garantie.be\",\"url\":\"https:\\\/\\\/garantie.be\\\/fr\\\/\",\"logo\":{\"@type\":\"ImageObject\",\"inLanguage\":\"fr-FR\",\"@id\":\"https:\\\/\\\/garantie.be\\\/fr\\\/#\\\/schema\\\/logo\\\/image\\\/\",\"url\":\"\",\"contentUrl\":\"\",\"caption\":\"Garantie.be\"},\"image\":{\"@id\":\"https:\\\/\\\/garantie.be\\\/fr\\\/#\\\/schema\\\/logo\\\/image\\\/\"}}]}<\/script>\n<!-- \/ Yoast SEO plugin. -->","yoast_head_json":{"title":"Le d\u00e9p\u00f4t de la garantie locative en immobilier","description":"Le d\u00e9p\u00f4t de garantie locative au bailleur sert \u00e0 couvrir les \u00e9ventuels d\u00e9g\u00e2ts du locataire \u00e0 la sortie de bail.","robots":{"index":"index","follow":"follow","max-snippet":"max-snippet:-1","max-image-preview":"max-image-preview:large","max-video-preview":"max-video-preview:-1"},"canonical":"https:\/\/garantie.be\/fr\/depot-garantie-locative\/","og_locale":"fr_FR","og_type":"article","og_title":"Le d\u00e9p\u00f4t de la garantie locative en immobilier","og_description":"Le d\u00e9p\u00f4t de garantie locative au bailleur sert \u00e0 couvrir les \u00e9ventuels d\u00e9g\u00e2ts du locataire \u00e0 la sortie de bail.","og_url":"https:\/\/garantie.be\/fr\/depot-garantie-locative\/","og_site_name":"Garantie","article_modified_time":"2026-04-09T09:55:44+00:00","twitter_card":"summary_large_image","twitter_misc":{"Dur\u00e9e de lecture estim\u00e9e":"4 minutes"},"schema":{"@context":"https:\/\/schema.org","@graph":[{"@type":"WebPage","@id":"https:\/\/garantie.be\/fr\/depot-garantie-locative\/","url":"https:\/\/garantie.be\/fr\/depot-garantie-locative\/","name":"Le d\u00e9p\u00f4t de la garantie locative en immobilier","isPartOf":{"@id":"https:\/\/garantie.be\/fr\/#website"},"datePublished":"2025-03-18T13:02:30+00:00","dateModified":"2026-04-09T09:55:44+00:00","description":"Le d\u00e9p\u00f4t de garantie locative au bailleur sert \u00e0 couvrir les \u00e9ventuels d\u00e9g\u00e2ts du locataire \u00e0 la sortie de bail.","breadcrumb":{"@id":"https:\/\/garantie.be\/fr\/depot-garantie-locative\/#breadcrumb"},"inLanguage":"fr-FR","potentialAction":[{"@type":"ReadAction","target":["https:\/\/garantie.be\/fr\/depot-garantie-locative\/"]}]},{"@type":"BreadcrumbList","@id":"https:\/\/garantie.be\/fr\/depot-garantie-locative\/#breadcrumb","itemListElement":[{"@type":"ListItem","position":1,"name":"Accueil","item":"https:\/\/garantie.be\/fr\/"},{"@type":"ListItem","position":2,"name":"Le d\u00e9p\u00f4t de la garantie locative en immobilier"}]},{"@type":"WebSite","@id":"https:\/\/garantie.be\/fr\/#website","url":"https:\/\/garantie.be\/fr\/","name":"Garantie","description":"","publisher":{"@id":"https:\/\/garantie.be\/fr\/#organization"},"potentialAction":[{"@type":"SearchAction","target":{"@type":"EntryPoint","urlTemplate":"https:\/\/garantie.be\/fr\/?s={search_term_string}"},"query-input":{"@type":"PropertyValueSpecification","valueRequired":true,"valueName":"search_term_string"}}],"inLanguage":"fr-FR"},{"@type":"Organization","@id":"https:\/\/garantie.be\/fr\/#organization","name":"Garantie.be","url":"https:\/\/garantie.be\/fr\/","logo":{"@type":"ImageObject","inLanguage":"fr-FR","@id":"https:\/\/garantie.be\/fr\/#\/schema\/logo\/image\/","url":"","contentUrl":"","caption":"Garantie.be"},"image":{"@id":"https:\/\/garantie.be\/fr\/#\/schema\/logo\/image\/"}}]}},"_links":{"self":[{"href":"https:\/\/garantie.be\/fr\/wp-json\/wp\/v2\/pages\/16607","targetHints":{"allow":["GET"]}}],"collection":[{"href":"https:\/\/garantie.be\/fr\/wp-json\/wp\/v2\/pages"}],"about":[{"href":"https:\/\/garantie.be\/fr\/wp-json\/wp\/v2\/types\/page"}],"author":[{"embeddable":true,"href":"https:\/\/garantie.be\/fr\/wp-json\/wp\/v2\/users\/1"}],"replies":[{"embeddable":true,"href":"https:\/\/garantie.be\/fr\/wp-json\/wp\/v2\/comments?post=16607"}],"version-history":[{"count":3,"href":"https:\/\/garantie.be\/fr\/wp-json\/wp\/v2\/pages\/16607\/revisions"}],"predecessor-version":[{"id":21463,"href":"https:\/\/garantie.be\/fr\/wp-json\/wp\/v2\/pages\/16607\/revisions\/21463"}],"wp:attachment":[{"href":"https:\/\/garantie.be\/fr\/wp-json\/wp\/v2\/media?parent=16607"}],"curies":[{"name":"wp","href":"https:\/\/api.w.org\/{rel}","templated":true}]}}