{"id":16916,"date":"2025-04-12T09:44:16","date_gmt":"2025-04-12T07:44:16","guid":{"rendered":"https:\/\/garantie.be\/?page_id=16916"},"modified":"2025-04-12T16:52:23","modified_gmt":"2025-04-12T14:52:23","slug":"myminfin-edepo-garantie-be","status":"publish","type":"page","link":"https:\/\/garantie.be\/fr\/garantie-locative-e-depo\/myminfin-edepo-garantie-be\/","title":{"rendered":"MyMinfin e-DEPO ou Garantie.be : avantages et inconv\u00e9nients"},"content":{"rendered":"\t\t<div data-elementor-type=\"wp-page\" data-elementor-id=\"16916\" class=\"elementor elementor-16916\" data-elementor-post-type=\"page\">\n\t\t\t\t\t\t<section class=\"elementor-section elementor-top-section elementor-element elementor-element-6e72edbe elementor-section-boxed elementor-section-height-default elementor-section-height-default\" data-id=\"6e72edbe\" data-element_type=\"section\" data-e-type=\"section\">\n\t\t\t\t\t\t<div class=\"elementor-container elementor-column-gap-default\">\n\t\t\t\t\t<div class=\"elementor-column elementor-col-100 elementor-top-column elementor-element elementor-element-232f0bc1\" data-id=\"232f0bc1\" data-element_type=\"column\" data-e-type=\"column\">\n\t\t\t<div class=\"elementor-widget-wrap elementor-element-populated\">\n\t\t\t\t\t\t<div class=\"elementor-element elementor-element-7bfb1d15 elementor-widget elementor-widget-spacer\" data-id=\"7bfb1d15\" data-element_type=\"widget\" data-e-type=\"widget\" data-widget_type=\"spacer.default\">\n\t\t\t\t<div class=\"elementor-widget-container\">\n\t\t\t\t\t\t\t<div class=\"elementor-spacer\">\n\t\t\t<div class=\"elementor-spacer-inner\"><\/div>\n\t\t<\/div>\n\t\t\t\t\t\t<\/div>\n\t\t\t\t<\/div>\n\t\t\t\t<div class=\"elementor-element elementor-element-6686bddb elementor-widget elementor-widget-heading\" data-id=\"6686bddb\" data-element_type=\"widget\" data-e-type=\"widget\" data-widget_type=\"heading.default\">\n\t\t\t\t<div class=\"elementor-widget-container\">\n\t\t\t\t\t<h1 class=\"elementor-heading-title elementor-size-default\"><b>MyMinfin e-DEPO<\/b><br>\n ou Garantie.be<\/h1>\t\t\t\t<\/div>\n\t\t\t\t<\/div>\n\t\t\t\t<div class=\"elementor-element elementor-element-67589501 elementor-widget elementor-widget-spacer\" data-id=\"67589501\" data-element_type=\"widget\" data-e-type=\"widget\" data-widget_type=\"spacer.default\">\n\t\t\t\t<div class=\"elementor-widget-container\">\n\t\t\t\t\t\t\t<div class=\"elementor-spacer\">\n\t\t\t<div class=\"elementor-spacer-inner\"><\/div>\n\t\t<\/div>\n\t\t\t\t\t\t<\/div>\n\t\t\t\t<\/div>\n\t\t\t\t<div class=\"elementor-element elementor-element-1228268c elementor-widget elementor-widget-text-editor\" data-id=\"1228268c\" data-element_type=\"widget\" data-e-type=\"widget\" data-widget_type=\"text-editor.default\">\n\t\t\t\t<div class=\"elementor-widget-container\">\n\t\t\t\t\t\t\t\t\t<p>En Belgique, les locataires doivent fournir une <span style=\"text-decoration: underline;\"><a href=\"https:\/\/garantie.be\/fr\/garantie-locative\/\">garantie locative<\/a><\/span> avant d&rsquo;acc\u00e9der \u00e0 un logement. Deux solutions principales existent :<\/p>\n<p><\/p>\n<ul class=\"wp-block-list\">\n<li>Le blocage d\u2019argent via <span style=\"text-decoration: underline;\"><a href=\"https:\/\/garantie.be\/fr\/garantie-locative-e-depo\/\">e-DEPO sur MyMinfin<\/a><\/span>, le service de l\u2019administration fiscale,<\/li>\n\n<li>La <span style=\"text-decoration: underline;\"><a href=\"https:\/\/garantie.be\/fr\/caution-locative-belgique\/\">caution locative<\/a><\/span> via Garantie.be qui se porte garant \u00e0 la place du locataire.<\/li>\n<\/ul>\n<p><\/p>\n<p>Quelle solution choisir ? Voici un comparatif complet des <strong>avantages et inconv\u00e9nients<\/strong> de chaque option.<\/p>\t\t\t\t\t\t\t\t<\/div>\n\t\t\t\t<\/div>\n\t\t\t\t<div class=\"elementor-element elementor-element-1e06341c elementor-widget elementor-widget-heading\" data-id=\"1e06341c\" data-element_type=\"widget\" data-e-type=\"widget\" data-widget_type=\"heading.default\">\n\t\t\t\t<div class=\"elementor-widget-container\">\n\t\t\t\t\t<h2 class=\"elementor-heading-title elementor-size-default\">Principe de fonctionnement de eDEPO et Garantie.be ?<\/h2>\t\t\t\t<\/div>\n\t\t\t\t<\/div>\n\t\t\t\t<div class=\"elementor-element elementor-element-454d5ef6 elementor-widget elementor-widget-text-editor\" data-id=\"454d5ef6\" data-element_type=\"widget\" data-e-type=\"widget\" data-widget_type=\"text-editor.default\">\n\t\t\t\t<div class=\"elementor-widget-container\">\n\t\t\t\t\t\t\t\t\t<h3 class=\"wp-block-heading\">e-DEPO sur MyMinfin<\/h3>\n<p><\/p>\n<p>Le locataire bloque une somme d\u2019argent (g\u00e9n\u00e9ralement 2 \u00e0 3 mois de loyer) sur un compte g\u00e9r\u00e9 par l\u2019\u00c9tat. L\u2019argent reste inaccessible jusqu\u2019\u00e0 la fin du bail.<\/p>\n<p><\/p>\n<h3 class=\"wp-block-heading\">Garantie.be<\/h3>\n<p><\/p>\n<p>Le locataire ne d\u00e9pose pas d\u2019argent. Garantie.be fournit une <strong>caution solidaire<\/strong> au propri\u00e9taire, garantissant le paiement en cas de dettes locatives. Le locataire paie une <strong>prime annuelle<\/strong> de frais de cautionnement.<\/p>\t\t\t\t\t\t\t\t<\/div>\n\t\t\t\t<\/div>\n\t\t\t\t<div class=\"elementor-element elementor-element-2cbf77fd elementor-widget elementor-widget-heading\" data-id=\"2cbf77fd\" data-element_type=\"widget\" data-e-type=\"widget\" data-widget_type=\"heading.default\">\n\t\t\t\t<div class=\"elementor-widget-container\">\n\t\t\t\t\t<h2 class=\"elementor-heading-title elementor-size-default\">Accessibilit\u00e9 et flexibilit\u00e9 des deux solutions<\/h2>\t\t\t\t<\/div>\n\t\t\t\t<\/div>\n\t\t\t\t<div class=\"elementor-element elementor-element-7c3c0e38 elementor-widget elementor-widget-text-editor\" data-id=\"7c3c0e38\" data-element_type=\"widget\" data-e-type=\"widget\" data-widget_type=\"text-editor.default\">\n\t\t\t\t<div class=\"elementor-widget-container\">\n\t\t\t\t\t\t\t\t\t<p>En ce qui concerne l&rsquo;aspect accessibilit\u00e9 et flexibilit\u00e9 de ces deux solutions, l&rsquo;avantage revient \u00e0 Garantie.be :<\/p>\n<h3>\u2705 Garantie.be<\/h3>\n<ul>\n<li><strong>Pas besoin de bloquer de fonds<\/strong> : solution id\u00e9ale pour les locataires.<\/li>\n<li><strong>Traitement rapide<\/strong> : la garantie peut \u00eatre fournie en 24h.<\/li>\n<li><strong>Dossier accessible en ligne<\/strong> avec accompagnement humain.<\/li>\n<\/ul>\n<h3>\u274c e-DEPO<\/h3>\n<ul>\n<li>Le locataire doit <strong>disposer de toute la somme \u00e0 bloquer<\/strong> d\u00e8s le d\u00e9part.<\/li>\n<li>D\u00e9marches parfois complexes ou techniques (connexion \u00e0 MyMinfin, documents, virement).<\/li>\n<\/ul>\t\t\t\t\t\t\t\t<\/div>\n\t\t\t\t<\/div>\n\t\t\t\t<div class=\"elementor-element elementor-element-4ad6e57d elementor-widget elementor-widget-spacer\" data-id=\"4ad6e57d\" data-element_type=\"widget\" data-e-type=\"widget\" data-widget_type=\"spacer.default\">\n\t\t\t\t<div class=\"elementor-widget-container\">\n\t\t\t\t\t\t\t<div class=\"elementor-spacer\">\n\t\t\t<div class=\"elementor-spacer-inner\"><\/div>\n\t\t<\/div>\n\t\t\t\t\t\t<\/div>\n\t\t\t\t<\/div>\n\t\t\t\t<div class=\"elementor-element elementor-element-a5a43c7 elementor-widget elementor-widget-heading\" data-id=\"a5a43c7\" data-element_type=\"widget\" data-e-type=\"widget\" data-widget_type=\"heading.default\">\n\t\t\t\t<div class=\"elementor-widget-container\">\n\t\t\t\t\t<h2 class=\"elementor-heading-title elementor-size-default\">Co\u00fbt des deux solutions de garantie locative en ligne<\/h2>\t\t\t\t<\/div>\n\t\t\t\t<\/div>\n\t\t\t\t<div class=\"elementor-element elementor-element-78a9997f elementor-widget elementor-widget-text-editor\" data-id=\"78a9997f\" data-element_type=\"widget\" data-e-type=\"widget\" data-widget_type=\"text-editor.default\">\n\t\t\t\t<div class=\"elementor-widget-container\">\n\t\t\t\t\t\t\t\t\t<h3>\u2705 e-DEPO<\/h3>\n<ul>\n<li><strong>Gratuit<\/strong> : aucun frais ni commission.<\/li>\n<li>L\u2019argent reste la propri\u00e9t\u00e9 du locataire et est restitu\u00e9 s\u2019il n\u2019y a pas de probl\u00e8me.<\/li><\/ul>\n<h3>\u274c Garantie.be<\/h3>\n<ul>\n<li>Le locataire <strong>paie une prime annuelle non remboursable<\/strong>.<\/li>\n<li>Mais ce co\u00fbt peut \u00eatre consid\u00e9r\u00e9 comme <strong>un acc\u00e8s \u00e0 un service de financement<\/strong>.<\/li>\n<\/ul>\t\t\t\t\t\t\t\t<\/div>\n\t\t\t\t<\/div>\n\t\t\t\t<div class=\"elementor-element elementor-element-78c3346d elementor-widget elementor-widget-spacer\" data-id=\"78c3346d\" data-element_type=\"widget\" data-e-type=\"widget\" data-widget_type=\"spacer.default\">\n\t\t\t\t<div class=\"elementor-widget-container\">\n\t\t\t\t\t\t\t<div class=\"elementor-spacer\">\n\t\t\t<div class=\"elementor-spacer-inner\"><\/div>\n\t\t<\/div>\n\t\t\t\t\t\t<\/div>\n\t\t\t\t<\/div>\n\t\t\t\t<div class=\"elementor-element elementor-element-7a682bdd elementor-widget elementor-widget-heading\" data-id=\"7a682bdd\" data-element_type=\"widget\" data-e-type=\"widget\" data-widget_type=\"heading.default\">\n\t\t\t\t<div class=\"elementor-widget-container\">\n\t\t\t\t\t<h2 class=\"elementor-heading-title elementor-size-default\">Gestion de la garantie en fin de bail de location<\/h2>\t\t\t\t<\/div>\n\t\t\t\t<\/div>\n\t\t\t\t<div class=\"elementor-element elementor-element-7910381c elementor-widget elementor-widget-text-editor\" data-id=\"7910381c\" data-element_type=\"widget\" data-e-type=\"widget\" data-widget_type=\"text-editor.default\">\n\t\t\t\t<div class=\"elementor-widget-container\">\n\t\t\t\t\t\t\t\t\t<h3>\u2705 e-DEPO<\/h3>\n<ul>\n<li>Restitution possible <strong>uniquement si les deux parties sont d\u2019accord<\/strong>.<\/li>\n<li>En cas de d\u00e9saccord, les fonds sont bloqu\u00e9s jusqu\u2019\u00e0 d\u00e9cision judiciaire.<\/li>\n<\/ul>\n<h3>\u2705 Garantie.be<\/h3>\n<ul>\n<li>Le propri\u00e9taire peut faire appel \u00e0 Garantie.be en cas d\u2019impay\u00e9 ou de d\u00e9g\u00e2t.<\/li>\n<li>Garantie.be se retourne ensuite contre le locataire pour recouvrer les sommes avanc\u00e9es.<\/li>\n<\/ul>\t\t\t\t\t\t\t\t<\/div>\n\t\t\t\t<\/div>\n\t\t\t\t<div class=\"elementor-element elementor-element-dda6f75 elementor-widget elementor-widget-spacer\" data-id=\"dda6f75\" data-element_type=\"widget\" data-e-type=\"widget\" data-widget_type=\"spacer.default\">\n\t\t\t\t<div class=\"elementor-widget-container\">\n\t\t\t\t\t\t\t<div class=\"elementor-spacer\">\n\t\t\t<div class=\"elementor-spacer-inner\"><\/div>\n\t\t<\/div>\n\t\t\t\t\t\t<\/div>\n\t\t\t\t<\/div>\n\t\t\t\t<div class=\"elementor-element elementor-element-84f9fa8 elementor-widget elementor-widget-heading\" data-id=\"84f9fa8\" data-element_type=\"widget\" data-e-type=\"widget\" data-widget_type=\"heading.default\">\n\t\t\t\t<div class=\"elementor-widget-container\">\n\t\t\t\t\t<h2 class=\"elementor-heading-title elementor-size-default\">Image du service de garantie aupr\u00e8s des propri\u00e9taires<\/h2>\t\t\t\t<\/div>\n\t\t\t\t<\/div>\n\t\t\t\t<div class=\"elementor-element elementor-element-09e8971 elementor-widget elementor-widget-text-editor\" data-id=\"09e8971\" data-element_type=\"widget\" data-e-type=\"widget\" data-widget_type=\"text-editor.default\">\n\t\t\t\t<div class=\"elementor-widget-container\">\n\t\t\t\t\t\t\t\t\t<h3>\u2705 Garantie.be<\/h3>\n<ul>\n<li>Garantie souvent <strong>accept\u00e9e par les agences et bailleurs professionnels<\/strong>.<\/li>\n<li>Accompagn\u00e9e d\u2019un <strong>engagement contractuel clair<\/strong>, elle rassure.<\/li>\n<\/ul>\n<h3>\u2705 e-DEPO<\/h3>\n<ul>\n<li>Solution connue et appr\u00e9ci\u00e9e car <strong>encadr\u00e9e par l\u2019administration fiscale<\/strong>.<\/li>\n<li>Parfois per\u00e7ue comme plus s\u00e9curisante si le locataire a des moyens financiers.<\/li>\n<\/ul>\t\t\t\t\t\t\t\t<\/div>\n\t\t\t\t<\/div>\n\t\t\t\t<div class=\"elementor-element elementor-element-54da430 elementor-widget elementor-widget-spacer\" data-id=\"54da430\" data-element_type=\"widget\" data-e-type=\"widget\" data-widget_type=\"spacer.default\">\n\t\t\t\t<div class=\"elementor-widget-container\">\n\t\t\t\t\t\t\t<div class=\"elementor-spacer\">\n\t\t\t<div class=\"elementor-spacer-inner\"><\/div>\n\t\t<\/div>\n\t\t\t\t\t\t<\/div>\n\t\t\t\t<\/div>\n\t\t\t\t<div class=\"elementor-element elementor-element-8245195 elementor-widget elementor-widget-heading\" data-id=\"8245195\" data-element_type=\"widget\" data-e-type=\"widget\" data-widget_type=\"heading.default\">\n\t\t\t\t<div class=\"elementor-widget-container\">\n\t\t\t\t\t<h2 class=\"elementor-heading-title elementor-size-default\">Conclusion\u200b<\/h2>\t\t\t\t<\/div>\n\t\t\t\t<\/div>\n\t\t\t\t<div class=\"elementor-element elementor-element-07afd5a elementor-widget elementor-widget-text-editor\" data-id=\"07afd5a\" data-element_type=\"widget\" data-e-type=\"widget\" data-widget_type=\"text-editor.default\">\n\t\t\t\t<div class=\"elementor-widget-container\">\n\t\t\t\t\t\t\t\t\t<p>Le choix entre <span style=\"text-decoration: underline;\"><a href=\"https:\/\/garantie.be\/fr\/garantie-locative-e-depo\/\">e-DEPO sur MyMinfin<\/a><\/span> et la <span style=\"text-decoration: underline;\"><a href=\"https:\/\/garantie.be\/fr\/garantie-locative\/\">garantie locative<\/a><\/span> <strong>via Garantie.be<\/strong> d\u00e9pend essentiellement de votre situation financi\u00e8re et de vos priorit\u00e9s :<\/p>\n<ul>\n<li>Choisissez <strong>e-DEPO<\/strong> si vous avez les fonds disponibles et souhaitez \u00e9viter tout co\u00fbt.<\/li>\n<li>Optez pour <strong>Garantie.be<\/strong> si vous pr\u00e9f\u00e9rez conserver votre tr\u00e9sorerie et acc\u00e9der rapidement \u00e0 un logement.<\/li>\n<\/ul>\n<p>\u00a0<\/p>\n<p>Les deux solutions sont <strong>s\u00fbres, l\u00e9gales et reconnues<\/strong> en Belgique. L\u2019essentiel est de bien comprendre leurs m\u00e9canismes pour faire un choix \u00e9clair\u00e9.<\/p>\t\t\t\t\t\t\t\t<\/div>\n\t\t\t\t<\/div>\n\t\t\t\t\t<\/div>\n\t\t<\/div>\n\t\t\t\t\t<\/div>\n\t\t<\/section>\n\t\t\t\t<\/div>\n\t\t","protected":false},"excerpt":{"rendered":"<p>MyMinfin e-DEPO ou Garantie.be En Belgique, les locataires doivent fournir une garantie locative avant d&rsquo;acc\u00e9der \u00e0 un logement. Deux solutions principales existent : Le blocage d\u2019argent via e-DEPO sur MyMinfin, le service de l\u2019administration fiscale, La caution locative via Garantie.be qui se porte garant \u00e0 la place du locataire. Quelle solution choisir ? Voici un [&hellip;]<\/p>\n","protected":false},"author":1,"featured_media":0,"parent":12849,"menu_order":0,"comment_status":"closed","ping_status":"closed","template":"","meta":{"footnotes":""},"class_list":["post-16916","page","type-page","status-publish","hentry"],"yoast_head":"<!-- This site is optimized with the Yoast SEO plugin v27.4 - https:\/\/yoast.com\/product\/yoast-seo-wordpress\/ -->\n<title>MyMinfin e-DEPO ou Garantie.be : avantages et inconv\u00e9nients<\/title>\n<meta name=\"description\" content=\"Quelle solution de garantie immobili\u00e8re choisir entre e-DEPO sur MyMinfin et la caution locative via Garantie.be\" \/>\n<meta name=\"robots\" content=\"index, follow, max-snippet:-1, max-image-preview:large, max-video-preview:-1\" \/>\n<link rel=\"canonical\" href=\"https:\/\/garantie.be\/fr\/garantie-locative-e-depo\/myminfin-edepo-garantie-be\/\" \/>\n<meta property=\"og:locale\" content=\"fr_FR\" \/>\n<meta property=\"og:type\" content=\"article\" \/>\n<meta property=\"og:title\" content=\"MyMinfin e-DEPO ou Garantie.be : avantages et inconv\u00e9nients\" \/>\n<meta property=\"og:description\" content=\"Quelle solution de garantie immobili\u00e8re choisir entre e-DEPO sur MyMinfin et la caution locative via Garantie.be\" \/>\n<meta property=\"og:url\" content=\"https:\/\/garantie.be\/fr\/garantie-locative-e-depo\/myminfin-edepo-garantie-be\/\" \/>\n<meta property=\"og:site_name\" content=\"Garantie\" \/>\n<meta property=\"article:modified_time\" content=\"2025-04-12T14:52:23+00:00\" \/>\n<meta name=\"twitter:card\" content=\"summary_large_image\" \/>\n<meta name=\"twitter:label1\" content=\"Dur\u00e9e de lecture estim\u00e9e\" \/>\n\t<meta name=\"twitter:data1\" content=\"3 minutes\" \/>\n<script type=\"application\/ld+json\" class=\"yoast-schema-graph\">{\"@context\":\"https:\\\/\\\/schema.org\",\"@graph\":[{\"@type\":\"WebPage\",\"@id\":\"https:\\\/\\\/garantie.be\\\/fr\\\/garantie-locative-e-depo\\\/myminfin-edepo-garantie-be\\\/\",\"url\":\"https:\\\/\\\/garantie.be\\\/fr\\\/garantie-locative-e-depo\\\/myminfin-edepo-garantie-be\\\/\",\"name\":\"MyMinfin e-DEPO ou Garantie.be : avantages et inconv\u00e9nients\",\"isPartOf\":{\"@id\":\"https:\\\/\\\/garantie.be\\\/fr\\\/#website\"},\"datePublished\":\"2025-04-12T07:44:16+00:00\",\"dateModified\":\"2025-04-12T14:52:23+00:00\",\"description\":\"Quelle solution de garantie immobili\u00e8re choisir entre e-DEPO sur MyMinfin et la caution locative via Garantie.be\",\"breadcrumb\":{\"@id\":\"https:\\\/\\\/garantie.be\\\/fr\\\/garantie-locative-e-depo\\\/myminfin-edepo-garantie-be\\\/#breadcrumb\"},\"inLanguage\":\"fr-FR\",\"potentialAction\":[{\"@type\":\"ReadAction\",\"target\":[\"https:\\\/\\\/garantie.be\\\/fr\\\/garantie-locative-e-depo\\\/myminfin-edepo-garantie-be\\\/\"]}]},{\"@type\":\"BreadcrumbList\",\"@id\":\"https:\\\/\\\/garantie.be\\\/fr\\\/garantie-locative-e-depo\\\/myminfin-edepo-garantie-be\\\/#breadcrumb\",\"itemListElement\":[{\"@type\":\"ListItem\",\"position\":1,\"name\":\"Accueil\",\"item\":\"https:\\\/\\\/garantie.be\\\/fr\\\/\"},{\"@type\":\"ListItem\",\"position\":2,\"name\":\"e-DEPO garantie locative en ligne | SPF Finances\",\"item\":\"https:\\\/\\\/garantie.be\\\/fr\\\/garantie-locative-e-depo\\\/\"},{\"@type\":\"ListItem\",\"position\":3,\"name\":\"MyMinfin e-DEPO ou Garantie.be : avantages et inconv\u00e9nients\"}]},{\"@type\":\"WebSite\",\"@id\":\"https:\\\/\\\/garantie.be\\\/fr\\\/#website\",\"url\":\"https:\\\/\\\/garantie.be\\\/fr\\\/\",\"name\":\"Garantie\",\"description\":\"\",\"publisher\":{\"@id\":\"https:\\\/\\\/garantie.be\\\/fr\\\/#organization\"},\"potentialAction\":[{\"@type\":\"SearchAction\",\"target\":{\"@type\":\"EntryPoint\",\"urlTemplate\":\"https:\\\/\\\/garantie.be\\\/fr\\\/?s={search_term_string}\"},\"query-input\":{\"@type\":\"PropertyValueSpecification\",\"valueRequired\":true,\"valueName\":\"search_term_string\"}}],\"inLanguage\":\"fr-FR\"},{\"@type\":\"Organization\",\"@id\":\"https:\\\/\\\/garantie.be\\\/fr\\\/#organization\",\"name\":\"Garantie.be\",\"url\":\"https:\\\/\\\/garantie.be\\\/fr\\\/\",\"logo\":{\"@type\":\"ImageObject\",\"inLanguage\":\"fr-FR\",\"@id\":\"https:\\\/\\\/garantie.be\\\/fr\\\/#\\\/schema\\\/logo\\\/image\\\/\",\"url\":\"\",\"contentUrl\":\"\",\"caption\":\"Garantie.be\"},\"image\":{\"@id\":\"https:\\\/\\\/garantie.be\\\/fr\\\/#\\\/schema\\\/logo\\\/image\\\/\"}}]}<\/script>\n<!-- \/ Yoast SEO plugin. -->","yoast_head_json":{"title":"MyMinfin e-DEPO ou Garantie.be : avantages et inconv\u00e9nients","description":"Quelle solution de garantie immobili\u00e8re choisir entre e-DEPO sur MyMinfin et la caution locative via Garantie.be","robots":{"index":"index","follow":"follow","max-snippet":"max-snippet:-1","max-image-preview":"max-image-preview:large","max-video-preview":"max-video-preview:-1"},"canonical":"https:\/\/garantie.be\/fr\/garantie-locative-e-depo\/myminfin-edepo-garantie-be\/","og_locale":"fr_FR","og_type":"article","og_title":"MyMinfin e-DEPO ou Garantie.be : avantages et inconv\u00e9nients","og_description":"Quelle solution de garantie immobili\u00e8re choisir entre e-DEPO sur MyMinfin et la caution locative via Garantie.be","og_url":"https:\/\/garantie.be\/fr\/garantie-locative-e-depo\/myminfin-edepo-garantie-be\/","og_site_name":"Garantie","article_modified_time":"2025-04-12T14:52:23+00:00","twitter_card":"summary_large_image","twitter_misc":{"Dur\u00e9e de lecture estim\u00e9e":"3 minutes"},"schema":{"@context":"https:\/\/schema.org","@graph":[{"@type":"WebPage","@id":"https:\/\/garantie.be\/fr\/garantie-locative-e-depo\/myminfin-edepo-garantie-be\/","url":"https:\/\/garantie.be\/fr\/garantie-locative-e-depo\/myminfin-edepo-garantie-be\/","name":"MyMinfin e-DEPO ou Garantie.be : avantages et inconv\u00e9nients","isPartOf":{"@id":"https:\/\/garantie.be\/fr\/#website"},"datePublished":"2025-04-12T07:44:16+00:00","dateModified":"2025-04-12T14:52:23+00:00","description":"Quelle solution de garantie immobili\u00e8re choisir entre e-DEPO sur MyMinfin et la caution locative via Garantie.be","breadcrumb":{"@id":"https:\/\/garantie.be\/fr\/garantie-locative-e-depo\/myminfin-edepo-garantie-be\/#breadcrumb"},"inLanguage":"fr-FR","potentialAction":[{"@type":"ReadAction","target":["https:\/\/garantie.be\/fr\/garantie-locative-e-depo\/myminfin-edepo-garantie-be\/"]}]},{"@type":"BreadcrumbList","@id":"https:\/\/garantie.be\/fr\/garantie-locative-e-depo\/myminfin-edepo-garantie-be\/#breadcrumb","itemListElement":[{"@type":"ListItem","position":1,"name":"Accueil","item":"https:\/\/garantie.be\/fr\/"},{"@type":"ListItem","position":2,"name":"e-DEPO garantie locative en ligne | SPF Finances","item":"https:\/\/garantie.be\/fr\/garantie-locative-e-depo\/"},{"@type":"ListItem","position":3,"name":"MyMinfin e-DEPO ou Garantie.be : avantages et inconv\u00e9nients"}]},{"@type":"WebSite","@id":"https:\/\/garantie.be\/fr\/#website","url":"https:\/\/garantie.be\/fr\/","name":"Garantie","description":"","publisher":{"@id":"https:\/\/garantie.be\/fr\/#organization"},"potentialAction":[{"@type":"SearchAction","target":{"@type":"EntryPoint","urlTemplate":"https:\/\/garantie.be\/fr\/?s={search_term_string}"},"query-input":{"@type":"PropertyValueSpecification","valueRequired":true,"valueName":"search_term_string"}}],"inLanguage":"fr-FR"},{"@type":"Organization","@id":"https:\/\/garantie.be\/fr\/#organization","name":"Garantie.be","url":"https:\/\/garantie.be\/fr\/","logo":{"@type":"ImageObject","inLanguage":"fr-FR","@id":"https:\/\/garantie.be\/fr\/#\/schema\/logo\/image\/","url":"","contentUrl":"","caption":"Garantie.be"},"image":{"@id":"https:\/\/garantie.be\/fr\/#\/schema\/logo\/image\/"}}]}},"_links":{"self":[{"href":"https:\/\/garantie.be\/fr\/wp-json\/wp\/v2\/pages\/16916","targetHints":{"allow":["GET"]}}],"collection":[{"href":"https:\/\/garantie.be\/fr\/wp-json\/wp\/v2\/pages"}],"about":[{"href":"https:\/\/garantie.be\/fr\/wp-json\/wp\/v2\/types\/page"}],"author":[{"embeddable":true,"href":"https:\/\/garantie.be\/fr\/wp-json\/wp\/v2\/users\/1"}],"replies":[{"embeddable":true,"href":"https:\/\/garantie.be\/fr\/wp-json\/wp\/v2\/comments?post=16916"}],"version-history":[{"count":0,"href":"https:\/\/garantie.be\/fr\/wp-json\/wp\/v2\/pages\/16916\/revisions"}],"up":[{"embeddable":true,"href":"https:\/\/garantie.be\/fr\/wp-json\/wp\/v2\/pages\/12849"}],"wp:attachment":[{"href":"https:\/\/garantie.be\/fr\/wp-json\/wp\/v2\/media?parent=16916"}],"curies":[{"name":"wp","href":"https:\/\/api.w.org\/{rel}","templated":true}]}}