{"id":18353,"date":"2025-08-20T10:25:36","date_gmt":"2025-08-20T08:25:36","guid":{"rendered":"https:\/\/garantie.be\/?page_id=18353"},"modified":"2025-08-21T10:19:07","modified_gmt":"2025-08-21T08:19:07","slug":"avis-garantie-be","status":"publish","type":"page","link":"https:\/\/garantie.be\/fr\/avis-garantie-be\/","title":{"rendered":"Tous les avis sur garantie.be"},"content":{"rendered":"\t\t<div data-elementor-type=\"wp-page\" data-elementor-id=\"18353\" class=\"elementor elementor-18353\" data-elementor-post-type=\"page\">\n\t\t\t\t\t\t<section class=\"elementor-section elementor-top-section elementor-element elementor-element-68c2c0bc elementor-section-boxed elementor-section-height-default elementor-section-height-default\" data-id=\"68c2c0bc\" data-element_type=\"section\" data-e-type=\"section\">\n\t\t\t\t\t\t<div class=\"elementor-container elementor-column-gap-default\">\n\t\t\t\t\t<div class=\"elementor-column elementor-col-100 elementor-top-column elementor-element elementor-element-67b42e20\" data-id=\"67b42e20\" data-element_type=\"column\" data-e-type=\"column\">\n\t\t\t<div class=\"elementor-widget-wrap elementor-element-populated\">\n\t\t\t\t\t\t<div class=\"elementor-element elementor-element-1427cf8c elementor-widget elementor-widget-spacer\" data-id=\"1427cf8c\" data-element_type=\"widget\" data-e-type=\"widget\" data-widget_type=\"spacer.default\">\n\t\t\t\t<div class=\"elementor-widget-container\">\n\t\t\t\t\t\t\t<div class=\"elementor-spacer\">\n\t\t\t<div class=\"elementor-spacer-inner\"><\/div>\n\t\t<\/div>\n\t\t\t\t\t\t<\/div>\n\t\t\t\t<\/div>\n\t\t\t\t<div class=\"elementor-element elementor-element-32c47b87 elementor-widget elementor-widget-heading\" data-id=\"32c47b87\" data-element_type=\"widget\" data-e-type=\"widget\" data-widget_type=\"heading.default\">\n\t\t\t\t<div class=\"elementor-widget-container\">\n\t\t\t\t\t<h1 class=\"elementor-heading-title elementor-size-default\">Tous les avis sur garantie.be<\/h1>\t\t\t\t<\/div>\n\t\t\t\t<\/div>\n\t\t\t\t<div class=\"elementor-element elementor-element-3e7134f5 elementor-widget elementor-widget-text-editor\" data-id=\"3e7134f5\" data-element_type=\"widget\" data-e-type=\"widget\" data-widget_type=\"text-editor.default\">\n\t\t\t\t<div class=\"elementor-widget-container\">\n\t\t\t\t\t\t\t\t\t<p>La plateforme garantie.be est disponible en ligne depuis octobre 2021. Elle permet d&rsquo;obtenir <span style=\"font-size: 1rem;\">une\u00a0<\/span><span style=\"font-size: 1rem; text-decoration-line: underline;\"><a href=\"https:\/\/garantie.be\/fr\/garantie-locative-en-ligne\/\">garantie locative en ligne<\/a><\/span><span style=\"font-size: 1rem;\">\u00a0<\/span><span style=\"font-size: 1rem;\">tr\u00e8s facilement<\/span><span style=\"font-size: 1rem;\">\u00a0sans se d\u00e9placer \u00e0 la banque.\u00a0<\/span>De nombreux utilisateurs du service ont souhait\u00e9 laisser un commentaire en ligne. La lecture de ces avis Google permet de se faire une id\u00e9e de la qualit\u00e9 du service.<\/p>\t\t\t\t\t\t\t\t<\/div>\n\t\t\t\t<\/div>\n\t\t\t\t\t<\/div>\n\t\t<\/div>\n\t\t\t\t\t<\/div>\n\t\t<\/section>\n\t\t\t\t<section class=\"elementor-section elementor-top-section elementor-element elementor-element-b277648 elementor-section-boxed elementor-section-height-default elementor-section-height-default\" data-id=\"b277648\" data-element_type=\"section\" data-e-type=\"section\">\n\t\t\t\t\t\t<div class=\"elementor-container elementor-column-gap-default\">\n\t\t\t\t\t<div class=\"elementor-column elementor-col-100 elementor-top-column elementor-element elementor-element-b114638\" data-id=\"b114638\" data-element_type=\"column\" data-e-type=\"column\">\n\t\t\t<div class=\"elementor-widget-wrap elementor-element-populated\">\n\t\t\t\t\t\t<div class=\"elementor-element elementor-element-9afd304 elementor-widget elementor-widget-Google\" data-id=\"9afd304\" data-element_type=\"widget\" data-e-type=\"widget\" data-widget_type=\"Google.default\">\n\t\t\t\t<div class=\"elementor-widget-container\">\n\t\t\t\t\t<div data-src=\"https:\/\/cdn.trustindex.io\/loader.js?f053f8f52ae8501e4d56789e2c0\"><\/div>\t\t\t\t<\/div>\n\t\t\t\t<\/div>\n\t\t\t\t\t<\/div>\n\t\t<\/div>\n\t\t\t\t\t<\/div>\n\t\t<\/section>\n\t\t\t\t<section class=\"elementor-section elementor-top-section elementor-element elementor-element-9c1b9fb elementor-section-boxed elementor-section-height-default elementor-section-height-default\" data-id=\"9c1b9fb\" data-element_type=\"section\" data-e-type=\"section\">\n\t\t\t\t\t\t<div class=\"elementor-container elementor-column-gap-default\">\n\t\t\t\t\t<div class=\"elementor-column elementor-col-100 elementor-top-column elementor-element elementor-element-9f681b4\" data-id=\"9f681b4\" data-element_type=\"column\" data-e-type=\"column\">\n\t\t\t<div class=\"elementor-widget-wrap elementor-element-populated\">\n\t\t\t\t\t\t<div class=\"elementor-element elementor-element-e8d3d55 elementor-widget elementor-widget-heading\" data-id=\"e8d3d55\" data-element_type=\"widget\" data-e-type=\"widget\" data-widget_type=\"heading.default\">\n\t\t\t\t<div class=\"elementor-widget-container\">\n\t\t\t\t\t<h2 class=\"elementor-heading-title elementor-size-default\">Traduction automatique des avis Google<\/h2>\t\t\t\t<\/div>\n\t\t\t\t<\/div>\n\t\t\t\t<div class=\"elementor-element elementor-element-a8208d3 elementor-widget elementor-widget-text-editor\" data-id=\"a8208d3\" data-element_type=\"widget\" data-e-type=\"widget\" data-widget_type=\"text-editor.default\">\n\t\t\t\t<div class=\"elementor-widget-container\">\n\t\t\t\t\t\t\t\t\t<p>Les avis d\u00e9pos\u00e9s sur Google sont automatiquement traduis dans votre langue parl\u00e9e pour faciliter leur lecture. Les avis sont list\u00e9s par date pour pr\u00e9senter les avis les plus r\u00e9cents en premier.<\/p>\t\t\t\t\t\t\t\t<\/div>\n\t\t\t\t<\/div>\n\t\t\t\t\t<\/div>\n\t\t<\/div>\n\t\t\t\t\t<\/div>\n\t\t<\/section>\n\t\t\t\t<section class=\"elementor-section elementor-top-section elementor-element elementor-element-5e483e27 elementor-section-content-middle elementor-section-height-min-height elementor-section-items-stretch elementor-section-boxed elementor-section-height-default\" data-id=\"5e483e27\" data-element_type=\"section\" data-e-type=\"section\">\n\t\t\t\t\t\t<div class=\"elementor-container elementor-column-gap-no\">\n\t\t\t\t\t<div class=\"elementor-column elementor-col-100 elementor-top-column elementor-element elementor-element-779e58d6\" data-id=\"779e58d6\" data-element_type=\"column\" data-e-type=\"column\" data-settings=\"{&quot;background_background&quot;:&quot;classic&quot;}\">\n\t\t\t<div class=\"elementor-widget-wrap elementor-element-populated\">\n\t\t\t\t\t\t<div class=\"elementor-element elementor-element-529717d9 elementor-widget elementor-widget-text-editor\" data-id=\"529717d9\" data-element_type=\"widget\" data-e-type=\"widget\" data-widget_type=\"text-editor.default\">\n\t\t\t\t<div class=\"elementor-widget-container\">\n\t\t\t\t\t\t\t\t\t<p>Compl\u00e9tez notre formulaire en ligne pour obtenir votre garantie locative en quelques heures. Vous ne bloquez pas d\u2019argent car nous fonctionnons comme une <span style=\"text-decoration: underline;\"><a href=\"https:\/\/garantie.be\/fr\/garantie-bancaire-locative\/\">garantie locative bancaire<\/a><\/span>.<\/p>\t\t\t\t\t\t\t\t<\/div>\n\t\t\t\t<\/div>\n\t\t\t\t<div class=\"elementor-element elementor-element-48845ad6 elementor-mobile-align-center elementor-align-center elementor-widget elementor-widget-button\" data-id=\"48845ad6\" data-element_type=\"widget\" data-e-type=\"widget\" data-widget_type=\"button.default\">\n\t\t\t\t<div class=\"elementor-widget-container\">\n\t\t\t\t\t\t\t\t\t<div class=\"elementor-button-wrapper\">\n\t\t\t\t\t<a class=\"elementor-button elementor-button-link elementor-size-sm\" href=\"https:\/\/account.garantie.be\/fr\/register\/lease\">\n\t\t\t\t\t\t<span class=\"elementor-button-content-wrapper\">\n\t\t\t\t\t\t\t\t\t<span class=\"elementor-button-text\">Formulaire garantie locative<\/span>\n\t\t\t\t\t<\/span>\n\t\t\t\t\t<\/a>\n\t\t\t\t<\/div>\n\t\t\t\t\t\t\t\t<\/div>\n\t\t\t\t<\/div>\n\t\t\t\t\t<\/div>\n\t\t<\/div>\n\t\t\t\t\t<\/div>\n\t\t<\/section>\n\t\t\t\t<\/div>\n\t\t","protected":false},"excerpt":{"rendered":"<p>Tous les avis sur garantie.be La plateforme garantie.be est disponible en ligne depuis octobre 2021. Elle permet d&rsquo;obtenir une\u00a0garantie locative en ligne\u00a0tr\u00e8s facilement\u00a0sans se d\u00e9placer \u00e0 la banque.\u00a0De nombreux utilisateurs du service ont souhait\u00e9 laisser un commentaire en ligne. La lecture de ces avis Google permet de se faire une id\u00e9e de la qualit\u00e9 du [&hellip;]<\/p>\n","protected":false},"author":1,"featured_media":0,"parent":0,"menu_order":0,"comment_status":"closed","ping_status":"closed","template":"","meta":{"footnotes":""},"class_list":["post-18353","page","type-page","status-publish","hentry"],"yoast_head":"<!-- This site is optimized with the Yoast SEO plugin v27.3 - https:\/\/yoast.com\/product\/yoast-seo-wordpress\/ -->\n<title>Tous les avis sur garantie.be<\/title>\n<meta name=\"description\" content=\"D\u00e9couvrez tous les avis sur garantie.be d\u00e9pos\u00e9s en ligne sur Google. Lisez chacun des commentaires laiss\u00e9s par les utilisateurs du service\" \/>\n<meta name=\"robots\" content=\"index, follow, max-snippet:-1, max-image-preview:large, max-video-preview:-1\" \/>\n<link rel=\"canonical\" href=\"https:\/\/garantie.be\/fr\/avis-garantie-be\/\" \/>\n<meta property=\"og:locale\" content=\"fr_FR\" \/>\n<meta property=\"og:type\" content=\"article\" \/>\n<meta property=\"og:title\" content=\"Tous les avis sur garantie.be\" \/>\n<meta property=\"og:description\" content=\"D\u00e9couvrez tous les avis sur garantie.be d\u00e9pos\u00e9s en ligne sur Google. Lisez chacun des commentaires laiss\u00e9s par les utilisateurs du service\" \/>\n<meta property=\"og:url\" content=\"https:\/\/garantie.be\/fr\/avis-garantie-be\/\" \/>\n<meta property=\"og:site_name\" content=\"Garantie\" \/>\n<meta property=\"article:modified_time\" content=\"2025-08-21T08:19:07+00:00\" \/>\n<meta name=\"twitter:card\" content=\"summary_large_image\" \/>\n<meta name=\"twitter:label1\" content=\"Dur\u00e9e de lecture estim\u00e9e\" \/>\n\t<meta name=\"twitter:data1\" content=\"22 minutes\" \/>\n<script type=\"application\/ld+json\" class=\"yoast-schema-graph\">{\"@context\":\"https:\\\/\\\/schema.org\",\"@graph\":[{\"@type\":\"WebPage\",\"@id\":\"https:\\\/\\\/garantie.be\\\/fr\\\/avis-garantie-be\\\/\",\"url\":\"https:\\\/\\\/garantie.be\\\/fr\\\/avis-garantie-be\\\/\",\"name\":\"Tous les avis sur garantie.be\",\"isPartOf\":{\"@id\":\"https:\\\/\\\/garantie.be\\\/fr\\\/#website\"},\"datePublished\":\"2025-08-20T08:25:36+00:00\",\"dateModified\":\"2025-08-21T08:19:07+00:00\",\"description\":\"D\u00e9couvrez tous les avis sur garantie.be d\u00e9pos\u00e9s en ligne sur Google. Lisez chacun des commentaires laiss\u00e9s par les utilisateurs du service\",\"breadcrumb\":{\"@id\":\"https:\\\/\\\/garantie.be\\\/fr\\\/avis-garantie-be\\\/#breadcrumb\"},\"inLanguage\":\"fr-FR\",\"potentialAction\":[{\"@type\":\"ReadAction\",\"target\":[\"https:\\\/\\\/garantie.be\\\/fr\\\/avis-garantie-be\\\/\"]}]},{\"@type\":\"BreadcrumbList\",\"@id\":\"https:\\\/\\\/garantie.be\\\/fr\\\/avis-garantie-be\\\/#breadcrumb\",\"itemListElement\":[{\"@type\":\"ListItem\",\"position\":1,\"name\":\"Accueil\",\"item\":\"https:\\\/\\\/garantie.be\\\/fr\\\/\"},{\"@type\":\"ListItem\",\"position\":2,\"name\":\"Tous les avis sur garantie.be\"}]},{\"@type\":\"WebSite\",\"@id\":\"https:\\\/\\\/garantie.be\\\/fr\\\/#website\",\"url\":\"https:\\\/\\\/garantie.be\\\/fr\\\/\",\"name\":\"Garantie\",\"description\":\"\",\"publisher\":{\"@id\":\"https:\\\/\\\/garantie.be\\\/fr\\\/#organization\"},\"potentialAction\":[{\"@type\":\"SearchAction\",\"target\":{\"@type\":\"EntryPoint\",\"urlTemplate\":\"https:\\\/\\\/garantie.be\\\/fr\\\/?s={search_term_string}\"},\"query-input\":{\"@type\":\"PropertyValueSpecification\",\"valueRequired\":true,\"valueName\":\"search_term_string\"}}],\"inLanguage\":\"fr-FR\"},{\"@type\":\"Organization\",\"@id\":\"https:\\\/\\\/garantie.be\\\/fr\\\/#organization\",\"name\":\"Garantie.be\",\"url\":\"https:\\\/\\\/garantie.be\\\/fr\\\/\",\"logo\":{\"@type\":\"ImageObject\",\"inLanguage\":\"fr-FR\",\"@id\":\"https:\\\/\\\/garantie.be\\\/fr\\\/#\\\/schema\\\/logo\\\/image\\\/\",\"url\":\"\",\"contentUrl\":\"\",\"caption\":\"Garantie.be\"},\"image\":{\"@id\":\"https:\\\/\\\/garantie.be\\\/fr\\\/#\\\/schema\\\/logo\\\/image\\\/\"}}]}<\/script>\n<!-- \/ Yoast SEO plugin. -->","yoast_head_json":{"title":"Tous les avis sur garantie.be","description":"D\u00e9couvrez tous les avis sur garantie.be d\u00e9pos\u00e9s en ligne sur Google. Lisez chacun des commentaires laiss\u00e9s par les utilisateurs du service","robots":{"index":"index","follow":"follow","max-snippet":"max-snippet:-1","max-image-preview":"max-image-preview:large","max-video-preview":"max-video-preview:-1"},"canonical":"https:\/\/garantie.be\/fr\/avis-garantie-be\/","og_locale":"fr_FR","og_type":"article","og_title":"Tous les avis sur garantie.be","og_description":"D\u00e9couvrez tous les avis sur garantie.be d\u00e9pos\u00e9s en ligne sur Google. Lisez chacun des commentaires laiss\u00e9s par les utilisateurs du service","og_url":"https:\/\/garantie.be\/fr\/avis-garantie-be\/","og_site_name":"Garantie","article_modified_time":"2025-08-21T08:19:07+00:00","twitter_card":"summary_large_image","twitter_misc":{"Dur\u00e9e de lecture estim\u00e9e":"22 minutes"},"schema":{"@context":"https:\/\/schema.org","@graph":[{"@type":"WebPage","@id":"https:\/\/garantie.be\/fr\/avis-garantie-be\/","url":"https:\/\/garantie.be\/fr\/avis-garantie-be\/","name":"Tous les avis sur garantie.be","isPartOf":{"@id":"https:\/\/garantie.be\/fr\/#website"},"datePublished":"2025-08-20T08:25:36+00:00","dateModified":"2025-08-21T08:19:07+00:00","description":"D\u00e9couvrez tous les avis sur garantie.be d\u00e9pos\u00e9s en ligne sur Google. Lisez chacun des commentaires laiss\u00e9s par les utilisateurs du service","breadcrumb":{"@id":"https:\/\/garantie.be\/fr\/avis-garantie-be\/#breadcrumb"},"inLanguage":"fr-FR","potentialAction":[{"@type":"ReadAction","target":["https:\/\/garantie.be\/fr\/avis-garantie-be\/"]}]},{"@type":"BreadcrumbList","@id":"https:\/\/garantie.be\/fr\/avis-garantie-be\/#breadcrumb","itemListElement":[{"@type":"ListItem","position":1,"name":"Accueil","item":"https:\/\/garantie.be\/fr\/"},{"@type":"ListItem","position":2,"name":"Tous les avis sur garantie.be"}]},{"@type":"WebSite","@id":"https:\/\/garantie.be\/fr\/#website","url":"https:\/\/garantie.be\/fr\/","name":"Garantie","description":"","publisher":{"@id":"https:\/\/garantie.be\/fr\/#organization"},"potentialAction":[{"@type":"SearchAction","target":{"@type":"EntryPoint","urlTemplate":"https:\/\/garantie.be\/fr\/?s={search_term_string}"},"query-input":{"@type":"PropertyValueSpecification","valueRequired":true,"valueName":"search_term_string"}}],"inLanguage":"fr-FR"},{"@type":"Organization","@id":"https:\/\/garantie.be\/fr\/#organization","name":"Garantie.be","url":"https:\/\/garantie.be\/fr\/","logo":{"@type":"ImageObject","inLanguage":"fr-FR","@id":"https:\/\/garantie.be\/fr\/#\/schema\/logo\/image\/","url":"","contentUrl":"","caption":"Garantie.be"},"image":{"@id":"https:\/\/garantie.be\/fr\/#\/schema\/logo\/image\/"}}]}},"_links":{"self":[{"href":"https:\/\/garantie.be\/fr\/wp-json\/wp\/v2\/pages\/18353","targetHints":{"allow":["GET"]}}],"collection":[{"href":"https:\/\/garantie.be\/fr\/wp-json\/wp\/v2\/pages"}],"about":[{"href":"https:\/\/garantie.be\/fr\/wp-json\/wp\/v2\/types\/page"}],"author":[{"embeddable":true,"href":"https:\/\/garantie.be\/fr\/wp-json\/wp\/v2\/users\/1"}],"replies":[{"embeddable":true,"href":"https:\/\/garantie.be\/fr\/wp-json\/wp\/v2\/comments?post=18353"}],"version-history":[{"count":0,"href":"https:\/\/garantie.be\/fr\/wp-json\/wp\/v2\/pages\/18353\/revisions"}],"wp:attachment":[{"href":"https:\/\/garantie.be\/fr\/wp-json\/wp\/v2\/media?parent=18353"}],"curies":[{"name":"wp","href":"https:\/\/api.w.org\/{rel}","templated":true}]}}