{"id":18764,"date":"2025-10-07T10:20:15","date_gmt":"2025-10-07T08:20:15","guid":{"rendered":"https:\/\/garantie.be\/?page_id=18764"},"modified":"2025-10-30T21:25:16","modified_gmt":"2025-10-30T20:25:16","slug":"modeles-lettres-gestion-bail","status":"publish","type":"page","link":"https:\/\/garantie.be\/fr\/modeles-lettres-gestion-bail\/","title":{"rendered":"Mod\u00e8les de lettres et outils pratique pour la gestion du logement"},"content":{"rendered":"\t\t<div data-elementor-type=\"wp-page\" data-elementor-id=\"18764\" class=\"elementor elementor-18764\" data-elementor-post-type=\"page\">\n\t\t\t\t\t\t<section class=\"elementor-section elementor-top-section elementor-element elementor-element-53c6fe9 elementor-section-boxed elementor-section-height-default elementor-section-height-default\" data-id=\"53c6fe9\" data-element_type=\"section\" data-e-type=\"section\">\n\t\t\t\t\t\t<div class=\"elementor-container elementor-column-gap-default\">\n\t\t\t\t\t<div class=\"elementor-column elementor-col-100 elementor-top-column elementor-element elementor-element-151e1754\" data-id=\"151e1754\" data-element_type=\"column\" data-e-type=\"column\">\n\t\t\t<div class=\"elementor-widget-wrap elementor-element-populated\">\n\t\t\t\t\t\t<div class=\"elementor-element elementor-element-4cd4ad78 elementor-widget elementor-widget-spacer\" data-id=\"4cd4ad78\" data-element_type=\"widget\" data-e-type=\"widget\" data-widget_type=\"spacer.default\">\n\t\t\t\t<div class=\"elementor-widget-container\">\n\t\t\t\t\t\t\t<div class=\"elementor-spacer\">\n\t\t\t<div class=\"elementor-spacer-inner\"><\/div>\n\t\t<\/div>\n\t\t\t\t\t\t<\/div>\n\t\t\t\t<\/div>\n\t\t\t\t<div class=\"elementor-element elementor-element-cf06844 elementor-widget elementor-widget-heading\" data-id=\"cf06844\" data-element_type=\"widget\" data-e-type=\"widget\" data-widget_type=\"heading.default\">\n\t\t\t\t<div class=\"elementor-widget-container\">\n\t\t\t\t\t<h1 class=\"elementor-heading-title elementor-size-default\">Mod\u00e8les &amp; Outils pratiques<br>\n<b>Location logement<\/b><\/h1>\t\t\t\t<\/div>\n\t\t\t\t<\/div>\n\t\t\t\t<div class=\"elementor-element elementor-element-817c212 elementor-widget elementor-widget-spacer\" data-id=\"817c212\" data-element_type=\"widget\" data-e-type=\"widget\" data-widget_type=\"spacer.default\">\n\t\t\t\t<div class=\"elementor-widget-container\">\n\t\t\t\t\t\t\t<div class=\"elementor-spacer\">\n\t\t\t<div class=\"elementor-spacer-inner\"><\/div>\n\t\t<\/div>\n\t\t\t\t\t\t<\/div>\n\t\t\t\t<\/div>\n\t\t\t\t<div class=\"elementor-element elementor-element-37b7afe9 elementor-widget elementor-widget-text-editor\" data-id=\"37b7afe9\" data-element_type=\"widget\" data-e-type=\"widget\" data-widget_type=\"text-editor.default\">\n\t\t\t\t<div class=\"elementor-widget-container\">\n\t\t\t\t\t\t\t\t\t<p>Cette page regroupe tous les mod\u00e8les de documents utiles aux locataires : lettres, formulaires, contrats et check-lists \u00e0 t\u00e9l\u00e9charger. Ils sont disponibles en plusieurs langues et r\u00e9guli\u00e8rement mis \u00e0 jour selon la l\u00e9gislation r\u00e9gionale en Belgique.<\/p><p><strong>Tous les mod\u00e8les sont gratuits<\/strong> et peuvent \u00eatre remplis en ligne ou imprim\u00e9s. En bas de page, retrouvez aussi les meilleurs articles du <a href=\"https:\/\/garantie.be\/fr\/guide-locataire-belgique\/\">guide du locataire en Belgique 2026<\/a>.<\/p>\t\t\t\t\t\t\t\t<\/div>\n\t\t\t\t<\/div>\n\t\t\t\t<div class=\"elementor-element elementor-element-bf14563 elementor-widget elementor-widget-heading\" data-id=\"bf14563\" data-element_type=\"widget\" data-e-type=\"widget\" data-widget_type=\"heading.default\">\n\t\t\t\t<div class=\"elementor-widget-container\">\n\t\t\t\t\t<h2 class=\"elementor-heading-title elementor-size-default\">1. Avant de louer un logement<\/h2>\t\t\t\t<\/div>\n\t\t\t\t<\/div>\n\t\t\t\t<div class=\"elementor-element elementor-element-6afac25f elementor-widget elementor-widget-text-editor\" data-id=\"6afac25f\" data-element_type=\"widget\" data-e-type=\"widget\" data-widget_type=\"text-editor.default\">\n\t\t\t\t<div class=\"elementor-widget-container\">\n\t\t\t\t\t\t\t\t\t<table><thead><tr><th>Mod\u00e8le<\/th><th>Description<\/th><\/tr><\/thead><tbody><tr><td>\u2b07\ufe0f <a href=\"https:\/\/garantie.be\/fr\/modeles-lettres-gestion-bail\/check-list-controle-visite-logement\/\">check-list de visite du logement \u00e0 louer<\/a><\/td><td>\u00c0 remplir lors de la visite pour v\u00e9rifier la conformit\u00e9 et l\u2019\u00e9tat g\u00e9n\u00e9ral du logement.<\/td><\/tr><tr><td>Lettre de demande de documents avant signature<\/td><td>Permet de demander au propri\u00e9taire les attestations obligatoires (PEB, \u00e9lectricit\u00e9, gaz\u2026).<\/td><\/tr><tr><td>Attestation de visite du logement<\/td><td>Confirme la visite du logement avant signature (utile pour les \u00e9tudiants ou agences sociales)<\/td><\/tr><tr><td>&gt; <a href=\"https:\/\/garantie.be\/fr\/garantie-locative-en-ligne\/\">Garantie locative 100% en ligne<\/a><\/td><td>Obtenez votre <strong>attestation de garantie en quelques heures<\/strong> sans bloquer d&rsquo;argent<\/td><\/tr><\/tbody><\/table>\t\t\t\t\t\t\t\t<\/div>\n\t\t\t\t<\/div>\n\t\t\t\t\t<\/div>\n\t\t<\/div>\n\t\t\t\t\t<\/div>\n\t\t<\/section>\n\t\t\t\t<section class=\"elementor-section elementor-top-section elementor-element elementor-element-08fd230 elementor-section-boxed elementor-section-height-default elementor-section-height-default\" data-id=\"08fd230\" data-element_type=\"section\" data-e-type=\"section\">\n\t\t\t\t\t\t<div class=\"elementor-container elementor-column-gap-default\">\n\t\t\t\t\t<div class=\"elementor-column elementor-col-100 elementor-top-column elementor-element elementor-element-5c96306\" data-id=\"5c96306\" data-element_type=\"column\" data-e-type=\"column\">\n\t\t\t<div class=\"elementor-widget-wrap elementor-element-populated\">\n\t\t\t\t\t\t<div class=\"elementor-element elementor-element-1c7bc1c elementor-widget elementor-widget-heading\" data-id=\"1c7bc1c\" data-element_type=\"widget\" data-e-type=\"widget\" data-widget_type=\"heading.default\">\n\t\t\t\t<div class=\"elementor-widget-container\">\n\t\t\t\t\t<h2 class=\"elementor-heading-title elementor-size-default\">2. Pour la signature du bail et des garanties<\/h2>\t\t\t\t<\/div>\n\t\t\t\t<\/div>\n\t\t\t\t<div class=\"elementor-element elementor-element-0237f7e elementor-widget elementor-widget-text-editor\" data-id=\"0237f7e\" data-element_type=\"widget\" data-e-type=\"widget\" data-widget_type=\"text-editor.default\">\n\t\t\t\t<div class=\"elementor-widget-container\">\n\t\t\t\t\t\t\t\t\t<p>\u00a0<\/p><table><thead><tr><th>Mod\u00e8le<\/th><th>Description<\/th><\/tr><\/thead><tbody><tr><td><a href=\"https:\/\/garantie.be\/fr\/modeles-lettres-gestion-bail\/modele-contrat-bail-bruxelles\/\">\u2b07\ufe0f Contrat de bail de location &#8211; Bruxelles\u00a0<\/a><\/td><td>Mod\u00e8le de contrat conforme au Code du logement de Bruxelles Capitale<\/td><\/tr><tr><td>Contrat de bail courte dur\u00e9e (\u22643 ans)<\/td><td>Mod\u00e8le sp\u00e9cifique \u00e0 la courte dur\u00e9e avec clauses limit\u00e9es<\/td><\/tr><tr><td><a href=\"https:\/\/garantie.be\/fr\/modeles-lettres-gestion-bail\/modele-bail-etudiant\/\">\u2b07\ufe0f Contrat de bail \u00e9tudiant<\/a><\/td><td>Pour un kot individuel \/ colocation ou une r\u00e9sidence \u00e9tudiante<\/td><\/tr><tr><td><a href=\"https:\/\/garantie.be\/fr\/modeles-lettres-gestion-bail\/modele-bail-etudiant\/\">\u2b07\ufe0f Contrat de colocation<\/a><\/td><td>Sp\u00e9cifie les obligations de chaque colocataire<\/td><\/tr><tr><td><a href=\"https:\/\/garantie.be\/fr\/modeles-lettres-gestion-bail\/modele-bail-sous-location\/\"><span data-sheets-root=\"1\">\u2b07\ufe0f Bail de sous location<\/span><\/a><\/td><td>Contrat de bail de sous location<\/td><\/tr><tr><td>Attestation de d\u00e9p\u00f4t de garantie locative<\/td><td>Document prouvant le d\u00e9p\u00f4t ou la garantie en ligne.<\/td><\/tr><tr><td>Lettre \u2013 Information assurance incendie<\/td><td>Confirmation \u00e9crite de souscription \u00e0 une assurance habitation.<\/td><\/tr><tr><td>Mod\u00e8le d\u2019accord entre bailleur et locataire sur les charges<\/td><td>Liste les charges r\u00e9cup\u00e9rables et leur mode de calcul<\/td><\/tr><tr><td>Formulaire d\u2019enregistrement du bail<\/td><td>R\u00e9sum\u00e9 des infos \u00e0 enregistrer (utile pour rappel administratif)<\/td><\/tr><tr><td>&gt; <a href=\"https:\/\/garantie.be\/fr\/garantie-locative-en-ligne\/\">Garantie locative 100% en ligne<\/a><\/td><td>Obtenez votre <strong>attestation de garantie en quelques heures<\/strong> sans bloquer d&rsquo;argent<\/td><\/tr><\/tbody><\/table>\t\t\t\t\t\t\t\t<\/div>\n\t\t\t\t<\/div>\n\t\t\t\t\t<\/div>\n\t\t<\/div>\n\t\t\t\t\t<\/div>\n\t\t<\/section>\n\t\t\t\t<section class=\"elementor-section elementor-top-section elementor-element elementor-element-ff078ce elementor-section-boxed elementor-section-height-default elementor-section-height-default\" data-id=\"ff078ce\" data-element_type=\"section\" data-e-type=\"section\">\n\t\t\t\t\t\t<div class=\"elementor-container elementor-column-gap-default\">\n\t\t\t\t\t<div class=\"elementor-column elementor-col-100 elementor-top-column elementor-element elementor-element-f73377c\" data-id=\"f73377c\" data-element_type=\"column\" data-e-type=\"column\">\n\t\t\t<div class=\"elementor-widget-wrap elementor-element-populated\">\n\t\t\t\t\t\t<div class=\"elementor-element elementor-element-cce4618 elementor-widget elementor-widget-heading\" data-id=\"cce4618\" data-element_type=\"widget\" data-e-type=\"widget\" data-widget_type=\"heading.default\">\n\t\t\t\t<div class=\"elementor-widget-container\">\n\t\t\t\t\t<h2 class=\"elementor-heading-title elementor-size-default\">3. Pendant la location<\/h2>\t\t\t\t<\/div>\n\t\t\t\t<\/div>\n\t\t\t\t<div class=\"elementor-element elementor-element-4d689ce elementor-widget elementor-widget-text-editor\" data-id=\"4d689ce\" data-element_type=\"widget\" data-e-type=\"widget\" data-widget_type=\"text-editor.default\">\n\t\t\t\t<div class=\"elementor-widget-container\">\n\t\t\t\t\t\t\t\t\t<table><thead><tr><th>Mod\u00e8le<\/th><th>Description<\/th><\/tr><\/thead><tbody><tr><td>Lettre de demande de r\u00e9paration \/ entretien<\/td><td>Permet au locataire de signaler une panne ou un probl\u00e8me \u00e0 charge du bailleur<\/td><\/tr><tr><td>Lettre de notification de travaux par le bailleur<\/td><td>Informer le locataire de travaux (si tu veux proposer aussi le mod\u00e8le bailleur)<\/td><\/tr><tr><td>Tableau \u201cR\u00e9parations \u00e0 charge du locataire ou du propri\u00e9taire\u201d<\/td><td>Fiche de r\u00e9f\u00e9rence pratique (type liste de l\u2019arr\u00eat\u00e9 royal 1981)<\/td><\/tr><tr><td>Lettre de contestation d\u2019augmentation de loyer<\/td><td>En cas d\u2019indexation non conforme ou hausse injustifi\u00e9e<\/td><\/tr><tr><td>Lettre de contestation de charges<\/td><td>Demande de justificatifs de charges ou remboursement<\/td><\/tr><tr><td>Mod\u00e8le de quittance de loyer<\/td><td>Re\u00e7u officiel du paiement du loyer<\/td><\/tr><tr><td>Mod\u00e8le de courrier \u201cautorisation domiciliation\u201d<\/td><td>Pour demander au bailleur d\u2019autoriser la domiciliation (utile \u00e9tudiants, expatri\u00e9s)<\/td><\/tr><tr><td>Demande d\u2019autorisation pour animal de compagnie<\/td><td>Lettre au bailleur si clause ambig\u00fce ou interdiction<\/td><\/tr><\/tbody><\/table>\t\t\t\t\t\t\t\t<\/div>\n\t\t\t\t<\/div>\n\t\t\t\t\t<\/div>\n\t\t<\/div>\n\t\t\t\t\t<\/div>\n\t\t<\/section>\n\t\t\t\t<section class=\"elementor-section elementor-top-section elementor-element elementor-element-57b7fe9 elementor-section-boxed elementor-section-height-default elementor-section-height-default\" data-id=\"57b7fe9\" data-element_type=\"section\" data-e-type=\"section\">\n\t\t\t\t\t\t<div class=\"elementor-container elementor-column-gap-default\">\n\t\t\t\t\t<div class=\"elementor-column elementor-col-100 elementor-top-column elementor-element elementor-element-5c2202b\" data-id=\"5c2202b\" data-element_type=\"column\" data-e-type=\"column\">\n\t\t\t<div class=\"elementor-widget-wrap elementor-element-populated\">\n\t\t\t\t\t\t<div class=\"elementor-element elementor-element-aa5d554 elementor-widget elementor-widget-heading\" data-id=\"aa5d554\" data-element_type=\"widget\" data-e-type=\"widget\" data-widget_type=\"heading.default\">\n\t\t\t\t<div class=\"elementor-widget-container\">\n\t\t\t\t\t<h2 class=\"elementor-heading-title elementor-size-default\">4. Quitter le logement<\/h2>\t\t\t\t<\/div>\n\t\t\t\t<\/div>\n\t\t\t\t<div class=\"elementor-element elementor-element-9c5c66d elementor-widget elementor-widget-text-editor\" data-id=\"9c5c66d\" data-element_type=\"widget\" data-e-type=\"widget\" data-widget_type=\"text-editor.default\">\n\t\t\t\t<div class=\"elementor-widget-container\">\n\t\t\t\t\t\t\t\t\t<table><thead><tr><th>Mod\u00e8le<\/th><th>Description<\/th><\/tr><\/thead><tbody><tr><td>\u2b07\ufe0f <a href=\"https:\/\/garantie.be\/fr\/modeles-lettres-gestion-bail\/lettre-resiliation-bail-longue-duree\/\">Lettre de r\u00e9siliation de bail (bail 9 ans)<\/a><\/td><td>Mod\u00e8le standard avec pr\u00e9avis l\u00e9gal (3 mois)<\/td><\/tr><tr><td>\u2b07\ufe0f <a href=\"https:\/\/garantie.be\/fr\/modeles-lettres-gestion-bail\/lettre-resiliation-bail-courte-duree\/\">Lettre de r\u00e9siliation de bail courte dur\u00e9e<\/a><\/td><td>Pr\u00e9avis selon dur\u00e9e sp\u00e9cifique (1 ou 2 mois)<\/td><\/tr><tr><td>Lettre de r\u00e9siliation colocation<\/td><td>Notification entre colocataires et bailleur<\/td><\/tr><tr><td>\u2b07\ufe0f <a href=\"https:\/\/garantie.be\/fr\/modeles-lettres-gestion-bail\/lettre-demande-restitution-garantie-locative\/\">Lettre de demande de restitution de garantie locative<\/a><\/td><td>Lettre \u00e0 la banque \/ organisme \/ bailleur<\/td><\/tr><tr><td>Formulaire de d\u00e9saccord sur restitution de garantie<\/td><td>\u00c0 envoyer si d\u00e9saccord sur montant retenu<\/td><\/tr><tr><td>\u2b07\ufe0f <a href=\"https:\/\/garantie.be\/fr\/modeles-lettres-gestion-bail\/modele-etat-des-lieux-de-sortie\/\">Check-list \u00e9tat des lieux de sortie<\/a><\/td><td>V\u00e9rifie l\u2019\u00e9tat du logement au d\u00e9part<\/td><\/tr><tr><td>Proc\u00e8s-verbal d\u2019\u00e9tat des lieux (vierge)<\/td><td>Document pour constater l\u2019\u00e9tat des lieux<\/td><\/tr><tr><td>Lettre de demande de rendez-vous \u00e9tat des lieux<\/td><td><span data-sheets-root=\"1\">Convocation officielle (utile en cas de litige)<\/span><\/td><\/tr><\/tbody><\/table>\t\t\t\t\t\t\t\t<\/div>\n\t\t\t\t<\/div>\n\t\t\t\t\t<\/div>\n\t\t<\/div>\n\t\t\t\t\t<\/div>\n\t\t<\/section>\n\t\t\t\t<section class=\"elementor-section elementor-top-section elementor-element elementor-element-3eb566f1 elementor-section-content-middle elementor-section-height-min-height elementor-section-items-stretch elementor-section-boxed elementor-section-height-default\" data-id=\"3eb566f1\" data-element_type=\"section\" data-e-type=\"section\">\n\t\t\t\t\t\t<div class=\"elementor-container elementor-column-gap-no\">\n\t\t\t\t\t<div class=\"elementor-column elementor-col-100 elementor-top-column elementor-element elementor-element-1a9ebe5\" data-id=\"1a9ebe5\" data-element_type=\"column\" data-e-type=\"column\" data-settings=\"{&quot;background_background&quot;:&quot;classic&quot;}\">\n\t\t\t<div class=\"elementor-widget-wrap elementor-element-populated\">\n\t\t\t\t\t\t<div class=\"elementor-element elementor-element-cd7173e elementor-widget elementor-widget-text-editor\" data-id=\"cd7173e\" data-element_type=\"widget\" data-e-type=\"widget\" data-widget_type=\"text-editor.default\">\n\t\t\t\t<div class=\"elementor-widget-container\">\n\t\t\t\t\t\t\t\t\t<p>Compl\u00e9tez notre formulaire pour obtenir une <a href=\"https:\/\/garantie.be\/fr\/garantie-locative-en-ligne\/\">garantie locative en ligne<\/a> en quelques heures.\u00a0Vous ne bloquez pas d\u2019argent car nous fonctionnons comme une garantie bancaire<\/p>\t\t\t\t\t\t\t\t<\/div>\n\t\t\t\t<\/div>\n\t\t\t\t<div class=\"elementor-element elementor-element-46d0289f elementor-mobile-align-center elementor-align-center elementor-widget elementor-widget-button\" data-id=\"46d0289f\" data-element_type=\"widget\" data-e-type=\"widget\" data-widget_type=\"button.default\">\n\t\t\t\t<div class=\"elementor-widget-container\">\n\t\t\t\t\t\t\t\t\t<div class=\"elementor-button-wrapper\">\n\t\t\t\t\t<a class=\"elementor-button elementor-button-link elementor-size-sm\" href=\"https:\/\/account.garantie.be\/fr\/register\/lease\">\n\t\t\t\t\t\t<span class=\"elementor-button-content-wrapper\">\n\t\t\t\t\t\t\t\t\t<span class=\"elementor-button-text\">Formulaire garantie locative 100% en ligne<\/span>\n\t\t\t\t\t<\/span>\n\t\t\t\t\t<\/a>\n\t\t\t\t<\/div>\n\t\t\t\t\t\t\t\t<\/div>\n\t\t\t\t<\/div>\n\t\t\t\t\t<\/div>\n\t\t<\/div>\n\t\t\t\t\t<\/div>\n\t\t<\/section>\n\t\t\t\t<\/div>\n\t\t","protected":false},"excerpt":{"rendered":"<p>Mod\u00e8les &amp; Outils pratiques Location logement Cette page regroupe tous les mod\u00e8les de documents utiles aux locataires : lettres, formulaires, contrats et check-lists \u00e0 t\u00e9l\u00e9charger. Ils sont disponibles en plusieurs langues et r\u00e9guli\u00e8rement mis \u00e0 jour selon la l\u00e9gislation r\u00e9gionale en Belgique. Tous les mod\u00e8les sont gratuits et peuvent \u00eatre remplis en ligne ou imprim\u00e9s. [&hellip;]<\/p>\n","protected":false},"author":1,"featured_media":0,"parent":0,"menu_order":0,"comment_status":"closed","ping_status":"closed","template":"","meta":{"footnotes":""},"class_list":["post-18764","page","type-page","status-publish","hentry"],"yoast_head":"<!-- This site is optimized with the Yoast SEO plugin v27.3 - https:\/\/yoast.com\/product\/yoast-seo-wordpress\/ -->\n<title>Mod\u00e8les de lettres et outils pratique pour la gestion du logement<\/title>\n<meta name=\"description\" content=\"Consultez et t\u00e9l\u00e9chargez nos mod\u00e8les de lettres pour la gestion de votre bail de location immobili\u00e8re en 2026\" \/>\n<meta name=\"robots\" content=\"index, follow, max-snippet:-1, max-image-preview:large, max-video-preview:-1\" \/>\n<link rel=\"canonical\" href=\"https:\/\/garantie.be\/fr\/modeles-lettres-gestion-bail\/\" \/>\n<meta property=\"og:locale\" content=\"fr_FR\" \/>\n<meta property=\"og:type\" content=\"article\" \/>\n<meta property=\"og:title\" content=\"Mod\u00e8les de lettres et outils pratique pour la gestion du logement\" \/>\n<meta property=\"og:description\" content=\"Consultez et t\u00e9l\u00e9chargez nos mod\u00e8les de lettres pour la gestion de votre bail de location immobili\u00e8re en 2026\" \/>\n<meta property=\"og:url\" content=\"https:\/\/garantie.be\/fr\/modeles-lettres-gestion-bail\/\" \/>\n<meta property=\"og:site_name\" content=\"Garantie\" \/>\n<meta property=\"article:modified_time\" content=\"2025-10-30T20:25:16+00:00\" \/>\n<meta name=\"twitter:card\" content=\"summary_large_image\" \/>\n<meta name=\"twitter:label1\" content=\"Dur\u00e9e de lecture estim\u00e9e\" \/>\n\t<meta name=\"twitter:data1\" content=\"5 minutes\" \/>\n<script type=\"application\/ld+json\" class=\"yoast-schema-graph\">{\"@context\":\"https:\\\/\\\/schema.org\",\"@graph\":[{\"@type\":\"WebPage\",\"@id\":\"https:\\\/\\\/garantie.be\\\/fr\\\/modeles-lettres-gestion-bail\\\/\",\"url\":\"https:\\\/\\\/garantie.be\\\/fr\\\/modeles-lettres-gestion-bail\\\/\",\"name\":\"Mod\u00e8les de lettres et outils pratique pour la gestion du logement\",\"isPartOf\":{\"@id\":\"https:\\\/\\\/garantie.be\\\/fr\\\/#website\"},\"datePublished\":\"2025-10-07T08:20:15+00:00\",\"dateModified\":\"2025-10-30T20:25:16+00:00\",\"description\":\"Consultez et t\u00e9l\u00e9chargez nos mod\u00e8les de lettres pour la gestion de votre bail de location immobili\u00e8re en 2026\",\"breadcrumb\":{\"@id\":\"https:\\\/\\\/garantie.be\\\/fr\\\/modeles-lettres-gestion-bail\\\/#breadcrumb\"},\"inLanguage\":\"fr-FR\",\"potentialAction\":[{\"@type\":\"ReadAction\",\"target\":[\"https:\\\/\\\/garantie.be\\\/fr\\\/modeles-lettres-gestion-bail\\\/\"]}]},{\"@type\":\"BreadcrumbList\",\"@id\":\"https:\\\/\\\/garantie.be\\\/fr\\\/modeles-lettres-gestion-bail\\\/#breadcrumb\",\"itemListElement\":[{\"@type\":\"ListItem\",\"position\":1,\"name\":\"Accueil\",\"item\":\"https:\\\/\\\/garantie.be\\\/fr\\\/\"},{\"@type\":\"ListItem\",\"position\":2,\"name\":\"Mod\u00e8les de lettres et outils pratique pour la gestion du logement\"}]},{\"@type\":\"WebSite\",\"@id\":\"https:\\\/\\\/garantie.be\\\/fr\\\/#website\",\"url\":\"https:\\\/\\\/garantie.be\\\/fr\\\/\",\"name\":\"Garantie\",\"description\":\"\",\"publisher\":{\"@id\":\"https:\\\/\\\/garantie.be\\\/fr\\\/#organization\"},\"potentialAction\":[{\"@type\":\"SearchAction\",\"target\":{\"@type\":\"EntryPoint\",\"urlTemplate\":\"https:\\\/\\\/garantie.be\\\/fr\\\/?s={search_term_string}\"},\"query-input\":{\"@type\":\"PropertyValueSpecification\",\"valueRequired\":true,\"valueName\":\"search_term_string\"}}],\"inLanguage\":\"fr-FR\"},{\"@type\":\"Organization\",\"@id\":\"https:\\\/\\\/garantie.be\\\/fr\\\/#organization\",\"name\":\"Garantie.be\",\"url\":\"https:\\\/\\\/garantie.be\\\/fr\\\/\",\"logo\":{\"@type\":\"ImageObject\",\"inLanguage\":\"fr-FR\",\"@id\":\"https:\\\/\\\/garantie.be\\\/fr\\\/#\\\/schema\\\/logo\\\/image\\\/\",\"url\":\"\",\"contentUrl\":\"\",\"caption\":\"Garantie.be\"},\"image\":{\"@id\":\"https:\\\/\\\/garantie.be\\\/fr\\\/#\\\/schema\\\/logo\\\/image\\\/\"}}]}<\/script>\n<!-- \/ Yoast SEO plugin. -->","yoast_head_json":{"title":"Mod\u00e8les de lettres et outils pratique pour la gestion du logement","description":"Consultez et t\u00e9l\u00e9chargez nos mod\u00e8les de lettres pour la gestion de votre bail de location immobili\u00e8re en 2026","robots":{"index":"index","follow":"follow","max-snippet":"max-snippet:-1","max-image-preview":"max-image-preview:large","max-video-preview":"max-video-preview:-1"},"canonical":"https:\/\/garantie.be\/fr\/modeles-lettres-gestion-bail\/","og_locale":"fr_FR","og_type":"article","og_title":"Mod\u00e8les de lettres et outils pratique pour la gestion du logement","og_description":"Consultez et t\u00e9l\u00e9chargez nos mod\u00e8les de lettres pour la gestion de votre bail de location immobili\u00e8re en 2026","og_url":"https:\/\/garantie.be\/fr\/modeles-lettres-gestion-bail\/","og_site_name":"Garantie","article_modified_time":"2025-10-30T20:25:16+00:00","twitter_card":"summary_large_image","twitter_misc":{"Dur\u00e9e de lecture estim\u00e9e":"5 minutes"},"schema":{"@context":"https:\/\/schema.org","@graph":[{"@type":"WebPage","@id":"https:\/\/garantie.be\/fr\/modeles-lettres-gestion-bail\/","url":"https:\/\/garantie.be\/fr\/modeles-lettres-gestion-bail\/","name":"Mod\u00e8les de lettres et outils pratique pour la gestion du logement","isPartOf":{"@id":"https:\/\/garantie.be\/fr\/#website"},"datePublished":"2025-10-07T08:20:15+00:00","dateModified":"2025-10-30T20:25:16+00:00","description":"Consultez et t\u00e9l\u00e9chargez nos mod\u00e8les de lettres pour la gestion de votre bail de location immobili\u00e8re en 2026","breadcrumb":{"@id":"https:\/\/garantie.be\/fr\/modeles-lettres-gestion-bail\/#breadcrumb"},"inLanguage":"fr-FR","potentialAction":[{"@type":"ReadAction","target":["https:\/\/garantie.be\/fr\/modeles-lettres-gestion-bail\/"]}]},{"@type":"BreadcrumbList","@id":"https:\/\/garantie.be\/fr\/modeles-lettres-gestion-bail\/#breadcrumb","itemListElement":[{"@type":"ListItem","position":1,"name":"Accueil","item":"https:\/\/garantie.be\/fr\/"},{"@type":"ListItem","position":2,"name":"Mod\u00e8les de lettres et outils pratique pour la gestion du logement"}]},{"@type":"WebSite","@id":"https:\/\/garantie.be\/fr\/#website","url":"https:\/\/garantie.be\/fr\/","name":"Garantie","description":"","publisher":{"@id":"https:\/\/garantie.be\/fr\/#organization"},"potentialAction":[{"@type":"SearchAction","target":{"@type":"EntryPoint","urlTemplate":"https:\/\/garantie.be\/fr\/?s={search_term_string}"},"query-input":{"@type":"PropertyValueSpecification","valueRequired":true,"valueName":"search_term_string"}}],"inLanguage":"fr-FR"},{"@type":"Organization","@id":"https:\/\/garantie.be\/fr\/#organization","name":"Garantie.be","url":"https:\/\/garantie.be\/fr\/","logo":{"@type":"ImageObject","inLanguage":"fr-FR","@id":"https:\/\/garantie.be\/fr\/#\/schema\/logo\/image\/","url":"","contentUrl":"","caption":"Garantie.be"},"image":{"@id":"https:\/\/garantie.be\/fr\/#\/schema\/logo\/image\/"}}]}},"_links":{"self":[{"href":"https:\/\/garantie.be\/fr\/wp-json\/wp\/v2\/pages\/18764","targetHints":{"allow":["GET"]}}],"collection":[{"href":"https:\/\/garantie.be\/fr\/wp-json\/wp\/v2\/pages"}],"about":[{"href":"https:\/\/garantie.be\/fr\/wp-json\/wp\/v2\/types\/page"}],"author":[{"embeddable":true,"href":"https:\/\/garantie.be\/fr\/wp-json\/wp\/v2\/users\/1"}],"replies":[{"embeddable":true,"href":"https:\/\/garantie.be\/fr\/wp-json\/wp\/v2\/comments?post=18764"}],"version-history":[{"count":0,"href":"https:\/\/garantie.be\/fr\/wp-json\/wp\/v2\/pages\/18764\/revisions"}],"wp:attachment":[{"href":"https:\/\/garantie.be\/fr\/wp-json\/wp\/v2\/media?parent=18764"}],"curies":[{"name":"wp","href":"https:\/\/api.w.org\/{rel}","templated":true}]}}