{"id":18768,"date":"2025-10-07T10:25:34","date_gmt":"2025-10-07T08:25:34","guid":{"rendered":"https:\/\/garantie.be\/?page_id=18768"},"modified":"2025-10-10T09:51:53","modified_gmt":"2025-10-10T07:51:53","slug":"lettre-demande-restitution-garantie-locative","status":"publish","type":"page","link":"https:\/\/garantie.be\/fr\/modeles-lettres-gestion-bail\/lettre-demande-restitution-garantie-locative\/","title":{"rendered":"Lettre de demande de restitution de la garantie locative"},"content":{"rendered":"\t\t<div data-elementor-type=\"wp-page\" data-elementor-id=\"18768\" class=\"elementor elementor-18768\" data-elementor-post-type=\"page\">\n\t\t\t\t\t\t<section class=\"elementor-section elementor-top-section elementor-element elementor-element-2f0593a2 elementor-section-boxed elementor-section-height-default elementor-section-height-default\" data-id=\"2f0593a2\" data-element_type=\"section\" data-e-type=\"section\">\n\t\t\t\t\t\t<div class=\"elementor-container elementor-column-gap-default\">\n\t\t\t\t\t<div class=\"elementor-column elementor-col-100 elementor-top-column elementor-element elementor-element-3162ecbe\" data-id=\"3162ecbe\" data-element_type=\"column\" data-e-type=\"column\">\n\t\t\t<div class=\"elementor-widget-wrap elementor-element-populated\">\n\t\t\t\t\t\t<div class=\"elementor-element elementor-element-153d2d78 elementor-widget elementor-widget-spacer\" data-id=\"153d2d78\" data-element_type=\"widget\" data-e-type=\"widget\" data-widget_type=\"spacer.default\">\n\t\t\t\t<div class=\"elementor-widget-container\">\n\t\t\t\t\t\t\t<div class=\"elementor-spacer\">\n\t\t\t<div class=\"elementor-spacer-inner\"><\/div>\n\t\t<\/div>\n\t\t\t\t\t\t<\/div>\n\t\t\t\t<\/div>\n\t\t\t\t<div class=\"elementor-element elementor-element-170b0df4 elementor-widget elementor-widget-heading\" data-id=\"170b0df4\" data-element_type=\"widget\" data-e-type=\"widget\" data-widget_type=\"heading.default\">\n\t\t\t\t<div class=\"elementor-widget-container\">\n\t\t\t\t\t<h1 class=\"elementor-heading-title elementor-size-default\">Mod\u00e8le de lettre<br>\n<b>Demande de restitution de la garantie locative<\/b><\/h1>\t\t\t\t<\/div>\n\t\t\t\t<\/div>\n\t\t\t\t<div class=\"elementor-element elementor-element-535503dd elementor-widget elementor-widget-spacer\" data-id=\"535503dd\" data-element_type=\"widget\" data-e-type=\"widget\" data-widget_type=\"spacer.default\">\n\t\t\t\t<div class=\"elementor-widget-container\">\n\t\t\t\t\t\t\t<div class=\"elementor-spacer\">\n\t\t\t<div class=\"elementor-spacer-inner\"><\/div>\n\t\t<\/div>\n\t\t\t\t\t\t<\/div>\n\t\t\t\t<\/div>\n\t\t\t\t<div class=\"elementor-element elementor-element-5d2e0631 elementor-widget elementor-widget-text-editor\" data-id=\"5d2e0631\" data-element_type=\"widget\" data-e-type=\"widget\" data-widget_type=\"text-editor.default\">\n\t\t\t\t<div class=\"elementor-widget-container\">\n\t\t\t\t\t\t\t\t\t<p>L\u2019\u00e9tat des lieux de sortie est termin\u00e9 et le logement a \u00e9t\u00e9 rendu en bon \u00e9tat, vous pouvez d\u00e9sormais r\u00e9cup\u00e9rer votre <span style=\"text-decoration: underline;\"><a href=\"https:\/\/garantie.be\/fr\/garantie-locative\/\">garantie locative<\/a><\/span>.<\/p>\n<p>Voici un mod\u00e8le de lettre pour faire une demande claire et formelle aupr\u00e8s de votre propri\u00e9taire, de l\u2019agence ou de la banque, selon le type de garantie. Ce mod\u00e8le est valable dans les trois r\u00e9gions belges (<a href=\"https:\/\/garantie.be\/fr\/garantie-locative-bruxelles-capitale\/\">Bruxelles<\/a>, <a href=\"https:\/\/garantie.be\/fr\/garantie-locative-flandres\/\">Flandre<\/a>, <a href=\"https:\/\/garantie.be\/fr\/garantie-locative-wallonie\/\">Wallonie<\/a>). Il peut \u00eatre envoy\u00e9 par courrier recommand\u00e9 ou par e-mail avec accus\u00e9 de r\u00e9ception.<\/p>\t\t\t\t\t\t\t\t<\/div>\n\t\t\t\t<\/div>\n\t\t\t\t<div class=\"elementor-element elementor-element-47e8b516 elementor-widget elementor-widget-text-editor\" data-id=\"47e8b516\" data-element_type=\"widget\" data-e-type=\"widget\" data-widget_type=\"text-editor.default\">\n\t\t\t\t<div class=\"elementor-widget-container\">\n\t\t\t\t\t\t\t\t\t<ul>\n<li><strong>Quand l\u2019utiliser<\/strong> : D\u00e8s que le logement est restitu\u00e9 et que l\u2019\u00e9tat des lieux de sortie est sign\u00e9.<\/li>\n<li><strong>Type de document<\/strong> : Lettre de demande officielle (Word \/ PDF)<\/li>\n<li><strong>Destinataire<\/strong> : Propri\u00e9taire, agence ou organisme de garantie<\/li>\n<li><strong>Applicable<\/strong> \u00e0 : Bruxelles \u2013 Flandre \u2013 Wallonie<\/li>\n<li><strong>Pi\u00e8ces \u00e0 joindre<\/strong> : Copie du <a href=\"https:\/\/garantie.be\/fr\/bail-de-location\/\">bail de location<\/a>, <a href=\"https:\/\/garantie.be\/fr\/etat-des-lieux-de-sortie\/\">\u00e9tat des lieux de sortie<\/a>, preuve de <a href=\"https:\/\/garantie.be\/fr\/depot-garantie-locative\/\">d\u00e9p\u00f4t de garantie<\/a><\/li>\n<\/ul>\t\t\t\t\t\t\t\t<\/div>\n\t\t\t\t<\/div>\n\t\t\t\t<div class=\"elementor-element elementor-element-53450b0 elementor-widget elementor-widget-spacer\" data-id=\"53450b0\" data-element_type=\"widget\" data-e-type=\"widget\" data-widget_type=\"spacer.default\">\n\t\t\t\t<div class=\"elementor-widget-container\">\n\t\t\t\t\t\t\t<div class=\"elementor-spacer\">\n\t\t\t<div class=\"elementor-spacer-inner\"><\/div>\n\t\t<\/div>\n\t\t\t\t\t\t<\/div>\n\t\t\t\t<\/div>\n\t\t\t\t<div class=\"elementor-element elementor-element-1f14dd23 elementor-widget elementor-widget-text-editor\" data-id=\"1f14dd23\" data-element_type=\"widget\" data-e-type=\"widget\" data-widget_type=\"text-editor.default\">\n\t\t\t\t<div class=\"elementor-widget-container\">\n\t\t\t\t\t\t\t\t\t<p>Vous pouvez copier le texte ci-dessous et le personnaliser avec vos informations. Vous pouvez \u00e9galement <strong>t\u00e9l\u00e9charger gratuitement les versions pr\u00eates \u00e0 remplir<\/strong> en format Word ou PDF disponible un peu plus bas dans la page \u2b07\ufe0f<\/p>\t\t\t\t\t\t\t\t<\/div>\n\t\t\t\t<\/div>\n\t\t\t\t<div class=\"elementor-element elementor-element-732532cf elementor-widget elementor-widget-text-editor\" data-id=\"732532cf\" data-element_type=\"widget\" data-e-type=\"widget\" data-widget_type=\"text-editor.default\">\n\t\t\t\t<div class=\"elementor-widget-container\">\n\t\t\t\t\t\t\t\t\t<section class=\"modele-lettre\">\n  <div class=\"zone-lettre\">\n    <p>\n      <span class=\"champ\">[Nom et pr\u00e9nom du locataire]<\/span><br>\n      <span class=\"champ\">[Adresse compl\u00e8te]<\/span><br>\n      <span class=\"champ\">[Code postal, Commune]<\/span><br>\n      T\u00e9l\u00e9phone : &#8230;&#8230;&#8230;&#8230;&#8230;&#8230;&#8230;&#8230;&#8230;&#8230;&#8230;&#8230;&#8230;&#8230;&#8230;.<br>\n      E-mail : &#8230;&#8230;&#8230;&#8230;&#8230;&#8230;&#8230;&#8230;&#8230;&#8230;&#8230;&#8230;&#8230;&#8230;&#8230;&#8230;&#8230;\n    <\/p>\n\n    <p style=\"text-align:right;\">\n      <span class=\"champ\">[Nom et pr\u00e9nom du bailleur]<\/span><br>\n      <span class=\"champ\">[Adresse du bailleur]<\/span><br>\n      <span class=\"champ\">[Code postal, Commune]<\/span><br>\n    <\/p>\n\n    <p style=\"text-align:right;\">Fait \u00e0 &#8230;&#8230;&#8230;&#8230;&#8230;&#8230;&#8230;&#8230;&#8230;&#8230;.., le &#8230;&#8230;\/&#8230;&#8230;\/&#8230;&#8230;&#8230;.<\/p>\n\n    <p><strong>Objet :<\/strong> Demande de restitution de la garantie locative<\/p>\n\n    <p><strong>Madame, Monsieur,<\/strong><\/p>\n\n    <p>\n      Faisant suite \u00e0 la fin du bail de location du logement situ\u00e9 \u00e0 \n      <span class=\"champ\">[adresse compl\u00e8te du bien lou\u00e9]<\/span>, \n      dont l\u2019\u00e9tat des lieux de sortie a \u00e9t\u00e9 r\u00e9alis\u00e9 le &#8230;&#8230;\/&#8230;&#8230;\/&#8230;&#8230;, \n      je me permets de vous adresser la pr\u00e9sente demande de restitution de la \n      <strong>garantie locative<\/strong>.\n    <\/p>\n\n    <p>\n      Conform\u00e9ment aux dispositions l\u00e9gales, et en l\u2019absence de d\u00e9gradations ou de sommes dues, \n      je vous prie de bien vouloir proc\u00e9der au remboursement int\u00e9gral du montant de la garantie, \n      soit <span class=\"champ\">[montant en euros]<\/span>, sur le compte suivant :\n    <\/p>\n\n    <p>\n      IBAN : <span class=\"champ\">[num\u00e9ro de compte]<\/span><br>\n      BIC : <span class=\"champ\">[code BIC, si n\u00e9cessaire]<\/span>\n    <\/p>\n\n    <p>\n      Je reste \u00e0 votre disposition pour tout compl\u00e9ment d\u2019information et vous remercie pour la \n      bonne collaboration durant la location.\n    <\/p>\n\n    <p>\n      Je vous prie d\u2019agr\u00e9er, Madame, Monsieur, l\u2019expression de mes salutations distingu\u00e9es.\n    <\/p>\n\n    <p style=\"text-align:right;\"><em>[Signature]<\/em><\/p>\n  <\/div>\n<\/section>\n\n<style>\n  .modele-lettre {\n    background:#fafafa;\n    padding:20px;\n    border-radius:8px;\n    font-family:\"Segoe UI\", Roboto, sans-serif;\n    line-height:1.6;\n  }\n  .modele-lettre .champ {\n    background-color:#f1f1f1;\n    padding:2px 6px;\n    border-radius:3px;\n  }\n  .zone-lettre {\n    background:#fff;\n    padding:20px;\n    border:1px solid #ddd;\n    border-radius:6px;\n    margin:20px 0;\n  }\n<\/style>\n\t\t\t\t\t\t\t\t<\/div>\n\t\t\t\t<\/div>\n\t\t\t\t<div class=\"elementor-element elementor-element-43d3e50 elementor-widget elementor-widget-heading\" data-id=\"43d3e50\" data-element_type=\"widget\" data-e-type=\"widget\" data-widget_type=\"heading.default\">\n\t\t\t\t<div class=\"elementor-widget-container\">\n\t\t\t\t\t<h3 class=\"elementor-heading-title elementor-size-default\">T\u00e9l\u00e9chargements en format Word ou PDF<\/h3>\t\t\t\t<\/div>\n\t\t\t\t<\/div>\n\t\t\t\t<div class=\"elementor-element elementor-element-8dd5ba6 elementor-widget elementor-widget-text-editor\" data-id=\"8dd5ba6\" data-element_type=\"widget\" data-e-type=\"widget\" data-widget_type=\"text-editor.default\">\n\t\t\t\t<div class=\"elementor-widget-container\">\n\t\t\t\t\t\t\t\t\t<p>\u2b07\ufe0f T\u00e9l\u00e9charger la <a href=\"https:\/\/garantie.be\/wp-content\/uploads\/2025\/10\/Modele-lettre-de-restitution-de-la-garantie-locative.docx\">lettre de restitution de la garantie locative en format Word<\/a> (.docx)<\/p><p>\u2b07\ufe0f T\u00e9l\u00e9charger la <a href=\"https:\/\/garantie.be\/wp-content\/uploads\/2025\/10\/Modele-lettre-de-restitution-de-la-garantie-locative.pdf\">lettre de restitution de la garantie locative en format PDF<\/a> (.pdf)<\/p>\t\t\t\t\t\t\t\t<\/div>\n\t\t\t\t<\/div>\n\t\t\t\t<div class=\"elementor-element elementor-element-b9f08f1 elementor-widget elementor-widget-heading\" data-id=\"b9f08f1\" data-element_type=\"widget\" data-e-type=\"widget\" data-widget_type=\"heading.default\">\n\t\t\t\t<div class=\"elementor-widget-container\">\n\t\t\t\t\t<h2 class=\"elementor-heading-title elementor-size-default\">Conseils pour bien utiliser ce mod\u00e8le<\/h2>\t\t\t\t<\/div>\n\t\t\t\t<\/div>\n\t\t\t\t<div class=\"elementor-element elementor-element-18017e9 elementor-widget elementor-widget-text-editor\" data-id=\"18017e9\" data-element_type=\"widget\" data-e-type=\"widget\" data-widget_type=\"text-editor.default\">\n\t\t\t\t<div class=\"elementor-widget-container\">\n\t\t\t\t\t\t\t\t\t<ul>\n<li>Envoyez votre lettre en <strong>recommand\u00e9 avec accus\u00e9 de r\u00e9ception<\/strong> si vous n\u2019obtenez pas de r\u00e9ponse rapide.<\/li>\n<li>Joignez toujours la <strong>copie du bail et de l\u2019\u00e9tat des lieux de sortie sign\u00e9<\/strong>.<\/li>\n<li>Pr\u00e9cisez votre <strong>IBAN<\/strong> pour faciliter le virement.<\/li>\n<li>Si la garantie est bloqu\u00e9e \u00e0 la banque, vous pouvez aussi <strong>envoyer cette lettre \u00e0 l\u2019organisme d\u00e9positaire<\/strong> (banque, Garantie.be, etc.).<\/li>\n<li>En cas de d\u00e9saccord, contactez la justice de paix de la r\u00e9gion o\u00f9 se trouve le bien.<\/li>\n<\/ul>\n<p>\u00a0<\/p>\n<p><strong><em>Bon \u00e0 savoir<\/em><\/strong> : Le bailleur dispose d\u2019un d\u00e9lai de 30 jours pour <span style=\"text-decoration: underline;\"><a href=\"https:\/\/garantie.be\/fr\/liberation-garantie-locative-formulaire-en-ligne\/\">lib\u00e9rer la garantie locative<\/a><\/span> apr\u00e8s restitution du logement. Pass\u00e9 ce d\u00e9lai, le locataire peut en demander la lib\u00e9ration directement aupr\u00e8s de la banque ou via le juge de paix.<\/p>\t\t\t\t\t\t\t\t<\/div>\n\t\t\t\t<\/div>\n\t\t\t\t\t<\/div>\n\t\t<\/div>\n\t\t\t\t\t<\/div>\n\t\t<\/section>\n\t\t\t\t<section class=\"elementor-section elementor-top-section elementor-element elementor-element-323971d8 elementor-section-content-middle elementor-section-height-min-height elementor-section-items-stretch elementor-section-boxed elementor-section-height-default\" data-id=\"323971d8\" data-element_type=\"section\" data-e-type=\"section\">\n\t\t\t\t\t\t<div class=\"elementor-container elementor-column-gap-no\">\n\t\t\t\t\t<div class=\"elementor-column elementor-col-100 elementor-top-column elementor-element elementor-element-4d271a2\" data-id=\"4d271a2\" data-element_type=\"column\" data-e-type=\"column\" data-settings=\"{&quot;background_background&quot;:&quot;classic&quot;}\">\n\t\t\t<div class=\"elementor-widget-wrap elementor-element-populated\">\n\t\t\t\t\t\t<div class=\"elementor-element elementor-element-1cf184c0 elementor-widget elementor-widget-text-editor\" data-id=\"1cf184c0\" data-element_type=\"widget\" data-e-type=\"widget\" data-widget_type=\"text-editor.default\">\n\t\t\t\t<div class=\"elementor-widget-container\">\n\t\t\t\t\t\t\t\t\t<p>Compl\u00e9tez notre formulaire pour obtenir une <a href=\"https:\/\/garantie.be\/fr\/garantie-locative-en-ligne\/\">garantie locative en ligne<\/a> en quelques heures.\u00a0Vous ne bloquez pas d\u2019argent car nous fonctionnons comme une garantie bancaire<\/p>\t\t\t\t\t\t\t\t<\/div>\n\t\t\t\t<\/div>\n\t\t\t\t<div class=\"elementor-element elementor-element-4f02e2ee elementor-mobile-align-center elementor-align-center elementor-widget elementor-widget-button\" data-id=\"4f02e2ee\" data-element_type=\"widget\" data-e-type=\"widget\" data-widget_type=\"button.default\">\n\t\t\t\t<div class=\"elementor-widget-container\">\n\t\t\t\t\t\t\t\t\t<div class=\"elementor-button-wrapper\">\n\t\t\t\t\t<a class=\"elementor-button elementor-button-link elementor-size-sm\" href=\"https:\/\/account.garantie.be\/fr\/register\/lease\">\n\t\t\t\t\t\t<span class=\"elementor-button-content-wrapper\">\n\t\t\t\t\t\t\t\t\t<span class=\"elementor-button-text\">Formulaire garantie locative 100% en ligne<\/span>\n\t\t\t\t\t<\/span>\n\t\t\t\t\t<\/a>\n\t\t\t\t<\/div>\n\t\t\t\t\t\t\t\t<\/div>\n\t\t\t\t<\/div>\n\t\t\t\t\t<\/div>\n\t\t<\/div>\n\t\t\t\t\t<\/div>\n\t\t<\/section>\n\t\t\t\t<section class=\"elementor-section elementor-top-section elementor-element elementor-element-2ec4e7c elementor-section-boxed elementor-section-height-default elementor-section-height-default\" data-id=\"2ec4e7c\" data-element_type=\"section\" data-e-type=\"section\">\n\t\t\t\t\t\t<div class=\"elementor-container elementor-column-gap-default\">\n\t\t\t\t\t<div class=\"elementor-column elementor-col-100 elementor-top-column elementor-element elementor-element-600c7f7\" data-id=\"600c7f7\" data-element_type=\"column\" data-e-type=\"column\">\n\t\t\t<div class=\"elementor-widget-wrap elementor-element-populated\">\n\t\t\t\t\t\t<div class=\"elementor-element elementor-element-5416f7dd elementor-widget elementor-widget-spacer\" data-id=\"5416f7dd\" data-element_type=\"widget\" data-e-type=\"widget\" data-widget_type=\"spacer.default\">\n\t\t\t\t<div class=\"elementor-widget-container\">\n\t\t\t\t\t\t\t<div class=\"elementor-spacer\">\n\t\t\t<div class=\"elementor-spacer-inner\"><\/div>\n\t\t<\/div>\n\t\t\t\t\t\t<\/div>\n\t\t\t\t<\/div>\n\t\t\t\t<div class=\"elementor-element elementor-element-660ab787 elementor-widget elementor-widget-heading\" data-id=\"660ab787\" data-element_type=\"widget\" data-e-type=\"widget\" data-widget_type=\"heading.default\">\n\t\t\t\t<div class=\"elementor-widget-container\">\n\t\t\t\t\t<h2 class=\"elementor-heading-title elementor-size-default\">Autres mod\u00e8les de lettres utiles<\/h2>\t\t\t\t<\/div>\n\t\t\t\t<\/div>\n\t\t\t\t<div class=\"elementor-element elementor-element-83766f8 elementor-widget elementor-widget-text-editor\" data-id=\"83766f8\" data-element_type=\"widget\" data-e-type=\"widget\" data-widget_type=\"text-editor.default\">\n\t\t\t\t<div class=\"elementor-widget-container\">\n\t\t\t\t\t\t\t\t\t<ul><li><a href=\"https:\/\/garantie.be\/fr\/modeles-lettres-gestion-bail\/lettre-resiliation-bail-longue-duree\/\">Lettre de r\u00e9siliation de bail 9 ans<\/a><\/li><li><a href=\"https:\/\/garantie.be\/fr\/modeles-lettres-gestion-bail\/lettre-resiliation-bail-courte-duree\/\">Lettre de r\u00e9siliation d&rsquo;un bail de courte dur\u00e9e<\/a><\/li><li>Check-list \u00e9tat des lieux de sortie<\/li><li>Proc\u00e8s-verbal d\u2019\u00e9tat des lieux (vierge)<\/li><\/ul>\t\t\t\t\t\t\t\t<\/div>\n\t\t\t\t<\/div>\n\t\t\t\t\t<\/div>\n\t\t<\/div>\n\t\t\t\t\t<\/div>\n\t\t<\/section>\n\t\t\t\t<\/div>\n\t\t","protected":false},"excerpt":{"rendered":"<p>Mod\u00e8le de lettre Demande de restitution de la garantie locative L\u2019\u00e9tat des lieux de sortie est termin\u00e9 et le logement a \u00e9t\u00e9 rendu en bon \u00e9tat, vous pouvez d\u00e9sormais r\u00e9cup\u00e9rer votre garantie locative. Voici un mod\u00e8le de lettre pour faire une demande claire et formelle aupr\u00e8s de votre propri\u00e9taire, de l\u2019agence ou de la banque, [&hellip;]<\/p>\n","protected":false},"author":1,"featured_media":0,"parent":18764,"menu_order":0,"comment_status":"closed","ping_status":"closed","template":"","meta":{"footnotes":""},"class_list":["post-18768","page","type-page","status-publish","hentry"],"yoast_head":"<!-- This site is optimized with the Yoast SEO plugin v27.3 - https:\/\/yoast.com\/product\/yoast-seo-wordpress\/ -->\n<title>Lettre de demande de restitution de la garantie locative<\/title>\n<meta name=\"description\" content=\"Consultez, copiez ou t\u00e9l\u00e9chargez notre mod\u00e8le de lettre personnalisable de demande de restitution de la garantie locative\" \/>\n<meta name=\"robots\" content=\"index, follow, max-snippet:-1, max-image-preview:large, max-video-preview:-1\" \/>\n<link rel=\"canonical\" href=\"https:\/\/garantie.be\/fr\/modeles-lettres-gestion-bail\/lettre-demande-restitution-garantie-locative\/\" \/>\n<meta property=\"og:locale\" content=\"fr_FR\" \/>\n<meta property=\"og:type\" content=\"article\" \/>\n<meta property=\"og:title\" content=\"Lettre de demande de restitution de la garantie locative\" \/>\n<meta property=\"og:description\" content=\"Consultez, copiez ou t\u00e9l\u00e9chargez notre mod\u00e8le de lettre personnalisable de demande de restitution de la garantie locative\" \/>\n<meta property=\"og:url\" content=\"https:\/\/garantie.be\/fr\/modeles-lettres-gestion-bail\/lettre-demande-restitution-garantie-locative\/\" \/>\n<meta property=\"og:site_name\" content=\"Garantie\" \/>\n<meta property=\"article:modified_time\" content=\"2025-10-10T07:51:53+00:00\" \/>\n<meta name=\"twitter:card\" content=\"summary_large_image\" \/>\n<meta name=\"twitter:label1\" content=\"Dur\u00e9e de lecture estim\u00e9e\" \/>\n\t<meta name=\"twitter:data1\" content=\"4 minutes\" \/>\n<script type=\"application\/ld+json\" class=\"yoast-schema-graph\">{\"@context\":\"https:\\\/\\\/schema.org\",\"@graph\":[{\"@type\":\"WebPage\",\"@id\":\"https:\\\/\\\/garantie.be\\\/fr\\\/modeles-lettres-gestion-bail\\\/lettre-demande-restitution-garantie-locative\\\/\",\"url\":\"https:\\\/\\\/garantie.be\\\/fr\\\/modeles-lettres-gestion-bail\\\/lettre-demande-restitution-garantie-locative\\\/\",\"name\":\"Lettre de demande de restitution de la garantie locative\",\"isPartOf\":{\"@id\":\"https:\\\/\\\/garantie.be\\\/fr\\\/#website\"},\"datePublished\":\"2025-10-07T08:25:34+00:00\",\"dateModified\":\"2025-10-10T07:51:53+00:00\",\"description\":\"Consultez, copiez ou t\u00e9l\u00e9chargez notre mod\u00e8le de lettre personnalisable de demande de restitution de la garantie locative\",\"breadcrumb\":{\"@id\":\"https:\\\/\\\/garantie.be\\\/fr\\\/modeles-lettres-gestion-bail\\\/lettre-demande-restitution-garantie-locative\\\/#breadcrumb\"},\"inLanguage\":\"fr-FR\",\"potentialAction\":[{\"@type\":\"ReadAction\",\"target\":[\"https:\\\/\\\/garantie.be\\\/fr\\\/modeles-lettres-gestion-bail\\\/lettre-demande-restitution-garantie-locative\\\/\"]}]},{\"@type\":\"BreadcrumbList\",\"@id\":\"https:\\\/\\\/garantie.be\\\/fr\\\/modeles-lettres-gestion-bail\\\/lettre-demande-restitution-garantie-locative\\\/#breadcrumb\",\"itemListElement\":[{\"@type\":\"ListItem\",\"position\":1,\"name\":\"Accueil\",\"item\":\"https:\\\/\\\/garantie.be\\\/fr\\\/\"},{\"@type\":\"ListItem\",\"position\":2,\"name\":\"Mod\u00e8les de lettres et outils pratique pour la gestion du logement\",\"item\":\"https:\\\/\\\/garantie.be\\\/fr\\\/modeles-lettres-gestion-bail\\\/\"},{\"@type\":\"ListItem\",\"position\":3,\"name\":\"Lettre de demande de restitution de la garantie locative\"}]},{\"@type\":\"WebSite\",\"@id\":\"https:\\\/\\\/garantie.be\\\/fr\\\/#website\",\"url\":\"https:\\\/\\\/garantie.be\\\/fr\\\/\",\"name\":\"Garantie\",\"description\":\"\",\"publisher\":{\"@id\":\"https:\\\/\\\/garantie.be\\\/fr\\\/#organization\"},\"potentialAction\":[{\"@type\":\"SearchAction\",\"target\":{\"@type\":\"EntryPoint\",\"urlTemplate\":\"https:\\\/\\\/garantie.be\\\/fr\\\/?s={search_term_string}\"},\"query-input\":{\"@type\":\"PropertyValueSpecification\",\"valueRequired\":true,\"valueName\":\"search_term_string\"}}],\"inLanguage\":\"fr-FR\"},{\"@type\":\"Organization\",\"@id\":\"https:\\\/\\\/garantie.be\\\/fr\\\/#organization\",\"name\":\"Garantie.be\",\"url\":\"https:\\\/\\\/garantie.be\\\/fr\\\/\",\"logo\":{\"@type\":\"ImageObject\",\"inLanguage\":\"fr-FR\",\"@id\":\"https:\\\/\\\/garantie.be\\\/fr\\\/#\\\/schema\\\/logo\\\/image\\\/\",\"url\":\"\",\"contentUrl\":\"\",\"caption\":\"Garantie.be\"},\"image\":{\"@id\":\"https:\\\/\\\/garantie.be\\\/fr\\\/#\\\/schema\\\/logo\\\/image\\\/\"}}]}<\/script>\n<!-- \/ Yoast SEO plugin. -->","yoast_head_json":{"title":"Lettre de demande de restitution de la garantie locative","description":"Consultez, copiez ou t\u00e9l\u00e9chargez notre mod\u00e8le de lettre personnalisable de demande de restitution de la garantie locative","robots":{"index":"index","follow":"follow","max-snippet":"max-snippet:-1","max-image-preview":"max-image-preview:large","max-video-preview":"max-video-preview:-1"},"canonical":"https:\/\/garantie.be\/fr\/modeles-lettres-gestion-bail\/lettre-demande-restitution-garantie-locative\/","og_locale":"fr_FR","og_type":"article","og_title":"Lettre de demande de restitution de la garantie locative","og_description":"Consultez, copiez ou t\u00e9l\u00e9chargez notre mod\u00e8le de lettre personnalisable de demande de restitution de la garantie locative","og_url":"https:\/\/garantie.be\/fr\/modeles-lettres-gestion-bail\/lettre-demande-restitution-garantie-locative\/","og_site_name":"Garantie","article_modified_time":"2025-10-10T07:51:53+00:00","twitter_card":"summary_large_image","twitter_misc":{"Dur\u00e9e de lecture estim\u00e9e":"4 minutes"},"schema":{"@context":"https:\/\/schema.org","@graph":[{"@type":"WebPage","@id":"https:\/\/garantie.be\/fr\/modeles-lettres-gestion-bail\/lettre-demande-restitution-garantie-locative\/","url":"https:\/\/garantie.be\/fr\/modeles-lettres-gestion-bail\/lettre-demande-restitution-garantie-locative\/","name":"Lettre de demande de restitution de la garantie locative","isPartOf":{"@id":"https:\/\/garantie.be\/fr\/#website"},"datePublished":"2025-10-07T08:25:34+00:00","dateModified":"2025-10-10T07:51:53+00:00","description":"Consultez, copiez ou t\u00e9l\u00e9chargez notre mod\u00e8le de lettre personnalisable de demande de restitution de la garantie locative","breadcrumb":{"@id":"https:\/\/garantie.be\/fr\/modeles-lettres-gestion-bail\/lettre-demande-restitution-garantie-locative\/#breadcrumb"},"inLanguage":"fr-FR","potentialAction":[{"@type":"ReadAction","target":["https:\/\/garantie.be\/fr\/modeles-lettres-gestion-bail\/lettre-demande-restitution-garantie-locative\/"]}]},{"@type":"BreadcrumbList","@id":"https:\/\/garantie.be\/fr\/modeles-lettres-gestion-bail\/lettre-demande-restitution-garantie-locative\/#breadcrumb","itemListElement":[{"@type":"ListItem","position":1,"name":"Accueil","item":"https:\/\/garantie.be\/fr\/"},{"@type":"ListItem","position":2,"name":"Mod\u00e8les de lettres et outils pratique pour la gestion du logement","item":"https:\/\/garantie.be\/fr\/modeles-lettres-gestion-bail\/"},{"@type":"ListItem","position":3,"name":"Lettre de demande de restitution de la garantie locative"}]},{"@type":"WebSite","@id":"https:\/\/garantie.be\/fr\/#website","url":"https:\/\/garantie.be\/fr\/","name":"Garantie","description":"","publisher":{"@id":"https:\/\/garantie.be\/fr\/#organization"},"potentialAction":[{"@type":"SearchAction","target":{"@type":"EntryPoint","urlTemplate":"https:\/\/garantie.be\/fr\/?s={search_term_string}"},"query-input":{"@type":"PropertyValueSpecification","valueRequired":true,"valueName":"search_term_string"}}],"inLanguage":"fr-FR"},{"@type":"Organization","@id":"https:\/\/garantie.be\/fr\/#organization","name":"Garantie.be","url":"https:\/\/garantie.be\/fr\/","logo":{"@type":"ImageObject","inLanguage":"fr-FR","@id":"https:\/\/garantie.be\/fr\/#\/schema\/logo\/image\/","url":"","contentUrl":"","caption":"Garantie.be"},"image":{"@id":"https:\/\/garantie.be\/fr\/#\/schema\/logo\/image\/"}}]}},"_links":{"self":[{"href":"https:\/\/garantie.be\/fr\/wp-json\/wp\/v2\/pages\/18768","targetHints":{"allow":["GET"]}}],"collection":[{"href":"https:\/\/garantie.be\/fr\/wp-json\/wp\/v2\/pages"}],"about":[{"href":"https:\/\/garantie.be\/fr\/wp-json\/wp\/v2\/types\/page"}],"author":[{"embeddable":true,"href":"https:\/\/garantie.be\/fr\/wp-json\/wp\/v2\/users\/1"}],"replies":[{"embeddable":true,"href":"https:\/\/garantie.be\/fr\/wp-json\/wp\/v2\/comments?post=18768"}],"version-history":[{"count":0,"href":"https:\/\/garantie.be\/fr\/wp-json\/wp\/v2\/pages\/18768\/revisions"}],"up":[{"embeddable":true,"href":"https:\/\/garantie.be\/fr\/wp-json\/wp\/v2\/pages\/18764"}],"wp:attachment":[{"href":"https:\/\/garantie.be\/fr\/wp-json\/wp\/v2\/media?parent=18768"}],"curies":[{"name":"wp","href":"https:\/\/api.w.org\/{rel}","templated":true}]}}