{"id":18867,"date":"2025-10-07T14:48:33","date_gmt":"2025-10-07T12:48:33","guid":{"rendered":"https:\/\/garantie.be\/?page_id=18867"},"modified":"2025-10-10T09:52:37","modified_gmt":"2025-10-10T07:52:37","slug":"check-list-controle-visite-logement","status":"publish","type":"page","link":"https:\/\/garantie.be\/fr\/modeles-lettres-gestion-bail\/check-list-controle-visite-logement\/","title":{"rendered":"Mod\u00e8le de Check-list pour la visite du logement \u00e0 louer"},"content":{"rendered":"\t\t<div data-elementor-type=\"wp-page\" data-elementor-id=\"18867\" class=\"elementor elementor-18867\" data-elementor-post-type=\"page\">\n\t\t\t\t\t\t<section class=\"elementor-section elementor-top-section elementor-element elementor-element-123f5c3b elementor-section-boxed elementor-section-height-default elementor-section-height-default\" data-id=\"123f5c3b\" data-element_type=\"section\" data-e-type=\"section\">\n\t\t\t\t\t\t<div class=\"elementor-container elementor-column-gap-default\">\n\t\t\t\t\t<div class=\"elementor-column elementor-col-100 elementor-top-column elementor-element elementor-element-61e9bd82\" data-id=\"61e9bd82\" data-element_type=\"column\" data-e-type=\"column\">\n\t\t\t<div class=\"elementor-widget-wrap elementor-element-populated\">\n\t\t\t\t\t\t<div class=\"elementor-element elementor-element-36211f03 elementor-widget elementor-widget-spacer\" data-id=\"36211f03\" data-element_type=\"widget\" data-e-type=\"widget\" data-widget_type=\"spacer.default\">\n\t\t\t\t<div class=\"elementor-widget-container\">\n\t\t\t\t\t\t\t<div class=\"elementor-spacer\">\n\t\t\t<div class=\"elementor-spacer-inner\"><\/div>\n\t\t<\/div>\n\t\t\t\t\t\t<\/div>\n\t\t\t\t<\/div>\n\t\t\t\t<div class=\"elementor-element elementor-element-4fec0c2c elementor-widget elementor-widget-heading\" data-id=\"4fec0c2c\" data-element_type=\"widget\" data-e-type=\"widget\" data-widget_type=\"heading.default\">\n\t\t\t\t<div class=\"elementor-widget-container\">\n\t\t\t\t\t<h1 class=\"elementor-heading-title elementor-size-default\">Liste de points \u00e0 contr\u00f4ler<br>\n<b>Visite d'un bien en location<\/b><\/h1>\t\t\t\t<\/div>\n\t\t\t\t<\/div>\n\t\t\t\t<div class=\"elementor-element elementor-element-225957dd elementor-widget elementor-widget-spacer\" data-id=\"225957dd\" data-element_type=\"widget\" data-e-type=\"widget\" data-widget_type=\"spacer.default\">\n\t\t\t\t<div class=\"elementor-widget-container\">\n\t\t\t\t\t\t\t<div class=\"elementor-spacer\">\n\t\t\t<div class=\"elementor-spacer-inner\"><\/div>\n\t\t<\/div>\n\t\t\t\t\t\t<\/div>\n\t\t\t\t<\/div>\n\t\t\t\t<div class=\"elementor-element elementor-element-7d4abd27 elementor-widget elementor-widget-text-editor\" data-id=\"7d4abd27\" data-element_type=\"widget\" data-e-type=\"widget\" data-widget_type=\"text-editor.default\">\n\t\t\t\t<div class=\"elementor-widget-container\">\n\t\t\t\t\t\t\t\t\t<p>Avant de signer un bail de location en Belgique, il est essentiel de v\u00e9rifier que le logement est conforme, s\u00fbr et confortable. Cette check-list vous aide \u00e0 contr\u00f4ler tous les points importants lors de votre visite, afin d\u2019\u00e9viter les mauvaises surprises apr\u00e8s l\u2019emm\u00e9nagement.<\/p>\t\t\t\t\t\t\t\t<\/div>\n\t\t\t\t<\/div>\n\t\t\t\t<div class=\"elementor-element elementor-element-427aae14 elementor-widget elementor-widget-text-editor\" data-id=\"427aae14\" data-element_type=\"widget\" data-e-type=\"widget\" data-widget_type=\"text-editor.default\">\n\t\t\t\t<div class=\"elementor-widget-container\">\n\t\t\t\t\t\t\t\t\t<ul><li><strong>Quand l\u2019utiliser<\/strong> : Avant de signer un bail, lors de la visite du logement.<\/li><li><strong>Type de document<\/strong> : Liste de points \u00e0 controler (Word \/ PDF)<\/li><li><strong>Utilisateurs<\/strong> : Locataires, \u00e9tudiants, colocataires, familles.<\/li><li><strong>Applicable<\/strong> \u00e0 : Bruxelles \u2013 Flandre \u2013 Wallonie<\/li><li><strong>Objectif<\/strong> : V\u00e9rifier la conformit\u00e9, l\u2019\u00e9tat g\u00e9n\u00e9ral et les \u00e9quipements.<\/li><\/ul>\t\t\t\t\t\t\t\t<\/div>\n\t\t\t\t<\/div>\n\t\t\t\t<div class=\"elementor-element elementor-element-119e57e4 elementor-widget elementor-widget-spacer\" data-id=\"119e57e4\" data-element_type=\"widget\" data-e-type=\"widget\" data-widget_type=\"spacer.default\">\n\t\t\t\t<div class=\"elementor-widget-container\">\n\t\t\t\t\t\t\t<div class=\"elementor-spacer\">\n\t\t\t<div class=\"elementor-spacer-inner\"><\/div>\n\t\t<\/div>\n\t\t\t\t\t\t<\/div>\n\t\t\t\t<\/div>\n\t\t\t\t<div class=\"elementor-element elementor-element-4353d517 elementor-widget elementor-widget-heading\" data-id=\"4353d517\" data-element_type=\"widget\" data-e-type=\"widget\" data-widget_type=\"heading.default\">\n\t\t\t\t<div class=\"elementor-widget-container\">\n\t\t\t\t\t<h2 class=\"elementor-heading-title elementor-size-default\">Exemple de liste de points \u00e0 compl\u00e9ter ou \u00e0 t\u00e9l\u00e9charger<\/h2>\t\t\t\t<\/div>\n\t\t\t\t<\/div>\n\t\t\t\t<div class=\"elementor-element elementor-element-23e52d7d elementor-widget elementor-widget-text-editor\" data-id=\"23e52d7d\" data-element_type=\"widget\" data-e-type=\"widget\" data-widget_type=\"text-editor.default\">\n\t\t\t\t<div class=\"elementor-widget-container\">\n\t\t\t\t\t\t\t\t\t<p>Cochez les \u00e9l\u00e9ments au fur et \u00e0 mesure de votre visite.\u00a0Si un point est non conforme ou absent, notez-le dans la colonne \u201cObservations\u201d.<\/p><p><strong>Deux versions de cette liste de contr\u00f4le sont t\u00e9l\u00e9chargeables<\/strong> en format Word et en format PDF plus bas dans cette page \u2b07\ufe0f\u00a0<\/p>\t\t\t\t\t\t\t\t<\/div>\n\t\t\t\t<\/div>\n\t\t\t\t<div class=\"elementor-element elementor-element-165700bc elementor-widget elementor-widget-text-editor\" data-id=\"165700bc\" data-element_type=\"widget\" data-e-type=\"widget\" data-widget_type=\"text-editor.default\">\n\t\t\t\t<div class=\"elementor-widget-container\">\n\t\t\t\t\t\t\t\t\t<table><thead><tr><th>Cat\u00e9gorie<\/th><th>\u00c9l\u00e9ments \u00e0 v\u00e9rifier<\/th><th>Oui<\/th><th>Non<\/th><th>Observations<\/th><\/tr><\/thead><tbody><tr><td><strong>Structure &amp; s\u00e9curit\u00e9<\/strong><\/td><td>Murs, sols, plafonds en bon \u00e9tat (pas d\u2019humidit\u00e9, fissures importantes).<\/td><td>\u2610<\/td><td>\u2610<\/td><td>\u00a0<\/td><\/tr><tr><td>\u00a0<\/td><td>Escaliers stables, garde-corps s\u00e9curis\u00e9s.<\/td><td>\u2610<\/td><td>\u2610<\/td><td>\u00a0<\/td><\/tr><tr><td>\u00a0<\/td><td>Portes et fen\u00eatres ferment correctement.<\/td><td>\u2610<\/td><td>\u2610<\/td><td>\u00a0<\/td><\/tr><tr><td>\u00a0<\/td><td>Serrures fonctionnelles et cl\u00e9s disponibles.<\/td><td>\u2610<\/td><td>\u2610<\/td><td>\u00a0<\/td><\/tr><tr><td><strong>\u00c9lectricit\u00e9 &amp; gaz<\/strong><\/td><td>Prises et interrupteurs en bon \u00e9tat.<\/td><td>\u2610<\/td><td>\u2610<\/td><td>\u00a0<\/td><\/tr><tr><td>\u00a0<\/td><td>Certificat de conformit\u00e9 \u00e9lectrique fourni.<\/td><td>\u2610<\/td><td>\u2610<\/td><td>\u00a0<\/td><\/tr><tr><td>\u00a0<\/td><td>Chauffage et chaudi\u00e8re fonctionnels.<\/td><td>\u2610<\/td><td>\u2610<\/td><td>\u00a0<\/td><\/tr><tr><td>\u00a0<\/td><td>A\u00e9ration suffisante autour des appareils au gaz.<\/td><td>\u2610<\/td><td>\u2610<\/td><td>\u00a0<\/td><\/tr><tr><td><strong>Eau &amp; hygi\u00e8ne<\/strong><\/td><td>Eau potable (pression correcte, eau claire).<\/td><td>\u2610<\/td><td>\u2610<\/td><td>\u00a0<\/td><\/tr><tr><td>\u00a0<\/td><td>Eau chaude disponible.<\/td><td>\u2610<\/td><td>\u2610<\/td><td>\u00a0<\/td><\/tr><tr><td>\u00a0<\/td><td>Salle de bain compl\u00e8te (lavabo, douche\/baignoire).<\/td><td>\u2610<\/td><td>\u2610<\/td><td>\u00a0<\/td><\/tr><tr><td>\u00a0<\/td><td>WC propre et fonctionnel.<\/td><td>\u2610<\/td><td>\u2610<\/td><td>\u00a0<\/td><\/tr><tr><td><strong>A\u00e9ration &amp; isolation<\/strong><\/td><td>Pr\u00e9sence d\u2019ouvertures (fen\u00eatres, ventilation).<\/td><td>\u2610<\/td><td>\u2610<\/td><td>\u00a0<\/td><\/tr><tr><td>\u00a0<\/td><td>Absence d\u2019humidit\u00e9 ou de moisissures visibles.<\/td><td>\u2610<\/td><td>\u2610<\/td><td>\u00a0<\/td><\/tr><tr><td>\u00a0<\/td><td>Isolation correcte (fen\u00eatres double vitrage, joints \u00e9tanches).<\/td><td>\u2610<\/td><td>\u2610<\/td><td>\u00a0<\/td><\/tr><tr><td><strong>Cuisine &amp; \u00e9quipements<\/strong><\/td><td>\u00c9vier avec eau courante et \u00e9vacuation.<\/td><td>\u2610<\/td><td>\u2610<\/td><td>\u00a0<\/td><\/tr><tr><td>\u00a0<\/td><td>Espace pour plaque de cuisson \/ frigo.<\/td><td>\u2610<\/td><td>\u2610<\/td><td>\u00a0<\/td><\/tr><tr><td>\u00a0<\/td><td>Hotte ou a\u00e9ration fonctionnelle.<\/td><td>\u2610<\/td><td>\u2610<\/td><td>\u00a0<\/td><\/tr><tr><td><strong>Confort &amp; s\u00e9curit\u00e9<\/strong><\/td><td>Pr\u00e9sence d\u2019un d\u00e9tecteur de fum\u00e9e.<\/td><td>\u2610<\/td><td>\u2610<\/td><td>\u00a0<\/td><\/tr><tr><td>\u00a0<\/td><td>Pr\u00e9sence d\u2019un syst\u00e8me de chauffage suffisant.<\/td><td>\u2610<\/td><td>\u2610<\/td><td>\u00a0<\/td><\/tr><tr><td>\u00a0<\/td><td>\u00c9clairage suffisant dans chaque pi\u00e8ce.<\/td><td>\u2610<\/td><td>\u2610<\/td><td>\u00a0<\/td><\/tr><tr><td><strong>Documents \u00e0 demander<\/strong><\/td><td>Certificat PEB (performance \u00e9nerg\u00e9tique).<\/td><td>\u2610<\/td><td>\u2610<\/td><td>\u00a0<\/td><\/tr><tr><td>\u00a0<\/td><td>Attestation \u00e9lectricit\u00e9 \/ gaz.<\/td><td>\u2610<\/td><td>\u2610<\/td><td>\u00a0<\/td><\/tr><tr><td>\u00a0<\/td><td>Copie du r\u00e8glement de copropri\u00e9t\u00e9 (si applicable).<\/td><td>\u2610<\/td><td>\u2610<\/td><td>\u00a0<\/td><\/tr><tr><td>\u00a0<\/td><td>Dernier d\u00e9compte de charges (si location d\u2019un appartement).<\/td><td>\u2610<\/td><td>\u2610<\/td><td>\u00a0<\/td><\/tr><\/tbody><\/table>\t\t\t\t\t\t\t\t<\/div>\n\t\t\t\t<\/div>\n\t\t\t\t\t<\/div>\n\t\t<\/div>\n\t\t\t\t\t<\/div>\n\t\t<\/section>\n\t\t\t\t<section class=\"elementor-section elementor-top-section elementor-element elementor-element-29d1d86f elementor-section-content-middle elementor-section-height-min-height elementor-section-items-stretch elementor-section-boxed elementor-section-height-default\" data-id=\"29d1d86f\" data-element_type=\"section\" data-e-type=\"section\">\n\t\t\t\t\t\t<div class=\"elementor-container elementor-column-gap-no\">\n\t\t\t\t\t<div class=\"elementor-column elementor-col-100 elementor-top-column elementor-element elementor-element-47c883e6\" data-id=\"47c883e6\" data-element_type=\"column\" data-e-type=\"column\" data-settings=\"{&quot;background_background&quot;:&quot;classic&quot;}\">\n\t\t\t<div class=\"elementor-widget-wrap elementor-element-populated\">\n\t\t\t\t\t\t<div class=\"elementor-element elementor-element-34733dfa elementor-widget elementor-widget-text-editor\" data-id=\"34733dfa\" data-element_type=\"widget\" data-e-type=\"widget\" data-widget_type=\"text-editor.default\">\n\t\t\t\t<div class=\"elementor-widget-container\">\n\t\t\t\t\t\t\t\t\t<p>Compl\u00e9tez notre formulaire pour obtenir une <a href=\"https:\/\/garantie.be\/fr\/garantie-locative-en-ligne\/\">garantie locative en ligne<\/a> en quelques heures.\u00a0Vous ne bloquez pas d\u2019argent car nous fonctionnons comme une garantie bancaire<\/p>\t\t\t\t\t\t\t\t<\/div>\n\t\t\t\t<\/div>\n\t\t\t\t<div class=\"elementor-element elementor-element-240cb541 elementor-mobile-align-center elementor-align-center elementor-widget elementor-widget-button\" data-id=\"240cb541\" data-element_type=\"widget\" data-e-type=\"widget\" data-widget_type=\"button.default\">\n\t\t\t\t<div class=\"elementor-widget-container\">\n\t\t\t\t\t\t\t\t\t<div class=\"elementor-button-wrapper\">\n\t\t\t\t\t<a class=\"elementor-button elementor-button-link elementor-size-sm\" href=\"https:\/\/account.garantie.be\/fr\/register\/lease\">\n\t\t\t\t\t\t<span class=\"elementor-button-content-wrapper\">\n\t\t\t\t\t\t\t\t\t<span class=\"elementor-button-text\">Formulaire garantie locative 100% en ligne<\/span>\n\t\t\t\t\t<\/span>\n\t\t\t\t\t<\/a>\n\t\t\t\t<\/div>\n\t\t\t\t\t\t\t\t<\/div>\n\t\t\t\t<\/div>\n\t\t\t\t\t<\/div>\n\t\t<\/div>\n\t\t\t\t\t<\/div>\n\t\t<\/section>\n\t\t\t\t<section class=\"elementor-section elementor-top-section elementor-element elementor-element-9e561b7 elementor-section-boxed elementor-section-height-default elementor-section-height-default\" data-id=\"9e561b7\" data-element_type=\"section\" data-e-type=\"section\">\n\t\t\t\t\t\t<div class=\"elementor-container elementor-column-gap-default\">\n\t\t\t\t\t<div class=\"elementor-column elementor-col-100 elementor-top-column elementor-element elementor-element-2bfad6e\" data-id=\"2bfad6e\" data-element_type=\"column\" data-e-type=\"column\">\n\t\t\t<div class=\"elementor-widget-wrap elementor-element-populated\">\n\t\t\t\t\t\t<div class=\"elementor-element elementor-element-1794b2a elementor-widget elementor-widget-spacer\" data-id=\"1794b2a\" data-element_type=\"widget\" data-e-type=\"widget\" data-widget_type=\"spacer.default\">\n\t\t\t\t<div class=\"elementor-widget-container\">\n\t\t\t\t\t\t\t<div class=\"elementor-spacer\">\n\t\t\t<div class=\"elementor-spacer-inner\"><\/div>\n\t\t<\/div>\n\t\t\t\t\t\t<\/div>\n\t\t\t\t<\/div>\n\t\t\t\t<div class=\"elementor-element elementor-element-ca2c5bb elementor-widget elementor-widget-heading\" data-id=\"ca2c5bb\" data-element_type=\"widget\" data-e-type=\"widget\" data-widget_type=\"heading.default\">\n\t\t\t\t<div class=\"elementor-widget-container\">\n\t\t\t\t\t<h3 class=\"elementor-heading-title elementor-size-default\">T\u00e9l\u00e9chargements en format Word ou PDF<\/h3>\t\t\t\t<\/div>\n\t\t\t\t<\/div>\n\t\t\t\t<div class=\"elementor-element elementor-element-230a25a elementor-widget elementor-widget-text-editor\" data-id=\"230a25a\" data-element_type=\"widget\" data-e-type=\"widget\" data-widget_type=\"text-editor.default\">\n\t\t\t\t<div class=\"elementor-widget-container\">\n\t\t\t\t\t\t\t\t\t<p>\u2b07\ufe0f T\u00e9l\u00e9charger la <a href=\"https:\/\/garantie.be\/wp-content\/uploads\/2025\/10\/Check-list-Visite-du-logement-avant-signature.docx\">Check-list de visite d&rsquo;un bien \u00e0 louer au format Word<\/a> (.docx)<\/p><p>\u2b07\ufe0f T\u00e9l\u00e9charger la <a href=\"https:\/\/garantie.be\/wp-content\/uploads\/2025\/10\/Check-list-de-visite-du-logement-a-louer.pdf\">Check-list des points de contr\u00f4le d&rsquo;un bien \u00e0 louer au format PDF<\/a> (.pdf)<\/p>\t\t\t\t\t\t\t\t<\/div>\n\t\t\t\t<\/div>\n\t\t\t\t<div class=\"elementor-element elementor-element-cc3d0c4 elementor-widget elementor-widget-heading\" data-id=\"cc3d0c4\" data-element_type=\"widget\" data-e-type=\"widget\" data-widget_type=\"heading.default\">\n\t\t\t\t<div class=\"elementor-widget-container\">\n\t\t\t\t\t<h2 class=\"elementor-heading-title elementor-size-default\">Conseils pour bien utiliser cette check-list<\/h2>\t\t\t\t<\/div>\n\t\t\t\t<\/div>\n\t\t\t\t<div class=\"elementor-element elementor-element-4d682f4 elementor-widget elementor-widget-text-editor\" data-id=\"4d682f4\" data-element_type=\"widget\" data-e-type=\"widget\" data-widget_type=\"text-editor.default\">\n\t\t\t\t<div class=\"elementor-widget-container\">\n\t\t\t\t\t\t\t\t\t<ul><li><strong>Imprimez<\/strong> la check-list avant la visite et remplissez-la sur place.<\/li><li><strong>Prenez des photos<\/strong> des points \u00e0 surveiller (humidit\u00e9, fissures, installations).<\/li><li>Si le propri\u00e9taire ne fournit pas certains documents (PEB, \u00e9lectricit\u00e9), <strong>demandez les avant la signature du bail<\/strong>.<\/li><li>Conservez la check-list sign\u00e9e ou dat\u00e9e : elle pourra servir de <strong>preuve en cas de litige<\/strong>.<\/li><\/ul><p>\u00a0<\/p><p><strong><em>Bon \u00e0 savoir<\/em><\/strong> : Vous pouvez aussi envoyer cette check-list au propri\u00e9taire avec votre demande de documents obligatoires.<\/p>\t\t\t\t\t\t\t\t<\/div>\n\t\t\t\t<\/div>\n\t\t\t\t\t<\/div>\n\t\t<\/div>\n\t\t\t\t\t<\/div>\n\t\t<\/section>\n\t\t\t\t<section class=\"elementor-section elementor-top-section elementor-element elementor-element-7f255b9e elementor-section-boxed elementor-section-height-default elementor-section-height-default\" data-id=\"7f255b9e\" data-element_type=\"section\" data-e-type=\"section\">\n\t\t\t\t\t\t<div class=\"elementor-container elementor-column-gap-default\">\n\t\t\t\t\t<div class=\"elementor-column elementor-col-100 elementor-top-column elementor-element elementor-element-50ea6d1c\" data-id=\"50ea6d1c\" data-element_type=\"column\" data-e-type=\"column\">\n\t\t\t<div class=\"elementor-widget-wrap elementor-element-populated\">\n\t\t\t\t\t\t<div class=\"elementor-element elementor-element-2942852f elementor-widget elementor-widget-spacer\" data-id=\"2942852f\" data-element_type=\"widget\" data-e-type=\"widget\" data-widget_type=\"spacer.default\">\n\t\t\t\t<div class=\"elementor-widget-container\">\n\t\t\t\t\t\t\t<div class=\"elementor-spacer\">\n\t\t\t<div class=\"elementor-spacer-inner\"><\/div>\n\t\t<\/div>\n\t\t\t\t\t\t<\/div>\n\t\t\t\t<\/div>\n\t\t\t\t<div class=\"elementor-element elementor-element-5bb41091 elementor-widget elementor-widget-heading\" data-id=\"5bb41091\" data-element_type=\"widget\" data-e-type=\"widget\" data-widget_type=\"heading.default\">\n\t\t\t\t<div class=\"elementor-widget-container\">\n\t\t\t\t\t<h2 class=\"elementor-heading-title elementor-size-default\">Autres mod\u00e8les de lettres utiles<\/h2>\t\t\t\t<\/div>\n\t\t\t\t<\/div>\n\t\t\t\t<div class=\"elementor-element elementor-element-4aaf80e6 elementor-widget elementor-widget-text-editor\" data-id=\"4aaf80e6\" data-element_type=\"widget\" data-e-type=\"widget\" data-widget_type=\"text-editor.default\">\n\t\t\t\t<div class=\"elementor-widget-container\">\n\t\t\t\t\t\t\t\t\t<ul><li>Lettre de demande de documents avant signature<\/li><li>Contrat de bail type (r\u00e9sidence principale)<\/li><li>Proc\u00e8s-verbal d\u2019\u00e9tat des lieux (vierge)<\/li><\/ul>\t\t\t\t\t\t\t\t<\/div>\n\t\t\t\t<\/div>\n\t\t\t\t\t<\/div>\n\t\t<\/div>\n\t\t\t\t\t<\/div>\n\t\t<\/section>\n\t\t\t\t<\/div>\n\t\t","protected":false},"excerpt":{"rendered":"<p>Liste de points \u00e0 contr\u00f4ler Visite d&rsquo;un bien en location Avant de signer un bail de location en Belgique, il est essentiel de v\u00e9rifier que le logement est conforme, s\u00fbr et confortable. Cette check-list vous aide \u00e0 contr\u00f4ler tous les points importants lors de votre visite, afin d\u2019\u00e9viter les mauvaises surprises apr\u00e8s l\u2019emm\u00e9nagement. Quand l\u2019utiliser [&hellip;]<\/p>\n","protected":false},"author":1,"featured_media":0,"parent":18764,"menu_order":0,"comment_status":"closed","ping_status":"closed","template":"","meta":{"footnotes":""},"class_list":["post-18867","page","type-page","status-publish","hentry"],"yoast_head":"<!-- This site is optimized with the Yoast SEO plugin v27.3 - https:\/\/yoast.com\/product\/yoast-seo-wordpress\/ -->\n<title>Mod\u00e8le de Check-list pour la visite du logement \u00e0 louer<\/title>\n<meta name=\"description\" content=\"Imprimez ou t\u00e9l\u00e9chargez un mod\u00e8le de liste de points \u00e0 v\u00e9rifier lors de la visite d&#039;une logement en location en Belgique\" \/>\n<meta name=\"robots\" content=\"index, follow, max-snippet:-1, max-image-preview:large, max-video-preview:-1\" \/>\n<link rel=\"canonical\" href=\"https:\/\/garantie.be\/fr\/modeles-lettres-gestion-bail\/check-list-controle-visite-logement\/\" \/>\n<meta property=\"og:locale\" content=\"fr_FR\" \/>\n<meta property=\"og:type\" content=\"article\" \/>\n<meta property=\"og:title\" content=\"Mod\u00e8le de Check-list pour la visite du logement \u00e0 louer\" \/>\n<meta property=\"og:description\" content=\"Imprimez ou t\u00e9l\u00e9chargez un mod\u00e8le de liste de points \u00e0 v\u00e9rifier lors de la visite d&#039;une logement en location en Belgique\" \/>\n<meta property=\"og:url\" content=\"https:\/\/garantie.be\/fr\/modeles-lettres-gestion-bail\/check-list-controle-visite-logement\/\" \/>\n<meta property=\"og:site_name\" content=\"Garantie\" \/>\n<meta property=\"article:modified_time\" content=\"2025-10-10T07:52:37+00:00\" \/>\n<meta name=\"twitter:card\" content=\"summary_large_image\" \/>\n<meta name=\"twitter:label1\" content=\"Dur\u00e9e de lecture estim\u00e9e\" \/>\n\t<meta name=\"twitter:data1\" content=\"4 minutes\" \/>\n<script type=\"application\/ld+json\" class=\"yoast-schema-graph\">{\"@context\":\"https:\\\/\\\/schema.org\",\"@graph\":[{\"@type\":\"WebPage\",\"@id\":\"https:\\\/\\\/garantie.be\\\/fr\\\/modeles-lettres-gestion-bail\\\/check-list-controle-visite-logement\\\/\",\"url\":\"https:\\\/\\\/garantie.be\\\/fr\\\/modeles-lettres-gestion-bail\\\/check-list-controle-visite-logement\\\/\",\"name\":\"Mod\u00e8le de Check-list pour la visite du logement \u00e0 louer\",\"isPartOf\":{\"@id\":\"https:\\\/\\\/garantie.be\\\/fr\\\/#website\"},\"datePublished\":\"2025-10-07T12:48:33+00:00\",\"dateModified\":\"2025-10-10T07:52:37+00:00\",\"description\":\"Imprimez ou t\u00e9l\u00e9chargez un mod\u00e8le de liste de points \u00e0 v\u00e9rifier lors de la visite d'une logement en location en Belgique\",\"breadcrumb\":{\"@id\":\"https:\\\/\\\/garantie.be\\\/fr\\\/modeles-lettres-gestion-bail\\\/check-list-controle-visite-logement\\\/#breadcrumb\"},\"inLanguage\":\"fr-FR\",\"potentialAction\":[{\"@type\":\"ReadAction\",\"target\":[\"https:\\\/\\\/garantie.be\\\/fr\\\/modeles-lettres-gestion-bail\\\/check-list-controle-visite-logement\\\/\"]}]},{\"@type\":\"BreadcrumbList\",\"@id\":\"https:\\\/\\\/garantie.be\\\/fr\\\/modeles-lettres-gestion-bail\\\/check-list-controle-visite-logement\\\/#breadcrumb\",\"itemListElement\":[{\"@type\":\"ListItem\",\"position\":1,\"name\":\"Accueil\",\"item\":\"https:\\\/\\\/garantie.be\\\/fr\\\/\"},{\"@type\":\"ListItem\",\"position\":2,\"name\":\"Mod\u00e8les de lettres et outils pratique pour la gestion du logement\",\"item\":\"https:\\\/\\\/garantie.be\\\/fr\\\/modeles-lettres-gestion-bail\\\/\"},{\"@type\":\"ListItem\",\"position\":3,\"name\":\"Mod\u00e8le de Check-list pour la visite du logement \u00e0 louer\"}]},{\"@type\":\"WebSite\",\"@id\":\"https:\\\/\\\/garantie.be\\\/fr\\\/#website\",\"url\":\"https:\\\/\\\/garantie.be\\\/fr\\\/\",\"name\":\"Garantie\",\"description\":\"\",\"publisher\":{\"@id\":\"https:\\\/\\\/garantie.be\\\/fr\\\/#organization\"},\"potentialAction\":[{\"@type\":\"SearchAction\",\"target\":{\"@type\":\"EntryPoint\",\"urlTemplate\":\"https:\\\/\\\/garantie.be\\\/fr\\\/?s={search_term_string}\"},\"query-input\":{\"@type\":\"PropertyValueSpecification\",\"valueRequired\":true,\"valueName\":\"search_term_string\"}}],\"inLanguage\":\"fr-FR\"},{\"@type\":\"Organization\",\"@id\":\"https:\\\/\\\/garantie.be\\\/fr\\\/#organization\",\"name\":\"Garantie.be\",\"url\":\"https:\\\/\\\/garantie.be\\\/fr\\\/\",\"logo\":{\"@type\":\"ImageObject\",\"inLanguage\":\"fr-FR\",\"@id\":\"https:\\\/\\\/garantie.be\\\/fr\\\/#\\\/schema\\\/logo\\\/image\\\/\",\"url\":\"\",\"contentUrl\":\"\",\"caption\":\"Garantie.be\"},\"image\":{\"@id\":\"https:\\\/\\\/garantie.be\\\/fr\\\/#\\\/schema\\\/logo\\\/image\\\/\"}}]}<\/script>\n<!-- \/ Yoast SEO plugin. -->","yoast_head_json":{"title":"Mod\u00e8le de Check-list pour la visite du logement \u00e0 louer","description":"Imprimez ou t\u00e9l\u00e9chargez un mod\u00e8le de liste de points \u00e0 v\u00e9rifier lors de la visite d'une logement en location en Belgique","robots":{"index":"index","follow":"follow","max-snippet":"max-snippet:-1","max-image-preview":"max-image-preview:large","max-video-preview":"max-video-preview:-1"},"canonical":"https:\/\/garantie.be\/fr\/modeles-lettres-gestion-bail\/check-list-controle-visite-logement\/","og_locale":"fr_FR","og_type":"article","og_title":"Mod\u00e8le de Check-list pour la visite du logement \u00e0 louer","og_description":"Imprimez ou t\u00e9l\u00e9chargez un mod\u00e8le de liste de points \u00e0 v\u00e9rifier lors de la visite d'une logement en location en Belgique","og_url":"https:\/\/garantie.be\/fr\/modeles-lettres-gestion-bail\/check-list-controle-visite-logement\/","og_site_name":"Garantie","article_modified_time":"2025-10-10T07:52:37+00:00","twitter_card":"summary_large_image","twitter_misc":{"Dur\u00e9e de lecture estim\u00e9e":"4 minutes"},"schema":{"@context":"https:\/\/schema.org","@graph":[{"@type":"WebPage","@id":"https:\/\/garantie.be\/fr\/modeles-lettres-gestion-bail\/check-list-controle-visite-logement\/","url":"https:\/\/garantie.be\/fr\/modeles-lettres-gestion-bail\/check-list-controle-visite-logement\/","name":"Mod\u00e8le de Check-list pour la visite du logement \u00e0 louer","isPartOf":{"@id":"https:\/\/garantie.be\/fr\/#website"},"datePublished":"2025-10-07T12:48:33+00:00","dateModified":"2025-10-10T07:52:37+00:00","description":"Imprimez ou t\u00e9l\u00e9chargez un mod\u00e8le de liste de points \u00e0 v\u00e9rifier lors de la visite d'une logement en location en Belgique","breadcrumb":{"@id":"https:\/\/garantie.be\/fr\/modeles-lettres-gestion-bail\/check-list-controle-visite-logement\/#breadcrumb"},"inLanguage":"fr-FR","potentialAction":[{"@type":"ReadAction","target":["https:\/\/garantie.be\/fr\/modeles-lettres-gestion-bail\/check-list-controle-visite-logement\/"]}]},{"@type":"BreadcrumbList","@id":"https:\/\/garantie.be\/fr\/modeles-lettres-gestion-bail\/check-list-controle-visite-logement\/#breadcrumb","itemListElement":[{"@type":"ListItem","position":1,"name":"Accueil","item":"https:\/\/garantie.be\/fr\/"},{"@type":"ListItem","position":2,"name":"Mod\u00e8les de lettres et outils pratique pour la gestion du logement","item":"https:\/\/garantie.be\/fr\/modeles-lettres-gestion-bail\/"},{"@type":"ListItem","position":3,"name":"Mod\u00e8le de Check-list pour la visite du logement \u00e0 louer"}]},{"@type":"WebSite","@id":"https:\/\/garantie.be\/fr\/#website","url":"https:\/\/garantie.be\/fr\/","name":"Garantie","description":"","publisher":{"@id":"https:\/\/garantie.be\/fr\/#organization"},"potentialAction":[{"@type":"SearchAction","target":{"@type":"EntryPoint","urlTemplate":"https:\/\/garantie.be\/fr\/?s={search_term_string}"},"query-input":{"@type":"PropertyValueSpecification","valueRequired":true,"valueName":"search_term_string"}}],"inLanguage":"fr-FR"},{"@type":"Organization","@id":"https:\/\/garantie.be\/fr\/#organization","name":"Garantie.be","url":"https:\/\/garantie.be\/fr\/","logo":{"@type":"ImageObject","inLanguage":"fr-FR","@id":"https:\/\/garantie.be\/fr\/#\/schema\/logo\/image\/","url":"","contentUrl":"","caption":"Garantie.be"},"image":{"@id":"https:\/\/garantie.be\/fr\/#\/schema\/logo\/image\/"}}]}},"_links":{"self":[{"href":"https:\/\/garantie.be\/fr\/wp-json\/wp\/v2\/pages\/18867","targetHints":{"allow":["GET"]}}],"collection":[{"href":"https:\/\/garantie.be\/fr\/wp-json\/wp\/v2\/pages"}],"about":[{"href":"https:\/\/garantie.be\/fr\/wp-json\/wp\/v2\/types\/page"}],"author":[{"embeddable":true,"href":"https:\/\/garantie.be\/fr\/wp-json\/wp\/v2\/users\/1"}],"replies":[{"embeddable":true,"href":"https:\/\/garantie.be\/fr\/wp-json\/wp\/v2\/comments?post=18867"}],"version-history":[{"count":0,"href":"https:\/\/garantie.be\/fr\/wp-json\/wp\/v2\/pages\/18867\/revisions"}],"up":[{"embeddable":true,"href":"https:\/\/garantie.be\/fr\/wp-json\/wp\/v2\/pages\/18764"}],"wp:attachment":[{"href":"https:\/\/garantie.be\/fr\/wp-json\/wp\/v2\/media?parent=18867"}],"curies":[{"name":"wp","href":"https:\/\/api.w.org\/{rel}","templated":true}]}}