{"id":18996,"date":"2025-10-08T18:00:35","date_gmt":"2025-10-08T16:00:35","guid":{"rendered":"https:\/\/garantie.be\/?page_id=18996"},"modified":"2026-01-19T09:14:54","modified_gmt":"2026-01-19T08:14:54","slug":"lettre-resiliation-bail-longue-duree","status":"publish","type":"page","link":"https:\/\/garantie.be\/fr\/modeles-lettres-gestion-bail\/lettre-resiliation-bail-longue-duree\/","title":{"rendered":"Lettre de renon du bail longue dur\u00e9e gratuite"},"content":{"rendered":"\t\t<div data-elementor-type=\"wp-page\" data-elementor-id=\"18996\" class=\"elementor elementor-18996\" data-elementor-post-type=\"page\">\n\t\t\t\t\t\t<section class=\"elementor-section elementor-top-section elementor-element elementor-element-187d6841 elementor-section-boxed elementor-section-height-default elementor-section-height-default\" data-id=\"187d6841\" data-element_type=\"section\" data-e-type=\"section\">\n\t\t\t\t\t\t<div class=\"elementor-container elementor-column-gap-default\">\n\t\t\t\t\t<div class=\"elementor-column elementor-col-100 elementor-top-column elementor-element elementor-element-2f761286\" data-id=\"2f761286\" data-element_type=\"column\" data-e-type=\"column\">\n\t\t\t<div class=\"elementor-widget-wrap elementor-element-populated\">\n\t\t\t\t\t\t<div class=\"elementor-element elementor-element-5d1803bd elementor-widget elementor-widget-spacer\" data-id=\"5d1803bd\" data-element_type=\"widget\" data-e-type=\"widget\" data-widget_type=\"spacer.default\">\n\t\t\t\t<div class=\"elementor-widget-container\">\n\t\t\t\t\t\t\t<div class=\"elementor-spacer\">\n\t\t\t<div class=\"elementor-spacer-inner\"><\/div>\n\t\t<\/div>\n\t\t\t\t\t\t<\/div>\n\t\t\t\t<\/div>\n\t\t\t\t<div class=\"elementor-element elementor-element-65d2c61e elementor-widget elementor-widget-heading\" data-id=\"65d2c61e\" data-element_type=\"widget\" data-e-type=\"widget\" data-widget_type=\"heading.default\">\n\t\t\t\t<div class=\"elementor-widget-container\">\n\t\t\t\t\t<h1 class=\"elementor-heading-title elementor-size-default\">Lettre de r\u00e9siliation<br> du bail longue dur\u00e9e<\/h1>\t\t\t\t<\/div>\n\t\t\t\t<\/div>\n\t\t\t\t<div class=\"elementor-element elementor-element-111c7b40 elementor-widget elementor-widget-spacer\" data-id=\"111c7b40\" data-element_type=\"widget\" data-e-type=\"widget\" data-widget_type=\"spacer.default\">\n\t\t\t\t<div class=\"elementor-widget-container\">\n\t\t\t\t\t\t\t<div class=\"elementor-spacer\">\n\t\t\t<div class=\"elementor-spacer-inner\"><\/div>\n\t\t<\/div>\n\t\t\t\t\t\t<\/div>\n\t\t\t\t<\/div>\n\t\t\t\t<div class=\"elementor-element elementor-element-46da8f32 elementor-widget elementor-widget-heading\" data-id=\"46da8f32\" data-element_type=\"widget\" data-e-type=\"widget\" data-widget_type=\"heading.default\">\n\t\t\t\t<div class=\"elementor-widget-container\">\n\t\t\t\t\t<h2 class=\"elementor-heading-title elementor-size-default\">Quand utiliser cette lettre de renon ?<\/h2>\t\t\t\t<\/div>\n\t\t\t\t<\/div>\n\t\t\t\t<div class=\"elementor-element elementor-element-2c727c9c elementor-widget elementor-widget-text-editor\" data-id=\"2c727c9c\" data-element_type=\"widget\" data-e-type=\"widget\" data-widget_type=\"text-editor.default\">\n\t\t\t\t<div class=\"elementor-widget-container\">\n\t\t\t\t\t\t\t\t\t<p>Cette lettre-type permet au locataire de mettre fin \u00e0 un bail de r\u00e9sidence principale de 9 ans. <span style=\"font-size: 1rem;\">Le locataire peut <strong>r\u00e9silier \u00e0 tout moment<\/strong>, \u00e0 condition de respecter <\/span>un pr\u00e9avis de 3 mois. Cette lettre est <strong>valable pour Bruxelles, la Flandre et la Wallonie<\/strong>. Elle doit \u00eatre envoy\u00e9e par courrier recommand\u00e9 ou remise contre accus\u00e9 de r\u00e9ception.<\/p>\t\t\t\t\t\t\t\t<\/div>\n\t\t\t\t<\/div>\n\t\t\t\t<div class=\"elementor-element elementor-element-65000af1 elementor-widget elementor-widget-text-editor\" data-id=\"65000af1\" data-element_type=\"widget\" data-e-type=\"widget\" data-widget_type=\"text-editor.default\">\n\t\t\t\t<div class=\"elementor-widget-container\">\n\t\t\t\t\t\t\t\t\t<p>Vous pouvez copier le texte ci-dessous et le personnaliser avec vos informations. Vous pouvez \u00e9galement <strong>t\u00e9l\u00e9charger gratuitement les versions pr\u00eates \u00e0 remplir<\/strong> en format Word ou PDF disponible un peu plus bas dans la page.<\/p>\t\t\t\t\t\t\t\t<\/div>\n\t\t\t\t<\/div>\n\t\t\t\t<div class=\"elementor-element elementor-element-20156244 elementor-widget elementor-widget-text-editor\" data-id=\"20156244\" data-element_type=\"widget\" data-e-type=\"widget\" data-widget_type=\"text-editor.default\">\n\t\t\t\t<div class=\"elementor-widget-container\">\n\t\t\t\t\t\t\t\t\t<section class=\"modele-lettre\">\n  <div class=\"zone-lettre\">\n    <p><span class=\"champ\">[Nom et pr\u00e9nom du locataire]<\/span><br>\n    <span class=\"champ\">[Adresse compl\u00e8te]<\/span><br>\n    <span class=\"champ\">[Code postal, Commune]<\/span><br>\n    T\u00e9l\u00e9phone : &#8230;&#8230;&#8230;&#8230;&#8230;&#8230;&#8230;&#8230;&#8230;&#8230;&#8230;&#8230;&#8230;&#8230;&#8230;.<br>\n    E-mail : &#8230;&#8230;&#8230;&#8230;&#8230;&#8230;&#8230;&#8230;&#8230;&#8230;&#8230;&#8230;&#8230;&#8230;&#8230;&#8230;&#8230;<\/p>\n\n    <p style=\"text-align:right;\">\n      <span class=\"champ\">[Nom et pr\u00e9nom du bailleur]<\/span><br>\n      <span class=\"champ\">[Adresse du bailleur]<\/span><br>\n      <span class=\"champ\">[Code postal, Commune]<\/span><br>\n    <\/p>\n\n    <p style=\"text-align:right;\">Fait \u00e0 &#8230;&#8230;&#8230;&#8230;&#8230;&#8230;&#8230;&#8230;&#8230;&#8230;.., le &#8230;&#8230;\/&#8230;&#8230;\/&#8230;&#8230;&#8230;.<\/p>\n\n    <p><strong>Lettre recommand\u00e9e avec accus\u00e9 de r\u00e9ception<\/strong><\/p>\n\n    <p><strong>Objet :<\/strong> R\u00e9siliation du bail de 9 ans \u2013 notification de fin de bail<\/p>\n\n    <p><strong>Madame, Monsieur,<\/strong><\/p>\n\n    <p>\n      Je fais r\u00e9f\u00e9rence \u00e0 notre contrat de bail pour le bien situ\u00e9 \u00e0 \n      <span class=\"champ\">[adresse compl\u00e8te du bien lou\u00e9]<\/span>, \n      sign\u00e9 le &#8230;&#8230;\/&#8230;&#8230;\/&#8230;&#8230; .\n    <\/p>\n\n    <p>\n      Conform\u00e9ment aux dispositions l\u00e9gales applicables au bail de r\u00e9sidence principale de 9 ans,\n      je vous informe de ma d\u00e9cision de <strong>mettre fin au bail<\/strong>.\n      Le pr\u00e9avis de <strong>trois mois<\/strong> commencera \u00e0 courir le premier jour du mois suivant \n      la r\u00e9ception de la pr\u00e9sente lettre.\n    <\/p>\n\n    <p>\n      Je quitterai donc le logement au plus tard le \n      <span class=\"champ\">[date de d\u00e9part pr\u00e9vue]<\/span>, \n      apr\u00e8s avoir proc\u00e9d\u00e9 \u00e0 l\u2019\u00e9tat des lieux de sortie et restitu\u00e9 les cl\u00e9s.\n    <\/p>\n\n    <p>\n      Je vous prie d\u2019agr\u00e9er, Madame, Monsieur, l\u2019expression de mes salutations distingu\u00e9es.\n    <\/p>\n\n    <p style=\"text-align:right;\"><em>[Signature]<\/em><\/p>\n  <\/div>\n<\/section>\n\n<style>\n  .modele-lettre {\n    background:#fafafa;\n    padding:20px;\n    border-radius:8px;\n    font-family:\"Segoe UI\", Roboto, sans-serif;\n    line-height:1.6;\n  }\n  .modele-lettre h2 {\n    color:#333;\n    margin-bottom:10px;\n  }\n  .modele-lettre .champ {\n    background-color:#f1f1f1;\n    padding:2px 6px;\n    border-radius:3px;\n  }\n  .zone-lettre {\n    background:#fff;\n    padding:20px;\n    border:1px solid #ddd;\n    border-radius:6px;\n    margin:20px 0;\n  }\n<\/style>\n\t\t\t\t\t\t\t\t<\/div>\n\t\t\t\t<\/div>\n\t\t\t\t<div class=\"elementor-element elementor-element-1db869d3 elementor-widget elementor-widget-heading\" data-id=\"1db869d3\" data-element_type=\"widget\" data-e-type=\"widget\" data-widget_type=\"heading.default\">\n\t\t\t\t<div class=\"elementor-widget-container\">\n\t\t\t\t\t<h3 class=\"elementor-heading-title elementor-size-default\">T\u00e9l\u00e9chargements en format Word ou PDF<\/h3>\t\t\t\t<\/div>\n\t\t\t\t<\/div>\n\t\t\t\t<div class=\"elementor-element elementor-element-1bae1100 elementor-widget elementor-widget-text-editor\" data-id=\"1bae1100\" data-element_type=\"widget\" data-e-type=\"widget\" data-widget_type=\"text-editor.default\">\n\t\t\t\t<div class=\"elementor-widget-container\">\n\t\t\t\t\t\t\t\t\t<p>\u2b07\ufe0f T\u00e9l\u00e9charger la <a href=\"https:\/\/garantie.be\/wp-content\/uploads\/2025\/10\/Lettre-Resiliation-de-bail-9-ans.docx\">lettre de r\u00e9siliation du bail longue dur\u00e9e en format Word<\/a> (.docx)<\/p><p>\u2b07\ufe0f T\u00e9l\u00e9charger la <a href=\"https:\/\/garantie.be\/wp-content\/uploads\/2025\/10\/Lettre-Resiliation-de-bail-9-ans.pdf\">Lettre de r\u00e9siliation du bail longue dur\u00e9e\u00a0en format PDF<\/a> (.pdf)<\/p>\t\t\t\t\t\t\t\t<\/div>\n\t\t\t\t<\/div>\n\t\t\t\t<div class=\"elementor-element elementor-element-5325b934 elementor-widget elementor-widget-heading\" data-id=\"5325b934\" data-element_type=\"widget\" data-e-type=\"widget\" data-widget_type=\"heading.default\">\n\t\t\t\t<div class=\"elementor-widget-container\">\n\t\t\t\t\t<h2 class=\"elementor-heading-title elementor-size-default\">Conseils pour bien utiliser ce mod\u00e8le<\/h2>\t\t\t\t<\/div>\n\t\t\t\t<\/div>\n\t\t\t\t<div class=\"elementor-element elementor-element-52807b0a elementor-widget elementor-widget-text-editor\" data-id=\"52807b0a\" data-element_type=\"widget\" data-e-type=\"widget\" data-widget_type=\"text-editor.default\">\n\t\t\t\t<div class=\"elementor-widget-container\">\n\t\t\t\t\t\t\t\t\t<ul><li><strong>Envoyez<\/strong> la lettre de renon du bail par recommand\u00e9 avec accus\u00e9 de r\u00e9ception : le d\u00e9lai de pr\u00e9avis commence le 1\u1d49\u02b3 jour du mois suivant la r\u00e9ception. Par exemple, si vous envoyez la lettre le 15 f\u00e9vrier, le pr\u00e9avis court du 1\u1d49\u02b3 mars au 31 mai. Vous devrez quitter le logement pour le 31 mai au plus tard.<\/li><li><strong>Indemnit\u00e9<\/strong> : si vous partez dans les 3 premi\u00e8res ann\u00e9es, mentionnez dans la lettre de renon que vous vous acquitterez de l\u2019indemnit\u00e9 due.<\/li><li><strong>\u00c9tat des lieux<\/strong> : planifiez le au plus tard \u00e0 la fin du pr\u00e9avis, avant la remise des cl\u00e9s.<\/li><li><strong>Preuve<\/strong> : conservez le re\u00e7u postal ou l\u2019accus\u00e9 de r\u00e9ception, ils font foi en cas de litige.<\/li><\/ul>\t\t\t\t\t\t\t\t<\/div>\n\t\t\t\t<\/div>\n\t\t\t\t\t<\/div>\n\t\t<\/div>\n\t\t\t\t\t<\/div>\n\t\t<\/section>\n\t\t\t\t<section class=\"elementor-section elementor-top-section elementor-element elementor-element-674559bc elementor-section-content-middle elementor-section-height-min-height elementor-section-items-stretch elementor-section-boxed elementor-section-height-default\" data-id=\"674559bc\" data-element_type=\"section\" data-e-type=\"section\">\n\t\t\t\t\t\t<div class=\"elementor-container elementor-column-gap-no\">\n\t\t\t\t\t<div class=\"elementor-column elementor-col-100 elementor-top-column elementor-element elementor-element-12175fc7\" data-id=\"12175fc7\" data-element_type=\"column\" data-e-type=\"column\" data-settings=\"{&quot;background_background&quot;:&quot;classic&quot;}\">\n\t\t\t<div class=\"elementor-widget-wrap elementor-element-populated\">\n\t\t\t\t\t\t<div class=\"elementor-element elementor-element-254097cc elementor-widget elementor-widget-text-editor\" data-id=\"254097cc\" data-element_type=\"widget\" data-e-type=\"widget\" data-widget_type=\"text-editor.default\">\n\t\t\t\t<div class=\"elementor-widget-container\">\n\t\t\t\t\t\t\t\t\t<p>Compl\u00e9tez notre formulaire pour obtenir une <a href=\"https:\/\/garantie.be\/fr\/garantie-locative-en-ligne\/\">garantie locative en ligne<\/a> en quelques heures.\u00a0Vous ne bloquez pas d\u2019argent car nous fonctionnons comme une garantie bancaire<\/p>\t\t\t\t\t\t\t\t<\/div>\n\t\t\t\t<\/div>\n\t\t\t\t<div class=\"elementor-element elementor-element-2390c3ba elementor-mobile-align-center elementor-align-center elementor-widget elementor-widget-button\" data-id=\"2390c3ba\" data-element_type=\"widget\" data-e-type=\"widget\" data-widget_type=\"button.default\">\n\t\t\t\t<div class=\"elementor-widget-container\">\n\t\t\t\t\t\t\t\t\t<div class=\"elementor-button-wrapper\">\n\t\t\t\t\t<a class=\"elementor-button elementor-button-link elementor-size-sm\" href=\"https:\/\/account.garantie.be\/fr\/register\/lease\">\n\t\t\t\t\t\t<span class=\"elementor-button-content-wrapper\">\n\t\t\t\t\t\t\t\t\t<span class=\"elementor-button-text\">Formulaire garantie locative 100% en ligne<\/span>\n\t\t\t\t\t<\/span>\n\t\t\t\t\t<\/a>\n\t\t\t\t<\/div>\n\t\t\t\t\t\t\t\t<\/div>\n\t\t\t\t<\/div>\n\t\t\t\t\t<\/div>\n\t\t<\/div>\n\t\t\t\t\t<\/div>\n\t\t<\/section>\n\t\t\t\t<section class=\"elementor-section elementor-top-section elementor-element elementor-element-2e1ae340 elementor-section-boxed elementor-section-height-default elementor-section-height-default\" data-id=\"2e1ae340\" data-element_type=\"section\" data-e-type=\"section\">\n\t\t\t\t\t\t<div class=\"elementor-container elementor-column-gap-default\">\n\t\t\t\t\t<div class=\"elementor-column elementor-col-100 elementor-top-column elementor-element elementor-element-3a062558\" data-id=\"3a062558\" data-element_type=\"column\" data-e-type=\"column\">\n\t\t\t<div class=\"elementor-widget-wrap elementor-element-populated\">\n\t\t\t\t\t\t<div class=\"elementor-element elementor-element-65f0f774 elementor-widget elementor-widget-spacer\" data-id=\"65f0f774\" data-element_type=\"widget\" data-e-type=\"widget\" data-widget_type=\"spacer.default\">\n\t\t\t\t<div class=\"elementor-widget-container\">\n\t\t\t\t\t\t\t<div class=\"elementor-spacer\">\n\t\t\t<div class=\"elementor-spacer-inner\"><\/div>\n\t\t<\/div>\n\t\t\t\t\t\t<\/div>\n\t\t\t\t<\/div>\n\t\t\t\t<div class=\"elementor-element elementor-element-4bb73719 elementor-widget elementor-widget-heading\" data-id=\"4bb73719\" data-element_type=\"widget\" data-e-type=\"widget\" data-widget_type=\"heading.default\">\n\t\t\t\t<div class=\"elementor-widget-container\">\n\t\t\t\t\t<h2 class=\"elementor-heading-title elementor-size-default\">Autres mod\u00e8les de lettres utiles<\/h2>\t\t\t\t<\/div>\n\t\t\t\t<\/div>\n\t\t\t\t<div class=\"elementor-element elementor-element-1576e747 elementor-widget elementor-widget-text-editor\" data-id=\"1576e747\" data-element_type=\"widget\" data-e-type=\"widget\" data-widget_type=\"text-editor.default\">\n\t\t\t\t<div class=\"elementor-widget-container\">\n\t\t\t\t\t\t\t\t\t<ul><li><a href=\"https:\/\/garantie.be\/fr\/modeles-lettres-gestion-bail\/lettre-resiliation-bail-courte-duree\/\">Lettre de r\u00e9siliation de bail courte dur\u00e9e<\/a><\/li><li><a href=\"https:\/\/garantie.be\/fr\/modeles-lettres-gestion-bail\/lettre-demande-restitution-garantie-locative\/\">Lettre de demande de restitution de garantie locative<\/a><\/li><li><a href=\"https:\/\/garantie.be\/fr\/modeles-lettres-gestion-bail\/modele-etat-des-lieux-de-sortie\/\">Check-list \u00e9tat des lieux de sortie<\/a><\/li><\/ul>\t\t\t\t\t\t\t\t<\/div>\n\t\t\t\t<\/div>\n\t\t\t\t\t<\/div>\n\t\t<\/div>\n\t\t\t\t\t<\/div>\n\t\t<\/section>\n\t\t\t\t<\/div>\n\t\t","protected":false},"excerpt":{"rendered":"<p>Lettre de r\u00e9siliation du bail longue dur\u00e9e Quand utiliser cette lettre de renon ? Cette lettre-type permet au locataire de mettre fin \u00e0 un bail de r\u00e9sidence principale de 9 ans. Le locataire peut r\u00e9silier \u00e0 tout moment, \u00e0 condition de respecter un pr\u00e9avis de 3 mois. Cette lettre est valable pour Bruxelles, la Flandre [&hellip;]<\/p>\n","protected":false},"author":1,"featured_media":0,"parent":18764,"menu_order":0,"comment_status":"closed","ping_status":"closed","template":"","meta":{"footnotes":""},"class_list":["post-18996","page","type-page","status-publish","hentry"],"yoast_head":"<!-- This site is optimized with the Yoast SEO plugin v27.3 - https:\/\/yoast.com\/product\/yoast-seo-wordpress\/ -->\n<title>Lettre de renon du bail longue dur\u00e9e gratuite<\/title>\n<meta name=\"description\" content=\"Mod\u00e8le gratuit de lettre de renon d&#039;un bail de location de 9 ans disponible en format texte, Word et PDF \u00e0 t\u00e9l\u00e9charger\" \/>\n<meta name=\"robots\" content=\"index, follow, max-snippet:-1, max-image-preview:large, max-video-preview:-1\" \/>\n<link rel=\"canonical\" href=\"https:\/\/garantie.be\/fr\/modeles-lettres-gestion-bail\/lettre-resiliation-bail-longue-duree\/\" \/>\n<meta property=\"og:locale\" content=\"fr_FR\" \/>\n<meta property=\"og:type\" content=\"article\" \/>\n<meta property=\"og:title\" content=\"Lettre de renon du bail longue dur\u00e9e gratuite\" \/>\n<meta property=\"og:description\" content=\"Mod\u00e8le gratuit de lettre de renon d&#039;un bail de location de 9 ans disponible en format texte, Word et PDF \u00e0 t\u00e9l\u00e9charger\" \/>\n<meta property=\"og:url\" content=\"https:\/\/garantie.be\/fr\/modeles-lettres-gestion-bail\/lettre-resiliation-bail-longue-duree\/\" \/>\n<meta property=\"og:site_name\" content=\"Garantie\" \/>\n<meta property=\"article:modified_time\" content=\"2026-01-19T08:14:54+00:00\" \/>\n<meta name=\"twitter:card\" content=\"summary_large_image\" \/>\n<meta name=\"twitter:label1\" content=\"Dur\u00e9e de lecture estim\u00e9e\" \/>\n\t<meta name=\"twitter:data1\" content=\"3 minutes\" \/>\n<script type=\"application\/ld+json\" class=\"yoast-schema-graph\">{\"@context\":\"https:\\\/\\\/schema.org\",\"@graph\":[{\"@type\":\"WebPage\",\"@id\":\"https:\\\/\\\/garantie.be\\\/fr\\\/modeles-lettres-gestion-bail\\\/lettre-resiliation-bail-longue-duree\\\/\",\"url\":\"https:\\\/\\\/garantie.be\\\/fr\\\/modeles-lettres-gestion-bail\\\/lettre-resiliation-bail-longue-duree\\\/\",\"name\":\"Lettre de renon du bail longue dur\u00e9e gratuite\",\"isPartOf\":{\"@id\":\"https:\\\/\\\/garantie.be\\\/fr\\\/#website\"},\"datePublished\":\"2025-10-08T16:00:35+00:00\",\"dateModified\":\"2026-01-19T08:14:54+00:00\",\"description\":\"Mod\u00e8le gratuit de lettre de renon d'un bail de location de 9 ans disponible en format texte, Word et PDF \u00e0 t\u00e9l\u00e9charger\",\"breadcrumb\":{\"@id\":\"https:\\\/\\\/garantie.be\\\/fr\\\/modeles-lettres-gestion-bail\\\/lettre-resiliation-bail-longue-duree\\\/#breadcrumb\"},\"inLanguage\":\"fr-FR\",\"potentialAction\":[{\"@type\":\"ReadAction\",\"target\":[\"https:\\\/\\\/garantie.be\\\/fr\\\/modeles-lettres-gestion-bail\\\/lettre-resiliation-bail-longue-duree\\\/\"]}]},{\"@type\":\"BreadcrumbList\",\"@id\":\"https:\\\/\\\/garantie.be\\\/fr\\\/modeles-lettres-gestion-bail\\\/lettre-resiliation-bail-longue-duree\\\/#breadcrumb\",\"itemListElement\":[{\"@type\":\"ListItem\",\"position\":1,\"name\":\"Accueil\",\"item\":\"https:\\\/\\\/garantie.be\\\/fr\\\/\"},{\"@type\":\"ListItem\",\"position\":2,\"name\":\"Mod\u00e8les de lettres et outils pratique pour la gestion du logement\",\"item\":\"https:\\\/\\\/garantie.be\\\/fr\\\/modeles-lettres-gestion-bail\\\/\"},{\"@type\":\"ListItem\",\"position\":3,\"name\":\"Lettre de renon du bail longue dur\u00e9e gratuite\"}]},{\"@type\":\"WebSite\",\"@id\":\"https:\\\/\\\/garantie.be\\\/fr\\\/#website\",\"url\":\"https:\\\/\\\/garantie.be\\\/fr\\\/\",\"name\":\"Garantie\",\"description\":\"\",\"publisher\":{\"@id\":\"https:\\\/\\\/garantie.be\\\/fr\\\/#organization\"},\"potentialAction\":[{\"@type\":\"SearchAction\",\"target\":{\"@type\":\"EntryPoint\",\"urlTemplate\":\"https:\\\/\\\/garantie.be\\\/fr\\\/?s={search_term_string}\"},\"query-input\":{\"@type\":\"PropertyValueSpecification\",\"valueRequired\":true,\"valueName\":\"search_term_string\"}}],\"inLanguage\":\"fr-FR\"},{\"@type\":\"Organization\",\"@id\":\"https:\\\/\\\/garantie.be\\\/fr\\\/#organization\",\"name\":\"Garantie.be\",\"url\":\"https:\\\/\\\/garantie.be\\\/fr\\\/\",\"logo\":{\"@type\":\"ImageObject\",\"inLanguage\":\"fr-FR\",\"@id\":\"https:\\\/\\\/garantie.be\\\/fr\\\/#\\\/schema\\\/logo\\\/image\\\/\",\"url\":\"\",\"contentUrl\":\"\",\"caption\":\"Garantie.be\"},\"image\":{\"@id\":\"https:\\\/\\\/garantie.be\\\/fr\\\/#\\\/schema\\\/logo\\\/image\\\/\"}}]}<\/script>\n<!-- \/ Yoast SEO plugin. -->","yoast_head_json":{"title":"Lettre de renon du bail longue dur\u00e9e gratuite","description":"Mod\u00e8le gratuit de lettre de renon d'un bail de location de 9 ans disponible en format texte, Word et PDF \u00e0 t\u00e9l\u00e9charger","robots":{"index":"index","follow":"follow","max-snippet":"max-snippet:-1","max-image-preview":"max-image-preview:large","max-video-preview":"max-video-preview:-1"},"canonical":"https:\/\/garantie.be\/fr\/modeles-lettres-gestion-bail\/lettre-resiliation-bail-longue-duree\/","og_locale":"fr_FR","og_type":"article","og_title":"Lettre de renon du bail longue dur\u00e9e gratuite","og_description":"Mod\u00e8le gratuit de lettre de renon d'un bail de location de 9 ans disponible en format texte, Word et PDF \u00e0 t\u00e9l\u00e9charger","og_url":"https:\/\/garantie.be\/fr\/modeles-lettres-gestion-bail\/lettre-resiliation-bail-longue-duree\/","og_site_name":"Garantie","article_modified_time":"2026-01-19T08:14:54+00:00","twitter_card":"summary_large_image","twitter_misc":{"Dur\u00e9e de lecture estim\u00e9e":"3 minutes"},"schema":{"@context":"https:\/\/schema.org","@graph":[{"@type":"WebPage","@id":"https:\/\/garantie.be\/fr\/modeles-lettres-gestion-bail\/lettre-resiliation-bail-longue-duree\/","url":"https:\/\/garantie.be\/fr\/modeles-lettres-gestion-bail\/lettre-resiliation-bail-longue-duree\/","name":"Lettre de renon du bail longue dur\u00e9e gratuite","isPartOf":{"@id":"https:\/\/garantie.be\/fr\/#website"},"datePublished":"2025-10-08T16:00:35+00:00","dateModified":"2026-01-19T08:14:54+00:00","description":"Mod\u00e8le gratuit de lettre de renon d'un bail de location de 9 ans disponible en format texte, Word et PDF \u00e0 t\u00e9l\u00e9charger","breadcrumb":{"@id":"https:\/\/garantie.be\/fr\/modeles-lettres-gestion-bail\/lettre-resiliation-bail-longue-duree\/#breadcrumb"},"inLanguage":"fr-FR","potentialAction":[{"@type":"ReadAction","target":["https:\/\/garantie.be\/fr\/modeles-lettres-gestion-bail\/lettre-resiliation-bail-longue-duree\/"]}]},{"@type":"BreadcrumbList","@id":"https:\/\/garantie.be\/fr\/modeles-lettres-gestion-bail\/lettre-resiliation-bail-longue-duree\/#breadcrumb","itemListElement":[{"@type":"ListItem","position":1,"name":"Accueil","item":"https:\/\/garantie.be\/fr\/"},{"@type":"ListItem","position":2,"name":"Mod\u00e8les de lettres et outils pratique pour la gestion du logement","item":"https:\/\/garantie.be\/fr\/modeles-lettres-gestion-bail\/"},{"@type":"ListItem","position":3,"name":"Lettre de renon du bail longue dur\u00e9e gratuite"}]},{"@type":"WebSite","@id":"https:\/\/garantie.be\/fr\/#website","url":"https:\/\/garantie.be\/fr\/","name":"Garantie","description":"","publisher":{"@id":"https:\/\/garantie.be\/fr\/#organization"},"potentialAction":[{"@type":"SearchAction","target":{"@type":"EntryPoint","urlTemplate":"https:\/\/garantie.be\/fr\/?s={search_term_string}"},"query-input":{"@type":"PropertyValueSpecification","valueRequired":true,"valueName":"search_term_string"}}],"inLanguage":"fr-FR"},{"@type":"Organization","@id":"https:\/\/garantie.be\/fr\/#organization","name":"Garantie.be","url":"https:\/\/garantie.be\/fr\/","logo":{"@type":"ImageObject","inLanguage":"fr-FR","@id":"https:\/\/garantie.be\/fr\/#\/schema\/logo\/image\/","url":"","contentUrl":"","caption":"Garantie.be"},"image":{"@id":"https:\/\/garantie.be\/fr\/#\/schema\/logo\/image\/"}}]}},"_links":{"self":[{"href":"https:\/\/garantie.be\/fr\/wp-json\/wp\/v2\/pages\/18996","targetHints":{"allow":["GET"]}}],"collection":[{"href":"https:\/\/garantie.be\/fr\/wp-json\/wp\/v2\/pages"}],"about":[{"href":"https:\/\/garantie.be\/fr\/wp-json\/wp\/v2\/types\/page"}],"author":[{"embeddable":true,"href":"https:\/\/garantie.be\/fr\/wp-json\/wp\/v2\/users\/1"}],"replies":[{"embeddable":true,"href":"https:\/\/garantie.be\/fr\/wp-json\/wp\/v2\/comments?post=18996"}],"version-history":[{"count":0,"href":"https:\/\/garantie.be\/fr\/wp-json\/wp\/v2\/pages\/18996\/revisions"}],"up":[{"embeddable":true,"href":"https:\/\/garantie.be\/fr\/wp-json\/wp\/v2\/pages\/18764"}],"wp:attachment":[{"href":"https:\/\/garantie.be\/fr\/wp-json\/wp\/v2\/media?parent=18996"}],"curies":[{"name":"wp","href":"https:\/\/api.w.org\/{rel}","templated":true}]}}