{"id":19099,"date":"2025-10-10T09:32:55","date_gmt":"2025-10-10T07:32:55","guid":{"rendered":"https:\/\/garantie.be\/?page_id=19099"},"modified":"2026-01-19T09:10:02","modified_gmt":"2026-01-19T08:10:02","slug":"lettre-resiliation-bail-courte-duree","status":"publish","type":"page","link":"https:\/\/garantie.be\/fr\/modeles-lettres-gestion-bail\/lettre-resiliation-bail-courte-duree\/","title":{"rendered":"Lettre r\u00e9siliation bail courte dur\u00e9e"},"content":{"rendered":"\t\t<div data-elementor-type=\"wp-page\" data-elementor-id=\"19099\" class=\"elementor elementor-19099\" data-elementor-post-type=\"page\">\n\t\t\t\t\t\t<section class=\"elementor-section elementor-top-section elementor-element elementor-element-5c9d359d elementor-section-boxed elementor-section-height-default elementor-section-height-default\" data-id=\"5c9d359d\" data-element_type=\"section\" data-e-type=\"section\">\n\t\t\t\t\t\t<div class=\"elementor-container elementor-column-gap-default\">\n\t\t\t\t\t<div class=\"elementor-column elementor-col-100 elementor-top-column elementor-element elementor-element-13c694de\" data-id=\"13c694de\" data-element_type=\"column\" data-e-type=\"column\">\n\t\t\t<div class=\"elementor-widget-wrap elementor-element-populated\">\n\t\t\t\t\t\t<div class=\"elementor-element elementor-element-1dcc67f5 elementor-widget elementor-widget-spacer\" data-id=\"1dcc67f5\" data-element_type=\"widget\" data-e-type=\"widget\" data-widget_type=\"spacer.default\">\n\t\t\t\t<div class=\"elementor-widget-container\">\n\t\t\t\t\t\t\t<div class=\"elementor-spacer\">\n\t\t\t<div class=\"elementor-spacer-inner\"><\/div>\n\t\t<\/div>\n\t\t\t\t\t\t<\/div>\n\t\t\t\t<\/div>\n\t\t\t\t<div class=\"elementor-element elementor-element-52de89cd elementor-widget elementor-widget-heading\" data-id=\"52de89cd\" data-element_type=\"widget\" data-e-type=\"widget\" data-widget_type=\"heading.default\">\n\t\t\t\t<div class=\"elementor-widget-container\">\n\t\t\t\t\t<h1 class=\"elementor-heading-title elementor-size-default\">Lettre de r\u00e9siliation<br>bail courte dur\u00e9e<\/h1>\t\t\t\t<\/div>\n\t\t\t\t<\/div>\n\t\t\t\t<div class=\"elementor-element elementor-element-748e9962 elementor-widget elementor-widget-spacer\" data-id=\"748e9962\" data-element_type=\"widget\" data-e-type=\"widget\" data-widget_type=\"spacer.default\">\n\t\t\t\t<div class=\"elementor-widget-container\">\n\t\t\t\t\t\t\t<div class=\"elementor-spacer\">\n\t\t\t<div class=\"elementor-spacer-inner\"><\/div>\n\t\t<\/div>\n\t\t\t\t\t\t<\/div>\n\t\t\t\t<\/div>\n\t\t\t\t<div class=\"elementor-element elementor-element-1b8af801 elementor-widget elementor-widget-heading\" data-id=\"1b8af801\" data-element_type=\"widget\" data-e-type=\"widget\" data-widget_type=\"heading.default\">\n\t\t\t\t<div class=\"elementor-widget-container\">\n\t\t\t\t\t<h2 class=\"elementor-heading-title elementor-size-default\">R\u00e9siliation d'un bail de courte dur\u00e9e<\/h2>\t\t\t\t<\/div>\n\t\t\t\t<\/div>\n\t\t\t\t<div class=\"elementor-element elementor-element-1ddb0cd elementor-widget elementor-widget-text-editor\" data-id=\"1ddb0cd\" data-element_type=\"widget\" data-e-type=\"widget\" data-widget_type=\"text-editor.default\">\n\t\t\t\t<div class=\"elementor-widget-container\">\n\t\t\t\t\t\t\t\t\t<p>Un bail de courte dur\u00e9e (1, 2 ou 3 ans) est conclu pour une dur\u00e9e d\u00e9termin\u00e9e, mais il est possible de le r\u00e9silier sous certaines conditions. Le pr\u00e9sent mod\u00e8le vous permet de notifier votre d\u00e9cision au bailleur dans le respect du pr\u00e9avis et des indemnit\u00e9s pr\u00e9vues par la l\u00e9gislation r\u00e9gionale.<\/p><p>Depuis 2018, les r\u00e8gles sont l\u00e9g\u00e8rement diff\u00e9rentes en Flandre, \u00e0 Bruxelles et en Wallonie, mais dans les trois r\u00e9gions, le locataire peut mettre fin \u00e0 un bail de courte dur\u00e9e sous conditions.<\/p>\t\t\t\t\t\t\t\t<\/div>\n\t\t\t\t<\/div>\n\t\t\t\t<div class=\"elementor-element elementor-element-2088788c elementor-widget elementor-widget-text-editor\" data-id=\"2088788c\" data-element_type=\"widget\" data-e-type=\"widget\" data-widget_type=\"text-editor.default\">\n\t\t\t\t<div class=\"elementor-widget-container\">\n\t\t\t\t\t\t\t\t\t<p>Vous pouvez copier le texte ci-dessous et le personnaliser avec vos informations. Vous pouvez \u00e9galement <strong>t\u00e9l\u00e9charger gratuitement les versions pr\u00eates \u00e0 remplir<\/strong> en format Word ou PDF disponible un peu plus bas dans la page.<\/p>\t\t\t\t\t\t\t\t<\/div>\n\t\t\t\t<\/div>\n\t\t\t\t<div class=\"elementor-element elementor-element-58cac079 elementor-widget elementor-widget-text-editor\" data-id=\"58cac079\" data-element_type=\"widget\" data-e-type=\"widget\" data-widget_type=\"text-editor.default\">\n\t\t\t\t<div class=\"elementor-widget-container\">\n\t\t\t\t\t\t\t\t\t<section class=\"modele-lettre\">\n  <div class=\"zone-lettre\">\n    <p><strong>Informations locataire<\/strong><br>\n    <span class=\"champ\">[Nom et pr\u00e9nom du locataire]<\/span><br>\n    <span class=\"champ\">[Adresse compl\u00e8te]<\/span><br>\n    <span class=\"champ\">[Code postal, Commune]<\/span><br>\n    T\u00e9l\u00e9phone : &#8230;&#8230;&#8230;&#8230;&#8230;&#8230;&#8230;&#8230;&#8230;&#8230;&#8230;&#8230;&#8230;&#8230;&#8230;.<br>\n    E-mail : &#8230;&#8230;&#8230;&#8230;&#8230;&#8230;&#8230;&#8230;&#8230;&#8230;&#8230;&#8230;&#8230;&#8230;&#8230;&#8230;&#8230;<\/p>\n\n    <p><strong>Informations bailleur<\/strong><br>\n    <span class=\"champ\">[Nom et pr\u00e9nom du bailleur]<\/span><br>\n    <span class=\"champ\">[Adresse compl\u00e8te]<\/span><br>\n    <span class=\"champ\">[Code postal, Commune]<\/span><br>\n    T\u00e9l\u00e9phone : &#8230;&#8230;&#8230;&#8230;&#8230;&#8230;&#8230;&#8230;&#8230;&#8230;&#8230;&#8230;&#8230;&#8230;&#8230;.<br>\n    E-mail : &#8230;&#8230;&#8230;&#8230;&#8230;&#8230;&#8230;&#8230;&#8230;&#8230;&#8230;&#8230;&#8230;&#8230;&#8230;&#8230;&#8230;<\/p>\n\n    <p>Fait \u00e0 &#8230;&#8230;&#8230;&#8230;&#8230;&#8230;&#8230;&#8230;&#8230;&#8230;.., le &#8230;&#8230;\/&#8230;&#8230;\/&#8230;&#8230;&#8230;.<\/p>\n\n    <p><strong>Objet :<\/strong> R\u00e9siliation du bail de courte dur\u00e9e \u2013 notification de fin de bail<\/p>\n\n    <p><strong>Madame, Monsieur,<\/strong><\/p>\n\n    <p>\n      Je fais r\u00e9f\u00e9rence \u00e0 notre contrat de bail de <span class=\"champ\">[dur\u00e9e du bail]<\/span> \n      relatif au logement situ\u00e9 \u00e0 <span class=\"champ\">[adresse compl\u00e8te du bien lou\u00e9]<\/span>,\n      sign\u00e9 le &#8230;&#8230;\/&#8230;&#8230;\/&#8230;&#8230; et prenant effet le &#8230;&#8230;\/&#8230;&#8230;\/&#8230;&#8230; .\n    <\/p>\n\n    <p>\n      Conform\u00e9ment aux dispositions l\u00e9gales applicables aux baux de courte dur\u00e9e, \n      je vous informe de ma d\u00e9cision de <strong>mettre fin au bail<\/strong>.\n      Le pr\u00e9avis de <strong>trois mois<\/strong> commencera \u00e0 courir le premier jour du mois \n      suivant la r\u00e9ception de la pr\u00e9sente lettre.\n    <\/p>\n\n    <p>\n      Conform\u00e9ment \u00e0 la loi, je m\u2019acquitterai d\u2019une <strong>indemnit\u00e9 \u00e9quivalente \u00e0 un mois de loyer<\/strong>,\n      en raison de la r\u00e9siliation anticip\u00e9e du bail.\n    <\/p>\n\n    <p>\n      Je quitterai donc le logement au plus tard le \n      <span class=\"champ\">[date de d\u00e9part pr\u00e9vue]<\/span>, \n      apr\u00e8s avoir proc\u00e9d\u00e9 \u00e0 l\u2019\u00e9tat des lieux de sortie et restitu\u00e9 les cl\u00e9s.\n    <\/p>\n\n    <p>\n      Je vous prie d\u2019agr\u00e9er, Madame, Monsieur, l\u2019expression de mes salutations distingu\u00e9es.\n    <\/p>\n\n    <p style=\"text-align:right;\"><em>[Signature]<\/em><\/p>\n  <\/div>\n<\/section>\n\n<style>\n  .modele-lettre {\n    background:#fafafa;\n    padding:20px;\n    border-radius:8px;\n    font-family:\"Segoe UI\", Roboto, sans-serif;\n    line-height:1.6;\n  }\n  .modele-lettre .champ {\n    background-color:#f1f1f1;\n    padding:2px 6px;\n    border-radius:3px;\n  }\n  .zone-lettre {\n    background:#fff;\n    padding:20px;\n    border:1px solid #ddd;\n    border-radius:6px;\n  }\n<\/style>\n\t\t\t\t\t\t\t\t<\/div>\n\t\t\t\t<\/div>\n\t\t\t\t<div class=\"elementor-element elementor-element-1618dc55 elementor-widget elementor-widget-heading\" data-id=\"1618dc55\" data-element_type=\"widget\" data-e-type=\"widget\" data-widget_type=\"heading.default\">\n\t\t\t\t<div class=\"elementor-widget-container\">\n\t\t\t\t\t<h3 class=\"elementor-heading-title elementor-size-default\">T\u00e9l\u00e9chargements en format Word ou PDF<\/h3>\t\t\t\t<\/div>\n\t\t\t\t<\/div>\n\t\t\t\t<div class=\"elementor-element elementor-element-1d6f041f elementor-widget elementor-widget-text-editor\" data-id=\"1d6f041f\" data-element_type=\"widget\" data-e-type=\"widget\" data-widget_type=\"text-editor.default\">\n\t\t\t\t<div class=\"elementor-widget-container\">\n\t\t\t\t\t\t\t\t\t<p>\u2b07\ufe0f T\u00e9l\u00e9charger la <a href=\"https:\/\/garantie.be\/wp-content\/uploads\/2025\/10\/Lettre-Resiliation-bail-courte-duree-FR.docx\">lettre de r\u00e9siliation du bail de courte dur\u00e9e en format Word<\/a> (.docx)<\/p><p>\u2b07\ufe0f T\u00e9l\u00e9charger la <a href=\"https:\/\/garantie.be\/wp-content\/uploads\/2025\/10\/Lettre-Resiliation-bail-courte-duree-FR.pdf\">Lettre de r\u00e9siliation du bail de courte dur\u00e9e en format PDF<\/a> (.pdf)<\/p>\t\t\t\t\t\t\t\t<\/div>\n\t\t\t\t<\/div>\n\t\t\t\t<div class=\"elementor-element elementor-element-3363a1a7 elementor-widget elementor-widget-heading\" data-id=\"3363a1a7\" data-element_type=\"widget\" data-e-type=\"widget\" data-widget_type=\"heading.default\">\n\t\t\t\t<div class=\"elementor-widget-container\">\n\t\t\t\t\t<h2 class=\"elementor-heading-title elementor-size-default\">Conseils pour bien utiliser ce mod\u00e8le<\/h2>\t\t\t\t<\/div>\n\t\t\t\t<\/div>\n\t\t\t\t<div class=\"elementor-element elementor-element-6d77df3f elementor-widget elementor-widget-text-editor\" data-id=\"6d77df3f\" data-element_type=\"widget\" data-e-type=\"widget\" data-widget_type=\"text-editor.default\">\n\t\t\t\t<div class=\"elementor-widget-container\">\n\t\t\t\t\t\t\t\t\t<ul><li><strong>Envoyez<\/strong> la lettre par recommand\u00e9 avec accus\u00e9 de r\u00e9ception : le d\u00e9lai de pr\u00e9avis commence le 1\u1d49\u02b3 jour du mois suivant la r\u00e9ception. Par exemple, si vous envoyez la lettre le 15 f\u00e9vrier, le pr\u00e9avis court du 1\u1d49\u02b3 au 31 mars. Vous devrez quitter le logement pour le 31 mars au plus tard.<\/li><li><strong>Indemnit\u00e9<\/strong> : si vous partez avant la fin pr\u00e9vue, vous pouvez \u00eatre amen\u00e9 \u00e0 payer une indemnit\u00e9 d&rsquo;un mois de loyer.<\/li><li><strong>\u00c9tat des lieux<\/strong> : planifiez le au plus tard \u00e0 la fin du pr\u00e9avis, avant la remise des cl\u00e9s.<\/li><li><strong>Preuve<\/strong> : conservez l&rsquo;accus\u00e9 r\u00e9ception de l&rsquo;envoi de la lettre en cas de litige.<\/li><\/ul>\t\t\t\t\t\t\t\t<\/div>\n\t\t\t\t<\/div>\n\t\t\t\t\t<\/div>\n\t\t<\/div>\n\t\t\t\t\t<\/div>\n\t\t<\/section>\n\t\t\t\t<section class=\"elementor-section elementor-top-section elementor-element elementor-element-4681b27c elementor-section-content-middle elementor-section-height-min-height elementor-section-items-stretch elementor-section-boxed elementor-section-height-default\" data-id=\"4681b27c\" data-element_type=\"section\" data-e-type=\"section\">\n\t\t\t\t\t\t<div class=\"elementor-container elementor-column-gap-no\">\n\t\t\t\t\t<div class=\"elementor-column elementor-col-100 elementor-top-column elementor-element elementor-element-3ac743e6\" data-id=\"3ac743e6\" data-element_type=\"column\" data-e-type=\"column\" data-settings=\"{&quot;background_background&quot;:&quot;classic&quot;}\">\n\t\t\t<div class=\"elementor-widget-wrap elementor-element-populated\">\n\t\t\t\t\t\t<div class=\"elementor-element elementor-element-56e99d84 elementor-widget elementor-widget-text-editor\" data-id=\"56e99d84\" data-element_type=\"widget\" data-e-type=\"widget\" data-widget_type=\"text-editor.default\">\n\t\t\t\t<div class=\"elementor-widget-container\">\n\t\t\t\t\t\t\t\t\t<p>Compl\u00e9tez notre formulaire pour obtenir une <a href=\"https:\/\/garantie.be\/fr\/garantie-locative-en-ligne\/\">garantie locative en ligne<\/a> en quelques heures.\u00a0Vous ne bloquez pas d\u2019argent car nous fonctionnons comme une garantie bancaire<\/p>\t\t\t\t\t\t\t\t<\/div>\n\t\t\t\t<\/div>\n\t\t\t\t<div class=\"elementor-element elementor-element-7365ee38 elementor-mobile-align-center elementor-align-center elementor-widget elementor-widget-button\" data-id=\"7365ee38\" data-element_type=\"widget\" data-e-type=\"widget\" data-widget_type=\"button.default\">\n\t\t\t\t<div class=\"elementor-widget-container\">\n\t\t\t\t\t\t\t\t\t<div class=\"elementor-button-wrapper\">\n\t\t\t\t\t<a class=\"elementor-button elementor-button-link elementor-size-sm\" href=\"https:\/\/account.garantie.be\/fr\/register\/lease\">\n\t\t\t\t\t\t<span class=\"elementor-button-content-wrapper\">\n\t\t\t\t\t\t\t\t\t<span class=\"elementor-button-text\">Formulaire garantie locative 100% en ligne<\/span>\n\t\t\t\t\t<\/span>\n\t\t\t\t\t<\/a>\n\t\t\t\t<\/div>\n\t\t\t\t\t\t\t\t<\/div>\n\t\t\t\t<\/div>\n\t\t\t\t\t<\/div>\n\t\t<\/div>\n\t\t\t\t\t<\/div>\n\t\t<\/section>\n\t\t\t\t<section class=\"elementor-section elementor-top-section elementor-element elementor-element-406bcb32 elementor-section-boxed elementor-section-height-default elementor-section-height-default\" data-id=\"406bcb32\" data-element_type=\"section\" data-e-type=\"section\">\n\t\t\t\t\t\t<div class=\"elementor-container elementor-column-gap-default\">\n\t\t\t\t\t<div class=\"elementor-column elementor-col-100 elementor-top-column elementor-element elementor-element-1657d11\" data-id=\"1657d11\" data-element_type=\"column\" data-e-type=\"column\">\n\t\t\t<div class=\"elementor-widget-wrap elementor-element-populated\">\n\t\t\t\t\t\t<div class=\"elementor-element elementor-element-7054ab95 elementor-widget elementor-widget-spacer\" data-id=\"7054ab95\" data-element_type=\"widget\" data-e-type=\"widget\" data-widget_type=\"spacer.default\">\n\t\t\t\t<div class=\"elementor-widget-container\">\n\t\t\t\t\t\t\t<div class=\"elementor-spacer\">\n\t\t\t<div class=\"elementor-spacer-inner\"><\/div>\n\t\t<\/div>\n\t\t\t\t\t\t<\/div>\n\t\t\t\t<\/div>\n\t\t\t\t<div class=\"elementor-element elementor-element-699e27f7 elementor-widget elementor-widget-heading\" data-id=\"699e27f7\" data-element_type=\"widget\" data-e-type=\"widget\" data-widget_type=\"heading.default\">\n\t\t\t\t<div class=\"elementor-widget-container\">\n\t\t\t\t\t<h2 class=\"elementor-heading-title elementor-size-default\">Autres mod\u00e8les de lettres utiles<\/h2>\t\t\t\t<\/div>\n\t\t\t\t<\/div>\n\t\t\t\t<div class=\"elementor-element elementor-element-444d09ca elementor-widget elementor-widget-text-editor\" data-id=\"444d09ca\" data-element_type=\"widget\" data-e-type=\"widget\" data-widget_type=\"text-editor.default\">\n\t\t\t\t<div class=\"elementor-widget-container\">\n\t\t\t\t\t\t\t\t\t<ul><li><a href=\"https:\/\/garantie.be\/fr\/modeles-lettres-gestion-bail\/lettre-resiliation-bail-longue-duree\/\">Lettre de r\u00e9siliation de bail de 9 ans<\/a><\/li><li><a href=\"https:\/\/garantie.be\/fr\/modeles-lettres-gestion-bail\/lettre-demande-restitution-garantie-locative\/\">Lettre de demande de restitution de garantie locative<\/a><\/li><li>Check-list \u00e9tat des lieux de sortie<\/li><\/ul>\t\t\t\t\t\t\t\t<\/div>\n\t\t\t\t<\/div>\n\t\t\t\t\t<\/div>\n\t\t<\/div>\n\t\t\t\t\t<\/div>\n\t\t<\/section>\n\t\t\t\t<\/div>\n\t\t","protected":false},"excerpt":{"rendered":"<p>Lettre de r\u00e9siliationbail courte dur\u00e9e R\u00e9siliation d&rsquo;un bail de courte dur\u00e9e Un bail de courte dur\u00e9e (1, 2 ou 3 ans) est conclu pour une dur\u00e9e d\u00e9termin\u00e9e, mais il est possible de le r\u00e9silier sous certaines conditions. Le pr\u00e9sent mod\u00e8le vous permet de notifier votre d\u00e9cision au bailleur dans le respect du pr\u00e9avis et des [&hellip;]<\/p>\n","protected":false},"author":1,"featured_media":0,"parent":18764,"menu_order":0,"comment_status":"closed","ping_status":"closed","template":"","meta":{"footnotes":""},"class_list":["post-19099","page","type-page","status-publish","hentry"],"yoast_head":"<!-- This site is optimized with the Yoast SEO plugin v27.3 - https:\/\/yoast.com\/product\/yoast-seo-wordpress\/ -->\n<title>Lettre r\u00e9siliation bail courte dur\u00e9e<\/title>\n<meta name=\"description\" content=\"T\u00e9l\u00e9charger gratuitement un mod\u00e8le de lettre de r\u00e9siliation d&#039;un bail de courte dur\u00e9e (1, 2 ou 3 ans) en format Word ou PDF\" \/>\n<meta name=\"robots\" content=\"index, follow, max-snippet:-1, max-image-preview:large, max-video-preview:-1\" \/>\n<link rel=\"canonical\" href=\"https:\/\/garantie.be\/fr\/modeles-lettres-gestion-bail\/lettre-resiliation-bail-courte-duree\/\" \/>\n<meta property=\"og:locale\" content=\"fr_FR\" \/>\n<meta property=\"og:type\" content=\"article\" \/>\n<meta property=\"og:title\" content=\"Lettre r\u00e9siliation bail courte dur\u00e9e\" \/>\n<meta property=\"og:description\" content=\"T\u00e9l\u00e9charger gratuitement un mod\u00e8le de lettre de r\u00e9siliation d&#039;un bail de courte dur\u00e9e (1, 2 ou 3 ans) en format Word ou PDF\" \/>\n<meta property=\"og:url\" content=\"https:\/\/garantie.be\/fr\/modeles-lettres-gestion-bail\/lettre-resiliation-bail-courte-duree\/\" \/>\n<meta property=\"og:site_name\" content=\"Garantie\" \/>\n<meta property=\"article:modified_time\" content=\"2026-01-19T08:10:02+00:00\" \/>\n<meta name=\"twitter:card\" content=\"summary_large_image\" \/>\n<meta name=\"twitter:label1\" content=\"Dur\u00e9e de lecture estim\u00e9e\" \/>\n\t<meta name=\"twitter:data1\" content=\"3 minutes\" \/>\n<script type=\"application\/ld+json\" class=\"yoast-schema-graph\">{\"@context\":\"https:\\\/\\\/schema.org\",\"@graph\":[{\"@type\":\"WebPage\",\"@id\":\"https:\\\/\\\/garantie.be\\\/fr\\\/modeles-lettres-gestion-bail\\\/lettre-resiliation-bail-courte-duree\\\/\",\"url\":\"https:\\\/\\\/garantie.be\\\/fr\\\/modeles-lettres-gestion-bail\\\/lettre-resiliation-bail-courte-duree\\\/\",\"name\":\"Lettre r\u00e9siliation bail courte dur\u00e9e\",\"isPartOf\":{\"@id\":\"https:\\\/\\\/garantie.be\\\/fr\\\/#website\"},\"datePublished\":\"2025-10-10T07:32:55+00:00\",\"dateModified\":\"2026-01-19T08:10:02+00:00\",\"description\":\"T\u00e9l\u00e9charger gratuitement un mod\u00e8le de lettre de r\u00e9siliation d'un bail de courte dur\u00e9e (1, 2 ou 3 ans) en format Word ou PDF\",\"breadcrumb\":{\"@id\":\"https:\\\/\\\/garantie.be\\\/fr\\\/modeles-lettres-gestion-bail\\\/lettre-resiliation-bail-courte-duree\\\/#breadcrumb\"},\"inLanguage\":\"fr-FR\",\"potentialAction\":[{\"@type\":\"ReadAction\",\"target\":[\"https:\\\/\\\/garantie.be\\\/fr\\\/modeles-lettres-gestion-bail\\\/lettre-resiliation-bail-courte-duree\\\/\"]}]},{\"@type\":\"BreadcrumbList\",\"@id\":\"https:\\\/\\\/garantie.be\\\/fr\\\/modeles-lettres-gestion-bail\\\/lettre-resiliation-bail-courte-duree\\\/#breadcrumb\",\"itemListElement\":[{\"@type\":\"ListItem\",\"position\":1,\"name\":\"Accueil\",\"item\":\"https:\\\/\\\/garantie.be\\\/fr\\\/\"},{\"@type\":\"ListItem\",\"position\":2,\"name\":\"Mod\u00e8les de lettres et outils pratique pour la gestion du logement\",\"item\":\"https:\\\/\\\/garantie.be\\\/fr\\\/modeles-lettres-gestion-bail\\\/\"},{\"@type\":\"ListItem\",\"position\":3,\"name\":\"Lettre r\u00e9siliation bail courte dur\u00e9e\"}]},{\"@type\":\"WebSite\",\"@id\":\"https:\\\/\\\/garantie.be\\\/fr\\\/#website\",\"url\":\"https:\\\/\\\/garantie.be\\\/fr\\\/\",\"name\":\"Garantie\",\"description\":\"\",\"publisher\":{\"@id\":\"https:\\\/\\\/garantie.be\\\/fr\\\/#organization\"},\"potentialAction\":[{\"@type\":\"SearchAction\",\"target\":{\"@type\":\"EntryPoint\",\"urlTemplate\":\"https:\\\/\\\/garantie.be\\\/fr\\\/?s={search_term_string}\"},\"query-input\":{\"@type\":\"PropertyValueSpecification\",\"valueRequired\":true,\"valueName\":\"search_term_string\"}}],\"inLanguage\":\"fr-FR\"},{\"@type\":\"Organization\",\"@id\":\"https:\\\/\\\/garantie.be\\\/fr\\\/#organization\",\"name\":\"Garantie.be\",\"url\":\"https:\\\/\\\/garantie.be\\\/fr\\\/\",\"logo\":{\"@type\":\"ImageObject\",\"inLanguage\":\"fr-FR\",\"@id\":\"https:\\\/\\\/garantie.be\\\/fr\\\/#\\\/schema\\\/logo\\\/image\\\/\",\"url\":\"\",\"contentUrl\":\"\",\"caption\":\"Garantie.be\"},\"image\":{\"@id\":\"https:\\\/\\\/garantie.be\\\/fr\\\/#\\\/schema\\\/logo\\\/image\\\/\"}}]}<\/script>\n<!-- \/ Yoast SEO plugin. -->","yoast_head_json":{"title":"Lettre r\u00e9siliation bail courte dur\u00e9e","description":"T\u00e9l\u00e9charger gratuitement un mod\u00e8le de lettre de r\u00e9siliation d'un bail de courte dur\u00e9e (1, 2 ou 3 ans) en format Word ou PDF","robots":{"index":"index","follow":"follow","max-snippet":"max-snippet:-1","max-image-preview":"max-image-preview:large","max-video-preview":"max-video-preview:-1"},"canonical":"https:\/\/garantie.be\/fr\/modeles-lettres-gestion-bail\/lettre-resiliation-bail-courte-duree\/","og_locale":"fr_FR","og_type":"article","og_title":"Lettre r\u00e9siliation bail courte dur\u00e9e","og_description":"T\u00e9l\u00e9charger gratuitement un mod\u00e8le de lettre de r\u00e9siliation d'un bail de courte dur\u00e9e (1, 2 ou 3 ans) en format Word ou PDF","og_url":"https:\/\/garantie.be\/fr\/modeles-lettres-gestion-bail\/lettre-resiliation-bail-courte-duree\/","og_site_name":"Garantie","article_modified_time":"2026-01-19T08:10:02+00:00","twitter_card":"summary_large_image","twitter_misc":{"Dur\u00e9e de lecture estim\u00e9e":"3 minutes"},"schema":{"@context":"https:\/\/schema.org","@graph":[{"@type":"WebPage","@id":"https:\/\/garantie.be\/fr\/modeles-lettres-gestion-bail\/lettre-resiliation-bail-courte-duree\/","url":"https:\/\/garantie.be\/fr\/modeles-lettres-gestion-bail\/lettre-resiliation-bail-courte-duree\/","name":"Lettre r\u00e9siliation bail courte dur\u00e9e","isPartOf":{"@id":"https:\/\/garantie.be\/fr\/#website"},"datePublished":"2025-10-10T07:32:55+00:00","dateModified":"2026-01-19T08:10:02+00:00","description":"T\u00e9l\u00e9charger gratuitement un mod\u00e8le de lettre de r\u00e9siliation d'un bail de courte dur\u00e9e (1, 2 ou 3 ans) en format Word ou PDF","breadcrumb":{"@id":"https:\/\/garantie.be\/fr\/modeles-lettres-gestion-bail\/lettre-resiliation-bail-courte-duree\/#breadcrumb"},"inLanguage":"fr-FR","potentialAction":[{"@type":"ReadAction","target":["https:\/\/garantie.be\/fr\/modeles-lettres-gestion-bail\/lettre-resiliation-bail-courte-duree\/"]}]},{"@type":"BreadcrumbList","@id":"https:\/\/garantie.be\/fr\/modeles-lettres-gestion-bail\/lettre-resiliation-bail-courte-duree\/#breadcrumb","itemListElement":[{"@type":"ListItem","position":1,"name":"Accueil","item":"https:\/\/garantie.be\/fr\/"},{"@type":"ListItem","position":2,"name":"Mod\u00e8les de lettres et outils pratique pour la gestion du logement","item":"https:\/\/garantie.be\/fr\/modeles-lettres-gestion-bail\/"},{"@type":"ListItem","position":3,"name":"Lettre r\u00e9siliation bail courte dur\u00e9e"}]},{"@type":"WebSite","@id":"https:\/\/garantie.be\/fr\/#website","url":"https:\/\/garantie.be\/fr\/","name":"Garantie","description":"","publisher":{"@id":"https:\/\/garantie.be\/fr\/#organization"},"potentialAction":[{"@type":"SearchAction","target":{"@type":"EntryPoint","urlTemplate":"https:\/\/garantie.be\/fr\/?s={search_term_string}"},"query-input":{"@type":"PropertyValueSpecification","valueRequired":true,"valueName":"search_term_string"}}],"inLanguage":"fr-FR"},{"@type":"Organization","@id":"https:\/\/garantie.be\/fr\/#organization","name":"Garantie.be","url":"https:\/\/garantie.be\/fr\/","logo":{"@type":"ImageObject","inLanguage":"fr-FR","@id":"https:\/\/garantie.be\/fr\/#\/schema\/logo\/image\/","url":"","contentUrl":"","caption":"Garantie.be"},"image":{"@id":"https:\/\/garantie.be\/fr\/#\/schema\/logo\/image\/"}}]}},"_links":{"self":[{"href":"https:\/\/garantie.be\/fr\/wp-json\/wp\/v2\/pages\/19099","targetHints":{"allow":["GET"]}}],"collection":[{"href":"https:\/\/garantie.be\/fr\/wp-json\/wp\/v2\/pages"}],"about":[{"href":"https:\/\/garantie.be\/fr\/wp-json\/wp\/v2\/types\/page"}],"author":[{"embeddable":true,"href":"https:\/\/garantie.be\/fr\/wp-json\/wp\/v2\/users\/1"}],"replies":[{"embeddable":true,"href":"https:\/\/garantie.be\/fr\/wp-json\/wp\/v2\/comments?post=19099"}],"version-history":[{"count":0,"href":"https:\/\/garantie.be\/fr\/wp-json\/wp\/v2\/pages\/19099\/revisions"}],"up":[{"embeddable":true,"href":"https:\/\/garantie.be\/fr\/wp-json\/wp\/v2\/pages\/18764"}],"wp:attachment":[{"href":"https:\/\/garantie.be\/fr\/wp-json\/wp\/v2\/media?parent=19099"}],"curies":[{"name":"wp","href":"https:\/\/api.w.org\/{rel}","templated":true}]}}