{"id":19634,"date":"2025-10-22T18:32:14","date_gmt":"2025-10-22T16:32:14","guid":{"rendered":"https:\/\/garantie.be\/?page_id=19634"},"modified":"2026-01-19T09:36:05","modified_gmt":"2026-01-19T08:36:05","slug":"modele-bail-etudiant","status":"publish","type":"page","link":"https:\/\/garantie.be\/fr\/modeles-lettres-gestion-bail\/modele-bail-etudiant\/","title":{"rendered":"Mod\u00e8le gratuit de bail \u00e9tudiant (kot en Belgique)"},"content":{"rendered":"\t\t<div data-elementor-type=\"wp-page\" data-elementor-id=\"19634\" class=\"elementor elementor-19634\" data-elementor-post-type=\"page\">\n\t\t\t\t\t\t<section class=\"elementor-section elementor-top-section elementor-element elementor-element-64a02cb0 elementor-section-boxed elementor-section-height-default elementor-section-height-default\" data-id=\"64a02cb0\" data-element_type=\"section\" data-e-type=\"section\">\n\t\t\t\t\t\t<div class=\"elementor-container elementor-column-gap-default\">\n\t\t\t\t\t<div class=\"elementor-column elementor-col-100 elementor-top-column elementor-element elementor-element-27a93d43\" data-id=\"27a93d43\" data-element_type=\"column\" data-e-type=\"column\">\n\t\t\t<div class=\"elementor-widget-wrap elementor-element-populated\">\n\t\t\t\t\t\t<div class=\"elementor-element elementor-element-7812b74d elementor-widget elementor-widget-spacer\" data-id=\"7812b74d\" data-element_type=\"widget\" data-e-type=\"widget\" data-widget_type=\"spacer.default\">\n\t\t\t\t<div class=\"elementor-widget-container\">\n\t\t\t\t\t\t\t<div class=\"elementor-spacer\">\n\t\t\t<div class=\"elementor-spacer-inner\"><\/div>\n\t\t<\/div>\n\t\t\t\t\t\t<\/div>\n\t\t\t\t<\/div>\n\t\t\t\t<div class=\"elementor-element elementor-element-54932cbc elementor-widget elementor-widget-heading\" data-id=\"54932cbc\" data-element_type=\"widget\" data-e-type=\"widget\" data-widget_type=\"heading.default\">\n\t\t\t\t<div class=\"elementor-widget-container\">\n\t\t\t\t\t<h1 class=\"elementor-heading-title elementor-size-default\">Mod\u00e8le de<br>\n<b>bail \u00e9tudiant<\/b><\/h1>\t\t\t\t<\/div>\n\t\t\t\t<\/div>\n\t\t\t\t<div class=\"elementor-element elementor-element-46de2acb elementor-widget elementor-widget-spacer\" data-id=\"46de2acb\" data-element_type=\"widget\" data-e-type=\"widget\" data-widget_type=\"spacer.default\">\n\t\t\t\t<div class=\"elementor-widget-container\">\n\t\t\t\t\t\t\t<div class=\"elementor-spacer\">\n\t\t\t<div class=\"elementor-spacer-inner\"><\/div>\n\t\t<\/div>\n\t\t\t\t\t\t<\/div>\n\t\t\t\t<\/div>\n\t\t\t\t<div class=\"elementor-element elementor-element-44891721 elementor-widget elementor-widget-text-editor\" data-id=\"44891721\" data-element_type=\"widget\" data-e-type=\"widget\" data-widget_type=\"text-editor.default\">\n\t\t\t\t<div class=\"elementor-widget-container\">\n\t\t\t\t\t\t\t\t\t<p>Ce mod\u00e8le de contrat de bail \u00e9tudiant est con\u00e7u pour les kots, chambres et studios lou\u00e9s par des \u00e9tudiants en Belgique. Compl\u00e9tez les champs entre crochets [ \u2026 ] et choisissez les options (Bruxelles \/ Wallonie \/ Flandre) indiqu\u00e9es dans certaines clauses pour rester conforme aux r\u00e8gles r\u00e9gionales.<\/p>\t\t\t\t\t\t\t\t<\/div>\n\t\t\t\t<\/div>\n\t\t\t\t<div class=\"elementor-element elementor-element-c2f660c elementor-widget elementor-widget-heading\" data-id=\"c2f660c\" data-element_type=\"widget\" data-e-type=\"widget\" data-widget_type=\"heading.default\">\n\t\t\t\t<div class=\"elementor-widget-container\">\n\t\t\t\t\t<h2 class=\"elementor-heading-title elementor-size-default\">Mod\u00e8le de bail \u00e9tudiant gratuit \u00e0 t\u00e9l\u00e9charger<\/h2>\t\t\t\t<\/div>\n\t\t\t\t<\/div>\n\t\t\t\t<div class=\"elementor-element elementor-element-5ec20914 elementor-widget elementor-widget-text-editor\" data-id=\"5ec20914\" data-element_type=\"widget\" data-e-type=\"widget\" data-widget_type=\"text-editor.default\">\n\t\t\t\t<div class=\"elementor-widget-container\">\n\t\t\t\t\t\t\t\t\t<p>Vous pouvez copier le texte ci-dessous et le personnaliser avec vos informations. Vous pouvez \u00e9galement <strong>t\u00e9l\u00e9charger gratuitement les versions pr\u00eates \u00e0 remplir<\/strong> en format Word ou PDF disponible un peu plus bas dans la page \u2b07\ufe0f.<\/p>\t\t\t\t\t\t\t\t<\/div>\n\t\t\t\t<\/div>\n\t\t\t\t<div class=\"elementor-element elementor-element-13003d8 elementor-widget elementor-widget-text-editor\" data-id=\"13003d8\" data-element_type=\"widget\" data-e-type=\"widget\" data-widget_type=\"text-editor.default\">\n\t\t\t\t<div class=\"elementor-widget-container\">\n\t\t\t\t\t\t\t\t\t<section class=\"modele-lettre\">\n  <div class=\"zone-lettre\">\n    <p><strong>Informations bailleur<\/strong><br>\n    <span class=\"champ\">[Nom et pr\u00e9nom du bailleur]<\/span><br>\n    <span class=\"champ\">[Adresse compl\u00e8te]<\/span><br>\n    <span class=\"champ\">[Code postal, Commune]<\/span><br>\n    T\u00e9l\u00e9phone : &#8230;&#8230;&#8230;&#8230;&#8230;&#8230;&#8230;&#8230;&#8230;&#8230;&#8230;&#8230;&#8230;&#8230;&#8230;.<br>\n    E-mail : &#8230;&#8230;&#8230;&#8230;&#8230;&#8230;&#8230;&#8230;&#8230;&#8230;&#8230;&#8230;&#8230;&#8230;&#8230;&#8230;&#8230;<\/p>\n\n    <p><strong>Informations locataire (\u00e9tudiant)<\/strong><br>\n    <span class=\"champ\">[Nom et pr\u00e9nom de l\u2019\u00e9tudiant]<\/span><br>\n    <span class=\"champ\">[Adresse du domicile principal]<\/span><br>\n    <span class=\"champ\">[Date de naissance]<\/span><br>\n    <span class=\"champ\">[\u00c9tablissement d\u2019enseignement fr\u00e9quent\u00e9]<\/span><br>\n    T\u00e9l\u00e9phone : &#8230;&#8230;&#8230;&#8230;&#8230;&#8230;&#8230;&#8230;&#8230;&#8230;&#8230;&#8230;&#8230;&#8230;&#8230;.<br>\n    E-mail : &#8230;&#8230;&#8230;&#8230;&#8230;&#8230;&#8230;&#8230;&#8230;&#8230;&#8230;&#8230;&#8230;&#8230;&#8230;&#8230;&#8230;<\/p>\n\n    <p><strong>Objet :<\/strong> Contrat de bail \u00e9tudiant (kot)<\/p>\n\n    <p>\n      Entre le bailleur susmentionn\u00e9 et l\u2019\u00e9tudiant ci-dessus d\u00e9sign\u00e9, il est convenu ce qui suit :\n    <\/p>\n\n    <p><strong>Article 1 \u2013 Logement lou\u00e9<\/strong><br>\n    Le bailleur donne en location \u00e0 l\u2019\u00e9tudiant un logement situ\u00e9 \u00e0 \n    <span class=\"champ\">[adresse compl\u00e8te du logement]<\/span>, \n    comprenant <span class=\"champ\">[description du bien : chambre, studio, appartement]<\/span>,\n    d\u2019une superficie approximative de <span class=\"champ\">[m\u00b2]<\/span>.\n    <\/p>\n\n    <p><strong>Article 2 \u2013 Destination du bien<\/strong><br>\n    Le bien est exclusivement destin\u00e9 \u00e0 servir de <strong>r\u00e9sidence d\u2019\u00e9tudes<\/strong>.\n    Toute autre utilisation est interdite sans accord \u00e9crit du bailleur.\n    <\/p>\n\n    <p><strong>Article 3 \u2013 Dur\u00e9e du bail<\/strong><br>\n    Le pr\u00e9sent bail est conclu pour une dur\u00e9e de <span class=\"champ\">[X mois]<\/span>,\n    prenant cours le <span class=\"champ\">[date de d\u00e9but]<\/span> et se terminant le \n    <span class=\"champ\">[date de fin]<\/span>.<br>\n    \u00c0 l\u2019\u00e9ch\u00e9ance, le bail prend fin de plein droit, sauf accord \u00e9crit de reconduction.\n    <\/p>\n\n    <p><strong>Article 4 \u2013 Loyer et charges<\/strong><br>\n    Le loyer mensuel est fix\u00e9 \u00e0 <span class=\"champ\">[montant en euros]<\/span> \u20ac, payable d\u2019avance chaque mois.<br>\n    Les charges locatives comprennent : <span class=\"champ\">[liste : eau, chauffage, \u00e9lectricit\u00e9, internet, etc.]<\/span>.<br>\n    Ces charges sont calcul\u00e9es sur base <span class=\"champ\">[forfaitaire \/ provisionnelle avec r\u00e9gularisation annuelle]<\/span>.\n    <\/p>\n\n    <p><strong>Article 5 \u2013 Garantie locative<\/strong><br>\n    L\u2019\u00e9tudiant verse une garantie locative de <span class=\"champ\">[montant en euros]<\/span> \u20ac, \n    d\u00e9pos\u00e9e selon les modalit\u00e9s l\u00e9gales en vigueur dans la r\u00e9gion concern\u00e9e.\n    <\/p>\n\n    <p><strong>Article 6 \u2013 \u00c9tat des lieux<\/strong><br>\n    Un \u00e9tat des lieux d\u2019entr\u00e9e contradictoire sera \u00e9tabli au plus tard le \n    <span class=\"champ\">[date]<\/span>. \n    Un \u00e9tat des lieux de sortie sera \u00e9tabli au d\u00e9part de l\u2019\u00e9tudiant.\n    <\/p>\n\n    <p><strong>Article 7 \u2013 Assurance<\/strong><br>\n    L\u2019\u00e9tudiant s\u2019engage \u00e0 souscrire une assurance couvrant sa responsabilit\u00e9 locative\n    et \u00e0 en fournir la preuve avant son entr\u00e9e dans les lieux.\n    <\/p>\n\n    <p><strong>Article 8 \u2013 R\u00e9siliation et pr\u00e9avis<\/strong><br>\n    Conform\u00e9ment \u00e0 la l\u00e9gislation r\u00e9gionale :\n    <\/p>\n    <ul>\n      <li><strong>R\u00e9gion Bruxelles-Capitale<\/strong> : l\u2019\u00e9tudiant peut r\u00e9silier \u00e0 tout moment moyennant un pr\u00e9avis de 2 mois.<\/li>\n      <li><strong>R\u00e9gion Wallonie<\/strong> : l\u2019\u00e9tudiant peut r\u00e9silier jusqu\u2019au 15 mars avec pr\u00e9avis de 2 mois.<\/li>\n      <li><strong>R\u00e9gion Flandre<\/strong> : r\u00e8gles sp\u00e9cifiques du \u00ab Vlaams Woninghuurdecreet \u00bb (pr\u00e9avis de 2 mois).<\/li>\n    <\/ul>\n    <p>\n      Le bailleur peut r\u00e9silier uniquement \u00e0 l\u2019\u00e9ch\u00e9ance du bail avec un pr\u00e9avis de 3 mois.\n    <\/p>\n\n    <p><strong>Article 9 \u2013 Entretien et r\u00e9parations<\/strong><br>\n    L\u2019\u00e9tudiant doit entretenir le logement, proc\u00e9der aux petites r\u00e9parations d\u2019usage,\n    et avertir imm\u00e9diatement le bailleur en cas de d\u00e9g\u00e2ts ou dysfonctionnements.\n    <\/p>\n\n    <p><strong>Article 10 \u2013 R\u00e8glement int\u00e9rieur<\/strong><br>\n    L\u2019\u00e9tudiant s\u2019engage \u00e0 respecter le r\u00e8glement int\u00e9rieur annex\u00e9 au pr\u00e9sent bail\n    concernant le calme, la propret\u00e9 et la s\u00e9curit\u00e9 du b\u00e2timent.\n    <\/p>\n\n    <p><strong>Article 11 \u2013 Annexes<\/strong><br>\n    Sont annex\u00e9s au pr\u00e9sent bail :\n    <\/p>\n    <ul>\n      <li>Attestation d\u2019inscription ou copie de la carte d\u2019\u00e9tudiant<\/li>\n      <li>\u00c9tat des lieux d\u2019entr\u00e9e<\/li>\n      <li>Attestation d\u2019assurance locative<\/li>\n      <li>R\u00e8glement d\u2019ordre int\u00e9rieur<\/li>\n    <\/ul>\n\n    <p><strong>Article 12 \u2013 Fait \u00e0<\/strong> \n    <span class=\"champ\">[Ville]<\/span>, le <span class=\"champ\">[Date]<\/span>.\n    <\/p>\n\n    <p style=\"text-align:left;\">\n      <strong>Le bailleur<\/strong> : &#8230;&#8230;&#8230;&#8230;&#8230;&#8230;&#8230;&#8230;&#8230;&#8230;&#8230;&#8230;&#8230;&#8230;&#8230;<br><br>\n      <strong>L\u2019\u00e9tudiant locataire<\/strong> : &#8230;&#8230;&#8230;&#8230;&#8230;&#8230;&#8230;&#8230;&#8230;&#8230;&#8230;&#8230;&#8230;&#8230;&#8230;\n    <\/p>\n  <\/div>\n<\/section>\n\n<style>\n  .modele-lettre {\n    background:#fafafa;\n    padding:20px;\n    border-radius:8px;\n    font-family:\"Segoe UI\", Roboto, sans-serif;\n    line-height:1.6;\n  }\n  .modele-lettre .champ {\n    background-color:#f1f1f1;\n    padding:2px 6px;\n    border-radius:3px;\n  }\n  .zone-lettre {\n    background:#fff;\n    padding:20px;\n    border:1px solid #ddd;\n    border-radius:6px;\n  }\n  .zone-lettre ul {\n    margin:10px 0 10px 20px;\n  }\n<\/style>\n\t\t\t\t\t\t\t\t<\/div>\n\t\t\t\t<\/div>\n\t\t\t\t<div class=\"elementor-element elementor-element-74f6a721 elementor-widget elementor-widget-spacer\" data-id=\"74f6a721\" data-element_type=\"widget\" data-e-type=\"widget\" data-widget_type=\"spacer.default\">\n\t\t\t\t<div class=\"elementor-widget-container\">\n\t\t\t\t\t\t\t<div class=\"elementor-spacer\">\n\t\t\t<div class=\"elementor-spacer-inner\"><\/div>\n\t\t<\/div>\n\t\t\t\t\t\t<\/div>\n\t\t\t\t<\/div>\n\t\t\t\t<div class=\"elementor-element elementor-element-10b47e90 elementor-widget elementor-widget-heading\" data-id=\"10b47e90\" data-element_type=\"widget\" data-e-type=\"widget\" data-widget_type=\"heading.default\">\n\t\t\t\t<div class=\"elementor-widget-container\">\n\t\t\t\t\t<h3 class=\"elementor-heading-title elementor-size-default\">T\u00e9l\u00e9chargements en format Word ou PDF<\/h3>\t\t\t\t<\/div>\n\t\t\t\t<\/div>\n\t\t\t\t<div class=\"elementor-element elementor-element-626cba91 elementor-widget elementor-widget-text-editor\" data-id=\"626cba91\" data-element_type=\"widget\" data-e-type=\"widget\" data-widget_type=\"text-editor.default\">\n\t\t\t\t<div class=\"elementor-widget-container\">\n\t\t\t\t\t\t\t\t\t<p>\u2b07\ufe0f T\u00e9l\u00e9charger le mod\u00e8le de <a href=\"https:\/\/garantie.be\/wp-content\/uploads\/2025\/10\/Modele-de-contrat-de-bail-etudiant.docx\">contrat de bail de location \u00e9tudiant au format Word<\/a> (.docx)<\/p><p>\u2b07\ufe0f T\u00e9l\u00e9charger le mod\u00e8le de <a href=\"https:\/\/garantie.be\/wp-content\/uploads\/2025\/10\/Modele-de-contrat-de-bail-etudiant.pdf\">contrat de bail de location \u00e9tudiant au format PDF<\/a> (.pdf)<\/p>\t\t\t\t\t\t\t\t<\/div>\n\t\t\t\t<\/div>\n\t\t\t\t\t<\/div>\n\t\t<\/div>\n\t\t\t\t\t<\/div>\n\t\t<\/section>\n\t\t\t\t<section class=\"elementor-section elementor-top-section elementor-element elementor-element-7e661571 elementor-section-content-middle elementor-section-height-min-height elementor-section-items-stretch elementor-section-boxed elementor-section-height-default\" data-id=\"7e661571\" data-element_type=\"section\" data-e-type=\"section\">\n\t\t\t\t\t\t<div class=\"elementor-container elementor-column-gap-no\">\n\t\t\t\t\t<div class=\"elementor-column elementor-col-100 elementor-top-column elementor-element elementor-element-595ed3f8\" data-id=\"595ed3f8\" data-element_type=\"column\" data-e-type=\"column\" data-settings=\"{&quot;background_background&quot;:&quot;classic&quot;}\">\n\t\t\t<div class=\"elementor-widget-wrap elementor-element-populated\">\n\t\t\t\t\t\t<div class=\"elementor-element elementor-element-6ef404b4 elementor-widget elementor-widget-text-editor\" data-id=\"6ef404b4\" data-element_type=\"widget\" data-e-type=\"widget\" data-widget_type=\"text-editor.default\">\n\t\t\t\t<div class=\"elementor-widget-container\">\n\t\t\t\t\t\t\t\t\t<p>Compl\u00e9tez notre formulaire pour obtenir une <a href=\"https:\/\/garantie.be\/fr\/garantie-locative-en-ligne\/\">garantie locative en ligne<\/a> pour un kot. Vous ne bloquez pas d\u2019argent, vous obtenez une r\u00e9ponse en quelques heures.<\/p>\t\t\t\t\t\t\t\t<\/div>\n\t\t\t\t<\/div>\n\t\t\t\t<div class=\"elementor-element elementor-element-7cef9bd4 elementor-mobile-align-center elementor-align-center elementor-widget elementor-widget-button\" data-id=\"7cef9bd4\" data-element_type=\"widget\" data-e-type=\"widget\" data-widget_type=\"button.default\">\n\t\t\t\t<div class=\"elementor-widget-container\">\n\t\t\t\t\t\t\t\t\t<div class=\"elementor-button-wrapper\">\n\t\t\t\t\t<a class=\"elementor-button elementor-button-link elementor-size-sm\" href=\"https:\/\/account.garantie.be\/fr\/register\/lease\">\n\t\t\t\t\t\t<span class=\"elementor-button-content-wrapper\">\n\t\t\t\t\t\t\t\t\t<span class=\"elementor-button-text\">Formulaire garantie locative 100% en ligne<\/span>\n\t\t\t\t\t<\/span>\n\t\t\t\t\t<\/a>\n\t\t\t\t<\/div>\n\t\t\t\t\t\t\t\t<\/div>\n\t\t\t\t<\/div>\n\t\t\t\t\t<\/div>\n\t\t<\/div>\n\t\t\t\t\t<\/div>\n\t\t<\/section>\n\t\t\t\t<section class=\"elementor-section elementor-top-section elementor-element elementor-element-7528823f elementor-section-boxed elementor-section-height-default elementor-section-height-default\" data-id=\"7528823f\" data-element_type=\"section\" data-e-type=\"section\">\n\t\t\t\t\t\t<div class=\"elementor-container elementor-column-gap-default\">\n\t\t\t\t\t<div class=\"elementor-column elementor-col-100 elementor-top-column elementor-element elementor-element-564e3bb2\" data-id=\"564e3bb2\" data-element_type=\"column\" data-e-type=\"column\">\n\t\t\t<div class=\"elementor-widget-wrap elementor-element-populated\">\n\t\t\t\t\t\t<div class=\"elementor-element elementor-element-7588e74e elementor-widget elementor-widget-spacer\" data-id=\"7588e74e\" data-element_type=\"widget\" data-e-type=\"widget\" data-widget_type=\"spacer.default\">\n\t\t\t\t<div class=\"elementor-widget-container\">\n\t\t\t\t\t\t\t<div class=\"elementor-spacer\">\n\t\t\t<div class=\"elementor-spacer-inner\"><\/div>\n\t\t<\/div>\n\t\t\t\t\t\t<\/div>\n\t\t\t\t<\/div>\n\t\t\t\t<div class=\"elementor-element elementor-element-74443212 elementor-widget elementor-widget-heading\" data-id=\"74443212\" data-element_type=\"widget\" data-e-type=\"widget\" data-widget_type=\"heading.default\">\n\t\t\t\t<div class=\"elementor-widget-container\">\n\t\t\t\t\t<h2 class=\"elementor-heading-title elementor-size-default\">Autres mod\u00e8les de lettres utiles<\/h2>\t\t\t\t<\/div>\n\t\t\t\t<\/div>\n\t\t\t\t<div class=\"elementor-element elementor-element-178d8418 elementor-widget elementor-widget-text-editor\" data-id=\"178d8418\" data-element_type=\"widget\" data-e-type=\"widget\" data-widget_type=\"text-editor.default\">\n\t\t\t\t<div class=\"elementor-widget-container\">\n\t\t\t\t\t\t\t\t\t<ul><li><a href=\"https:\/\/garantie.be\/fr\/modeles-lettres-gestion-bail\/modele-contrat-bail-bruxelles\/\">Mod\u00e8le de bail pour Bruxelles<\/a><\/li><li>Mod\u00e8le de bail de location courte dur\u00e9e<\/li><li><a href=\"https:\/\/garantie.be\/fr\/modeles-lettres-gestion-bail\/check-list-controle-visite-logement\/\">Check-list de visite d&rsquo;un logement \u00e0 louer<\/a><\/li><\/ul>\t\t\t\t\t\t\t\t<\/div>\n\t\t\t\t<\/div>\n\t\t\t\t\t<\/div>\n\t\t<\/div>\n\t\t\t\t\t<\/div>\n\t\t<\/section>\n\t\t\t\t<\/div>\n\t\t","protected":false},"excerpt":{"rendered":"<p>Mod\u00e8le de bail \u00e9tudiant Ce mod\u00e8le de contrat de bail \u00e9tudiant est con\u00e7u pour les kots, chambres et studios lou\u00e9s par des \u00e9tudiants en Belgique. Compl\u00e9tez les champs entre crochets [ \u2026 ] et choisissez les options (Bruxelles \/ Wallonie \/ Flandre) indiqu\u00e9es dans certaines clauses pour rester conforme aux r\u00e8gles r\u00e9gionales. Mod\u00e8le de bail [&hellip;]<\/p>\n","protected":false},"author":1,"featured_media":0,"parent":18764,"menu_order":0,"comment_status":"closed","ping_status":"closed","template":"","meta":{"footnotes":""},"class_list":["post-19634","page","type-page","status-publish","hentry"],"yoast_head":"<!-- This site is optimized with the Yoast SEO plugin v27.3 - https:\/\/yoast.com\/product\/yoast-seo-wordpress\/ -->\n<title>Mod\u00e8le gratuit de bail \u00e9tudiant (kot en Belgique)<\/title>\n<meta name=\"description\" content=\"Mod\u00e8le de bail \u00e9tudiant t\u00e9l\u00e9chargeable gratuitement en format Word et PDF pour un kot valable dans les 3 r\u00e9gions en Belgique\" \/>\n<meta name=\"robots\" content=\"index, follow, max-snippet:-1, max-image-preview:large, max-video-preview:-1\" \/>\n<link rel=\"canonical\" href=\"https:\/\/garantie.be\/fr\/modeles-lettres-gestion-bail\/modele-bail-etudiant\/\" \/>\n<meta property=\"og:locale\" content=\"fr_FR\" \/>\n<meta property=\"og:type\" content=\"article\" \/>\n<meta property=\"og:title\" content=\"Mod\u00e8le gratuit de bail \u00e9tudiant (kot en Belgique)\" \/>\n<meta property=\"og:description\" content=\"Mod\u00e8le de bail \u00e9tudiant t\u00e9l\u00e9chargeable gratuitement en format Word et PDF pour un kot valable dans les 3 r\u00e9gions en Belgique\" \/>\n<meta property=\"og:url\" content=\"https:\/\/garantie.be\/fr\/modeles-lettres-gestion-bail\/modele-bail-etudiant\/\" \/>\n<meta property=\"og:site_name\" content=\"Garantie\" \/>\n<meta property=\"article:modified_time\" content=\"2026-01-19T08:36:05+00:00\" \/>\n<meta name=\"twitter:card\" content=\"summary_large_image\" \/>\n<meta name=\"twitter:label1\" content=\"Dur\u00e9e de lecture estim\u00e9e\" \/>\n\t<meta name=\"twitter:data1\" content=\"4 minutes\" \/>\n<script type=\"application\/ld+json\" class=\"yoast-schema-graph\">{\"@context\":\"https:\\\/\\\/schema.org\",\"@graph\":[{\"@type\":\"WebPage\",\"@id\":\"https:\\\/\\\/garantie.be\\\/fr\\\/modeles-lettres-gestion-bail\\\/modele-bail-etudiant\\\/\",\"url\":\"https:\\\/\\\/garantie.be\\\/fr\\\/modeles-lettres-gestion-bail\\\/modele-bail-etudiant\\\/\",\"name\":\"Mod\u00e8le gratuit de bail \u00e9tudiant (kot en Belgique)\",\"isPartOf\":{\"@id\":\"https:\\\/\\\/garantie.be\\\/fr\\\/#website\"},\"datePublished\":\"2025-10-22T16:32:14+00:00\",\"dateModified\":\"2026-01-19T08:36:05+00:00\",\"description\":\"Mod\u00e8le de bail \u00e9tudiant t\u00e9l\u00e9chargeable gratuitement en format Word et PDF pour un kot valable dans les 3 r\u00e9gions en Belgique\",\"breadcrumb\":{\"@id\":\"https:\\\/\\\/garantie.be\\\/fr\\\/modeles-lettres-gestion-bail\\\/modele-bail-etudiant\\\/#breadcrumb\"},\"inLanguage\":\"fr-FR\",\"potentialAction\":[{\"@type\":\"ReadAction\",\"target\":[\"https:\\\/\\\/garantie.be\\\/fr\\\/modeles-lettres-gestion-bail\\\/modele-bail-etudiant\\\/\"]}]},{\"@type\":\"BreadcrumbList\",\"@id\":\"https:\\\/\\\/garantie.be\\\/fr\\\/modeles-lettres-gestion-bail\\\/modele-bail-etudiant\\\/#breadcrumb\",\"itemListElement\":[{\"@type\":\"ListItem\",\"position\":1,\"name\":\"Accueil\",\"item\":\"https:\\\/\\\/garantie.be\\\/fr\\\/\"},{\"@type\":\"ListItem\",\"position\":2,\"name\":\"Mod\u00e8les de lettres et outils pratique pour la gestion du logement\",\"item\":\"https:\\\/\\\/garantie.be\\\/fr\\\/modeles-lettres-gestion-bail\\\/\"},{\"@type\":\"ListItem\",\"position\":3,\"name\":\"Mod\u00e8le gratuit de bail \u00e9tudiant (kot en Belgique)\"}]},{\"@type\":\"WebSite\",\"@id\":\"https:\\\/\\\/garantie.be\\\/fr\\\/#website\",\"url\":\"https:\\\/\\\/garantie.be\\\/fr\\\/\",\"name\":\"Garantie\",\"description\":\"\",\"publisher\":{\"@id\":\"https:\\\/\\\/garantie.be\\\/fr\\\/#organization\"},\"potentialAction\":[{\"@type\":\"SearchAction\",\"target\":{\"@type\":\"EntryPoint\",\"urlTemplate\":\"https:\\\/\\\/garantie.be\\\/fr\\\/?s={search_term_string}\"},\"query-input\":{\"@type\":\"PropertyValueSpecification\",\"valueRequired\":true,\"valueName\":\"search_term_string\"}}],\"inLanguage\":\"fr-FR\"},{\"@type\":\"Organization\",\"@id\":\"https:\\\/\\\/garantie.be\\\/fr\\\/#organization\",\"name\":\"Garantie.be\",\"url\":\"https:\\\/\\\/garantie.be\\\/fr\\\/\",\"logo\":{\"@type\":\"ImageObject\",\"inLanguage\":\"fr-FR\",\"@id\":\"https:\\\/\\\/garantie.be\\\/fr\\\/#\\\/schema\\\/logo\\\/image\\\/\",\"url\":\"\",\"contentUrl\":\"\",\"caption\":\"Garantie.be\"},\"image\":{\"@id\":\"https:\\\/\\\/garantie.be\\\/fr\\\/#\\\/schema\\\/logo\\\/image\\\/\"}}]}<\/script>\n<!-- \/ Yoast SEO plugin. -->","yoast_head_json":{"title":"Mod\u00e8le gratuit de bail \u00e9tudiant (kot en Belgique)","description":"Mod\u00e8le de bail \u00e9tudiant t\u00e9l\u00e9chargeable gratuitement en format Word et PDF pour un kot valable dans les 3 r\u00e9gions en Belgique","robots":{"index":"index","follow":"follow","max-snippet":"max-snippet:-1","max-image-preview":"max-image-preview:large","max-video-preview":"max-video-preview:-1"},"canonical":"https:\/\/garantie.be\/fr\/modeles-lettres-gestion-bail\/modele-bail-etudiant\/","og_locale":"fr_FR","og_type":"article","og_title":"Mod\u00e8le gratuit de bail \u00e9tudiant (kot en Belgique)","og_description":"Mod\u00e8le de bail \u00e9tudiant t\u00e9l\u00e9chargeable gratuitement en format Word et PDF pour un kot valable dans les 3 r\u00e9gions en Belgique","og_url":"https:\/\/garantie.be\/fr\/modeles-lettres-gestion-bail\/modele-bail-etudiant\/","og_site_name":"Garantie","article_modified_time":"2026-01-19T08:36:05+00:00","twitter_card":"summary_large_image","twitter_misc":{"Dur\u00e9e de lecture estim\u00e9e":"4 minutes"},"schema":{"@context":"https:\/\/schema.org","@graph":[{"@type":"WebPage","@id":"https:\/\/garantie.be\/fr\/modeles-lettres-gestion-bail\/modele-bail-etudiant\/","url":"https:\/\/garantie.be\/fr\/modeles-lettres-gestion-bail\/modele-bail-etudiant\/","name":"Mod\u00e8le gratuit de bail \u00e9tudiant (kot en Belgique)","isPartOf":{"@id":"https:\/\/garantie.be\/fr\/#website"},"datePublished":"2025-10-22T16:32:14+00:00","dateModified":"2026-01-19T08:36:05+00:00","description":"Mod\u00e8le de bail \u00e9tudiant t\u00e9l\u00e9chargeable gratuitement en format Word et PDF pour un kot valable dans les 3 r\u00e9gions en Belgique","breadcrumb":{"@id":"https:\/\/garantie.be\/fr\/modeles-lettres-gestion-bail\/modele-bail-etudiant\/#breadcrumb"},"inLanguage":"fr-FR","potentialAction":[{"@type":"ReadAction","target":["https:\/\/garantie.be\/fr\/modeles-lettres-gestion-bail\/modele-bail-etudiant\/"]}]},{"@type":"BreadcrumbList","@id":"https:\/\/garantie.be\/fr\/modeles-lettres-gestion-bail\/modele-bail-etudiant\/#breadcrumb","itemListElement":[{"@type":"ListItem","position":1,"name":"Accueil","item":"https:\/\/garantie.be\/fr\/"},{"@type":"ListItem","position":2,"name":"Mod\u00e8les de lettres et outils pratique pour la gestion du logement","item":"https:\/\/garantie.be\/fr\/modeles-lettres-gestion-bail\/"},{"@type":"ListItem","position":3,"name":"Mod\u00e8le gratuit de bail \u00e9tudiant (kot en Belgique)"}]},{"@type":"WebSite","@id":"https:\/\/garantie.be\/fr\/#website","url":"https:\/\/garantie.be\/fr\/","name":"Garantie","description":"","publisher":{"@id":"https:\/\/garantie.be\/fr\/#organization"},"potentialAction":[{"@type":"SearchAction","target":{"@type":"EntryPoint","urlTemplate":"https:\/\/garantie.be\/fr\/?s={search_term_string}"},"query-input":{"@type":"PropertyValueSpecification","valueRequired":true,"valueName":"search_term_string"}}],"inLanguage":"fr-FR"},{"@type":"Organization","@id":"https:\/\/garantie.be\/fr\/#organization","name":"Garantie.be","url":"https:\/\/garantie.be\/fr\/","logo":{"@type":"ImageObject","inLanguage":"fr-FR","@id":"https:\/\/garantie.be\/fr\/#\/schema\/logo\/image\/","url":"","contentUrl":"","caption":"Garantie.be"},"image":{"@id":"https:\/\/garantie.be\/fr\/#\/schema\/logo\/image\/"}}]}},"_links":{"self":[{"href":"https:\/\/garantie.be\/fr\/wp-json\/wp\/v2\/pages\/19634","targetHints":{"allow":["GET"]}}],"collection":[{"href":"https:\/\/garantie.be\/fr\/wp-json\/wp\/v2\/pages"}],"about":[{"href":"https:\/\/garantie.be\/fr\/wp-json\/wp\/v2\/types\/page"}],"author":[{"embeddable":true,"href":"https:\/\/garantie.be\/fr\/wp-json\/wp\/v2\/users\/1"}],"replies":[{"embeddable":true,"href":"https:\/\/garantie.be\/fr\/wp-json\/wp\/v2\/comments?post=19634"}],"version-history":[{"count":0,"href":"https:\/\/garantie.be\/fr\/wp-json\/wp\/v2\/pages\/19634\/revisions"}],"up":[{"embeddable":true,"href":"https:\/\/garantie.be\/fr\/wp-json\/wp\/v2\/pages\/18764"}],"wp:attachment":[{"href":"https:\/\/garantie.be\/fr\/wp-json\/wp\/v2\/media?parent=19634"}],"curies":[{"name":"wp","href":"https:\/\/api.w.org\/{rel}","templated":true}]}}