{"id":19708,"date":"2025-10-23T15:02:31","date_gmt":"2025-10-23T13:02:31","guid":{"rendered":"https:\/\/garantie.be\/?page_id=19708"},"modified":"2026-02-05T13:48:34","modified_gmt":"2026-02-05T12:48:34","slug":"partenaires-garantie-be","status":"publish","type":"page","link":"https:\/\/garantie.be\/fr\/partenaires-garantie-be\/","title":{"rendered":"Pr\u00e9sentation des partenaires du site garantie.be"},"content":{"rendered":"\t\t<div data-elementor-type=\"wp-page\" data-elementor-id=\"19708\" class=\"elementor elementor-19708\" data-elementor-post-type=\"page\">\n\t\t\t\t\t\t<section class=\"elementor-section elementor-top-section elementor-element elementor-element-4e711802 elementor-section-boxed elementor-section-height-default elementor-section-height-default\" data-id=\"4e711802\" data-element_type=\"section\" data-e-type=\"section\">\n\t\t\t\t\t\t<div class=\"elementor-container elementor-column-gap-default\">\n\t\t\t\t\t<div class=\"elementor-column elementor-col-100 elementor-top-column elementor-element elementor-element-6a1dac7a\" data-id=\"6a1dac7a\" data-element_type=\"column\" data-e-type=\"column\">\n\t\t\t<div class=\"elementor-widget-wrap elementor-element-populated\">\n\t\t\t\t\t\t<div class=\"elementor-element elementor-element-12f9803e elementor-widget elementor-widget-spacer\" data-id=\"12f9803e\" data-element_type=\"widget\" data-e-type=\"widget\" data-widget_type=\"spacer.default\">\n\t\t\t\t<div class=\"elementor-widget-container\">\n\t\t\t\t\t\t\t<div class=\"elementor-spacer\">\n\t\t\t<div class=\"elementor-spacer-inner\"><\/div>\n\t\t<\/div>\n\t\t\t\t\t\t<\/div>\n\t\t\t\t<\/div>\n\t\t\t\t<div class=\"elementor-element elementor-element-2c6ab149 elementor-widget elementor-widget-heading\" data-id=\"2c6ab149\" data-element_type=\"widget\" data-e-type=\"widget\" data-widget_type=\"heading.default\">\n\t\t\t\t<div class=\"elementor-widget-container\">\n\t\t\t\t\t<h1 class=\"elementor-heading-title elementor-size-default\">Partenaires de<br>\n<b>GARANTiE.BE<\/b><\/h1>\t\t\t\t<\/div>\n\t\t\t\t<\/div>\n\t\t\t\t<div class=\"elementor-element elementor-element-4d770326 elementor-widget elementor-widget-spacer\" data-id=\"4d770326\" data-element_type=\"widget\" data-e-type=\"widget\" data-widget_type=\"spacer.default\">\n\t\t\t\t<div class=\"elementor-widget-container\">\n\t\t\t\t\t\t\t<div class=\"elementor-spacer\">\n\t\t\t<div class=\"elementor-spacer-inner\"><\/div>\n\t\t<\/div>\n\t\t\t\t\t\t<\/div>\n\t\t\t\t<\/div>\n\t\t\t\t<div class=\"elementor-element elementor-element-73309db2 elementor-widget elementor-widget-text-editor\" data-id=\"73309db2\" data-element_type=\"widget\" data-e-type=\"widget\" data-widget_type=\"text-editor.default\">\n\t\t\t\t<div class=\"elementor-widget-container\">\n\t\t\t\t\t\t\t\t\t<p><a href=\"https:\/\/garantie.be\/fr\/\">garantie.be<\/a> collabore avec un r\u00e9seau de <strong>partenaires de confiance<\/strong> (\u00e9tablissements financiers, compagnies d\u2019assurances et acteurs du logement) afin de proposer aux locataires et aux propri\u00e9taires des<strong> solutions simples et 100 % digitales pour la constitution de leur garantie locative<\/strong>.<\/p><p><a href=\"https:\/\/garantie.be\/fr\/\">garantie.be<\/a> est \u00e9dit\u00e9 par GARANTIR SRL, soci\u00e9t\u00e9 belge agr\u00e9\u00e9e en tant que courtier en assurances et inscrite aupr\u00e8s de la FSMA (Autorit\u00e9 des services et march\u00e9s financiers).<\/p><p>Gr\u00e2ce \u00e0 ces partenariats, <a href=\"https:\/\/garantie.be\/fr\/\">garantie.be<\/a> assure un accompagnement complet et conforme aux exigences l\u00e9gales en Belgique, tout en offrant une exp\u00e9rience fluide et transparente aux utilisateurs, qu\u2019ils soient locataires, bailleurs ou agences immobili\u00e8res.<\/p>\t\t\t\t\t\t\t\t<\/div>\n\t\t\t\t<\/div>\n\t\t\t\t\t<\/div>\n\t\t<\/div>\n\t\t\t\t\t<\/div>\n\t\t<\/section>\n\t\t\t\t<section class=\"elementor-section elementor-top-section elementor-element elementor-element-c4239be elementor-section-boxed elementor-section-height-default elementor-section-height-default\" data-id=\"c4239be\" data-element_type=\"section\" data-e-type=\"section\">\n\t\t\t\t\t\t<div class=\"elementor-container elementor-column-gap-default\">\n\t\t\t\t\t<div class=\"elementor-column elementor-col-100 elementor-top-column elementor-element elementor-element-c52cb05\" data-id=\"c52cb05\" data-element_type=\"column\" data-e-type=\"column\">\n\t\t\t<div class=\"elementor-widget-wrap elementor-element-populated\">\n\t\t\t\t\t\t<div class=\"elementor-element elementor-element-68965926 elementor-widget-divider--view-line elementor-widget elementor-widget-divider\" data-id=\"68965926\" data-element_type=\"widget\" data-e-type=\"widget\" data-widget_type=\"divider.default\">\n\t\t\t\t<div class=\"elementor-widget-container\">\n\t\t\t\t\t\t\t<div class=\"elementor-divider\">\n\t\t\t<span class=\"elementor-divider-separator\">\n\t\t\t\t\t\t<\/span>\n\t\t<\/div>\n\t\t\t\t\t\t<\/div>\n\t\t\t\t<\/div>\n\t\t\t\t<div class=\"elementor-element elementor-element-a8ab795 elementor-widget elementor-widget-heading\" data-id=\"a8ab795\" data-element_type=\"widget\" data-e-type=\"widget\" data-widget_type=\"heading.default\">\n\t\t\t\t<div class=\"elementor-widget-container\">\n\t\t\t\t\t<h2 class=\"elementor-heading-title elementor-size-default\">Nos sites partenaires<\/h2>\t\t\t\t<\/div>\n\t\t\t\t<\/div>\n\t\t\t\t<div class=\"elementor-element elementor-element-0344b4a elementor-widget elementor-widget-text-editor\" data-id=\"0344b4a\" data-element_type=\"widget\" data-e-type=\"widget\" data-widget_type=\"text-editor.default\">\n\t\t\t\t<div class=\"elementor-widget-container\">\n\t\t\t\t\t\t\t\t\t<p>Nos partenaires proposent des services en ligne d\u00e9di\u00e9s aux locataires et aux bailleurs immobiliers.<\/p>\t\t\t\t\t\t\t\t<\/div>\n\t\t\t\t<\/div>\n\t\t\t\t<section class=\"elementor-section elementor-inner-section elementor-element elementor-element-2195c0ac elementor-section-boxed elementor-section-height-default elementor-section-height-default\" data-id=\"2195c0ac\" data-element_type=\"section\" data-e-type=\"section\">\n\t\t\t\t\t\t<div class=\"elementor-container elementor-column-gap-wider\">\n\t\t\t\t\t<div class=\"elementor-column elementor-col-50 elementor-inner-column elementor-element elementor-element-29a1153b\" data-id=\"29a1153b\" data-element_type=\"column\" data-e-type=\"column\">\n\t\t\t<div class=\"elementor-widget-wrap elementor-element-populated\">\n\t\t\t\t\t\t<div class=\"elementor-element elementor-element-1ca2ae4f elementor-position-left elementor-vertical-align-middle elementor-widget elementor-widget-image-box\" data-id=\"1ca2ae4f\" data-element_type=\"widget\" data-e-type=\"widget\" data-widget_type=\"image-box.default\">\n\t\t\t\t<div class=\"elementor-widget-container\">\n\t\t\t\t\t<div class=\"elementor-image-box-wrapper\"><figure class=\"elementor-image-box-img\"><a href=\"https:\/\/www.mon-etatdeslieux.be\/contact-expert-immobilier\/?utm_source=garantie&#038;utm_medium=referral&#038;utm_campaign=partenariat&#038;utm_content=cta\" target=\"_blank\" tabindex=\"-1\"><img fetchpriority=\"high\" decoding=\"async\" width=\"339\" height=\"320\" src=\"https:\/\/garantie.be\/wp-content\/uploads\/2025\/10\/Logo-mon-etatdeslieux.png\" class=\"attachment-full size-full wp-image-19196\" alt=\"Etat des lieux\" srcset=\"https:\/\/garantie.be\/wp-content\/uploads\/2025\/10\/Logo-mon-etatdeslieux.png 339w, https:\/\/garantie.be\/wp-content\/uploads\/2025\/10\/Logo-mon-etatdeslieux-300x283.png 300w\" sizes=\"(max-width: 339px) 100vw, 339px\" \/><\/a><\/figure><div class=\"elementor-image-box-content\"><h2 class=\"elementor-image-box-title\"><a href=\"https:\/\/www.mon-etatdeslieux.be\/contact-expert-immobilier\/?utm_source=garantie&#038;utm_medium=referral&#038;utm_campaign=partenariat&#038;utm_content=cta\" target=\"_blank\">Etat des lieux<\/a><\/h2><p class=\"elementor-image-box-description\">mon-EtatdesLieux.be est une plateforme sp\u00e9cialis\u00e9e dans les \u00e9tats des lieux r\u00e9alis\u00e9s par des experts agr\u00e9\u00e9s, une \u00e9tape essentielle pour prot\u00e9ger \u00e0 la fois le locataire et le bailleur lors de la location d\u2019un logement.<\/p><\/div><\/div>\t\t\t\t<\/div>\n\t\t\t\t<\/div>\n\t\t\t\t\t<\/div>\n\t\t<\/div>\n\t\t\t\t<div class=\"elementor-column elementor-col-50 elementor-inner-column elementor-element elementor-element-383d8a62\" data-id=\"383d8a62\" data-element_type=\"column\" data-e-type=\"column\">\n\t\t\t<div class=\"elementor-widget-wrap elementor-element-populated\">\n\t\t\t\t\t\t<div class=\"elementor-element elementor-element-5b753803 elementor-position-left elementor-vertical-align-middle elementor-widget elementor-widget-image-box\" data-id=\"5b753803\" data-element_type=\"widget\" data-e-type=\"widget\" data-widget_type=\"image-box.default\">\n\t\t\t\t<div class=\"elementor-widget-container\">\n\t\t\t\t\t<div class=\"elementor-image-box-wrapper\"><figure class=\"elementor-image-box-img\"><a href=\"https:\/\/webapp.swinz.be\/#\/home?referral_code=Garantir\" target=\"_blank\" tabindex=\"-1\"><img decoding=\"async\" width=\"231\" height=\"218\" src=\"https:\/\/garantie.be\/wp-content\/uploads\/2025\/10\/logo-swinz.png\" class=\"attachment-full size-full wp-image-19721\" alt=\"Swinz\" \/><\/a><\/figure><div class=\"elementor-image-box-content\"><h2 class=\"elementor-image-box-title\"><a href=\"https:\/\/webapp.swinz.be\/#\/home?referral_code=Garantir\" target=\"_blank\">Assurance incendie<\/a><\/h2><p class=\"elementor-image-box-description\">Swinz.be est une plateforme d\u2019assurance habitation innovante qui simplifie la souscription et la gestion des contrats en ligne, offrant aux locataires une couverture compl\u00e8te et transparente adapt\u00e9e \u00e0 chaque logement.<\/p><\/div><\/div>\t\t\t\t<\/div>\n\t\t\t\t<\/div>\n\t\t\t\t\t<\/div>\n\t\t<\/div>\n\t\t\t\t\t<\/div>\n\t\t<\/section>\n\t\t\t\t\t<\/div>\n\t\t<\/div>\n\t\t\t\t\t<\/div>\n\t\t<\/section>\n\t\t\t\t<section class=\"elementor-section elementor-top-section elementor-element elementor-element-446bf263 elementor-section-content-middle elementor-section-height-min-height elementor-section-items-stretch elementor-section-boxed elementor-section-height-default\" data-id=\"446bf263\" data-element_type=\"section\" data-e-type=\"section\">\n\t\t\t\t\t\t<div class=\"elementor-container elementor-column-gap-no\">\n\t\t\t\t\t<div class=\"elementor-column elementor-col-100 elementor-top-column elementor-element elementor-element-268aac9a\" data-id=\"268aac9a\" data-element_type=\"column\" data-e-type=\"column\" data-settings=\"{&quot;background_background&quot;:&quot;classic&quot;}\">\n\t\t\t<div class=\"elementor-widget-wrap elementor-element-populated\">\n\t\t\t\t\t\t<div class=\"elementor-element elementor-element-295ba026 elementor-widget elementor-widget-text-editor\" data-id=\"295ba026\" data-element_type=\"widget\" data-e-type=\"widget\" data-widget_type=\"text-editor.default\">\n\t\t\t\t<div class=\"elementor-widget-container\">\n\t\t\t\t\t\t\t\t\t<p>Compl\u00e9tez notre formulaire pour obtenir une <a href=\"https:\/\/garantie.be\/fr\/garantie-locative-en-ligne\/\">garantie locative en ligne<\/a> en quelques heures.<\/p>\t\t\t\t\t\t\t\t<\/div>\n\t\t\t\t<\/div>\n\t\t\t\t<div class=\"elementor-element elementor-element-77bc22e4 elementor-mobile-align-center elementor-align-center elementor-widget elementor-widget-button\" data-id=\"77bc22e4\" data-element_type=\"widget\" data-e-type=\"widget\" data-widget_type=\"button.default\">\n\t\t\t\t<div class=\"elementor-widget-container\">\n\t\t\t\t\t\t\t\t\t<div class=\"elementor-button-wrapper\">\n\t\t\t\t\t<a class=\"elementor-button elementor-button-link elementor-size-sm\" href=\"https:\/\/account.garantie.be\/fr\/register\/lease\">\n\t\t\t\t\t\t<span class=\"elementor-button-content-wrapper\">\n\t\t\t\t\t\t\t\t\t<span class=\"elementor-button-text\">Formulaire garantie locative 100% en ligne<\/span>\n\t\t\t\t\t<\/span>\n\t\t\t\t\t<\/a>\n\t\t\t\t<\/div>\n\t\t\t\t\t\t\t\t<\/div>\n\t\t\t\t<\/div>\n\t\t\t\t\t<\/div>\n\t\t<\/div>\n\t\t\t\t\t<\/div>\n\t\t<\/section>\n\t\t\t\t<\/div>\n\t\t","protected":false},"excerpt":{"rendered":"<p>Partenaires de GARANTiE.BE garantie.be collabore avec un r\u00e9seau de partenaires de confiance (\u00e9tablissements financiers, compagnies d\u2019assurances et acteurs du logement) afin de proposer aux locataires et aux propri\u00e9taires des solutions simples et 100 % digitales pour la constitution de leur garantie locative. garantie.be est \u00e9dit\u00e9 par GARANTIR SRL, soci\u00e9t\u00e9 belge agr\u00e9\u00e9e en tant que courtier [&hellip;]<\/p>\n","protected":false},"author":1,"featured_media":0,"parent":0,"menu_order":0,"comment_status":"closed","ping_status":"closed","template":"","meta":{"footnotes":""},"class_list":["post-19708","page","type-page","status-publish","hentry"],"yoast_head":"<!-- This site is optimized with the Yoast SEO plugin v27.3 - https:\/\/yoast.com\/product\/yoast-seo-wordpress\/ -->\n<title>Pr\u00e9sentation des partenaires du site garantie.be<\/title>\n<meta name=\"description\" content=\"Liste des partenaires du site garantie.be avec la description des services compl\u00e9mentaires propos\u00e9s en ligne\" \/>\n<meta name=\"robots\" content=\"index, follow, max-snippet:-1, max-image-preview:large, max-video-preview:-1\" \/>\n<link rel=\"canonical\" href=\"https:\/\/garantie.be\/fr\/partenaires-garantie-be\/\" \/>\n<meta property=\"og:locale\" content=\"fr_FR\" \/>\n<meta property=\"og:type\" content=\"article\" \/>\n<meta property=\"og:title\" content=\"Pr\u00e9sentation des partenaires du site garantie.be\" \/>\n<meta property=\"og:description\" content=\"Liste des partenaires du site garantie.be avec la description des services compl\u00e9mentaires propos\u00e9s en ligne\" \/>\n<meta property=\"og:url\" content=\"https:\/\/garantie.be\/fr\/partenaires-garantie-be\/\" \/>\n<meta property=\"og:site_name\" content=\"Garantie\" \/>\n<meta property=\"article:modified_time\" content=\"2026-02-05T12:48:34+00:00\" \/>\n<meta property=\"og:image\" content=\"https:\/\/garantie.be\/wp-content\/uploads\/2025\/10\/Logo-mon-etatdeslieux.png\" \/>\n<meta name=\"twitter:card\" content=\"summary_large_image\" \/>\n<meta name=\"twitter:label1\" content=\"Dur\u00e9e de lecture estim\u00e9e\" \/>\n\t<meta name=\"twitter:data1\" content=\"2 minutes\" \/>\n<script type=\"application\/ld+json\" class=\"yoast-schema-graph\">{\"@context\":\"https:\\\/\\\/schema.org\",\"@graph\":[{\"@type\":\"WebPage\",\"@id\":\"https:\\\/\\\/garantie.be\\\/fr\\\/partenaires-garantie-be\\\/\",\"url\":\"https:\\\/\\\/garantie.be\\\/fr\\\/partenaires-garantie-be\\\/\",\"name\":\"Pr\u00e9sentation des partenaires du site garantie.be\",\"isPartOf\":{\"@id\":\"https:\\\/\\\/garantie.be\\\/fr\\\/#website\"},\"primaryImageOfPage\":{\"@id\":\"https:\\\/\\\/garantie.be\\\/fr\\\/partenaires-garantie-be\\\/#primaryimage\"},\"image\":{\"@id\":\"https:\\\/\\\/garantie.be\\\/fr\\\/partenaires-garantie-be\\\/#primaryimage\"},\"thumbnailUrl\":\"https:\\\/\\\/garantie.be\\\/wp-content\\\/uploads\\\/2025\\\/10\\\/Logo-mon-etatdeslieux.png\",\"datePublished\":\"2025-10-23T13:02:31+00:00\",\"dateModified\":\"2026-02-05T12:48:34+00:00\",\"description\":\"Liste des partenaires du site garantie.be avec la description des services compl\u00e9mentaires propos\u00e9s en ligne\",\"breadcrumb\":{\"@id\":\"https:\\\/\\\/garantie.be\\\/fr\\\/partenaires-garantie-be\\\/#breadcrumb\"},\"inLanguage\":\"fr-FR\",\"potentialAction\":[{\"@type\":\"ReadAction\",\"target\":[\"https:\\\/\\\/garantie.be\\\/fr\\\/partenaires-garantie-be\\\/\"]}]},{\"@type\":\"ImageObject\",\"inLanguage\":\"fr-FR\",\"@id\":\"https:\\\/\\\/garantie.be\\\/fr\\\/partenaires-garantie-be\\\/#primaryimage\",\"url\":\"https:\\\/\\\/garantie.be\\\/wp-content\\\/uploads\\\/2025\\\/10\\\/Logo-mon-etatdeslieux.png\",\"contentUrl\":\"https:\\\/\\\/garantie.be\\\/wp-content\\\/uploads\\\/2025\\\/10\\\/Logo-mon-etatdeslieux.png\"},{\"@type\":\"BreadcrumbList\",\"@id\":\"https:\\\/\\\/garantie.be\\\/fr\\\/partenaires-garantie-be\\\/#breadcrumb\",\"itemListElement\":[{\"@type\":\"ListItem\",\"position\":1,\"name\":\"Accueil\",\"item\":\"https:\\\/\\\/garantie.be\\\/fr\\\/\"},{\"@type\":\"ListItem\",\"position\":2,\"name\":\"Pr\u00e9sentation des partenaires du site garantie.be\"}]},{\"@type\":\"WebSite\",\"@id\":\"https:\\\/\\\/garantie.be\\\/fr\\\/#website\",\"url\":\"https:\\\/\\\/garantie.be\\\/fr\\\/\",\"name\":\"Garantie\",\"description\":\"\",\"publisher\":{\"@id\":\"https:\\\/\\\/garantie.be\\\/fr\\\/#organization\"},\"potentialAction\":[{\"@type\":\"SearchAction\",\"target\":{\"@type\":\"EntryPoint\",\"urlTemplate\":\"https:\\\/\\\/garantie.be\\\/fr\\\/?s={search_term_string}\"},\"query-input\":{\"@type\":\"PropertyValueSpecification\",\"valueRequired\":true,\"valueName\":\"search_term_string\"}}],\"inLanguage\":\"fr-FR\"},{\"@type\":\"Organization\",\"@id\":\"https:\\\/\\\/garantie.be\\\/fr\\\/#organization\",\"name\":\"Garantie.be\",\"url\":\"https:\\\/\\\/garantie.be\\\/fr\\\/\",\"logo\":{\"@type\":\"ImageObject\",\"inLanguage\":\"fr-FR\",\"@id\":\"https:\\\/\\\/garantie.be\\\/fr\\\/#\\\/schema\\\/logo\\\/image\\\/\",\"url\":\"\",\"contentUrl\":\"\",\"caption\":\"Garantie.be\"},\"image\":{\"@id\":\"https:\\\/\\\/garantie.be\\\/fr\\\/#\\\/schema\\\/logo\\\/image\\\/\"}}]}<\/script>\n<!-- \/ Yoast SEO plugin. -->","yoast_head_json":{"title":"Pr\u00e9sentation des partenaires du site garantie.be","description":"Liste des partenaires du site garantie.be avec la description des services compl\u00e9mentaires propos\u00e9s en ligne","robots":{"index":"index","follow":"follow","max-snippet":"max-snippet:-1","max-image-preview":"max-image-preview:large","max-video-preview":"max-video-preview:-1"},"canonical":"https:\/\/garantie.be\/fr\/partenaires-garantie-be\/","og_locale":"fr_FR","og_type":"article","og_title":"Pr\u00e9sentation des partenaires du site garantie.be","og_description":"Liste des partenaires du site garantie.be avec la description des services compl\u00e9mentaires propos\u00e9s en ligne","og_url":"https:\/\/garantie.be\/fr\/partenaires-garantie-be\/","og_site_name":"Garantie","article_modified_time":"2026-02-05T12:48:34+00:00","og_image":[{"url":"https:\/\/garantie.be\/wp-content\/uploads\/2025\/10\/Logo-mon-etatdeslieux.png","type":"","width":"","height":""}],"twitter_card":"summary_large_image","twitter_misc":{"Dur\u00e9e de lecture estim\u00e9e":"2 minutes"},"schema":{"@context":"https:\/\/schema.org","@graph":[{"@type":"WebPage","@id":"https:\/\/garantie.be\/fr\/partenaires-garantie-be\/","url":"https:\/\/garantie.be\/fr\/partenaires-garantie-be\/","name":"Pr\u00e9sentation des partenaires du site garantie.be","isPartOf":{"@id":"https:\/\/garantie.be\/fr\/#website"},"primaryImageOfPage":{"@id":"https:\/\/garantie.be\/fr\/partenaires-garantie-be\/#primaryimage"},"image":{"@id":"https:\/\/garantie.be\/fr\/partenaires-garantie-be\/#primaryimage"},"thumbnailUrl":"https:\/\/garantie.be\/wp-content\/uploads\/2025\/10\/Logo-mon-etatdeslieux.png","datePublished":"2025-10-23T13:02:31+00:00","dateModified":"2026-02-05T12:48:34+00:00","description":"Liste des partenaires du site garantie.be avec la description des services compl\u00e9mentaires propos\u00e9s en ligne","breadcrumb":{"@id":"https:\/\/garantie.be\/fr\/partenaires-garantie-be\/#breadcrumb"},"inLanguage":"fr-FR","potentialAction":[{"@type":"ReadAction","target":["https:\/\/garantie.be\/fr\/partenaires-garantie-be\/"]}]},{"@type":"ImageObject","inLanguage":"fr-FR","@id":"https:\/\/garantie.be\/fr\/partenaires-garantie-be\/#primaryimage","url":"https:\/\/garantie.be\/wp-content\/uploads\/2025\/10\/Logo-mon-etatdeslieux.png","contentUrl":"https:\/\/garantie.be\/wp-content\/uploads\/2025\/10\/Logo-mon-etatdeslieux.png"},{"@type":"BreadcrumbList","@id":"https:\/\/garantie.be\/fr\/partenaires-garantie-be\/#breadcrumb","itemListElement":[{"@type":"ListItem","position":1,"name":"Accueil","item":"https:\/\/garantie.be\/fr\/"},{"@type":"ListItem","position":2,"name":"Pr\u00e9sentation des partenaires du site garantie.be"}]},{"@type":"WebSite","@id":"https:\/\/garantie.be\/fr\/#website","url":"https:\/\/garantie.be\/fr\/","name":"Garantie","description":"","publisher":{"@id":"https:\/\/garantie.be\/fr\/#organization"},"potentialAction":[{"@type":"SearchAction","target":{"@type":"EntryPoint","urlTemplate":"https:\/\/garantie.be\/fr\/?s={search_term_string}"},"query-input":{"@type":"PropertyValueSpecification","valueRequired":true,"valueName":"search_term_string"}}],"inLanguage":"fr-FR"},{"@type":"Organization","@id":"https:\/\/garantie.be\/fr\/#organization","name":"Garantie.be","url":"https:\/\/garantie.be\/fr\/","logo":{"@type":"ImageObject","inLanguage":"fr-FR","@id":"https:\/\/garantie.be\/fr\/#\/schema\/logo\/image\/","url":"","contentUrl":"","caption":"Garantie.be"},"image":{"@id":"https:\/\/garantie.be\/fr\/#\/schema\/logo\/image\/"}}]}},"_links":{"self":[{"href":"https:\/\/garantie.be\/fr\/wp-json\/wp\/v2\/pages\/19708","targetHints":{"allow":["GET"]}}],"collection":[{"href":"https:\/\/garantie.be\/fr\/wp-json\/wp\/v2\/pages"}],"about":[{"href":"https:\/\/garantie.be\/fr\/wp-json\/wp\/v2\/types\/page"}],"author":[{"embeddable":true,"href":"https:\/\/garantie.be\/fr\/wp-json\/wp\/v2\/users\/1"}],"replies":[{"embeddable":true,"href":"https:\/\/garantie.be\/fr\/wp-json\/wp\/v2\/comments?post=19708"}],"version-history":[{"count":3,"href":"https:\/\/garantie.be\/fr\/wp-json\/wp\/v2\/pages\/19708\/revisions"}],"predecessor-version":[{"id":21315,"href":"https:\/\/garantie.be\/fr\/wp-json\/wp\/v2\/pages\/19708\/revisions\/21315"}],"wp:attachment":[{"href":"https:\/\/garantie.be\/fr\/wp-json\/wp\/v2\/media?parent=19708"}],"curies":[{"name":"wp","href":"https:\/\/api.w.org\/{rel}","templated":true}]}}