{"id":20006,"date":"2025-10-30T18:18:07","date_gmt":"2025-10-30T17:18:07","guid":{"rendered":"https:\/\/garantie.be\/?page_id=20006"},"modified":"2026-01-19T09:27:45","modified_gmt":"2026-01-19T08:27:45","slug":"modele-bail-sous-location","status":"publish","type":"page","link":"https:\/\/garantie.be\/fr\/modeles-lettres-gestion-bail\/modele-bail-sous-location\/","title":{"rendered":"Mod\u00e8le de bail de sous location gratuit"},"content":{"rendered":"\t\t<div data-elementor-type=\"wp-page\" data-elementor-id=\"20006\" class=\"elementor elementor-20006\" data-elementor-post-type=\"page\">\n\t\t\t\t\t\t<section class=\"elementor-section elementor-top-section elementor-element elementor-element-55135c81 elementor-section-boxed elementor-section-height-default elementor-section-height-default\" data-id=\"55135c81\" data-element_type=\"section\" data-e-type=\"section\">\n\t\t\t\t\t\t<div class=\"elementor-container elementor-column-gap-default\">\n\t\t\t\t\t<div class=\"elementor-column elementor-col-100 elementor-top-column elementor-element elementor-element-53c3614d\" data-id=\"53c3614d\" data-element_type=\"column\" data-e-type=\"column\">\n\t\t\t<div class=\"elementor-widget-wrap elementor-element-populated\">\n\t\t\t\t\t\t<div class=\"elementor-element elementor-element-6c76c608 elementor-widget elementor-widget-spacer\" data-id=\"6c76c608\" data-element_type=\"widget\" data-e-type=\"widget\" data-widget_type=\"spacer.default\">\n\t\t\t\t<div class=\"elementor-widget-container\">\n\t\t\t\t\t\t\t<div class=\"elementor-spacer\">\n\t\t\t<div class=\"elementor-spacer-inner\"><\/div>\n\t\t<\/div>\n\t\t\t\t\t\t<\/div>\n\t\t\t\t<\/div>\n\t\t\t\t<div class=\"elementor-element elementor-element-2a83075 elementor-widget elementor-widget-heading\" data-id=\"2a83075\" data-element_type=\"widget\" data-e-type=\"widget\" data-widget_type=\"heading.default\">\n\t\t\t\t<div class=\"elementor-widget-container\">\n\t\t\t\t\t<h1 class=\"elementor-heading-title elementor-size-default\">Mod\u00e8le de bail<br><b>sous-location<\/b> <\/h1>\t\t\t\t<\/div>\n\t\t\t\t<\/div>\n\t\t\t\t<div class=\"elementor-element elementor-element-724fd54b elementor-widget elementor-widget-spacer\" data-id=\"724fd54b\" data-element_type=\"widget\" data-e-type=\"widget\" data-widget_type=\"spacer.default\">\n\t\t\t\t<div class=\"elementor-widget-container\">\n\t\t\t\t\t\t\t<div class=\"elementor-spacer\">\n\t\t\t<div class=\"elementor-spacer-inner\"><\/div>\n\t\t<\/div>\n\t\t\t\t\t\t<\/div>\n\t\t\t\t<\/div>\n\t\t\t\t<div class=\"elementor-element elementor-element-2543b1c2 elementor-widget elementor-widget-text-editor\" data-id=\"2543b1c2\" data-element_type=\"widget\" data-e-type=\"widget\" data-widget_type=\"text-editor.default\">\n\t\t\t\t<div class=\"elementor-widget-container\">\n\t\t\t\t\t\t\t\t\t<p>Sous-louer son logement en Belgique est tout \u00e0 fait l\u00e9gal, \u00e0 condition de respecter certaines r\u00e8gles. Le locataire principal peut louer tout ou partie de son logement \u00e0 un sous-locataire, avec l\u2019autorisation \u00e9crite du propri\u00e9taire.<\/p><p>Nous vous proposons ci-dessous un <strong>mod\u00e8le de bail de sous-location gratuit<\/strong> conforme \u00e0 la l\u00e9gislation belge en 2026.<\/p>\t\t\t\t\t\t\t\t<\/div>\n\t\t\t\t<\/div>\n\t\t\t\t<div class=\"elementor-element elementor-element-18ad3e3e elementor-widget elementor-widget-text-editor\" data-id=\"18ad3e3e\" data-element_type=\"widget\" data-e-type=\"widget\" data-widget_type=\"text-editor.default\">\n\t\t\t\t<div class=\"elementor-widget-container\">\n\t\t\t\t\t\t\t\t\t<p>Vous pouvez copier le texte ci-dessous et le personnaliser avec vos informations. Vous pouvez \u00e9galement <strong>t\u00e9l\u00e9charger gratuitement les versions pr\u00eates \u00e0 remplir<\/strong> en format Word ou PDF disponible un peu plus bas dans la page\u00a0\u2b07\ufe0f.<\/p>\t\t\t\t\t\t\t\t<\/div>\n\t\t\t\t<\/div>\n\t\t\t\t<div class=\"elementor-element elementor-element-14f37e8d elementor-widget elementor-widget-text-editor\" data-id=\"14f37e8d\" data-element_type=\"widget\" data-e-type=\"widget\" data-widget_type=\"text-editor.default\">\n\t\t\t\t<div class=\"elementor-widget-container\">\n\t\t\t\t\t\t\t\t\t<section class=\"modele-lettre\">\n<div class=\"zone-lettre\">\n\n<h2 style=\"text-align:center;\">\ud83d\udcdd Mod\u00e8le de bail de sous-location<\/h2>\n\n<p><strong>Entre les soussign\u00e9s :<\/strong><\/p>\n\n<p>\n<strong>1. Le locataire principal (sous-bailleur)<\/strong><br>\n<span class=\"champ\">[Nom et pr\u00e9nom]<\/span><br>\n<span class=\"champ\">[Adresse compl\u00e8te]<\/span><br>\n<span class=\"champ\">[Code postal, Commune]<\/span><br>\nCi-apr\u00e8s d\u00e9nomm\u00e9 <em>le sous-bailleur<\/em>.\n<\/p>\n\n<p>\n<strong>2. Le sous-locataire<\/strong><br>\n<span class=\"champ\">[Nom et pr\u00e9nom]<\/span><br>\n<span class=\"champ\">[Adresse compl\u00e8te]<\/span><br>\n<span class=\"champ\">[Code postal, Commune]<\/span><br>\nCi-apr\u00e8s d\u00e9nomm\u00e9 <em>le sous-locataire<\/em>.\n<\/p>\n\n<p><strong>Article 1 \u2013 Objet<\/strong><br>\nLe sous-bailleur donne en sous-location au sous-locataire le logement sis \u00e0 :  \n<span class=\"champ\">[Adresse compl\u00e8te du bien]<\/span>.<br>\nCe logement constitue la <strong>r\u00e9sidence principale<\/strong> du sous-locataire.\n<\/p>\n\n<p><strong>Article 2 \u2013 Dur\u00e9e<\/strong><br>\nLe pr\u00e9sent bail est conclu pour une dur\u00e9e de <span class=\"champ\">[dur\u00e9e en mois]<\/span> mois, prenant cours le  \n<span class=\"champ\">[date de d\u00e9but]<\/span> et se terminant le <span class=\"champ\">[date de fin]<\/span>.<br>\nIl ne peut exc\u00e9der la dur\u00e9e du bail principal sign\u00e9 entre le propri\u00e9taire et le sous-bailleur.\n<\/p>\n\n<p><strong>Article 3 \u2013 Loyer et charges<\/strong><br>\nLe loyer mensuel est fix\u00e9 \u00e0 <span class=\"champ\">[montant en euros]<\/span> \u20ac, payable le <span class=\"champ\">[jour du mois]<\/span>  \nde chaque mois sur le compte IBAN : <span class=\"champ\">[num\u00e9ro IBAN]<\/span>.<br>\nLes charges mensuelles sont estim\u00e9es \u00e0 <span class=\"champ\">[montant des charges]<\/span> \u20ac, correspondant \u00e0  \n<span class=\"champ\">[description : eau, gaz, \u00e9lectricit\u00e9, etc.]<\/span>.\n<\/p>\n\n<p><strong>Article 4 \u2013 Garantie locative<\/strong><br>\nLe sous-locataire verse une garantie locative de <span class=\"champ\">[montant en euros]<\/span> \u20ac,  \nd\u00e9pos\u00e9e via <strong>garantie.be<\/strong> ou sur un compte bloqu\u00e9 \u00e0 son nom.  \nCette garantie sera restitu\u00e9e \u00e0 la fin du bail, apr\u00e8s v\u00e9rification de l\u2019\u00e9tat des lieux de sortie.\n<\/p>\n\n<p><strong>Article 5 \u2013 \u00c9tat des lieux<\/strong><br>\nUn \u00e9tat des lieux d\u2019entr\u00e9e sera \u00e9tabli contradictoirement avant la remise des cl\u00e9s.  \nUn \u00e9tat des lieux de sortie sera r\u00e9alis\u00e9 au d\u00e9part du sous-locataire.\n<\/p>\n\n<p><strong>Article 6 \u2013 Obligations<\/strong><br>\nLe sous-locataire s\u2019engage \u00e0 respecter les clauses du bail principal, le r\u00e8glement d\u2019immeuble,  \net \u00e0 entretenir le logement en bon p\u00e8re de famille.  \nLe sous-bailleur reste responsable vis-\u00e0-vis du propri\u00e9taire principal.\n<\/p>\n\n<p><strong>Article 7 \u2013 Enregistrement<\/strong><br>\nLe pr\u00e9sent bail sera <strong>enregistr\u00e9 gratuitement<\/strong> sur  \n<a href=\"https:\/\/www.myminfin.be\" target=\"_blank\" rel=\"noopener\">MyMinfin.be<\/a>  \ndans un d\u00e9lai de deux mois apr\u00e8s signature.\n<\/p>\n\n<p><strong>Fait \u00e0<\/strong> <span class=\"champ\">[lieu]<\/span>, le <span class=\"champ\">[date]<\/span><\/p>\n\n<p>\n<strong>Le sous-bailleur :<\/strong> &#8230;&#8230;&#8230;&#8230;&#8230;&#8230;&#8230;&#8230;&#8230;&#8230;&#8230;&#8230;&#8230;&#8230;&#8230;&#8230;&#8230;.<br>\n<strong>Le sous-locataire :<\/strong> &#8230;&#8230;&#8230;&#8230;&#8230;&#8230;&#8230;&#8230;&#8230;&#8230;&#8230;&#8230;&#8230;&#8230;&#8230;&#8230;&#8230;.\n<\/p>\n\n<\/div>\n<\/section>\n\n<style>\n.modele-lettre {\n  background:#fafafa;\n  padding:20px;\n  border-radius:8px;\n  font-family:\"Segoe UI\", Roboto, sans-serif;\n  line-height:1.6;\n}\n.modele-lettre h2 {\n  color:#333;\n  margin-bottom:10px;\n}\n.modele-lettre .champ {\n  background-color:#f1f1f1;\n  padding:2px 6px;\n  border-radius:3px;\n}\n.zone-lettre {\n  background:#fff;\n  padding:20px;\n  border:1px solid #ddd;\n  border-radius:6px;\n  margin:20px 0;\n}\n.modele-lettre a {\n  color:#0056b3;\n  text-decoration:underline;\n}\n<\/style>\n\t\t\t\t\t\t\t\t<\/div>\n\t\t\t\t<\/div>\n\t\t\t\t<div class=\"elementor-element elementor-element-481c9e0e elementor-widget elementor-widget-heading\" data-id=\"481c9e0e\" data-element_type=\"widget\" data-e-type=\"widget\" data-widget_type=\"heading.default\">\n\t\t\t\t<div class=\"elementor-widget-container\">\n\t\t\t\t\t<h3 class=\"elementor-heading-title elementor-size-default\">T\u00e9l\u00e9chargements en format Word ou PDF<\/h3>\t\t\t\t<\/div>\n\t\t\t\t<\/div>\n\t\t\t\t<div class=\"elementor-element elementor-element-5959b608 elementor-widget elementor-widget-text-editor\" data-id=\"5959b608\" data-element_type=\"widget\" data-e-type=\"widget\" data-widget_type=\"text-editor.default\">\n\t\t\t\t<div class=\"elementor-widget-container\">\n\t\t\t\t\t\t\t\t\t<p>\u2b07\ufe0f T\u00e9l\u00e9charger le <a href=\"https:\/\/garantie.be\/wp-content\/uploads\/2025\/10\/Modele-gratuit-bail-sous-location-word.docx\">mod\u00e8le gratuit de bail de sous location en format Word<\/a> (.docx)<\/p><p>\u2b07\ufe0f T\u00e9l\u00e9charger le <a href=\"https:\/\/garantie.be\/wp-content\/uploads\/2025\/10\/Modele-bail-sous-location-PDF-modifiable.pdf\">mod\u00e8le gratuit de bail de sous location\u00a0en format PDF<\/a> (.pdf)<\/p>\t\t\t\t\t\t\t\t<\/div>\n\t\t\t\t<\/div>\n\t\t\t\t<div class=\"elementor-element elementor-element-dcf1105 elementor-widget elementor-widget-spacer\" data-id=\"dcf1105\" data-element_type=\"widget\" data-e-type=\"widget\" data-widget_type=\"spacer.default\">\n\t\t\t\t<div class=\"elementor-widget-container\">\n\t\t\t\t\t\t\t<div class=\"elementor-spacer\">\n\t\t\t<div class=\"elementor-spacer-inner\"><\/div>\n\t\t<\/div>\n\t\t\t\t\t\t<\/div>\n\t\t\t\t<\/div>\n\t\t\t\t\t<\/div>\n\t\t<\/div>\n\t\t\t\t\t<\/div>\n\t\t<\/section>\n\t\t\t\t<section class=\"elementor-section elementor-top-section elementor-element elementor-element-197a4a04 elementor-section-content-middle elementor-section-height-min-height elementor-section-items-stretch elementor-section-boxed elementor-section-height-default\" data-id=\"197a4a04\" data-element_type=\"section\" data-e-type=\"section\">\n\t\t\t\t\t\t<div class=\"elementor-container elementor-column-gap-no\">\n\t\t\t\t\t<div class=\"elementor-column elementor-col-100 elementor-top-column elementor-element elementor-element-78162f0\" data-id=\"78162f0\" data-element_type=\"column\" data-e-type=\"column\" data-settings=\"{&quot;background_background&quot;:&quot;classic&quot;}\">\n\t\t\t<div class=\"elementor-widget-wrap elementor-element-populated\">\n\t\t\t\t\t\t<div class=\"elementor-element elementor-element-354e76a elementor-widget elementor-widget-text-editor\" data-id=\"354e76a\" data-element_type=\"widget\" data-e-type=\"widget\" data-widget_type=\"text-editor.default\">\n\t\t\t\t<div class=\"elementor-widget-container\">\n\t\t\t\t\t\t\t\t\t<p>Compl\u00e9tez notre formulaire pour obtenir une <a href=\"https:\/\/garantie.be\/fr\/garantie-locative-en-ligne\/\">garantie locative en ligne<\/a> en quelques heures. La garantie locative est obligatoire dans le cadre du bail de sous location.<\/p>\t\t\t\t\t\t\t\t<\/div>\n\t\t\t\t<\/div>\n\t\t\t\t<div class=\"elementor-element elementor-element-54d17e5a elementor-mobile-align-center elementor-align-center elementor-widget elementor-widget-button\" data-id=\"54d17e5a\" data-element_type=\"widget\" data-e-type=\"widget\" data-widget_type=\"button.default\">\n\t\t\t\t<div class=\"elementor-widget-container\">\n\t\t\t\t\t\t\t\t\t<div class=\"elementor-button-wrapper\">\n\t\t\t\t\t<a class=\"elementor-button elementor-button-link elementor-size-sm\" href=\"https:\/\/account.garantie.be\/fr\/register\/lease\">\n\t\t\t\t\t\t<span class=\"elementor-button-content-wrapper\">\n\t\t\t\t\t\t\t\t\t<span class=\"elementor-button-text\">Formulaire garantie locative 100% en ligne<\/span>\n\t\t\t\t\t<\/span>\n\t\t\t\t\t<\/a>\n\t\t\t\t<\/div>\n\t\t\t\t\t\t\t\t<\/div>\n\t\t\t\t<\/div>\n\t\t\t\t\t<\/div>\n\t\t<\/div>\n\t\t\t\t\t<\/div>\n\t\t<\/section>\n\t\t\t\t<section class=\"elementor-section elementor-top-section elementor-element elementor-element-46acc56f elementor-section-boxed elementor-section-height-default elementor-section-height-default\" data-id=\"46acc56f\" data-element_type=\"section\" data-e-type=\"section\">\n\t\t\t\t\t\t<div class=\"elementor-container elementor-column-gap-default\">\n\t\t\t\t\t<div class=\"elementor-column elementor-col-100 elementor-top-column elementor-element elementor-element-a5b6933\" data-id=\"a5b6933\" data-element_type=\"column\" data-e-type=\"column\">\n\t\t\t<div class=\"elementor-widget-wrap elementor-element-populated\">\n\t\t\t\t\t\t<div class=\"elementor-element elementor-element-51f57d3 elementor-widget elementor-widget-spacer\" data-id=\"51f57d3\" data-element_type=\"widget\" data-e-type=\"widget\" data-widget_type=\"spacer.default\">\n\t\t\t\t<div class=\"elementor-widget-container\">\n\t\t\t\t\t\t\t<div class=\"elementor-spacer\">\n\t\t\t<div class=\"elementor-spacer-inner\"><\/div>\n\t\t<\/div>\n\t\t\t\t\t\t<\/div>\n\t\t\t\t<\/div>\n\t\t\t\t<div class=\"elementor-element elementor-element-6e34959a elementor-widget elementor-widget-heading\" data-id=\"6e34959a\" data-element_type=\"widget\" data-e-type=\"widget\" data-widget_type=\"heading.default\">\n\t\t\t\t<div class=\"elementor-widget-container\">\n\t\t\t\t\t<h2 class=\"elementor-heading-title elementor-size-default\">Conseils pour bien utiliser ce mod\u00e8le de bail de sous location<\/h2>\t\t\t\t<\/div>\n\t\t\t\t<\/div>\n\t\t\t\t<div class=\"elementor-element elementor-element-3968d821 elementor-widget elementor-widget-text-editor\" data-id=\"3968d821\" data-element_type=\"widget\" data-e-type=\"widget\" data-widget_type=\"text-editor.default\">\n\t\t\t\t<div class=\"elementor-widget-container\">\n\t\t\t\t\t\t\t\t\t<ul><li><strong>Toujours obtenir l\u2019accord \u00e9crit du propri\u00e9taire<\/strong> : Avant toute sous-location, assurez-vous d\u2019avoir l\u2019autorisation du propri\u00e9taire principal. Sans cet accord, la sous-location est ill\u00e9gale et peut entra\u00eener la r\u00e9siliation du bail principal.<\/li><li><strong>Adapter le mod\u00e8le \u00e0 votre situation r\u00e9elle <\/strong>: Ce mod\u00e8le est une base l\u00e9gale, mais vous devez y ins\u00e9rer les informations exactes :<ul><li>adresse compl\u00e8te du bien,<\/li><li>dur\u00e9e pr\u00e9cise,<\/li><li>montant du loyer et des charges,<\/li><li>modalit\u00e9s de la garantie locative,<\/li><li>coordonn\u00e9es des deux parties.<\/li><\/ul><\/li><li><strong>Le contrat doit refl\u00e9ter la r\u00e9alit\u00e9 du logement<\/strong> et des conditions convenues.<\/li><li><strong>Faire parapher chaque page<\/strong> par le sous-bailleur et le sous-locataire. Conservez un exemplaire sign\u00e9 chacun, au format papier ou PDF.<\/li><li><strong>La dur\u00e9e du bail<\/strong> de sous-location ne peut pas d\u00e9passer celle du bail principal.<\/li><\/ul>\t\t\t\t\t\t\t\t<\/div>\n\t\t\t\t<\/div>\n\t\t\t\t<div class=\"elementor-element elementor-element-5e1a3662 elementor-widget elementor-widget-spacer\" data-id=\"5e1a3662\" data-element_type=\"widget\" data-e-type=\"widget\" data-widget_type=\"spacer.default\">\n\t\t\t\t<div class=\"elementor-widget-container\">\n\t\t\t\t\t\t\t<div class=\"elementor-spacer\">\n\t\t\t<div class=\"elementor-spacer-inner\"><\/div>\n\t\t<\/div>\n\t\t\t\t\t\t<\/div>\n\t\t\t\t<\/div>\n\t\t\t\t<div class=\"elementor-element elementor-element-6c5ec30f elementor-widget elementor-widget-heading\" data-id=\"6c5ec30f\" data-element_type=\"widget\" data-e-type=\"widget\" data-widget_type=\"heading.default\">\n\t\t\t\t<div class=\"elementor-widget-container\">\n\t\t\t\t\t<h2 class=\"elementor-heading-title elementor-size-default\">Autres mod\u00e8les de lettres utiles<\/h2>\t\t\t\t<\/div>\n\t\t\t\t<\/div>\n\t\t\t\t<div class=\"elementor-element elementor-element-663c3e28 elementor-widget elementor-widget-text-editor\" data-id=\"663c3e28\" data-element_type=\"widget\" data-e-type=\"widget\" data-widget_type=\"text-editor.default\">\n\t\t\t\t<div class=\"elementor-widget-container\">\n\t\t\t\t\t\t\t\t\t<ul><li><a href=\"https:\/\/garantie.be\/fr\/modeles-lettres-gestion-bail\/lettre-resiliation-bail-courte-duree\/\">Lettre de r\u00e9siliation de bail courte dur\u00e9e<\/a><\/li><li><a href=\"https:\/\/garantie.be\/fr\/modeles-lettres-gestion-bail\/lettre-demande-restitution-garantie-locative\/\">Lettre de demande de restitution de garantie locative<\/a><\/li><li><a href=\"https:\/\/garantie.be\/fr\/modeles-lettres-gestion-bail\/modele-contrat-bail-bruxelles\/\">Mod\u00e8le de bail de location \u00e0 Bruxelles<\/a><\/li><\/ul>\t\t\t\t\t\t\t\t<\/div>\n\t\t\t\t<\/div>\n\t\t\t\t\t<\/div>\n\t\t<\/div>\n\t\t\t\t\t<\/div>\n\t\t<\/section>\n\t\t\t\t<\/div>\n\t\t","protected":false},"excerpt":{"rendered":"<p>Mod\u00e8le de bailsous-location Sous-louer son logement en Belgique est tout \u00e0 fait l\u00e9gal, \u00e0 condition de respecter certaines r\u00e8gles. Le locataire principal peut louer tout ou partie de son logement \u00e0 un sous-locataire, avec l\u2019autorisation \u00e9crite du propri\u00e9taire. Nous vous proposons ci-dessous un mod\u00e8le de bail de sous-location gratuit conforme \u00e0 la l\u00e9gislation belge en [&hellip;]<\/p>\n","protected":false},"author":1,"featured_media":0,"parent":18764,"menu_order":0,"comment_status":"closed","ping_status":"closed","template":"","meta":{"footnotes":""},"class_list":["post-20006","page","type-page","status-publish","hentry"],"yoast_head":"<!-- This site is optimized with the Yoast SEO plugin v27.4 - https:\/\/yoast.com\/product\/yoast-seo-wordpress\/ -->\n<title>Mod\u00e8le de bail de sous location gratuit<\/title>\n<meta name=\"description\" content=\"Voici un mod\u00e8le de bail de sous location valable en Belgique et t\u00e9l\u00e9chargeable gratuitement aux formats Word et PDF\" \/>\n<meta name=\"robots\" content=\"index, follow, max-snippet:-1, max-image-preview:large, max-video-preview:-1\" \/>\n<link rel=\"canonical\" href=\"https:\/\/garantie.be\/fr\/modeles-lettres-gestion-bail\/modele-bail-sous-location\/\" \/>\n<meta property=\"og:locale\" content=\"fr_FR\" \/>\n<meta property=\"og:type\" content=\"article\" \/>\n<meta property=\"og:title\" content=\"Mod\u00e8le de bail de sous location gratuit\" \/>\n<meta property=\"og:description\" content=\"Voici un mod\u00e8le de bail de sous location valable en Belgique et t\u00e9l\u00e9chargeable gratuitement aux formats Word et PDF\" \/>\n<meta property=\"og:url\" content=\"https:\/\/garantie.be\/fr\/modeles-lettres-gestion-bail\/modele-bail-sous-location\/\" \/>\n<meta property=\"og:site_name\" content=\"Garantie\" \/>\n<meta property=\"article:modified_time\" content=\"2026-01-19T08:27:45+00:00\" \/>\n<meta name=\"twitter:card\" content=\"summary_large_image\" \/>\n<meta name=\"twitter:label1\" content=\"Dur\u00e9e de lecture estim\u00e9e\" \/>\n\t<meta name=\"twitter:data1\" content=\"4 minutes\" \/>\n<script type=\"application\/ld+json\" class=\"yoast-schema-graph\">{\"@context\":\"https:\\\/\\\/schema.org\",\"@graph\":[{\"@type\":\"WebPage\",\"@id\":\"https:\\\/\\\/garantie.be\\\/fr\\\/modeles-lettres-gestion-bail\\\/modele-bail-sous-location\\\/\",\"url\":\"https:\\\/\\\/garantie.be\\\/fr\\\/modeles-lettres-gestion-bail\\\/modele-bail-sous-location\\\/\",\"name\":\"Mod\u00e8le de bail de sous location gratuit\",\"isPartOf\":{\"@id\":\"https:\\\/\\\/garantie.be\\\/fr\\\/#website\"},\"datePublished\":\"2025-10-30T17:18:07+00:00\",\"dateModified\":\"2026-01-19T08:27:45+00:00\",\"description\":\"Voici un mod\u00e8le de bail de sous location valable en Belgique et t\u00e9l\u00e9chargeable gratuitement aux formats Word et PDF\",\"breadcrumb\":{\"@id\":\"https:\\\/\\\/garantie.be\\\/fr\\\/modeles-lettres-gestion-bail\\\/modele-bail-sous-location\\\/#breadcrumb\"},\"inLanguage\":\"fr-FR\",\"potentialAction\":[{\"@type\":\"ReadAction\",\"target\":[\"https:\\\/\\\/garantie.be\\\/fr\\\/modeles-lettres-gestion-bail\\\/modele-bail-sous-location\\\/\"]}]},{\"@type\":\"BreadcrumbList\",\"@id\":\"https:\\\/\\\/garantie.be\\\/fr\\\/modeles-lettres-gestion-bail\\\/modele-bail-sous-location\\\/#breadcrumb\",\"itemListElement\":[{\"@type\":\"ListItem\",\"position\":1,\"name\":\"Accueil\",\"item\":\"https:\\\/\\\/garantie.be\\\/fr\\\/\"},{\"@type\":\"ListItem\",\"position\":2,\"name\":\"Mod\u00e8les de lettres et outils pratique pour la gestion du logement\",\"item\":\"https:\\\/\\\/garantie.be\\\/fr\\\/modeles-lettres-gestion-bail\\\/\"},{\"@type\":\"ListItem\",\"position\":3,\"name\":\"Mod\u00e8le de bail de sous location gratuit\"}]},{\"@type\":\"WebSite\",\"@id\":\"https:\\\/\\\/garantie.be\\\/fr\\\/#website\",\"url\":\"https:\\\/\\\/garantie.be\\\/fr\\\/\",\"name\":\"Garantie\",\"description\":\"\",\"publisher\":{\"@id\":\"https:\\\/\\\/garantie.be\\\/fr\\\/#organization\"},\"potentialAction\":[{\"@type\":\"SearchAction\",\"target\":{\"@type\":\"EntryPoint\",\"urlTemplate\":\"https:\\\/\\\/garantie.be\\\/fr\\\/?s={search_term_string}\"},\"query-input\":{\"@type\":\"PropertyValueSpecification\",\"valueRequired\":true,\"valueName\":\"search_term_string\"}}],\"inLanguage\":\"fr-FR\"},{\"@type\":\"Organization\",\"@id\":\"https:\\\/\\\/garantie.be\\\/fr\\\/#organization\",\"name\":\"Garantie.be\",\"url\":\"https:\\\/\\\/garantie.be\\\/fr\\\/\",\"logo\":{\"@type\":\"ImageObject\",\"inLanguage\":\"fr-FR\",\"@id\":\"https:\\\/\\\/garantie.be\\\/fr\\\/#\\\/schema\\\/logo\\\/image\\\/\",\"url\":\"\",\"contentUrl\":\"\",\"caption\":\"Garantie.be\"},\"image\":{\"@id\":\"https:\\\/\\\/garantie.be\\\/fr\\\/#\\\/schema\\\/logo\\\/image\\\/\"}}]}<\/script>\n<!-- \/ Yoast SEO plugin. -->","yoast_head_json":{"title":"Mod\u00e8le de bail de sous location gratuit","description":"Voici un mod\u00e8le de bail de sous location valable en Belgique et t\u00e9l\u00e9chargeable gratuitement aux formats Word et PDF","robots":{"index":"index","follow":"follow","max-snippet":"max-snippet:-1","max-image-preview":"max-image-preview:large","max-video-preview":"max-video-preview:-1"},"canonical":"https:\/\/garantie.be\/fr\/modeles-lettres-gestion-bail\/modele-bail-sous-location\/","og_locale":"fr_FR","og_type":"article","og_title":"Mod\u00e8le de bail de sous location gratuit","og_description":"Voici un mod\u00e8le de bail de sous location valable en Belgique et t\u00e9l\u00e9chargeable gratuitement aux formats Word et PDF","og_url":"https:\/\/garantie.be\/fr\/modeles-lettres-gestion-bail\/modele-bail-sous-location\/","og_site_name":"Garantie","article_modified_time":"2026-01-19T08:27:45+00:00","twitter_card":"summary_large_image","twitter_misc":{"Dur\u00e9e de lecture estim\u00e9e":"4 minutes"},"schema":{"@context":"https:\/\/schema.org","@graph":[{"@type":"WebPage","@id":"https:\/\/garantie.be\/fr\/modeles-lettres-gestion-bail\/modele-bail-sous-location\/","url":"https:\/\/garantie.be\/fr\/modeles-lettres-gestion-bail\/modele-bail-sous-location\/","name":"Mod\u00e8le de bail de sous location gratuit","isPartOf":{"@id":"https:\/\/garantie.be\/fr\/#website"},"datePublished":"2025-10-30T17:18:07+00:00","dateModified":"2026-01-19T08:27:45+00:00","description":"Voici un mod\u00e8le de bail de sous location valable en Belgique et t\u00e9l\u00e9chargeable gratuitement aux formats Word et PDF","breadcrumb":{"@id":"https:\/\/garantie.be\/fr\/modeles-lettres-gestion-bail\/modele-bail-sous-location\/#breadcrumb"},"inLanguage":"fr-FR","potentialAction":[{"@type":"ReadAction","target":["https:\/\/garantie.be\/fr\/modeles-lettres-gestion-bail\/modele-bail-sous-location\/"]}]},{"@type":"BreadcrumbList","@id":"https:\/\/garantie.be\/fr\/modeles-lettres-gestion-bail\/modele-bail-sous-location\/#breadcrumb","itemListElement":[{"@type":"ListItem","position":1,"name":"Accueil","item":"https:\/\/garantie.be\/fr\/"},{"@type":"ListItem","position":2,"name":"Mod\u00e8les de lettres et outils pratique pour la gestion du logement","item":"https:\/\/garantie.be\/fr\/modeles-lettres-gestion-bail\/"},{"@type":"ListItem","position":3,"name":"Mod\u00e8le de bail de sous location gratuit"}]},{"@type":"WebSite","@id":"https:\/\/garantie.be\/fr\/#website","url":"https:\/\/garantie.be\/fr\/","name":"Garantie","description":"","publisher":{"@id":"https:\/\/garantie.be\/fr\/#organization"},"potentialAction":[{"@type":"SearchAction","target":{"@type":"EntryPoint","urlTemplate":"https:\/\/garantie.be\/fr\/?s={search_term_string}"},"query-input":{"@type":"PropertyValueSpecification","valueRequired":true,"valueName":"search_term_string"}}],"inLanguage":"fr-FR"},{"@type":"Organization","@id":"https:\/\/garantie.be\/fr\/#organization","name":"Garantie.be","url":"https:\/\/garantie.be\/fr\/","logo":{"@type":"ImageObject","inLanguage":"fr-FR","@id":"https:\/\/garantie.be\/fr\/#\/schema\/logo\/image\/","url":"","contentUrl":"","caption":"Garantie.be"},"image":{"@id":"https:\/\/garantie.be\/fr\/#\/schema\/logo\/image\/"}}]}},"_links":{"self":[{"href":"https:\/\/garantie.be\/fr\/wp-json\/wp\/v2\/pages\/20006","targetHints":{"allow":["GET"]}}],"collection":[{"href":"https:\/\/garantie.be\/fr\/wp-json\/wp\/v2\/pages"}],"about":[{"href":"https:\/\/garantie.be\/fr\/wp-json\/wp\/v2\/types\/page"}],"author":[{"embeddable":true,"href":"https:\/\/garantie.be\/fr\/wp-json\/wp\/v2\/users\/1"}],"replies":[{"embeddable":true,"href":"https:\/\/garantie.be\/fr\/wp-json\/wp\/v2\/comments?post=20006"}],"version-history":[{"count":0,"href":"https:\/\/garantie.be\/fr\/wp-json\/wp\/v2\/pages\/20006\/revisions"}],"up":[{"embeddable":true,"href":"https:\/\/garantie.be\/fr\/wp-json\/wp\/v2\/pages\/18764"}],"wp:attachment":[{"href":"https:\/\/garantie.be\/fr\/wp-json\/wp\/v2\/media?parent=20006"}],"curies":[{"name":"wp","href":"https:\/\/api.w.org\/{rel}","templated":true}]}}