{"id":20357,"date":"2025-12-14T18:26:12","date_gmt":"2025-12-14T17:26:12","guid":{"rendered":"https:\/\/garantie.be\/?page_id=20357"},"modified":"2026-01-07T09:33:45","modified_gmt":"2026-01-07T08:33:45","slug":"liberation","status":"publish","type":"page","link":"https:\/\/garantie.be\/fr\/garantie-locative-korfine\/liberation\/","title":{"rendered":"Comment lib\u00e9rer la garantie locative Korfine"},"content":{"rendered":"\t\t<div data-elementor-type=\"wp-page\" data-elementor-id=\"20357\" class=\"elementor elementor-20357\" data-elementor-post-type=\"page\">\n\t\t\t\t\t\t<section class=\"elementor-section elementor-top-section elementor-element elementor-element-17282ba elementor-section-boxed elementor-section-height-default elementor-section-height-default\" data-id=\"17282ba\" data-element_type=\"section\" data-e-type=\"section\">\n\t\t\t\t\t\t<div class=\"elementor-container elementor-column-gap-default\">\n\t\t\t\t\t<div class=\"elementor-column elementor-col-100 elementor-top-column elementor-element elementor-element-3ea0d1e8\" data-id=\"3ea0d1e8\" data-element_type=\"column\" data-e-type=\"column\">\n\t\t\t<div class=\"elementor-widget-wrap elementor-element-populated\">\n\t\t\t\t\t\t<div class=\"elementor-element elementor-element-e4c401c elementor-widget elementor-widget-spacer\" data-id=\"e4c401c\" data-element_type=\"widget\" data-e-type=\"widget\" data-widget_type=\"spacer.default\">\n\t\t\t\t<div class=\"elementor-widget-container\">\n\t\t\t\t\t\t\t<div class=\"elementor-spacer\">\n\t\t\t<div class=\"elementor-spacer-inner\"><\/div>\n\t\t<\/div>\n\t\t\t\t\t\t<\/div>\n\t\t\t\t<\/div>\n\t\t\t\t<div class=\"elementor-element elementor-element-e9079f6 elementor-widget elementor-widget-heading\" data-id=\"e9079f6\" data-element_type=\"widget\" data-e-type=\"widget\" data-widget_type=\"heading.default\">\n\t\t\t\t<div class=\"elementor-widget-container\">\n\t\t\t\t\t<h1 class=\"elementor-heading-title elementor-size-default\">Lib\u00e9ration garantie<br>locative Korfine<\/h1>\t\t\t\t<\/div>\n\t\t\t\t<\/div>\n\t\t\t\t<div class=\"elementor-element elementor-element-116dad27 elementor-widget elementor-widget-spacer\" data-id=\"116dad27\" data-element_type=\"widget\" data-e-type=\"widget\" data-widget_type=\"spacer.default\">\n\t\t\t\t<div class=\"elementor-widget-container\">\n\t\t\t\t\t\t\t<div class=\"elementor-spacer\">\n\t\t\t<div class=\"elementor-spacer-inner\"><\/div>\n\t\t<\/div>\n\t\t\t\t\t\t<\/div>\n\t\t\t\t<\/div>\n\t\t\t\t<div class=\"elementor-element elementor-element-148674d5 elementor-widget elementor-widget-text-editor\" data-id=\"148674d5\" data-element_type=\"widget\" data-e-type=\"widget\" data-widget_type=\"text-editor.default\">\n\t\t\t\t<div class=\"elementor-widget-container\">\n\t\t\t\t\t\t\t\t\t<p>La lib\u00e9ration d\u2019une <a href=\"https:\/\/garantie.be\/fr\/garantie-locative-korfine\/\">garantie locative Korfine<\/a> intervient g\u00e9n\u00e9ralement \u00e0 la fin du bail, lorsque le logement a \u00e9t\u00e9 restitu\u00e9 et que les comptes entre le bailleur et le locataire sont cl\u00f4tur\u00e9s. Cette \u00e9tape est essentielle pour permettre au locataire de r\u00e9cup\u00e9rer tout ou partie de l\u2019argent bloqu\u00e9.<\/p>\t\t\t\t\t\t\t\t<\/div>\n\t\t\t\t<\/div>\n\t\t\t\t<div class=\"elementor-element elementor-element-be0a113 elementor-widget elementor-widget-heading\" data-id=\"be0a113\" data-element_type=\"widget\" data-e-type=\"widget\" data-widget_type=\"heading.default\">\n\t\t\t\t<div class=\"elementor-widget-container\">\n\t\t\t\t\t<h2 class=\"elementor-heading-title elementor-size-default\">Quand peut-on lib\u00e9rer une garantie locative Korfine ?<\/h2>\t\t\t\t<\/div>\n\t\t\t\t<\/div>\n\t\t\t\t<div class=\"elementor-element elementor-element-2564c7ea elementor-widget elementor-widget-text-editor\" data-id=\"2564c7ea\" data-element_type=\"widget\" data-e-type=\"widget\" data-widget_type=\"text-editor.default\">\n\t\t\t\t<div class=\"elementor-widget-container\">\n\t\t\t\t\t\t\t\t\t<p>La garantie locative Korfine peut \u00eatre lib\u00e9r\u00e9e :<\/p><ul><li>A la fin du bail, apr\u00e8s l\u2019\u00e9tat des lieux de sortie,<\/li><li>Ou plus rarement avant la fin du bail, en cas de r\u00e9siliation anticip\u00e9e avec accord des parties.<\/li><\/ul><p>\u00a0<\/p><p>Dans tous les cas, la lib\u00e9ration est strictement encadr\u00e9e juridiquement. Consultez notre page sur le <a href=\"https:\/\/garantie.be\/fr\/garantie-locative-korfine\/fonctionnement\/\">fonctionnement de la garantie locative Korfine<\/a> pour en savoir plus.<\/p>\t\t\t\t\t\t\t\t<\/div>\n\t\t\t\t<\/div>\n\t\t\t\t<div class=\"elementor-element elementor-element-4177b513 elementor-widget elementor-widget-heading\" data-id=\"4177b513\" data-element_type=\"widget\" data-e-type=\"widget\" data-widget_type=\"heading.default\">\n\t\t\t\t<div class=\"elementor-widget-container\">\n\t\t\t\t\t<h2 class=\"elementor-heading-title elementor-size-default\">Les deux modes de lib\u00e9ration possibles<\/h2>\t\t\t\t<\/div>\n\t\t\t\t<\/div>\n\t\t\t\t<div class=\"elementor-element elementor-element-40ddf86 elementor-widget elementor-widget-heading\" data-id=\"40ddf86\" data-element_type=\"widget\" data-e-type=\"widget\" data-widget_type=\"heading.default\">\n\t\t\t\t<div class=\"elementor-widget-container\">\n\t\t\t\t\t<h3 class=\"elementor-heading-title elementor-size-default\">1. Lib\u00e9ration avec accord du bailleur et du locataire<\/h3>\t\t\t\t<\/div>\n\t\t\t\t<\/div>\n\t\t\t\t<div class=\"elementor-element elementor-element-d9ab9a4 elementor-widget elementor-widget-text-editor\" data-id=\"d9ab9a4\" data-element_type=\"widget\" data-e-type=\"widget\" data-widget_type=\"text-editor.default\">\n\t\t\t\t<div class=\"elementor-widget-container\">\n\t\t\t\t\t\t\t\t\t<p>C\u2019est le cas le plus fr\u00e9quent.\u00a0Le bailleur et le locataire doivent :<\/p><ul><li>Se mettre d\u2019accord sur le montant \u00e0 lib\u00e9rer,<\/li><li>Signer le formulaire de lib\u00e9ration Korfine indiquant la r\u00e9partition des sommes.<\/li><\/ul><p>Une fois le document compl\u00e9t\u00e9 et sign\u00e9 par les deux parties, la demande est transmise \u00e0 Korfine, qui la traite aupr\u00e8s de la compagnie d\u2019assurance.\u00a0<strong>Vous pouvez t\u00e9l\u00e9charger le<\/strong>\u00a0<a href=\"https:\/\/garantie.be\/wp-content\/uploads\/2025\/12\/Formulaire-liberation-korfine.png\">formulaire de lib\u00e9ration de garantie Korfine \u2b07\ufe0f<\/a><\/p>\t\t\t\t\t\t\t\t<\/div>\n\t\t\t\t<\/div>\n\t\t\t\t<div class=\"elementor-element elementor-element-9d0ea9d elementor-widget elementor-widget-heading\" data-id=\"9d0ea9d\" data-element_type=\"widget\" data-e-type=\"widget\" data-widget_type=\"heading.default\">\n\t\t\t\t<div class=\"elementor-widget-container\">\n\t\t\t\t\t<h3 class=\"elementor-heading-title elementor-size-default\">2. Lib\u00e9ration sur base d\u2019un jugement<\/h3>\t\t\t\t<\/div>\n\t\t\t\t<\/div>\n\t\t\t\t<div class=\"elementor-element elementor-element-4107842 elementor-widget elementor-widget-text-editor\" data-id=\"4107842\" data-element_type=\"widget\" data-e-type=\"widget\" data-widget_type=\"text-editor.default\">\n\t\t\t\t<div class=\"elementor-widget-container\">\n\t\t\t\t\t\t\t\t\t<p>En cas de d\u00e9saccord entre le bailleur et le locataire, la garantie ne peut pas \u00eatre lib\u00e9r\u00e9e amiablement.\u00a0Dans ce cas :<\/p><ul><li>Une d\u00e9cision judiciaire est n\u00e9cessaire,<\/li><li>Le jugement pr\u00e9cise la r\u00e9partition des montants, Korfine lib\u00e8re la garantie conform\u00e9ment \u00e0 la d\u00e9cision du juge.<\/li><\/ul>\t\t\t\t\t\t\t\t<\/div>\n\t\t\t\t<\/div>\n\t\t\t\t<div class=\"elementor-element elementor-element-cca7cb9 elementor-widget elementor-widget-image\" data-id=\"cca7cb9\" data-element_type=\"widget\" data-e-type=\"widget\" data-widget_type=\"image.default\">\n\t\t\t\t<div class=\"elementor-widget-container\">\n\t\t\t\t\t\t\t\t\t\t\t\t\t\t\t<img fetchpriority=\"high\" decoding=\"async\" width=\"723\" height=\"1024\" src=\"https:\/\/garantie.be\/wp-content\/uploads\/2025\/12\/Formulaire-liberation-korfine-723x1024.png\" class=\"attachment-large size-large wp-image-20404\" alt=\"Formulaire lib\u00e9ration Korfine\" srcset=\"https:\/\/garantie.be\/wp-content\/uploads\/2025\/12\/Formulaire-liberation-korfine-723x1024.png 723w, https:\/\/garantie.be\/wp-content\/uploads\/2025\/12\/Formulaire-liberation-korfine-212x300.png 212w, https:\/\/garantie.be\/wp-content\/uploads\/2025\/12\/Formulaire-liberation-korfine-768x1088.png 768w, https:\/\/garantie.be\/wp-content\/uploads\/2025\/12\/Formulaire-liberation-korfine.png 852w\" sizes=\"(max-width: 723px) 100vw, 723px\" \/>\t\t\t\t\t\t\t\t\t\t\t\t\t\t\t<\/div>\n\t\t\t\t<\/div>\n\t\t\t\t<div class=\"elementor-element elementor-element-9260309 elementor-widget elementor-widget-spacer\" data-id=\"9260309\" data-element_type=\"widget\" data-e-type=\"widget\" data-widget_type=\"spacer.default\">\n\t\t\t\t<div class=\"elementor-widget-container\">\n\t\t\t\t\t\t\t<div class=\"elementor-spacer\">\n\t\t\t<div class=\"elementor-spacer-inner\"><\/div>\n\t\t<\/div>\n\t\t\t\t\t\t<\/div>\n\t\t\t\t<\/div>\n\t\t\t\t\t<\/div>\n\t\t<\/div>\n\t\t\t\t\t<\/div>\n\t\t<\/section>\n\t\t\t\t<section class=\"elementor-section elementor-top-section elementor-element elementor-element-75514c93 elementor-section-content-middle elementor-section-height-min-height elementor-section-items-stretch elementor-section-boxed elementor-section-height-default\" data-id=\"75514c93\" data-element_type=\"section\" data-e-type=\"section\">\n\t\t\t\t\t\t<div class=\"elementor-container elementor-column-gap-no\">\n\t\t\t\t\t<div class=\"elementor-column elementor-col-100 elementor-top-column elementor-element elementor-element-2500593\" data-id=\"2500593\" data-element_type=\"column\" data-e-type=\"column\" data-settings=\"{&quot;background_background&quot;:&quot;classic&quot;}\">\n\t\t\t<div class=\"elementor-widget-wrap elementor-element-populated\">\n\t\t\t\t\t\t<div class=\"elementor-element elementor-element-4d2d0d6 elementor-widget elementor-widget-heading\" data-id=\"4d2d0d6\" data-element_type=\"widget\" data-e-type=\"widget\" data-widget_type=\"heading.default\">\n\t\t\t\t<div class=\"elementor-widget-container\">\n\t\t\t\t\t<h2 class=\"elementor-heading-title elementor-size-default\">Une alternative pour ne pas bloquer les fonds<\/h2>\t\t\t\t<\/div>\n\t\t\t\t<\/div>\n\t\t\t\t<div class=\"elementor-element elementor-element-7782ad6 elementor-widget elementor-widget-text-editor\" data-id=\"7782ad6\" data-element_type=\"widget\" data-e-type=\"widget\" data-widget_type=\"text-editor.default\">\n\t\t\t\t<div class=\"elementor-widget-container\">\n\t\t\t\t\t\t\t\t\t<p>Compl\u00e9tez notre formulaire pour obtenir une <a href=\"https:\/\/garantie.be\/fr\/garantie-locative-en-ligne\/\">garantie locative en ligne<\/a> en quelques heures sur <strong>Garantie.be<\/strong>. Vous ne bloquez pas d\u2019argent car nous engageons notre caution financi\u00e8re.<\/p>\t\t\t\t\t\t\t\t<\/div>\n\t\t\t\t<\/div>\n\t\t\t\t<div class=\"elementor-element elementor-element-6d8f2b70 elementor-mobile-align-center elementor-align-center elementor-widget elementor-widget-button\" data-id=\"6d8f2b70\" data-element_type=\"widget\" data-e-type=\"widget\" data-widget_type=\"button.default\">\n\t\t\t\t<div class=\"elementor-widget-container\">\n\t\t\t\t\t\t\t\t\t<div class=\"elementor-button-wrapper\">\n\t\t\t\t\t<a class=\"elementor-button elementor-button-link elementor-size-sm\" href=\"https:\/\/account.garantie.be\/fr\/register\/lease\">\n\t\t\t\t\t\t<span class=\"elementor-button-content-wrapper\">\n\t\t\t\t\t\t\t\t\t<span class=\"elementor-button-text\">Formulaire garantie locative 100% en ligne<\/span>\n\t\t\t\t\t<\/span>\n\t\t\t\t\t<\/a>\n\t\t\t\t<\/div>\n\t\t\t\t\t\t\t\t<\/div>\n\t\t\t\t<\/div>\n\t\t\t\t\t<\/div>\n\t\t<\/div>\n\t\t\t\t\t<\/div>\n\t\t<\/section>\n\t\t\t\t<section class=\"elementor-section elementor-top-section elementor-element elementor-element-624b971e elementor-section-boxed elementor-section-height-default elementor-section-height-default\" data-id=\"624b971e\" data-element_type=\"section\" data-e-type=\"section\">\n\t\t\t\t\t\t<div class=\"elementor-container elementor-column-gap-default\">\n\t\t\t\t\t<div class=\"elementor-column elementor-col-100 elementor-top-column elementor-element elementor-element-4061de4b\" data-id=\"4061de4b\" data-element_type=\"column\" data-e-type=\"column\">\n\t\t\t<div class=\"elementor-widget-wrap elementor-element-populated\">\n\t\t\t\t\t\t<div class=\"elementor-element elementor-element-5406d506 elementor-widget elementor-widget-spacer\" data-id=\"5406d506\" data-element_type=\"widget\" data-e-type=\"widget\" data-widget_type=\"spacer.default\">\n\t\t\t\t<div class=\"elementor-widget-container\">\n\t\t\t\t\t\t\t<div class=\"elementor-spacer\">\n\t\t\t<div class=\"elementor-spacer-inner\"><\/div>\n\t\t<\/div>\n\t\t\t\t\t\t<\/div>\n\t\t\t\t<\/div>\n\t\t\t\t<div class=\"elementor-element elementor-element-13f47265 elementor-widget elementor-widget-heading\" data-id=\"13f47265\" data-element_type=\"widget\" data-e-type=\"widget\" data-widget_type=\"heading.default\">\n\t\t\t\t<div class=\"elementor-widget-container\">\n\t\t\t\t\t<h2 class=\"elementor-heading-title elementor-size-default\">Comment se d\u00e9roule concr\u00e8tement la proc\u00e9dure ?<\/h2>\t\t\t\t<\/div>\n\t\t\t\t<\/div>\n\t\t\t\t<div class=\"elementor-element elementor-element-15d48b07 elementor-widget elementor-widget-text-editor\" data-id=\"15d48b07\" data-element_type=\"widget\" data-e-type=\"widget\" data-widget_type=\"text-editor.default\">\n\t\t\t\t<div class=\"elementor-widget-container\">\n\t\t\t\t\t\t\t\t\t<ol>\n<li>Fin du bail et \u00e9tat des lieux de sortie<\/li>\n<li>Accord entre bailleur et locataire (ou jugement)<\/li>\n<li>Compl\u00e9tion et signature du formulaire de lib\u00e9ration<\/li>\n<li>Transmission du dossier \u00e0 Korfine<\/li>\n<li>Traitement par l\u2019assureur partenaire<\/li>\n<li>Versement des montants selon la r\u00e9partition convenue<\/li>\n<\/ol>\t\t\t\t\t\t\t\t<\/div>\n\t\t\t\t<\/div>\n\t\t\t\t<div class=\"elementor-element elementor-element-dc887b5 elementor-widget elementor-widget-spacer\" data-id=\"dc887b5\" data-element_type=\"widget\" data-e-type=\"widget\" data-widget_type=\"spacer.default\">\n\t\t\t\t<div class=\"elementor-widget-container\">\n\t\t\t\t\t\t\t<div class=\"elementor-spacer\">\n\t\t\t<div class=\"elementor-spacer-inner\"><\/div>\n\t\t<\/div>\n\t\t\t\t\t\t<\/div>\n\t\t\t\t<\/div>\n\t\t\t\t<div class=\"elementor-element elementor-element-d96f272 elementor-widget elementor-widget-heading\" data-id=\"d96f272\" data-element_type=\"widget\" data-e-type=\"widget\" data-widget_type=\"heading.default\">\n\t\t\t\t<div class=\"elementor-widget-container\">\n\t\t\t\t\t<h2 class=\"elementor-heading-title elementor-size-default\">Quels sont les d\u00e9lais pour r\u00e9cup\u00e9rer l\u2019argent ?<\/h2>\t\t\t\t<\/div>\n\t\t\t\t<\/div>\n\t\t\t\t<div class=\"elementor-element elementor-element-70bb9559 elementor-widget elementor-widget-text-editor\" data-id=\"70bb9559\" data-element_type=\"widget\" data-e-type=\"widget\" data-widget_type=\"text-editor.default\">\n\t\t\t\t<div class=\"elementor-widget-container\">\n\t\t\t\t\t\t\t\t\t<p>Les d\u00e9lais de lib\u00e9ration d\u2019une garantie locative Korfine varient selon\u00a0la rapidit\u00e9 de transmission des documents et\u00a0le mode de lib\u00e9ration amiable ou judiciaire.<\/p><p><strong>En pratique<\/strong> : avec un dossier complet et un accord amiable, la lib\u00e9ration intervient souvent en quelques jours \u00e0 quelques semaines. Il arrive cependant que les d\u00e9lais soient rallong\u00e9s pour certains dossiers qui demandent un compl\u00e9ment d&rsquo;informations.<\/p>\t\t\t\t\t\t\t\t<\/div>\n\t\t\t\t<\/div>\n\t\t\t\t\t<\/div>\n\t\t<\/div>\n\t\t\t\t\t<\/div>\n\t\t<\/section>\n\t\t\t\t<\/div>\n\t\t","protected":false},"excerpt":{"rendered":"<p>Lib\u00e9ration garantielocative Korfine La lib\u00e9ration d\u2019une garantie locative Korfine intervient g\u00e9n\u00e9ralement \u00e0 la fin du bail, lorsque le logement a \u00e9t\u00e9 restitu\u00e9 et que les comptes entre le bailleur et le locataire sont cl\u00f4tur\u00e9s. Cette \u00e9tape est essentielle pour permettre au locataire de r\u00e9cup\u00e9rer tout ou partie de l\u2019argent bloqu\u00e9. Quand peut-on lib\u00e9rer une garantie [&hellip;]<\/p>\n","protected":false},"author":1,"featured_media":0,"parent":386,"menu_order":0,"comment_status":"closed","ping_status":"closed","template":"","meta":{"footnotes":""},"class_list":["post-20357","page","type-page","status-publish","hentry"],"yoast_head":"<!-- This site is optimized with the Yoast SEO plugin v27.2 - https:\/\/yoast.com\/product\/yoast-seo-wordpress\/ -->\n<title>Comment lib\u00e9rer la garantie locative Korfine<\/title>\n<meta name=\"description\" content=\"Votre argent est bloqu\u00e9 chez Korfine ? Voici comment lib\u00e9rer votre garantie locative : proc\u00e9dure, formulaire et d\u00e9lais expliqu\u00e9s.\" \/>\n<meta name=\"robots\" content=\"index, follow, max-snippet:-1, max-image-preview:large, max-video-preview:-1\" \/>\n<link rel=\"canonical\" href=\"https:\/\/garantie.be\/fr\/garantie-locative-korfine\/liberation\/\" \/>\n<meta property=\"og:locale\" content=\"fr_FR\" \/>\n<meta property=\"og:type\" content=\"article\" \/>\n<meta property=\"og:title\" content=\"Comment lib\u00e9rer la garantie locative Korfine\" \/>\n<meta property=\"og:description\" content=\"Votre argent est bloqu\u00e9 chez Korfine ? Voici comment lib\u00e9rer votre garantie locative : proc\u00e9dure, formulaire et d\u00e9lais expliqu\u00e9s.\" \/>\n<meta property=\"og:url\" content=\"https:\/\/garantie.be\/fr\/garantie-locative-korfine\/liberation\/\" \/>\n<meta property=\"og:site_name\" content=\"Garantie\" \/>\n<meta property=\"article:modified_time\" content=\"2026-01-07T08:33:45+00:00\" \/>\n<meta property=\"og:image\" content=\"https:\/\/garantie.be\/wp-content\/uploads\/2025\/12\/Formulaire-liberation-korfine-723x1024.png\" \/>\n<meta name=\"twitter:card\" content=\"summary_large_image\" \/>\n<meta name=\"twitter:label1\" content=\"Dur\u00e9e de lecture estim\u00e9e\" \/>\n\t<meta name=\"twitter:data1\" content=\"3 minutes\" \/>\n<script type=\"application\/ld+json\" class=\"yoast-schema-graph\">{\"@context\":\"https:\/\/schema.org\",\"@graph\":[{\"@type\":\"WebPage\",\"@id\":\"https:\/\/garantie.be\/fr\/garantie-locative-korfine\/liberation\/\",\"url\":\"https:\/\/garantie.be\/fr\/garantie-locative-korfine\/liberation\/\",\"name\":\"Comment lib\u00e9rer la garantie locative Korfine\",\"isPartOf\":{\"@id\":\"https:\/\/garantie.be\/fr\/#website\"},\"primaryImageOfPage\":{\"@id\":\"https:\/\/garantie.be\/fr\/garantie-locative-korfine\/liberation\/#primaryimage\"},\"image\":{\"@id\":\"https:\/\/garantie.be\/fr\/garantie-locative-korfine\/liberation\/#primaryimage\"},\"thumbnailUrl\":\"https:\/\/garantie.be\/wp-content\/uploads\/2025\/12\/Formulaire-liberation-korfine-723x1024.png\",\"datePublished\":\"2025-12-14T17:26:12+00:00\",\"dateModified\":\"2026-01-07T08:33:45+00:00\",\"description\":\"Votre argent est bloqu\u00e9 chez Korfine ? Voici comment lib\u00e9rer votre garantie locative : proc\u00e9dure, formulaire et d\u00e9lais expliqu\u00e9s.\",\"breadcrumb\":{\"@id\":\"https:\/\/garantie.be\/fr\/garantie-locative-korfine\/liberation\/#breadcrumb\"},\"inLanguage\":\"fr-FR\",\"potentialAction\":[{\"@type\":\"ReadAction\",\"target\":[\"https:\/\/garantie.be\/fr\/garantie-locative-korfine\/liberation\/\"]}]},{\"@type\":\"ImageObject\",\"inLanguage\":\"fr-FR\",\"@id\":\"https:\/\/garantie.be\/fr\/garantie-locative-korfine\/liberation\/#primaryimage\",\"url\":\"https:\/\/garantie.be\/wp-content\/uploads\/2025\/12\/Formulaire-liberation-korfine-723x1024.png\",\"contentUrl\":\"https:\/\/garantie.be\/wp-content\/uploads\/2025\/12\/Formulaire-liberation-korfine-723x1024.png\"},{\"@type\":\"BreadcrumbList\",\"@id\":\"https:\/\/garantie.be\/fr\/garantie-locative-korfine\/liberation\/#breadcrumb\",\"itemListElement\":[{\"@type\":\"ListItem\",\"position\":1,\"name\":\"Accueil\",\"item\":\"https:\/\/garantie.be\/fr\/\"},{\"@type\":\"ListItem\",\"position\":2,\"name\":\"Garantie locative korfine\",\"item\":\"https:\/\/garantie.be\/fr\/garantie-locative-korfine\/\"},{\"@type\":\"ListItem\",\"position\":3,\"name\":\"Comment lib\u00e9rer la garantie locative Korfine\"}]},{\"@type\":\"WebSite\",\"@id\":\"https:\/\/garantie.be\/fr\/#website\",\"url\":\"https:\/\/garantie.be\/fr\/\",\"name\":\"Garantie\",\"description\":\"\",\"publisher\":{\"@id\":\"https:\/\/garantie.be\/fr\/#organization\"},\"potentialAction\":[{\"@type\":\"SearchAction\",\"target\":{\"@type\":\"EntryPoint\",\"urlTemplate\":\"https:\/\/garantie.be\/fr\/?s={search_term_string}\"},\"query-input\":{\"@type\":\"PropertyValueSpecification\",\"valueRequired\":true,\"valueName\":\"search_term_string\"}}],\"inLanguage\":\"fr-FR\"},{\"@type\":\"Organization\",\"@id\":\"https:\/\/garantie.be\/fr\/#organization\",\"name\":\"Garantie.be\",\"url\":\"https:\/\/garantie.be\/fr\/\",\"logo\":{\"@type\":\"ImageObject\",\"inLanguage\":\"fr-FR\",\"@id\":\"https:\/\/garantie.be\/fr\/#\/schema\/logo\/image\/\",\"url\":\"\",\"contentUrl\":\"\",\"caption\":\"Garantie.be\"},\"image\":{\"@id\":\"https:\/\/garantie.be\/fr\/#\/schema\/logo\/image\/\"}}]}<\/script>\n<!-- \/ Yoast SEO plugin. -->","yoast_head_json":{"title":"Comment lib\u00e9rer la garantie locative Korfine","description":"Votre argent est bloqu\u00e9 chez Korfine ? Voici comment lib\u00e9rer votre garantie locative : proc\u00e9dure, formulaire et d\u00e9lais expliqu\u00e9s.","robots":{"index":"index","follow":"follow","max-snippet":"max-snippet:-1","max-image-preview":"max-image-preview:large","max-video-preview":"max-video-preview:-1"},"canonical":"https:\/\/garantie.be\/fr\/garantie-locative-korfine\/liberation\/","og_locale":"fr_FR","og_type":"article","og_title":"Comment lib\u00e9rer la garantie locative Korfine","og_description":"Votre argent est bloqu\u00e9 chez Korfine ? Voici comment lib\u00e9rer votre garantie locative : proc\u00e9dure, formulaire et d\u00e9lais expliqu\u00e9s.","og_url":"https:\/\/garantie.be\/fr\/garantie-locative-korfine\/liberation\/","og_site_name":"Garantie","article_modified_time":"2026-01-07T08:33:45+00:00","og_image":[{"url":"https:\/\/garantie.be\/wp-content\/uploads\/2025\/12\/Formulaire-liberation-korfine-723x1024.png","type":"","width":"","height":""}],"twitter_card":"summary_large_image","twitter_misc":{"Dur\u00e9e de lecture estim\u00e9e":"3 minutes"},"schema":{"@context":"https:\/\/schema.org","@graph":[{"@type":"WebPage","@id":"https:\/\/garantie.be\/fr\/garantie-locative-korfine\/liberation\/","url":"https:\/\/garantie.be\/fr\/garantie-locative-korfine\/liberation\/","name":"Comment lib\u00e9rer la garantie locative Korfine","isPartOf":{"@id":"https:\/\/garantie.be\/fr\/#website"},"primaryImageOfPage":{"@id":"https:\/\/garantie.be\/fr\/garantie-locative-korfine\/liberation\/#primaryimage"},"image":{"@id":"https:\/\/garantie.be\/fr\/garantie-locative-korfine\/liberation\/#primaryimage"},"thumbnailUrl":"https:\/\/garantie.be\/wp-content\/uploads\/2025\/12\/Formulaire-liberation-korfine-723x1024.png","datePublished":"2025-12-14T17:26:12+00:00","dateModified":"2026-01-07T08:33:45+00:00","description":"Votre argent est bloqu\u00e9 chez Korfine ? Voici comment lib\u00e9rer votre garantie locative : proc\u00e9dure, formulaire et d\u00e9lais expliqu\u00e9s.","breadcrumb":{"@id":"https:\/\/garantie.be\/fr\/garantie-locative-korfine\/liberation\/#breadcrumb"},"inLanguage":"fr-FR","potentialAction":[{"@type":"ReadAction","target":["https:\/\/garantie.be\/fr\/garantie-locative-korfine\/liberation\/"]}]},{"@type":"ImageObject","inLanguage":"fr-FR","@id":"https:\/\/garantie.be\/fr\/garantie-locative-korfine\/liberation\/#primaryimage","url":"https:\/\/garantie.be\/wp-content\/uploads\/2025\/12\/Formulaire-liberation-korfine-723x1024.png","contentUrl":"https:\/\/garantie.be\/wp-content\/uploads\/2025\/12\/Formulaire-liberation-korfine-723x1024.png"},{"@type":"BreadcrumbList","@id":"https:\/\/garantie.be\/fr\/garantie-locative-korfine\/liberation\/#breadcrumb","itemListElement":[{"@type":"ListItem","position":1,"name":"Accueil","item":"https:\/\/garantie.be\/fr\/"},{"@type":"ListItem","position":2,"name":"Garantie locative korfine","item":"https:\/\/garantie.be\/fr\/garantie-locative-korfine\/"},{"@type":"ListItem","position":3,"name":"Comment lib\u00e9rer la garantie locative Korfine"}]},{"@type":"WebSite","@id":"https:\/\/garantie.be\/fr\/#website","url":"https:\/\/garantie.be\/fr\/","name":"Garantie","description":"","publisher":{"@id":"https:\/\/garantie.be\/fr\/#organization"},"potentialAction":[{"@type":"SearchAction","target":{"@type":"EntryPoint","urlTemplate":"https:\/\/garantie.be\/fr\/?s={search_term_string}"},"query-input":{"@type":"PropertyValueSpecification","valueRequired":true,"valueName":"search_term_string"}}],"inLanguage":"fr-FR"},{"@type":"Organization","@id":"https:\/\/garantie.be\/fr\/#organization","name":"Garantie.be","url":"https:\/\/garantie.be\/fr\/","logo":{"@type":"ImageObject","inLanguage":"fr-FR","@id":"https:\/\/garantie.be\/fr\/#\/schema\/logo\/image\/","url":"","contentUrl":"","caption":"Garantie.be"},"image":{"@id":"https:\/\/garantie.be\/fr\/#\/schema\/logo\/image\/"}}]}},"_links":{"self":[{"href":"https:\/\/garantie.be\/fr\/wp-json\/wp\/v2\/pages\/20357","targetHints":{"allow":["GET"]}}],"collection":[{"href":"https:\/\/garantie.be\/fr\/wp-json\/wp\/v2\/pages"}],"about":[{"href":"https:\/\/garantie.be\/fr\/wp-json\/wp\/v2\/types\/page"}],"author":[{"embeddable":true,"href":"https:\/\/garantie.be\/fr\/wp-json\/wp\/v2\/users\/1"}],"replies":[{"embeddable":true,"href":"https:\/\/garantie.be\/fr\/wp-json\/wp\/v2\/comments?post=20357"}],"version-history":[{"count":0,"href":"https:\/\/garantie.be\/fr\/wp-json\/wp\/v2\/pages\/20357\/revisions"}],"up":[{"embeddable":true,"href":"https:\/\/garantie.be\/fr\/wp-json\/wp\/v2\/pages\/386"}],"wp:attachment":[{"href":"https:\/\/garantie.be\/fr\/wp-json\/wp\/v2\/media?parent=20357"}],"curies":[{"name":"wp","href":"https:\/\/api.w.org\/{rel}","templated":true}]}}