{"id":20360,"date":"2025-12-14T18:37:20","date_gmt":"2025-12-14T17:37:20","guid":{"rendered":"https:\/\/garantie.be\/?page_id=20360"},"modified":"2025-12-18T10:21:05","modified_gmt":"2025-12-18T09:21:05","slug":"compte-bloque-assurance","status":"publish","type":"page","link":"https:\/\/garantie.be\/fr\/garantie-locative-korfine\/compte-bloque-assurance\/","title":{"rendered":"La garantie locative Korfine est-elle un compte bancaire bloqu\u00e9"},"content":{"rendered":"\t\t<div data-elementor-type=\"wp-page\" data-elementor-id=\"20360\" class=\"elementor elementor-20360\" data-elementor-post-type=\"page\">\n\t\t\t\t\t\t<section class=\"elementor-section elementor-top-section elementor-element elementor-element-33e54244 elementor-section-boxed elementor-section-height-default elementor-section-height-default\" data-id=\"33e54244\" data-element_type=\"section\" data-e-type=\"section\">\n\t\t\t\t\t\t<div class=\"elementor-container elementor-column-gap-default\">\n\t\t\t\t\t<div class=\"elementor-column elementor-col-100 elementor-top-column elementor-element elementor-element-7d0b6370\" data-id=\"7d0b6370\" data-element_type=\"column\" data-e-type=\"column\">\n\t\t\t<div class=\"elementor-widget-wrap elementor-element-populated\">\n\t\t\t\t\t\t<div class=\"elementor-element elementor-element-1ffec6aa elementor-widget elementor-widget-spacer\" data-id=\"1ffec6aa\" data-element_type=\"widget\" data-e-type=\"widget\" data-widget_type=\"spacer.default\">\n\t\t\t\t<div class=\"elementor-widget-container\">\n\t\t\t\t\t\t\t<div class=\"elementor-spacer\">\n\t\t\t<div class=\"elementor-spacer-inner\"><\/div>\n\t\t<\/div>\n\t\t\t\t\t\t<\/div>\n\t\t\t\t<\/div>\n\t\t\t\t<div class=\"elementor-element elementor-element-45bc2b14 elementor-widget elementor-widget-heading\" data-id=\"45bc2b14\" data-element_type=\"widget\" data-e-type=\"widget\" data-widget_type=\"heading.default\">\n\t\t\t\t<div class=\"elementor-widget-container\">\n\t\t\t\t\t<h1 class=\"elementor-heading-title elementor-size-default\">Garantie Korfine<br>\n<b>compte bloqu\u00e9 ou assurance ?<\/b><\/h1>\t\t\t\t<\/div>\n\t\t\t\t<\/div>\n\t\t\t\t<div class=\"elementor-element elementor-element-300b7733 elementor-widget elementor-widget-spacer\" data-id=\"300b7733\" data-element_type=\"widget\" data-e-type=\"widget\" data-widget_type=\"spacer.default\">\n\t\t\t\t<div class=\"elementor-widget-container\">\n\t\t\t\t\t\t\t<div class=\"elementor-spacer\">\n\t\t\t<div class=\"elementor-spacer-inner\"><\/div>\n\t\t<\/div>\n\t\t\t\t\t\t<\/div>\n\t\t\t\t<\/div>\n\t\t\t\t<div class=\"elementor-element elementor-element-5815b2a4 elementor-widget elementor-widget-text-editor\" data-id=\"5815b2a4\" data-element_type=\"widget\" data-e-type=\"widget\" data-widget_type=\"text-editor.default\">\n\t\t\t\t<div class=\"elementor-widget-container\">\n\t\t\t\t\t\t\t\t\t<p>De nombreux locataires et bailleurs se posent la m\u00eame question : <strong>la garantie locative Korfine est-elle un compte bancaire bloqu\u00e9 ou une assurance ?<\/strong> La confusion est fr\u00e9quente, car le r\u00e9sultat recherch\u00e9 est similaire : s\u00e9curiser le bailleur tout en bloquant une somme appartenant au locataire.<\/p><p>On vous explique la nature exacte de la <a href=\"https:\/\/garantie.be\/fr\/garantie-locative-korfine\/\">garantie locative Korfine<\/a>, les diff\u00e9rences avec un compte bancaire bloqu\u00e9 classique et les cons\u00e9quences pratiques pour le locataire et le bailleur.<\/p>\t\t\t\t\t\t\t\t<\/div>\n\t\t\t\t<\/div>\n\t\t\t\t<div class=\"elementor-element elementor-element-387a4df0 elementor-widget elementor-widget-heading\" data-id=\"387a4df0\" data-element_type=\"widget\" data-e-type=\"widget\" data-widget_type=\"heading.default\">\n\t\t\t\t<div class=\"elementor-widget-container\">\n\t\t\t\t\t<h2 class=\"elementor-heading-title elementor-size-default\">Pourquoi on parle de compte bloqu\u00e9 Korfine ?<\/h2>\t\t\t\t<\/div>\n\t\t\t\t<\/div>\n\t\t\t\t<div class=\"elementor-element elementor-element-7e63377c elementor-widget elementor-widget-text-editor\" data-id=\"7e63377c\" data-element_type=\"widget\" data-e-type=\"widget\" data-widget_type=\"text-editor.default\">\n\t\t\t\t<div class=\"elementor-widget-container\">\n\t\t\t\t\t\t\t\t\t<p>Dans le langage courant, on parle souvent de \u00ab compte bloqu\u00e9 Korfine \u00bb. Pourtant, ce terme est impropre juridiquement.<\/p><p>La confusion vient du fait que le fonctionnement est similaire \u00e0 une <a href=\"https:\/\/garantie.be\/fr\/garantie-locative\/compte-bloque-garantie-locative\/\">garantie locative avec un compte bancaire bloqu\u00e9<\/a> :<\/p><ul><li>l\u2019argent est effectivement bloqu\u00e9 pendant le bail,<\/li><li>le bailleur b\u00e9n\u00e9ficie d\u2019une s\u00e9curit\u00e9 comparable \u00e0 un compte bancaire bloqu\u00e9,<\/li><li>la lib\u00e9ration se fait uniquement avec l\u2019accord des parties ou un jugement.<\/li><\/ul><p>\u00a0<\/p><p>Mais dans le cadre du <a href=\"https:\/\/garantie.be\/fr\/garantie-locative-korfine\/fonctionnement\/\">fonctionnement de la garantie locative Korfine<\/a>, le support juridique et financier est diff\u00e9rent : Il repose sur un <strong>contrat d&rsquo;assurance de capitalisation &#8211; branche 26<\/strong>.<\/p>\t\t\t\t\t\t\t\t<\/div>\n\t\t\t\t<\/div>\n\t\t\t\t\t<\/div>\n\t\t<\/div>\n\t\t\t\t\t<\/div>\n\t\t<\/section>\n\t\t\t\t<section class=\"elementor-section elementor-top-section elementor-element elementor-element-26e34507 elementor-section-content-middle elementor-section-height-min-height elementor-section-items-stretch elementor-section-boxed elementor-section-height-default\" data-id=\"26e34507\" data-element_type=\"section\" data-e-type=\"section\">\n\t\t\t\t\t\t<div class=\"elementor-container elementor-column-gap-no\">\n\t\t\t\t\t<div class=\"elementor-column elementor-col-100 elementor-top-column elementor-element elementor-element-38ac6640\" data-id=\"38ac6640\" data-element_type=\"column\" data-e-type=\"column\" data-settings=\"{&quot;background_background&quot;:&quot;classic&quot;}\">\n\t\t\t<div class=\"elementor-widget-wrap elementor-element-populated\">\n\t\t\t\t\t\t<div class=\"elementor-element elementor-element-1faa319c elementor-widget elementor-widget-text-editor\" data-id=\"1faa319c\" data-element_type=\"widget\" data-e-type=\"widget\" data-widget_type=\"text-editor.default\">\n\t\t\t\t<div class=\"elementor-widget-container\">\n\t\t\t\t\t\t\t\t\t<p>Compl\u00e9tez notre formulaire pour obtenir une <a href=\"https:\/\/garantie.be\/fr\/garantie-locative-en-ligne\/\">garantie locative en ligne<\/a> en quelques heures sur <strong>Garantie.be<\/strong>. Vous ne bloquez pas d\u2019argent car nous fonctionnons comme une garantie bancaire<\/p>\t\t\t\t\t\t\t\t<\/div>\n\t\t\t\t<\/div>\n\t\t\t\t<div class=\"elementor-element elementor-element-6242f059 elementor-mobile-align-center elementor-align-center elementor-widget elementor-widget-button\" data-id=\"6242f059\" data-element_type=\"widget\" data-e-type=\"widget\" data-widget_type=\"button.default\">\n\t\t\t\t<div class=\"elementor-widget-container\">\n\t\t\t\t\t\t\t\t\t<div class=\"elementor-button-wrapper\">\n\t\t\t\t\t<a class=\"elementor-button elementor-button-link elementor-size-sm\" href=\"https:\/\/account.garantie.be\/fr\/register\/lease\">\n\t\t\t\t\t\t<span class=\"elementor-button-content-wrapper\">\n\t\t\t\t\t\t\t\t\t<span class=\"elementor-button-text\">Formulaire garantie locative 100% en ligne<\/span>\n\t\t\t\t\t<\/span>\n\t\t\t\t\t<\/a>\n\t\t\t\t<\/div>\n\t\t\t\t\t\t\t\t<\/div>\n\t\t\t\t<\/div>\n\t\t\t\t\t<\/div>\n\t\t<\/div>\n\t\t\t\t\t<\/div>\n\t\t<\/section>\n\t\t\t\t<section class=\"elementor-section elementor-top-section elementor-element elementor-element-720a75bd elementor-section-boxed elementor-section-height-default elementor-section-height-default\" data-id=\"720a75bd\" data-element_type=\"section\" data-e-type=\"section\">\n\t\t\t\t\t\t<div class=\"elementor-container elementor-column-gap-default\">\n\t\t\t\t\t<div class=\"elementor-column elementor-col-100 elementor-top-column elementor-element elementor-element-5b867421\" data-id=\"5b867421\" data-element_type=\"column\" data-e-type=\"column\">\n\t\t\t<div class=\"elementor-widget-wrap elementor-element-populated\">\n\t\t\t\t\t\t<div class=\"elementor-element elementor-element-39908187 elementor-widget elementor-widget-spacer\" data-id=\"39908187\" data-element_type=\"widget\" data-e-type=\"widget\" data-widget_type=\"spacer.default\">\n\t\t\t\t<div class=\"elementor-widget-container\">\n\t\t\t\t\t\t\t<div class=\"elementor-spacer\">\n\t\t\t<div class=\"elementor-spacer-inner\"><\/div>\n\t\t<\/div>\n\t\t\t\t\t\t<\/div>\n\t\t\t\t<\/div>\n\t\t\t\t<div class=\"elementor-element elementor-element-2e160790 elementor-widget elementor-widget-heading\" data-id=\"2e160790\" data-element_type=\"widget\" data-e-type=\"widget\" data-widget_type=\"heading.default\">\n\t\t\t\t<div class=\"elementor-widget-container\">\n\t\t\t\t\t<h2 class=\"elementor-heading-title elementor-size-default\">La garantie locative Korfine n\u2019est pas un compte bancaire<\/h2>\t\t\t\t<\/div>\n\t\t\t\t<\/div>\n\t\t\t\t<div class=\"elementor-element elementor-element-5911b059 elementor-widget elementor-widget-text-editor\" data-id=\"5911b059\" data-element_type=\"widget\" data-e-type=\"widget\" data-widget_type=\"text-editor.default\">\n\t\t\t\t<div class=\"elementor-widget-container\">\n\t\t\t\t\t\t\t\t\t<p>Les sp\u00e9cificit\u00e9s qui diff\u00e9rencient le compte bancaire bloqu\u00e9 du contrat Korfine sont qu&rsquo;il est :<\/p><ul><li>ouvert dans une banque,<\/li><li>soumis \u00e0 la r\u00e9glementation bancaire,<\/li><li>couvert par le syst\u00e8me de garantie des d\u00e9p\u00f4ts (jusqu\u2019\u00e0 100.000 \u20ac),<\/li><li>g\u00e9n\u00e9ralement non r\u00e9mun\u00e9r\u00e9 ou tr\u00e8s faiblement r\u00e9mun\u00e9r\u00e9.<\/li><\/ul><p>\u00a0<\/p><p>La <a href=\"https:\/\/garantie.be\/fr\/garantie-locative-korfine\/\">garantie Korfine<\/a> ne r\u00e9pond pas \u00e0 ces crit\u00e8res. Elle n\u2019est pas d\u00e9tenue dans une banque, et ne rel\u00e8ve donc pas du r\u00e9gime bancaire classique.<\/p>\t\t\t\t\t\t\t\t<\/div>\n\t\t\t\t<\/div>\n\t\t\t\t<div class=\"elementor-element elementor-element-5fb35585 elementor-widget elementor-widget-heading\" data-id=\"5fb35585\" data-element_type=\"widget\" data-e-type=\"widget\" data-widget_type=\"heading.default\">\n\t\t\t\t<div class=\"elementor-widget-container\">\n\t\t\t\t\t<h2 class=\"elementor-heading-title elementor-size-default\">La garantie locative Korfine est une assurance (branche 26)<\/h2>\t\t\t\t<\/div>\n\t\t\t\t<\/div>\n\t\t\t\t<div class=\"elementor-element elementor-element-1fdacf9 elementor-widget elementor-widget-text-editor\" data-id=\"1fdacf9\" data-element_type=\"widget\" data-e-type=\"widget\" data-widget_type=\"text-editor.default\">\n\t\t\t\t<div class=\"elementor-widget-container\">\n\t\t\t\t\t\t\t\t\t<p>La garantie locative Korfine repose sur un contrat de capitalisation branche 26, souscrit aupr\u00e8s d\u2019une compagnie d\u2019assurance belge agr\u00e9\u00e9e.<\/p><h3>Qu\u2019est-ce que la branche 26 ?<\/h3><ul><li>Produit d\u2019assurance vie sans risque biom\u00e9trique<\/li><li>Avec un versement unique<\/li><li>Un capital garanti par l\u2019assureur<\/li><li>Un taux d\u2019int\u00e9r\u00eat garanti \u00e0 la souscription<\/li><li>Un contrat soumis au droit belge<\/li><\/ul><p>\u00a0<\/p><p>L\u2019argent du locataire est donc <strong>plac\u00e9 dans un produit d\u2019assurance et pas sur un compte bancaire<\/strong>.<\/p>\t\t\t\t\t\t\t\t<\/div>\n\t\t\t\t<\/div>\n\t\t\t\t<div class=\"elementor-element elementor-element-3598ec00 elementor-widget elementor-widget-heading\" data-id=\"3598ec00\" data-element_type=\"widget\" data-e-type=\"widget\" data-widget_type=\"heading.default\">\n\t\t\t\t<div class=\"elementor-widget-container\">\n\t\t\t\t\t<h2 class=\"elementor-heading-title elementor-size-default\">Qui d\u00e9tient l\u2019argent et qui est prot\u00e9g\u00e9 ?<\/h2>\t\t\t\t<\/div>\n\t\t\t\t<\/div>\n\t\t\t\t<div class=\"elementor-element elementor-element-6c659a8d elementor-widget elementor-widget-text-editor\" data-id=\"6c659a8d\" data-element_type=\"widget\" data-e-type=\"widget\" data-widget_type=\"text-editor.default\">\n\t\t\t\t<div class=\"elementor-widget-container\">\n\t\t\t\t\t\t\t\t\t<p><strong>Le locataire reste propri\u00e9taire du capital<\/strong>.\u00a0Le bailleur b\u00e9n\u00e9ficie d\u2019un droit sur la somme en cas de d\u00e9g\u00e2ts locatifs ou de dettes, l\u2019assureur garantit le capital.<\/p><p><strong>Korfine agit comme courtier d\u2019assurances<\/strong>, sans d\u00e9tenir les fonds.\u00a0Le capital est juridiquement affect\u00e9 en garantie au profit du bailleur.<\/p>\t\t\t\t\t\t\t\t<\/div>\n\t\t\t\t<\/div>\n\t\t\t\t<div class=\"elementor-element elementor-element-4f911d92 elementor-widget elementor-widget-heading\" data-id=\"4f911d92\" data-element_type=\"widget\" data-e-type=\"widget\" data-widget_type=\"heading.default\">\n\t\t\t\t<div class=\"elementor-widget-container\">\n\t\t\t\t\t<h2 class=\"elementor-heading-title elementor-size-default\">Comparaison : Korfine vs compte bancaire bloqu\u00e9<\/h2>\t\t\t\t<\/div>\n\t\t\t\t<\/div>\n\t\t\t\t<div class=\"elementor-element elementor-element-3c3f56c7 elementor-widget elementor-widget-text-editor\" data-id=\"3c3f56c7\" data-element_type=\"widget\" data-e-type=\"widget\" data-widget_type=\"text-editor.default\">\n\t\t\t\t<div class=\"elementor-widget-container\">\n\t\t\t\t\t\t\t\t\t<table class=\"kb-compare-table\" role=\"table\" aria-label=\"Comparaison Korfine vs compte bancaire bloqu\u00e9\"><thead><tr><th scope=\"col\">Crit\u00e8re<\/th><th scope=\"col\">Korfine<\/th><th scope=\"col\">Compte bancaire bloqu\u00e9<\/th><\/tr><\/thead><tbody><tr><th scope=\"row\">Nature<\/th><td>Assurance \/ contrat de capitalisation branche 26<\/td><td>Compte bancaire bloqu\u00e9<\/td><\/tr><tr><th scope=\"row\">Capital garanti<\/th><td>Oui, garanti par l\u2019assureur<\/td><td>Oui, selon les conditions de la banque<\/td><\/tr><tr><th scope=\"row\">Garantie des d\u00e9p\u00f4ts<\/th><td>Non, ce n\u2019est pas un d\u00e9p\u00f4t bancaire<\/td><td>Oui, dans le cadre du syst\u00e8me de garantie des d\u00e9p\u00f4ts, sous conditions<\/td><\/tr><tr><th scope=\"row\">Int\u00e9r\u00eats<\/th><td>Souvent un taux d\u2019int\u00e9r\u00eat garanti \u00e0 la souscription<\/td><td>Faibles ou inexistants selon la banque<\/td><\/tr><tr><th scope=\"row\">Frais<\/th><td>Souvent des frais d\u2019entr\u00e9e variables<\/td><td>G\u00e9n\u00e9ralement peu ou pas de frais, selon la banque<\/td><\/tr><tr><th scope=\"row\">Lib\u00e9ration<\/th><td>Accord bailleur + locataire ou jugement<\/td><td>Accord bailleur + locataire ou jugement<\/td><\/tr><\/tbody><\/table>\t\t\t\t\t\t\t\t<\/div>\n\t\t\t\t<\/div>\n\t\t\t\t<div class=\"elementor-element elementor-element-737cd25a elementor-widget elementor-widget-heading\" data-id=\"737cd25a\" data-element_type=\"widget\" data-e-type=\"widget\" data-widget_type=\"heading.default\">\n\t\t\t\t<div class=\"elementor-widget-container\">\n\t\t\t\t\t<h2 class=\"elementor-heading-title elementor-size-default\">Quelles sont les cons\u00e9quences pratiques pour le locataire ?<\/h2>\t\t\t\t<\/div>\n\t\t\t\t<\/div>\n\t\t\t\t<div class=\"elementor-element elementor-element-1c1a1964 elementor-widget elementor-widget-text-editor\" data-id=\"1c1a1964\" data-element_type=\"widget\" data-e-type=\"widget\" data-widget_type=\"text-editor.default\">\n\t\t\t\t<div class=\"elementor-widget-container\">\n\t\t\t\t\t\t\t\t\t<p><strong>Avant de choisir Korfine<\/strong>, il est important de comprendre les points suivants :<\/p><ul><li>l\u2019argent est totalement immobilis\u00e9 pendant le bail,<\/li><li>il n\u2019est pas disponible en cas de besoin,<\/li><li>la r\u00e9cup\u00e9ration d\u00e9pend de l\u2019accord du bailleur ou d\u2019un jugement,<\/li><li>des frais d\u2019entr\u00e9e peuvent s\u2019appliquer,<\/li><li>les int\u00e9r\u00eats sont soumis au pr\u00e9compte mobilier.<\/li><\/ul>\t\t\t\t\t\t\t\t<\/div>\n\t\t\t\t<\/div>\n\t\t\t\t<div class=\"elementor-element elementor-element-718d76d elementor-widget elementor-widget-spacer\" data-id=\"718d76d\" data-element_type=\"widget\" data-e-type=\"widget\" data-widget_type=\"spacer.default\">\n\t\t\t\t<div class=\"elementor-widget-container\">\n\t\t\t\t\t\t\t<div class=\"elementor-spacer\">\n\t\t\t<div class=\"elementor-spacer-inner\"><\/div>\n\t\t<\/div>\n\t\t\t\t\t\t<\/div>\n\t\t\t\t<\/div>\n\t\t\t\t<div class=\"elementor-element elementor-element-7b8a9e70 elementor-widget elementor-widget-heading\" data-id=\"7b8a9e70\" data-element_type=\"widget\" data-e-type=\"widget\" data-widget_type=\"heading.default\">\n\t\t\t\t<div class=\"elementor-widget-container\">\n\t\t\t\t\t<h2 class=\"elementor-heading-title elementor-size-default\">Questions fr\u00e9quentes<\/h2>\t\t\t\t<\/div>\n\t\t\t\t<\/div>\n\t\t\t\t<div class=\"elementor-element elementor-element-5410aba4 elementor-widget elementor-widget-text-editor\" data-id=\"5410aba4\" data-element_type=\"widget\" data-e-type=\"widget\" data-widget_type=\"text-editor.default\">\n\t\t\t\t<div class=\"elementor-widget-container\">\n\t\t\t\t\t\t\t\t\t<p><strong>Peut-on appeler Korfine un compte bloqu\u00e9 ?<\/strong><br \/>Dans le langage courant oui, mais juridiquement non.<\/p><p><strong>Mon argent est-il en s\u00e9curit\u00e9 chez Korfine ?<\/strong><br \/>Oui, le capital est garanti par une compagnie d\u2019assurance belge agr\u00e9\u00e9e.<\/p><p><strong>Puis-je changer d\u2019avis apr\u00e8s la souscription ?<\/strong><br \/>Non, le capital reste bloqu\u00e9 pendant le bail, sauf accord du bailleur ou jugement.<\/p>\t\t\t\t\t\t\t\t<\/div>\n\t\t\t\t<\/div>\n\t\t\t\t\t<\/div>\n\t\t<\/div>\n\t\t\t\t\t<\/div>\n\t\t<\/section>\n\t\t\t\t<\/div>\n\t\t","protected":false},"excerpt":{"rendered":"<p>Garantie Korfine compte bloqu\u00e9 ou assurance ? De nombreux locataires et bailleurs se posent la m\u00eame question : la garantie locative Korfine est-elle un compte bancaire bloqu\u00e9 ou une assurance ? La confusion est fr\u00e9quente, car le r\u00e9sultat recherch\u00e9 est similaire : s\u00e9curiser le bailleur tout en bloquant une somme appartenant au locataire. On vous [&hellip;]<\/p>\n","protected":false},"author":1,"featured_media":0,"parent":386,"menu_order":0,"comment_status":"closed","ping_status":"closed","template":"","meta":{"footnotes":""},"class_list":["post-20360","page","type-page","status-publish","hentry"],"yoast_head":"<!-- This site is optimized with the Yoast SEO plugin v27.2 - https:\/\/yoast.com\/product\/yoast-seo-wordpress\/ -->\n<title>La garantie locative Korfine est-elle un compte bancaire bloqu\u00e9<\/title>\n<meta name=\"description\" content=\"Korfine est-elle un compte bloqu\u00e9 ou une assurance ? D\u00e9couvrez la diff\u00e9rence pour le locataire entre garantie bancaire et assurance.\" \/>\n<meta name=\"robots\" content=\"index, follow, max-snippet:-1, max-image-preview:large, max-video-preview:-1\" \/>\n<link rel=\"canonical\" href=\"https:\/\/garantie.be\/fr\/garantie-locative-korfine\/compte-bloque-assurance\/\" \/>\n<meta property=\"og:locale\" content=\"fr_FR\" \/>\n<meta property=\"og:type\" content=\"article\" \/>\n<meta property=\"og:title\" content=\"La garantie locative Korfine est-elle un compte bancaire bloqu\u00e9\" \/>\n<meta property=\"og:description\" content=\"Korfine est-elle un compte bloqu\u00e9 ou une assurance ? D\u00e9couvrez la diff\u00e9rence pour le locataire entre garantie bancaire et assurance.\" \/>\n<meta property=\"og:url\" content=\"https:\/\/garantie.be\/fr\/garantie-locative-korfine\/compte-bloque-assurance\/\" \/>\n<meta property=\"og:site_name\" content=\"Garantie\" \/>\n<meta property=\"article:modified_time\" content=\"2025-12-18T09:21:05+00:00\" \/>\n<meta name=\"twitter:card\" content=\"summary_large_image\" \/>\n<meta name=\"twitter:label1\" content=\"Dur\u00e9e de lecture estim\u00e9e\" \/>\n\t<meta name=\"twitter:data1\" content=\"4 minutes\" \/>\n<script type=\"application\/ld+json\" class=\"yoast-schema-graph\">{\"@context\":\"https:\/\/schema.org\",\"@graph\":[{\"@type\":\"WebPage\",\"@id\":\"https:\/\/garantie.be\/fr\/garantie-locative-korfine\/compte-bloque-assurance\/\",\"url\":\"https:\/\/garantie.be\/fr\/garantie-locative-korfine\/compte-bloque-assurance\/\",\"name\":\"La garantie locative Korfine est-elle un compte bancaire bloqu\u00e9\",\"isPartOf\":{\"@id\":\"https:\/\/garantie.be\/fr\/#website\"},\"datePublished\":\"2025-12-14T17:37:20+00:00\",\"dateModified\":\"2025-12-18T09:21:05+00:00\",\"description\":\"Korfine est-elle un compte bloqu\u00e9 ou une assurance ? D\u00e9couvrez la diff\u00e9rence pour le locataire entre garantie bancaire et assurance.\",\"breadcrumb\":{\"@id\":\"https:\/\/garantie.be\/fr\/garantie-locative-korfine\/compte-bloque-assurance\/#breadcrumb\"},\"inLanguage\":\"fr-FR\",\"potentialAction\":[{\"@type\":\"ReadAction\",\"target\":[\"https:\/\/garantie.be\/fr\/garantie-locative-korfine\/compte-bloque-assurance\/\"]}]},{\"@type\":\"BreadcrumbList\",\"@id\":\"https:\/\/garantie.be\/fr\/garantie-locative-korfine\/compte-bloque-assurance\/#breadcrumb\",\"itemListElement\":[{\"@type\":\"ListItem\",\"position\":1,\"name\":\"Accueil\",\"item\":\"https:\/\/garantie.be\/fr\/\"},{\"@type\":\"ListItem\",\"position\":2,\"name\":\"Garantie locative korfine\",\"item\":\"https:\/\/garantie.be\/fr\/garantie-locative-korfine\/\"},{\"@type\":\"ListItem\",\"position\":3,\"name\":\"La garantie locative Korfine est-elle un compte bancaire bloqu\u00e9\"}]},{\"@type\":\"WebSite\",\"@id\":\"https:\/\/garantie.be\/fr\/#website\",\"url\":\"https:\/\/garantie.be\/fr\/\",\"name\":\"Garantie\",\"description\":\"\",\"publisher\":{\"@id\":\"https:\/\/garantie.be\/fr\/#organization\"},\"potentialAction\":[{\"@type\":\"SearchAction\",\"target\":{\"@type\":\"EntryPoint\",\"urlTemplate\":\"https:\/\/garantie.be\/fr\/?s={search_term_string}\"},\"query-input\":{\"@type\":\"PropertyValueSpecification\",\"valueRequired\":true,\"valueName\":\"search_term_string\"}}],\"inLanguage\":\"fr-FR\"},{\"@type\":\"Organization\",\"@id\":\"https:\/\/garantie.be\/fr\/#organization\",\"name\":\"Garantie.be\",\"url\":\"https:\/\/garantie.be\/fr\/\",\"logo\":{\"@type\":\"ImageObject\",\"inLanguage\":\"fr-FR\",\"@id\":\"https:\/\/garantie.be\/fr\/#\/schema\/logo\/image\/\",\"url\":\"\",\"contentUrl\":\"\",\"caption\":\"Garantie.be\"},\"image\":{\"@id\":\"https:\/\/garantie.be\/fr\/#\/schema\/logo\/image\/\"}}]}<\/script>\n<!-- \/ Yoast SEO plugin. -->","yoast_head_json":{"title":"La garantie locative Korfine est-elle un compte bancaire bloqu\u00e9","description":"Korfine est-elle un compte bloqu\u00e9 ou une assurance ? D\u00e9couvrez la diff\u00e9rence pour le locataire entre garantie bancaire et assurance.","robots":{"index":"index","follow":"follow","max-snippet":"max-snippet:-1","max-image-preview":"max-image-preview:large","max-video-preview":"max-video-preview:-1"},"canonical":"https:\/\/garantie.be\/fr\/garantie-locative-korfine\/compte-bloque-assurance\/","og_locale":"fr_FR","og_type":"article","og_title":"La garantie locative Korfine est-elle un compte bancaire bloqu\u00e9","og_description":"Korfine est-elle un compte bloqu\u00e9 ou une assurance ? D\u00e9couvrez la diff\u00e9rence pour le locataire entre garantie bancaire et assurance.","og_url":"https:\/\/garantie.be\/fr\/garantie-locative-korfine\/compte-bloque-assurance\/","og_site_name":"Garantie","article_modified_time":"2025-12-18T09:21:05+00:00","twitter_card":"summary_large_image","twitter_misc":{"Dur\u00e9e de lecture estim\u00e9e":"4 minutes"},"schema":{"@context":"https:\/\/schema.org","@graph":[{"@type":"WebPage","@id":"https:\/\/garantie.be\/fr\/garantie-locative-korfine\/compte-bloque-assurance\/","url":"https:\/\/garantie.be\/fr\/garantie-locative-korfine\/compte-bloque-assurance\/","name":"La garantie locative Korfine est-elle un compte bancaire bloqu\u00e9","isPartOf":{"@id":"https:\/\/garantie.be\/fr\/#website"},"datePublished":"2025-12-14T17:37:20+00:00","dateModified":"2025-12-18T09:21:05+00:00","description":"Korfine est-elle un compte bloqu\u00e9 ou une assurance ? D\u00e9couvrez la diff\u00e9rence pour le locataire entre garantie bancaire et assurance.","breadcrumb":{"@id":"https:\/\/garantie.be\/fr\/garantie-locative-korfine\/compte-bloque-assurance\/#breadcrumb"},"inLanguage":"fr-FR","potentialAction":[{"@type":"ReadAction","target":["https:\/\/garantie.be\/fr\/garantie-locative-korfine\/compte-bloque-assurance\/"]}]},{"@type":"BreadcrumbList","@id":"https:\/\/garantie.be\/fr\/garantie-locative-korfine\/compte-bloque-assurance\/#breadcrumb","itemListElement":[{"@type":"ListItem","position":1,"name":"Accueil","item":"https:\/\/garantie.be\/fr\/"},{"@type":"ListItem","position":2,"name":"Garantie locative korfine","item":"https:\/\/garantie.be\/fr\/garantie-locative-korfine\/"},{"@type":"ListItem","position":3,"name":"La garantie locative Korfine est-elle un compte bancaire bloqu\u00e9"}]},{"@type":"WebSite","@id":"https:\/\/garantie.be\/fr\/#website","url":"https:\/\/garantie.be\/fr\/","name":"Garantie","description":"","publisher":{"@id":"https:\/\/garantie.be\/fr\/#organization"},"potentialAction":[{"@type":"SearchAction","target":{"@type":"EntryPoint","urlTemplate":"https:\/\/garantie.be\/fr\/?s={search_term_string}"},"query-input":{"@type":"PropertyValueSpecification","valueRequired":true,"valueName":"search_term_string"}}],"inLanguage":"fr-FR"},{"@type":"Organization","@id":"https:\/\/garantie.be\/fr\/#organization","name":"Garantie.be","url":"https:\/\/garantie.be\/fr\/","logo":{"@type":"ImageObject","inLanguage":"fr-FR","@id":"https:\/\/garantie.be\/fr\/#\/schema\/logo\/image\/","url":"","contentUrl":"","caption":"Garantie.be"},"image":{"@id":"https:\/\/garantie.be\/fr\/#\/schema\/logo\/image\/"}}]}},"_links":{"self":[{"href":"https:\/\/garantie.be\/fr\/wp-json\/wp\/v2\/pages\/20360","targetHints":{"allow":["GET"]}}],"collection":[{"href":"https:\/\/garantie.be\/fr\/wp-json\/wp\/v2\/pages"}],"about":[{"href":"https:\/\/garantie.be\/fr\/wp-json\/wp\/v2\/types\/page"}],"author":[{"embeddable":true,"href":"https:\/\/garantie.be\/fr\/wp-json\/wp\/v2\/users\/1"}],"replies":[{"embeddable":true,"href":"https:\/\/garantie.be\/fr\/wp-json\/wp\/v2\/comments?post=20360"}],"version-history":[{"count":0,"href":"https:\/\/garantie.be\/fr\/wp-json\/wp\/v2\/pages\/20360\/revisions"}],"up":[{"embeddable":true,"href":"https:\/\/garantie.be\/fr\/wp-json\/wp\/v2\/pages\/386"}],"wp:attachment":[{"href":"https:\/\/garantie.be\/fr\/wp-json\/wp\/v2\/media?parent=20360"}],"curies":[{"name":"wp","href":"https:\/\/api.w.org\/{rel}","templated":true}]}}