{"id":20475,"date":"2025-12-18T15:48:47","date_gmt":"2025-12-18T14:48:47","guid":{"rendered":"https:\/\/garantie.be\/?page_id=20475"},"modified":"2025-12-19T10:37:55","modified_gmt":"2025-12-19T09:37:55","slug":"anne-segers","status":"publish","type":"page","link":"https:\/\/garantie.be\/fr\/dossiers\/anne-segers\/","title":{"rendered":"Anne Segers &#8211; Belgique"},"content":{"rendered":"\t\t<div data-elementor-type=\"wp-page\" data-elementor-id=\"20475\" class=\"elementor elementor-20475\" data-elementor-post-type=\"page\">\n\t\t\t\t\t\t<section class=\"elementor-section elementor-top-section elementor-element elementor-element-545cf687 elementor-section-boxed elementor-section-height-default elementor-section-height-default\" data-id=\"545cf687\" data-element_type=\"section\" data-e-type=\"section\">\n\t\t\t\t\t\t<div class=\"elementor-container elementor-column-gap-default\">\n\t\t\t\t\t<div class=\"elementor-column elementor-col-100 elementor-top-column elementor-element elementor-element-2f328260\" data-id=\"2f328260\" data-element_type=\"column\" data-e-type=\"column\">\n\t\t\t<div class=\"elementor-widget-wrap elementor-element-populated\">\n\t\t\t\t\t\t<div class=\"elementor-element elementor-element-17d27e63 elementor-widget elementor-widget-spacer\" data-id=\"17d27e63\" data-element_type=\"widget\" data-e-type=\"widget\" data-widget_type=\"spacer.default\">\n\t\t\t\t<div class=\"elementor-widget-container\">\n\t\t\t\t\t\t\t<div class=\"elementor-spacer\">\n\t\t\t<div class=\"elementor-spacer-inner\"><\/div>\n\t\t<\/div>\n\t\t\t\t\t\t<\/div>\n\t\t\t\t<\/div>\n\t\t\t\t\t<\/div>\n\t\t<\/div>\n\t\t\t\t\t<\/div>\n\t\t<\/section>\n\t\t\t\t<section class=\"elementor-section elementor-top-section elementor-element elementor-element-44f5b0f8 elementor-section-boxed elementor-section-height-default elementor-section-height-default\" data-id=\"44f5b0f8\" data-element_type=\"section\" data-e-type=\"section\">\n\t\t\t\t\t\t<div class=\"elementor-container elementor-column-gap-default\">\n\t\t\t\t\t<div class=\"elementor-column elementor-col-100 elementor-top-column elementor-element elementor-element-30dfdb59\" data-id=\"30dfdb59\" data-element_type=\"column\" data-e-type=\"column\">\n\t\t\t<div class=\"elementor-widget-wrap elementor-element-populated\">\n\t\t\t\t\t\t<div class=\"elementor-element elementor-element-2c06ac6e elementor-widget elementor-widget-heading\" data-id=\"2c06ac6e\" data-element_type=\"widget\" data-e-type=\"widget\" data-widget_type=\"heading.default\">\n\t\t\t\t<div class=\"elementor-widget-container\">\n\t\t\t\t\t<h1 class=\"elementor-heading-title elementor-size-default\">Anne Segers<\/h1>\t\t\t\t<\/div>\n\t\t\t\t<\/div>\n\t\t\t\t\t<\/div>\n\t\t<\/div>\n\t\t\t\t\t<\/div>\n\t\t<\/section>\n\t\t\t\t<section class=\"elementor-section elementor-top-section elementor-element elementor-element-6db03a96 elementor-section-boxed elementor-section-height-default elementor-section-height-default\" data-id=\"6db03a96\" data-element_type=\"section\" data-e-type=\"section\">\n\t\t\t\t\t\t<div class=\"elementor-container elementor-column-gap-default\">\n\t\t\t\t\t<div class=\"elementor-column elementor-col-100 elementor-top-column elementor-element elementor-element-17738bfb\" data-id=\"17738bfb\" data-element_type=\"column\" data-e-type=\"column\">\n\t\t\t<div class=\"elementor-widget-wrap elementor-element-populated\">\n\t\t\t\t\t\t<div class=\"elementor-element elementor-element-1ca9b79e elementor-widget elementor-widget-text-editor\" data-id=\"1ca9b79e\" data-element_type=\"widget\" data-e-type=\"widget\" data-widget_type=\"text-editor.default\">\n\t\t\t\t<div class=\"elementor-widget-container\">\n\t\t\t\t\t\t\t\t\t<p><strong data-start=\"268\" data-end=\"435\">Cette page informe que Madame Anne Segers figure parmi les anciens clients de garantie.be.<\/strong><\/p><p>Me Anne Segers a b\u00e9n\u00e9fici\u00e9 de notre service de <span style=\"text-decoration: underline;\"><a href=\"https:\/\/garantie.be\/fr\/caution-locative-belgique\/\">caution locative<\/a><\/span>. Dans le cadre de notre engagement de caution envers son bailleur, nous avons \u00e9t\u00e9 amen\u00e9 \u00e0 couvrir ses dettes locatives.\u00a0Une tentative de r\u00e8glement \u00e0 l\u2019amiable est en cours.<\/p>\t\t\t\t\t\t\t\t<\/div>\n\t\t\t\t<\/div>\n\t\t\t\t\t<\/div>\n\t\t<\/div>\n\t\t\t\t\t<\/div>\n\t\t<\/section>\n\t\t\t\t<section class=\"elementor-section elementor-top-section elementor-element elementor-element-3a3c2ce9 elementor-section-boxed elementor-section-height-default elementor-section-height-default\" data-id=\"3a3c2ce9\" data-element_type=\"section\" data-e-type=\"section\">\n\t\t\t\t\t\t<div class=\"elementor-container elementor-column-gap-default\">\n\t\t\t\t\t<div class=\"elementor-column elementor-col-100 elementor-top-column elementor-element elementor-element-26faf94d\" data-id=\"26faf94d\" data-element_type=\"column\" data-e-type=\"column\">\n\t\t\t<div class=\"elementor-widget-wrap elementor-element-populated\">\n\t\t\t\t\t\t<div class=\"elementor-element elementor-element-3f608dbe elementor-widget elementor-widget-text-editor\" data-id=\"3f608dbe\" data-element_type=\"widget\" data-e-type=\"widget\" data-widget_type=\"text-editor.default\">\n\t\t\t\t<div class=\"elementor-widget-container\">\n\t\t\t\t\t\t\t\t\t<p class=\"\" data-start=\"404\" data-end=\"705\">Anne Segers est une ancienne locataire ayant souscrit une <strong data-start=\"757\" data-end=\"808\">garantie locative via la plateforme garantie.be<\/strong> pour s\u00e9curiser un bail locatif en Belgique. Gr\u00e2ce \u00e0 notre service, nous nous sommes port\u00e9 caution en son nom afin de lui permettre d\u2019entrer dans le logement sans devoir avancer personnellement le d\u00e9p\u00f4t demand\u00e9 par le bailleur.<\/p>\t\t\t\t\t\t\t\t<\/div>\n\t\t\t\t<\/div>\n\t\t\t\t\t<\/div>\n\t\t<\/div>\n\t\t\t\t\t<\/div>\n\t\t<\/section>\n\t\t\t\t<section class=\"elementor-section elementor-top-section elementor-element elementor-element-6e3e8b84 elementor-section-boxed elementor-section-height-default elementor-section-height-default\" data-id=\"6e3e8b84\" data-element_type=\"section\" data-e-type=\"section\">\n\t\t\t\t\t\t<div class=\"elementor-container elementor-column-gap-default\">\n\t\t\t\t\t<div class=\"elementor-column elementor-col-50 elementor-top-column elementor-element elementor-element-766123f3\" data-id=\"766123f3\" data-element_type=\"column\" data-e-type=\"column\">\n\t\t\t<div class=\"elementor-widget-wrap elementor-element-populated\">\n\t\t\t\t\t\t<div class=\"elementor-element elementor-element-76d4b006 elementor-widget elementor-widget-image\" data-id=\"76d4b006\" data-element_type=\"widget\" data-e-type=\"widget\" data-widget_type=\"image.default\">\n\t\t\t\t<div class=\"elementor-widget-container\">\n\t\t\t\t\t\t\t\t\t\t\t\t\t\t\t<img decoding=\"async\" width=\"94\" height=\"94\" src=\"https:\/\/garantie.be\/wp-content\/uploads\/2021\/04\/IPID-exlcus-assurance.jpg\" class=\"attachment-large size-large wp-image-3086\" alt=\"IPID exlcus assurance\" \/>\t\t\t\t\t\t\t\t\t\t\t\t\t\t\t<\/div>\n\t\t\t\t<\/div>\n\t\t\t\t\t<\/div>\n\t\t<\/div>\n\t\t\t\t<div class=\"elementor-column elementor-col-50 elementor-top-column elementor-element elementor-element-61d64b55\" data-id=\"61d64b55\" data-element_type=\"column\" data-e-type=\"column\">\n\t\t\t<div class=\"elementor-widget-wrap elementor-element-populated\">\n\t\t\t\t\t\t<div class=\"elementor-element elementor-element-37cdc72a elementor-widget elementor-widget-heading\" data-id=\"37cdc72a\" data-element_type=\"widget\" data-e-type=\"widget\" data-widget_type=\"heading.default\">\n\t\t\t\t<div class=\"elementor-widget-container\">\n\t\t\t\t\t<h2 class=\"elementor-heading-title elementor-size-default\">Mise en garde<\/h2>\t\t\t\t<\/div>\n\t\t\t\t<\/div>\n\t\t\t\t<div class=\"elementor-element elementor-element-439c7266 elementor-widget elementor-widget-text-editor\" data-id=\"439c7266\" data-element_type=\"widget\" data-e-type=\"widget\" data-widget_type=\"text-editor.default\">\n\t\t\t\t<div class=\"elementor-widget-container\">\n\t\t\t\t\t\t\t\t\t<p>Si vous \u00eates propri\u00e9taire, bailleur, ou prestataire de services dans l\u2019immobilier, <strong data-start=\"2512\" data-end=\"2608\">nous vous invitons \u00e0 la prudence dans le cadre d\u2019un \u00e9ventuel engagement avec Anne Segers<\/strong>.<\/p><p>Cette page est destin\u00e9e \u00e0 pr\u00e9venir d\u2019autres structures de la <strong data-start=\"2671\" data-end=\"2701\">mauvaise foi contractuelle<\/strong> de ce client, et \u00e0 encourager une vigilance accrue dans les futures collaborations.<\/p>\t\t\t\t\t\t\t\t<\/div>\n\t\t\t\t<\/div>\n\t\t\t\t\t<\/div>\n\t\t<\/div>\n\t\t\t\t\t<\/div>\n\t\t<\/section>\n\t\t\t\t<\/div>\n\t\t","protected":false},"excerpt":{"rendered":"<p>Anne Segers Cette page informe que Madame Anne Segers figure parmi les anciens clients de garantie.be. Me Anne Segers a b\u00e9n\u00e9fici\u00e9 de notre service de caution locative. Dans le cadre de notre engagement de caution envers son bailleur, nous avons \u00e9t\u00e9 amen\u00e9 \u00e0 couvrir ses dettes locatives.\u00a0Une tentative de r\u00e8glement \u00e0 l\u2019amiable est en cours. [&hellip;]<\/p>\n","protected":false},"author":1,"featured_media":0,"parent":17790,"menu_order":0,"comment_status":"closed","ping_status":"closed","template":"","meta":{"footnotes":""},"class_list":["post-20475","page","type-page","status-publish","hentry"],"yoast_head":"<!-- This site is optimized with the Yoast SEO plugin v27.3 - https:\/\/yoast.com\/product\/yoast-seo-wordpress\/ -->\n<title>Anne Segers - Belgique<\/title>\n<meta name=\"description\" content=\"Anne Segers a b\u00e9n\u00e9fici\u00e9 de notre caution locative. Contactez nous avant de signer avec Anne Segers un bail de location pour un logement\" \/>\n<meta name=\"robots\" content=\"index, follow, max-snippet:-1, max-image-preview:large, max-video-preview:-1\" \/>\n<link rel=\"canonical\" href=\"https:\/\/garantie.be\/fr\/dossiers\/anne-segers\/\" \/>\n<meta property=\"og:locale\" content=\"fr_FR\" \/>\n<meta property=\"og:type\" content=\"article\" \/>\n<meta property=\"og:title\" content=\"Anne Segers - Belgique\" \/>\n<meta property=\"og:description\" content=\"Anne Segers a b\u00e9n\u00e9fici\u00e9 de notre caution locative. Contactez nous avant de signer avec Anne Segers un bail de location pour un logement\" \/>\n<meta property=\"og:url\" content=\"https:\/\/garantie.be\/fr\/dossiers\/anne-segers\/\" \/>\n<meta property=\"og:site_name\" content=\"Garantie\" \/>\n<meta property=\"article:modified_time\" content=\"2025-12-19T09:37:55+00:00\" \/>\n<meta property=\"og:image\" content=\"https:\/\/garantie.be\/wp-content\/uploads\/2021\/04\/IPID-exlcus-assurance.jpg\" \/>\n<meta name=\"twitter:card\" content=\"summary_large_image\" \/>\n<meta name=\"twitter:label1\" content=\"Dur\u00e9e de lecture estim\u00e9e\" \/>\n\t<meta name=\"twitter:data1\" content=\"2 minutes\" \/>\n<script type=\"application\/ld+json\" class=\"yoast-schema-graph\">{\"@context\":\"https:\\\/\\\/schema.org\",\"@graph\":[{\"@type\":\"WebPage\",\"@id\":\"https:\\\/\\\/garantie.be\\\/fr\\\/dossiers\\\/anne-segers\\\/\",\"url\":\"https:\\\/\\\/garantie.be\\\/fr\\\/dossiers\\\/anne-segers\\\/\",\"name\":\"Anne Segers - Belgique\",\"isPartOf\":{\"@id\":\"https:\\\/\\\/garantie.be\\\/fr\\\/#website\"},\"primaryImageOfPage\":{\"@id\":\"https:\\\/\\\/garantie.be\\\/fr\\\/dossiers\\\/anne-segers\\\/#primaryimage\"},\"image\":{\"@id\":\"https:\\\/\\\/garantie.be\\\/fr\\\/dossiers\\\/anne-segers\\\/#primaryimage\"},\"thumbnailUrl\":\"https:\\\/\\\/garantie.be\\\/wp-content\\\/uploads\\\/2021\\\/04\\\/IPID-exlcus-assurance.jpg\",\"datePublished\":\"2025-12-18T14:48:47+00:00\",\"dateModified\":\"2025-12-19T09:37:55+00:00\",\"description\":\"Anne Segers a b\u00e9n\u00e9fici\u00e9 de notre caution locative. Contactez nous avant de signer avec Anne Segers un bail de location pour un logement\",\"breadcrumb\":{\"@id\":\"https:\\\/\\\/garantie.be\\\/fr\\\/dossiers\\\/anne-segers\\\/#breadcrumb\"},\"inLanguage\":\"fr-FR\",\"potentialAction\":[{\"@type\":\"ReadAction\",\"target\":[\"https:\\\/\\\/garantie.be\\\/fr\\\/dossiers\\\/anne-segers\\\/\"]}]},{\"@type\":\"ImageObject\",\"inLanguage\":\"fr-FR\",\"@id\":\"https:\\\/\\\/garantie.be\\\/fr\\\/dossiers\\\/anne-segers\\\/#primaryimage\",\"url\":\"https:\\\/\\\/garantie.be\\\/wp-content\\\/uploads\\\/2021\\\/04\\\/IPID-exlcus-assurance.jpg\",\"contentUrl\":\"https:\\\/\\\/garantie.be\\\/wp-content\\\/uploads\\\/2021\\\/04\\\/IPID-exlcus-assurance.jpg\"},{\"@type\":\"BreadcrumbList\",\"@id\":\"https:\\\/\\\/garantie.be\\\/fr\\\/dossiers\\\/anne-segers\\\/#breadcrumb\",\"itemListElement\":[{\"@type\":\"ListItem\",\"position\":1,\"name\":\"Accueil\",\"item\":\"https:\\\/\\\/garantie.be\\\/fr\\\/\"},{\"@type\":\"ListItem\",\"position\":2,\"name\":\"Dossiers clients en attente\",\"item\":\"https:\\\/\\\/garantie.be\\\/fr\\\/dossiers\\\/\"},{\"@type\":\"ListItem\",\"position\":3,\"name\":\"Anne Segers &#8211; Belgique\"}]},{\"@type\":\"WebSite\",\"@id\":\"https:\\\/\\\/garantie.be\\\/fr\\\/#website\",\"url\":\"https:\\\/\\\/garantie.be\\\/fr\\\/\",\"name\":\"Garantie\",\"description\":\"\",\"publisher\":{\"@id\":\"https:\\\/\\\/garantie.be\\\/fr\\\/#organization\"},\"potentialAction\":[{\"@type\":\"SearchAction\",\"target\":{\"@type\":\"EntryPoint\",\"urlTemplate\":\"https:\\\/\\\/garantie.be\\\/fr\\\/?s={search_term_string}\"},\"query-input\":{\"@type\":\"PropertyValueSpecification\",\"valueRequired\":true,\"valueName\":\"search_term_string\"}}],\"inLanguage\":\"fr-FR\"},{\"@type\":\"Organization\",\"@id\":\"https:\\\/\\\/garantie.be\\\/fr\\\/#organization\",\"name\":\"Garantie.be\",\"url\":\"https:\\\/\\\/garantie.be\\\/fr\\\/\",\"logo\":{\"@type\":\"ImageObject\",\"inLanguage\":\"fr-FR\",\"@id\":\"https:\\\/\\\/garantie.be\\\/fr\\\/#\\\/schema\\\/logo\\\/image\\\/\",\"url\":\"\",\"contentUrl\":\"\",\"caption\":\"Garantie.be\"},\"image\":{\"@id\":\"https:\\\/\\\/garantie.be\\\/fr\\\/#\\\/schema\\\/logo\\\/image\\\/\"}}]}<\/script>\n<!-- \/ Yoast SEO plugin. -->","yoast_head_json":{"title":"Anne Segers - Belgique","description":"Anne Segers a b\u00e9n\u00e9fici\u00e9 de notre caution locative. Contactez nous avant de signer avec Anne Segers un bail de location pour un logement","robots":{"index":"index","follow":"follow","max-snippet":"max-snippet:-1","max-image-preview":"max-image-preview:large","max-video-preview":"max-video-preview:-1"},"canonical":"https:\/\/garantie.be\/fr\/dossiers\/anne-segers\/","og_locale":"fr_FR","og_type":"article","og_title":"Anne Segers - Belgique","og_description":"Anne Segers a b\u00e9n\u00e9fici\u00e9 de notre caution locative. Contactez nous avant de signer avec Anne Segers un bail de location pour un logement","og_url":"https:\/\/garantie.be\/fr\/dossiers\/anne-segers\/","og_site_name":"Garantie","article_modified_time":"2025-12-19T09:37:55+00:00","og_image":[{"url":"https:\/\/garantie.be\/wp-content\/uploads\/2021\/04\/IPID-exlcus-assurance.jpg","type":"","width":"","height":""}],"twitter_card":"summary_large_image","twitter_misc":{"Dur\u00e9e de lecture estim\u00e9e":"2 minutes"},"schema":{"@context":"https:\/\/schema.org","@graph":[{"@type":"WebPage","@id":"https:\/\/garantie.be\/fr\/dossiers\/anne-segers\/","url":"https:\/\/garantie.be\/fr\/dossiers\/anne-segers\/","name":"Anne Segers - Belgique","isPartOf":{"@id":"https:\/\/garantie.be\/fr\/#website"},"primaryImageOfPage":{"@id":"https:\/\/garantie.be\/fr\/dossiers\/anne-segers\/#primaryimage"},"image":{"@id":"https:\/\/garantie.be\/fr\/dossiers\/anne-segers\/#primaryimage"},"thumbnailUrl":"https:\/\/garantie.be\/wp-content\/uploads\/2021\/04\/IPID-exlcus-assurance.jpg","datePublished":"2025-12-18T14:48:47+00:00","dateModified":"2025-12-19T09:37:55+00:00","description":"Anne Segers a b\u00e9n\u00e9fici\u00e9 de notre caution locative. Contactez nous avant de signer avec Anne Segers un bail de location pour un logement","breadcrumb":{"@id":"https:\/\/garantie.be\/fr\/dossiers\/anne-segers\/#breadcrumb"},"inLanguage":"fr-FR","potentialAction":[{"@type":"ReadAction","target":["https:\/\/garantie.be\/fr\/dossiers\/anne-segers\/"]}]},{"@type":"ImageObject","inLanguage":"fr-FR","@id":"https:\/\/garantie.be\/fr\/dossiers\/anne-segers\/#primaryimage","url":"https:\/\/garantie.be\/wp-content\/uploads\/2021\/04\/IPID-exlcus-assurance.jpg","contentUrl":"https:\/\/garantie.be\/wp-content\/uploads\/2021\/04\/IPID-exlcus-assurance.jpg"},{"@type":"BreadcrumbList","@id":"https:\/\/garantie.be\/fr\/dossiers\/anne-segers\/#breadcrumb","itemListElement":[{"@type":"ListItem","position":1,"name":"Accueil","item":"https:\/\/garantie.be\/fr\/"},{"@type":"ListItem","position":2,"name":"Dossiers clients en attente","item":"https:\/\/garantie.be\/fr\/dossiers\/"},{"@type":"ListItem","position":3,"name":"Anne Segers &#8211; Belgique"}]},{"@type":"WebSite","@id":"https:\/\/garantie.be\/fr\/#website","url":"https:\/\/garantie.be\/fr\/","name":"Garantie","description":"","publisher":{"@id":"https:\/\/garantie.be\/fr\/#organization"},"potentialAction":[{"@type":"SearchAction","target":{"@type":"EntryPoint","urlTemplate":"https:\/\/garantie.be\/fr\/?s={search_term_string}"},"query-input":{"@type":"PropertyValueSpecification","valueRequired":true,"valueName":"search_term_string"}}],"inLanguage":"fr-FR"},{"@type":"Organization","@id":"https:\/\/garantie.be\/fr\/#organization","name":"Garantie.be","url":"https:\/\/garantie.be\/fr\/","logo":{"@type":"ImageObject","inLanguage":"fr-FR","@id":"https:\/\/garantie.be\/fr\/#\/schema\/logo\/image\/","url":"","contentUrl":"","caption":"Garantie.be"},"image":{"@id":"https:\/\/garantie.be\/fr\/#\/schema\/logo\/image\/"}}]}},"_links":{"self":[{"href":"https:\/\/garantie.be\/fr\/wp-json\/wp\/v2\/pages\/20475","targetHints":{"allow":["GET"]}}],"collection":[{"href":"https:\/\/garantie.be\/fr\/wp-json\/wp\/v2\/pages"}],"about":[{"href":"https:\/\/garantie.be\/fr\/wp-json\/wp\/v2\/types\/page"}],"author":[{"embeddable":true,"href":"https:\/\/garantie.be\/fr\/wp-json\/wp\/v2\/users\/1"}],"replies":[{"embeddable":true,"href":"https:\/\/garantie.be\/fr\/wp-json\/wp\/v2\/comments?post=20475"}],"version-history":[{"count":0,"href":"https:\/\/garantie.be\/fr\/wp-json\/wp\/v2\/pages\/20475\/revisions"}],"up":[{"embeddable":true,"href":"https:\/\/garantie.be\/fr\/wp-json\/wp\/v2\/pages\/17790"}],"wp:attachment":[{"href":"https:\/\/garantie.be\/fr\/wp-json\/wp\/v2\/media?parent=20475"}],"curies":[{"name":"wp","href":"https:\/\/api.w.org\/{rel}","templated":true}]}}