{"id":20479,"date":"2025-12-18T15:54:01","date_gmt":"2025-12-18T14:54:01","guid":{"rendered":"https:\/\/garantie.be\/?page_id=20479"},"modified":"2025-12-19T10:36:13","modified_gmt":"2025-12-19T09:36:13","slug":"arthur-schuyts","status":"publish","type":"page","link":"https:\/\/garantie.be\/fr\/dossiers\/arthur-schuyts\/","title":{"rendered":"Arthur Schuyts &#8211; Belgique"},"content":{"rendered":"\t\t<div data-elementor-type=\"wp-page\" data-elementor-id=\"20479\" class=\"elementor elementor-20479\" data-elementor-post-type=\"page\">\n\t\t\t\t\t\t<section class=\"elementor-section elementor-top-section elementor-element elementor-element-6141954f elementor-section-boxed elementor-section-height-default elementor-section-height-default\" data-id=\"6141954f\" data-element_type=\"section\" data-e-type=\"section\">\n\t\t\t\t\t\t<div class=\"elementor-container elementor-column-gap-default\">\n\t\t\t\t\t<div class=\"elementor-column elementor-col-100 elementor-top-column elementor-element elementor-element-4244d54b\" data-id=\"4244d54b\" data-element_type=\"column\" data-e-type=\"column\">\n\t\t\t<div class=\"elementor-widget-wrap elementor-element-populated\">\n\t\t\t\t\t\t<div class=\"elementor-element elementor-element-7d8c4843 elementor-widget elementor-widget-spacer\" data-id=\"7d8c4843\" data-element_type=\"widget\" data-e-type=\"widget\" data-widget_type=\"spacer.default\">\n\t\t\t\t<div class=\"elementor-widget-container\">\n\t\t\t\t\t\t\t<div class=\"elementor-spacer\">\n\t\t\t<div class=\"elementor-spacer-inner\"><\/div>\n\t\t<\/div>\n\t\t\t\t\t\t<\/div>\n\t\t\t\t<\/div>\n\t\t\t\t\t<\/div>\n\t\t<\/div>\n\t\t\t\t\t<\/div>\n\t\t<\/section>\n\t\t\t\t<section class=\"elementor-section elementor-top-section elementor-element elementor-element-5a8ca5fa elementor-section-boxed elementor-section-height-default elementor-section-height-default\" data-id=\"5a8ca5fa\" data-element_type=\"section\" data-e-type=\"section\">\n\t\t\t\t\t\t<div class=\"elementor-container elementor-column-gap-default\">\n\t\t\t\t\t<div class=\"elementor-column elementor-col-100 elementor-top-column elementor-element elementor-element-434c3cd4\" data-id=\"434c3cd4\" data-element_type=\"column\" data-e-type=\"column\">\n\t\t\t<div class=\"elementor-widget-wrap elementor-element-populated\">\n\t\t\t\t\t\t<div class=\"elementor-element elementor-element-b28542 elementor-widget elementor-widget-heading\" data-id=\"b28542\" data-element_type=\"widget\" data-e-type=\"widget\" data-widget_type=\"heading.default\">\n\t\t\t\t<div class=\"elementor-widget-container\">\n\t\t\t\t\t<h1 class=\"elementor-heading-title elementor-size-default\">Arthur Schuyts<\/h1>\t\t\t\t<\/div>\n\t\t\t\t<\/div>\n\t\t\t\t\t<\/div>\n\t\t<\/div>\n\t\t\t\t\t<\/div>\n\t\t<\/section>\n\t\t\t\t<section class=\"elementor-section elementor-top-section elementor-element elementor-element-5f43100d elementor-section-boxed elementor-section-height-default elementor-section-height-default\" data-id=\"5f43100d\" data-element_type=\"section\" data-e-type=\"section\">\n\t\t\t\t\t\t<div class=\"elementor-container elementor-column-gap-default\">\n\t\t\t\t\t<div class=\"elementor-column elementor-col-100 elementor-top-column elementor-element elementor-element-1424db34\" data-id=\"1424db34\" data-element_type=\"column\" data-e-type=\"column\">\n\t\t\t<div class=\"elementor-widget-wrap elementor-element-populated\">\n\t\t\t\t\t\t<div class=\"elementor-element elementor-element-46ef0a7c elementor-widget elementor-widget-text-editor\" data-id=\"46ef0a7c\" data-element_type=\"widget\" data-e-type=\"widget\" data-widget_type=\"text-editor.default\">\n\t\t\t\t<div class=\"elementor-widget-container\">\n\t\t\t\t\t\t\t\t\t<p><strong data-start=\"268\" data-end=\"435\">Cette page informe que Monsieur Arthur Schuyts figure parmi les anciens clients de garantie.be.<\/strong><\/p><p>M. Arthur Schuyts a b\u00e9n\u00e9fici\u00e9 de notre service de <span style=\"text-decoration: underline;\"><a href=\"https:\/\/garantie.be\/fr\/caution-locative-belgique\/\">caution locative<\/a><\/span>. Dans le cadre de notre engagement de caution envers son bailleur, nous avons \u00e9t\u00e9 amen\u00e9 \u00e0 couvrir ses dettes locatives.\u00a0Une tentative de r\u00e8glement \u00e0 l\u2019amiable est en cours.<\/p>\t\t\t\t\t\t\t\t<\/div>\n\t\t\t\t<\/div>\n\t\t\t\t\t<\/div>\n\t\t<\/div>\n\t\t\t\t\t<\/div>\n\t\t<\/section>\n\t\t\t\t<section class=\"elementor-section elementor-top-section elementor-element elementor-element-4836f841 elementor-section-boxed elementor-section-height-default elementor-section-height-default\" data-id=\"4836f841\" data-element_type=\"section\" data-e-type=\"section\">\n\t\t\t\t\t\t<div class=\"elementor-container elementor-column-gap-default\">\n\t\t\t\t\t<div class=\"elementor-column elementor-col-100 elementor-top-column elementor-element elementor-element-3ed5b6e7\" data-id=\"3ed5b6e7\" data-element_type=\"column\" data-e-type=\"column\">\n\t\t\t<div class=\"elementor-widget-wrap elementor-element-populated\">\n\t\t\t\t\t\t<div class=\"elementor-element elementor-element-56046c8a elementor-widget elementor-widget-text-editor\" data-id=\"56046c8a\" data-element_type=\"widget\" data-e-type=\"widget\" data-widget_type=\"text-editor.default\">\n\t\t\t\t<div class=\"elementor-widget-container\">\n\t\t\t\t\t\t\t\t\t<p class=\"\" data-start=\"404\" data-end=\"705\">Arthur Schuyts est un ancien locataire ayant souscrit une <strong data-start=\"757\" data-end=\"808\">garantie locative via la plateforme garantie.be<\/strong> pour s\u00e9curiser un bail locatif en Belgique. Gr\u00e2ce \u00e0 notre service, nous nous sommes port\u00e9 caution en son nom afin de lui permettre d\u2019entrer dans le logement sans devoir avancer personnellement le d\u00e9p\u00f4t demand\u00e9 par le bailleur.<\/p>\t\t\t\t\t\t\t\t<\/div>\n\t\t\t\t<\/div>\n\t\t\t\t\t<\/div>\n\t\t<\/div>\n\t\t\t\t\t<\/div>\n\t\t<\/section>\n\t\t\t\t<section class=\"elementor-section elementor-top-section elementor-element elementor-element-4af4b0d8 elementor-section-boxed elementor-section-height-default elementor-section-height-default\" data-id=\"4af4b0d8\" data-element_type=\"section\" data-e-type=\"section\">\n\t\t\t\t\t\t<div class=\"elementor-container elementor-column-gap-default\">\n\t\t\t\t\t<div class=\"elementor-column elementor-col-50 elementor-top-column elementor-element elementor-element-1d16f033\" data-id=\"1d16f033\" data-element_type=\"column\" data-e-type=\"column\">\n\t\t\t<div class=\"elementor-widget-wrap elementor-element-populated\">\n\t\t\t\t\t\t<div class=\"elementor-element elementor-element-2a993516 elementor-widget elementor-widget-image\" data-id=\"2a993516\" data-element_type=\"widget\" data-e-type=\"widget\" data-widget_type=\"image.default\">\n\t\t\t\t<div class=\"elementor-widget-container\">\n\t\t\t\t\t\t\t\t\t\t\t\t\t\t\t<img decoding=\"async\" width=\"94\" height=\"94\" src=\"https:\/\/garantie.be\/wp-content\/uploads\/2021\/04\/IPID-exlcus-assurance.jpg\" class=\"attachment-large size-large wp-image-3086\" alt=\"IPID exlcus assurance\" \/>\t\t\t\t\t\t\t\t\t\t\t\t\t\t\t<\/div>\n\t\t\t\t<\/div>\n\t\t\t\t\t<\/div>\n\t\t<\/div>\n\t\t\t\t<div class=\"elementor-column elementor-col-50 elementor-top-column elementor-element elementor-element-255a7bda\" data-id=\"255a7bda\" data-element_type=\"column\" data-e-type=\"column\">\n\t\t\t<div class=\"elementor-widget-wrap elementor-element-populated\">\n\t\t\t\t\t\t<div class=\"elementor-element elementor-element-25079b4c elementor-widget elementor-widget-heading\" data-id=\"25079b4c\" data-element_type=\"widget\" data-e-type=\"widget\" data-widget_type=\"heading.default\">\n\t\t\t\t<div class=\"elementor-widget-container\">\n\t\t\t\t\t<h2 class=\"elementor-heading-title elementor-size-default\">Mise en garde<\/h2>\t\t\t\t<\/div>\n\t\t\t\t<\/div>\n\t\t\t\t<div class=\"elementor-element elementor-element-4a0c85d9 elementor-widget elementor-widget-text-editor\" data-id=\"4a0c85d9\" data-element_type=\"widget\" data-e-type=\"widget\" data-widget_type=\"text-editor.default\">\n\t\t\t\t<div class=\"elementor-widget-container\">\n\t\t\t\t\t\t\t\t\t<p>Si vous \u00eates propri\u00e9taire, bailleur, ou prestataire de services dans l\u2019immobilier, <strong data-start=\"2512\" data-end=\"2608\">nous vous invitons \u00e0 la prudence dans le cadre d\u2019un \u00e9ventuel engagement avec Arthur Schuyts<\/strong>.<\/p><p>Cette page est destin\u00e9e \u00e0 pr\u00e9venir d\u2019autres structures de la <strong data-start=\"2671\" data-end=\"2701\">mauvaise foi contractuelle<\/strong> de ce client, et \u00e0 encourager une vigilance accrue dans les futures collaborations.<\/p>\t\t\t\t\t\t\t\t<\/div>\n\t\t\t\t<\/div>\n\t\t\t\t\t<\/div>\n\t\t<\/div>\n\t\t\t\t\t<\/div>\n\t\t<\/section>\n\t\t\t\t<\/div>\n\t\t","protected":false},"excerpt":{"rendered":"<p>Arthur Schuyts Cette page informe que Monsieur Arthur Schuyts figure parmi les anciens clients de garantie.be. M. Arthur Schuyts a b\u00e9n\u00e9fici\u00e9 de notre service de caution locative. Dans le cadre de notre engagement de caution envers son bailleur, nous avons \u00e9t\u00e9 amen\u00e9 \u00e0 couvrir ses dettes locatives.\u00a0Une tentative de r\u00e8glement \u00e0 l\u2019amiable est en cours. [&hellip;]<\/p>\n","protected":false},"author":1,"featured_media":0,"parent":17790,"menu_order":0,"comment_status":"closed","ping_status":"closed","template":"","meta":{"footnotes":""},"class_list":["post-20479","page","type-page","status-publish","hentry"],"yoast_head":"<!-- This site is optimized with the Yoast SEO plugin v27.3 - https:\/\/yoast.com\/product\/yoast-seo-wordpress\/ -->\n<title>Arthur Schuyts - Belgique<\/title>\n<meta name=\"description\" content=\"Arthur Schuyts a b\u00e9n\u00e9fici\u00e9 de notre caution locative. Contactez nous avant de signer avec Arthur Schuyts un bail de location pour un logement\" \/>\n<meta name=\"robots\" content=\"index, follow, max-snippet:-1, max-image-preview:large, max-video-preview:-1\" \/>\n<link rel=\"canonical\" href=\"https:\/\/garantie.be\/fr\/dossiers\/arthur-schuyts\/\" \/>\n<meta property=\"og:locale\" content=\"fr_FR\" \/>\n<meta property=\"og:type\" content=\"article\" \/>\n<meta property=\"og:title\" content=\"Arthur Schuyts - Belgique\" \/>\n<meta property=\"og:description\" content=\"Arthur Schuyts a b\u00e9n\u00e9fici\u00e9 de notre caution locative. Contactez nous avant de signer avec Arthur Schuyts un bail de location pour un logement\" \/>\n<meta property=\"og:url\" content=\"https:\/\/garantie.be\/fr\/dossiers\/arthur-schuyts\/\" \/>\n<meta property=\"og:site_name\" content=\"Garantie\" \/>\n<meta property=\"article:modified_time\" content=\"2025-12-19T09:36:13+00:00\" \/>\n<meta property=\"og:image\" content=\"https:\/\/garantie.be\/wp-content\/uploads\/2021\/04\/IPID-exlcus-assurance.jpg\" \/>\n<meta name=\"twitter:card\" content=\"summary_large_image\" \/>\n<meta name=\"twitter:label1\" content=\"Dur\u00e9e de lecture estim\u00e9e\" \/>\n\t<meta name=\"twitter:data1\" content=\"2 minutes\" \/>\n<script type=\"application\/ld+json\" class=\"yoast-schema-graph\">{\"@context\":\"https:\\\/\\\/schema.org\",\"@graph\":[{\"@type\":\"WebPage\",\"@id\":\"https:\\\/\\\/garantie.be\\\/fr\\\/dossiers\\\/arthur-schuyts\\\/\",\"url\":\"https:\\\/\\\/garantie.be\\\/fr\\\/dossiers\\\/arthur-schuyts\\\/\",\"name\":\"Arthur Schuyts - Belgique\",\"isPartOf\":{\"@id\":\"https:\\\/\\\/garantie.be\\\/fr\\\/#website\"},\"primaryImageOfPage\":{\"@id\":\"https:\\\/\\\/garantie.be\\\/fr\\\/dossiers\\\/arthur-schuyts\\\/#primaryimage\"},\"image\":{\"@id\":\"https:\\\/\\\/garantie.be\\\/fr\\\/dossiers\\\/arthur-schuyts\\\/#primaryimage\"},\"thumbnailUrl\":\"https:\\\/\\\/garantie.be\\\/wp-content\\\/uploads\\\/2021\\\/04\\\/IPID-exlcus-assurance.jpg\",\"datePublished\":\"2025-12-18T14:54:01+00:00\",\"dateModified\":\"2025-12-19T09:36:13+00:00\",\"description\":\"Arthur Schuyts a b\u00e9n\u00e9fici\u00e9 de notre caution locative. Contactez nous avant de signer avec Arthur Schuyts un bail de location pour un logement\",\"breadcrumb\":{\"@id\":\"https:\\\/\\\/garantie.be\\\/fr\\\/dossiers\\\/arthur-schuyts\\\/#breadcrumb\"},\"inLanguage\":\"fr-FR\",\"potentialAction\":[{\"@type\":\"ReadAction\",\"target\":[\"https:\\\/\\\/garantie.be\\\/fr\\\/dossiers\\\/arthur-schuyts\\\/\"]}]},{\"@type\":\"ImageObject\",\"inLanguage\":\"fr-FR\",\"@id\":\"https:\\\/\\\/garantie.be\\\/fr\\\/dossiers\\\/arthur-schuyts\\\/#primaryimage\",\"url\":\"https:\\\/\\\/garantie.be\\\/wp-content\\\/uploads\\\/2021\\\/04\\\/IPID-exlcus-assurance.jpg\",\"contentUrl\":\"https:\\\/\\\/garantie.be\\\/wp-content\\\/uploads\\\/2021\\\/04\\\/IPID-exlcus-assurance.jpg\"},{\"@type\":\"BreadcrumbList\",\"@id\":\"https:\\\/\\\/garantie.be\\\/fr\\\/dossiers\\\/arthur-schuyts\\\/#breadcrumb\",\"itemListElement\":[{\"@type\":\"ListItem\",\"position\":1,\"name\":\"Accueil\",\"item\":\"https:\\\/\\\/garantie.be\\\/fr\\\/\"},{\"@type\":\"ListItem\",\"position\":2,\"name\":\"Dossiers clients en attente\",\"item\":\"https:\\\/\\\/garantie.be\\\/fr\\\/dossiers\\\/\"},{\"@type\":\"ListItem\",\"position\":3,\"name\":\"Arthur Schuyts &#8211; Belgique\"}]},{\"@type\":\"WebSite\",\"@id\":\"https:\\\/\\\/garantie.be\\\/fr\\\/#website\",\"url\":\"https:\\\/\\\/garantie.be\\\/fr\\\/\",\"name\":\"Garantie\",\"description\":\"\",\"publisher\":{\"@id\":\"https:\\\/\\\/garantie.be\\\/fr\\\/#organization\"},\"potentialAction\":[{\"@type\":\"SearchAction\",\"target\":{\"@type\":\"EntryPoint\",\"urlTemplate\":\"https:\\\/\\\/garantie.be\\\/fr\\\/?s={search_term_string}\"},\"query-input\":{\"@type\":\"PropertyValueSpecification\",\"valueRequired\":true,\"valueName\":\"search_term_string\"}}],\"inLanguage\":\"fr-FR\"},{\"@type\":\"Organization\",\"@id\":\"https:\\\/\\\/garantie.be\\\/fr\\\/#organization\",\"name\":\"Garantie.be\",\"url\":\"https:\\\/\\\/garantie.be\\\/fr\\\/\",\"logo\":{\"@type\":\"ImageObject\",\"inLanguage\":\"fr-FR\",\"@id\":\"https:\\\/\\\/garantie.be\\\/fr\\\/#\\\/schema\\\/logo\\\/image\\\/\",\"url\":\"\",\"contentUrl\":\"\",\"caption\":\"Garantie.be\"},\"image\":{\"@id\":\"https:\\\/\\\/garantie.be\\\/fr\\\/#\\\/schema\\\/logo\\\/image\\\/\"}}]}<\/script>\n<!-- \/ Yoast SEO plugin. -->","yoast_head_json":{"title":"Arthur Schuyts - Belgique","description":"Arthur Schuyts a b\u00e9n\u00e9fici\u00e9 de notre caution locative. Contactez nous avant de signer avec Arthur Schuyts un bail de location pour un logement","robots":{"index":"index","follow":"follow","max-snippet":"max-snippet:-1","max-image-preview":"max-image-preview:large","max-video-preview":"max-video-preview:-1"},"canonical":"https:\/\/garantie.be\/fr\/dossiers\/arthur-schuyts\/","og_locale":"fr_FR","og_type":"article","og_title":"Arthur Schuyts - Belgique","og_description":"Arthur Schuyts a b\u00e9n\u00e9fici\u00e9 de notre caution locative. Contactez nous avant de signer avec Arthur Schuyts un bail de location pour un logement","og_url":"https:\/\/garantie.be\/fr\/dossiers\/arthur-schuyts\/","og_site_name":"Garantie","article_modified_time":"2025-12-19T09:36:13+00:00","og_image":[{"url":"https:\/\/garantie.be\/wp-content\/uploads\/2021\/04\/IPID-exlcus-assurance.jpg","type":"","width":"","height":""}],"twitter_card":"summary_large_image","twitter_misc":{"Dur\u00e9e de lecture estim\u00e9e":"2 minutes"},"schema":{"@context":"https:\/\/schema.org","@graph":[{"@type":"WebPage","@id":"https:\/\/garantie.be\/fr\/dossiers\/arthur-schuyts\/","url":"https:\/\/garantie.be\/fr\/dossiers\/arthur-schuyts\/","name":"Arthur Schuyts - Belgique","isPartOf":{"@id":"https:\/\/garantie.be\/fr\/#website"},"primaryImageOfPage":{"@id":"https:\/\/garantie.be\/fr\/dossiers\/arthur-schuyts\/#primaryimage"},"image":{"@id":"https:\/\/garantie.be\/fr\/dossiers\/arthur-schuyts\/#primaryimage"},"thumbnailUrl":"https:\/\/garantie.be\/wp-content\/uploads\/2021\/04\/IPID-exlcus-assurance.jpg","datePublished":"2025-12-18T14:54:01+00:00","dateModified":"2025-12-19T09:36:13+00:00","description":"Arthur Schuyts a b\u00e9n\u00e9fici\u00e9 de notre caution locative. Contactez nous avant de signer avec Arthur Schuyts un bail de location pour un logement","breadcrumb":{"@id":"https:\/\/garantie.be\/fr\/dossiers\/arthur-schuyts\/#breadcrumb"},"inLanguage":"fr-FR","potentialAction":[{"@type":"ReadAction","target":["https:\/\/garantie.be\/fr\/dossiers\/arthur-schuyts\/"]}]},{"@type":"ImageObject","inLanguage":"fr-FR","@id":"https:\/\/garantie.be\/fr\/dossiers\/arthur-schuyts\/#primaryimage","url":"https:\/\/garantie.be\/wp-content\/uploads\/2021\/04\/IPID-exlcus-assurance.jpg","contentUrl":"https:\/\/garantie.be\/wp-content\/uploads\/2021\/04\/IPID-exlcus-assurance.jpg"},{"@type":"BreadcrumbList","@id":"https:\/\/garantie.be\/fr\/dossiers\/arthur-schuyts\/#breadcrumb","itemListElement":[{"@type":"ListItem","position":1,"name":"Accueil","item":"https:\/\/garantie.be\/fr\/"},{"@type":"ListItem","position":2,"name":"Dossiers clients en attente","item":"https:\/\/garantie.be\/fr\/dossiers\/"},{"@type":"ListItem","position":3,"name":"Arthur Schuyts &#8211; Belgique"}]},{"@type":"WebSite","@id":"https:\/\/garantie.be\/fr\/#website","url":"https:\/\/garantie.be\/fr\/","name":"Garantie","description":"","publisher":{"@id":"https:\/\/garantie.be\/fr\/#organization"},"potentialAction":[{"@type":"SearchAction","target":{"@type":"EntryPoint","urlTemplate":"https:\/\/garantie.be\/fr\/?s={search_term_string}"},"query-input":{"@type":"PropertyValueSpecification","valueRequired":true,"valueName":"search_term_string"}}],"inLanguage":"fr-FR"},{"@type":"Organization","@id":"https:\/\/garantie.be\/fr\/#organization","name":"Garantie.be","url":"https:\/\/garantie.be\/fr\/","logo":{"@type":"ImageObject","inLanguage":"fr-FR","@id":"https:\/\/garantie.be\/fr\/#\/schema\/logo\/image\/","url":"","contentUrl":"","caption":"Garantie.be"},"image":{"@id":"https:\/\/garantie.be\/fr\/#\/schema\/logo\/image\/"}}]}},"_links":{"self":[{"href":"https:\/\/garantie.be\/fr\/wp-json\/wp\/v2\/pages\/20479","targetHints":{"allow":["GET"]}}],"collection":[{"href":"https:\/\/garantie.be\/fr\/wp-json\/wp\/v2\/pages"}],"about":[{"href":"https:\/\/garantie.be\/fr\/wp-json\/wp\/v2\/types\/page"}],"author":[{"embeddable":true,"href":"https:\/\/garantie.be\/fr\/wp-json\/wp\/v2\/users\/1"}],"replies":[{"embeddable":true,"href":"https:\/\/garantie.be\/fr\/wp-json\/wp\/v2\/comments?post=20479"}],"version-history":[{"count":0,"href":"https:\/\/garantie.be\/fr\/wp-json\/wp\/v2\/pages\/20479\/revisions"}],"up":[{"embeddable":true,"href":"https:\/\/garantie.be\/fr\/wp-json\/wp\/v2\/pages\/17790"}],"wp:attachment":[{"href":"https:\/\/garantie.be\/fr\/wp-json\/wp\/v2\/media?parent=20479"}],"curies":[{"name":"wp","href":"https:\/\/api.w.org\/{rel}","templated":true}]}}