{"id":20665,"date":"2026-01-07T08:56:41","date_gmt":"2026-01-07T07:56:41","guid":{"rendered":"https:\/\/garantie.be\/?page_id=20665"},"modified":"2026-01-07T09:10:34","modified_gmt":"2026-01-07T08:10:34","slug":"ted-eriksson-belgique","status":"publish","type":"page","link":"https:\/\/garantie.be\/fr\/dossiers\/ted-eriksson-belgique\/","title":{"rendered":"Ted Eriksson &#8211; Bruxelles"},"content":{"rendered":"\t\t<div data-elementor-type=\"wp-page\" data-elementor-id=\"20665\" class=\"elementor elementor-20665\" data-elementor-post-type=\"page\">\n\t\t\t\t\t\t<section class=\"elementor-section elementor-top-section elementor-element elementor-element-6adebb73 elementor-section-boxed elementor-section-height-default elementor-section-height-default\" data-id=\"6adebb73\" data-element_type=\"section\" data-e-type=\"section\">\n\t\t\t\t\t\t<div class=\"elementor-container elementor-column-gap-default\">\n\t\t\t\t\t<div class=\"elementor-column elementor-col-100 elementor-top-column elementor-element elementor-element-7f386202\" data-id=\"7f386202\" data-element_type=\"column\" data-e-type=\"column\">\n\t\t\t<div class=\"elementor-widget-wrap elementor-element-populated\">\n\t\t\t\t\t\t<div class=\"elementor-element elementor-element-7eaa62e5 elementor-widget elementor-widget-spacer\" data-id=\"7eaa62e5\" data-element_type=\"widget\" data-e-type=\"widget\" data-widget_type=\"spacer.default\">\n\t\t\t\t<div class=\"elementor-widget-container\">\n\t\t\t\t\t\t\t<div class=\"elementor-spacer\">\n\t\t\t<div class=\"elementor-spacer-inner\"><\/div>\n\t\t<\/div>\n\t\t\t\t\t\t<\/div>\n\t\t\t\t<\/div>\n\t\t\t\t\t<\/div>\n\t\t<\/div>\n\t\t\t\t\t<\/div>\n\t\t<\/section>\n\t\t\t\t<section class=\"elementor-section elementor-top-section elementor-element elementor-element-6bc4d77d elementor-section-boxed elementor-section-height-default elementor-section-height-default\" data-id=\"6bc4d77d\" data-element_type=\"section\" data-e-type=\"section\">\n\t\t\t\t\t\t<div class=\"elementor-container elementor-column-gap-default\">\n\t\t\t\t\t<div class=\"elementor-column elementor-col-100 elementor-top-column elementor-element elementor-element-78600273\" data-id=\"78600273\" data-element_type=\"column\" data-e-type=\"column\">\n\t\t\t<div class=\"elementor-widget-wrap elementor-element-populated\">\n\t\t\t\t\t\t<div class=\"elementor-element elementor-element-331a6505 elementor-widget elementor-widget-heading\" data-id=\"331a6505\" data-element_type=\"widget\" data-e-type=\"widget\" data-widget_type=\"heading.default\">\n\t\t\t\t<div class=\"elementor-widget-container\">\n\t\t\t\t\t<h1 class=\"elementor-heading-title elementor-size-default\">Ted Eriksson<\/h1>\t\t\t\t<\/div>\n\t\t\t\t<\/div>\n\t\t\t\t\t<\/div>\n\t\t<\/div>\n\t\t\t\t\t<\/div>\n\t\t<\/section>\n\t\t\t\t<section class=\"elementor-section elementor-top-section elementor-element elementor-element-2d6ddd0d elementor-section-boxed elementor-section-height-default elementor-section-height-default\" data-id=\"2d6ddd0d\" data-element_type=\"section\" data-e-type=\"section\">\n\t\t\t\t\t\t<div class=\"elementor-container elementor-column-gap-default\">\n\t\t\t\t\t<div class=\"elementor-column elementor-col-100 elementor-top-column elementor-element elementor-element-6f534d0\" data-id=\"6f534d0\" data-element_type=\"column\" data-e-type=\"column\">\n\t\t\t<div class=\"elementor-widget-wrap elementor-element-populated\">\n\t\t\t\t\t\t<div class=\"elementor-element elementor-element-7049a831 elementor-widget elementor-widget-text-editor\" data-id=\"7049a831\" data-element_type=\"widget\" data-e-type=\"widget\" data-widget_type=\"text-editor.default\">\n\t\t\t\t<div class=\"elementor-widget-container\">\n\t\t\t\t\t\t\t\t\t<p><strong data-start=\"268\" data-end=\"435\">Monsieur Ted Eriksson figure parmi les anciens clients de garantie.be.<\/strong><\/p><p>M. Ted Eriksson\u00a0a b\u00e9n\u00e9fici\u00e9 de notre service de <span style=\"text-decoration: underline;\"><a href=\"https:\/\/garantie.be\/fr\/caution-locative-belgique\/\">caution locative<\/a><\/span>. Dans le cadre de notre engagement de caution envers son bailleur, nous avons \u00e9t\u00e9 amen\u00e9 \u00e0 couvrir ses dettes locatives.\u00a0Une tentative de r\u00e8glement \u00e0 l\u2019amiable est en cours.<\/p>\t\t\t\t\t\t\t\t<\/div>\n\t\t\t\t<\/div>\n\t\t\t\t\t<\/div>\n\t\t<\/div>\n\t\t\t\t\t<\/div>\n\t\t<\/section>\n\t\t\t\t<section class=\"elementor-section elementor-top-section elementor-element elementor-element-1b9cde95 elementor-section-boxed elementor-section-height-default elementor-section-height-default\" data-id=\"1b9cde95\" data-element_type=\"section\" data-e-type=\"section\">\n\t\t\t\t\t\t<div class=\"elementor-container elementor-column-gap-default\">\n\t\t\t\t\t<div class=\"elementor-column elementor-col-100 elementor-top-column elementor-element elementor-element-626631a1\" data-id=\"626631a1\" data-element_type=\"column\" data-e-type=\"column\">\n\t\t\t<div class=\"elementor-widget-wrap elementor-element-populated\">\n\t\t\t\t\t\t<div class=\"elementor-element elementor-element-61a595b8 elementor-widget elementor-widget-text-editor\" data-id=\"61a595b8\" data-element_type=\"widget\" data-e-type=\"widget\" data-widget_type=\"text-editor.default\">\n\t\t\t\t<div class=\"elementor-widget-container\">\n\t\t\t\t\t\t\t\t\t<p class=\"\" data-start=\"404\" data-end=\"705\">Ted Eriksson est un ancien locataire ayant souscrit une <strong data-start=\"757\" data-end=\"808\">garantie locative via la plateforme garantie.be<\/strong> pour s\u00e9curiser un bail locatif en Belgique. Gr\u00e2ce \u00e0 notre service, nous nous sommes port\u00e9 caution en son nom afin de lui permettre d\u2019entrer dans le logement sans devoir avancer personnellement le d\u00e9p\u00f4t demand\u00e9 par le bailleur.<\/p><p data-start=\"404\" data-end=\"705\">Ted Eriksson semble travailler au sein des institutions europ\u00e9ennes selon <a href=\"https:\/\/www.linkedin.com\/in\/ted-eriksson-3ba025a\/\" target=\"_blank\" rel=\"noopener\">son profil sur Linkedin<\/a>.\u00a0<\/p>\t\t\t\t\t\t\t\t<\/div>\n\t\t\t\t<\/div>\n\t\t\t\t\t<\/div>\n\t\t<\/div>\n\t\t\t\t\t<\/div>\n\t\t<\/section>\n\t\t\t\t<section class=\"elementor-section elementor-top-section elementor-element elementor-element-3e5c9832 elementor-section-boxed elementor-section-height-default elementor-section-height-default\" data-id=\"3e5c9832\" data-element_type=\"section\" data-e-type=\"section\">\n\t\t\t\t\t\t<div class=\"elementor-container elementor-column-gap-default\">\n\t\t\t\t\t<div class=\"elementor-column elementor-col-50 elementor-top-column elementor-element elementor-element-645ad155\" data-id=\"645ad155\" data-element_type=\"column\" data-e-type=\"column\">\n\t\t\t<div class=\"elementor-widget-wrap elementor-element-populated\">\n\t\t\t\t\t\t<div class=\"elementor-element elementor-element-44cce6eb elementor-widget elementor-widget-image\" data-id=\"44cce6eb\" data-element_type=\"widget\" data-e-type=\"widget\" data-widget_type=\"image.default\">\n\t\t\t\t<div class=\"elementor-widget-container\">\n\t\t\t\t\t\t\t\t\t\t\t\t\t\t\t<img decoding=\"async\" width=\"94\" height=\"94\" src=\"https:\/\/garantie.be\/wp-content\/uploads\/2021\/04\/IPID-exlcus-assurance.jpg\" class=\"attachment-large size-large wp-image-3086\" alt=\"IPID exlcus assurance\" \/>\t\t\t\t\t\t\t\t\t\t\t\t\t\t\t<\/div>\n\t\t\t\t<\/div>\n\t\t\t\t\t<\/div>\n\t\t<\/div>\n\t\t\t\t<div class=\"elementor-column elementor-col-50 elementor-top-column elementor-element elementor-element-6e6a7e40\" data-id=\"6e6a7e40\" data-element_type=\"column\" data-e-type=\"column\">\n\t\t\t<div class=\"elementor-widget-wrap elementor-element-populated\">\n\t\t\t\t\t\t<div class=\"elementor-element elementor-element-664e30f0 elementor-widget elementor-widget-heading\" data-id=\"664e30f0\" data-element_type=\"widget\" data-e-type=\"widget\" data-widget_type=\"heading.default\">\n\t\t\t\t<div class=\"elementor-widget-container\">\n\t\t\t\t\t<h2 class=\"elementor-heading-title elementor-size-default\">Mise en garde aux autres prestataires<\/h2>\t\t\t\t<\/div>\n\t\t\t\t<\/div>\n\t\t\t\t<div class=\"elementor-element elementor-element-2dd6d67 elementor-widget elementor-widget-text-editor\" data-id=\"2dd6d67\" data-element_type=\"widget\" data-e-type=\"widget\" data-widget_type=\"text-editor.default\">\n\t\t\t\t<div class=\"elementor-widget-container\">\n\t\t\t\t\t\t\t\t\t<p>Si vous \u00eates propri\u00e9taire, bailleur, ou prestataire de services dans l\u2019immobilier, <strong data-start=\"2512\" data-end=\"2608\">nous vous invitons \u00e0 la prudence dans le cadre d\u2019un \u00e9ventuel engagement avec Ted Eriksson<\/strong>.<\/p><p>Cette page est destin\u00e9e \u00e0 pr\u00e9venir d\u2019autres structures de la <strong data-start=\"2671\" data-end=\"2701\">mauvaise foi contractuelle<\/strong> de ce client, et \u00e0 encourager une vigilance accrue dans les futures collaborations.<\/p>\t\t\t\t\t\t\t\t<\/div>\n\t\t\t\t<\/div>\n\t\t\t\t\t<\/div>\n\t\t<\/div>\n\t\t\t\t\t<\/div>\n\t\t<\/section>\n\t\t\t\t<\/div>\n\t\t","protected":false},"excerpt":{"rendered":"<p>Ted Eriksson Monsieur Ted Eriksson figure parmi les anciens clients de garantie.be. M. Ted Eriksson\u00a0a b\u00e9n\u00e9fici\u00e9 de notre service de caution locative. Dans le cadre de notre engagement de caution envers son bailleur, nous avons \u00e9t\u00e9 amen\u00e9 \u00e0 couvrir ses dettes locatives.\u00a0Une tentative de r\u00e8glement \u00e0 l\u2019amiable est en cours. Ted Eriksson est un ancien [&hellip;]<\/p>\n","protected":false},"author":1,"featured_media":0,"parent":17790,"menu_order":0,"comment_status":"closed","ping_status":"closed","template":"","meta":{"footnotes":""},"class_list":["post-20665","page","type-page","status-publish","hentry"],"yoast_head":"<!-- This site is optimized with the Yoast SEO plugin v27.3 - https:\/\/yoast.com\/product\/yoast-seo-wordpress\/ -->\n<title>Ted Eriksson - Bruxelles<\/title>\n<meta name=\"description\" content=\"Ted Eriksson a b\u00e9n\u00e9fici\u00e9 de notre caution locative. Contactez nous avant de signer avec Ted Eriksson un bail de location pour un logement\" \/>\n<meta name=\"robots\" content=\"index, follow, max-snippet:-1, max-image-preview:large, max-video-preview:-1\" \/>\n<link rel=\"canonical\" href=\"https:\/\/garantie.be\/fr\/dossiers\/ted-eriksson-belgique\/\" \/>\n<meta property=\"og:locale\" content=\"fr_FR\" \/>\n<meta property=\"og:type\" content=\"article\" \/>\n<meta property=\"og:title\" content=\"Ted Eriksson - Bruxelles\" \/>\n<meta property=\"og:description\" content=\"Ted Eriksson a b\u00e9n\u00e9fici\u00e9 de notre caution locative. Contactez nous avant de signer avec Ted Eriksson un bail de location pour un logement\" \/>\n<meta property=\"og:url\" content=\"https:\/\/garantie.be\/fr\/dossiers\/ted-eriksson-belgique\/\" \/>\n<meta property=\"og:site_name\" content=\"Garantie\" \/>\n<meta property=\"article:modified_time\" content=\"2026-01-07T08:10:34+00:00\" \/>\n<meta property=\"og:image\" content=\"https:\/\/garantie.be\/wp-content\/uploads\/2021\/04\/IPID-exlcus-assurance.jpg\" \/>\n<meta name=\"twitter:card\" content=\"summary_large_image\" \/>\n<meta name=\"twitter:label1\" content=\"Dur\u00e9e de lecture estim\u00e9e\" \/>\n\t<meta name=\"twitter:data1\" content=\"2 minutes\" \/>\n<script type=\"application\/ld+json\" class=\"yoast-schema-graph\">{\"@context\":\"https:\\\/\\\/schema.org\",\"@graph\":[{\"@type\":\"WebPage\",\"@id\":\"https:\\\/\\\/garantie.be\\\/fr\\\/dossiers\\\/ted-eriksson-belgique\\\/\",\"url\":\"https:\\\/\\\/garantie.be\\\/fr\\\/dossiers\\\/ted-eriksson-belgique\\\/\",\"name\":\"Ted Eriksson - Bruxelles\",\"isPartOf\":{\"@id\":\"https:\\\/\\\/garantie.be\\\/fr\\\/#website\"},\"primaryImageOfPage\":{\"@id\":\"https:\\\/\\\/garantie.be\\\/fr\\\/dossiers\\\/ted-eriksson-belgique\\\/#primaryimage\"},\"image\":{\"@id\":\"https:\\\/\\\/garantie.be\\\/fr\\\/dossiers\\\/ted-eriksson-belgique\\\/#primaryimage\"},\"thumbnailUrl\":\"https:\\\/\\\/garantie.be\\\/wp-content\\\/uploads\\\/2021\\\/04\\\/IPID-exlcus-assurance.jpg\",\"datePublished\":\"2026-01-07T07:56:41+00:00\",\"dateModified\":\"2026-01-07T08:10:34+00:00\",\"description\":\"Ted Eriksson a b\u00e9n\u00e9fici\u00e9 de notre caution locative. Contactez nous avant de signer avec Ted Eriksson un bail de location pour un logement\",\"breadcrumb\":{\"@id\":\"https:\\\/\\\/garantie.be\\\/fr\\\/dossiers\\\/ted-eriksson-belgique\\\/#breadcrumb\"},\"inLanguage\":\"fr-FR\",\"potentialAction\":[{\"@type\":\"ReadAction\",\"target\":[\"https:\\\/\\\/garantie.be\\\/fr\\\/dossiers\\\/ted-eriksson-belgique\\\/\"]}]},{\"@type\":\"ImageObject\",\"inLanguage\":\"fr-FR\",\"@id\":\"https:\\\/\\\/garantie.be\\\/fr\\\/dossiers\\\/ted-eriksson-belgique\\\/#primaryimage\",\"url\":\"https:\\\/\\\/garantie.be\\\/wp-content\\\/uploads\\\/2021\\\/04\\\/IPID-exlcus-assurance.jpg\",\"contentUrl\":\"https:\\\/\\\/garantie.be\\\/wp-content\\\/uploads\\\/2021\\\/04\\\/IPID-exlcus-assurance.jpg\"},{\"@type\":\"BreadcrumbList\",\"@id\":\"https:\\\/\\\/garantie.be\\\/fr\\\/dossiers\\\/ted-eriksson-belgique\\\/#breadcrumb\",\"itemListElement\":[{\"@type\":\"ListItem\",\"position\":1,\"name\":\"Accueil\",\"item\":\"https:\\\/\\\/garantie.be\\\/fr\\\/\"},{\"@type\":\"ListItem\",\"position\":2,\"name\":\"Dossiers clients en attente\",\"item\":\"https:\\\/\\\/garantie.be\\\/fr\\\/dossiers\\\/\"},{\"@type\":\"ListItem\",\"position\":3,\"name\":\"Ted Eriksson &#8211; Bruxelles\"}]},{\"@type\":\"WebSite\",\"@id\":\"https:\\\/\\\/garantie.be\\\/fr\\\/#website\",\"url\":\"https:\\\/\\\/garantie.be\\\/fr\\\/\",\"name\":\"Garantie\",\"description\":\"\",\"publisher\":{\"@id\":\"https:\\\/\\\/garantie.be\\\/fr\\\/#organization\"},\"potentialAction\":[{\"@type\":\"SearchAction\",\"target\":{\"@type\":\"EntryPoint\",\"urlTemplate\":\"https:\\\/\\\/garantie.be\\\/fr\\\/?s={search_term_string}\"},\"query-input\":{\"@type\":\"PropertyValueSpecification\",\"valueRequired\":true,\"valueName\":\"search_term_string\"}}],\"inLanguage\":\"fr-FR\"},{\"@type\":\"Organization\",\"@id\":\"https:\\\/\\\/garantie.be\\\/fr\\\/#organization\",\"name\":\"Garantie.be\",\"url\":\"https:\\\/\\\/garantie.be\\\/fr\\\/\",\"logo\":{\"@type\":\"ImageObject\",\"inLanguage\":\"fr-FR\",\"@id\":\"https:\\\/\\\/garantie.be\\\/fr\\\/#\\\/schema\\\/logo\\\/image\\\/\",\"url\":\"\",\"contentUrl\":\"\",\"caption\":\"Garantie.be\"},\"image\":{\"@id\":\"https:\\\/\\\/garantie.be\\\/fr\\\/#\\\/schema\\\/logo\\\/image\\\/\"}}]}<\/script>\n<!-- \/ Yoast SEO plugin. -->","yoast_head_json":{"title":"Ted Eriksson - Bruxelles","description":"Ted Eriksson a b\u00e9n\u00e9fici\u00e9 de notre caution locative. Contactez nous avant de signer avec Ted Eriksson un bail de location pour un logement","robots":{"index":"index","follow":"follow","max-snippet":"max-snippet:-1","max-image-preview":"max-image-preview:large","max-video-preview":"max-video-preview:-1"},"canonical":"https:\/\/garantie.be\/fr\/dossiers\/ted-eriksson-belgique\/","og_locale":"fr_FR","og_type":"article","og_title":"Ted Eriksson - Bruxelles","og_description":"Ted Eriksson a b\u00e9n\u00e9fici\u00e9 de notre caution locative. Contactez nous avant de signer avec Ted Eriksson un bail de location pour un logement","og_url":"https:\/\/garantie.be\/fr\/dossiers\/ted-eriksson-belgique\/","og_site_name":"Garantie","article_modified_time":"2026-01-07T08:10:34+00:00","og_image":[{"url":"https:\/\/garantie.be\/wp-content\/uploads\/2021\/04\/IPID-exlcus-assurance.jpg","type":"","width":"","height":""}],"twitter_card":"summary_large_image","twitter_misc":{"Dur\u00e9e de lecture estim\u00e9e":"2 minutes"},"schema":{"@context":"https:\/\/schema.org","@graph":[{"@type":"WebPage","@id":"https:\/\/garantie.be\/fr\/dossiers\/ted-eriksson-belgique\/","url":"https:\/\/garantie.be\/fr\/dossiers\/ted-eriksson-belgique\/","name":"Ted Eriksson - Bruxelles","isPartOf":{"@id":"https:\/\/garantie.be\/fr\/#website"},"primaryImageOfPage":{"@id":"https:\/\/garantie.be\/fr\/dossiers\/ted-eriksson-belgique\/#primaryimage"},"image":{"@id":"https:\/\/garantie.be\/fr\/dossiers\/ted-eriksson-belgique\/#primaryimage"},"thumbnailUrl":"https:\/\/garantie.be\/wp-content\/uploads\/2021\/04\/IPID-exlcus-assurance.jpg","datePublished":"2026-01-07T07:56:41+00:00","dateModified":"2026-01-07T08:10:34+00:00","description":"Ted Eriksson a b\u00e9n\u00e9fici\u00e9 de notre caution locative. Contactez nous avant de signer avec Ted Eriksson un bail de location pour un logement","breadcrumb":{"@id":"https:\/\/garantie.be\/fr\/dossiers\/ted-eriksson-belgique\/#breadcrumb"},"inLanguage":"fr-FR","potentialAction":[{"@type":"ReadAction","target":["https:\/\/garantie.be\/fr\/dossiers\/ted-eriksson-belgique\/"]}]},{"@type":"ImageObject","inLanguage":"fr-FR","@id":"https:\/\/garantie.be\/fr\/dossiers\/ted-eriksson-belgique\/#primaryimage","url":"https:\/\/garantie.be\/wp-content\/uploads\/2021\/04\/IPID-exlcus-assurance.jpg","contentUrl":"https:\/\/garantie.be\/wp-content\/uploads\/2021\/04\/IPID-exlcus-assurance.jpg"},{"@type":"BreadcrumbList","@id":"https:\/\/garantie.be\/fr\/dossiers\/ted-eriksson-belgique\/#breadcrumb","itemListElement":[{"@type":"ListItem","position":1,"name":"Accueil","item":"https:\/\/garantie.be\/fr\/"},{"@type":"ListItem","position":2,"name":"Dossiers clients en attente","item":"https:\/\/garantie.be\/fr\/dossiers\/"},{"@type":"ListItem","position":3,"name":"Ted Eriksson &#8211; Bruxelles"}]},{"@type":"WebSite","@id":"https:\/\/garantie.be\/fr\/#website","url":"https:\/\/garantie.be\/fr\/","name":"Garantie","description":"","publisher":{"@id":"https:\/\/garantie.be\/fr\/#organization"},"potentialAction":[{"@type":"SearchAction","target":{"@type":"EntryPoint","urlTemplate":"https:\/\/garantie.be\/fr\/?s={search_term_string}"},"query-input":{"@type":"PropertyValueSpecification","valueRequired":true,"valueName":"search_term_string"}}],"inLanguage":"fr-FR"},{"@type":"Organization","@id":"https:\/\/garantie.be\/fr\/#organization","name":"Garantie.be","url":"https:\/\/garantie.be\/fr\/","logo":{"@type":"ImageObject","inLanguage":"fr-FR","@id":"https:\/\/garantie.be\/fr\/#\/schema\/logo\/image\/","url":"","contentUrl":"","caption":"Garantie.be"},"image":{"@id":"https:\/\/garantie.be\/fr\/#\/schema\/logo\/image\/"}}]}},"_links":{"self":[{"href":"https:\/\/garantie.be\/fr\/wp-json\/wp\/v2\/pages\/20665","targetHints":{"allow":["GET"]}}],"collection":[{"href":"https:\/\/garantie.be\/fr\/wp-json\/wp\/v2\/pages"}],"about":[{"href":"https:\/\/garantie.be\/fr\/wp-json\/wp\/v2\/types\/page"}],"author":[{"embeddable":true,"href":"https:\/\/garantie.be\/fr\/wp-json\/wp\/v2\/users\/1"}],"replies":[{"embeddable":true,"href":"https:\/\/garantie.be\/fr\/wp-json\/wp\/v2\/comments?post=20665"}],"version-history":[{"count":0,"href":"https:\/\/garantie.be\/fr\/wp-json\/wp\/v2\/pages\/20665\/revisions"}],"up":[{"embeddable":true,"href":"https:\/\/garantie.be\/fr\/wp-json\/wp\/v2\/pages\/17790"}],"wp:attachment":[{"href":"https:\/\/garantie.be\/fr\/wp-json\/wp\/v2\/media?parent=20665"}],"curies":[{"name":"wp","href":"https:\/\/api.w.org\/{rel}","templated":true}]}}