{"id":20747,"date":"2026-01-09T10:08:19","date_gmt":"2026-01-09T09:08:19","guid":{"rendered":"https:\/\/garantie.be\/?page_id=20747"},"modified":"2026-01-09T10:24:42","modified_gmt":"2026-01-09T09:24:42","slug":"comment-ecrire-lettre-renon-bail","status":"publish","type":"page","link":"https:\/\/garantie.be\/fr\/guide-locataire-belgique\/comment-ecrire-lettre-renon-bail\/","title":{"rendered":"Comment \u00e9crire une lettre de renon de bail en Belgique ?"},"content":{"rendered":"\t\t<div data-elementor-type=\"wp-page\" data-elementor-id=\"20747\" class=\"elementor elementor-20747\" data-elementor-post-type=\"page\">\n\t\t\t\t\t\t<section class=\"elementor-section elementor-top-section elementor-element elementor-element-4a6257a1 elementor-section-boxed elementor-section-height-default elementor-section-height-default\" data-id=\"4a6257a1\" data-element_type=\"section\" data-e-type=\"section\">\n\t\t\t\t\t\t<div class=\"elementor-container elementor-column-gap-default\">\n\t\t\t\t\t<div class=\"elementor-column elementor-col-100 elementor-top-column elementor-element elementor-element-168458d7\" data-id=\"168458d7\" data-element_type=\"column\" data-e-type=\"column\">\n\t\t\t<div class=\"elementor-widget-wrap elementor-element-populated\">\n\t\t\t\t\t\t<div class=\"elementor-element elementor-element-3bc37719 elementor-widget elementor-widget-spacer\" data-id=\"3bc37719\" data-element_type=\"widget\" data-e-type=\"widget\" data-widget_type=\"spacer.default\">\n\t\t\t\t<div class=\"elementor-widget-container\">\n\t\t\t\t\t\t\t<div class=\"elementor-spacer\">\n\t\t\t<div class=\"elementor-spacer-inner\"><\/div>\n\t\t<\/div>\n\t\t\t\t\t\t<\/div>\n\t\t\t\t<\/div>\n\t\t\t\t<div class=\"elementor-element elementor-element-3cd6d960 elementor-widget elementor-widget-heading\" data-id=\"3cd6d960\" data-element_type=\"widget\" data-e-type=\"widget\" data-widget_type=\"heading.default\">\n\t\t\t\t<div class=\"elementor-widget-container\">\n\t\t\t\t\t<h1 class=\"elementor-heading-title elementor-size-default\">Comment \u00e9crire une<br>\n<b>lettre de renon de bail<\/b><\/h1>\t\t\t\t<\/div>\n\t\t\t\t<\/div>\n\t\t\t\t<div class=\"elementor-element elementor-element-3cb01f39 elementor-widget elementor-widget-spacer\" data-id=\"3cb01f39\" data-element_type=\"widget\" data-e-type=\"widget\" data-widget_type=\"spacer.default\">\n\t\t\t\t<div class=\"elementor-widget-container\">\n\t\t\t\t\t\t\t<div class=\"elementor-spacer\">\n\t\t\t<div class=\"elementor-spacer-inner\"><\/div>\n\t\t<\/div>\n\t\t\t\t\t\t<\/div>\n\t\t\t\t<\/div>\n\t\t\t\t<div class=\"elementor-element elementor-element-589d2c44 elementor-widget elementor-widget-text-editor\" data-id=\"589d2c44\" data-element_type=\"widget\" data-e-type=\"widget\" data-widget_type=\"text-editor.default\">\n\t\t\t\t<div class=\"elementor-widget-container\">\n\t\t\t\t\t\t\t\t\t<p>Mettre fin \u00e0 un contrat de location passe presque toujours par l\u2019envoi d\u2019une lettre de renon de bail (aussi appel\u00e9e lettre de r\u00e9siliation du bail). Ce document est essentiel : sans lettre correcte, le pr\u00e9avis peut \u00eatre contest\u00e9 et entra\u00eener des frais inutiles.<\/p><p>D\u00e9couvrez comment r\u00e9diger une lettre de renon de bail simple, valide et efficace en Belgique.<\/p>\t\t\t\t\t\t\t\t<\/div>\n\t\t\t\t<\/div>\n\t\t\t\t<div class=\"elementor-element elementor-element-2b67182f elementor-widget elementor-widget-heading\" data-id=\"2b67182f\" data-element_type=\"widget\" data-e-type=\"widget\" data-widget_type=\"heading.default\">\n\t\t\t\t<div class=\"elementor-widget-container\">\n\t\t\t\t\t<h2 class=\"elementor-heading-title elementor-size-default\">Qu\u2019est-ce qu\u2019une lettre de renon de bail ?<\/h2>\t\t\t\t<\/div>\n\t\t\t\t<\/div>\n\t\t\t\t<div class=\"elementor-element elementor-element-16d34ba1 elementor-widget elementor-widget-text-editor\" data-id=\"16d34ba1\" data-element_type=\"widget\" data-e-type=\"widget\" data-widget_type=\"text-editor.default\">\n\t\t\t\t<div class=\"elementor-widget-container\">\n\t\t\t\t\t\t\t\t\t<p>La <strong>lettre de renon de bail<\/strong> est un courrier officiel par lequel le locataire <strong>informe le bailleur<\/strong> de sa volont\u00e9 de mettre fin au <a href=\"https:\/\/garantie.be\/fr\/bail-de-location\/\">contrat de location<\/a>.<\/p><p>Elle permet de :<\/p><ul><li>respecter le pr\u00e9avis pr\u00e9vu au contrat ;<\/li><li>fixer une date de fin de bail claire ;<\/li><li>\u00e9viter tout litige sur les d\u00e9lais ou les loyers dus.<\/li><\/ul><p>Sans lettre \u00e9crite, la r\u00e9siliation du bail n\u2019est g\u00e9n\u00e9ralement pas reconnue.<\/p>\t\t\t\t\t\t\t\t<\/div>\n\t\t\t\t<\/div>\n\t\t\t\t<div class=\"elementor-element elementor-element-6e70d3d elementor-widget elementor-widget-heading\" data-id=\"6e70d3d\" data-element_type=\"widget\" data-e-type=\"widget\" data-widget_type=\"heading.default\">\n\t\t\t\t<div class=\"elementor-widget-container\">\n\t\t\t\t\t<h2 class=\"elementor-heading-title elementor-size-default\">Quand envoyer une lettre de renon de bail ?<\/h2>\t\t\t\t<\/div>\n\t\t\t\t<\/div>\n\t\t\t\t<div class=\"elementor-element elementor-element-a3333f5 elementor-widget elementor-widget-text-editor\" data-id=\"a3333f5\" data-element_type=\"widget\" data-e-type=\"widget\" data-widget_type=\"text-editor.default\">\n\t\t\t\t<div class=\"elementor-widget-container\">\n\t\t\t\t\t\t\t\t\t<p>La lettre doit \u00eatre envoy\u00e9e <strong>avant le d\u00e9but du pr\u00e9avis<\/strong>, dont la dur\u00e9e d\u00e9pend\u00a0du type de bail (<a href=\"https:\/\/garantie.be\/fr\/modeles-lettres-gestion-bail\/modele-bail-etudiant\/\">bail \u00e9tudiant<\/a>, bail de courte dur\u00e9e, etc.) et\u00a0des conditions pr\u00e9vues dans le contrat de location.<\/p><p>En pratique, le pr\u00e9avis commence :\u00a0le 1er jour du mois suivant la r\u00e9ception de la lettre par le bailleur. Par exemple, une lettre re\u00e7ue le 15 mars fait d\u00e9marrer le pr\u00e9avis le 1er avril.<\/p>\t\t\t\t\t\t\t\t<\/div>\n\t\t\t\t<\/div>\n\t\t\t\t\t<\/div>\n\t\t<\/div>\n\t\t\t\t\t<\/div>\n\t\t<\/section>\n\t\t\t\t<section class=\"elementor-section elementor-top-section elementor-element elementor-element-1badc583 elementor-section-content-middle elementor-section-height-min-height elementor-section-items-stretch elementor-section-boxed elementor-section-height-default\" data-id=\"1badc583\" data-element_type=\"section\" data-e-type=\"section\">\n\t\t\t\t\t\t<div class=\"elementor-container elementor-column-gap-no\">\n\t\t\t\t\t<div class=\"elementor-column elementor-col-100 elementor-top-column elementor-element elementor-element-49a6e08c\" data-id=\"49a6e08c\" data-element_type=\"column\" data-e-type=\"column\" data-settings=\"{&quot;background_background&quot;:&quot;classic&quot;}\">\n\t\t\t<div class=\"elementor-widget-wrap elementor-element-populated\">\n\t\t\t\t\t\t<div class=\"elementor-element elementor-element-a45d448 elementor-widget elementor-widget-text-editor\" data-id=\"a45d448\" data-element_type=\"widget\" data-e-type=\"widget\" data-widget_type=\"text-editor.default\">\n\t\t\t\t<div class=\"elementor-widget-container\">\n\t\t\t\t\t\t\t\t\t<p>Compl\u00e9tez notre formulaire pour obtenir une <a href=\"https:\/\/garantie.be\/fr\/garantie-locative-en-ligne\/\">garantie locative en ligne<\/a> en quelques heures.\u00a0Vous ne bloquez pas d\u2019argent car nous fonctionnons comme une garantie bancaire<\/p>\t\t\t\t\t\t\t\t<\/div>\n\t\t\t\t<\/div>\n\t\t\t\t<div class=\"elementor-element elementor-element-17f3349b elementor-mobile-align-center elementor-align-center elementor-widget elementor-widget-button\" data-id=\"17f3349b\" data-element_type=\"widget\" data-e-type=\"widget\" data-widget_type=\"button.default\">\n\t\t\t\t<div class=\"elementor-widget-container\">\n\t\t\t\t\t\t\t\t\t<div class=\"elementor-button-wrapper\">\n\t\t\t\t\t<a class=\"elementor-button elementor-button-link elementor-size-sm\" href=\"https:\/\/account.garantie.be\/fr\/register\/lease\">\n\t\t\t\t\t\t<span class=\"elementor-button-content-wrapper\">\n\t\t\t\t\t\t\t\t\t<span class=\"elementor-button-text\">Formulaire garantie locative 100% en ligne<\/span>\n\t\t\t\t\t<\/span>\n\t\t\t\t\t<\/a>\n\t\t\t\t<\/div>\n\t\t\t\t\t\t\t\t<\/div>\n\t\t\t\t<\/div>\n\t\t\t\t\t<\/div>\n\t\t<\/div>\n\t\t\t\t\t<\/div>\n\t\t<\/section>\n\t\t\t\t<section class=\"elementor-section elementor-top-section elementor-element elementor-element-392d422d elementor-section-boxed elementor-section-height-default elementor-section-height-default\" data-id=\"392d422d\" data-element_type=\"section\" data-e-type=\"section\">\n\t\t\t\t\t\t<div class=\"elementor-container elementor-column-gap-default\">\n\t\t\t\t\t<div class=\"elementor-column elementor-col-100 elementor-top-column elementor-element elementor-element-70136bcc\" data-id=\"70136bcc\" data-element_type=\"column\" data-e-type=\"column\">\n\t\t\t<div class=\"elementor-widget-wrap elementor-element-populated\">\n\t\t\t\t\t\t<div class=\"elementor-element elementor-element-352a4cf3 elementor-widget elementor-widget-spacer\" data-id=\"352a4cf3\" data-element_type=\"widget\" data-e-type=\"widget\" data-widget_type=\"spacer.default\">\n\t\t\t\t<div class=\"elementor-widget-container\">\n\t\t\t\t\t\t\t<div class=\"elementor-spacer\">\n\t\t\t<div class=\"elementor-spacer-inner\"><\/div>\n\t\t<\/div>\n\t\t\t\t\t\t<\/div>\n\t\t\t\t<\/div>\n\t\t\t\t<div class=\"elementor-element elementor-element-6c8c157e elementor-widget elementor-widget-heading\" data-id=\"6c8c157e\" data-element_type=\"widget\" data-e-type=\"widget\" data-widget_type=\"heading.default\">\n\t\t\t\t<div class=\"elementor-widget-container\">\n\t\t\t\t\t<h2 class=\"elementor-heading-title elementor-size-default\">Mod\u00e8le simple de lettre de renon de bail<\/h2>\t\t\t\t<\/div>\n\t\t\t\t<\/div>\n\t\t\t\t<div class=\"elementor-element elementor-element-76f2e425 elementor-widget elementor-widget-text-editor\" data-id=\"76f2e425\" data-element_type=\"widget\" data-e-type=\"widget\" data-widget_type=\"text-editor.default\">\n\t\t\t\t<div class=\"elementor-widget-container\">\n\t\t\t\t\t\t\t\t\t<p><strong>Objet : Renon de bail \u2013 logement situ\u00e9 \u00e0 [adresse compl\u00e8te]<\/strong><\/p><p>Madame, Monsieur,<\/p><p>Par la pr\u00e9sente, je vous informe de ma d\u00e9cision de mettre fin au contrat de bail concernant le logement situ\u00e9 \u00e0 l\u2019adresse mentionn\u00e9e ci-dessus.<\/p><p>Conform\u00e9ment aux conditions pr\u00e9vues au bail, le pr\u00e9avis d\u00e9butera \u00e0 compter du [date] et prendra fin le [date].<\/p><p>Je reste \u00e0 votre disposition afin de convenir d\u2019une date pour l\u2019\u00e9tat des lieux de sortie et la remise des cl\u00e9s.<\/p><p>Veuillez agr\u00e9er, Madame, Monsieur, l\u2019expression de mes salutations distingu\u00e9es.<\/p><p>Nom, pr\u00e9nom<br \/>Signature<\/p><p><strong>Mod\u00e8les utiles \u00e0 t\u00e9l\u00e9charger<\/strong> :<\/p><ul><li><a href=\"https:\/\/garantie.be\/fr\/modeles-lettres-gestion-bail\/lettre-resiliation-bail-longue-duree\/\">Lettre de renon de bail 9 ans<\/a><\/li><li><a href=\"https:\/\/garantie.be\/fr\/modeles-lettres-gestion-bail\/lettre-resiliation-bail-courte-duree\/\">Lettre de renon de bail courte dur\u00e9e<\/a><\/li><\/ul>\t\t\t\t\t\t\t\t<\/div>\n\t\t\t\t<\/div>\n\t\t\t\t<div class=\"elementor-element elementor-element-24cb7b3 elementor-widget elementor-widget-spacer\" data-id=\"24cb7b3\" data-element_type=\"widget\" data-e-type=\"widget\" data-widget_type=\"spacer.default\">\n\t\t\t\t<div class=\"elementor-widget-container\">\n\t\t\t\t\t\t\t<div class=\"elementor-spacer\">\n\t\t\t<div class=\"elementor-spacer-inner\"><\/div>\n\t\t<\/div>\n\t\t\t\t\t\t<\/div>\n\t\t\t\t<\/div>\n\t\t\t\t<div class=\"elementor-element elementor-element-82c018f elementor-widget elementor-widget-heading\" data-id=\"82c018f\" data-element_type=\"widget\" data-e-type=\"widget\" data-widget_type=\"heading.default\">\n\t\t\t\t<div class=\"elementor-widget-container\">\n\t\t\t\t\t<h2 class=\"elementor-heading-title elementor-size-default\">Comment envoyer la lettre de renon de bail ?<\/h2>\t\t\t\t<\/div>\n\t\t\t\t<\/div>\n\t\t\t\t<div class=\"elementor-element elementor-element-01ace93 elementor-widget elementor-widget-text-editor\" data-id=\"01ace93\" data-element_type=\"widget\" data-e-type=\"widget\" data-widget_type=\"text-editor.default\">\n\t\t\t\t<div class=\"elementor-widget-container\">\n\t\t\t\t\t\t\t\t\t<p>Pour \u00eatre valable et \u00e9viter toute contestation, la lettre doit \u00eatre envoy\u00e9e :<\/p><ul><li>par courrier recommand\u00e9 (solution la plus s\u00fbre),<\/li><li>remise par huissier,<\/li><li>parfois par remise en main propre contre signature (si le bailleur accepte).<\/li><\/ul><p>\u00a0<\/p><p><strong>Attention : L\u2019e-mail seul est g\u00e9n\u00e9ralement insuffisant, sauf accord \u00e9crit du bailleur.<\/strong><\/p>\t\t\t\t\t\t\t\t<\/div>\n\t\t\t\t<\/div>\n\t\t\t\t<div class=\"elementor-element elementor-element-4e737a74 elementor-widget elementor-widget-heading\" data-id=\"4e737a74\" data-element_type=\"widget\" data-e-type=\"widget\" data-widget_type=\"heading.default\">\n\t\t\t\t<div class=\"elementor-widget-container\">\n\t\t\t\t\t<h2 class=\"elementor-heading-title elementor-size-default\">Apr\u00e8s l\u2019envoi de la lettre : les \u00e9tapes \u00e0 pr\u00e9voir<\/h2>\t\t\t\t<\/div>\n\t\t\t\t<\/div>\n\t\t\t\t<div class=\"elementor-element elementor-element-48a81b13 elementor-widget elementor-widget-text-editor\" data-id=\"48a81b13\" data-element_type=\"widget\" data-e-type=\"widget\" data-widget_type=\"text-editor.default\">\n\t\t\t\t<div class=\"elementor-widget-container\">\n\t\t\t\t\t\t\t\t\t<p>Une fois la <a href=\"https:\/\/garantie.be\/fr\/modeles-lettres-gestion-bail\/lettre-resiliation-bail-longue-duree\/\">lettre de renon de bail<\/a> envoy\u00e9e, le locataire doit penser \u00e0 :<\/p><ul><li><strong>respecter le pr\u00e9avis<\/strong> jusqu\u2019\u00e0 son terme ;<\/li><li>continuer \u00e0 <strong>payer le loyer et les charges<\/strong> durant cette p\u00e9riode ;<\/li><li>organiser un <a href=\"https:\/\/garantie.be\/fr\/guide-locataire-belgique\/etat-des-lieux-de-sortie\/\">\u00e9tat des lieux de sortie<\/a> ;<\/li><li>restituer le logement dans un \u00e9tat conforme \u00e0 l\u2019\u00e9tat des lieux d\u2019entr\u00e9e ;<\/li><li>r\u00e9cup\u00e9rer la <a href=\"https:\/\/garantie.be\/fr\/garantie-locative\/\">garantie locative<\/a>, sauf retenue justifi\u00e9e.<\/li><\/ul>\t\t\t\t\t\t\t\t<\/div>\n\t\t\t\t<\/div>\n\t\t\t\t\t<\/div>\n\t\t<\/div>\n\t\t\t\t\t<\/div>\n\t\t<\/section>\n\t\t\t\t<\/div>\n\t\t","protected":false},"excerpt":{"rendered":"<p>Comment \u00e9crire une lettre de renon de bail Mettre fin \u00e0 un contrat de location passe presque toujours par l\u2019envoi d\u2019une lettre de renon de bail (aussi appel\u00e9e lettre de r\u00e9siliation du bail). Ce document est essentiel : sans lettre correcte, le pr\u00e9avis peut \u00eatre contest\u00e9 et entra\u00eener des frais inutiles. D\u00e9couvrez comment r\u00e9diger une [&hellip;]<\/p>\n","protected":false},"author":1,"featured_media":0,"parent":18756,"menu_order":0,"comment_status":"closed","ping_status":"closed","template":"","meta":{"footnotes":""},"class_list":["post-20747","page","type-page","status-publish","hentry"],"yoast_head":"<!-- This site is optimized with the Yoast SEO plugin v27.3 - https:\/\/yoast.com\/product\/yoast-seo-wordpress\/ -->\n<title>Comment \u00e9crire une lettre de renon de bail en Belgique ?<\/title>\n<meta name=\"description\" content=\"Guide pratique pour r\u00e9diger une lettre de renon de bail en Belgique : contenu, envoi, d\u00e9lais, erreurs \u00e0 \u00e9viter et mod\u00e8le simple.\" \/>\n<meta name=\"robots\" content=\"index, follow, max-snippet:-1, max-image-preview:large, max-video-preview:-1\" \/>\n<link rel=\"canonical\" href=\"https:\/\/garantie.be\/fr\/guide-locataire-belgique\/comment-ecrire-lettre-renon-bail\/\" \/>\n<meta property=\"og:locale\" content=\"fr_FR\" \/>\n<meta property=\"og:type\" content=\"article\" \/>\n<meta property=\"og:title\" content=\"Comment \u00e9crire une lettre de renon de bail en Belgique ?\" \/>\n<meta property=\"og:description\" content=\"Guide pratique pour r\u00e9diger une lettre de renon de bail en Belgique : contenu, envoi, d\u00e9lais, erreurs \u00e0 \u00e9viter et mod\u00e8le simple.\" \/>\n<meta property=\"og:url\" content=\"https:\/\/garantie.be\/fr\/guide-locataire-belgique\/comment-ecrire-lettre-renon-bail\/\" \/>\n<meta property=\"og:site_name\" content=\"Garantie\" \/>\n<meta property=\"article:modified_time\" content=\"2026-01-09T09:24:42+00:00\" \/>\n<meta name=\"twitter:card\" content=\"summary_large_image\" \/>\n<meta name=\"twitter:label1\" content=\"Dur\u00e9e de lecture estim\u00e9e\" \/>\n\t<meta name=\"twitter:data1\" content=\"3 minutes\" \/>\n<script type=\"application\/ld+json\" class=\"yoast-schema-graph\">{\"@context\":\"https:\\\/\\\/schema.org\",\"@graph\":[{\"@type\":\"WebPage\",\"@id\":\"https:\\\/\\\/garantie.be\\\/fr\\\/guide-locataire-belgique\\\/comment-ecrire-lettre-renon-bail\\\/\",\"url\":\"https:\\\/\\\/garantie.be\\\/fr\\\/guide-locataire-belgique\\\/comment-ecrire-lettre-renon-bail\\\/\",\"name\":\"Comment \u00e9crire une lettre de renon de bail en Belgique ?\",\"isPartOf\":{\"@id\":\"https:\\\/\\\/garantie.be\\\/fr\\\/#website\"},\"datePublished\":\"2026-01-09T09:08:19+00:00\",\"dateModified\":\"2026-01-09T09:24:42+00:00\",\"description\":\"Guide pratique pour r\u00e9diger une lettre de renon de bail en Belgique : contenu, envoi, d\u00e9lais, erreurs \u00e0 \u00e9viter et mod\u00e8le simple.\",\"breadcrumb\":{\"@id\":\"https:\\\/\\\/garantie.be\\\/fr\\\/guide-locataire-belgique\\\/comment-ecrire-lettre-renon-bail\\\/#breadcrumb\"},\"inLanguage\":\"fr-FR\",\"potentialAction\":[{\"@type\":\"ReadAction\",\"target\":[\"https:\\\/\\\/garantie.be\\\/fr\\\/guide-locataire-belgique\\\/comment-ecrire-lettre-renon-bail\\\/\"]}]},{\"@type\":\"BreadcrumbList\",\"@id\":\"https:\\\/\\\/garantie.be\\\/fr\\\/guide-locataire-belgique\\\/comment-ecrire-lettre-renon-bail\\\/#breadcrumb\",\"itemListElement\":[{\"@type\":\"ListItem\",\"position\":1,\"name\":\"Accueil\",\"item\":\"https:\\\/\\\/garantie.be\\\/fr\\\/\"},{\"@type\":\"ListItem\",\"position\":2,\"name\":\"Guide du locataire en Belgique 2026 | Droits, d\u00e9marches, mod\u00e8les et obligations\",\"item\":\"https:\\\/\\\/garantie.be\\\/fr\\\/guide-locataire-belgique\\\/\"},{\"@type\":\"ListItem\",\"position\":3,\"name\":\"Comment \u00e9crire une lettre de renon de bail en Belgique ?\"}]},{\"@type\":\"WebSite\",\"@id\":\"https:\\\/\\\/garantie.be\\\/fr\\\/#website\",\"url\":\"https:\\\/\\\/garantie.be\\\/fr\\\/\",\"name\":\"Garantie\",\"description\":\"\",\"publisher\":{\"@id\":\"https:\\\/\\\/garantie.be\\\/fr\\\/#organization\"},\"potentialAction\":[{\"@type\":\"SearchAction\",\"target\":{\"@type\":\"EntryPoint\",\"urlTemplate\":\"https:\\\/\\\/garantie.be\\\/fr\\\/?s={search_term_string}\"},\"query-input\":{\"@type\":\"PropertyValueSpecification\",\"valueRequired\":true,\"valueName\":\"search_term_string\"}}],\"inLanguage\":\"fr-FR\"},{\"@type\":\"Organization\",\"@id\":\"https:\\\/\\\/garantie.be\\\/fr\\\/#organization\",\"name\":\"Garantie.be\",\"url\":\"https:\\\/\\\/garantie.be\\\/fr\\\/\",\"logo\":{\"@type\":\"ImageObject\",\"inLanguage\":\"fr-FR\",\"@id\":\"https:\\\/\\\/garantie.be\\\/fr\\\/#\\\/schema\\\/logo\\\/image\\\/\",\"url\":\"\",\"contentUrl\":\"\",\"caption\":\"Garantie.be\"},\"image\":{\"@id\":\"https:\\\/\\\/garantie.be\\\/fr\\\/#\\\/schema\\\/logo\\\/image\\\/\"}}]}<\/script>\n<!-- \/ Yoast SEO plugin. -->","yoast_head_json":{"title":"Comment \u00e9crire une lettre de renon de bail en Belgique ?","description":"Guide pratique pour r\u00e9diger une lettre de renon de bail en Belgique : contenu, envoi, d\u00e9lais, erreurs \u00e0 \u00e9viter et mod\u00e8le simple.","robots":{"index":"index","follow":"follow","max-snippet":"max-snippet:-1","max-image-preview":"max-image-preview:large","max-video-preview":"max-video-preview:-1"},"canonical":"https:\/\/garantie.be\/fr\/guide-locataire-belgique\/comment-ecrire-lettre-renon-bail\/","og_locale":"fr_FR","og_type":"article","og_title":"Comment \u00e9crire une lettre de renon de bail en Belgique ?","og_description":"Guide pratique pour r\u00e9diger une lettre de renon de bail en Belgique : contenu, envoi, d\u00e9lais, erreurs \u00e0 \u00e9viter et mod\u00e8le simple.","og_url":"https:\/\/garantie.be\/fr\/guide-locataire-belgique\/comment-ecrire-lettre-renon-bail\/","og_site_name":"Garantie","article_modified_time":"2026-01-09T09:24:42+00:00","twitter_card":"summary_large_image","twitter_misc":{"Dur\u00e9e de lecture estim\u00e9e":"3 minutes"},"schema":{"@context":"https:\/\/schema.org","@graph":[{"@type":"WebPage","@id":"https:\/\/garantie.be\/fr\/guide-locataire-belgique\/comment-ecrire-lettre-renon-bail\/","url":"https:\/\/garantie.be\/fr\/guide-locataire-belgique\/comment-ecrire-lettre-renon-bail\/","name":"Comment \u00e9crire une lettre de renon de bail en Belgique ?","isPartOf":{"@id":"https:\/\/garantie.be\/fr\/#website"},"datePublished":"2026-01-09T09:08:19+00:00","dateModified":"2026-01-09T09:24:42+00:00","description":"Guide pratique pour r\u00e9diger une lettre de renon de bail en Belgique : contenu, envoi, d\u00e9lais, erreurs \u00e0 \u00e9viter et mod\u00e8le simple.","breadcrumb":{"@id":"https:\/\/garantie.be\/fr\/guide-locataire-belgique\/comment-ecrire-lettre-renon-bail\/#breadcrumb"},"inLanguage":"fr-FR","potentialAction":[{"@type":"ReadAction","target":["https:\/\/garantie.be\/fr\/guide-locataire-belgique\/comment-ecrire-lettre-renon-bail\/"]}]},{"@type":"BreadcrumbList","@id":"https:\/\/garantie.be\/fr\/guide-locataire-belgique\/comment-ecrire-lettre-renon-bail\/#breadcrumb","itemListElement":[{"@type":"ListItem","position":1,"name":"Accueil","item":"https:\/\/garantie.be\/fr\/"},{"@type":"ListItem","position":2,"name":"Guide du locataire en Belgique 2026 | Droits, d\u00e9marches, mod\u00e8les et obligations","item":"https:\/\/garantie.be\/fr\/guide-locataire-belgique\/"},{"@type":"ListItem","position":3,"name":"Comment \u00e9crire une lettre de renon de bail en Belgique ?"}]},{"@type":"WebSite","@id":"https:\/\/garantie.be\/fr\/#website","url":"https:\/\/garantie.be\/fr\/","name":"Garantie","description":"","publisher":{"@id":"https:\/\/garantie.be\/fr\/#organization"},"potentialAction":[{"@type":"SearchAction","target":{"@type":"EntryPoint","urlTemplate":"https:\/\/garantie.be\/fr\/?s={search_term_string}"},"query-input":{"@type":"PropertyValueSpecification","valueRequired":true,"valueName":"search_term_string"}}],"inLanguage":"fr-FR"},{"@type":"Organization","@id":"https:\/\/garantie.be\/fr\/#organization","name":"Garantie.be","url":"https:\/\/garantie.be\/fr\/","logo":{"@type":"ImageObject","inLanguage":"fr-FR","@id":"https:\/\/garantie.be\/fr\/#\/schema\/logo\/image\/","url":"","contentUrl":"","caption":"Garantie.be"},"image":{"@id":"https:\/\/garantie.be\/fr\/#\/schema\/logo\/image\/"}}]}},"_links":{"self":[{"href":"https:\/\/garantie.be\/fr\/wp-json\/wp\/v2\/pages\/20747","targetHints":{"allow":["GET"]}}],"collection":[{"href":"https:\/\/garantie.be\/fr\/wp-json\/wp\/v2\/pages"}],"about":[{"href":"https:\/\/garantie.be\/fr\/wp-json\/wp\/v2\/types\/page"}],"author":[{"embeddable":true,"href":"https:\/\/garantie.be\/fr\/wp-json\/wp\/v2\/users\/1"}],"replies":[{"embeddable":true,"href":"https:\/\/garantie.be\/fr\/wp-json\/wp\/v2\/comments?post=20747"}],"version-history":[{"count":0,"href":"https:\/\/garantie.be\/fr\/wp-json\/wp\/v2\/pages\/20747\/revisions"}],"up":[{"embeddable":true,"href":"https:\/\/garantie.be\/fr\/wp-json\/wp\/v2\/pages\/18756"}],"wp:attachment":[{"href":"https:\/\/garantie.be\/fr\/wp-json\/wp\/v2\/media?parent=20747"}],"curies":[{"name":"wp","href":"https:\/\/api.w.org\/{rel}","templated":true}]}}