{"id":2123,"date":"2021-01-15T17:19:29","date_gmt":"2021-01-15T16:19:29","guid":{"rendered":"https:\/\/garantie.be\/?page_id=2123"},"modified":"2021-01-15T17:47:33","modified_gmt":"2021-01-15T16:47:33","slug":"courtiers-assurance","status":"publish","type":"page","link":"https:\/\/garantie.be\/fr\/courtiers-assurance\/","title":{"rendered":"Courtiers d&rsquo;assurance partenaires"},"content":{"rendered":"\t\t<div data-elementor-type=\"wp-page\" data-elementor-id=\"2123\" class=\"elementor elementor-2123\" data-elementor-post-type=\"page\">\n\t\t\t\t\t\t<section class=\"elementor-section elementor-top-section elementor-element elementor-element-599121c elementor-section-boxed elementor-section-height-default elementor-section-height-default\" data-id=\"599121c\" data-element_type=\"section\" data-e-type=\"section\">\n\t\t\t\t\t\t<div class=\"elementor-container elementor-column-gap-default\">\n\t\t\t\t\t<div class=\"elementor-column elementor-col-100 elementor-top-column elementor-element elementor-element-994b8a1\" data-id=\"994b8a1\" data-element_type=\"column\" data-e-type=\"column\">\n\t\t\t<div class=\"elementor-widget-wrap elementor-element-populated\">\n\t\t\t\t\t\t<div class=\"elementor-element elementor-element-ac9744d elementor-widget elementor-widget-spacer\" data-id=\"ac9744d\" data-element_type=\"widget\" data-e-type=\"widget\" data-widget_type=\"spacer.default\">\n\t\t\t\t<div class=\"elementor-widget-container\">\n\t\t\t\t\t\t\t<div class=\"elementor-spacer\">\n\t\t\t<div class=\"elementor-spacer-inner\"><\/div>\n\t\t<\/div>\n\t\t\t\t\t\t<\/div>\n\t\t\t\t<\/div>\n\t\t\t\t\t<\/div>\n\t\t<\/div>\n\t\t\t\t\t<\/div>\n\t\t<\/section>\n\t\t\t\t<section class=\"elementor-section elementor-top-section elementor-element elementor-element-c62e754 elementor-section-boxed elementor-section-height-default elementor-section-height-default\" data-id=\"c62e754\" data-element_type=\"section\" data-e-type=\"section\">\n\t\t\t\t\t\t<div class=\"elementor-container elementor-column-gap-default\">\n\t\t\t\t\t<div class=\"elementor-column elementor-col-100 elementor-top-column elementor-element elementor-element-ff65267\" data-id=\"ff65267\" data-element_type=\"column\" data-e-type=\"column\">\n\t\t\t<div class=\"elementor-widget-wrap elementor-element-populated\">\n\t\t\t\t\t\t<div class=\"elementor-element elementor-element-5dc42ac elementor-widget elementor-widget-heading\" data-id=\"5dc42ac\" data-element_type=\"widget\" data-e-type=\"widget\" data-widget_type=\"heading.default\">\n\t\t\t\t<div class=\"elementor-widget-container\">\n\t\t\t\t\t<h1 class=\"elementor-heading-title elementor-size-default\">Vous \u00eates courtier d'assurance ?<\/h1>\t\t\t\t<\/div>\n\t\t\t\t<\/div>\n\t\t\t\t\t<\/div>\n\t\t<\/div>\n\t\t\t\t\t<\/div>\n\t\t<\/section>\n\t\t\t\t<section class=\"elementor-section elementor-top-section elementor-element elementor-element-e39a27c elementor-section-boxed elementor-section-height-default elementor-section-height-default\" data-id=\"e39a27c\" data-element_type=\"section\" data-e-type=\"section\">\n\t\t\t\t\t\t<div class=\"elementor-container elementor-column-gap-default\">\n\t\t\t\t\t<div class=\"elementor-column elementor-col-100 elementor-top-column elementor-element elementor-element-6552120\" data-id=\"6552120\" data-element_type=\"column\" data-e-type=\"column\">\n\t\t\t<div class=\"elementor-widget-wrap elementor-element-populated\">\n\t\t\t\t\t\t<div class=\"elementor-element elementor-element-95c8042 elementor-widget elementor-widget-text-editor\" data-id=\"95c8042\" data-element_type=\"widget\" data-e-type=\"widget\" data-widget_type=\"text-editor.default\">\n\t\t\t\t<div class=\"elementor-widget-container\">\n\t\t\t\t\t\t\t\t\t<p>Distribuer nos produits d&rsquo;assurance 100% digitaux. Nos offres d&rsquo;assurance sont packag\u00e9es au travers de plusieurs APIs ou Widgets innovants.<\/p><ul><li>Si vous avez votre propre site Internet transactionnel, nous int\u00e9grons nos formulaires \u00e0 votre identit\u00e9 en tr\u00e8s peu de temps et sans d\u00e9veloppement web ;<\/li><li>Si vous n&rsquo;avez pas de site Internet transactionnel, nous vous propulsons en ligne un site de vente \u00e0 votre identit\u00e9. Notre agence web s&rsquo;occupe de tout : nous assurons l&rsquo;ensemble des besoins technique, vous n&rsquo;avez plus qu&rsquo;\u00e0 vous concentrez sur la vente.<\/li><\/ul>\t\t\t\t\t\t\t\t<\/div>\n\t\t\t\t<\/div>\n\t\t\t\t\t<\/div>\n\t\t<\/div>\n\t\t\t\t\t<\/div>\n\t\t<\/section>\n\t\t\t\t<section class=\"elementor-section elementor-top-section elementor-element elementor-element-b5a99a2 elementor-section-boxed elementor-section-height-default elementor-section-height-default\" data-id=\"b5a99a2\" data-element_type=\"section\" data-e-type=\"section\">\n\t\t\t\t\t\t<div class=\"elementor-container elementor-column-gap-default\">\n\t\t\t\t\t<div class=\"elementor-column elementor-col-100 elementor-top-column elementor-element elementor-element-fc80ea2\" data-id=\"fc80ea2\" data-element_type=\"column\" data-e-type=\"column\">\n\t\t\t<div class=\"elementor-widget-wrap elementor-element-populated\">\n\t\t\t\t\t\t<div class=\"elementor-element elementor-element-b07c8bf elementor-widget elementor-widget-spacer\" data-id=\"b07c8bf\" data-element_type=\"widget\" data-e-type=\"widget\" data-widget_type=\"spacer.default\">\n\t\t\t\t<div class=\"elementor-widget-container\">\n\t\t\t\t\t\t\t<div class=\"elementor-spacer\">\n\t\t\t<div class=\"elementor-spacer-inner\"><\/div>\n\t\t<\/div>\n\t\t\t\t\t\t<\/div>\n\t\t\t\t<\/div>\n\t\t\t\t\t<\/div>\n\t\t<\/div>\n\t\t\t\t\t<\/div>\n\t\t<\/section>\n\t\t\t\t<section class=\"elementor-section elementor-top-section elementor-element elementor-element-a4b4f12 elementor-section-boxed elementor-section-height-default elementor-section-height-default\" data-id=\"a4b4f12\" data-element_type=\"section\" data-e-type=\"section\">\n\t\t\t\t\t\t<div class=\"elementor-container elementor-column-gap-default\">\n\t\t\t\t\t<div class=\"elementor-column elementor-col-100 elementor-top-column elementor-element elementor-element-9eb2752\" data-id=\"9eb2752\" data-element_type=\"column\" data-e-type=\"column\">\n\t\t\t<div class=\"elementor-widget-wrap elementor-element-populated\">\n\t\t\t\t\t\t<div class=\"elementor-element elementor-element-786bbc8 elementor-widget elementor-widget-heading\" data-id=\"786bbc8\" data-element_type=\"widget\" data-e-type=\"widget\" data-widget_type=\"heading.default\">\n\t\t\t\t<div class=\"elementor-widget-container\">\n\t\t\t\t\t<h2 class=\"elementor-heading-title elementor-size-default\">Proposez des garanties locatives sans d\u00e9p\u00f4t bancaire<\/h2>\t\t\t\t<\/div>\n\t\t\t\t<\/div>\n\t\t\t\t\t<\/div>\n\t\t<\/div>\n\t\t\t\t\t<\/div>\n\t\t<\/section>\n\t\t\t\t<section class=\"elementor-section elementor-top-section elementor-element elementor-element-4c0f153 elementor-section-boxed elementor-section-height-default elementor-section-height-default\" data-id=\"4c0f153\" data-element_type=\"section\" data-e-type=\"section\">\n\t\t\t\t\t\t<div class=\"elementor-container elementor-column-gap-default\">\n\t\t\t\t\t<div class=\"elementor-column elementor-col-100 elementor-top-column elementor-element elementor-element-d4ea765\" data-id=\"d4ea765\" data-element_type=\"column\" data-e-type=\"column\">\n\t\t\t<div class=\"elementor-widget-wrap elementor-element-populated\">\n\t\t\t\t\t\t<div class=\"elementor-element elementor-element-a18fd74 elementor-widget elementor-widget-text-editor\" data-id=\"a18fd74\" data-element_type=\"widget\" data-e-type=\"widget\" data-widget_type=\"text-editor.default\">\n\t\t\t\t<div class=\"elementor-widget-container\">\n\t\t\t\t\t\t\t\t\t<p>Notre offre de garantie locative sans d\u00e9p\u00f4t bancaire est le produit le plus innovant que nous ayons sur notre plateforme digitale.<\/p>\t\t\t\t\t\t\t\t<\/div>\n\t\t\t\t<\/div>\n\t\t\t\t\t<\/div>\n\t\t<\/div>\n\t\t\t\t\t<\/div>\n\t\t<\/section>\n\t\t\t\t<section class=\"elementor-section elementor-top-section elementor-element elementor-element-84e95ac elementor-section-boxed elementor-section-height-default elementor-section-height-default\" data-id=\"84e95ac\" data-element_type=\"section\" data-e-type=\"section\">\n\t\t\t\t\t\t<div class=\"elementor-container elementor-column-gap-default\">\n\t\t\t\t\t<div class=\"elementor-column elementor-col-100 elementor-top-column elementor-element elementor-element-8150fef\" data-id=\"8150fef\" data-element_type=\"column\" data-e-type=\"column\">\n\t\t\t<div class=\"elementor-widget-wrap elementor-element-populated\">\n\t\t\t\t\t\t<div class=\"elementor-element elementor-element-81f3cf0 elementor-widget elementor-widget-spacer\" data-id=\"81f3cf0\" data-element_type=\"widget\" data-e-type=\"widget\" data-widget_type=\"spacer.default\">\n\t\t\t\t<div class=\"elementor-widget-container\">\n\t\t\t\t\t\t\t<div class=\"elementor-spacer\">\n\t\t\t<div class=\"elementor-spacer-inner\"><\/div>\n\t\t<\/div>\n\t\t\t\t\t\t<\/div>\n\t\t\t\t<\/div>\n\t\t\t\t\t<\/div>\n\t\t<\/div>\n\t\t\t\t\t<\/div>\n\t\t<\/section>\n\t\t\t\t<\/div>\n\t\t","protected":false},"excerpt":{"rendered":"<p>Vous \u00eates courtier d&rsquo;assurance ? Distribuer nos produits d&rsquo;assurance 100% digitaux. Nos offres d&rsquo;assurance sont packag\u00e9es au travers de plusieurs APIs ou Widgets innovants. Si vous avez votre propre site Internet transactionnel, nous int\u00e9grons nos formulaires \u00e0 votre identit\u00e9 en tr\u00e8s peu de temps et sans d\u00e9veloppement web ; Si vous n&rsquo;avez pas de site [&hellip;]<\/p>\n","protected":false},"author":1,"featured_media":0,"parent":0,"menu_order":0,"comment_status":"closed","ping_status":"closed","template":"","meta":{"footnotes":""},"class_list":["post-2123","page","type-page","status-publish","hentry"],"yoast_head":"<!-- This site is optimized with the Yoast SEO plugin v27.4 - https:\/\/yoast.com\/product\/yoast-seo-wordpress\/ -->\n<title>Courtiers d&#039;assurance partenaires<\/title>\n<meta name=\"robots\" content=\"index, follow, max-snippet:-1, max-image-preview:large, max-video-preview:-1\" \/>\n<link rel=\"canonical\" href=\"https:\/\/garantie.be\/fr\/courtiers-assurance\/\" \/>\n<meta property=\"og:locale\" content=\"fr_FR\" \/>\n<meta property=\"og:type\" content=\"article\" \/>\n<meta property=\"og:title\" content=\"Courtiers d&#039;assurance partenaires\" \/>\n<meta property=\"og:description\" content=\"Vous \u00eates courtier d&rsquo;assurance ? Distribuer nos produits d&rsquo;assurance 100% digitaux. Nos offres d&rsquo;assurance sont packag\u00e9es au travers de plusieurs APIs ou Widgets innovants. Si vous avez votre propre site Internet transactionnel, nous int\u00e9grons nos formulaires \u00e0 votre identit\u00e9 en tr\u00e8s peu de temps et sans d\u00e9veloppement web ; Si vous n&rsquo;avez pas de site [&hellip;]\" \/>\n<meta property=\"og:url\" content=\"https:\/\/garantie.be\/fr\/courtiers-assurance\/\" \/>\n<meta property=\"og:site_name\" content=\"Garantie\" \/>\n<meta property=\"article:modified_time\" content=\"2021-01-15T16:47:33+00:00\" \/>\n<meta name=\"twitter:card\" content=\"summary_large_image\" \/>\n<meta name=\"twitter:label1\" content=\"Dur\u00e9e de lecture estim\u00e9e\" \/>\n\t<meta name=\"twitter:data1\" content=\"1 minute\" \/>\n<script type=\"application\/ld+json\" class=\"yoast-schema-graph\">{\"@context\":\"https:\\\/\\\/schema.org\",\"@graph\":[{\"@type\":\"WebPage\",\"@id\":\"https:\\\/\\\/garantie.be\\\/fr\\\/courtiers-assurance\\\/\",\"url\":\"https:\\\/\\\/garantie.be\\\/fr\\\/courtiers-assurance\\\/\",\"name\":\"Courtiers d'assurance partenaires\",\"isPartOf\":{\"@id\":\"https:\\\/\\\/garantie.be\\\/fr\\\/#website\"},\"datePublished\":\"2021-01-15T16:19:29+00:00\",\"dateModified\":\"2021-01-15T16:47:33+00:00\",\"breadcrumb\":{\"@id\":\"https:\\\/\\\/garantie.be\\\/fr\\\/courtiers-assurance\\\/#breadcrumb\"},\"inLanguage\":\"fr-FR\",\"potentialAction\":[{\"@type\":\"ReadAction\",\"target\":[\"https:\\\/\\\/garantie.be\\\/fr\\\/courtiers-assurance\\\/\"]}]},{\"@type\":\"BreadcrumbList\",\"@id\":\"https:\\\/\\\/garantie.be\\\/fr\\\/courtiers-assurance\\\/#breadcrumb\",\"itemListElement\":[{\"@type\":\"ListItem\",\"position\":1,\"name\":\"Accueil\",\"item\":\"https:\\\/\\\/garantie.be\\\/fr\\\/\"},{\"@type\":\"ListItem\",\"position\":2,\"name\":\"Courtiers d&rsquo;assurance partenaires\"}]},{\"@type\":\"WebSite\",\"@id\":\"https:\\\/\\\/garantie.be\\\/fr\\\/#website\",\"url\":\"https:\\\/\\\/garantie.be\\\/fr\\\/\",\"name\":\"Garantie\",\"description\":\"\",\"publisher\":{\"@id\":\"https:\\\/\\\/garantie.be\\\/fr\\\/#organization\"},\"potentialAction\":[{\"@type\":\"SearchAction\",\"target\":{\"@type\":\"EntryPoint\",\"urlTemplate\":\"https:\\\/\\\/garantie.be\\\/fr\\\/?s={search_term_string}\"},\"query-input\":{\"@type\":\"PropertyValueSpecification\",\"valueRequired\":true,\"valueName\":\"search_term_string\"}}],\"inLanguage\":\"fr-FR\"},{\"@type\":\"Organization\",\"@id\":\"https:\\\/\\\/garantie.be\\\/fr\\\/#organization\",\"name\":\"Garantie.be\",\"url\":\"https:\\\/\\\/garantie.be\\\/fr\\\/\",\"logo\":{\"@type\":\"ImageObject\",\"inLanguage\":\"fr-FR\",\"@id\":\"https:\\\/\\\/garantie.be\\\/fr\\\/#\\\/schema\\\/logo\\\/image\\\/\",\"url\":\"\",\"contentUrl\":\"\",\"caption\":\"Garantie.be\"},\"image\":{\"@id\":\"https:\\\/\\\/garantie.be\\\/fr\\\/#\\\/schema\\\/logo\\\/image\\\/\"}}]}<\/script>\n<!-- \/ Yoast SEO plugin. -->","yoast_head_json":{"title":"Courtiers d'assurance partenaires","robots":{"index":"index","follow":"follow","max-snippet":"max-snippet:-1","max-image-preview":"max-image-preview:large","max-video-preview":"max-video-preview:-1"},"canonical":"https:\/\/garantie.be\/fr\/courtiers-assurance\/","og_locale":"fr_FR","og_type":"article","og_title":"Courtiers d'assurance partenaires","og_description":"Vous \u00eates courtier d&rsquo;assurance ? Distribuer nos produits d&rsquo;assurance 100% digitaux. Nos offres d&rsquo;assurance sont packag\u00e9es au travers de plusieurs APIs ou Widgets innovants. Si vous avez votre propre site Internet transactionnel, nous int\u00e9grons nos formulaires \u00e0 votre identit\u00e9 en tr\u00e8s peu de temps et sans d\u00e9veloppement web ; Si vous n&rsquo;avez pas de site [&hellip;]","og_url":"https:\/\/garantie.be\/fr\/courtiers-assurance\/","og_site_name":"Garantie","article_modified_time":"2021-01-15T16:47:33+00:00","twitter_card":"summary_large_image","twitter_misc":{"Dur\u00e9e de lecture estim\u00e9e":"1 minute"},"schema":{"@context":"https:\/\/schema.org","@graph":[{"@type":"WebPage","@id":"https:\/\/garantie.be\/fr\/courtiers-assurance\/","url":"https:\/\/garantie.be\/fr\/courtiers-assurance\/","name":"Courtiers d'assurance partenaires","isPartOf":{"@id":"https:\/\/garantie.be\/fr\/#website"},"datePublished":"2021-01-15T16:19:29+00:00","dateModified":"2021-01-15T16:47:33+00:00","breadcrumb":{"@id":"https:\/\/garantie.be\/fr\/courtiers-assurance\/#breadcrumb"},"inLanguage":"fr-FR","potentialAction":[{"@type":"ReadAction","target":["https:\/\/garantie.be\/fr\/courtiers-assurance\/"]}]},{"@type":"BreadcrumbList","@id":"https:\/\/garantie.be\/fr\/courtiers-assurance\/#breadcrumb","itemListElement":[{"@type":"ListItem","position":1,"name":"Accueil","item":"https:\/\/garantie.be\/fr\/"},{"@type":"ListItem","position":2,"name":"Courtiers d&rsquo;assurance partenaires"}]},{"@type":"WebSite","@id":"https:\/\/garantie.be\/fr\/#website","url":"https:\/\/garantie.be\/fr\/","name":"Garantie","description":"","publisher":{"@id":"https:\/\/garantie.be\/fr\/#organization"},"potentialAction":[{"@type":"SearchAction","target":{"@type":"EntryPoint","urlTemplate":"https:\/\/garantie.be\/fr\/?s={search_term_string}"},"query-input":{"@type":"PropertyValueSpecification","valueRequired":true,"valueName":"search_term_string"}}],"inLanguage":"fr-FR"},{"@type":"Organization","@id":"https:\/\/garantie.be\/fr\/#organization","name":"Garantie.be","url":"https:\/\/garantie.be\/fr\/","logo":{"@type":"ImageObject","inLanguage":"fr-FR","@id":"https:\/\/garantie.be\/fr\/#\/schema\/logo\/image\/","url":"","contentUrl":"","caption":"Garantie.be"},"image":{"@id":"https:\/\/garantie.be\/fr\/#\/schema\/logo\/image\/"}}]}},"_links":{"self":[{"href":"https:\/\/garantie.be\/fr\/wp-json\/wp\/v2\/pages\/2123","targetHints":{"allow":["GET"]}}],"collection":[{"href":"https:\/\/garantie.be\/fr\/wp-json\/wp\/v2\/pages"}],"about":[{"href":"https:\/\/garantie.be\/fr\/wp-json\/wp\/v2\/types\/page"}],"author":[{"embeddable":true,"href":"https:\/\/garantie.be\/fr\/wp-json\/wp\/v2\/users\/1"}],"replies":[{"embeddable":true,"href":"https:\/\/garantie.be\/fr\/wp-json\/wp\/v2\/comments?post=2123"}],"version-history":[{"count":0,"href":"https:\/\/garantie.be\/fr\/wp-json\/wp\/v2\/pages\/2123\/revisions"}],"wp:attachment":[{"href":"https:\/\/garantie.be\/fr\/wp-json\/wp\/v2\/media?parent=2123"}],"curies":[{"name":"wp","href":"https:\/\/api.w.org\/{rel}","templated":true}]}}