{"id":368,"date":"2020-11-12T15:36:46","date_gmt":"2020-11-12T14:36:46","guid":{"rendered":"http:\/\/garantie.be\/?page_id=368"},"modified":"2025-09-26T14:04:34","modified_gmt":"2025-09-26T12:04:34","slug":"garantie-locative-ing","status":"publish","type":"page","link":"https:\/\/garantie.be\/fr\/garantie-locative-ing\/","title":{"rendered":"Garantie locative ING"},"content":{"rendered":"\t\t<div data-elementor-type=\"wp-page\" data-elementor-id=\"368\" class=\"elementor elementor-368\" data-elementor-post-type=\"page\">\n\t\t\t\t\t\t<section class=\"elementor-section elementor-top-section elementor-element elementor-element-1defe1e6 elementor-section-height-min-height elementor-section-boxed elementor-section-height-default elementor-section-items-middle\" data-id=\"1defe1e6\" data-element_type=\"section\" data-e-type=\"section\">\n\t\t\t\t\t\t<div class=\"elementor-container elementor-column-gap-default\">\n\t\t\t\t\t<div class=\"elementor-column elementor-col-100 elementor-top-column elementor-element elementor-element-66a759d7\" data-id=\"66a759d7\" data-element_type=\"column\" data-e-type=\"column\">\n\t\t\t<div class=\"elementor-widget-wrap elementor-element-populated\">\n\t\t\t\t\t\t<div class=\"elementor-element elementor-element-5342447a elementor-widget elementor-widget-spacer\" data-id=\"5342447a\" data-element_type=\"widget\" data-e-type=\"widget\" data-widget_type=\"spacer.default\">\n\t\t\t\t<div class=\"elementor-widget-container\">\n\t\t\t\t\t\t\t<div class=\"elementor-spacer\">\n\t\t\t<div class=\"elementor-spacer-inner\"><\/div>\n\t\t<\/div>\n\t\t\t\t\t\t<\/div>\n\t\t\t\t<\/div>\n\t\t\t\t<div class=\"elementor-element elementor-element-5f2c2494 elementor-widget elementor-widget-heading\" data-id=\"5f2c2494\" data-element_type=\"widget\" data-e-type=\"widget\" data-widget_type=\"heading.default\">\n\t\t\t\t<div class=\"elementor-widget-container\">\n\t\t\t\t\t<h1 class=\"elementor-heading-title elementor-size-default\">garantie locative ING<\/h1>\t\t\t\t<\/div>\n\t\t\t\t<\/div>\n\t\t\t\t<div class=\"elementor-element elementor-element-8eb3f52 elementor-widget elementor-widget-spacer\" data-id=\"8eb3f52\" data-element_type=\"widget\" data-e-type=\"widget\" data-widget_type=\"spacer.default\">\n\t\t\t\t<div class=\"elementor-widget-container\">\n\t\t\t\t\t\t\t<div class=\"elementor-spacer\">\n\t\t\t<div class=\"elementor-spacer-inner\"><\/div>\n\t\t<\/div>\n\t\t\t\t\t\t<\/div>\n\t\t\t\t<\/div>\n\t\t\t\t<div class=\"elementor-element elementor-element-0071ee8 elementor-widget elementor-widget-text-editor\" data-id=\"0071ee8\" data-element_type=\"widget\" data-e-type=\"widget\" data-widget_type=\"text-editor.default\">\n\t\t\t\t<div class=\"elementor-widget-container\">\n\t\t\t\t\t\t\t\t\t<p>Nous vous pr\u00e9sentons ci-dessous les informations essentielles sur la garantie locative ING. En Belgique la banque ING poss\u00e8de environ 200 agences bancaires en 2025.<\/p><p><strong>Remplissez notre formulaire en ligne<\/strong> en cliquant sur <span style=\"text-decoration: underline;\"><a href=\"https:\/\/garantie.be\/fr\/garantie-locative-en-ligne\/\">garantie locative en ligne<\/a><\/span> pour obtenir en quelques heures votre attestation de <span style=\"text-decoration: underline;\"><a href=\"https:\/\/garantie.be\/fr\/caution-locative-belgique\/\">caution locative<\/a><\/span> de la part de Garantie.be. Vous gagnez du temps et vous ne bloquez pas l&rsquo;argent car nous nous portons caution pour vous.<\/p>\t\t\t\t\t\t\t\t<\/div>\n\t\t\t\t<\/div>\n\t\t\t\t\t<\/div>\n\t\t<\/div>\n\t\t\t\t\t<\/div>\n\t\t<\/section>\n\t\t\t\t<section class=\"elementor-section elementor-top-section elementor-element elementor-element-5ff2e7d elementor-section-boxed elementor-section-height-default elementor-section-height-default\" data-id=\"5ff2e7d\" data-element_type=\"section\" data-e-type=\"section\">\n\t\t\t\t\t\t<div class=\"elementor-container elementor-column-gap-default\">\n\t\t\t\t\t<div class=\"elementor-column elementor-col-100 elementor-top-column elementor-element elementor-element-7967a0b\" data-id=\"7967a0b\" data-element_type=\"column\" data-e-type=\"column\">\n\t\t\t<div class=\"elementor-widget-wrap elementor-element-populated\">\n\t\t\t\t\t\t<div class=\"elementor-element elementor-element-539e143 elementor-widget elementor-widget-heading\" data-id=\"539e143\" data-element_type=\"widget\" data-e-type=\"widget\" data-widget_type=\"heading.default\">\n\t\t\t\t<div class=\"elementor-widget-container\">\n\t\t\t\t\t<h2 class=\"elementor-heading-title elementor-size-default\">Qu\u2019est ce que la garantie locative ING ?<\/h2>\t\t\t\t<\/div>\n\t\t\t\t<\/div>\n\t\t\t\t<div class=\"elementor-element elementor-element-ce05ead elementor-widget elementor-widget-text-editor\" data-id=\"ce05ead\" data-element_type=\"widget\" data-e-type=\"widget\" data-widget_type=\"text-editor.default\">\n\t\t\t\t<div class=\"elementor-widget-container\">\n\t\t\t\t\t\t\t\t\t<p>La <span style=\"text-decoration: underline;\"><a href=\"https:\/\/garantie.be\/fr\/garantie-locative\/\">garantie locative<\/a><\/span> a \u00e9t\u00e9 mise en place afin de prot\u00e9ger le propri\u00e9taire du manquement de ses locataires et des risques li\u00e9s \u00e0 la location. Elle est encadr\u00e9e par la loi mais elle n\u2019est pas obligatoire. Elle est impos\u00e9e dans la plupart des baux d\u2019habitation.<\/p><p>La loi sur les loyers pr\u00e9voit que la garantie du locataire puisse \u00eatre fournie au travers d&rsquo;un compte bloqu\u00e9 dans une banque belge. La banque ING propose en Belgique ce service d\u2019ouverture de compte en banque individualis\u00e9 pour la garantie locative. Le compte individualis\u00e9 ouvert aupr\u00e8s de la banque ING pour y loger le montant de la garantie est au nom du locataire. Il sera bloqu\u00e9 jusqu\u2019\u00e0 la fin de bail ou jusqu\u2019\u00e0 un accord pr\u00e9alable des deux parties locataire\/ bailleur pour lib\u00e9rer la garantie locative de chez ING.<\/p>\t\t\t\t\t\t\t\t<\/div>\n\t\t\t\t<\/div>\n\t\t\t\t\t<\/div>\n\t\t<\/div>\n\t\t\t\t\t<\/div>\n\t\t<\/section>\n\t\t\t\t<section class=\"elementor-section elementor-top-section elementor-element elementor-element-7de8fc45 elementor-section-content-middle elementor-section-height-min-height elementor-section-items-stretch elementor-section-boxed elementor-section-height-default\" data-id=\"7de8fc45\" data-element_type=\"section\" data-e-type=\"section\">\n\t\t\t\t\t\t<div class=\"elementor-container elementor-column-gap-no\">\n\t\t\t\t\t<div class=\"elementor-column elementor-col-100 elementor-top-column elementor-element elementor-element-33cdb015\" data-id=\"33cdb015\" data-element_type=\"column\" data-e-type=\"column\" data-settings=\"{&quot;background_background&quot;:&quot;classic&quot;}\">\n\t\t\t<div class=\"elementor-widget-wrap elementor-element-populated\">\n\t\t\t\t\t\t<div class=\"elementor-element elementor-element-6aa64f9a elementor-widget elementor-widget-image\" data-id=\"6aa64f9a\" data-element_type=\"widget\" data-e-type=\"widget\" data-widget_type=\"image.default\">\n\t\t\t\t<div class=\"elementor-widget-container\">\n\t\t\t\t\t\t\t\t\t\t\t\t\t\t\t<img decoding=\"async\" src=\"https:\/\/garantie.be\/wp-content\/uploads\/elementor\/thumbs\/Logo-2-garantie-alone-1-pe5xec7dnfsf8cs3rtfffen34plb9ip2rjyfhjeqd0.jpg\" title=\"garantie\" alt=\"garantie\" loading=\"lazy\" \/>\t\t\t\t\t\t\t\t\t\t\t\t\t\t\t<\/div>\n\t\t\t\t<\/div>\n\t\t\t\t<div class=\"elementor-element elementor-element-5d4fe299 elementor-widget elementor-widget-text-editor\" data-id=\"5d4fe299\" data-element_type=\"widget\" data-e-type=\"widget\" data-widget_type=\"text-editor.default\">\n\t\t\t\t<div class=\"elementor-widget-container\">\n\t\t\t\t\t\t\t\t\t<p><strong>Compl\u00e9tez notre formulaire pour obtenir votre garantie locative en quelques heures.<\/strong><\/p><p>Sur Garantie.be, vous ne bloquez pas d\u2019argent, nous nous portons caution pour vous et nous transmettons au bailleur l\u2019attestation de garantie locative.<\/p>\t\t\t\t\t\t\t\t<\/div>\n\t\t\t\t<\/div>\n\t\t\t\t<div class=\"elementor-element elementor-element-5122bcc elementor-mobile-align-center elementor-align-center elementor-widget elementor-widget-button\" data-id=\"5122bcc\" data-element_type=\"widget\" data-e-type=\"widget\" data-widget_type=\"button.default\">\n\t\t\t\t<div class=\"elementor-widget-container\">\n\t\t\t\t\t\t\t\t\t<div class=\"elementor-button-wrapper\">\n\t\t\t\t\t<a class=\"elementor-button elementor-button-link elementor-size-sm\" href=\"https:\/\/account.garantie.be\/fr\/register\/lease\">\n\t\t\t\t\t\t<span class=\"elementor-button-content-wrapper\">\n\t\t\t\t\t\t\t\t\t<span class=\"elementor-button-text\">Formulaire garantie locative<\/span>\n\t\t\t\t\t<\/span>\n\t\t\t\t\t<\/a>\n\t\t\t\t<\/div>\n\t\t\t\t\t\t\t\t<\/div>\n\t\t\t\t<\/div>\n\t\t\t\t\t<\/div>\n\t\t<\/div>\n\t\t\t\t\t<\/div>\n\t\t<\/section>\n\t\t\t\t<section class=\"elementor-section elementor-top-section elementor-element elementor-element-46b6d83 elementor-section-boxed elementor-section-height-default elementor-section-height-default\" data-id=\"46b6d83\" data-element_type=\"section\" data-e-type=\"section\">\n\t\t\t\t\t\t<div class=\"elementor-container elementor-column-gap-default\">\n\t\t\t\t\t<div class=\"elementor-column elementor-col-100 elementor-top-column elementor-element elementor-element-6604e0e\" data-id=\"6604e0e\" data-element_type=\"column\" data-e-type=\"column\">\n\t\t\t<div class=\"elementor-widget-wrap elementor-element-populated\">\n\t\t\t\t\t\t<div class=\"elementor-element elementor-element-759cbc7 elementor-widget elementor-widget-spacer\" data-id=\"759cbc7\" data-element_type=\"widget\" data-e-type=\"widget\" data-widget_type=\"spacer.default\">\n\t\t\t\t<div class=\"elementor-widget-container\">\n\t\t\t\t\t\t\t<div class=\"elementor-spacer\">\n\t\t\t<div class=\"elementor-spacer-inner\"><\/div>\n\t\t<\/div>\n\t\t\t\t\t\t<\/div>\n\t\t\t\t<\/div>\n\t\t\t\t<div class=\"elementor-element elementor-element-72baf7d elementor-widget elementor-widget-heading\" data-id=\"72baf7d\" data-element_type=\"widget\" data-e-type=\"widget\" data-widget_type=\"heading.default\">\n\t\t\t\t<div class=\"elementor-widget-container\">\n\t\t\t\t\t<h2 class=\"elementor-heading-title elementor-size-default\">Comment fonctionne la garantie locative ING ?<\/h2>\t\t\t\t<\/div>\n\t\t\t\t<\/div>\n\t\t\t\t<div class=\"elementor-element elementor-element-fe6e3c8 elementor-widget elementor-widget-text-editor\" data-id=\"fe6e3c8\" data-element_type=\"widget\" data-e-type=\"widget\" data-widget_type=\"text-editor.default\">\n\t\t\t\t<div class=\"elementor-widget-container\">\n\t\t\t\t\t\t\t\t\t<p>Les fonds bloqu\u00e9s sont plac\u00e9s et rapportent des int\u00e9r\u00eats qui vous seront vers\u00e9s en fin de contrat de bail si le locataire a bien entendu rempli toutes ses obligations vis-\u00e0-vis de son bailleur. Le montant des int\u00e9r\u00eats vers\u00e9 par la banque ING sur le compte bloqu\u00e9 de la garantie est cependant tr\u00e8s faible car les taux d&rsquo;int\u00e9r\u00eat de march\u00e9 sont historiquement bas.<\/p>\t\t\t\t\t\t\t\t<\/div>\n\t\t\t\t<\/div>\n\t\t\t\t<div class=\"elementor-element elementor-element-0451311 elementor-widget elementor-widget-heading\" data-id=\"0451311\" data-element_type=\"widget\" data-e-type=\"widget\" data-widget_type=\"heading.default\">\n\t\t\t\t<div class=\"elementor-widget-container\">\n\t\t\t\t\t<h2 class=\"elementor-heading-title elementor-size-default\"> La garantie locative ING peut-elle se faire en ligne ?<\/h2>\t\t\t\t<\/div>\n\t\t\t\t<\/div>\n\t\t\t\t<div class=\"elementor-element elementor-element-07db77f elementor-widget elementor-widget-text-editor\" data-id=\"07db77f\" data-element_type=\"widget\" data-e-type=\"widget\" data-widget_type=\"text-editor.default\">\n\t\t\t\t<div class=\"elementor-widget-container\">\n\t\t\t\t\t\t\t\t\t<p>La banque NG ne propose actuellement pas de solution permettant l\u2019ouverture en ligne d\u2019une garantie locative. Si vous souhaitez ouvrir un compte chez ING pour constituer votre garantie locative vous devez au pr\u00e9alable prendre rendez-vous avec un conseiller au sein de votre agence ING.<\/p>\t\t\t\t\t\t\t\t<\/div>\n\t\t\t\t<\/div>\n\t\t\t\t<div class=\"elementor-element elementor-element-9e87993 elementor-widget elementor-widget-heading\" data-id=\"9e87993\" data-element_type=\"widget\" data-e-type=\"widget\" data-widget_type=\"heading.default\">\n\t\t\t\t<div class=\"elementor-widget-container\">\n\t\t\t\t\t<h2 class=\"elementor-heading-title elementor-size-default\">Quel est le d\u00e9lai pour constituer une garantie locative chez ING ?<\/h2>\t\t\t\t<\/div>\n\t\t\t\t<\/div>\n\t\t\t\t<div class=\"elementor-element elementor-element-98629a0 elementor-widget elementor-widget-text-editor\" data-id=\"98629a0\" data-element_type=\"widget\" data-e-type=\"widget\" data-widget_type=\"text-editor.default\">\n\t\t\t\t<div class=\"elementor-widget-container\">\n\t\t\t\t\t\t\t\t\t<p>Le d\u00e9lai \u00e0 pr\u00e9voir est au minimum celui d&rsquo;une ouverture de compte chez ING. La banque ING ne proposant pas de proc\u00e9dure en ligne, vous aurez les d\u00e9lais et \u00e9tapes suivantes \u00e0 effectuer :<\/p><ul><li>Obtention d&rsquo;un rendez-vous \u00e0 l&rsquo;agence pendant les horaires d&rsquo;ouverture ;<\/li><li>Rencontre du charg\u00e9 de compte ING et constitution du dossier.<\/li><li>Ouverture du compte par la \u00ab\u00a0welcome team\u00a0\u00bb de gestion du back office.<\/li><\/ul><p>\u00a0<\/p><p>Il vous faut donc pr\u00e9voir un minimum de\u00a0<strong>une \u00e0 deux semaines pour obtenir un compte bloqu\u00e9 de garantie locative aupr\u00e8s de la banque ING<\/strong>.<\/p>\t\t\t\t\t\t\t\t<\/div>\n\t\t\t\t<\/div>\n\t\t\t\t<div class=\"elementor-element elementor-element-207fae4 elementor-widget elementor-widget-heading\" data-id=\"207fae4\" data-element_type=\"widget\" data-e-type=\"widget\" data-widget_type=\"heading.default\">\n\t\t\t\t<div class=\"elementor-widget-container\">\n\t\t\t\t\t<h2 class=\"elementor-heading-title elementor-size-default\">Quelle diff\u00e9rence entre la garantie locative ING et la garantie bancaire ING ?<\/h2>\t\t\t\t<\/div>\n\t\t\t\t<\/div>\n\t\t\t\t<div class=\"elementor-element elementor-element-71a9999 elementor-widget elementor-widget-text-editor\" data-id=\"71a9999\" data-element_type=\"widget\" data-e-type=\"widget\" data-widget_type=\"text-editor.default\">\n\t\t\t\t<div class=\"elementor-widget-container\">\n\t\t\t\t\t\t\t\t\t<p>Comme vu pr\u00e9c\u00e9demment, la banque ING propose aux futurs locataires l&rsquo;ouverture d&rsquo;un compte pour y bloquer le montant de la garantie locative. Cette offre de services est tr\u00e8s diff\u00e9rente d&rsquo;un autre service de la banque ING qui est la Garantie bancaire locative ING.<\/p><p>ING propose effectivement plusieurs services de garanties bancaires, dont un contrat de <span style=\"text-decoration: underline;\"><a href=\"https:\/\/garantie.be\/fr\/garantie-bancaire-locative\/\">garantie bancaire locative<\/a><\/span> dans le cadre d&rsquo;un bail immobilier. Dans le cadre d&rsquo;une garantie bancaire locative, ING s&rsquo;engage \u00e0 payer un montant garantit \u00e0 votre place si vous n&rsquo;\u00eates pas capable d&rsquo;honorer vos obligations de locataire vis-\u00e0-vis du bailleur.<\/p>\t\t\t\t\t\t\t\t<\/div>\n\t\t\t\t<\/div>\n\t\t\t\t<div class=\"elementor-element elementor-element-86f539a elementor-widget elementor-widget-heading\" data-id=\"86f539a\" data-element_type=\"widget\" data-e-type=\"widget\" data-widget_type=\"heading.default\">\n\t\t\t\t<div class=\"elementor-widget-container\">\n\t\t\t\t\t<h2 class=\"elementor-heading-title elementor-size-default\">Comment d\u00e9bloquer la garantie locative ING ?<\/h2>\t\t\t\t<\/div>\n\t\t\t\t<\/div>\n\t\t\t\t<div class=\"elementor-element elementor-element-45da076 elementor-widget elementor-widget-text-editor\" data-id=\"45da076\" data-element_type=\"widget\" data-e-type=\"widget\" data-widget_type=\"text-editor.default\">\n\t\t\t\t<div class=\"elementor-widget-container\">\n\t\t\t\t\t\t\t\t\t<p>La garantie locative chez ING peut-\u00eatre lib\u00e9r\u00e9e de 2 fa\u00e7ons:<\/p><ol><li>En obtenant l&rsquo;accord des parties : Cette situation est la plus courante \u00e0 la fin du bail et sur la base de l&rsquo;<span style=\"text-decoration: underline;\"><a href=\"https:\/\/garantie.be\/fr\/etat-des-lieux-de-sortie\/\">\u00e9tat des lieux de sortie<\/a><\/span>. La proc\u00e9dure pour lib\u00e9rer les fonds bloqu\u00e9s au titre de la garantie locative n\u00e9cessite de remplir le formulaire ING de demande de d\u00e9blocage de la Garantie Locative. Le formulaire compl\u00e9t\u00e9 est sign\u00e9 par les parties au contrat, puis transmis par la poste en original \u00e0 l&rsquo;agence bancaire ING ayant bloqu\u00e9 les fonds.<\/li><li>Sur pr\u00e9sentation d&rsquo;une d\u00e9cision judiciaire : Ce jugement doit \u00eatre ex\u00e9cutoire et statuer express\u00e9ment sur la dette du locataire au profit du bailleur. Le jugement est pr\u00e9sent\u00e9 \u00e0 l&rsquo;agence ING ayant bloqu\u00e9 les fonds au titre de la garantie locative pour \u00eatre ex\u00e9cut\u00e9.<\/li><\/ol><p>Il est \u00e9galement possible d\u2019obtenir une lib\u00e9ration des fonds bloqu\u00e9s dans le cadre de la garantie locative avant la fin du bail de location. Pour r\u00e9cup\u00e9rer les fonds bloqu\u00e9s en banque d\u00e9couvrez notre service en lisant cet article sur la <span style=\"text-decoration: underline;\"><a href=\"https:\/\/garantie.be\/fr\/liberation-garantie-locative-formulaire-en-ligne\/\">lib\u00e9ration de la garantie locative<\/a><\/span>.\u00a0<\/p>\t\t\t\t\t\t\t\t<\/div>\n\t\t\t\t<\/div>\n\t\t\t\t\t<\/div>\n\t\t<\/div>\n\t\t\t\t\t<\/div>\n\t\t<\/section>\n\t\t\t\t<\/div>\n\t\t","protected":false},"excerpt":{"rendered":"<p>garantie locative ING Nous vous pr\u00e9sentons ci-dessous les informations essentielles sur la garantie locative ING. En Belgique la banque ING poss\u00e8de environ 200 agences bancaires en 2025. Remplissez notre formulaire en ligne en cliquant sur garantie locative en ligne pour obtenir en quelques heures votre attestation de caution locative de la part de Garantie.be. Vous [&hellip;]<\/p>\n","protected":false},"author":1,"featured_media":0,"parent":0,"menu_order":0,"comment_status":"closed","ping_status":"closed","template":"","meta":{"footnotes":""},"class_list":["post-368","page","type-page","status-publish","hentry"],"yoast_head":"<!-- This site is optimized with the Yoast SEO plugin v27.2 - https:\/\/yoast.com\/product\/yoast-seo-wordpress\/ -->\n<title>Garantie locative ING par Internet | Compte garantie bloqu\u00e9<\/title>\n<meta name=\"description\" content=\"Site sp\u00e9cialis\u00e9 sur la garantie locative, nous vous pr\u00e9sentons les sp\u00e9cificit\u00e9s de ce service de la banque ING en Belgique.\" \/>\n<meta name=\"robots\" content=\"index, follow, max-snippet:-1, max-image-preview:large, max-video-preview:-1\" \/>\n<link rel=\"canonical\" href=\"https:\/\/garantie.be\/fr\/garantie-locative-ing\/\" \/>\n<meta property=\"og:locale\" content=\"fr_FR\" \/>\n<meta property=\"og:type\" content=\"article\" \/>\n<meta property=\"og:title\" content=\"Garantie locative ING par Internet | Compte garantie bloqu\u00e9\" \/>\n<meta property=\"og:description\" content=\"Site sp\u00e9cialis\u00e9 sur la garantie locative, nous vous pr\u00e9sentons les sp\u00e9cificit\u00e9s de ce service de la banque ING en Belgique.\" \/>\n<meta property=\"og:url\" content=\"https:\/\/garantie.be\/fr\/garantie-locative-ing\/\" \/>\n<meta property=\"og:site_name\" content=\"Garantie\" \/>\n<meta property=\"article:modified_time\" content=\"2025-09-26T12:04:34+00:00\" \/>\n<meta property=\"og:image\" content=\"https:\/\/garantie.be\/wp-content\/uploads\/elementor\/thumbs\/Logo-2-garantie-alone-1-pe5xec7dnfsf8cs3rtfffen34plb9ip2rjyfhjeqd0.jpg\" \/>\n<meta name=\"twitter:card\" content=\"summary_large_image\" \/>\n<meta name=\"twitter:label1\" content=\"Dur\u00e9e de lecture estim\u00e9e\" \/>\n\t<meta name=\"twitter:data1\" content=\"5 minutes\" \/>\n<script type=\"application\/ld+json\" class=\"yoast-schema-graph\">{\"@context\":\"https:\/\/schema.org\",\"@graph\":[{\"@type\":\"WebPage\",\"@id\":\"https:\/\/garantie.be\/fr\/garantie-locative-ing\/\",\"url\":\"https:\/\/garantie.be\/fr\/garantie-locative-ing\/\",\"name\":\"Garantie locative ING par Internet | Compte garantie bloqu\u00e9\",\"isPartOf\":{\"@id\":\"https:\/\/garantie.be\/fr\/#website\"},\"primaryImageOfPage\":{\"@id\":\"https:\/\/garantie.be\/fr\/garantie-locative-ing\/#primaryimage\"},\"image\":{\"@id\":\"https:\/\/garantie.be\/fr\/garantie-locative-ing\/#primaryimage\"},\"thumbnailUrl\":\"https:\/\/garantie.be\/wp-content\/uploads\/elementor\/thumbs\/Logo-2-garantie-alone-1-pe5xec7dnfsf8cs3rtfffen34plb9ip2rjyfhjeqd0.jpg\",\"datePublished\":\"2020-11-12T14:36:46+00:00\",\"dateModified\":\"2025-09-26T12:04:34+00:00\",\"description\":\"Site sp\u00e9cialis\u00e9 sur la garantie locative, nous vous pr\u00e9sentons les sp\u00e9cificit\u00e9s de ce service de la banque ING en Belgique.\",\"breadcrumb\":{\"@id\":\"https:\/\/garantie.be\/fr\/garantie-locative-ing\/#breadcrumb\"},\"inLanguage\":\"fr-FR\",\"potentialAction\":[{\"@type\":\"ReadAction\",\"target\":[\"https:\/\/garantie.be\/fr\/garantie-locative-ing\/\"]}]},{\"@type\":\"ImageObject\",\"inLanguage\":\"fr-FR\",\"@id\":\"https:\/\/garantie.be\/fr\/garantie-locative-ing\/#primaryimage\",\"url\":\"https:\/\/garantie.be\/wp-content\/uploads\/elementor\/thumbs\/Logo-2-garantie-alone-1-pe5xec7dnfsf8cs3rtfffen34plb9ip2rjyfhjeqd0.jpg\",\"contentUrl\":\"https:\/\/garantie.be\/wp-content\/uploads\/elementor\/thumbs\/Logo-2-garantie-alone-1-pe5xec7dnfsf8cs3rtfffen34plb9ip2rjyfhjeqd0.jpg\"},{\"@type\":\"BreadcrumbList\",\"@id\":\"https:\/\/garantie.be\/fr\/garantie-locative-ing\/#breadcrumb\",\"itemListElement\":[{\"@type\":\"ListItem\",\"position\":1,\"name\":\"Accueil\",\"item\":\"https:\/\/garantie.be\/fr\/\"},{\"@type\":\"ListItem\",\"position\":2,\"name\":\"Garantie locative ING\"}]},{\"@type\":\"WebSite\",\"@id\":\"https:\/\/garantie.be\/fr\/#website\",\"url\":\"https:\/\/garantie.be\/fr\/\",\"name\":\"Garantie\",\"description\":\"\",\"publisher\":{\"@id\":\"https:\/\/garantie.be\/fr\/#organization\"},\"potentialAction\":[{\"@type\":\"SearchAction\",\"target\":{\"@type\":\"EntryPoint\",\"urlTemplate\":\"https:\/\/garantie.be\/fr\/?s={search_term_string}\"},\"query-input\":{\"@type\":\"PropertyValueSpecification\",\"valueRequired\":true,\"valueName\":\"search_term_string\"}}],\"inLanguage\":\"fr-FR\"},{\"@type\":\"Organization\",\"@id\":\"https:\/\/garantie.be\/fr\/#organization\",\"name\":\"Garantie.be\",\"url\":\"https:\/\/garantie.be\/fr\/\",\"logo\":{\"@type\":\"ImageObject\",\"inLanguage\":\"fr-FR\",\"@id\":\"https:\/\/garantie.be\/fr\/#\/schema\/logo\/image\/\",\"url\":\"\",\"contentUrl\":\"\",\"caption\":\"Garantie.be\"},\"image\":{\"@id\":\"https:\/\/garantie.be\/fr\/#\/schema\/logo\/image\/\"}}]}<\/script>\n<!-- \/ Yoast SEO plugin. -->","yoast_head_json":{"title":"Garantie locative ING par Internet | Compte garantie bloqu\u00e9","description":"Site sp\u00e9cialis\u00e9 sur la garantie locative, nous vous pr\u00e9sentons les sp\u00e9cificit\u00e9s de ce service de la banque ING en Belgique.","robots":{"index":"index","follow":"follow","max-snippet":"max-snippet:-1","max-image-preview":"max-image-preview:large","max-video-preview":"max-video-preview:-1"},"canonical":"https:\/\/garantie.be\/fr\/garantie-locative-ing\/","og_locale":"fr_FR","og_type":"article","og_title":"Garantie locative ING par Internet | Compte garantie bloqu\u00e9","og_description":"Site sp\u00e9cialis\u00e9 sur la garantie locative, nous vous pr\u00e9sentons les sp\u00e9cificit\u00e9s de ce service de la banque ING en Belgique.","og_url":"https:\/\/garantie.be\/fr\/garantie-locative-ing\/","og_site_name":"Garantie","article_modified_time":"2025-09-26T12:04:34+00:00","og_image":[{"url":"https:\/\/garantie.be\/wp-content\/uploads\/elementor\/thumbs\/Logo-2-garantie-alone-1-pe5xec7dnfsf8cs3rtfffen34plb9ip2rjyfhjeqd0.jpg","type":"","width":"","height":""}],"twitter_card":"summary_large_image","twitter_misc":{"Dur\u00e9e de lecture estim\u00e9e":"5 minutes"},"schema":{"@context":"https:\/\/schema.org","@graph":[{"@type":"WebPage","@id":"https:\/\/garantie.be\/fr\/garantie-locative-ing\/","url":"https:\/\/garantie.be\/fr\/garantie-locative-ing\/","name":"Garantie locative ING par Internet | Compte garantie bloqu\u00e9","isPartOf":{"@id":"https:\/\/garantie.be\/fr\/#website"},"primaryImageOfPage":{"@id":"https:\/\/garantie.be\/fr\/garantie-locative-ing\/#primaryimage"},"image":{"@id":"https:\/\/garantie.be\/fr\/garantie-locative-ing\/#primaryimage"},"thumbnailUrl":"https:\/\/garantie.be\/wp-content\/uploads\/elementor\/thumbs\/Logo-2-garantie-alone-1-pe5xec7dnfsf8cs3rtfffen34plb9ip2rjyfhjeqd0.jpg","datePublished":"2020-11-12T14:36:46+00:00","dateModified":"2025-09-26T12:04:34+00:00","description":"Site sp\u00e9cialis\u00e9 sur la garantie locative, nous vous pr\u00e9sentons les sp\u00e9cificit\u00e9s de ce service de la banque ING en Belgique.","breadcrumb":{"@id":"https:\/\/garantie.be\/fr\/garantie-locative-ing\/#breadcrumb"},"inLanguage":"fr-FR","potentialAction":[{"@type":"ReadAction","target":["https:\/\/garantie.be\/fr\/garantie-locative-ing\/"]}]},{"@type":"ImageObject","inLanguage":"fr-FR","@id":"https:\/\/garantie.be\/fr\/garantie-locative-ing\/#primaryimage","url":"https:\/\/garantie.be\/wp-content\/uploads\/elementor\/thumbs\/Logo-2-garantie-alone-1-pe5xec7dnfsf8cs3rtfffen34plb9ip2rjyfhjeqd0.jpg","contentUrl":"https:\/\/garantie.be\/wp-content\/uploads\/elementor\/thumbs\/Logo-2-garantie-alone-1-pe5xec7dnfsf8cs3rtfffen34plb9ip2rjyfhjeqd0.jpg"},{"@type":"BreadcrumbList","@id":"https:\/\/garantie.be\/fr\/garantie-locative-ing\/#breadcrumb","itemListElement":[{"@type":"ListItem","position":1,"name":"Accueil","item":"https:\/\/garantie.be\/fr\/"},{"@type":"ListItem","position":2,"name":"Garantie locative ING"}]},{"@type":"WebSite","@id":"https:\/\/garantie.be\/fr\/#website","url":"https:\/\/garantie.be\/fr\/","name":"Garantie","description":"","publisher":{"@id":"https:\/\/garantie.be\/fr\/#organization"},"potentialAction":[{"@type":"SearchAction","target":{"@type":"EntryPoint","urlTemplate":"https:\/\/garantie.be\/fr\/?s={search_term_string}"},"query-input":{"@type":"PropertyValueSpecification","valueRequired":true,"valueName":"search_term_string"}}],"inLanguage":"fr-FR"},{"@type":"Organization","@id":"https:\/\/garantie.be\/fr\/#organization","name":"Garantie.be","url":"https:\/\/garantie.be\/fr\/","logo":{"@type":"ImageObject","inLanguage":"fr-FR","@id":"https:\/\/garantie.be\/fr\/#\/schema\/logo\/image\/","url":"","contentUrl":"","caption":"Garantie.be"},"image":{"@id":"https:\/\/garantie.be\/fr\/#\/schema\/logo\/image\/"}}]}},"_links":{"self":[{"href":"https:\/\/garantie.be\/fr\/wp-json\/wp\/v2\/pages\/368","targetHints":{"allow":["GET"]}}],"collection":[{"href":"https:\/\/garantie.be\/fr\/wp-json\/wp\/v2\/pages"}],"about":[{"href":"https:\/\/garantie.be\/fr\/wp-json\/wp\/v2\/types\/page"}],"author":[{"embeddable":true,"href":"https:\/\/garantie.be\/fr\/wp-json\/wp\/v2\/users\/1"}],"replies":[{"embeddable":true,"href":"https:\/\/garantie.be\/fr\/wp-json\/wp\/v2\/comments?post=368"}],"version-history":[{"count":0,"href":"https:\/\/garantie.be\/fr\/wp-json\/wp\/v2\/pages\/368\/revisions"}],"wp:attachment":[{"href":"https:\/\/garantie.be\/fr\/wp-json\/wp\/v2\/media?parent=368"}],"curies":[{"name":"wp","href":"https:\/\/api.w.org\/{rel}","templated":true}]}}