{"id":391,"date":"2020-11-12T15:49:52","date_gmt":"2020-11-12T14:49:52","guid":{"rendered":"http:\/\/garantie.be\/?page_id=391"},"modified":"2024-12-04T17:25:53","modified_gmt":"2024-12-04T16:25:53","slug":"garantie-locative-cpas","status":"publish","type":"page","link":"https:\/\/garantie.be\/fr\/garantie-locative-cpas\/","title":{"rendered":"Garantie locative CPAS"},"content":{"rendered":"\t\t<div data-elementor-type=\"wp-page\" data-elementor-id=\"391\" class=\"elementor elementor-391\" data-elementor-post-type=\"page\">\n\t\t\t\t\t\t<section class=\"elementor-section elementor-top-section elementor-element elementor-element-28405035 elementor-section-boxed elementor-section-height-default elementor-section-height-default\" data-id=\"28405035\" data-element_type=\"section\" data-e-type=\"section\">\n\t\t\t\t\t\t<div class=\"elementor-container elementor-column-gap-default\">\n\t\t\t\t\t<div class=\"elementor-column elementor-col-100 elementor-top-column elementor-element elementor-element-21004414\" data-id=\"21004414\" data-element_type=\"column\" data-e-type=\"column\">\n\t\t\t<div class=\"elementor-widget-wrap elementor-element-populated\">\n\t\t\t\t\t\t<div class=\"elementor-element elementor-element-205c4463 elementor-widget elementor-widget-spacer\" data-id=\"205c4463\" data-element_type=\"widget\" data-e-type=\"widget\" data-widget_type=\"spacer.default\">\n\t\t\t\t<div class=\"elementor-widget-container\">\n\t\t\t\t\t\t\t<div class=\"elementor-spacer\">\n\t\t\t<div class=\"elementor-spacer-inner\"><\/div>\n\t\t<\/div>\n\t\t\t\t\t\t<\/div>\n\t\t\t\t<\/div>\n\t\t\t\t<div class=\"elementor-element elementor-element-1bce35c9 elementor-widget elementor-widget-heading\" data-id=\"1bce35c9\" data-element_type=\"widget\" data-e-type=\"widget\" data-widget_type=\"heading.default\">\n\t\t\t\t<div class=\"elementor-widget-container\">\n\t\t\t\t\t<h1 class=\"elementor-heading-title elementor-size-default\">Garantie locative CPAS<br><b>\nCentre Public d\u2019Action Sociale<\/b><\/h1>\t\t\t\t<\/div>\n\t\t\t\t<\/div>\n\t\t\t\t<div class=\"elementor-element elementor-element-66ab87a4 elementor-widget elementor-widget-spacer\" data-id=\"66ab87a4\" data-element_type=\"widget\" data-e-type=\"widget\" data-widget_type=\"spacer.default\">\n\t\t\t\t<div class=\"elementor-widget-container\">\n\t\t\t\t\t\t\t<div class=\"elementor-spacer\">\n\t\t\t<div class=\"elementor-spacer-inner\"><\/div>\n\t\t<\/div>\n\t\t\t\t\t\t<\/div>\n\t\t\t\t<\/div>\n\t\t\t\t\t<\/div>\n\t\t<\/div>\n\t\t\t\t\t<\/div>\n\t\t<\/section>\n\t\t\t\t<section class=\"elementor-section elementor-top-section elementor-element elementor-element-4558bb68 elementor-section-boxed elementor-section-height-default elementor-section-height-default\" data-id=\"4558bb68\" data-element_type=\"section\" data-e-type=\"section\">\n\t\t\t\t\t\t<div class=\"elementor-container elementor-column-gap-default\">\n\t\t\t\t\t<div class=\"elementor-column elementor-col-100 elementor-top-column elementor-element elementor-element-4e502c46\" data-id=\"4e502c46\" data-element_type=\"column\" data-e-type=\"column\">\n\t\t\t<div class=\"elementor-widget-wrap elementor-element-populated\">\n\t\t\t\t\t\t<div class=\"elementor-element elementor-element-ae4b303 elementor-widget elementor-widget-heading\" data-id=\"ae4b303\" data-element_type=\"widget\" data-e-type=\"widget\" data-widget_type=\"heading.default\">\n\t\t\t\t<div class=\"elementor-widget-container\">\n\t\t\t\t\t<h2 class=\"elementor-heading-title elementor-size-default\">Qu\u2019est ce que la garantie locative et le CPAS ?\u200b<\/h2>\t\t\t\t<\/div>\n\t\t\t\t<\/div>\n\t\t\t\t<div class=\"elementor-element elementor-element-b641859 elementor-widget elementor-widget-text-editor\" data-id=\"b641859\" data-element_type=\"widget\" data-e-type=\"widget\" data-widget_type=\"text-editor.default\">\n\t\t\t\t<div class=\"elementor-widget-container\">\n\t\t\t\t\t\t\t\t\t<p>Le CPAS propose de l&rsquo;aide aux plus d\u00e9munis pour constituer leur <a href=\"https:\/\/garantie.be\/fr\/garantie-locative\/\">garantie locative<\/a>\u00a0et trouver un logement.<\/p><p>Dans chaque commune Belge il existe un Centre d\u2019Action Sociale pour permettre \u201c\u00e0 chacun de mener une existence conforme \u00e0 la dignit\u00e9 humaine\u201d. Ces organismes publics s\u2019occupent de fournir une aide sociale aux plus d\u00e9munis, ainsi que des accompagnements sociaux, m\u00e9dicaux psychologiques, administratifs et financiers. L\u2019objectif principal est de les aider \u00e0 s\u2019int\u00e9grer dans une vie sociale.<\/p>\t\t\t\t\t\t\t\t<\/div>\n\t\t\t\t<\/div>\n\t\t\t\t<div class=\"elementor-element elementor-element-8065bbf elementor-widget elementor-widget-text-editor\" data-id=\"8065bbf\" data-element_type=\"widget\" data-e-type=\"widget\" data-widget_type=\"text-editor.default\">\n\t\t\t\t<div class=\"elementor-widget-container\">\n\t\t\t\t\t\t\t\t\t<p><span style=\"font-weight: 400;\"><strong>Pour obtenir une attestation de garantie locative en quelques heures sans le CPAS<\/strong>, il vous suffit de compl\u00e9ter le formulaire en cliquant sur <\/span><span style=\"text-decoration: underline;\"><a href=\"https:\/\/garantie.be\/fr\/garantie-locative-en-ligne\/\"><span style=\"font-weight: 400;\">garantie locative en ligne<\/span><\/a><\/span><span style=\"font-weight: 400;\">.<\/span><\/p>\t\t\t\t\t\t\t\t<\/div>\n\t\t\t\t<\/div>\n\t\t\t\t<div class=\"elementor-element elementor-element-1a49d32 elementor-widget elementor-widget-spacer\" data-id=\"1a49d32\" data-element_type=\"widget\" data-e-type=\"widget\" data-widget_type=\"spacer.default\">\n\t\t\t\t<div class=\"elementor-widget-container\">\n\t\t\t\t\t\t\t<div class=\"elementor-spacer\">\n\t\t\t<div class=\"elementor-spacer-inner\"><\/div>\n\t\t<\/div>\n\t\t\t\t\t\t<\/div>\n\t\t\t\t<\/div>\n\t\t\t\t<div class=\"elementor-element elementor-element-7bcdd81 elementor-widget elementor-widget-heading\" data-id=\"7bcdd81\" data-element_type=\"widget\" data-e-type=\"widget\" data-widget_type=\"heading.default\">\n\t\t\t\t<div class=\"elementor-widget-container\">\n\t\t\t\t\t<h2 class=\"elementor-heading-title elementor-size-default\">La garantie locative du CPAS<\/h2>\t\t\t\t<\/div>\n\t\t\t\t<\/div>\n\t\t\t\t<div class=\"elementor-element elementor-element-77e6344 elementor-widget elementor-widget-text-editor\" data-id=\"77e6344\" data-element_type=\"widget\" data-e-type=\"widget\" data-widget_type=\"text-editor.default\">\n\t\t\t\t<div class=\"elementor-widget-container\">\n\t\t\t\t\t\t\t\t\t<p>Dans le cadre de ses missions le CPAS peut depuis 2007 fournir une aide pr\u00e9cieuse aux locataires ayant de faibles ressources financi\u00e8res. L&rsquo;aide du CPAS peut prendre plusieurs formes, les deux principales fa\u00e7ons d&rsquo;aider sont :<\/p><ul><li>Obtenir une garantie locative aupr\u00e8s d&rsquo;une banque. Dans ce cas pr\u00e9cis la banque s\u2019engage pour le compte du CPAS et non celui du futur locataire ;<\/li><li>Le CPAS peut \u00e9galement utiliser une lettre de caution dans laquelle il s\u2019engage \u00e0 payer la garantie locative au bailleur en cas de manquement du locataire.<\/li><\/ul>\t\t\t\t\t\t\t\t<\/div>\n\t\t\t\t<\/div>\n\t\t\t\t<div class=\"elementor-element elementor-element-4d2b02a elementor-widget elementor-widget-heading\" data-id=\"4d2b02a\" data-element_type=\"widget\" data-e-type=\"widget\" data-widget_type=\"heading.default\">\n\t\t\t\t<div class=\"elementor-widget-container\">\n\t\t\t\t\t<h2 class=\"elementor-heading-title elementor-size-default\">Quelle diff\u00e9rence entre l\u2019action sociale et le CPAS ?<\/h2>\t\t\t\t<\/div>\n\t\t\t\t<\/div>\n\t\t\t\t<div class=\"elementor-element elementor-element-3d43696 elementor-widget elementor-widget-text-editor\" data-id=\"3d43696\" data-element_type=\"widget\" data-e-type=\"widget\" data-widget_type=\"text-editor.default\">\n\t\t\t\t<div class=\"elementor-widget-container\">\n\t\t\t\t\t\t\t\t\t<p>L&rsquo;action sociale s\u2019adresse majoritairement aux personnes qui ne peuvent pr\u00e9tendre \u00e0 la s\u00e9curit\u00e9 sociale, notamment les mineurs Belges, r\u00e9fugi\u00e9s politiques. En fonction de leur situation personnelle ils pourront se voir attribuer un revenu d\u2019int\u00e9gration.<\/p><p>Le centre d\u2019action sociale CPAS concerne d\u2019autres personnes en difficult\u00e9 pour lesquelles une aide ponctuelle peut \u00eatre sollicit\u00e9e.<\/p>\t\t\t\t\t\t\t\t<\/div>\n\t\t\t\t<\/div>\n\t\t\t\t<div class=\"elementor-element elementor-element-25d8906 elementor-widget elementor-widget-heading\" data-id=\"25d8906\" data-element_type=\"widget\" data-e-type=\"widget\" data-widget_type=\"heading.default\">\n\t\t\t\t<div class=\"elementor-widget-container\">\n\t\t\t\t\t<h2 class=\"elementor-heading-title elementor-size-default\">La garantie locative du CPAS<\/h2>\t\t\t\t<\/div>\n\t\t\t\t<\/div>\n\t\t\t\t<div class=\"elementor-element elementor-element-5b09f2a elementor-widget elementor-widget-text-editor\" data-id=\"5b09f2a\" data-element_type=\"widget\" data-e-type=\"widget\" data-widget_type=\"text-editor.default\">\n\t\t\t\t<div class=\"elementor-widget-container\">\n\t\t\t\t\t\t\t\t\t<p>Dans le cadre de ses missions le CPAS peut depuis 2007 fournir une aide pr\u00e9cieuse aux locataires ayant de faibles ressources financi\u00e8res. L&rsquo;aide du CPAS peut prendre plusieurs formes, les deux principales fa\u00e7ons d&rsquo;aider sont :<\/p><ul><li>Obtenir une garantie locative aupr\u00e8s d&rsquo;une banque. Dans ce cas pr\u00e9cis la banque s\u2019engage pour le compte du CPAS et non celui du futur locataire ;<\/li><li>Le CPAS peut \u00e9galement utiliser une lettre de caution dans laquelle il s\u2019engage \u00e0 payer la garantie locative au bailleur en cas de manquement du locataire.<\/li><\/ul>\t\t\t\t\t\t\t\t<\/div>\n\t\t\t\t<\/div>\n\t\t\t\t<div class=\"elementor-element elementor-element-5a1b72d elementor-widget elementor-widget-heading\" data-id=\"5a1b72d\" data-element_type=\"widget\" data-e-type=\"widget\" data-widget_type=\"heading.default\">\n\t\t\t\t<div class=\"elementor-widget-container\">\n\t\t\t\t\t<h2 class=\"elementor-heading-title elementor-size-default\">Quel est le montant de la garantie locative CPAS ?\u200b<\/h2>\t\t\t\t<\/div>\n\t\t\t\t<\/div>\n\t\t\t\t<div class=\"elementor-element elementor-element-94d4c7c elementor-widget elementor-widget-text-editor\" data-id=\"94d4c7c\" data-element_type=\"widget\" data-e-type=\"widget\" data-widget_type=\"text-editor.default\">\n\t\t\t\t<div class=\"elementor-widget-container\">\n\t\t\t\t\t\t\t\t\t<p>Dans le cadre de la garantie bancaire obtenue \u00e0 l&rsquo;aide du CPAS, le montant de la garantie locative peut repr\u00e9senter jusqu&rsquo;\u00e0 3 mois de loyer du bien en location.<\/p>\t\t\t\t\t\t\t\t<\/div>\n\t\t\t\t<\/div>\n\t\t\t\t<div class=\"elementor-element elementor-element-9897b4e elementor-widget elementor-widget-heading\" data-id=\"9897b4e\" data-element_type=\"widget\" data-e-type=\"widget\" data-widget_type=\"heading.default\">\n\t\t\t\t<div class=\"elementor-widget-container\">\n\t\t\t\t\t<h2 class=\"elementor-heading-title elementor-size-default\">L'aide sociale du CPAS et des AIS - Agences Sociales Immobili\u00e8res<\/h2>\t\t\t\t<\/div>\n\t\t\t\t<\/div>\n\t\t\t\t<div class=\"elementor-element elementor-element-e08df61 elementor-widget elementor-widget-text-editor\" data-id=\"e08df61\" data-element_type=\"widget\" data-e-type=\"widget\" data-widget_type=\"text-editor.default\">\n\t\t\t\t<div class=\"elementor-widget-container\">\n\t\t\t\t\t\t\t\t\t<p>Une partie du parc immobilier social en Belgique est g\u00e9r\u00e9 par les <a href=\"https:\/\/garantie.be\/fr\/ais-garantie-locative\/\">Agences Immobili\u00e8res Sociales AIS<\/a>. Ces agences sociales g\u00e8rent un parc de biens immobiliers d\u00e9tenus par des bailleurs priv\u00e9s qui confient leurs biens en gestion. Ces biens immobiliers sont propos\u00e9s \u00e0 la location selon des crit\u00e8res de ressources limit\u00e9es.<\/p>\t\t\t\t\t\t\t\t<\/div>\n\t\t\t\t<\/div>\n\t\t\t\t\t<\/div>\n\t\t<\/div>\n\t\t\t\t\t<\/div>\n\t\t<\/section>\n\t\t\t\t<section class=\"elementor-section elementor-top-section elementor-element elementor-element-590a6ed5 elementor-section-height-min-height elementor-section-content-middle elementor-section-boxed elementor-section-height-default elementor-section-items-middle\" data-id=\"590a6ed5\" data-element_type=\"section\" data-e-type=\"section\" data-settings=\"{&quot;background_background&quot;:&quot;classic&quot;}\">\n\t\t\t\t\t\t<div class=\"elementor-container elementor-column-gap-default\">\n\t\t\t\t\t<div class=\"elementor-column elementor-col-50 elementor-top-column elementor-element elementor-element-dc7e2b\" data-id=\"dc7e2b\" data-element_type=\"column\" data-e-type=\"column\">\n\t\t\t<div class=\"elementor-widget-wrap elementor-element-populated\">\n\t\t\t\t\t\t<div class=\"elementor-element elementor-element-40697bbd elementor-widget elementor-widget-image\" data-id=\"40697bbd\" data-element_type=\"widget\" data-e-type=\"widget\" data-widget_type=\"image.default\">\n\t\t\t\t<div class=\"elementor-widget-container\">\n\t\t\t\t\t\t\t\t\t\t\t\t\t\t\t<img fetchpriority=\"high\" decoding=\"async\" width=\"1337\" height=\"326\" src=\"https:\/\/garantie.be\/wp-content\/uploads\/2021\/10\/Logo-2-garantie-blanc.jpg\" class=\"attachment-full size-full wp-image-14325\" alt=\"garantie\" srcset=\"https:\/\/garantie.be\/wp-content\/uploads\/2021\/10\/Logo-2-garantie-blanc.jpg 1337w, https:\/\/garantie.be\/wp-content\/uploads\/2021\/10\/Logo-2-garantie-blanc-300x73.jpg 300w, https:\/\/garantie.be\/wp-content\/uploads\/2021\/10\/Logo-2-garantie-blanc-1024x250.jpg 1024w, https:\/\/garantie.be\/wp-content\/uploads\/2021\/10\/Logo-2-garantie-blanc-768x187.jpg 768w, https:\/\/garantie.be\/wp-content\/uploads\/2021\/10\/elementor\/thumbs\/Logo-2-garantie-blanc-pe6absw6zvy9gejnv1452ukof52xru63y1hy3ysmjw.jpg 120w\" sizes=\"(max-width: 1337px) 100vw, 1337px\" \/>\t\t\t\t\t\t\t\t\t\t\t\t\t\t\t<\/div>\n\t\t\t\t<\/div>\n\t\t\t\t\t<\/div>\n\t\t<\/div>\n\t\t\t\t<div class=\"elementor-column elementor-col-50 elementor-top-column elementor-element elementor-element-3cf8626\" data-id=\"3cf8626\" data-element_type=\"column\" data-e-type=\"column\">\n\t\t\t<div class=\"elementor-widget-wrap elementor-element-populated\">\n\t\t\t\t\t\t<div class=\"elementor-element elementor-element-70d2d2e elementor-widget-divider--view-line elementor-widget elementor-widget-divider\" data-id=\"70d2d2e\" data-element_type=\"widget\" data-e-type=\"widget\" data-widget_type=\"divider.default\">\n\t\t\t\t<div class=\"elementor-widget-container\">\n\t\t\t\t\t\t\t<div class=\"elementor-divider\">\n\t\t\t<span class=\"elementor-divider-separator\">\n\t\t\t\t\t\t<\/span>\n\t\t<\/div>\n\t\t\t\t\t\t<\/div>\n\t\t\t\t<\/div>\n\t\t\t\t<div class=\"elementor-element elementor-element-279b2b8c elementor-widget elementor-widget-heading\" data-id=\"279b2b8c\" data-element_type=\"widget\" data-e-type=\"widget\" data-widget_type=\"heading.default\">\n\t\t\t\t<div class=\"elementor-widget-container\">\n\t\t\t\t\t<h2 class=\"elementor-heading-title elementor-size-large\">la garantie locative SANS d\u00e9p\u00f4t bancaire<\/h2>\t\t\t\t<\/div>\n\t\t\t\t<\/div>\n\t\t\t\t<div class=\"elementor-element elementor-element-a9dbdec elementor-widget elementor-widget-text-editor\" data-id=\"a9dbdec\" data-element_type=\"widget\" data-e-type=\"widget\" data-widget_type=\"text-editor.default\">\n\t\t\t\t<div class=\"elementor-widget-container\">\n\t\t\t\t\t\t\t\t\t<p>Vous \u00eates sur le site <strong>garantie.be.<\/strong> Nous sommes une soci\u00e9t\u00e9 priv\u00e9e financi\u00e8re. Nous proposons un service pour obtenir une <a href=\"https:\/\/garantie.be\/fr\/garantie-locative\/\">garantie locative<\/a> <strong>sans bloquer de fonds en banque<\/strong>.<\/p>\t\t\t\t\t\t\t\t<\/div>\n\t\t\t\t<\/div>\n\t\t\t\t<div class=\"elementor-element elementor-element-1925d2f5 elementor-widget elementor-widget-heading\" data-id=\"1925d2f5\" data-element_type=\"widget\" data-e-type=\"widget\" data-widget_type=\"heading.default\">\n\t\t\t\t<div class=\"elementor-widget-container\">\n\t\t\t\t\t<p class=\"elementor-heading-title elementor-size-medium\"><a href=\"https:\/\/garantie.be\/fr\/garantie-locative-en-ligne\/\" target=\"_blank\" rel=\"nofollow\">&gt; Demande de garantie locative en ligne<\/a><\/p>\t\t\t\t<\/div>\n\t\t\t\t<\/div>\n\t\t\t\t\t<\/div>\n\t\t<\/div>\n\t\t\t\t\t<\/div>\n\t\t<\/section>\n\t\t\t\t<\/div>\n\t\t","protected":false},"excerpt":{"rendered":"<p>Garantie locative CPAS Centre Public d\u2019Action Sociale Qu\u2019est ce que la garantie locative et le CPAS ?\u200b Le CPAS propose de l&rsquo;aide aux plus d\u00e9munis pour constituer leur garantie locative\u00a0et trouver un logement. Dans chaque commune Belge il existe un Centre d\u2019Action Sociale pour permettre \u201c\u00e0 chacun de mener une existence conforme \u00e0 la dignit\u00e9 [&hellip;]<\/p>\n","protected":false},"author":1,"featured_media":0,"parent":0,"menu_order":0,"comment_status":"closed","ping_status":"closed","template":"","meta":{"footnotes":""},"class_list":["post-391","page","type-page","status-publish","hentry"],"yoast_head":"<!-- This site is optimized with the Yoast SEO plugin v27.2 - https:\/\/yoast.com\/product\/yoast-seo-wordpress\/ -->\n<title>Garantie locative CPAS par Internet | aides garantie locative<\/title>\n<meta name=\"description\" content=\"D\u00e9couvrez les informations de la garantie locative obtenue avec le CPAS. Constituer une garantie locative malgr\u00e9 des ressources limit\u00e9es.\" \/>\n<meta name=\"robots\" content=\"index, follow, max-snippet:-1, max-image-preview:large, max-video-preview:-1\" \/>\n<link rel=\"canonical\" href=\"https:\/\/garantie.be\/fr\/garantie-locative-cpas\/\" \/>\n<meta property=\"og:locale\" content=\"fr_FR\" \/>\n<meta property=\"og:type\" content=\"article\" \/>\n<meta property=\"og:title\" content=\"Garantie locative CPAS par Internet | aides garantie locative\" \/>\n<meta property=\"og:description\" content=\"D\u00e9couvrez les informations de la garantie locative obtenue avec le CPAS. Constituer une garantie locative malgr\u00e9 des ressources limit\u00e9es.\" \/>\n<meta property=\"og:url\" content=\"https:\/\/garantie.be\/fr\/garantie-locative-cpas\/\" \/>\n<meta property=\"og:site_name\" content=\"Garantie\" \/>\n<meta property=\"article:modified_time\" content=\"2024-12-04T16:25:53+00:00\" \/>\n<meta property=\"og:image\" content=\"https:\/\/garantie.be\/wp-content\/uploads\/2021\/10\/Logo-2-garantie-blanc.jpg\" \/>\n<meta name=\"twitter:card\" content=\"summary_large_image\" \/>\n<meta name=\"twitter:label1\" content=\"Dur\u00e9e de lecture estim\u00e9e\" \/>\n\t<meta name=\"twitter:data1\" content=\"3 minutes\" \/>\n<script type=\"application\/ld+json\" class=\"yoast-schema-graph\">{\"@context\":\"https:\/\/schema.org\",\"@graph\":[{\"@type\":\"WebPage\",\"@id\":\"https:\/\/garantie.be\/fr\/garantie-locative-cpas\/\",\"url\":\"https:\/\/garantie.be\/fr\/garantie-locative-cpas\/\",\"name\":\"Garantie locative CPAS par Internet | aides garantie locative\",\"isPartOf\":{\"@id\":\"https:\/\/garantie.be\/fr\/#website\"},\"primaryImageOfPage\":{\"@id\":\"https:\/\/garantie.be\/fr\/garantie-locative-cpas\/#primaryimage\"},\"image\":{\"@id\":\"https:\/\/garantie.be\/fr\/garantie-locative-cpas\/#primaryimage\"},\"thumbnailUrl\":\"https:\/\/garantie.be\/wp-content\/uploads\/2021\/10\/Logo-2-garantie-blanc.jpg\",\"datePublished\":\"2020-11-12T14:49:52+00:00\",\"dateModified\":\"2024-12-04T16:25:53+00:00\",\"description\":\"D\u00e9couvrez les informations de la garantie locative obtenue avec le CPAS. Constituer une garantie locative malgr\u00e9 des ressources limit\u00e9es.\",\"breadcrumb\":{\"@id\":\"https:\/\/garantie.be\/fr\/garantie-locative-cpas\/#breadcrumb\"},\"inLanguage\":\"fr-FR\",\"potentialAction\":[{\"@type\":\"ReadAction\",\"target\":[\"https:\/\/garantie.be\/fr\/garantie-locative-cpas\/\"]}]},{\"@type\":\"ImageObject\",\"inLanguage\":\"fr-FR\",\"@id\":\"https:\/\/garantie.be\/fr\/garantie-locative-cpas\/#primaryimage\",\"url\":\"https:\/\/garantie.be\/wp-content\/uploads\/2021\/10\/Logo-2-garantie-blanc.jpg\",\"contentUrl\":\"https:\/\/garantie.be\/wp-content\/uploads\/2021\/10\/Logo-2-garantie-blanc.jpg\"},{\"@type\":\"BreadcrumbList\",\"@id\":\"https:\/\/garantie.be\/fr\/garantie-locative-cpas\/#breadcrumb\",\"itemListElement\":[{\"@type\":\"ListItem\",\"position\":1,\"name\":\"Accueil\",\"item\":\"https:\/\/garantie.be\/fr\/\"},{\"@type\":\"ListItem\",\"position\":2,\"name\":\"Garantie locative CPAS\"}]},{\"@type\":\"WebSite\",\"@id\":\"https:\/\/garantie.be\/fr\/#website\",\"url\":\"https:\/\/garantie.be\/fr\/\",\"name\":\"Garantie\",\"description\":\"\",\"publisher\":{\"@id\":\"https:\/\/garantie.be\/fr\/#organization\"},\"potentialAction\":[{\"@type\":\"SearchAction\",\"target\":{\"@type\":\"EntryPoint\",\"urlTemplate\":\"https:\/\/garantie.be\/fr\/?s={search_term_string}\"},\"query-input\":{\"@type\":\"PropertyValueSpecification\",\"valueRequired\":true,\"valueName\":\"search_term_string\"}}],\"inLanguage\":\"fr-FR\"},{\"@type\":\"Organization\",\"@id\":\"https:\/\/garantie.be\/fr\/#organization\",\"name\":\"Garantie.be\",\"url\":\"https:\/\/garantie.be\/fr\/\",\"logo\":{\"@type\":\"ImageObject\",\"inLanguage\":\"fr-FR\",\"@id\":\"https:\/\/garantie.be\/fr\/#\/schema\/logo\/image\/\",\"url\":\"\",\"contentUrl\":\"\",\"caption\":\"Garantie.be\"},\"image\":{\"@id\":\"https:\/\/garantie.be\/fr\/#\/schema\/logo\/image\/\"}}]}<\/script>\n<!-- \/ Yoast SEO plugin. -->","yoast_head_json":{"title":"Garantie locative CPAS par Internet | aides garantie locative","description":"D\u00e9couvrez les informations de la garantie locative obtenue avec le CPAS. Constituer une garantie locative malgr\u00e9 des ressources limit\u00e9es.","robots":{"index":"index","follow":"follow","max-snippet":"max-snippet:-1","max-image-preview":"max-image-preview:large","max-video-preview":"max-video-preview:-1"},"canonical":"https:\/\/garantie.be\/fr\/garantie-locative-cpas\/","og_locale":"fr_FR","og_type":"article","og_title":"Garantie locative CPAS par Internet | aides garantie locative","og_description":"D\u00e9couvrez les informations de la garantie locative obtenue avec le CPAS. Constituer une garantie locative malgr\u00e9 des ressources limit\u00e9es.","og_url":"https:\/\/garantie.be\/fr\/garantie-locative-cpas\/","og_site_name":"Garantie","article_modified_time":"2024-12-04T16:25:53+00:00","og_image":[{"url":"https:\/\/garantie.be\/wp-content\/uploads\/2021\/10\/Logo-2-garantie-blanc.jpg","type":"","width":"","height":""}],"twitter_card":"summary_large_image","twitter_misc":{"Dur\u00e9e de lecture estim\u00e9e":"3 minutes"},"schema":{"@context":"https:\/\/schema.org","@graph":[{"@type":"WebPage","@id":"https:\/\/garantie.be\/fr\/garantie-locative-cpas\/","url":"https:\/\/garantie.be\/fr\/garantie-locative-cpas\/","name":"Garantie locative CPAS par Internet | aides garantie locative","isPartOf":{"@id":"https:\/\/garantie.be\/fr\/#website"},"primaryImageOfPage":{"@id":"https:\/\/garantie.be\/fr\/garantie-locative-cpas\/#primaryimage"},"image":{"@id":"https:\/\/garantie.be\/fr\/garantie-locative-cpas\/#primaryimage"},"thumbnailUrl":"https:\/\/garantie.be\/wp-content\/uploads\/2021\/10\/Logo-2-garantie-blanc.jpg","datePublished":"2020-11-12T14:49:52+00:00","dateModified":"2024-12-04T16:25:53+00:00","description":"D\u00e9couvrez les informations de la garantie locative obtenue avec le CPAS. Constituer une garantie locative malgr\u00e9 des ressources limit\u00e9es.","breadcrumb":{"@id":"https:\/\/garantie.be\/fr\/garantie-locative-cpas\/#breadcrumb"},"inLanguage":"fr-FR","potentialAction":[{"@type":"ReadAction","target":["https:\/\/garantie.be\/fr\/garantie-locative-cpas\/"]}]},{"@type":"ImageObject","inLanguage":"fr-FR","@id":"https:\/\/garantie.be\/fr\/garantie-locative-cpas\/#primaryimage","url":"https:\/\/garantie.be\/wp-content\/uploads\/2021\/10\/Logo-2-garantie-blanc.jpg","contentUrl":"https:\/\/garantie.be\/wp-content\/uploads\/2021\/10\/Logo-2-garantie-blanc.jpg"},{"@type":"BreadcrumbList","@id":"https:\/\/garantie.be\/fr\/garantie-locative-cpas\/#breadcrumb","itemListElement":[{"@type":"ListItem","position":1,"name":"Accueil","item":"https:\/\/garantie.be\/fr\/"},{"@type":"ListItem","position":2,"name":"Garantie locative CPAS"}]},{"@type":"WebSite","@id":"https:\/\/garantie.be\/fr\/#website","url":"https:\/\/garantie.be\/fr\/","name":"Garantie","description":"","publisher":{"@id":"https:\/\/garantie.be\/fr\/#organization"},"potentialAction":[{"@type":"SearchAction","target":{"@type":"EntryPoint","urlTemplate":"https:\/\/garantie.be\/fr\/?s={search_term_string}"},"query-input":{"@type":"PropertyValueSpecification","valueRequired":true,"valueName":"search_term_string"}}],"inLanguage":"fr-FR"},{"@type":"Organization","@id":"https:\/\/garantie.be\/fr\/#organization","name":"Garantie.be","url":"https:\/\/garantie.be\/fr\/","logo":{"@type":"ImageObject","inLanguage":"fr-FR","@id":"https:\/\/garantie.be\/fr\/#\/schema\/logo\/image\/","url":"","contentUrl":"","caption":"Garantie.be"},"image":{"@id":"https:\/\/garantie.be\/fr\/#\/schema\/logo\/image\/"}}]}},"_links":{"self":[{"href":"https:\/\/garantie.be\/fr\/wp-json\/wp\/v2\/pages\/391","targetHints":{"allow":["GET"]}}],"collection":[{"href":"https:\/\/garantie.be\/fr\/wp-json\/wp\/v2\/pages"}],"about":[{"href":"https:\/\/garantie.be\/fr\/wp-json\/wp\/v2\/types\/page"}],"author":[{"embeddable":true,"href":"https:\/\/garantie.be\/fr\/wp-json\/wp\/v2\/users\/1"}],"replies":[{"embeddable":true,"href":"https:\/\/garantie.be\/fr\/wp-json\/wp\/v2\/comments?post=391"}],"version-history":[{"count":0,"href":"https:\/\/garantie.be\/fr\/wp-json\/wp\/v2\/pages\/391\/revisions"}],"wp:attachment":[{"href":"https:\/\/garantie.be\/fr\/wp-json\/wp\/v2\/media?parent=391"}],"curies":[{"name":"wp","href":"https:\/\/api.w.org\/{rel}","templated":true}]}}