{"id":1637,"date":"2020-12-25T21:52:49","date_gmt":"2020-12-25T20:52:49","guid":{"rendered":"https:\/\/garantie.be\/ing-huurwaarborg\/"},"modified":"2025-10-09T09:57:37","modified_gmt":"2025-10-09T07:57:37","slug":"ing-huurwaarborg","status":"publish","type":"page","link":"https:\/\/garantie.be\/nl\/ing-huurwaarborg\/","title":{"rendered":"ING Huurwaarborg"},"content":{"rendered":"\t\t<div data-elementor-type=\"wp-page\" data-elementor-id=\"1637\" class=\"elementor elementor-1637 elementor-368\" data-elementor-post-type=\"page\">\n\t\t\t\t\t\t<section class=\"elementor-section elementor-top-section elementor-element elementor-element-1defe1e6 elementor-section-height-min-height elementor-section-boxed elementor-section-height-default elementor-section-items-middle\" data-id=\"1defe1e6\" data-element_type=\"section\" data-e-type=\"section\">\n\t\t\t\t\t\t<div class=\"elementor-container elementor-column-gap-default\">\n\t\t\t\t\t<div class=\"elementor-column elementor-col-100 elementor-top-column elementor-element elementor-element-66a759d7\" data-id=\"66a759d7\" data-element_type=\"column\" data-e-type=\"column\">\n\t\t\t<div class=\"elementor-widget-wrap elementor-element-populated\">\n\t\t\t\t\t\t<div class=\"elementor-element elementor-element-5342447a elementor-widget elementor-widget-spacer\" data-id=\"5342447a\" data-element_type=\"widget\" data-e-type=\"widget\" data-widget_type=\"spacer.default\">\n\t\t\t\t<div class=\"elementor-widget-container\">\n\t\t\t\t\t\t\t<div class=\"elementor-spacer\">\n\t\t\t<div class=\"elementor-spacer-inner\"><\/div>\n\t\t<\/div>\n\t\t\t\t\t\t<\/div>\n\t\t\t\t<\/div>\n\t\t\t\t<div class=\"elementor-element elementor-element-5f2c2494 elementor-widget elementor-widget-heading\" data-id=\"5f2c2494\" data-element_type=\"widget\" data-e-type=\"widget\" data-widget_type=\"heading.default\">\n\t\t\t\t<div class=\"elementor-widget-container\">\n\t\t\t\t\t<h1 class=\"elementor-heading-title elementor-size-default\">ING huurwaarborg<\/h1>\t\t\t\t<\/div>\n\t\t\t\t<\/div>\n\t\t\t\t<div class=\"elementor-element elementor-element-8eb3f52 elementor-widget elementor-widget-spacer\" data-id=\"8eb3f52\" data-element_type=\"widget\" data-e-type=\"widget\" data-widget_type=\"spacer.default\">\n\t\t\t\t<div class=\"elementor-widget-container\">\n\t\t\t\t\t\t\t<div class=\"elementor-spacer\">\n\t\t\t<div class=\"elementor-spacer-inner\"><\/div>\n\t\t<\/div>\n\t\t\t\t\t\t<\/div>\n\t\t\t\t<\/div>\n\t\t\t\t<div class=\"elementor-element elementor-element-0071ee8 elementor-widget elementor-widget-text-editor\" data-id=\"0071ee8\" data-element_type=\"widget\" data-e-type=\"widget\" data-widget_type=\"text-editor.default\">\n\t\t\t\t<div class=\"elementor-widget-container\">\n\t\t\t\t\t\t\t\t\t<p>Hier vindt u de belangrijkste informatie over de huurwaarborg van ING. Tegen 2025 zal ING Bank ongeveer 200 kantoren hebben in Belgi\u00eb. <\/p><p><strong>Vul ons online formulier in<\/strong> door te klikken op <span style=\"text-decoration: underline;\"><a href=\"https:\/\/garantie.be\/nl\/huurwaarborg-online\/\">online huurwaarborg<\/a><\/span> om uw <span style=\"text-decoration: underline;\"><a href=\"https:\/\/garantie.be\/nl\/waarborg-belgie\/\">huurwaarborg<\/a><\/span> van Garantie.be. Je bespaart tijd en geld omdat wij voor jou garant staan. <\/p>\t\t\t\t\t\t\t\t<\/div>\n\t\t\t\t<\/div>\n\t\t\t\t\t<\/div>\n\t\t<\/div>\n\t\t\t\t\t<\/div>\n\t\t<\/section>\n\t\t\t\t<section class=\"elementor-section elementor-top-section elementor-element elementor-element-5ff2e7d elementor-section-boxed elementor-section-height-default elementor-section-height-default\" data-id=\"5ff2e7d\" data-element_type=\"section\" data-e-type=\"section\">\n\t\t\t\t\t\t<div class=\"elementor-container elementor-column-gap-default\">\n\t\t\t\t\t<div class=\"elementor-column elementor-col-100 elementor-top-column elementor-element elementor-element-7967a0b\" data-id=\"7967a0b\" data-element_type=\"column\" data-e-type=\"column\">\n\t\t\t<div class=\"elementor-widget-wrap elementor-element-populated\">\n\t\t\t\t\t\t<div class=\"elementor-element elementor-element-539e143 elementor-widget elementor-widget-heading\" data-id=\"539e143\" data-element_type=\"widget\" data-e-type=\"widget\" data-widget_type=\"heading.default\">\n\t\t\t\t<div class=\"elementor-widget-container\">\n\t\t\t\t\t<h2 class=\"elementor-heading-title elementor-size-default\">Wat is de ING Huurwaarborg?<\/h2>\t\t\t\t<\/div>\n\t\t\t\t<\/div>\n\t\t\t\t<div class=\"elementor-element elementor-element-ce05ead elementor-widget elementor-widget-text-editor\" data-id=\"ce05ead\" data-element_type=\"widget\" data-e-type=\"widget\" data-widget_type=\"text-editor.default\">\n\t\t\t\t<div class=\"elementor-widget-container\">\n\t\t\t\t\t\t\t\t\t<p>De <span style=\"text-decoration: underline;\"><a href=\"https:\/\/garantie.be\/nl\/huurwaarborg\/\">huurwaarborg<\/a><\/span> is ingevoerd om verhuurders te beschermen tegen wanbetaling van huurders en de risico&#8217;s die gepaard gaan met huren. Het is bij wet geregeld, maar niet verplicht. Ze is opgenomen in de meeste huurovereenkomsten voor woningen.  <\/p><p>Volgens de huurwet kan de huurwaarborg worden verstrekt via een geblokkeerde rekening bij een Belgische bank. In Belgi\u00eb biedt ING Bank deze dienst aan door een ge\u00efndividualiseerde bankrekening te openen voor de huurwaarborg. De ge\u00efndividualiseerde rekening bij ING Bank voor het bedrag van de waarborg staat op naam van de huurder. De rekening blijft geblokkeerd tot het einde van de huurovereenkomst of tot zowel de huurder als de verhuurder vooraf overeenkomen om de ING huurwaarborg vrij te geven.   <\/p>\t\t\t\t\t\t\t\t<\/div>\n\t\t\t\t<\/div>\n\t\t\t\t\t<\/div>\n\t\t<\/div>\n\t\t\t\t\t<\/div>\n\t\t<\/section>\n\t\t\t\t<section class=\"elementor-section elementor-top-section elementor-element elementor-element-7de8fc45 elementor-section-content-middle elementor-section-height-min-height elementor-section-items-stretch elementor-section-boxed elementor-section-height-default\" data-id=\"7de8fc45\" data-element_type=\"section\" data-e-type=\"section\">\n\t\t\t\t\t\t<div class=\"elementor-container elementor-column-gap-no\">\n\t\t\t\t\t<div class=\"elementor-column elementor-col-100 elementor-top-column elementor-element elementor-element-33cdb015\" data-id=\"33cdb015\" data-element_type=\"column\" data-e-type=\"column\" data-settings=\"{&quot;background_background&quot;:&quot;classic&quot;}\">\n\t\t\t<div class=\"elementor-widget-wrap elementor-element-populated\">\n\t\t\t\t\t\t<div class=\"elementor-element elementor-element-6aa64f9a elementor-widget elementor-widget-image\" data-id=\"6aa64f9a\" data-element_type=\"widget\" data-e-type=\"widget\" data-widget_type=\"image.default\">\n\t\t\t\t<div class=\"elementor-widget-container\">\n\t\t\t\t\t\t\t\t\t\t\t\t\t\t\t<img decoding=\"async\" src=\"https:\/\/garantie.be\/wp-content\/uploads\/elementor\/thumbs\/Logo-2-garantie-alone-1-pe5xec7dnfsf8cs3rtfffen34plb9ip2rjyfhjeqd0.jpg\" title=\"garantie\" alt=\"garantie\" loading=\"lazy\" \/>\t\t\t\t\t\t\t\t\t\t\t\t\t\t\t<\/div>\n\t\t\t\t<\/div>\n\t\t\t\t<div class=\"elementor-element elementor-element-5d4fe299 elementor-widget elementor-widget-text-editor\" data-id=\"5d4fe299\" data-element_type=\"widget\" data-e-type=\"widget\" data-widget_type=\"text-editor.default\">\n\t\t\t\t<div class=\"elementor-widget-container\">\n\t\t\t\t\t\t\t\t\t<p><strong>Vul ons formulier in om binnen een paar uur uw huurwaarborg te krijgen.<\/strong><\/p><p>Met Garantie.be blokkeer je geen geld, wij staan voor jou garant en sturen de verhuurder het certificaat van huurwaarborg.<\/p>\t\t\t\t\t\t\t\t<\/div>\n\t\t\t\t<\/div>\n\t\t\t\t<div class=\"elementor-element elementor-element-5122bcc elementor-mobile-align-center elementor-align-center elementor-widget elementor-widget-button\" data-id=\"5122bcc\" data-element_type=\"widget\" data-e-type=\"widget\" data-widget_type=\"button.default\">\n\t\t\t\t<div class=\"elementor-widget-container\">\n\t\t\t\t\t\t\t\t\t<div class=\"elementor-button-wrapper\">\n\t\t\t\t\t<a class=\"elementor-button elementor-button-link elementor-size-sm\" href=\"https:\/\/account.garantie.be\/nl\/register\/lease\">\n\t\t\t\t\t\t<span class=\"elementor-button-content-wrapper\">\n\t\t\t\t\t\t\t\t\t<span class=\"elementor-button-text\">Formulier huurwaarborg<\/span>\n\t\t\t\t\t<\/span>\n\t\t\t\t\t<\/a>\n\t\t\t\t<\/div>\n\t\t\t\t\t\t\t\t<\/div>\n\t\t\t\t<\/div>\n\t\t\t\t\t<\/div>\n\t\t<\/div>\n\t\t\t\t\t<\/div>\n\t\t<\/section>\n\t\t\t\t<section class=\"elementor-section elementor-top-section elementor-element elementor-element-46b6d83 elementor-section-boxed elementor-section-height-default elementor-section-height-default\" data-id=\"46b6d83\" data-element_type=\"section\" data-e-type=\"section\">\n\t\t\t\t\t\t<div class=\"elementor-container elementor-column-gap-default\">\n\t\t\t\t\t<div class=\"elementor-column elementor-col-100 elementor-top-column elementor-element elementor-element-6604e0e\" data-id=\"6604e0e\" data-element_type=\"column\" data-e-type=\"column\">\n\t\t\t<div class=\"elementor-widget-wrap elementor-element-populated\">\n\t\t\t\t\t\t<div class=\"elementor-element elementor-element-759cbc7 elementor-widget elementor-widget-spacer\" data-id=\"759cbc7\" data-element_type=\"widget\" data-e-type=\"widget\" data-widget_type=\"spacer.default\">\n\t\t\t\t<div class=\"elementor-widget-container\">\n\t\t\t\t\t\t\t<div class=\"elementor-spacer\">\n\t\t\t<div class=\"elementor-spacer-inner\"><\/div>\n\t\t<\/div>\n\t\t\t\t\t\t<\/div>\n\t\t\t\t<\/div>\n\t\t\t\t<div class=\"elementor-element elementor-element-72baf7d elementor-widget elementor-widget-heading\" data-id=\"72baf7d\" data-element_type=\"widget\" data-e-type=\"widget\" data-widget_type=\"heading.default\">\n\t\t\t\t<div class=\"elementor-widget-container\">\n\t\t\t\t\t<h2 class=\"elementor-heading-title elementor-size-default\">Hoe werkt de ING Huurwaarborg?<\/h2>\t\t\t\t<\/div>\n\t\t\t\t<\/div>\n\t\t\t\t<div class=\"elementor-element elementor-element-fe6e3c8 elementor-widget elementor-widget-text-editor\" data-id=\"fe6e3c8\" data-element_type=\"widget\" data-e-type=\"widget\" data-widget_type=\"text-editor.default\">\n\t\t\t\t<div class=\"elementor-widget-container\">\n\t\t\t\t\t\t\t\t\t<p>De geblokkeerde tegoeden worden belegd en leveren rente op, die aan het einde van de huurovereenkomst aan u wordt uitbetaald als de huurder aan al zijn verplichtingen aan de verhuurder heeft voldaan. Het rentebedrag dat ING Bank betaalt op de geblokkeerde rekening is echter erg laag, omdat de marktrente historisch laag is. <\/p>\t\t\t\t\t\t\t\t<\/div>\n\t\t\t\t<\/div>\n\t\t\t\t<div class=\"elementor-element elementor-element-0451311 elementor-widget elementor-widget-heading\" data-id=\"0451311\" data-element_type=\"widget\" data-e-type=\"widget\" data-widget_type=\"heading.default\">\n\t\t\t\t<div class=\"elementor-widget-container\">\n\t\t\t\t\t<h2 class=\"elementor-heading-title elementor-size-default\">  Kan de ING Huurwaarborg online worden afgesloten?<\/h2>\t\t\t\t<\/div>\n\t\t\t\t<\/div>\n\t\t\t\t<div class=\"elementor-element elementor-element-07db77f elementor-widget elementor-widget-text-editor\" data-id=\"07db77f\" data-element_type=\"widget\" data-e-type=\"widget\" data-widget_type=\"text-editor.default\">\n\t\t\t\t<div class=\"elementor-widget-container\">\n\t\t\t\t\t\t\t\t\t<p>NG Bank biedt momenteel geen oplossing voor het online openen van een huurwaarborg. Als u een rekening wilt openen bij ING om uw huurgarantie op te zetten, moet u eerst een afspraak maken met een adviseur in uw ING-kantoor. <\/p>\t\t\t\t\t\t\t\t<\/div>\n\t\t\t\t<\/div>\n\t\t\t\t<div class=\"elementor-element elementor-element-9e87993 elementor-widget elementor-widget-heading\" data-id=\"9e87993\" data-element_type=\"widget\" data-e-type=\"widget\" data-widget_type=\"heading.default\">\n\t\t\t\t<div class=\"elementor-widget-container\">\n\t\t\t\t\t<h2 class=\"elementor-heading-title elementor-size-default\">Hoe lang duurt het om een huurwaarborg bij ING af te sluiten?<\/h2>\t\t\t\t<\/div>\n\t\t\t\t<\/div>\n\t\t\t\t<div class=\"elementor-element elementor-element-98629a0 elementor-widget elementor-widget-text-editor\" data-id=\"98629a0\" data-element_type=\"widget\" data-e-type=\"widget\" data-widget_type=\"text-editor.default\">\n\t\t\t\t<div class=\"elementor-widget-container\">\n\t\t\t\t\t\t\t\t\t<p>De benodigde tijd is minimaal dezelfde als voor het openen van een rekening bij ING. Aangezien ING geen online procedure aanbiedt, moet je de volgende stappen doorlopen: <\/p><ul><li>Maak een afspraak op het kantoor tijdens openingstijden;<\/li><li>Afspraak met de ING Account Manager en het opzetten van het dossier.<\/li><li>Account geopend door het backofficemanagement-welkomstteam.<\/li><\/ul><p> <\/p><p>U moet daarom <strong>rekening<\/strong> houden met ten minste <strong>een of twee weken om een escrowrekening voor huurwaarborg bij de ING Bank te krijgen<\/strong>.<\/p>\t\t\t\t\t\t\t\t<\/div>\n\t\t\t\t<\/div>\n\t\t\t\t<div class=\"elementor-element elementor-element-207fae4 elementor-widget elementor-widget-heading\" data-id=\"207fae4\" data-element_type=\"widget\" data-e-type=\"widget\" data-widget_type=\"heading.default\">\n\t\t\t\t<div class=\"elementor-widget-container\">\n\t\t\t\t\t<h2 class=\"elementor-heading-title elementor-size-default\">Wat is het verschil tussen de ING Huurwaarborg en de ING Bankgarantie?<\/h2>\t\t\t\t<\/div>\n\t\t\t\t<\/div>\n\t\t\t\t<div class=\"elementor-element elementor-element-71a9999 elementor-widget elementor-widget-text-editor\" data-id=\"71a9999\" data-element_type=\"widget\" data-e-type=\"widget\" data-widget_type=\"text-editor.default\">\n\t\t\t\t<div class=\"elementor-widget-container\">\n\t\t\t\t\t\t\t\t\t<p>Zoals hierboven vermeld, biedt ING Bank toekomstige huurders de mogelijkheid om een rekening te openen om het bedrag van de huurwaarborg te blokkeren. Deze dienst verschilt sterk van een andere dienst van ING Bank, de ING Huurwaarborg. <\/p><p>ING biedt een aantal bankgarantiediensten, waaronder een <span style=\"text-decoration: underline;\"><a href=\"https:\/\/garantie.be\/nl\/bankwaarborg\/\">bankwaarborg voor verhuur<\/a><\/span> als onderdeel van een huurovereenkomst. Bij een huurbankgarantie verbindt ING zich ertoe een gegarandeerd bedrag voor u te betalen als u uw verplichtingen als huurder tegenover de verhuurder niet kunt nakomen. <\/p>\t\t\t\t\t\t\t\t<\/div>\n\t\t\t\t<\/div>\n\t\t\t\t<div class=\"elementor-element elementor-element-86f539a elementor-widget elementor-widget-heading\" data-id=\"86f539a\" data-element_type=\"widget\" data-e-type=\"widget\" data-widget_type=\"heading.default\">\n\t\t\t\t<div class=\"elementor-widget-container\">\n\t\t\t\t\t<h2 class=\"elementor-heading-title elementor-size-default\">Hoe ontgrendel ik de ING Huurwaarborg?<\/h2>\t\t\t\t<\/div>\n\t\t\t\t<\/div>\n\t\t\t\t<div class=\"elementor-element elementor-element-45da076 elementor-widget elementor-widget-text-editor\" data-id=\"45da076\" data-element_type=\"widget\" data-e-type=\"widget\" data-widget_type=\"text-editor.default\">\n\t\t\t\t<div class=\"elementor-widget-container\">\n\t\t\t\t\t\t\t\t\t<p>De ING Huurwaarborg kan op 2 manieren worden vrijgegeven:<\/p><ol><li>Door het verkrijgen van een overeenkomst tussen de partijen: Dit is de meest voorkomende situatie aan het einde van de huurovereenkomst, gebaseerd op de<span style=\"text-decoration: underline;\"><a href=\"https:\/\/garantie.be\/nl\/plaatsbeschrijving\/\">inventaris van inrichting<\/a><\/span>. De procedure voor het vrijgeven van de geblokkeerde middelen onder de huurwaarborg bestaat uit het invullen van het ING-formulier voor het aanvragen van het vrijgeven van de huurwaarborg. Het ingevulde formulier wordt ondertekend door de partijen bij het contract en in origineel per post opgestuurd naar het ING-bankkantoor dat het geld heeft geblokkeerd.  <\/li><li>Bij voorlegging van een gerechtelijk vonnis: Dit vonnis moet uitvoerbaar zijn en uitdrukkelijk beslissen over de schuld van de huurder aan de verhuurder. Het vonnis wordt ter tenuitvoerlegging voorgelegd aan het ING-kantoor dat de middelen onder de huurwaarborg heeft geblokkeerd. <\/li><\/ol><p>Het is ook mogelijk om geblokkeerde tegoeden onder de huurwaarborg vrij te krijgen voor het einde van het huurcontract. Om de geblokkeerde tegoeden terug te krijgen, kunt u meer te weten komen over onze service door dit artikel te lezen over <span style=\"text-decoration: underline;\"><a href=\"https:\/\/garantie.be\/nl\/vrijgave-huurwaarborg-online-formulier\/\">de huurwaarborg vrijgeven<\/a><\/span>.   <\/p>\t\t\t\t\t\t\t\t<\/div>\n\t\t\t\t<\/div>\n\t\t\t\t\t<\/div>\n\t\t<\/div>\n\t\t\t\t\t<\/div>\n\t\t<\/section>\n\t\t\t\t<\/div>\n\t\t","protected":false},"excerpt":{"rendered":"<p>ING huurwaarborg Hier vindt u de belangrijkste informatie over de huurwaarborg van ING. Tegen 2025 zal ING Bank ongeveer 200 kantoren hebben in Belgi\u00eb. Vul ons online formulier in door te klikken op online huurwaarborg om uw huurwaarborg van Garantie.be. Je bespaart tijd en geld omdat wij voor jou garant staan. Wat is de ING [&hellip;]<\/p>\n","protected":false},"author":1,"featured_media":0,"parent":0,"menu_order":0,"comment_status":"closed","ping_status":"closed","template":"","meta":{"footnotes":""},"class_list":["post-1637","page","type-page","status-publish","hentry"],"yoast_head":"<!-- This site is optimized with the Yoast SEO plugin v27.3 - https:\/\/yoast.com\/product\/yoast-seo-wordpress\/ -->\n<title>ING Huurwaarborg | Geblokkeerde garantierekening<\/title>\n<meta name=\"description\" content=\"Deze website is gespecialiseerd in huurwaarborgen en we vertellen u graag meer over deze dienst die ING Bank in Belgi\u00eb aanbiedt.\" \/>\n<meta name=\"robots\" content=\"index, follow, max-snippet:-1, max-image-preview:large, max-video-preview:-1\" \/>\n<link rel=\"canonical\" href=\"https:\/\/garantie.be\/nl\/ing-huurwaarborg\/\" \/>\n<meta property=\"og:locale\" content=\"nl_NL\" \/>\n<meta property=\"og:type\" content=\"article\" \/>\n<meta property=\"og:title\" content=\"ING Huurwaarborg | Geblokkeerde garantierekening\" \/>\n<meta property=\"og:description\" content=\"Deze website is gespecialiseerd in huurwaarborgen en we vertellen u graag meer over deze dienst die ING Bank in Belgi\u00eb aanbiedt.\" \/>\n<meta property=\"og:url\" content=\"https:\/\/garantie.be\/nl\/ing-huurwaarborg\/\" \/>\n<meta property=\"og:site_name\" content=\"Waarborg\" \/>\n<meta property=\"article:modified_time\" content=\"2025-10-09T07:57:37+00:00\" \/>\n<meta property=\"og:image\" content=\"https:\/\/garantie.be\/wp-content\/uploads\/elementor\/thumbs\/Logo-2-garantie-alone-1-pe5xec7dnfsf8cs3rtfffen34plb9ip2rjyfhjeqd0.jpg\" \/>\n<meta name=\"twitter:card\" content=\"summary_large_image\" \/>\n<meta name=\"twitter:label1\" content=\"Geschatte leestijd\" \/>\n\t<meta name=\"twitter:data1\" content=\"5 minuten\" \/>\n<script type=\"application\/ld+json\" class=\"yoast-schema-graph\">{\"@context\":\"https:\\\/\\\/schema.org\",\"@graph\":[{\"@type\":\"WebPage\",\"@id\":\"https:\\\/\\\/garantie.be\\\/nl\\\/ing-huurwaarborg\\\/\",\"url\":\"https:\\\/\\\/garantie.be\\\/nl\\\/ing-huurwaarborg\\\/\",\"name\":\"ING Huurwaarborg | Geblokkeerde garantierekening\",\"isPartOf\":{\"@id\":\"https:\\\/\\\/garantie.be\\\/nl\\\/#website\"},\"primaryImageOfPage\":{\"@id\":\"https:\\\/\\\/garantie.be\\\/nl\\\/ing-huurwaarborg\\\/#primaryimage\"},\"image\":{\"@id\":\"https:\\\/\\\/garantie.be\\\/nl\\\/ing-huurwaarborg\\\/#primaryimage\"},\"thumbnailUrl\":\"https:\\\/\\\/garantie.be\\\/wp-content\\\/uploads\\\/elementor\\\/thumbs\\\/Logo-2-garantie-alone-1-pe5xec7dnfsf8cs3rtfffen34plb9ip2rjyfhjeqd0.jpg\",\"datePublished\":\"2020-12-25T20:52:49+00:00\",\"dateModified\":\"2025-10-09T07:57:37+00:00\",\"description\":\"Deze website is gespecialiseerd in huurwaarborgen en we vertellen u graag meer over deze dienst die ING Bank in Belgi\u00eb aanbiedt.\",\"breadcrumb\":{\"@id\":\"https:\\\/\\\/garantie.be\\\/nl\\\/ing-huurwaarborg\\\/#breadcrumb\"},\"inLanguage\":\"nl-NL\",\"potentialAction\":[{\"@type\":\"ReadAction\",\"target\":[\"https:\\\/\\\/garantie.be\\\/nl\\\/ing-huurwaarborg\\\/\"]}]},{\"@type\":\"ImageObject\",\"inLanguage\":\"nl-NL\",\"@id\":\"https:\\\/\\\/garantie.be\\\/nl\\\/ing-huurwaarborg\\\/#primaryimage\",\"url\":\"https:\\\/\\\/garantie.be\\\/wp-content\\\/uploads\\\/elementor\\\/thumbs\\\/Logo-2-garantie-alone-1-pe5xec7dnfsf8cs3rtfffen34plb9ip2rjyfhjeqd0.jpg\",\"contentUrl\":\"https:\\\/\\\/garantie.be\\\/wp-content\\\/uploads\\\/elementor\\\/thumbs\\\/Logo-2-garantie-alone-1-pe5xec7dnfsf8cs3rtfffen34plb9ip2rjyfhjeqd0.jpg\"},{\"@type\":\"BreadcrumbList\",\"@id\":\"https:\\\/\\\/garantie.be\\\/nl\\\/ing-huurwaarborg\\\/#breadcrumb\",\"itemListElement\":[{\"@type\":\"ListItem\",\"position\":1,\"name\":\"Accueil\",\"item\":\"https:\\\/\\\/garantie.be\\\/nl\\\/\"},{\"@type\":\"ListItem\",\"position\":2,\"name\":\"ING Huurwaarborg\"}]},{\"@type\":\"WebSite\",\"@id\":\"https:\\\/\\\/garantie.be\\\/nl\\\/#website\",\"url\":\"https:\\\/\\\/garantie.be\\\/nl\\\/\",\"name\":\"Waarborg\",\"description\":\"\",\"publisher\":{\"@id\":\"https:\\\/\\\/garantie.be\\\/nl\\\/#organization\"},\"potentialAction\":[{\"@type\":\"SearchAction\",\"target\":{\"@type\":\"EntryPoint\",\"urlTemplate\":\"https:\\\/\\\/garantie.be\\\/nl\\\/?s={search_term_string}\"},\"query-input\":{\"@type\":\"PropertyValueSpecification\",\"valueRequired\":true,\"valueName\":\"search_term_string\"}}],\"inLanguage\":\"nl-NL\"},{\"@type\":\"Organization\",\"@id\":\"https:\\\/\\\/garantie.be\\\/nl\\\/#organization\",\"name\":\"Garantie.be\",\"url\":\"https:\\\/\\\/garantie.be\\\/nl\\\/\",\"logo\":{\"@type\":\"ImageObject\",\"inLanguage\":\"nl-NL\",\"@id\":\"https:\\\/\\\/garantie.be\\\/nl\\\/#\\\/schema\\\/logo\\\/image\\\/\",\"url\":\"\",\"contentUrl\":\"\",\"caption\":\"Garantie.be\"},\"image\":{\"@id\":\"https:\\\/\\\/garantie.be\\\/nl\\\/#\\\/schema\\\/logo\\\/image\\\/\"}}]}<\/script>\n<!-- \/ Yoast SEO plugin. -->","yoast_head_json":{"title":"ING Huurwaarborg | Geblokkeerde garantierekening","description":"Deze website is gespecialiseerd in huurwaarborgen en we vertellen u graag meer over deze dienst die ING Bank in Belgi\u00eb aanbiedt.","robots":{"index":"index","follow":"follow","max-snippet":"max-snippet:-1","max-image-preview":"max-image-preview:large","max-video-preview":"max-video-preview:-1"},"canonical":"https:\/\/garantie.be\/nl\/ing-huurwaarborg\/","og_locale":"nl_NL","og_type":"article","og_title":"ING Huurwaarborg | Geblokkeerde garantierekening","og_description":"Deze website is gespecialiseerd in huurwaarborgen en we vertellen u graag meer over deze dienst die ING Bank in Belgi\u00eb aanbiedt.","og_url":"https:\/\/garantie.be\/nl\/ing-huurwaarborg\/","og_site_name":"Waarborg","article_modified_time":"2025-10-09T07:57:37+00:00","og_image":[{"url":"https:\/\/garantie.be\/wp-content\/uploads\/elementor\/thumbs\/Logo-2-garantie-alone-1-pe5xec7dnfsf8cs3rtfffen34plb9ip2rjyfhjeqd0.jpg","type":"","width":"","height":""}],"twitter_card":"summary_large_image","twitter_misc":{"Geschatte leestijd":"5 minuten"},"schema":{"@context":"https:\/\/schema.org","@graph":[{"@type":"WebPage","@id":"https:\/\/garantie.be\/nl\/ing-huurwaarborg\/","url":"https:\/\/garantie.be\/nl\/ing-huurwaarborg\/","name":"ING Huurwaarborg | Geblokkeerde garantierekening","isPartOf":{"@id":"https:\/\/garantie.be\/nl\/#website"},"primaryImageOfPage":{"@id":"https:\/\/garantie.be\/nl\/ing-huurwaarborg\/#primaryimage"},"image":{"@id":"https:\/\/garantie.be\/nl\/ing-huurwaarborg\/#primaryimage"},"thumbnailUrl":"https:\/\/garantie.be\/wp-content\/uploads\/elementor\/thumbs\/Logo-2-garantie-alone-1-pe5xec7dnfsf8cs3rtfffen34plb9ip2rjyfhjeqd0.jpg","datePublished":"2020-12-25T20:52:49+00:00","dateModified":"2025-10-09T07:57:37+00:00","description":"Deze website is gespecialiseerd in huurwaarborgen en we vertellen u graag meer over deze dienst die ING Bank in Belgi\u00eb aanbiedt.","breadcrumb":{"@id":"https:\/\/garantie.be\/nl\/ing-huurwaarborg\/#breadcrumb"},"inLanguage":"nl-NL","potentialAction":[{"@type":"ReadAction","target":["https:\/\/garantie.be\/nl\/ing-huurwaarborg\/"]}]},{"@type":"ImageObject","inLanguage":"nl-NL","@id":"https:\/\/garantie.be\/nl\/ing-huurwaarborg\/#primaryimage","url":"https:\/\/garantie.be\/wp-content\/uploads\/elementor\/thumbs\/Logo-2-garantie-alone-1-pe5xec7dnfsf8cs3rtfffen34plb9ip2rjyfhjeqd0.jpg","contentUrl":"https:\/\/garantie.be\/wp-content\/uploads\/elementor\/thumbs\/Logo-2-garantie-alone-1-pe5xec7dnfsf8cs3rtfffen34plb9ip2rjyfhjeqd0.jpg"},{"@type":"BreadcrumbList","@id":"https:\/\/garantie.be\/nl\/ing-huurwaarborg\/#breadcrumb","itemListElement":[{"@type":"ListItem","position":1,"name":"Accueil","item":"https:\/\/garantie.be\/nl\/"},{"@type":"ListItem","position":2,"name":"ING Huurwaarborg"}]},{"@type":"WebSite","@id":"https:\/\/garantie.be\/nl\/#website","url":"https:\/\/garantie.be\/nl\/","name":"Waarborg","description":"","publisher":{"@id":"https:\/\/garantie.be\/nl\/#organization"},"potentialAction":[{"@type":"SearchAction","target":{"@type":"EntryPoint","urlTemplate":"https:\/\/garantie.be\/nl\/?s={search_term_string}"},"query-input":{"@type":"PropertyValueSpecification","valueRequired":true,"valueName":"search_term_string"}}],"inLanguage":"nl-NL"},{"@type":"Organization","@id":"https:\/\/garantie.be\/nl\/#organization","name":"Garantie.be","url":"https:\/\/garantie.be\/nl\/","logo":{"@type":"ImageObject","inLanguage":"nl-NL","@id":"https:\/\/garantie.be\/nl\/#\/schema\/logo\/image\/","url":"","contentUrl":"","caption":"Garantie.be"},"image":{"@id":"https:\/\/garantie.be\/nl\/#\/schema\/logo\/image\/"}}]}},"_links":{"self":[{"href":"https:\/\/garantie.be\/nl\/wp-json\/wp\/v2\/pages\/1637","targetHints":{"allow":["GET"]}}],"collection":[{"href":"https:\/\/garantie.be\/nl\/wp-json\/wp\/v2\/pages"}],"about":[{"href":"https:\/\/garantie.be\/nl\/wp-json\/wp\/v2\/types\/page"}],"author":[{"embeddable":true,"href":"https:\/\/garantie.be\/nl\/wp-json\/wp\/v2\/users\/1"}],"replies":[{"embeddable":true,"href":"https:\/\/garantie.be\/nl\/wp-json\/wp\/v2\/comments?post=1637"}],"version-history":[{"count":0,"href":"https:\/\/garantie.be\/nl\/wp-json\/wp\/v2\/pages\/1637\/revisions"}],"wp:attachment":[{"href":"https:\/\/garantie.be\/nl\/wp-json\/wp\/v2\/media?parent=1637"}],"curies":[{"name":"wp","href":"https:\/\/api.w.org\/{rel}","templated":true}]}}