{"id":1647,"date":"2020-12-25T22:45:14","date_gmt":"2020-12-25T21:45:14","guid":{"rendered":"https:\/\/garantie.be\/belfius-huurwaarborg\/"},"modified":"2025-10-09T09:57:39","modified_gmt":"2025-10-09T07:57:39","slug":"belfius-huurwaarborg","status":"publish","type":"page","link":"https:\/\/garantie.be\/nl\/belfius-huurwaarborg\/","title":{"rendered":"Belfius huurwaarborg"},"content":{"rendered":"\t\t<div data-elementor-type=\"wp-page\" data-elementor-id=\"1647\" class=\"elementor elementor-1647 elementor-376\" data-elementor-post-type=\"page\">\n\t\t\t\t\t\t<section class=\"elementor-section elementor-top-section elementor-element elementor-element-d235123 elementor-section-height-min-height elementor-section-boxed elementor-section-height-default elementor-section-items-middle\" data-id=\"d235123\" data-element_type=\"section\" data-e-type=\"section\">\n\t\t\t\t\t\t<div class=\"elementor-container elementor-column-gap-default\">\n\t\t\t\t\t<div class=\"elementor-column elementor-col-100 elementor-top-column elementor-element elementor-element-5d286b5d\" data-id=\"5d286b5d\" data-element_type=\"column\" data-e-type=\"column\">\n\t\t\t<div class=\"elementor-widget-wrap elementor-element-populated\">\n\t\t\t\t\t\t<div class=\"elementor-element elementor-element-79ab4342 elementor-widget elementor-widget-spacer\" data-id=\"79ab4342\" data-element_type=\"widget\" data-e-type=\"widget\" data-widget_type=\"spacer.default\">\n\t\t\t\t<div class=\"elementor-widget-container\">\n\t\t\t\t\t\t\t<div class=\"elementor-spacer\">\n\t\t\t<div class=\"elementor-spacer-inner\"><\/div>\n\t\t<\/div>\n\t\t\t\t\t\t<\/div>\n\t\t\t\t<\/div>\n\t\t\t\t<div class=\"elementor-element elementor-element-24968f70 elementor-widget elementor-widget-heading\" data-id=\"24968f70\" data-element_type=\"widget\" data-e-type=\"widget\" data-widget_type=\"heading.default\">\n\t\t\t\t<div class=\"elementor-widget-container\">\n\t\t\t\t\t<h1 class=\"elementor-heading-title elementor-size-default\">BELFIUS huurwaarborg<\/h1>\t\t\t\t<\/div>\n\t\t\t\t<\/div>\n\t\t\t\t<div class=\"elementor-element elementor-element-01a15a1 elementor-widget elementor-widget-spacer\" data-id=\"01a15a1\" data-element_type=\"widget\" data-e-type=\"widget\" data-widget_type=\"spacer.default\">\n\t\t\t\t<div class=\"elementor-widget-container\">\n\t\t\t\t\t\t\t<div class=\"elementor-spacer\">\n\t\t\t<div class=\"elementor-spacer-inner\"><\/div>\n\t\t<\/div>\n\t\t\t\t\t\t<\/div>\n\t\t\t\t<\/div>\n\t\t\t\t\t<\/div>\n\t\t<\/div>\n\t\t\t\t\t<\/div>\n\t\t<\/section>\n\t\t\t\t<section class=\"elementor-section elementor-top-section elementor-element elementor-element-c4d8a5e elementor-section-height-min-height elementor-section-content-middle elementor-section-boxed elementor-section-height-default elementor-section-items-middle\" data-id=\"c4d8a5e\" data-element_type=\"section\" data-e-type=\"section\" data-settings=\"{&quot;background_background&quot;:&quot;classic&quot;}\">\n\t\t\t\t\t\t<div class=\"elementor-container elementor-column-gap-default\">\n\t\t\t\t\t<div class=\"elementor-column elementor-col-100 elementor-top-column elementor-element elementor-element-56e5b717\" data-id=\"56e5b717\" data-element_type=\"column\" data-e-type=\"column\">\n\t\t\t<div class=\"elementor-widget-wrap elementor-element-populated\">\n\t\t\t\t\t\t<div class=\"elementor-element elementor-element-b5ac2ea elementor-widget elementor-widget-text-editor\" data-id=\"b5ac2ea\" data-element_type=\"widget\" data-e-type=\"widget\" data-widget_type=\"text-editor.default\">\n\t\t\t\t<div class=\"elementor-widget-container\">\n\t\t\t\t\t\t\t\t\t<p>Banque Belfius is een bankverzekeraar met lokale wortels in heel Belgi\u00eb. Banque Belfius is actief in drie commerci\u00eble domeinen in Belgi\u00eb: commercieel bankieren, financi\u00eble diensten en verzekeringen. <\/p><p><a href=\"https:\/\/www.belfius.be\/retail\/nl\/\">Belfius Bank<\/a> is al 150 jaar actief in de financiering van de publieke sector en 50 jaar in retailbanking. Belfius is een bank die volledig in handen is van de Belgische staat. <\/p>\t\t\t\t\t\t\t\t<\/div>\n\t\t\t\t<\/div>\n\t\t\t\t<div class=\"elementor-element elementor-element-56d5f34 elementor-widget elementor-widget-heading\" data-id=\"56d5f34\" data-element_type=\"widget\" data-e-type=\"widget\" data-widget_type=\"heading.default\">\n\t\t\t\t<div class=\"elementor-widget-container\">\n\t\t\t\t\t<h2 class=\"elementor-heading-title elementor-size-default\">Wat is de Belfius huurwaarborg?<\/h2>\t\t\t\t<\/div>\n\t\t\t\t<\/div>\n\t\t\t\t<div class=\"elementor-element elementor-element-65bde32 elementor-widget elementor-widget-text-editor\" data-id=\"65bde32\" data-element_type=\"widget\" data-e-type=\"widget\" data-widget_type=\"text-editor.default\">\n\t\t\t\t<div class=\"elementor-widget-container\">\n\t\t\t\t\t\t\t\t\t<p>De <span style=\"text-decoration: underline;\"><a href=\"https:\/\/garantie.be\/nl\/huurwaarborg\/\">huurwaarborg<\/a><\/span> is ingevoerd om verhuurders te beschermen tegen wanbetaling van huurders en de risico&#8217;s die gepaard gaan met huren. Het is wettelijk geregeld, maar niet verplicht. Ze is opgenomen in de meeste huurovereenkomsten voor woningen. Om erachter te komen of je <span style=\"text-decoration: underline;\"><a href=\"https:\/\/garantie.be\/nl\/huurcontract\/\">huurovereenkomst<\/a><\/span> onderworpen is aan een huurwaarborg, hoef je het alleen maar te lezen en uit te zoeken hoe de verplichtingen van de huurder gegarandeerd zijn.   <\/p><p>Volgens de huurwet kan een huurwaarborg worden verstrekt door een geldbedrag te blokkeren op een speciale bankrekening. Bank Belfius biedt deze dienst aan door een ge\u00efndividualiseerde bankrekening te openen voor de huurwaarborg. De ge\u00efndividualiseerde rekening bij Bank Belfius voor het bedrag van de waarborg staat op naam van de huurder. De rekening blijft geblokkeerd tot de huurder en de verhuurder overeenkomen de huurwaarborg vrij te geven.   <\/p>\t\t\t\t\t\t\t\t<\/div>\n\t\t\t\t<\/div>\n\t\t\t\t\t<\/div>\n\t\t<\/div>\n\t\t\t\t\t<\/div>\n\t\t<\/section>\n\t\t\t\t<section class=\"elementor-section elementor-top-section elementor-element elementor-element-5393e880 elementor-section-content-middle elementor-section-height-min-height elementor-section-items-stretch elementor-section-boxed elementor-section-height-default\" data-id=\"5393e880\" data-element_type=\"section\" data-e-type=\"section\">\n\t\t\t\t\t\t<div class=\"elementor-container elementor-column-gap-no\">\n\t\t\t\t\t<div class=\"elementor-column elementor-col-100 elementor-top-column elementor-element elementor-element-42056ddd\" data-id=\"42056ddd\" data-element_type=\"column\" data-e-type=\"column\" data-settings=\"{&quot;background_background&quot;:&quot;classic&quot;}\">\n\t\t\t<div class=\"elementor-widget-wrap elementor-element-populated\">\n\t\t\t\t\t\t<div class=\"elementor-element elementor-element-6560471c elementor-widget elementor-widget-image\" data-id=\"6560471c\" data-element_type=\"widget\" data-e-type=\"widget\" data-widget_type=\"image.default\">\n\t\t\t\t<div class=\"elementor-widget-container\">\n\t\t\t\t\t\t\t\t\t\t\t\t\t\t\t<img decoding=\"async\" src=\"https:\/\/garantie.be\/wp-content\/uploads\/elementor\/thumbs\/Logo-2-garantie-alone-1-pe5xec7dnfsf8cs3rtfffen34plb9ip2rjyfhjeqd0.jpg\" title=\"garantie\" alt=\"garantie\" loading=\"lazy\" \/>\t\t\t\t\t\t\t\t\t\t\t\t\t\t\t<\/div>\n\t\t\t\t<\/div>\n\t\t\t\t<div class=\"elementor-element elementor-element-6fbb8f70 elementor-widget elementor-widget-text-editor\" data-id=\"6fbb8f70\" data-element_type=\"widget\" data-e-type=\"widget\" data-widget_type=\"text-editor.default\">\n\t\t\t\t<div class=\"elementor-widget-container\">\n\t\t\t\t\t\t\t\t\t<p>Vul ons online formulier in om binnen een paar uur je huurwaarborg te krijgen. U blokkeert geen geld omdat we werken als een <span style=\"text-decoration: underline;\"><a href=\"https:\/\/garantie.be\/nl\/bankwaarborg\/\">bank huurwaarborg<\/a><\/span>. <\/p>\t\t\t\t\t\t\t\t<\/div>\n\t\t\t\t<\/div>\n\t\t\t\t<div class=\"elementor-element elementor-element-18da1cf7 elementor-mobile-align-center elementor-align-center elementor-widget elementor-widget-button\" data-id=\"18da1cf7\" data-element_type=\"widget\" data-e-type=\"widget\" data-widget_type=\"button.default\">\n\t\t\t\t<div class=\"elementor-widget-container\">\n\t\t\t\t\t\t\t\t\t<div class=\"elementor-button-wrapper\">\n\t\t\t\t\t<a class=\"elementor-button elementor-button-link elementor-size-sm\" href=\"https:\/\/account.garantie.be\/nl\/register\/lease\">\n\t\t\t\t\t\t<span class=\"elementor-button-content-wrapper\">\n\t\t\t\t\t\t\t\t\t<span class=\"elementor-button-text\">Huurwaarborg formulier<\/span>\n\t\t\t\t\t<\/span>\n\t\t\t\t\t<\/a>\n\t\t\t\t<\/div>\n\t\t\t\t\t\t\t\t<\/div>\n\t\t\t\t<\/div>\n\t\t\t\t\t<\/div>\n\t\t<\/div>\n\t\t\t\t\t<\/div>\n\t\t<\/section>\n\t\t\t\t<section class=\"elementor-section elementor-top-section elementor-element elementor-element-06ae966 elementor-section-height-min-height elementor-section-content-middle elementor-section-boxed elementor-section-height-default elementor-section-items-middle\" data-id=\"06ae966\" data-element_type=\"section\" data-e-type=\"section\" data-settings=\"{&quot;background_background&quot;:&quot;classic&quot;}\">\n\t\t\t\t\t\t<div class=\"elementor-container elementor-column-gap-default\">\n\t\t\t\t\t<div class=\"elementor-column elementor-col-100 elementor-top-column elementor-element elementor-element-5423dba\" data-id=\"5423dba\" data-element_type=\"column\" data-e-type=\"column\">\n\t\t\t<div class=\"elementor-widget-wrap elementor-element-populated\">\n\t\t\t\t\t\t<div class=\"elementor-element elementor-element-cfa6033 elementor-widget elementor-widget-spacer\" data-id=\"cfa6033\" data-element_type=\"widget\" data-e-type=\"widget\" data-widget_type=\"spacer.default\">\n\t\t\t\t<div class=\"elementor-widget-container\">\n\t\t\t\t\t\t\t<div class=\"elementor-spacer\">\n\t\t\t<div class=\"elementor-spacer-inner\"><\/div>\n\t\t<\/div>\n\t\t\t\t\t\t<\/div>\n\t\t\t\t<\/div>\n\t\t\t\t<div class=\"elementor-element elementor-element-ad7d686 elementor-widget elementor-widget-heading\" data-id=\"ad7d686\" data-element_type=\"widget\" data-e-type=\"widget\" data-widget_type=\"heading.default\">\n\t\t\t\t<div class=\"elementor-widget-container\">\n\t\t\t\t\t<h2 class=\"elementor-heading-title elementor-size-default\">Hoe werkt de Belfius huurwaarborg?<\/h2>\t\t\t\t<\/div>\n\t\t\t\t<\/div>\n\t\t\t\t<div class=\"elementor-element elementor-element-927d29e elementor-widget elementor-widget-text-editor\" data-id=\"927d29e\" data-element_type=\"widget\" data-e-type=\"widget\" data-widget_type=\"text-editor.default\">\n\t\t\t\t<div class=\"elementor-widget-container\">\n\t\t\t\t\t\t\t\t\t<p>De fondsen die geblokkeerd zijn bij de Belfius bank als onderdeel van de huurwaarborg leveren rente op. Deze rente wordt jaarlijks berekend. <\/p>\t\t\t\t\t\t\t\t<\/div>\n\t\t\t\t<\/div>\n\t\t\t\t<div class=\"elementor-element elementor-element-cd9e7fe elementor-widget elementor-widget-heading\" data-id=\"cd9e7fe\" data-element_type=\"widget\" data-e-type=\"widget\" data-widget_type=\"heading.default\">\n\t\t\t\t<div class=\"elementor-widget-container\">\n\t\t\t\t\t<h2 class=\"elementor-heading-title elementor-size-default\">Kan de Belfius huurwaarborg online worden gedaan?<\/h2>\t\t\t\t<\/div>\n\t\t\t\t<\/div>\n\t\t\t\t<div class=\"elementor-element elementor-element-890a15a elementor-widget elementor-widget-text-editor\" data-id=\"890a15a\" data-element_type=\"widget\" data-e-type=\"widget\" data-widget_type=\"text-editor.default\">\n\t\t\t\t<div class=\"elementor-widget-container\">\n\t\t\t\t\t\t\t\t\t<p>Huurders die klant zijn bij Belfius kunnen online een afspraak maken met hun kantoor om een huurwaarborgrekening te openen.<\/p><p>Bankinstellingen hebben steeds meer regels om aan te voldoen bij het openen van een bankrekening, maar dit maakt het nog niet mogelijk om een volledig digitaal abonnement aan te bieden bij het openen van een huurgarantierekening.<\/p>\t\t\t\t\t\t\t\t<\/div>\n\t\t\t\t<\/div>\n\t\t\t\t<div class=\"elementor-element elementor-element-cc288f1 elementor-widget elementor-widget-heading\" data-id=\"cc288f1\" data-element_type=\"widget\" data-e-type=\"widget\" data-widget_type=\"heading.default\">\n\t\t\t\t<div class=\"elementor-widget-container\">\n\t\t\t\t\t<h2 class=\"elementor-heading-title elementor-size-default\">Hoe lang duurt het om een waarborgbewijs te krijgen van de Belfius Bank?<\/h2>\t\t\t\t<\/div>\n\t\t\t\t<\/div>\n\t\t\t\t<div class=\"elementor-element elementor-element-c9a0851 elementor-widget elementor-widget-text-editor\" data-id=\"c9a0851\" data-element_type=\"widget\" data-e-type=\"widget\" data-widget_type=\"text-editor.default\">\n\t\t\t\t<div class=\"elementor-widget-container\">\n\t\t\t\t\t\t\t\t\t<p>De huurwaarborg kan worden ingesteld tijdens de vergadering van het agentschap, op voorwaarde dat beide partijen aanwezig zijn en dat de te blokkeren fondsen rechtstreeks worden betaald. De verhuurder ontvangt rechtstreeks van het agentschap een certificaat waarin wordt bevestigd dat de middelen zijn geblokkeerd.  <\/p>\t\t\t\t\t\t\t\t<\/div>\n\t\t\t\t<\/div>\n\t\t\t\t<div class=\"elementor-element elementor-element-f2219de elementor-widget elementor-widget-heading\" data-id=\"f2219de\" data-element_type=\"widget\" data-e-type=\"widget\" data-widget_type=\"heading.default\">\n\t\t\t\t<div class=\"elementor-widget-container\">\n\t\t\t\t\t<h2 class=\"elementor-heading-title elementor-size-default\">Wat is het verschil tussen de Belfius huurwaarborg en een bankwaarborg?<\/h2>\t\t\t\t<\/div>\n\t\t\t\t<\/div>\n\t\t\t\t<div class=\"elementor-element elementor-element-20b15c3 elementor-widget elementor-widget-text-editor\" data-id=\"20b15c3\" data-element_type=\"widget\" data-e-type=\"widget\" data-widget_type=\"text-editor.default\">\n\t\t\t\t<div class=\"elementor-widget-container\">\n\t\t\t\t\t\t\t\t\t<p>Het verschil tussen een <span style=\"text-decoration: underline;\"><a href=\"https:\/\/garantie.be\/nl\/bankwaarborg\/\">bankwaarborg<\/a><\/span> en een huurwaarborg is dat er bij een huurgarantie daadwerkelijk geld wordt gestort. Bij een bankwaarborg is dit niet het geval, maar staat de bank garant voor de huurwaarborg. Een bankwaarborg is niet gratis voor de huurder. Daarnaast zijn er verschillende regels afhankelijk van de regio waarin de huurwoning zich bevindt.   <\/p>\t\t\t\t\t\t\t\t<\/div>\n\t\t\t\t<\/div>\n\t\t\t\t<div class=\"elementor-element elementor-element-629ce96 elementor-widget elementor-widget-heading\" data-id=\"629ce96\" data-element_type=\"widget\" data-e-type=\"widget\" data-widget_type=\"heading.default\">\n\t\t\t\t<div class=\"elementor-widget-container\">\n\t\t\t\t\t<h2 class=\"elementor-heading-title elementor-size-default\">De Belfius huurwaarborg vervroegd vrijgeven<\/h2>\t\t\t\t<\/div>\n\t\t\t\t<\/div>\n\t\t\t\t<div class=\"elementor-element elementor-element-983547b elementor-widget elementor-widget-text-editor\" data-id=\"983547b\" data-element_type=\"widget\" data-e-type=\"widget\" data-widget_type=\"text-editor.default\">\n\t\t\t\t<div class=\"elementor-widget-container\">\n\t\t\t\t\t\t\t\t\t<p>Het is mogelijk om <span style=\"text-decoration: underline;\"><a href=\"https:\/\/garantie.be\/nl\/vrijgave-huurwaarborg-online-formulier\/\">vrijgave van de huurwaarborg<\/a><\/span> d.w.z. de tegoeden op uw Belfius-bankrekening voor het einde van de huurovereenkomst. Om de bij Belfius geblokkeerde tegoeden onder de huurwaarborg v\u00f3\u00f3r het einde van de huurovereenkomst of op het einde van de huurovereenkomst terug te krijgen, moeten zowel de huurder als de verhuurder naar een Belfius-kantoor gaan. <\/p><p>De waarborg kan worden vrijgegeven op basis van de notulen van de <span style=\"text-decoration: underline;\"><a href=\"https:\/\/garantie.be\/nl\/plaatsbeschrijving-bij-de-uitgang\/\">de afsluitingsinventaris van de inrichting<\/a><\/span>. <\/p>\t\t\t\t\t\t\t\t<\/div>\n\t\t\t\t<\/div>\n\t\t\t\t<div class=\"elementor-element elementor-element-818300f elementor-widget elementor-widget-heading\" data-id=\"818300f\" data-element_type=\"widget\" data-e-type=\"widget\" data-widget_type=\"heading.default\">\n\t\t\t\t<div class=\"elementor-widget-container\">\n\t\t\t\t\t<h2 class=\"elementor-heading-title elementor-size-default\">Wat is het verschil tussen de Myminfin e-DEPO en een Belfius huurwaarborg?<\/h2>\t\t\t\t<\/div>\n\t\t\t\t<\/div>\n\t\t\t\t<div class=\"elementor-element elementor-element-b03e455 elementor-widget elementor-widget-text-editor\" data-id=\"b03e455\" data-element_type=\"widget\" data-e-type=\"widget\" data-widget_type=\"text-editor.default\">\n\t\t\t\t<div class=\"elementor-widget-container\">\n\t\t\t\t\t\t\t\t\t<p>De huurwaarborgservice <span style=\"text-decoration: underline;\"><a href=\"https:\/\/garantie.be\/nl\/huurwaarborg-e-depo\/\">e DEPO<\/a><\/span> De huurwaarborgdienst wordt aangeboden door de Belgische overheid via het Myminfin-portaal van de FOD Financi\u00ebn. De toepassing e DEPO maakt het mogelijk om fondsen te blokkeren bij de Deposito- en Consignatiekas. De e DEPO-dienst is dus een overheidsdienst, terwijl het BELFIUS-banknetwerk een priv\u00e9bank is die haar klanten de mogelijkheid biedt om een rekening te openen op naam van de huurder en de fondsen op deze rekening te blokkeren.  <\/p>\t\t\t\t\t\t\t\t<\/div>\n\t\t\t\t<\/div>\n\t\t\t\t\t<\/div>\n\t\t<\/div>\n\t\t\t\t\t<\/div>\n\t\t<\/section>\n\t\t\t\t<\/div>\n\t\t","protected":false},"excerpt":{"rendered":"<p>BELFIUS huurwaarborg Banque Belfius is een bankverzekeraar met lokale wortels in heel Belgi\u00eb. Banque Belfius is actief in drie commerci\u00eble domeinen in Belgi\u00eb: commercieel bankieren, financi\u00eble diensten en verzekeringen. Belfius Bank is al 150 jaar actief in de financiering van de publieke sector en 50 jaar in retailbanking. Belfius is een bank die volledig in [&hellip;]<\/p>\n","protected":false},"author":1,"featured_media":0,"parent":0,"menu_order":0,"comment_status":"closed","ping_status":"closed","template":"","meta":{"footnotes":""},"class_list":["post-1647","page","type-page","status-publish","hentry"],"yoast_head":"<!-- This site is optimized with the Yoast SEO plugin v27.2 - https:\/\/yoast.com\/product\/yoast-seo-wordpress\/ -->\n<title>Belfius huurwaarborg | Online formulier<\/title>\n<meta name=\"description\" content=\"Op deze website, gespecialiseerd in huurwaarborgen, presenteren we de specifieke kenmerken van deze dienst die wordt aangeboden door de BELFIUS bank in Belgi\u00eb.\" \/>\n<meta name=\"robots\" content=\"index, follow, max-snippet:-1, max-image-preview:large, max-video-preview:-1\" \/>\n<link rel=\"canonical\" href=\"https:\/\/garantie.be\/nl\/belfius-huurwaarborg\/\" \/>\n<meta property=\"og:locale\" content=\"nl_NL\" \/>\n<meta property=\"og:type\" content=\"article\" \/>\n<meta property=\"og:title\" content=\"Belfius huurwaarborg | Online formulier\" \/>\n<meta property=\"og:description\" content=\"Op deze website, gespecialiseerd in huurwaarborgen, presenteren we de specifieke kenmerken van deze dienst die wordt aangeboden door de BELFIUS bank in Belgi\u00eb.\" \/>\n<meta property=\"og:url\" content=\"https:\/\/garantie.be\/nl\/belfius-huurwaarborg\/\" \/>\n<meta property=\"og:site_name\" content=\"Waarborg\" \/>\n<meta property=\"article:modified_time\" content=\"2025-10-09T07:57:39+00:00\" \/>\n<meta property=\"og:image\" content=\"https:\/\/garantie.be\/wp-content\/uploads\/elementor\/thumbs\/Logo-2-garantie-alone-1-pe5xec7dnfsf8cs3rtfffen34plb9ip2rjyfhjeqd0.jpg\" \/>\n<meta name=\"twitter:card\" content=\"summary_large_image\" \/>\n<meta name=\"twitter:label1\" content=\"Geschatte leestijd\" \/>\n\t<meta name=\"twitter:data1\" content=\"4 minuten\" \/>\n<script type=\"application\/ld+json\" class=\"yoast-schema-graph\">{\"@context\":\"https:\/\/schema.org\",\"@graph\":[{\"@type\":\"WebPage\",\"@id\":\"https:\/\/garantie.be\/nl\/belfius-huurwaarborg\/\",\"url\":\"https:\/\/garantie.be\/nl\/belfius-huurwaarborg\/\",\"name\":\"Belfius huurwaarborg | Online formulier\",\"isPartOf\":{\"@id\":\"https:\/\/garantie.be\/nl\/#website\"},\"primaryImageOfPage\":{\"@id\":\"https:\/\/garantie.be\/nl\/belfius-huurwaarborg\/#primaryimage\"},\"image\":{\"@id\":\"https:\/\/garantie.be\/nl\/belfius-huurwaarborg\/#primaryimage\"},\"thumbnailUrl\":\"https:\/\/garantie.be\/wp-content\/uploads\/elementor\/thumbs\/Logo-2-garantie-alone-1-pe5xec7dnfsf8cs3rtfffen34plb9ip2rjyfhjeqd0.jpg\",\"datePublished\":\"2020-12-25T21:45:14+00:00\",\"dateModified\":\"2025-10-09T07:57:39+00:00\",\"description\":\"Op deze website, gespecialiseerd in huurwaarborgen, presenteren we de specifieke kenmerken van deze dienst die wordt aangeboden door de BELFIUS bank in Belgi\u00eb.\",\"breadcrumb\":{\"@id\":\"https:\/\/garantie.be\/nl\/belfius-huurwaarborg\/#breadcrumb\"},\"inLanguage\":\"nl-NL\",\"potentialAction\":[{\"@type\":\"ReadAction\",\"target\":[\"https:\/\/garantie.be\/nl\/belfius-huurwaarborg\/\"]}]},{\"@type\":\"ImageObject\",\"inLanguage\":\"nl-NL\",\"@id\":\"https:\/\/garantie.be\/nl\/belfius-huurwaarborg\/#primaryimage\",\"url\":\"https:\/\/garantie.be\/wp-content\/uploads\/elementor\/thumbs\/Logo-2-garantie-alone-1-pe5xec7dnfsf8cs3rtfffen34plb9ip2rjyfhjeqd0.jpg\",\"contentUrl\":\"https:\/\/garantie.be\/wp-content\/uploads\/elementor\/thumbs\/Logo-2-garantie-alone-1-pe5xec7dnfsf8cs3rtfffen34plb9ip2rjyfhjeqd0.jpg\"},{\"@type\":\"BreadcrumbList\",\"@id\":\"https:\/\/garantie.be\/nl\/belfius-huurwaarborg\/#breadcrumb\",\"itemListElement\":[{\"@type\":\"ListItem\",\"position\":1,\"name\":\"Accueil\",\"item\":\"https:\/\/garantie.be\/nl\/\"},{\"@type\":\"ListItem\",\"position\":2,\"name\":\"Belfius huurwaarborg\"}]},{\"@type\":\"WebSite\",\"@id\":\"https:\/\/garantie.be\/nl\/#website\",\"url\":\"https:\/\/garantie.be\/nl\/\",\"name\":\"Waarborg\",\"description\":\"\",\"publisher\":{\"@id\":\"https:\/\/garantie.be\/nl\/#organization\"},\"potentialAction\":[{\"@type\":\"SearchAction\",\"target\":{\"@type\":\"EntryPoint\",\"urlTemplate\":\"https:\/\/garantie.be\/nl\/?s={search_term_string}\"},\"query-input\":{\"@type\":\"PropertyValueSpecification\",\"valueRequired\":true,\"valueName\":\"search_term_string\"}}],\"inLanguage\":\"nl-NL\"},{\"@type\":\"Organization\",\"@id\":\"https:\/\/garantie.be\/nl\/#organization\",\"name\":\"Garantie.be\",\"url\":\"https:\/\/garantie.be\/nl\/\",\"logo\":{\"@type\":\"ImageObject\",\"inLanguage\":\"nl-NL\",\"@id\":\"https:\/\/garantie.be\/nl\/#\/schema\/logo\/image\/\",\"url\":\"\",\"contentUrl\":\"\",\"caption\":\"Garantie.be\"},\"image\":{\"@id\":\"https:\/\/garantie.be\/nl\/#\/schema\/logo\/image\/\"}}]}<\/script>\n<!-- \/ Yoast SEO plugin. -->","yoast_head_json":{"title":"Belfius huurwaarborg | Online formulier","description":"Op deze website, gespecialiseerd in huurwaarborgen, presenteren we de specifieke kenmerken van deze dienst die wordt aangeboden door de BELFIUS bank in Belgi\u00eb.","robots":{"index":"index","follow":"follow","max-snippet":"max-snippet:-1","max-image-preview":"max-image-preview:large","max-video-preview":"max-video-preview:-1"},"canonical":"https:\/\/garantie.be\/nl\/belfius-huurwaarborg\/","og_locale":"nl_NL","og_type":"article","og_title":"Belfius huurwaarborg | Online formulier","og_description":"Op deze website, gespecialiseerd in huurwaarborgen, presenteren we de specifieke kenmerken van deze dienst die wordt aangeboden door de BELFIUS bank in Belgi\u00eb.","og_url":"https:\/\/garantie.be\/nl\/belfius-huurwaarborg\/","og_site_name":"Waarborg","article_modified_time":"2025-10-09T07:57:39+00:00","og_image":[{"url":"https:\/\/garantie.be\/wp-content\/uploads\/elementor\/thumbs\/Logo-2-garantie-alone-1-pe5xec7dnfsf8cs3rtfffen34plb9ip2rjyfhjeqd0.jpg","type":"","width":"","height":""}],"twitter_card":"summary_large_image","twitter_misc":{"Geschatte leestijd":"4 minuten"},"schema":{"@context":"https:\/\/schema.org","@graph":[{"@type":"WebPage","@id":"https:\/\/garantie.be\/nl\/belfius-huurwaarborg\/","url":"https:\/\/garantie.be\/nl\/belfius-huurwaarborg\/","name":"Belfius huurwaarborg | Online formulier","isPartOf":{"@id":"https:\/\/garantie.be\/nl\/#website"},"primaryImageOfPage":{"@id":"https:\/\/garantie.be\/nl\/belfius-huurwaarborg\/#primaryimage"},"image":{"@id":"https:\/\/garantie.be\/nl\/belfius-huurwaarborg\/#primaryimage"},"thumbnailUrl":"https:\/\/garantie.be\/wp-content\/uploads\/elementor\/thumbs\/Logo-2-garantie-alone-1-pe5xec7dnfsf8cs3rtfffen34plb9ip2rjyfhjeqd0.jpg","datePublished":"2020-12-25T21:45:14+00:00","dateModified":"2025-10-09T07:57:39+00:00","description":"Op deze website, gespecialiseerd in huurwaarborgen, presenteren we de specifieke kenmerken van deze dienst die wordt aangeboden door de BELFIUS bank in Belgi\u00eb.","breadcrumb":{"@id":"https:\/\/garantie.be\/nl\/belfius-huurwaarborg\/#breadcrumb"},"inLanguage":"nl-NL","potentialAction":[{"@type":"ReadAction","target":["https:\/\/garantie.be\/nl\/belfius-huurwaarborg\/"]}]},{"@type":"ImageObject","inLanguage":"nl-NL","@id":"https:\/\/garantie.be\/nl\/belfius-huurwaarborg\/#primaryimage","url":"https:\/\/garantie.be\/wp-content\/uploads\/elementor\/thumbs\/Logo-2-garantie-alone-1-pe5xec7dnfsf8cs3rtfffen34plb9ip2rjyfhjeqd0.jpg","contentUrl":"https:\/\/garantie.be\/wp-content\/uploads\/elementor\/thumbs\/Logo-2-garantie-alone-1-pe5xec7dnfsf8cs3rtfffen34plb9ip2rjyfhjeqd0.jpg"},{"@type":"BreadcrumbList","@id":"https:\/\/garantie.be\/nl\/belfius-huurwaarborg\/#breadcrumb","itemListElement":[{"@type":"ListItem","position":1,"name":"Accueil","item":"https:\/\/garantie.be\/nl\/"},{"@type":"ListItem","position":2,"name":"Belfius huurwaarborg"}]},{"@type":"WebSite","@id":"https:\/\/garantie.be\/nl\/#website","url":"https:\/\/garantie.be\/nl\/","name":"Waarborg","description":"","publisher":{"@id":"https:\/\/garantie.be\/nl\/#organization"},"potentialAction":[{"@type":"SearchAction","target":{"@type":"EntryPoint","urlTemplate":"https:\/\/garantie.be\/nl\/?s={search_term_string}"},"query-input":{"@type":"PropertyValueSpecification","valueRequired":true,"valueName":"search_term_string"}}],"inLanguage":"nl-NL"},{"@type":"Organization","@id":"https:\/\/garantie.be\/nl\/#organization","name":"Garantie.be","url":"https:\/\/garantie.be\/nl\/","logo":{"@type":"ImageObject","inLanguage":"nl-NL","@id":"https:\/\/garantie.be\/nl\/#\/schema\/logo\/image\/","url":"","contentUrl":"","caption":"Garantie.be"},"image":{"@id":"https:\/\/garantie.be\/nl\/#\/schema\/logo\/image\/"}}]}},"_links":{"self":[{"href":"https:\/\/garantie.be\/nl\/wp-json\/wp\/v2\/pages\/1647","targetHints":{"allow":["GET"]}}],"collection":[{"href":"https:\/\/garantie.be\/nl\/wp-json\/wp\/v2\/pages"}],"about":[{"href":"https:\/\/garantie.be\/nl\/wp-json\/wp\/v2\/types\/page"}],"author":[{"embeddable":true,"href":"https:\/\/garantie.be\/nl\/wp-json\/wp\/v2\/users\/1"}],"replies":[{"embeddable":true,"href":"https:\/\/garantie.be\/nl\/wp-json\/wp\/v2\/comments?post=1647"}],"version-history":[{"count":0,"href":"https:\/\/garantie.be\/nl\/wp-json\/wp\/v2\/pages\/1647\/revisions"}],"wp:attachment":[{"href":"https:\/\/garantie.be\/nl\/wp-json\/wp\/v2\/media?parent=1647"}],"curies":[{"name":"wp","href":"https:\/\/api.w.org\/{rel}","templated":true}]}}