{"id":1727,"date":"2020-12-26T14:06:48","date_gmt":"2020-12-26T13:06:48","guid":{"rendered":"https:\/\/garantie.be\/kbc-huurwaarborg\/"},"modified":"2025-05-05T09:08:52","modified_gmt":"2025-05-05T07:08:52","slug":"kbc-huurwaarborg","status":"publish","type":"page","link":"https:\/\/garantie.be\/nl\/kbc-huurwaarborg\/","title":{"rendered":"kbc-huurwaarborg"},"content":{"rendered":"\t\t<div data-elementor-type=\"wp-page\" data-elementor-id=\"1727\" class=\"elementor elementor-1727 elementor-1074\" data-elementor-post-type=\"page\">\n\t\t\t\t\t\t<section class=\"elementor-section elementor-top-section elementor-element elementor-element-2751cc01 elementor-section-height-min-height elementor-section-boxed elementor-section-height-default elementor-section-items-middle\" data-id=\"2751cc01\" data-element_type=\"section\" data-e-type=\"section\">\n\t\t\t\t\t\t<div class=\"elementor-container elementor-column-gap-default\">\n\t\t\t\t\t<div class=\"elementor-column elementor-col-100 elementor-top-column elementor-element elementor-element-64cd15e2\" data-id=\"64cd15e2\" data-element_type=\"column\" data-e-type=\"column\">\n\t\t\t<div class=\"elementor-widget-wrap elementor-element-populated\">\n\t\t\t\t\t\t<div class=\"elementor-element elementor-element-35a283b8 elementor-widget elementor-widget-spacer\" data-id=\"35a283b8\" data-element_type=\"widget\" data-e-type=\"widget\" data-widget_type=\"spacer.default\">\n\t\t\t\t<div class=\"elementor-widget-container\">\n\t\t\t\t\t\t\t<div class=\"elementor-spacer\">\n\t\t\t<div class=\"elementor-spacer-inner\"><\/div>\n\t\t<\/div>\n\t\t\t\t\t\t<\/div>\n\t\t\t\t<\/div>\n\t\t\t\t<div class=\"elementor-element elementor-element-18fc395 elementor-widget elementor-widget-heading\" data-id=\"18fc395\" data-element_type=\"widget\" data-e-type=\"widget\" data-widget_type=\"heading.default\">\n\t\t\t\t<div class=\"elementor-widget-container\">\n\t\t\t\t\t<h1 class=\"elementor-heading-title elementor-size-default\">KBC huurwaarborg<\/h1>\t\t\t\t<\/div>\n\t\t\t\t<\/div>\n\t\t\t\t<div class=\"elementor-element elementor-element-9e30730 elementor-widget elementor-widget-spacer\" data-id=\"9e30730\" data-element_type=\"widget\" data-e-type=\"widget\" data-widget_type=\"spacer.default\">\n\t\t\t\t<div class=\"elementor-widget-container\">\n\t\t\t\t\t\t\t<div class=\"elementor-spacer\">\n\t\t\t<div class=\"elementor-spacer-inner\"><\/div>\n\t\t<\/div>\n\t\t\t\t\t\t<\/div>\n\t\t\t\t<\/div>\n\t\t\t\t<div class=\"elementor-element elementor-element-769a92b elementor-widget elementor-widget-text-editor\" data-id=\"769a92b\" data-element_type=\"widget\" data-e-type=\"widget\" data-widget_type=\"text-editor.default\">\n\t\t\t\t<div class=\"elementor-widget-container\">\n\t\t\t\t\t\t\t\t\t<p>KBC is een van de grootste banken van Belgi\u00eb. Ze is niet alleen actief in het bankwezen, maar ook in verzekeringen. Het is de op \u00e9\u00e9n na grootste bankverzekeraar in Belgi\u00eb.  <\/p><p>In Belgi\u00eb verschillen de merken van de Groep van gemeenschap tot gemeenschap:<\/p><ul><li>KBC is aanwezig in Vlaanderen en de Duitstalige Gemeenschap van Belgi\u00eb;<\/li><li>Het kantoor van KBC Brussel is alleen aanwezig in Brussel;<\/li><li>De sectie Banking &amp; Insurance van CBC richt zich op de Franstalige gemeenschap van Belgi\u00eb, met uitzondering van Brussel;<\/li><\/ul><p> <\/p>\t\t\t\t\t\t\t\t<\/div>\n\t\t\t\t<\/div>\n\t\t\t\t\t<\/div>\n\t\t<\/div>\n\t\t\t\t\t<\/div>\n\t\t<\/section>\n\t\t\t\t<section class=\"elementor-section elementor-top-section elementor-element elementor-element-4d4f17c7 elementor-section-height-min-height elementor-section-content-middle elementor-section-boxed elementor-section-height-default elementor-section-items-middle\" data-id=\"4d4f17c7\" data-element_type=\"section\" data-e-type=\"section\" data-settings=\"{&quot;background_background&quot;:&quot;classic&quot;}\">\n\t\t\t\t\t\t<div class=\"elementor-container elementor-column-gap-default\">\n\t\t\t\t\t<div class=\"elementor-column elementor-col-100 elementor-top-column elementor-element elementor-element-3fdcdb4c\" data-id=\"3fdcdb4c\" data-element_type=\"column\" data-e-type=\"column\">\n\t\t\t<div class=\"elementor-widget-wrap elementor-element-populated\">\n\t\t\t\t\t\t<div class=\"elementor-element elementor-element-d32c274 elementor-widget elementor-widget-heading\" data-id=\"d32c274\" data-element_type=\"widget\" data-e-type=\"widget\" data-widget_type=\"heading.default\">\n\t\t\t\t<div class=\"elementor-widget-container\">\n\t\t\t\t\t<h2 class=\"elementor-heading-title elementor-size-default\">Wat is de KBC-huurgarantie?<\/h2>\t\t\t\t<\/div>\n\t\t\t\t<\/div>\n\t\t\t\t<div class=\"elementor-element elementor-element-fe3bbcd elementor-widget elementor-widget-text-editor\" data-id=\"fe3bbcd\" data-element_type=\"widget\" data-e-type=\"widget\" data-widget_type=\"text-editor.default\">\n\t\t\t\t<div class=\"elementor-widget-container\">\n\t\t\t\t\t\t\t\t\t<p>Het principe van het opzetten van een <span style=\"text-decoration: underline;\"><a href=\"https:\/\/garantie.be\/nl\/huurwaarborg\/\">huurwaarborg<\/a><\/span> werd ingevoerd om verhuurders te beschermen als huurders hun huurverplichtingen niet nakomen. Deze garantie dekt de financi\u00eble risico&#8217;s van de huur. Het wordt vermeld in de wet op woninghuurcontracten, maar is niet verplicht. In de meeste huurovereenkomsten is een huurwaarborg wel verplicht. Om te weten te komen of je huurovereenkomst onder een huurwaarborg valt, lees je gewoon de huurovereenkomst en ontdek je hoe de verplichtingen van de huurder worden gewaarborgd.    <\/p><p>Volgens de wet kan de huurwaarborg worden verstrekt door de som geld te blokkeren op een speciale bankrekening. In Belgi\u00eb biedt <a href=\"https:\/\/www.kbc.be\/corporate\/nl.html\">KBC Bank<\/a> deze dienst aan door een speciale bankrekening te openen voor de huurwaarborg. De individuele rekening die bij KBC Bank wordt geopend om het bedrag van de waarborg op te houden, staat op naam van de huurder. De rekening blijft geblokkeerd tot het einde van de huurovereenkomst of tot zowel de huurder als de verhuurder op voorhand overeenkomen om de huurwaarborg bij KBC Bank vrij te geven.   <\/p>\t\t\t\t\t\t\t\t<\/div>\n\t\t\t\t<\/div>\n\t\t\t\t\t<\/div>\n\t\t<\/div>\n\t\t\t\t\t<\/div>\n\t\t<\/section>\n\t\t\t\t<section class=\"elementor-section elementor-top-section elementor-element elementor-element-2e762e6a elementor-section-content-middle elementor-section-height-min-height elementor-section-items-stretch elementor-section-boxed elementor-section-height-default\" data-id=\"2e762e6a\" data-element_type=\"section\" data-e-type=\"section\">\n\t\t\t\t\t\t<div class=\"elementor-container elementor-column-gap-default\">\n\t\t\t\t\t<div class=\"elementor-column elementor-col-100 elementor-top-column elementor-element elementor-element-36480fa9\" data-id=\"36480fa9\" data-element_type=\"column\" data-e-type=\"column\" data-settings=\"{&quot;background_background&quot;:&quot;classic&quot;}\">\n\t\t\t<div class=\"elementor-widget-wrap elementor-element-populated\">\n\t\t\t\t\t\t<div class=\"elementor-element elementor-element-aa60c0 elementor-widget elementor-widget-image\" data-id=\"aa60c0\" data-element_type=\"widget\" data-e-type=\"widget\" data-widget_type=\"image.default\">\n\t\t\t\t<div class=\"elementor-widget-container\">\n\t\t\t\t\t\t\t\t\t\t\t\t\t\t\t<img decoding=\"async\" src=\"https:\/\/garantie.be\/wp-content\/uploads\/elementor\/thumbs\/Logo-2-garantie-alone-1-pe5xec7dnfsf8cs3rtfffen34plb9ip2rjyfhjeqd0.jpg\" title=\"garantie\" alt=\"garantie\" loading=\"lazy\" \/>\t\t\t\t\t\t\t\t\t\t\t\t\t\t\t<\/div>\n\t\t\t\t<\/div>\n\t\t\t\t<div class=\"elementor-element elementor-element-35759006 elementor-widget elementor-widget-text-editor\" data-id=\"35759006\" data-element_type=\"widget\" data-e-type=\"widget\" data-widget_type=\"text-editor.default\">\n\t\t\t\t<div class=\"elementor-widget-container\">\n\t\t\t\t\t\t\t\t\t<p>Vul ons online formulier in om binnen een paar uur je huurgarantie te krijgen. U blokkeert geen geld omdat we werken als een <span style=\"text-decoration: underline;\"><a href=\"https:\/\/garantie.be\/nl\/bankwaarborg\/\">bank huurwaarborg<\/a><\/span>. <\/p>\t\t\t\t\t\t\t\t<\/div>\n\t\t\t\t<\/div>\n\t\t\t\t<div class=\"elementor-element elementor-element-73d207d8 elementor-mobile-align-center elementor-align-center elementor-widget elementor-widget-button\" data-id=\"73d207d8\" data-element_type=\"widget\" data-e-type=\"widget\" data-widget_type=\"button.default\">\n\t\t\t\t<div class=\"elementor-widget-container\">\n\t\t\t\t\t\t\t\t\t<div class=\"elementor-button-wrapper\">\n\t\t\t\t\t<a class=\"elementor-button elementor-button-link elementor-size-sm\" href=\"https:\/\/account.garantie.be\/nl\/register\/lease\">\n\t\t\t\t\t\t<span class=\"elementor-button-content-wrapper\">\n\t\t\t\t\t\t\t\t\t<span class=\"elementor-button-text\">Huurwaarborg formulier<\/span>\n\t\t\t\t\t<\/span>\n\t\t\t\t\t<\/a>\n\t\t\t\t<\/div>\n\t\t\t\t\t\t\t\t<\/div>\n\t\t\t\t<\/div>\n\t\t\t\t\t<\/div>\n\t\t<\/div>\n\t\t\t\t\t<\/div>\n\t\t<\/section>\n\t\t\t\t<section class=\"elementor-section elementor-top-section elementor-element elementor-element-0d27928 elementor-section-height-min-height elementor-section-content-middle elementor-section-boxed elementor-section-height-default elementor-section-items-middle\" data-id=\"0d27928\" data-element_type=\"section\" data-e-type=\"section\" data-settings=\"{&quot;background_background&quot;:&quot;classic&quot;}\">\n\t\t\t\t\t\t<div class=\"elementor-container elementor-column-gap-default\">\n\t\t\t\t\t<div class=\"elementor-column elementor-col-100 elementor-top-column elementor-element elementor-element-71daf8a\" data-id=\"71daf8a\" data-element_type=\"column\" data-e-type=\"column\">\n\t\t\t<div class=\"elementor-widget-wrap elementor-element-populated\">\n\t\t\t\t\t\t<div class=\"elementor-element elementor-element-51591b1 elementor-widget elementor-widget-heading\" data-id=\"51591b1\" data-element_type=\"widget\" data-e-type=\"widget\" data-widget_type=\"heading.default\">\n\t\t\t\t<div class=\"elementor-widget-container\">\n\t\t\t\t\t<h2 class=\"elementor-heading-title elementor-size-default\">Hoe werkt de KBC-huurwaarborg?<\/h2>\t\t\t\t<\/div>\n\t\t\t\t<\/div>\n\t\t\t\t<div class=\"elementor-element elementor-element-adff136 elementor-widget elementor-widget-text-editor\" data-id=\"adff136\" data-element_type=\"widget\" data-e-type=\"widget\" data-widget_type=\"text-editor.default\">\n\t\t\t\t<div class=\"elementor-widget-container\">\n\t\t\t\t\t\t\t\t\t<p>De huurwaarborg van KBC neemt de vorm aan van een <strong>geblokkeerde rekening<\/strong> op naam van de huurder. De huurder stort het door de verhuurder gevraagde bedrag van 2 of 3 maanden huur, dat ontoegankelijk blijft tijdens de duur van het huurcontract. De rekening is beveiligd en kan niet worden gebruikt zonder schriftelijke toestemming van beide partijen. Aan het einde van de <span style=\"text-decoration: underline;\"><a href=\"https:\/\/garantie.be\/nl\/huurcontract\/\">lease<\/a><\/span> kunnen de fondsen geheel of gedeeltelijk worden vrijgegeven, afhankelijk van de <span style=\"text-decoration: underline;\"><a href=\"https:\/\/garantie.be\/nl\/plaatsbeschrijving-bij-de-uitgang\/\">plaatsbeschrijving<\/a><\/span> en eventuele huurschulden.   <\/p>\t\t\t\t\t\t\t\t<\/div>\n\t\t\t\t<\/div>\n\t\t\t\t<div class=\"elementor-element elementor-element-9ed9136 elementor-widget elementor-widget-heading\" data-id=\"9ed9136\" data-element_type=\"widget\" data-e-type=\"widget\" data-widget_type=\"heading.default\">\n\t\t\t\t<div class=\"elementor-widget-container\">\n\t\t\t\t\t<h2 class=\"elementor-heading-title elementor-size-default\">Kan ik online een KBC huurwaarborg afsluiten?<\/h2>\t\t\t\t<\/div>\n\t\t\t\t<\/div>\n\t\t\t\t<div class=\"elementor-element elementor-element-121f667 elementor-widget elementor-widget-text-editor\" data-id=\"121f667\" data-element_type=\"widget\" data-e-type=\"widget\" data-widget_type=\"text-editor.default\">\n\t\t\t\t<div class=\"elementor-widget-container\">\n\t\t\t\t\t\t\t\t\t<p>Ja, bij KBC kunt u een <a href=\"https:\/\/garantie.be\/nl\/huurwaarborg-online\/\"><span style=\"text-decoration: underline;\">huurwaarborg online<\/span><\/a> op voorwaarde dat je al klant bent bij de bank. Het proces kan worden opgestart via de mobiele applicatie of de website, met elektronische validatie van het <span style=\"text-decoration: underline;\"><a href=\"https:\/\/garantie.be\/nl\/huurcontract\/\">huurovereenkomst<\/a><\/span> en de bedragen. Als je echter voor het eerst een rekening opent of een complexe aanvraag hebt, kan het nodig zijn om een afspraak te maken in een kantoor.  <\/p>\t\t\t\t\t\t\t\t<\/div>\n\t\t\t\t<\/div>\n\t\t\t\t<div class=\"elementor-element elementor-element-fc96dc1 elementor-widget elementor-widget-heading\" data-id=\"fc96dc1\" data-element_type=\"widget\" data-e-type=\"widget\" data-widget_type=\"heading.default\">\n\t\t\t\t<div class=\"elementor-widget-container\">\n\t\t\t\t\t<h2 class=\"elementor-heading-title elementor-size-default\">Hoe lang duurt het om een huurwaarborg te regelen bij KBC?<\/h2>\t\t\t\t<\/div>\n\t\t\t\t<\/div>\n\t\t\t\t<div class=\"elementor-element elementor-element-158b447 elementor-widget elementor-widget-text-editor\" data-id=\"158b447\" data-element_type=\"widget\" data-e-type=\"widget\" data-widget_type=\"text-editor.default\">\n\t\t\t\t<div class=\"elementor-widget-container\">\n\t\t\t\t\t\t\t\t\t<p>De tijd die nodig is om een huurwaarborg bij KBC aan te maken, hangt vooral af van de beschikbaarheid van het geld van de huurder en de volledigheid van de documenten. Als alles in orde is en de cli\u00ebnt al een KBC-rekening heeft,<strong> kan de waarborg in 24 tot 48 uur worden aangemaakt<\/strong>. <\/p><p>Aan de andere kant kan het proces voor nieuwe klanten of onvolledige <strong>aanvragen tot een week duren<\/strong>.<\/p>\t\t\t\t\t\t\t\t<\/div>\n\t\t\t\t<\/div>\n\t\t\t\t<div class=\"elementor-element elementor-element-057584a elementor-widget elementor-widget-heading\" data-id=\"057584a\" data-element_type=\"widget\" data-e-type=\"widget\" data-widget_type=\"heading.default\">\n\t\t\t\t<div class=\"elementor-widget-container\">\n\t\t\t\t\t<h2 class=\"elementor-heading-title elementor-size-default\">Vervroegde vrijgave van de KBC-waarborg<\/h2>\t\t\t\t<\/div>\n\t\t\t\t<\/div>\n\t\t\t\t<div class=\"elementor-element elementor-element-fe4defc elementor-widget elementor-widget-text-editor\" data-id=\"fe4defc\" data-element_type=\"widget\" data-e-type=\"widget\" data-widget_type=\"text-editor.default\">\n\t\t\t\t<div class=\"elementor-widget-container\">\n\t\t\t\t\t\t\t\t\t<p>Het is mogelijk om de geblokkeerde tegoeden op uw KBC-rekening vrij te krijgen voor het einde van de huurovereenkomst. Om de tegoeden die op uw KBC-rekening staan in het kader van de huurwaarborg terug te krijgen, leest u ons artikel over de <span style=\"text-decoration: underline;\"><a href=\"https:\/\/garantie.be\/nl\/vrijgave-huurwaarborg-online-formulier\/\">vrijgave van de huurwaarborg<\/a><\/span>. <\/p>\t\t\t\t\t\t\t\t<\/div>\n\t\t\t\t<\/div>\n\t\t\t\t\t<\/div>\n\t\t<\/div>\n\t\t\t\t\t<\/div>\n\t\t<\/section>\n\t\t\t\t<\/div>\n\t\t","protected":false},"excerpt":{"rendered":"<p>KBC huurwaarborg KBC is een van de grootste banken van Belgi\u00eb. Ze is niet alleen actief in het bankwezen, maar ook in verzekeringen. Het is de op \u00e9\u00e9n na grootste bankverzekeraar in Belgi\u00eb. In Belgi\u00eb verschillen de merken van de Groep van gemeenschap tot gemeenschap: KBC is aanwezig in Vlaanderen en de Duitstalige Gemeenschap van [&hellip;]<\/p>\n","protected":false},"author":1,"featured_media":0,"parent":0,"menu_order":0,"comment_status":"closed","ping_status":"closed","template":"","meta":{"footnotes":""},"class_list":["post-1727","page","type-page","status-publish","hentry"],"yoast_head":"<!-- This site is optimized with the Yoast SEO plugin v27.4 - https:\/\/yoast.com\/product\/yoast-seo-wordpress\/ -->\n<title>Huurwaarborg KBC bank online | Geblokkeerde rekening<\/title>\n<meta name=\"description\" content=\"Ontdek alles over de huurwaarborg van KBC Bank. We vertellen je hoe het werkt en hoe lang het duurt.\" \/>\n<meta name=\"robots\" content=\"index, follow, max-snippet:-1, max-image-preview:large, max-video-preview:-1\" \/>\n<link rel=\"canonical\" href=\"https:\/\/garantie.be\/nl\/kbc-huurwaarborg\/\" \/>\n<meta property=\"og:locale\" content=\"nl_NL\" \/>\n<meta property=\"og:type\" content=\"article\" \/>\n<meta property=\"og:title\" content=\"Huurwaarborg KBC bank online | Geblokkeerde rekening\" \/>\n<meta property=\"og:description\" content=\"Ontdek alles over de huurwaarborg van KBC Bank. We vertellen je hoe het werkt en hoe lang het duurt.\" \/>\n<meta property=\"og:url\" content=\"https:\/\/garantie.be\/nl\/kbc-huurwaarborg\/\" \/>\n<meta property=\"og:site_name\" content=\"Waarborg\" \/>\n<meta property=\"article:modified_time\" content=\"2025-05-05T07:08:52+00:00\" \/>\n<meta property=\"og:image\" content=\"https:\/\/garantie.be\/wp-content\/uploads\/elementor\/thumbs\/Logo-2-garantie-alone-1-pe5xec7dnfsf8cs3rtfffen34plb9ip2rjyfhjeqd0.jpg\" \/>\n<meta name=\"twitter:card\" content=\"summary_large_image\" \/>\n<meta name=\"twitter:label1\" content=\"Geschatte leestijd\" \/>\n\t<meta name=\"twitter:data1\" content=\"3 minuten\" \/>\n<script type=\"application\/ld+json\" class=\"yoast-schema-graph\">{\"@context\":\"https:\\\/\\\/schema.org\",\"@graph\":[{\"@type\":\"WebPage\",\"@id\":\"https:\\\/\\\/garantie.be\\\/nl\\\/kbc-huurwaarborg\\\/\",\"url\":\"https:\\\/\\\/garantie.be\\\/nl\\\/kbc-huurwaarborg\\\/\",\"name\":\"Huurwaarborg KBC bank online | Geblokkeerde rekening\",\"isPartOf\":{\"@id\":\"https:\\\/\\\/garantie.be\\\/nl\\\/#website\"},\"primaryImageOfPage\":{\"@id\":\"https:\\\/\\\/garantie.be\\\/nl\\\/kbc-huurwaarborg\\\/#primaryimage\"},\"image\":{\"@id\":\"https:\\\/\\\/garantie.be\\\/nl\\\/kbc-huurwaarborg\\\/#primaryimage\"},\"thumbnailUrl\":\"https:\\\/\\\/garantie.be\\\/wp-content\\\/uploads\\\/elementor\\\/thumbs\\\/Logo-2-garantie-alone-1-pe5xec7dnfsf8cs3rtfffen34plb9ip2rjyfhjeqd0.jpg\",\"datePublished\":\"2020-12-26T13:06:48+00:00\",\"dateModified\":\"2025-05-05T07:08:52+00:00\",\"description\":\"Ontdek alles over de huurwaarborg van KBC Bank. We vertellen je hoe het werkt en hoe lang het duurt.\",\"breadcrumb\":{\"@id\":\"https:\\\/\\\/garantie.be\\\/nl\\\/kbc-huurwaarborg\\\/#breadcrumb\"},\"inLanguage\":\"nl-NL\",\"potentialAction\":[{\"@type\":\"ReadAction\",\"target\":[\"https:\\\/\\\/garantie.be\\\/nl\\\/kbc-huurwaarborg\\\/\"]}]},{\"@type\":\"ImageObject\",\"inLanguage\":\"nl-NL\",\"@id\":\"https:\\\/\\\/garantie.be\\\/nl\\\/kbc-huurwaarborg\\\/#primaryimage\",\"url\":\"https:\\\/\\\/garantie.be\\\/wp-content\\\/uploads\\\/elementor\\\/thumbs\\\/Logo-2-garantie-alone-1-pe5xec7dnfsf8cs3rtfffen34plb9ip2rjyfhjeqd0.jpg\",\"contentUrl\":\"https:\\\/\\\/garantie.be\\\/wp-content\\\/uploads\\\/elementor\\\/thumbs\\\/Logo-2-garantie-alone-1-pe5xec7dnfsf8cs3rtfffen34plb9ip2rjyfhjeqd0.jpg\"},{\"@type\":\"BreadcrumbList\",\"@id\":\"https:\\\/\\\/garantie.be\\\/nl\\\/kbc-huurwaarborg\\\/#breadcrumb\",\"itemListElement\":[{\"@type\":\"ListItem\",\"position\":1,\"name\":\"Accueil\",\"item\":\"https:\\\/\\\/garantie.be\\\/nl\\\/\"},{\"@type\":\"ListItem\",\"position\":2,\"name\":\"kbc-huurwaarborg\"}]},{\"@type\":\"WebSite\",\"@id\":\"https:\\\/\\\/garantie.be\\\/nl\\\/#website\",\"url\":\"https:\\\/\\\/garantie.be\\\/nl\\\/\",\"name\":\"Waarborg\",\"description\":\"\",\"publisher\":{\"@id\":\"https:\\\/\\\/garantie.be\\\/nl\\\/#organization\"},\"potentialAction\":[{\"@type\":\"SearchAction\",\"target\":{\"@type\":\"EntryPoint\",\"urlTemplate\":\"https:\\\/\\\/garantie.be\\\/nl\\\/?s={search_term_string}\"},\"query-input\":{\"@type\":\"PropertyValueSpecification\",\"valueRequired\":true,\"valueName\":\"search_term_string\"}}],\"inLanguage\":\"nl-NL\"},{\"@type\":\"Organization\",\"@id\":\"https:\\\/\\\/garantie.be\\\/nl\\\/#organization\",\"name\":\"Garantie.be\",\"url\":\"https:\\\/\\\/garantie.be\\\/nl\\\/\",\"logo\":{\"@type\":\"ImageObject\",\"inLanguage\":\"nl-NL\",\"@id\":\"https:\\\/\\\/garantie.be\\\/nl\\\/#\\\/schema\\\/logo\\\/image\\\/\",\"url\":\"\",\"contentUrl\":\"\",\"caption\":\"Garantie.be\"},\"image\":{\"@id\":\"https:\\\/\\\/garantie.be\\\/nl\\\/#\\\/schema\\\/logo\\\/image\\\/\"}}]}<\/script>\n<!-- \/ Yoast SEO plugin. -->","yoast_head_json":{"title":"Huurwaarborg KBC bank online | Geblokkeerde rekening","description":"Ontdek alles over de huurwaarborg van KBC Bank. We vertellen je hoe het werkt en hoe lang het duurt.","robots":{"index":"index","follow":"follow","max-snippet":"max-snippet:-1","max-image-preview":"max-image-preview:large","max-video-preview":"max-video-preview:-1"},"canonical":"https:\/\/garantie.be\/nl\/kbc-huurwaarborg\/","og_locale":"nl_NL","og_type":"article","og_title":"Huurwaarborg KBC bank online | Geblokkeerde rekening","og_description":"Ontdek alles over de huurwaarborg van KBC Bank. We vertellen je hoe het werkt en hoe lang het duurt.","og_url":"https:\/\/garantie.be\/nl\/kbc-huurwaarborg\/","og_site_name":"Waarborg","article_modified_time":"2025-05-05T07:08:52+00:00","og_image":[{"url":"https:\/\/garantie.be\/wp-content\/uploads\/elementor\/thumbs\/Logo-2-garantie-alone-1-pe5xec7dnfsf8cs3rtfffen34plb9ip2rjyfhjeqd0.jpg","type":"","width":"","height":""}],"twitter_card":"summary_large_image","twitter_misc":{"Geschatte leestijd":"3 minuten"},"schema":{"@context":"https:\/\/schema.org","@graph":[{"@type":"WebPage","@id":"https:\/\/garantie.be\/nl\/kbc-huurwaarborg\/","url":"https:\/\/garantie.be\/nl\/kbc-huurwaarborg\/","name":"Huurwaarborg KBC bank online | Geblokkeerde rekening","isPartOf":{"@id":"https:\/\/garantie.be\/nl\/#website"},"primaryImageOfPage":{"@id":"https:\/\/garantie.be\/nl\/kbc-huurwaarborg\/#primaryimage"},"image":{"@id":"https:\/\/garantie.be\/nl\/kbc-huurwaarborg\/#primaryimage"},"thumbnailUrl":"https:\/\/garantie.be\/wp-content\/uploads\/elementor\/thumbs\/Logo-2-garantie-alone-1-pe5xec7dnfsf8cs3rtfffen34plb9ip2rjyfhjeqd0.jpg","datePublished":"2020-12-26T13:06:48+00:00","dateModified":"2025-05-05T07:08:52+00:00","description":"Ontdek alles over de huurwaarborg van KBC Bank. We vertellen je hoe het werkt en hoe lang het duurt.","breadcrumb":{"@id":"https:\/\/garantie.be\/nl\/kbc-huurwaarborg\/#breadcrumb"},"inLanguage":"nl-NL","potentialAction":[{"@type":"ReadAction","target":["https:\/\/garantie.be\/nl\/kbc-huurwaarborg\/"]}]},{"@type":"ImageObject","inLanguage":"nl-NL","@id":"https:\/\/garantie.be\/nl\/kbc-huurwaarborg\/#primaryimage","url":"https:\/\/garantie.be\/wp-content\/uploads\/elementor\/thumbs\/Logo-2-garantie-alone-1-pe5xec7dnfsf8cs3rtfffen34plb9ip2rjyfhjeqd0.jpg","contentUrl":"https:\/\/garantie.be\/wp-content\/uploads\/elementor\/thumbs\/Logo-2-garantie-alone-1-pe5xec7dnfsf8cs3rtfffen34plb9ip2rjyfhjeqd0.jpg"},{"@type":"BreadcrumbList","@id":"https:\/\/garantie.be\/nl\/kbc-huurwaarborg\/#breadcrumb","itemListElement":[{"@type":"ListItem","position":1,"name":"Accueil","item":"https:\/\/garantie.be\/nl\/"},{"@type":"ListItem","position":2,"name":"kbc-huurwaarborg"}]},{"@type":"WebSite","@id":"https:\/\/garantie.be\/nl\/#website","url":"https:\/\/garantie.be\/nl\/","name":"Waarborg","description":"","publisher":{"@id":"https:\/\/garantie.be\/nl\/#organization"},"potentialAction":[{"@type":"SearchAction","target":{"@type":"EntryPoint","urlTemplate":"https:\/\/garantie.be\/nl\/?s={search_term_string}"},"query-input":{"@type":"PropertyValueSpecification","valueRequired":true,"valueName":"search_term_string"}}],"inLanguage":"nl-NL"},{"@type":"Organization","@id":"https:\/\/garantie.be\/nl\/#organization","name":"Garantie.be","url":"https:\/\/garantie.be\/nl\/","logo":{"@type":"ImageObject","inLanguage":"nl-NL","@id":"https:\/\/garantie.be\/nl\/#\/schema\/logo\/image\/","url":"","contentUrl":"","caption":"Garantie.be"},"image":{"@id":"https:\/\/garantie.be\/nl\/#\/schema\/logo\/image\/"}}]}},"_links":{"self":[{"href":"https:\/\/garantie.be\/nl\/wp-json\/wp\/v2\/pages\/1727","targetHints":{"allow":["GET"]}}],"collection":[{"href":"https:\/\/garantie.be\/nl\/wp-json\/wp\/v2\/pages"}],"about":[{"href":"https:\/\/garantie.be\/nl\/wp-json\/wp\/v2\/types\/page"}],"author":[{"embeddable":true,"href":"https:\/\/garantie.be\/nl\/wp-json\/wp\/v2\/users\/1"}],"replies":[{"embeddable":true,"href":"https:\/\/garantie.be\/nl\/wp-json\/wp\/v2\/comments?post=1727"}],"version-history":[{"count":0,"href":"https:\/\/garantie.be\/nl\/wp-json\/wp\/v2\/pages\/1727\/revisions"}],"wp:attachment":[{"href":"https:\/\/garantie.be\/nl\/wp-json\/wp\/v2\/media?parent=1727"}],"curies":[{"name":"wp","href":"https:\/\/api.w.org\/{rel}","templated":true}]}}