{"id":18121,"date":"2025-05-20T15:02:24","date_gmt":"2025-05-20T13:02:24","guid":{"rendered":"https:\/\/garantie.be\/zekir-naim-ramadan\/"},"modified":"2025-12-19T10:32:22","modified_gmt":"2025-12-19T09:32:22","slug":"zekir-naim-ramadan","status":"publish","type":"page","link":"https:\/\/garantie.be\/nl\/bestanden\/zekir-naim-ramadan\/","title":{"rendered":"Z\u00e9kir Naim &#8211; Belgi\u00eb"},"content":{"rendered":"\t\t<div data-elementor-type=\"wp-page\" data-elementor-id=\"18121\" class=\"elementor elementor-18121 elementor-18110\" data-elementor-post-type=\"page\">\n\t\t\t\t\t\t<section class=\"elementor-section elementor-top-section elementor-element elementor-element-45b54c23 elementor-section-boxed elementor-section-height-default elementor-section-height-default\" data-id=\"45b54c23\" data-element_type=\"section\" data-e-type=\"section\">\n\t\t\t\t\t\t<div class=\"elementor-container elementor-column-gap-default\">\n\t\t\t\t\t<div class=\"elementor-column elementor-col-100 elementor-top-column elementor-element elementor-element-782f2a39\" data-id=\"782f2a39\" data-element_type=\"column\" data-e-type=\"column\">\n\t\t\t<div class=\"elementor-widget-wrap elementor-element-populated\">\n\t\t\t\t\t\t<div class=\"elementor-element elementor-element-21807361 elementor-widget elementor-widget-spacer\" data-id=\"21807361\" data-element_type=\"widget\" data-e-type=\"widget\" data-widget_type=\"spacer.default\">\n\t\t\t\t<div class=\"elementor-widget-container\">\n\t\t\t\t\t\t\t<div class=\"elementor-spacer\">\n\t\t\t<div class=\"elementor-spacer-inner\"><\/div>\n\t\t<\/div>\n\t\t\t\t\t\t<\/div>\n\t\t\t\t<\/div>\n\t\t\t\t\t<\/div>\n\t\t<\/div>\n\t\t\t\t\t<\/div>\n\t\t<\/section>\n\t\t\t\t<section class=\"elementor-section elementor-top-section elementor-element elementor-element-60066d8a elementor-section-boxed elementor-section-height-default elementor-section-height-default\" data-id=\"60066d8a\" data-element_type=\"section\" data-e-type=\"section\">\n\t\t\t\t\t\t<div class=\"elementor-container elementor-column-gap-default\">\n\t\t\t\t\t<div class=\"elementor-column elementor-col-100 elementor-top-column elementor-element elementor-element-4095f3a7\" data-id=\"4095f3a7\" data-element_type=\"column\" data-e-type=\"column\">\n\t\t\t<div class=\"elementor-widget-wrap elementor-element-populated\">\n\t\t\t\t\t\t<div class=\"elementor-element elementor-element-4e98a1fa elementor-widget elementor-widget-heading\" data-id=\"4e98a1fa\" data-element_type=\"widget\" data-e-type=\"widget\" data-widget_type=\"heading.default\">\n\t\t\t\t<div class=\"elementor-widget-container\">\n\t\t\t\t\t<h1 class=\"elementor-heading-title elementor-size-default\">Z\u00e9kir Naim<\/h1>\t\t\t\t<\/div>\n\t\t\t\t<\/div>\n\t\t\t\t\t<\/div>\n\t\t<\/div>\n\t\t\t\t\t<\/div>\n\t\t<\/section>\n\t\t\t\t<section class=\"elementor-section elementor-top-section elementor-element elementor-element-62bc228d elementor-section-boxed elementor-section-height-default elementor-section-height-default\" data-id=\"62bc228d\" data-element_type=\"section\" data-e-type=\"section\">\n\t\t\t\t\t\t<div class=\"elementor-container elementor-column-gap-default\">\n\t\t\t\t\t<div class=\"elementor-column elementor-col-100 elementor-top-column elementor-element elementor-element-4962a303\" data-id=\"4962a303\" data-element_type=\"column\" data-e-type=\"column\">\n\t\t\t<div class=\"elementor-widget-wrap elementor-element-populated\">\n\t\t\t\t\t\t<div class=\"elementor-element elementor-element-2c5449a6 elementor-widget elementor-widget-text-editor\" data-id=\"2c5449a6\" data-element_type=\"widget\" data-e-type=\"widget\" data-widget_type=\"text-editor.default\">\n\t\t\t\t<div class=\"elementor-widget-container\">\n\t\t\t\t\t\t\t\t\t<p><strong data-start=\"268\" data-end=\"435\">Op deze pagina staat Z\u00e9kir Naim als voormalige klant van garantie.be.<\/strong><\/p><p>Z\u00e9kir Naim profiteerde van onze <span style=\"text-decoration: underline;\"><a href=\"https:\/\/garantie.be\/nl\/waarborg-belgie\/\">huurwaarborg<\/a><\/span>. Als onderdeel van onze garantie aan zijn huisbaas moesten we zijn huurschulden dekken. Er wordt momenteel gezocht naar een minnelijke schikking.<\/p>\t\t\t\t\t\t\t\t<\/div>\n\t\t\t\t<\/div>\n\t\t\t\t\t<\/div>\n\t\t<\/div>\n\t\t\t\t\t<\/div>\n\t\t<\/section>\n\t\t\t\t<section class=\"elementor-section elementor-top-section elementor-element elementor-element-2823f324 elementor-section-boxed elementor-section-height-default elementor-section-height-default\" data-id=\"2823f324\" data-element_type=\"section\" data-e-type=\"section\">\n\t\t\t\t\t\t<div class=\"elementor-container elementor-column-gap-default\">\n\t\t\t\t\t<div class=\"elementor-column elementor-col-100 elementor-top-column elementor-element elementor-element-50da16e0\" data-id=\"50da16e0\" data-element_type=\"column\" data-e-type=\"column\">\n\t\t\t<div class=\"elementor-widget-wrap elementor-element-populated\">\n\t\t\t\t\t\t<div class=\"elementor-element elementor-element-7b628a01 elementor-widget elementor-widget-text-editor\" data-id=\"7b628a01\" data-element_type=\"widget\" data-e-type=\"widget\" data-widget_type=\"text-editor.default\">\n\t\t\t\t<div class=\"elementor-widget-container\">\n\t\t\t\t\t\t\t\t\t<p class=\"\" data-start=\"404\" data-end=\"705\">Z\u00e9kir Naim is een voormalige huurder die een <strong data-start=\"757\" data-end=\"808\">huurwaarborg afsloot via het garantie.be platform<\/strong> om een huurcontract in Belgi\u00eb veilig te stellen. Dankzij onze service konden we namens haar garant staan, waardoor ze de woning kon betrekken zonder de door de verhuurder gevraagde borg te hoeven betalen.<\/p>\t\t\t\t\t\t\t\t<\/div>\n\t\t\t\t<\/div>\n\t\t\t\t\t<\/div>\n\t\t<\/div>\n\t\t\t\t\t<\/div>\n\t\t<\/section>\n\t\t\t\t<section class=\"elementor-section elementor-top-section elementor-element elementor-element-3a215822 elementor-section-boxed elementor-section-height-default elementor-section-height-default\" data-id=\"3a215822\" data-element_type=\"section\" data-e-type=\"section\">\n\t\t\t\t\t\t<div class=\"elementor-container elementor-column-gap-default\">\n\t\t\t\t\t<div class=\"elementor-column elementor-col-50 elementor-top-column elementor-element elementor-element-27546f47\" data-id=\"27546f47\" data-element_type=\"column\" data-e-type=\"column\">\n\t\t\t<div class=\"elementor-widget-wrap elementor-element-populated\">\n\t\t\t\t\t\t<div class=\"elementor-element elementor-element-1ef98fd5 elementor-widget elementor-widget-image\" data-id=\"1ef98fd5\" data-element_type=\"widget\" data-e-type=\"widget\" data-widget_type=\"image.default\">\n\t\t\t\t<div class=\"elementor-widget-container\">\n\t\t\t\t\t\t\t\t\t\t\t\t\t\t\t<img decoding=\"async\" width=\"94\" height=\"94\" src=\"https:\/\/garantie.be\/wp-content\/uploads\/2021\/04\/IPID-exlcus-assurance.jpg\" class=\"attachment-large size-large wp-image-3087\" alt=\"IPID exlcus verzekering\" \/>\t\t\t\t\t\t\t\t\t\t\t\t\t\t\t<\/div>\n\t\t\t\t<\/div>\n\t\t\t\t\t<\/div>\n\t\t<\/div>\n\t\t\t\t<div class=\"elementor-column elementor-col-50 elementor-top-column elementor-element elementor-element-6b7b955d\" data-id=\"6b7b955d\" data-element_type=\"column\" data-e-type=\"column\">\n\t\t\t<div class=\"elementor-widget-wrap elementor-element-populated\">\n\t\t\t\t\t\t<div class=\"elementor-element elementor-element-fb7d01a elementor-widget elementor-widget-heading\" data-id=\"fb7d01a\" data-element_type=\"widget\" data-e-type=\"widget\" data-widget_type=\"heading.default\">\n\t\t\t\t<div class=\"elementor-widget-container\">\n\t\t\t\t\t<h2 class=\"elementor-heading-title elementor-size-default\">Waarschuwing<\/h2>\t\t\t\t<\/div>\n\t\t\t\t<\/div>\n\t\t\t\t<div class=\"elementor-element elementor-element-400e2636 elementor-widget elementor-widget-text-editor\" data-id=\"400e2636\" data-element_type=\"widget\" data-e-type=\"widget\" data-widget_type=\"text-editor.default\">\n\t\t\t\t<div class=\"elementor-widget-container\">\n\t\t\t\t\t\t\t\t\t<p>Als u eigenaar, verhuurder of vastgoeddienstverlener bent, verzoeken <strong data-start=\"2512\" data-end=\"2608\">wij u dringend om voorzichtig te zijn wanneer u een mogelijke verbintenis met Z\u00e9kir Naim overweegt<\/strong>.<\/p><p>Deze pagina is bedoeld om andere structuren te waarschuwen voor de <strong data-start=\"2671\" data-end=\"2701\">contractuele kwade trouw<\/strong> van deze klant en om meer waakzaamheid aan te moedigen bij toekomstige samenwerkingen.<\/p>\t\t\t\t\t\t\t\t<\/div>\n\t\t\t\t<\/div>\n\t\t\t\t\t<\/div>\n\t\t<\/div>\n\t\t\t\t\t<\/div>\n\t\t<\/section>\n\t\t\t\t<\/div>\n\t\t","protected":false},"excerpt":{"rendered":"<p>Z\u00e9kir Naim Op deze pagina staat Z\u00e9kir Naim als voormalige klant van garantie.be. Z\u00e9kir Naim profiteerde van onze huurwaarborg. Als onderdeel van onze garantie aan zijn huisbaas moesten we zijn huurschulden dekken. Er wordt momenteel gezocht naar een minnelijke schikking. Z\u00e9kir Naim is een voormalige huurder die een huurwaarborg afsloot via het garantie.be platform om [&hellip;]<\/p>\n","protected":false},"author":1,"featured_media":0,"parent":17873,"menu_order":0,"comment_status":"closed","ping_status":"closed","template":"","meta":{"footnotes":""},"class_list":["post-18121","page","type-page","status-publish","hentry"],"yoast_head":"<!-- This site is optimized with the Yoast SEO plugin v27.3 - https:\/\/yoast.com\/product\/yoast-seo-wordpress\/ -->\n<title>Z\u00e9kir Naim - Belgi\u00eb<\/title>\n<meta name=\"description\" content=\"Z\u00e9kir Naim heeft geprofiteerd van onze huurgarantie. Neem contact met ons op voordat je een huurovereenkomst tekent met Z\u00e9kir Naim\" \/>\n<meta name=\"robots\" content=\"index, follow, max-snippet:-1, max-image-preview:large, max-video-preview:-1\" \/>\n<link rel=\"canonical\" href=\"https:\/\/garantie.be\/nl\/bestanden\/zekir-naim-ramadan\/\" \/>\n<meta property=\"og:locale\" content=\"nl_NL\" \/>\n<meta property=\"og:type\" content=\"article\" \/>\n<meta property=\"og:title\" content=\"Z\u00e9kir Naim - Belgi\u00eb\" \/>\n<meta property=\"og:description\" content=\"Z\u00e9kir Naim heeft geprofiteerd van onze huurgarantie. Neem contact met ons op voordat je een huurovereenkomst tekent met Z\u00e9kir Naim\" \/>\n<meta property=\"og:url\" content=\"https:\/\/garantie.be\/nl\/bestanden\/zekir-naim-ramadan\/\" \/>\n<meta property=\"og:site_name\" content=\"Waarborg\" \/>\n<meta property=\"article:modified_time\" content=\"2025-12-19T09:32:22+00:00\" \/>\n<meta property=\"og:image\" content=\"https:\/\/garantie.be\/wp-content\/uploads\/2021\/04\/IPID-exlcus-assurance.jpg\" \/>\n<meta name=\"twitter:card\" content=\"summary_large_image\" \/>\n<meta name=\"twitter:label1\" content=\"Geschatte leestijd\" \/>\n\t<meta name=\"twitter:data1\" content=\"1 minuut\" \/>\n<script type=\"application\/ld+json\" class=\"yoast-schema-graph\">{\"@context\":\"https:\\\/\\\/schema.org\",\"@graph\":[{\"@type\":\"WebPage\",\"@id\":\"https:\\\/\\\/garantie.be\\\/nl\\\/bestanden\\\/zekir-naim-ramadan\\\/\",\"url\":\"https:\\\/\\\/garantie.be\\\/nl\\\/bestanden\\\/zekir-naim-ramadan\\\/\",\"name\":\"Z\u00e9kir Naim - Belgi\u00eb\",\"isPartOf\":{\"@id\":\"https:\\\/\\\/garantie.be\\\/nl\\\/#website\"},\"primaryImageOfPage\":{\"@id\":\"https:\\\/\\\/garantie.be\\\/nl\\\/bestanden\\\/zekir-naim-ramadan\\\/#primaryimage\"},\"image\":{\"@id\":\"https:\\\/\\\/garantie.be\\\/nl\\\/bestanden\\\/zekir-naim-ramadan\\\/#primaryimage\"},\"thumbnailUrl\":\"https:\\\/\\\/garantie.be\\\/wp-content\\\/uploads\\\/2021\\\/04\\\/IPID-exlcus-assurance.jpg\",\"datePublished\":\"2025-05-20T13:02:24+00:00\",\"dateModified\":\"2025-12-19T09:32:22+00:00\",\"description\":\"Z\u00e9kir Naim heeft geprofiteerd van onze huurgarantie. Neem contact met ons op voordat je een huurovereenkomst tekent met Z\u00e9kir Naim\",\"breadcrumb\":{\"@id\":\"https:\\\/\\\/garantie.be\\\/nl\\\/bestanden\\\/zekir-naim-ramadan\\\/#breadcrumb\"},\"inLanguage\":\"nl-NL\",\"potentialAction\":[{\"@type\":\"ReadAction\",\"target\":[\"https:\\\/\\\/garantie.be\\\/nl\\\/bestanden\\\/zekir-naim-ramadan\\\/\"]}]},{\"@type\":\"ImageObject\",\"inLanguage\":\"nl-NL\",\"@id\":\"https:\\\/\\\/garantie.be\\\/nl\\\/bestanden\\\/zekir-naim-ramadan\\\/#primaryimage\",\"url\":\"https:\\\/\\\/garantie.be\\\/wp-content\\\/uploads\\\/2021\\\/04\\\/IPID-exlcus-assurance.jpg\",\"contentUrl\":\"https:\\\/\\\/garantie.be\\\/wp-content\\\/uploads\\\/2021\\\/04\\\/IPID-exlcus-assurance.jpg\"},{\"@type\":\"BreadcrumbList\",\"@id\":\"https:\\\/\\\/garantie.be\\\/nl\\\/bestanden\\\/zekir-naim-ramadan\\\/#breadcrumb\",\"itemListElement\":[{\"@type\":\"ListItem\",\"position\":1,\"name\":\"Accueil\",\"item\":\"https:\\\/\\\/garantie.be\\\/nl\\\/\"},{\"@type\":\"ListItem\",\"position\":2,\"name\":\"Klantdossiers in de wacht\",\"item\":\"https:\\\/\\\/garantie.be\\\/nl\\\/bestanden\\\/\"},{\"@type\":\"ListItem\",\"position\":3,\"name\":\"Z\u00e9kir Naim &#8211; Belgi\u00eb\"}]},{\"@type\":\"WebSite\",\"@id\":\"https:\\\/\\\/garantie.be\\\/nl\\\/#website\",\"url\":\"https:\\\/\\\/garantie.be\\\/nl\\\/\",\"name\":\"Waarborg\",\"description\":\"\",\"publisher\":{\"@id\":\"https:\\\/\\\/garantie.be\\\/nl\\\/#organization\"},\"potentialAction\":[{\"@type\":\"SearchAction\",\"target\":{\"@type\":\"EntryPoint\",\"urlTemplate\":\"https:\\\/\\\/garantie.be\\\/nl\\\/?s={search_term_string}\"},\"query-input\":{\"@type\":\"PropertyValueSpecification\",\"valueRequired\":true,\"valueName\":\"search_term_string\"}}],\"inLanguage\":\"nl-NL\"},{\"@type\":\"Organization\",\"@id\":\"https:\\\/\\\/garantie.be\\\/nl\\\/#organization\",\"name\":\"Garantie.be\",\"url\":\"https:\\\/\\\/garantie.be\\\/nl\\\/\",\"logo\":{\"@type\":\"ImageObject\",\"inLanguage\":\"nl-NL\",\"@id\":\"https:\\\/\\\/garantie.be\\\/nl\\\/#\\\/schema\\\/logo\\\/image\\\/\",\"url\":\"\",\"contentUrl\":\"\",\"caption\":\"Garantie.be\"},\"image\":{\"@id\":\"https:\\\/\\\/garantie.be\\\/nl\\\/#\\\/schema\\\/logo\\\/image\\\/\"}}]}<\/script>\n<!-- \/ Yoast SEO plugin. -->","yoast_head_json":{"title":"Z\u00e9kir Naim - Belgi\u00eb","description":"Z\u00e9kir Naim heeft geprofiteerd van onze huurgarantie. Neem contact met ons op voordat je een huurovereenkomst tekent met Z\u00e9kir Naim","robots":{"index":"index","follow":"follow","max-snippet":"max-snippet:-1","max-image-preview":"max-image-preview:large","max-video-preview":"max-video-preview:-1"},"canonical":"https:\/\/garantie.be\/nl\/bestanden\/zekir-naim-ramadan\/","og_locale":"nl_NL","og_type":"article","og_title":"Z\u00e9kir Naim - Belgi\u00eb","og_description":"Z\u00e9kir Naim heeft geprofiteerd van onze huurgarantie. Neem contact met ons op voordat je een huurovereenkomst tekent met Z\u00e9kir Naim","og_url":"https:\/\/garantie.be\/nl\/bestanden\/zekir-naim-ramadan\/","og_site_name":"Waarborg","article_modified_time":"2025-12-19T09:32:22+00:00","og_image":[{"url":"https:\/\/garantie.be\/wp-content\/uploads\/2021\/04\/IPID-exlcus-assurance.jpg","type":"","width":"","height":""}],"twitter_card":"summary_large_image","twitter_misc":{"Geschatte leestijd":"1 minuut"},"schema":{"@context":"https:\/\/schema.org","@graph":[{"@type":"WebPage","@id":"https:\/\/garantie.be\/nl\/bestanden\/zekir-naim-ramadan\/","url":"https:\/\/garantie.be\/nl\/bestanden\/zekir-naim-ramadan\/","name":"Z\u00e9kir Naim - Belgi\u00eb","isPartOf":{"@id":"https:\/\/garantie.be\/nl\/#website"},"primaryImageOfPage":{"@id":"https:\/\/garantie.be\/nl\/bestanden\/zekir-naim-ramadan\/#primaryimage"},"image":{"@id":"https:\/\/garantie.be\/nl\/bestanden\/zekir-naim-ramadan\/#primaryimage"},"thumbnailUrl":"https:\/\/garantie.be\/wp-content\/uploads\/2021\/04\/IPID-exlcus-assurance.jpg","datePublished":"2025-05-20T13:02:24+00:00","dateModified":"2025-12-19T09:32:22+00:00","description":"Z\u00e9kir Naim heeft geprofiteerd van onze huurgarantie. Neem contact met ons op voordat je een huurovereenkomst tekent met Z\u00e9kir Naim","breadcrumb":{"@id":"https:\/\/garantie.be\/nl\/bestanden\/zekir-naim-ramadan\/#breadcrumb"},"inLanguage":"nl-NL","potentialAction":[{"@type":"ReadAction","target":["https:\/\/garantie.be\/nl\/bestanden\/zekir-naim-ramadan\/"]}]},{"@type":"ImageObject","inLanguage":"nl-NL","@id":"https:\/\/garantie.be\/nl\/bestanden\/zekir-naim-ramadan\/#primaryimage","url":"https:\/\/garantie.be\/wp-content\/uploads\/2021\/04\/IPID-exlcus-assurance.jpg","contentUrl":"https:\/\/garantie.be\/wp-content\/uploads\/2021\/04\/IPID-exlcus-assurance.jpg"},{"@type":"BreadcrumbList","@id":"https:\/\/garantie.be\/nl\/bestanden\/zekir-naim-ramadan\/#breadcrumb","itemListElement":[{"@type":"ListItem","position":1,"name":"Accueil","item":"https:\/\/garantie.be\/nl\/"},{"@type":"ListItem","position":2,"name":"Klantdossiers in de wacht","item":"https:\/\/garantie.be\/nl\/bestanden\/"},{"@type":"ListItem","position":3,"name":"Z\u00e9kir Naim &#8211; Belgi\u00eb"}]},{"@type":"WebSite","@id":"https:\/\/garantie.be\/nl\/#website","url":"https:\/\/garantie.be\/nl\/","name":"Waarborg","description":"","publisher":{"@id":"https:\/\/garantie.be\/nl\/#organization"},"potentialAction":[{"@type":"SearchAction","target":{"@type":"EntryPoint","urlTemplate":"https:\/\/garantie.be\/nl\/?s={search_term_string}"},"query-input":{"@type":"PropertyValueSpecification","valueRequired":true,"valueName":"search_term_string"}}],"inLanguage":"nl-NL"},{"@type":"Organization","@id":"https:\/\/garantie.be\/nl\/#organization","name":"Garantie.be","url":"https:\/\/garantie.be\/nl\/","logo":{"@type":"ImageObject","inLanguage":"nl-NL","@id":"https:\/\/garantie.be\/nl\/#\/schema\/logo\/image\/","url":"","contentUrl":"","caption":"Garantie.be"},"image":{"@id":"https:\/\/garantie.be\/nl\/#\/schema\/logo\/image\/"}}]}},"_links":{"self":[{"href":"https:\/\/garantie.be\/nl\/wp-json\/wp\/v2\/pages\/18121","targetHints":{"allow":["GET"]}}],"collection":[{"href":"https:\/\/garantie.be\/nl\/wp-json\/wp\/v2\/pages"}],"about":[{"href":"https:\/\/garantie.be\/nl\/wp-json\/wp\/v2\/types\/page"}],"author":[{"embeddable":true,"href":"https:\/\/garantie.be\/nl\/wp-json\/wp\/v2\/users\/1"}],"replies":[{"embeddable":true,"href":"https:\/\/garantie.be\/nl\/wp-json\/wp\/v2\/comments?post=18121"}],"version-history":[{"count":0,"href":"https:\/\/garantie.be\/nl\/wp-json\/wp\/v2\/pages\/18121\/revisions"}],"up":[{"embeddable":true,"href":"https:\/\/garantie.be\/nl\/wp-json\/wp\/v2\/pages\/17873"}],"wp:attachment":[{"href":"https:\/\/garantie.be\/nl\/wp-json\/wp\/v2\/media?parent=18121"}],"curies":[{"name":"wp","href":"https:\/\/api.w.org\/{rel}","templated":true}]}}