{"id":19005,"date":"2025-10-08T18:35:40","date_gmt":"2025-10-08T16:35:40","guid":{"rendered":"https:\/\/garantie.be\/sjablonen-voor-leasemanagementbrieven\/opzeggingsbrief-langlopende-lease\/"},"modified":"2026-01-19T09:17:20","modified_gmt":"2026-01-19T08:17:20","slug":"opzeggingsbrief-langlopende-lease","status":"publish","type":"page","link":"https:\/\/garantie.be\/nl\/sjablonen-voor-leasemanagementbrieven\/opzeggingsbrief-langlopende-lease\/","title":{"rendered":"Gratis afstandsverklaring van langlopend huurcontract"},"content":{"rendered":"\t\t<div data-elementor-type=\"wp-page\" data-elementor-id=\"19005\" class=\"elementor elementor-19005 elementor-18996\" data-elementor-post-type=\"page\">\n\t\t\t\t\t\t<section class=\"elementor-section elementor-top-section elementor-element elementor-element-187d6841 elementor-section-boxed elementor-section-height-default elementor-section-height-default\" data-id=\"187d6841\" data-element_type=\"section\" data-e-type=\"section\">\n\t\t\t\t\t\t<div class=\"elementor-container elementor-column-gap-default\">\n\t\t\t\t\t<div class=\"elementor-column elementor-col-100 elementor-top-column elementor-element elementor-element-2f761286\" data-id=\"2f761286\" data-element_type=\"column\" data-e-type=\"column\">\n\t\t\t<div class=\"elementor-widget-wrap elementor-element-populated\">\n\t\t\t\t\t\t<div class=\"elementor-element elementor-element-5d1803bd elementor-widget elementor-widget-spacer\" data-id=\"5d1803bd\" data-element_type=\"widget\" data-e-type=\"widget\" data-widget_type=\"spacer.default\">\n\t\t\t\t<div class=\"elementor-widget-container\">\n\t\t\t\t\t\t\t<div class=\"elementor-spacer\">\n\t\t\t<div class=\"elementor-spacer-inner\"><\/div>\n\t\t<\/div>\n\t\t\t\t\t\t<\/div>\n\t\t\t\t<\/div>\n\t\t\t\t<div class=\"elementor-element elementor-element-65d2c61e elementor-widget elementor-widget-heading\" data-id=\"65d2c61e\" data-element_type=\"widget\" data-e-type=\"widget\" data-widget_type=\"heading.default\">\n\t\t\t\t<div class=\"elementor-widget-container\">\n\t\t\t\t\t<h1 class=\"elementor-heading-title elementor-size-default\">Opzeggingsbrief<br> voor een langlopend huurcontract<\/h1>\t\t\t\t<\/div>\n\t\t\t\t<\/div>\n\t\t\t\t<div class=\"elementor-element elementor-element-111c7b40 elementor-widget elementor-widget-spacer\" data-id=\"111c7b40\" data-element_type=\"widget\" data-e-type=\"widget\" data-widget_type=\"spacer.default\">\n\t\t\t\t<div class=\"elementor-widget-container\">\n\t\t\t\t\t\t\t<div class=\"elementor-spacer\">\n\t\t\t<div class=\"elementor-spacer-inner\"><\/div>\n\t\t<\/div>\n\t\t\t\t\t\t<\/div>\n\t\t\t\t<\/div>\n\t\t\t\t<div class=\"elementor-element elementor-element-46da8f32 elementor-widget elementor-widget-heading\" data-id=\"46da8f32\" data-element_type=\"widget\" data-e-type=\"widget\" data-widget_type=\"heading.default\">\n\t\t\t\t<div class=\"elementor-widget-container\">\n\t\t\t\t\t<h2 class=\"elementor-heading-title elementor-size-default\">Wanneer moet je deze afstandsbrief gebruiken?<\/h2>\t\t\t\t<\/div>\n\t\t\t\t<\/div>\n\t\t\t\t<div class=\"elementor-element elementor-element-2c727c9c elementor-widget elementor-widget-text-editor\" data-id=\"2c727c9c\" data-element_type=\"widget\" data-e-type=\"widget\" data-widget_type=\"text-editor.default\">\n\t\t\t\t<div class=\"elementor-widget-container\">\n\t\t\t\t\t\t\t\t\t<p>Met deze standaardbrief kan de huurder een huurovereenkomst van 9 jaar voor een hoofdwoning be\u00ebindigen. <span style=\"font-size: 1rem;\">De huurder kan <strong>de huurovereenkomst op elk moment be\u00ebindigen<\/strong>, mits hij <\/span>een opzegtermijn van 3 maanden in acht neemt. Deze brief is <strong>geldig voor Brussel, Vlaanderen en Walloni\u00eb<\/strong>. Het moet aangetekend worden verzonden of tegen een ontvangstbewijs worden afgegeven.<\/p>\t\t\t\t\t\t\t\t<\/div>\n\t\t\t\t<\/div>\n\t\t\t\t<div class=\"elementor-element elementor-element-65000af1 elementor-widget elementor-widget-text-editor\" data-id=\"65000af1\" data-element_type=\"widget\" data-e-type=\"widget\" data-widget_type=\"text-editor.default\">\n\t\t\t\t<div class=\"elementor-widget-container\">\n\t\t\t\t\t\t\t\t\t<p>Je kunt de tekst hieronder kopi\u00ebren en aanpassen met je eigen informatie. Je kunt ook <strong>gratis invulklare versies<\/strong> in Word- of PDF-formaat <strong>downloaden<\/strong>, die verderop op de pagina beschikbaar zijn. <\/p>\t\t\t\t\t\t\t\t<\/div>\n\t\t\t\t<\/div>\n\t\t\t\t<div class=\"elementor-element elementor-element-20156244 elementor-widget elementor-widget-text-editor\" data-id=\"20156244\" data-element_type=\"widget\" data-e-type=\"widget\" data-widget_type=\"text-editor.default\">\n\t\t\t\t<div class=\"elementor-widget-container\">\n\t\t\t\t\t\t\t\t\t<section class=\"modele-lettre\">\n  <div class=\"zone-lettre\">\n    <p><span class=\"champ\">[Volledige naam huurder]<\/span><br> <span class=\"champ\">[Volledig adres]<\/span><br> <span class=\"champ\">[Postcode, plaats]<\/span><br> Telefoon: &#8230;&#8230;&#8230;&#8230;&#8230;&#8230;&#8230;&#8230;&#8230;&#8230;&#8230;&#8230;&#8230;&#8230;&#8230;.<br> E-mail: &#8230;&#8230;&#8230;&#8230;&#8230;&#8230;&#8230;&#8230;&#8230;&#8230;&#8230;&#8230;&#8230;&#8230;&#8230;&#8230;&#8230;<\/p>\n\n    <p style=\"text-align:right;\">\n      <span class=\"champ\">Naam en voornaam verhuurder] [Adres<\/span><br>      <span class=\"champ\">[Adres van verhuurder]<\/span><br>      <span class=\"champ\">[Postcode, plaats]<\/span><br>    <\/p>\n\n    <p style=\"text-align:right;\">&#8230;&#8230;&#8230;&#8230;&#8230;&#8230;&#8230;&#8230;&#8230;&#8230;.., &#8230;&#8230;\/&#8230;&#8230;\/&#8230;&#8230;&#8230;.<\/p>\n\n    <p><strong>Aangetekende brief met ontvangstbevestiging<\/strong><\/p>\n\n    <p><strong>Betreft:<\/strong> Be\u00ebindiging van de huurovereenkomst voor 9 jaar &#8211; kennisgeving van het einde van de huurovereenkomst<\/p>\n\n    <p><strong>Geachte heer\/mevrouw<\/strong><\/p>\n\n    <p>\n  Ik verwijs naar onze huurovereenkomst voor het pand op \n <span class=\"champ\">[adresse compl\u00e8te du bien lou\u00e9]<\/span>\n ondertekend op &#8230;&#8230;\/&#8230;&#8230;\/&#8230;&#8230; .\n    <\/p>\n\n    <p>\n  In overeenstemming met de wettelijke bepalingen die van toepassing zijn op een 9-jarige huurovereenkomst voor een hoofdwoning,\n, stel ik u hierbij in kennis van mijn besluit om <strong>de huurovereenkomst te be\u00ebindigen.<\/strong>\n De opzegtermijn <strong>van drie maanden<\/strong> gaat in op de eerste dag van de maand volgend op \n ontvangst van deze brief.\n    <\/p>\n\n    <p>\n  Ik zal de woning daarom uiterlijk op \n verlaten.      <span class=\"champ\">[date de d\u00e9part pr\u00e9vue]<\/span>\n na de inventarisatie van de inrichting en het inleveren van de sleutels.\n    <\/p>\n\n    <p>\n  Hoogachtend\n    <\/p>\n\n    <p style=\"text-align:right;\"><em>[Handtekening]<\/em><\/p>\n  <\/div>\n<\/section>\n\n<style>\n  .modele-lettre {\n    background:#fafafa;\n    padding:20px;\n    border-radius:8px;\n    font-family:\"Segoe UI\", Roboto, sans-serif;\n    line-height:1.6;\n  }\n  .modele-lettre h2 {\n    color:#333;\n    margin-bottom:10px;\n  }\n  .modele-lettre .champ {\n    background-color:#f1f1f1;\n    padding:2px 6px;\n    border-radius:3px;\n  }\n  .zone-lettre {\n    background:#fff;\n    padding:20px;\n    border:1px solid #ddd;\n    border-radius:6px;\n    margin:20px 0;\n  }\n<\/style>\n\t\t\t\t\t\t\t\t<\/div>\n\t\t\t\t<\/div>\n\t\t\t\t<div class=\"elementor-element elementor-element-1db869d3 elementor-widget elementor-widget-heading\" data-id=\"1db869d3\" data-element_type=\"widget\" data-e-type=\"widget\" data-widget_type=\"heading.default\">\n\t\t\t\t<div class=\"elementor-widget-container\">\n\t\t\t\t\t<h3 class=\"elementor-heading-title elementor-size-default\">Downloads in Word- of PDF-formaat<\/h3>\t\t\t\t<\/div>\n\t\t\t\t<\/div>\n\t\t\t\t<div class=\"elementor-element elementor-element-1bae1100 elementor-widget elementor-widget-text-editor\" data-id=\"1bae1100\" data-element_type=\"widget\" data-e-type=\"widget\" data-widget_type=\"text-editor.default\">\n\t\t\t\t<div class=\"elementor-widget-container\">\n\t\t\t\t\t\t\t\t\t<p>\u2b07\ufe0f Download de <a href=\"https:\/\/garantie.be\/wp-content\/uploads\/2025\/10\/Lettre-Resiliation-de-bail-9-ans.docx\">lange-termijn huuropzeggingsbrief in Word-formaat<\/a> (.docx)<\/p><p>\u2b07\ufe0f Download de <a href=\"https:\/\/garantie.be\/wp-content\/uploads\/2025\/10\/Lettre-Resiliation-de-bail-9-ans.pdf\">opzeggingsbrief voor erfpacht in PDF-formaat<\/a> (.pdf)<\/p>\t\t\t\t\t\t\t\t<\/div>\n\t\t\t\t<\/div>\n\t\t\t\t<div class=\"elementor-element elementor-element-5325b934 elementor-widget elementor-widget-heading\" data-id=\"5325b934\" data-element_type=\"widget\" data-e-type=\"widget\" data-widget_type=\"heading.default\">\n\t\t\t\t<div class=\"elementor-widget-container\">\n\t\t\t\t\t<h2 class=\"elementor-heading-title elementor-size-default\">Tips voor het gebruik van dit model<\/h2>\t\t\t\t<\/div>\n\t\t\t\t<\/div>\n\t\t\t\t<div class=\"elementor-element elementor-element-52807b0a elementor-widget elementor-widget-text-editor\" data-id=\"52807b0a\" data-element_type=\"widget\" data-e-type=\"widget\" data-widget_type=\"text-editor.default\">\n\t\t\t\t<div class=\"elementor-widget-container\">\n\t\t\t\t\t\t\t\t\t<ul><li><strong>Verstuur<\/strong> de brief die afstand doet van het huurcontract per aangetekende post met ontvangstbevestiging: de opzegtermijn begint op de 1\u1d49\u02b3 dag van de maand na ontvangst. Als u de brief bijvoorbeeld op 15 februari verstuurt, loopt de opzegtermijn van 1\u1d49\u02b3 maart tot 31 mei. U moet de accommodatie uiterlijk op 31 mei verlaten.  <\/li><li><strong>Vergoeding<\/strong>: als je binnen de eerste 3 jaar vertrekt, vermeld dan in je ontslagbrief dat je de verschuldigde vergoeding zult betalen.<\/li><li><strong>Inventaris van de inrichting<\/strong>: plan dit uiterlijk aan het einde van de opzegtermijn, voordat de sleutels worden overhandigd.<\/li><li><strong>Bewijs<\/strong>: bewaar het post- of ontvangstbewijs als bewijs in geval van een geschil.<\/li><\/ul>\t\t\t\t\t\t\t\t<\/div>\n\t\t\t\t<\/div>\n\t\t\t\t\t<\/div>\n\t\t<\/div>\n\t\t\t\t\t<\/div>\n\t\t<\/section>\n\t\t\t\t<section class=\"elementor-section elementor-top-section elementor-element elementor-element-674559bc elementor-section-content-middle elementor-section-height-min-height elementor-section-items-stretch elementor-section-boxed elementor-section-height-default\" data-id=\"674559bc\" data-element_type=\"section\" data-e-type=\"section\">\n\t\t\t\t\t\t<div class=\"elementor-container elementor-column-gap-no\">\n\t\t\t\t\t<div class=\"elementor-column elementor-col-100 elementor-top-column elementor-element elementor-element-12175fc7\" data-id=\"12175fc7\" data-element_type=\"column\" data-e-type=\"column\" data-settings=\"{&quot;background_background&quot;:&quot;classic&quot;}\">\n\t\t\t<div class=\"elementor-widget-wrap elementor-element-populated\">\n\t\t\t\t\t\t<div class=\"elementor-element elementor-element-254097cc elementor-widget elementor-widget-text-editor\" data-id=\"254097cc\" data-element_type=\"widget\" data-e-type=\"widget\" data-widget_type=\"text-editor.default\">\n\t\t\t\t<div class=\"elementor-widget-container\">\n\t\t\t\t\t\t\t\t\t<p>Vul ons formulier in om binnen een paar uur <a href=\"https:\/\/garantie.be\/nl\/huurwaarborg-online\/\">online een huurwaarborg<\/a> te krijgen. Je blokkeert geen geld omdat we werken als een bankgarantie<\/p>\t\t\t\t\t\t\t\t<\/div>\n\t\t\t\t<\/div>\n\t\t\t\t<div class=\"elementor-element elementor-element-2390c3ba elementor-mobile-align-center elementor-align-center elementor-widget elementor-widget-button\" data-id=\"2390c3ba\" data-element_type=\"widget\" data-e-type=\"widget\" data-widget_type=\"button.default\">\n\t\t\t\t<div class=\"elementor-widget-container\">\n\t\t\t\t\t\t\t\t\t<div class=\"elementor-button-wrapper\">\n\t\t\t\t\t<a class=\"elementor-button elementor-button-link elementor-size-sm\" href=\"https:\/\/account.garantie.be\/nl\/register\/lease\">\n\t\t\t\t\t\t<span class=\"elementor-button-content-wrapper\">\n\t\t\t\t\t\t\t\t\t<span class=\"elementor-button-text\">100% online huurwaarborg formulier<\/span>\n\t\t\t\t\t<\/span>\n\t\t\t\t\t<\/a>\n\t\t\t\t<\/div>\n\t\t\t\t\t\t\t\t<\/div>\n\t\t\t\t<\/div>\n\t\t\t\t\t<\/div>\n\t\t<\/div>\n\t\t\t\t\t<\/div>\n\t\t<\/section>\n\t\t\t\t<section class=\"elementor-section elementor-top-section elementor-element elementor-element-2e1ae340 elementor-section-boxed elementor-section-height-default elementor-section-height-default\" data-id=\"2e1ae340\" data-element_type=\"section\" data-e-type=\"section\">\n\t\t\t\t\t\t<div class=\"elementor-container elementor-column-gap-default\">\n\t\t\t\t\t<div class=\"elementor-column elementor-col-100 elementor-top-column elementor-element elementor-element-3a062558\" data-id=\"3a062558\" data-element_type=\"column\" data-e-type=\"column\">\n\t\t\t<div class=\"elementor-widget-wrap elementor-element-populated\">\n\t\t\t\t\t\t<div class=\"elementor-element elementor-element-65f0f774 elementor-widget elementor-widget-spacer\" data-id=\"65f0f774\" data-element_type=\"widget\" data-e-type=\"widget\" data-widget_type=\"spacer.default\">\n\t\t\t\t<div class=\"elementor-widget-container\">\n\t\t\t\t\t\t\t<div class=\"elementor-spacer\">\n\t\t\t<div class=\"elementor-spacer-inner\"><\/div>\n\t\t<\/div>\n\t\t\t\t\t\t<\/div>\n\t\t\t\t<\/div>\n\t\t\t\t<div class=\"elementor-element elementor-element-4bb73719 elementor-widget elementor-widget-heading\" data-id=\"4bb73719\" data-element_type=\"widget\" data-e-type=\"widget\" data-widget_type=\"heading.default\">\n\t\t\t\t<div class=\"elementor-widget-container\">\n\t\t\t\t\t<h2 class=\"elementor-heading-title elementor-size-default\">Andere handige briefsjablonen<\/h2>\t\t\t\t<\/div>\n\t\t\t\t<\/div>\n\t\t\t\t<div class=\"elementor-element elementor-element-1576e747 elementor-widget elementor-widget-text-editor\" data-id=\"1576e747\" data-element_type=\"widget\" data-e-type=\"widget\" data-widget_type=\"text-editor.default\">\n\t\t\t\t<div class=\"elementor-widget-container\">\n\t\t\t\t\t\t\t\t\t<ul><li><a href=\"https:\/\/garantie.be\/nl\/sjablonen-voor-leasemanagementbrieven\/opzeggingsbrief-korte-termijn-lease\/\">Be\u00ebindigingsbrief voor kortlopend huurcontract<\/a><\/li><li><a href=\"https:\/\/garantie.be\/nl\/sjablonen-voor-leasemanagementbrieven\/voorbeeldbrief-terugbetaling-huurwaarborg\/\">Brief met verzoek om teruggave van een huurwaarborg<\/a><\/li><li><a href=\"https:\/\/garantie.be\/nl\/sjablonen-voor-leasemanagementbrieven\/sjabloon-plaatsbeschrijving\/\">Checklist voor plaatsbeschrijving bij vertrek<\/a><\/li><\/ul>\t\t\t\t\t\t\t\t<\/div>\n\t\t\t\t<\/div>\n\t\t\t\t\t<\/div>\n\t\t<\/div>\n\t\t\t\t\t<\/div>\n\t\t<\/section>\n\t\t\t\t<\/div>\n\t\t","protected":false},"excerpt":{"rendered":"<p>Opzeggingsbrief voor een langlopend huurcontract Wanneer moet je deze afstandsbrief gebruiken? Met deze standaardbrief kan de huurder een huurovereenkomst van 9 jaar voor een hoofdwoning be\u00ebindigen. De huurder kan de huurovereenkomst op elk moment be\u00ebindigen, mits hij een opzegtermijn van 3 maanden in acht neemt. Deze brief is geldig voor Brussel, Vlaanderen en Walloni\u00eb. Het [&hellip;]<\/p>\n","protected":false},"author":1,"featured_media":0,"parent":18816,"menu_order":0,"comment_status":"closed","ping_status":"closed","template":"","meta":{"footnotes":""},"class_list":["post-19005","page","type-page","status-publish","hentry"],"yoast_head":"<!-- This site is optimized with the Yoast SEO plugin v27.3 - https:\/\/yoast.com\/product\/yoast-seo-wordpress\/ -->\n<title>Gratis afstandsverklaring van langlopend huurcontract<\/title>\n<meta name=\"description\" content=\"Gratis voorbeeldbrief voor het opzeggen van een huurovereenkomst voor 9 jaar in tekst-, Word- en PDF-formaat om te downloaden\" \/>\n<meta name=\"robots\" content=\"index, follow, max-snippet:-1, max-image-preview:large, max-video-preview:-1\" \/>\n<link rel=\"canonical\" href=\"https:\/\/garantie.be\/nl\/sjablonen-voor-leasemanagementbrieven\/opzeggingsbrief-langlopende-lease\/\" \/>\n<meta property=\"og:locale\" content=\"nl_NL\" \/>\n<meta property=\"og:type\" content=\"article\" \/>\n<meta property=\"og:title\" content=\"Gratis afstandsverklaring van langlopend huurcontract\" \/>\n<meta property=\"og:description\" content=\"Gratis voorbeeldbrief voor het opzeggen van een huurovereenkomst voor 9 jaar in tekst-, Word- en PDF-formaat om te downloaden\" \/>\n<meta property=\"og:url\" content=\"https:\/\/garantie.be\/nl\/sjablonen-voor-leasemanagementbrieven\/opzeggingsbrief-langlopende-lease\/\" \/>\n<meta property=\"og:site_name\" content=\"Waarborg\" \/>\n<meta property=\"article:modified_time\" content=\"2026-01-19T08:17:20+00:00\" \/>\n<meta name=\"twitter:card\" content=\"summary_large_image\" \/>\n<meta name=\"twitter:label1\" content=\"Geschatte leestijd\" \/>\n\t<meta name=\"twitter:data1\" content=\"2 minuten\" \/>\n<script type=\"application\/ld+json\" class=\"yoast-schema-graph\">{\"@context\":\"https:\\\/\\\/schema.org\",\"@graph\":[{\"@type\":\"WebPage\",\"@id\":\"https:\\\/\\\/garantie.be\\\/nl\\\/sjablonen-voor-leasemanagementbrieven\\\/opzeggingsbrief-langlopende-lease\\\/\",\"url\":\"https:\\\/\\\/garantie.be\\\/nl\\\/sjablonen-voor-leasemanagementbrieven\\\/opzeggingsbrief-langlopende-lease\\\/\",\"name\":\"Gratis afstandsverklaring van langlopend huurcontract\",\"isPartOf\":{\"@id\":\"https:\\\/\\\/garantie.be\\\/nl\\\/#website\"},\"datePublished\":\"2025-10-08T16:35:40+00:00\",\"dateModified\":\"2026-01-19T08:17:20+00:00\",\"description\":\"Gratis voorbeeldbrief voor het opzeggen van een huurovereenkomst voor 9 jaar in tekst-, Word- en PDF-formaat om te downloaden\",\"breadcrumb\":{\"@id\":\"https:\\\/\\\/garantie.be\\\/nl\\\/sjablonen-voor-leasemanagementbrieven\\\/opzeggingsbrief-langlopende-lease\\\/#breadcrumb\"},\"inLanguage\":\"nl-NL\",\"potentialAction\":[{\"@type\":\"ReadAction\",\"target\":[\"https:\\\/\\\/garantie.be\\\/nl\\\/sjablonen-voor-leasemanagementbrieven\\\/opzeggingsbrief-langlopende-lease\\\/\"]}]},{\"@type\":\"BreadcrumbList\",\"@id\":\"https:\\\/\\\/garantie.be\\\/nl\\\/sjablonen-voor-leasemanagementbrieven\\\/opzeggingsbrief-langlopende-lease\\\/#breadcrumb\",\"itemListElement\":[{\"@type\":\"ListItem\",\"position\":1,\"name\":\"Accueil\",\"item\":\"https:\\\/\\\/garantie.be\\\/nl\\\/\"},{\"@type\":\"ListItem\",\"position\":2,\"name\":\"Voorbeeldbrieven en praktische hulpmiddelen voor het beheren van je huis\",\"item\":\"https:\\\/\\\/garantie.be\\\/nl\\\/sjablonen-voor-leasemanagementbrieven\\\/\"},{\"@type\":\"ListItem\",\"position\":3,\"name\":\"Gratis afstandsverklaring van langlopend huurcontract\"}]},{\"@type\":\"WebSite\",\"@id\":\"https:\\\/\\\/garantie.be\\\/nl\\\/#website\",\"url\":\"https:\\\/\\\/garantie.be\\\/nl\\\/\",\"name\":\"Waarborg\",\"description\":\"\",\"publisher\":{\"@id\":\"https:\\\/\\\/garantie.be\\\/nl\\\/#organization\"},\"potentialAction\":[{\"@type\":\"SearchAction\",\"target\":{\"@type\":\"EntryPoint\",\"urlTemplate\":\"https:\\\/\\\/garantie.be\\\/nl\\\/?s={search_term_string}\"},\"query-input\":{\"@type\":\"PropertyValueSpecification\",\"valueRequired\":true,\"valueName\":\"search_term_string\"}}],\"inLanguage\":\"nl-NL\"},{\"@type\":\"Organization\",\"@id\":\"https:\\\/\\\/garantie.be\\\/nl\\\/#organization\",\"name\":\"Garantie.be\",\"url\":\"https:\\\/\\\/garantie.be\\\/nl\\\/\",\"logo\":{\"@type\":\"ImageObject\",\"inLanguage\":\"nl-NL\",\"@id\":\"https:\\\/\\\/garantie.be\\\/nl\\\/#\\\/schema\\\/logo\\\/image\\\/\",\"url\":\"\",\"contentUrl\":\"\",\"caption\":\"Garantie.be\"},\"image\":{\"@id\":\"https:\\\/\\\/garantie.be\\\/nl\\\/#\\\/schema\\\/logo\\\/image\\\/\"}}]}<\/script>\n<!-- \/ Yoast SEO plugin. -->","yoast_head_json":{"title":"Gratis afstandsverklaring van langlopend huurcontract","description":"Gratis voorbeeldbrief voor het opzeggen van een huurovereenkomst voor 9 jaar in tekst-, Word- en PDF-formaat om te downloaden","robots":{"index":"index","follow":"follow","max-snippet":"max-snippet:-1","max-image-preview":"max-image-preview:large","max-video-preview":"max-video-preview:-1"},"canonical":"https:\/\/garantie.be\/nl\/sjablonen-voor-leasemanagementbrieven\/opzeggingsbrief-langlopende-lease\/","og_locale":"nl_NL","og_type":"article","og_title":"Gratis afstandsverklaring van langlopend huurcontract","og_description":"Gratis voorbeeldbrief voor het opzeggen van een huurovereenkomst voor 9 jaar in tekst-, Word- en PDF-formaat om te downloaden","og_url":"https:\/\/garantie.be\/nl\/sjablonen-voor-leasemanagementbrieven\/opzeggingsbrief-langlopende-lease\/","og_site_name":"Waarborg","article_modified_time":"2026-01-19T08:17:20+00:00","twitter_card":"summary_large_image","twitter_misc":{"Geschatte leestijd":"2 minuten"},"schema":{"@context":"https:\/\/schema.org","@graph":[{"@type":"WebPage","@id":"https:\/\/garantie.be\/nl\/sjablonen-voor-leasemanagementbrieven\/opzeggingsbrief-langlopende-lease\/","url":"https:\/\/garantie.be\/nl\/sjablonen-voor-leasemanagementbrieven\/opzeggingsbrief-langlopende-lease\/","name":"Gratis afstandsverklaring van langlopend huurcontract","isPartOf":{"@id":"https:\/\/garantie.be\/nl\/#website"},"datePublished":"2025-10-08T16:35:40+00:00","dateModified":"2026-01-19T08:17:20+00:00","description":"Gratis voorbeeldbrief voor het opzeggen van een huurovereenkomst voor 9 jaar in tekst-, Word- en PDF-formaat om te downloaden","breadcrumb":{"@id":"https:\/\/garantie.be\/nl\/sjablonen-voor-leasemanagementbrieven\/opzeggingsbrief-langlopende-lease\/#breadcrumb"},"inLanguage":"nl-NL","potentialAction":[{"@type":"ReadAction","target":["https:\/\/garantie.be\/nl\/sjablonen-voor-leasemanagementbrieven\/opzeggingsbrief-langlopende-lease\/"]}]},{"@type":"BreadcrumbList","@id":"https:\/\/garantie.be\/nl\/sjablonen-voor-leasemanagementbrieven\/opzeggingsbrief-langlopende-lease\/#breadcrumb","itemListElement":[{"@type":"ListItem","position":1,"name":"Accueil","item":"https:\/\/garantie.be\/nl\/"},{"@type":"ListItem","position":2,"name":"Voorbeeldbrieven en praktische hulpmiddelen voor het beheren van je huis","item":"https:\/\/garantie.be\/nl\/sjablonen-voor-leasemanagementbrieven\/"},{"@type":"ListItem","position":3,"name":"Gratis afstandsverklaring van langlopend huurcontract"}]},{"@type":"WebSite","@id":"https:\/\/garantie.be\/nl\/#website","url":"https:\/\/garantie.be\/nl\/","name":"Waarborg","description":"","publisher":{"@id":"https:\/\/garantie.be\/nl\/#organization"},"potentialAction":[{"@type":"SearchAction","target":{"@type":"EntryPoint","urlTemplate":"https:\/\/garantie.be\/nl\/?s={search_term_string}"},"query-input":{"@type":"PropertyValueSpecification","valueRequired":true,"valueName":"search_term_string"}}],"inLanguage":"nl-NL"},{"@type":"Organization","@id":"https:\/\/garantie.be\/nl\/#organization","name":"Garantie.be","url":"https:\/\/garantie.be\/nl\/","logo":{"@type":"ImageObject","inLanguage":"nl-NL","@id":"https:\/\/garantie.be\/nl\/#\/schema\/logo\/image\/","url":"","contentUrl":"","caption":"Garantie.be"},"image":{"@id":"https:\/\/garantie.be\/nl\/#\/schema\/logo\/image\/"}}]}},"_links":{"self":[{"href":"https:\/\/garantie.be\/nl\/wp-json\/wp\/v2\/pages\/19005","targetHints":{"allow":["GET"]}}],"collection":[{"href":"https:\/\/garantie.be\/nl\/wp-json\/wp\/v2\/pages"}],"about":[{"href":"https:\/\/garantie.be\/nl\/wp-json\/wp\/v2\/types\/page"}],"author":[{"embeddable":true,"href":"https:\/\/garantie.be\/nl\/wp-json\/wp\/v2\/users\/1"}],"replies":[{"embeddable":true,"href":"https:\/\/garantie.be\/nl\/wp-json\/wp\/v2\/comments?post=19005"}],"version-history":[{"count":0,"href":"https:\/\/garantie.be\/nl\/wp-json\/wp\/v2\/pages\/19005\/revisions"}],"up":[{"embeddable":true,"href":"https:\/\/garantie.be\/nl\/wp-json\/wp\/v2\/pages\/18816"}],"wp:attachment":[{"href":"https:\/\/garantie.be\/nl\/wp-json\/wp\/v2\/media?parent=19005"}],"curies":[{"name":"wp","href":"https:\/\/api.w.org\/{rel}","templated":true}]}}