{"id":2083,"date":"2021-01-04T11:28:15","date_gmt":"2021-01-04T10:28:15","guid":{"rendered":"https:\/\/garantie.be\/huurwaarborg-wallonie\/"},"modified":"2025-10-09T09:57:26","modified_gmt":"2025-10-09T07:57:26","slug":"huurwaarborg-wallonie","status":"publish","type":"page","link":"https:\/\/garantie.be\/nl\/huurwaarborg-wallonie\/","title":{"rendered":"Verhuurgarantie Walloni\u00eb"},"content":{"rendered":"\t\t<div data-elementor-type=\"wp-page\" data-elementor-id=\"2083\" class=\"elementor elementor-2083 elementor-139\" data-elementor-post-type=\"page\">\n\t\t\t\t\t\t<section class=\"elementor-section elementor-top-section elementor-element elementor-element-5bc74497 elementor-section-boxed elementor-section-height-default elementor-section-height-default\" data-id=\"5bc74497\" data-element_type=\"section\" data-e-type=\"section\">\n\t\t\t\t\t\t<div class=\"elementor-container elementor-column-gap-default\">\n\t\t\t\t\t<div class=\"elementor-column elementor-col-100 elementor-top-column elementor-element elementor-element-2cac1886\" data-id=\"2cac1886\" data-element_type=\"column\" data-e-type=\"column\">\n\t\t\t<div class=\"elementor-widget-wrap elementor-element-populated\">\n\t\t\t\t\t\t<div class=\"elementor-element elementor-element-99d3ab5 elementor-widget elementor-widget-spacer\" data-id=\"99d3ab5\" data-element_type=\"widget\" data-e-type=\"widget\" data-widget_type=\"spacer.default\">\n\t\t\t\t<div class=\"elementor-widget-container\">\n\t\t\t\t\t\t\t<div class=\"elementor-spacer\">\n\t\t\t<div class=\"elementor-spacer-inner\"><\/div>\n\t\t<\/div>\n\t\t\t\t\t\t<\/div>\n\t\t\t\t<\/div>\n\t\t\t\t<div class=\"elementor-element elementor-element-2565365c elementor-widget elementor-widget-heading\" data-id=\"2565365c\" data-element_type=\"widget\" data-e-type=\"widget\" data-widget_type=\"heading.default\">\n\t\t\t\t<div class=\"elementor-widget-container\">\n\t\t\t\t\t<h1 class=\"elementor-heading-title elementor-size-default\">Huurwaarborg\n<b><br>in Walloni\u00eb<\/b><\/h1>\t\t\t\t<\/div>\n\t\t\t\t<\/div>\n\t\t\t\t\t<\/div>\n\t\t<\/div>\n\t\t\t\t\t<\/div>\n\t\t<\/section>\n\t\t\t\t<section class=\"elementor-section elementor-top-section elementor-element elementor-element-c4a270b elementor-section-boxed elementor-section-height-default elementor-section-height-default\" data-id=\"c4a270b\" data-element_type=\"section\" data-e-type=\"section\">\n\t\t\t\t\t\t<div class=\"elementor-container elementor-column-gap-default\">\n\t\t\t\t\t<div class=\"elementor-column elementor-col-100 elementor-top-column elementor-element elementor-element-d89eed6\" data-id=\"d89eed6\" data-element_type=\"column\" data-e-type=\"column\">\n\t\t\t<div class=\"elementor-widget-wrap elementor-element-populated\">\n\t\t\t\t\t\t<div class=\"elementor-element elementor-element-be9792a elementor-widget elementor-widget-image\" data-id=\"be9792a\" data-element_type=\"widget\" data-e-type=\"widget\" data-widget_type=\"image.default\">\n\t\t\t\t<div class=\"elementor-widget-container\">\n\t\t\t\t\t\t\t\t\t\t\t\t\t\t\t<img decoding=\"async\" width=\"300\" height=\"94\" src=\"https:\/\/garantie.be\/wp-content\/uploads\/2021\/09\/Garantie-locative-Wallonie-300x94.jpg\" class=\"attachment-medium size-medium wp-image-13938\" alt=\"Huurwaarborg Walloni\u00eb\" srcset=\"https:\/\/garantie.be\/wp-content\/uploads\/2021\/09\/Garantie-locative-Wallonie-300x94.jpg 300w, https:\/\/garantie.be\/wp-content\/uploads\/2021\/09\/Garantie-locative-Wallonie-1024x320.jpg 1024w, https:\/\/garantie.be\/wp-content\/uploads\/2021\/09\/Garantie-locative-Wallonie-768x240.jpg 768w, https:\/\/garantie.be\/wp-content\/uploads\/2021\/09\/Garantie-locative-Wallonie-1536x481.jpg 1536w, https:\/\/garantie.be\/wp-content\/uploads\/2021\/09\/Garantie-locative-Wallonie-2048x641.jpg 2048w\" sizes=\"(max-width: 300px) 100vw, 300px\" \/>\t\t\t\t\t\t\t\t\t\t\t\t\t\t\t<\/div>\n\t\t\t\t<\/div>\n\t\t\t\t\t<\/div>\n\t\t<\/div>\n\t\t\t\t\t<\/div>\n\t\t<\/section>\n\t\t\t\t<section class=\"elementor-section elementor-top-section elementor-element elementor-element-64e32d58 elementor-section-boxed elementor-section-height-default elementor-section-height-default\" data-id=\"64e32d58\" data-element_type=\"section\" data-e-type=\"section\">\n\t\t\t\t\t\t<div class=\"elementor-container elementor-column-gap-default\">\n\t\t\t\t\t<div class=\"elementor-column elementor-col-100 elementor-top-column elementor-element elementor-element-6b014f8e\" data-id=\"6b014f8e\" data-element_type=\"column\" data-e-type=\"column\">\n\t\t\t<div class=\"elementor-widget-wrap elementor-element-populated\">\n\t\t\t\t\t\t<div class=\"elementor-element elementor-element-13c8e54 elementor-widget elementor-widget-spacer\" data-id=\"13c8e54\" data-element_type=\"widget\" data-e-type=\"widget\" data-widget_type=\"spacer.default\">\n\t\t\t\t<div class=\"elementor-widget-container\">\n\t\t\t\t\t\t\t<div class=\"elementor-spacer\">\n\t\t\t<div class=\"elementor-spacer-inner\"><\/div>\n\t\t<\/div>\n\t\t\t\t\t\t<\/div>\n\t\t\t\t<\/div>\n\t\t\t\t<div class=\"elementor-element elementor-element-f30fd29 elementor-widget elementor-widget-text-editor\" data-id=\"f30fd29\" data-element_type=\"widget\" data-e-type=\"widget\" data-widget_type=\"text-editor.default\">\n\t\t\t\t<div class=\"elementor-widget-container\">\n\t\t\t\t\t\t\t\t\t<p><span style=\"font-weight: 400;\">Om in enkele ureneen <strong>huurwaarborgcertificaat voor een accommodatie in Walloni\u00eb te verkrijgen<\/strong>, vult u gewoon het formulier in door te klikken op <\/span><span style=\"text-decoration: underline;\"><a href=\"https:\/\/garantie.be\/nl\/huurwaarborg-online\/\"><span style=\"font-weight: 400;\">online huurwaarborg<\/span><\/a><\/span><span style=\"font-weight: 400;\">.<\/span><\/p>\t\t\t\t\t\t\t\t<\/div>\n\t\t\t\t<\/div>\n\t\t\t\t<div class=\"elementor-element elementor-element-2abaa16 elementor-widget elementor-widget-heading\" data-id=\"2abaa16\" data-element_type=\"widget\" data-e-type=\"widget\" data-widget_type=\"heading.default\">\n\t\t\t\t<div class=\"elementor-widget-container\">\n\t\t\t\t\t<h2 class=\"elementor-heading-title elementor-size-default\">Wat is de huurgarantie in Walloni\u00eb?<\/h2>\t\t\t\t<\/div>\n\t\t\t\t<\/div>\n\t\t\t\t<div class=\"elementor-element elementor-element-74ed970 elementor-widget elementor-widget-text-editor\" data-id=\"74ed970\" data-element_type=\"widget\" data-e-type=\"widget\" data-widget_type=\"text-editor.default\">\n\t\t\t\t<div class=\"elementor-widget-container\">\n\t\t\t\t\t\t\t\t\t<p>De regels voor de <span style=\"text-decoration: underline;\"><a href=\"https:\/\/garantie.be\/nl\/huurwaarborg\/\">huurwaarborg<\/a><\/span> zijn de afgelopen jaren veranderd in Belgi\u00eb. Sinds 2018 hebben de drie Belgische gewesten hun eigen regels voor woninghuur vastgelegd. <strong>Voortaan hebben de regionale regels voorrang op de federale wetten<\/strong>. <\/p><p>Wat huurgaranties betreft, heeft elk van de 3 regio&#8217;s zijn eigen regels. Het wettelijke maximumbedrag dat vereist is voor de huurwaarborg hangt af van de regio. Deze garantie is niet wettelijk verplicht, maar de meeste hoofdverblijfplaatscontracten voorzien erin.  <\/p><p>Als u meer wilt weten over de specifieke kenmerken van het Brussels Gewest, lees dan ons artikel over de <span style=\"text-decoration: underline;\"><a href=\"https:\/\/garantie.be\/nl\/huurwaarborg-brussel-hoofdstad\/\">Brusselse huurwaarborg<\/a><\/span>. Om de nieuwe huisvestingsregels specifiek voor Vlaanderen te begrijpen, kunt u ons artikel lezen over de <span style=\"text-decoration: underline;\"><a href=\"https:\/\/garantie.be\/nl\/huurwaarborg-vlaanderen\/\">huurwaarborg in Vlaanderen<\/a><\/span>. <\/p>\t\t\t\t\t\t\t\t<\/div>\n\t\t\t\t<\/div>\n\t\t\t\t\t<\/div>\n\t\t<\/div>\n\t\t\t\t\t<\/div>\n\t\t<\/section>\n\t\t\t\t<section class=\"elementor-section elementor-top-section elementor-element elementor-element-ae07407 elementor-section-content-middle elementor-section-height-min-height elementor-section-items-stretch elementor-section-boxed elementor-section-height-default\" data-id=\"ae07407\" data-element_type=\"section\" data-e-type=\"section\">\n\t\t\t\t\t\t<div class=\"elementor-container elementor-column-gap-no\">\n\t\t\t\t\t<div class=\"elementor-column elementor-col-100 elementor-top-column elementor-element elementor-element-2a538177\" data-id=\"2a538177\" data-element_type=\"column\" data-e-type=\"column\" data-settings=\"{&quot;background_background&quot;:&quot;classic&quot;}\">\n\t\t\t<div class=\"elementor-widget-wrap elementor-element-populated\">\n\t\t\t\t\t\t<div class=\"elementor-element elementor-element-2b436069 elementor-widget elementor-widget-image\" data-id=\"2b436069\" data-element_type=\"widget\" data-e-type=\"widget\" data-widget_type=\"image.default\">\n\t\t\t\t<div class=\"elementor-widget-container\">\n\t\t\t\t\t\t\t\t\t\t\t\t\t\t\t<img decoding=\"async\" src=\"https:\/\/garantie.be\/wp-content\/uploads\/elementor\/thumbs\/Logo-2-garantie-alone-1-pe5xec7dnfsf8cs3rtfffen34plb9ip2rjyfhjeqd0.jpg\" title=\"garantie\" alt=\"garantie\" loading=\"lazy\" \/>\t\t\t\t\t\t\t\t\t\t\t\t\t\t\t<\/div>\n\t\t\t\t<\/div>\n\t\t\t\t<div class=\"elementor-element elementor-element-73b21705 elementor-widget elementor-widget-text-editor\" data-id=\"73b21705\" data-element_type=\"widget\" data-e-type=\"widget\" data-widget_type=\"text-editor.default\">\n\t\t\t\t<div class=\"elementor-widget-container\">\n\t\t\t\t\t\t\t\t\t<p>Vul ons online formulier in om binnen een paar uur je huurwaarborg te krijgen. U blokkeert geen geld omdat we werken als een <span style=\"text-decoration: underline;\"><a href=\"https:\/\/garantie.be\/nl\/bankwaarborg\/\">bank huurwaarborg<\/a><\/span>. <\/p>\t\t\t\t\t\t\t\t<\/div>\n\t\t\t\t<\/div>\n\t\t\t\t<div class=\"elementor-element elementor-element-512ebe3c elementor-mobile-align-center elementor-align-center elementor-widget elementor-widget-button\" data-id=\"512ebe3c\" data-element_type=\"widget\" data-e-type=\"widget\" data-widget_type=\"button.default\">\n\t\t\t\t<div class=\"elementor-widget-container\">\n\t\t\t\t\t\t\t\t\t<div class=\"elementor-button-wrapper\">\n\t\t\t\t\t<a class=\"elementor-button elementor-button-link elementor-size-sm\" href=\"https:\/\/account.garantie.be\/nl\/register\/lease\">\n\t\t\t\t\t\t<span class=\"elementor-button-content-wrapper\">\n\t\t\t\t\t\t\t\t\t<span class=\"elementor-button-text\">Huurwaarborg formulier<\/span>\n\t\t\t\t\t<\/span>\n\t\t\t\t\t<\/a>\n\t\t\t\t<\/div>\n\t\t\t\t\t\t\t\t<\/div>\n\t\t\t\t<\/div>\n\t\t\t\t\t<\/div>\n\t\t<\/div>\n\t\t\t\t\t<\/div>\n\t\t<\/section>\n\t\t\t\t<section class=\"elementor-section elementor-top-section elementor-element elementor-element-838f2af elementor-section-boxed elementor-section-height-default elementor-section-height-default\" data-id=\"838f2af\" data-element_type=\"section\" data-e-type=\"section\">\n\t\t\t\t\t\t<div class=\"elementor-container elementor-column-gap-default\">\n\t\t\t\t\t<div class=\"elementor-column elementor-col-100 elementor-top-column elementor-element elementor-element-f3467aa\" data-id=\"f3467aa\" data-element_type=\"column\" data-e-type=\"column\">\n\t\t\t<div class=\"elementor-widget-wrap elementor-element-populated\">\n\t\t\t\t\t\t<div class=\"elementor-element elementor-element-655a347 elementor-widget elementor-widget-spacer\" data-id=\"655a347\" data-element_type=\"widget\" data-e-type=\"widget\" data-widget_type=\"spacer.default\">\n\t\t\t\t<div class=\"elementor-widget-container\">\n\t\t\t\t\t\t\t<div class=\"elementor-spacer\">\n\t\t\t<div class=\"elementor-spacer-inner\"><\/div>\n\t\t<\/div>\n\t\t\t\t\t\t<\/div>\n\t\t\t\t<\/div>\n\t\t\t\t<div class=\"elementor-element elementor-element-739d1ec elementor-widget elementor-widget-heading\" data-id=\"739d1ec\" data-element_type=\"widget\" data-e-type=\"widget\" data-widget_type=\"heading.default\">\n\t\t\t\t<div class=\"elementor-widget-container\">\n\t\t\t\t\t<h2 class=\"elementor-heading-title elementor-size-default\">Hoeveel bedraagt de huurwaarborg in Walloni\u00eb?<\/h2>\t\t\t\t<\/div>\n\t\t\t\t<\/div>\n\t\t\t\t<div class=\"elementor-element elementor-element-26d6f26 elementor-widget elementor-widget-text-editor\" data-id=\"26d6f26\" data-element_type=\"widget\" data-e-type=\"widget\" data-widget_type=\"text-editor.default\">\n\t\t\t\t<div class=\"elementor-widget-container\">\n\t\t\t\t\t\t\t\t\t<p>Het maximumbedrag varieert afhankelijk van het type <a href=\"https:\/\/garantie.be\/nl\/huurcontract\/\"><span style=\"text-decoration: underline;\">lease<\/span><\/a>.<\/p><p>Dit hangt af van het huurcontract tussen de verhuurder en de huurder. Afhankelijk van het type garantie dat je kiest, moet je (maximaal) 2 tot 3 maanden huur betalen, exclusief kosten. <\/p><ul><li>In het geval van een <span style=\"text-decoration: underline;\"><a href=\"https:\/\/garantie.be\/nl\/bankwaarborg\/\">bankwaarborg<\/a><\/span> kan je gevraagd worden om tot 3 maanden huur te betalen als huurwaarborg;<\/li><li>Als onderdeel van een <span style=\"text-decoration: underline;\"><a href=\"https:\/\/garantie.be\/nl\/huurwaarborg\/geblokkeerde-huurwaarborgrekening\/\">huurwaarborg op een geblokkeerde rekening<\/a><\/span> of op <a href=\"https:\/\/garantie.be\/nl\/huurwaarborg-e-depo\/\">e-depo<\/a>, is het bedrag dat de verhuurder vraagt maximaal 2 maanden huur;<\/li><li>In het geval van andere soorten garanties is het in Walloni\u00eb gebruikelijk om maximaal 2 maanden huur in te houden als onderdeel van een <span style=\"text-decoration: underline;\"><a href=\"https:\/\/garantie.be\/nl\/waarborg-belgie\/\">huurwaarborg<\/a><\/span> bij <span style=\"text-decoration: underline;\"><a href=\"https:\/\/garantie.be\/nl\/\">Garantie.be<\/a><\/span>.<\/li><\/ul>\t\t\t\t\t\t\t\t<\/div>\n\t\t\t\t<\/div>\n\t\t\t\t<div class=\"elementor-element elementor-element-a3b163e elementor-widget elementor-widget-heading\" data-id=\"a3b163e\" data-element_type=\"widget\" data-e-type=\"widget\" data-widget_type=\"heading.default\">\n\t\t\t\t<div class=\"elementor-widget-container\">\n\t\t\t\t\t<h2 class=\"elementor-heading-title elementor-size-default\">Welke hulp is er beschikbaar in Walloni\u00eb om een huurwaarborg op te zetten?<\/h2>\t\t\t\t<\/div>\n\t\t\t\t<\/div>\n\t\t\t\t<div class=\"elementor-element elementor-element-e925b4d elementor-widget elementor-widget-text-editor\" data-id=\"e925b4d\" data-element_type=\"widget\" data-e-type=\"widget\" data-widget_type=\"text-editor.default\">\n\t\t\t\t<div class=\"elementor-widget-container\">\n\t\t\t\t\t\t\t\t\t<p>Walloni\u00eb biedt twee soorten bijstand om je te helpen een huurwaarborg op te bouwen. Deze bijstand is uiteraard voorbehouden voor mensen met een laag inkomen. Dit zijn de soorten bijstand die Walloni\u00eb aanbiedt:  <\/p><h3>De renteloze lening<\/h3><p>Sinds mei 2021 kent Walloni\u00eb renteloze leningen toe voor het opzetten van een huurwaarborg voor huurovereenkomsten van hoofdverblijfplaatsen. Deze renteloze lening kan tot 100% van het bedrag van de huurwaarborg vertegenwoordigen. De renteloze lening wordt alleen toegekend als de aanvrager aan bepaalde inkomensvoorwaarden voldoet.  <\/p><h3>Bijstand van het OCMW<\/h3><p>Het OCMW biedt in Walloni\u00eb verschillende vormen van bijstand om een <span style=\"text-decoration: underline;\"><a href=\"https:\/\/garantie.be\/nl\/ocmw-huurwaarborg\/\">huurwaarborg OCMW<\/a><\/span>. Deze bijstand van het OCMW neemt de vorm aan van een voorschot op de huurwaarborg dat naargelang de behoeften moet worden terugbetaald, of van een waarborgbrief voor de verhuurder, of zelfs van een bankwaarborg. <\/p>\t\t\t\t\t\t\t\t<\/div>\n\t\t\t\t<\/div>\n\t\t\t\t<div class=\"elementor-element elementor-element-722cc87 elementor-widget elementor-widget-heading\" data-id=\"722cc87\" data-element_type=\"widget\" data-e-type=\"widget\" data-widget_type=\"heading.default\">\n\t\t\t\t<div class=\"elementor-widget-container\">\n\t\t\t\t\t<h2 class=\"elementor-heading-title elementor-size-default\">De huisvestingscode in Walloni\u00eb<\/h2>\t\t\t\t<\/div>\n\t\t\t\t<\/div>\n\t\t\t\t<div class=\"elementor-element elementor-element-65310c3 elementor-widget elementor-widget-text-editor\" data-id=\"65310c3\" data-element_type=\"widget\" data-e-type=\"widget\" data-widget_type=\"text-editor.default\">\n\t\t\t\t<div class=\"elementor-widget-container\">\n\t\t\t\t\t\t\t\t\t<p>De wet die op federaal niveau in Belgi\u00eb van kracht is op woninghuurcontracten is de Huurwet. Deze federale wet werd voor het laatst bijgewerkt in haar 14e editie in maart 2013. <\/p><p>De afgelopen jaren heeft elk gewest zijn eigen gewestelijke regelgeving ingevoerd met betrekking tot woninghuurcontracten. De zesde hervorming van 1 juli 2014 betreffende de regionalisering van woninghuurcontracten heeft ook betrekking op de huurwaarborg. <\/p><p>Sinds 2018 worden de gewestelijke regels toegepast in Walloni\u00eb op basis van de nieuwe Huisvestingscode, die voorrang heeft op de federale wet op de woninghuurregels.<\/p>\t\t\t\t\t\t\t\t<\/div>\n\t\t\t\t<\/div>\n\t\t\t\t\t<\/div>\n\t\t<\/div>\n\t\t\t\t\t<\/div>\n\t\t<\/section>\n\t\t\t\t<\/div>\n\t\t","protected":false},"excerpt":{"rendered":"<p>Huurwaarborg in Walloni\u00eb Om in enkele ureneen huurwaarborgcertificaat voor een accommodatie in Walloni\u00eb te verkrijgen, vult u gewoon het formulier in door te klikken op online huurwaarborg. Wat is de huurgarantie in Walloni\u00eb? De regels voor de huurwaarborg zijn de afgelopen jaren veranderd in Belgi\u00eb. Sinds 2018 hebben de drie Belgische gewesten hun eigen regels [&hellip;]<\/p>\n","protected":false},"author":1,"featured_media":0,"parent":0,"menu_order":0,"comment_status":"closed","ping_status":"closed","template":"","meta":{"footnotes":""},"class_list":["post-2083","page","type-page","status-publish","hentry"],"yoast_head":"<!-- This site is optimized with the Yoast SEO plugin v27.4 - https:\/\/yoast.com\/product\/yoast-seo-wordpress\/ -->\n<title>Huurwaarborg in Walloni\u00eb | Online formulier<\/title>\n<meta name=\"description\" content=\"Lees meer over de regels voor huurwaarborg in Walloni\u00eb en vraag in een paar uur online een huurwaarborg aan.\" \/>\n<meta name=\"robots\" content=\"index, follow, max-snippet:-1, max-image-preview:large, max-video-preview:-1\" \/>\n<link rel=\"canonical\" href=\"https:\/\/garantie.be\/nl\/huurwaarborg-wallonie\/\" \/>\n<meta property=\"og:locale\" content=\"nl_NL\" \/>\n<meta property=\"og:type\" content=\"article\" \/>\n<meta property=\"og:title\" content=\"Huurwaarborg in Walloni\u00eb | Online formulier\" \/>\n<meta property=\"og:description\" content=\"Lees meer over de regels voor huurwaarborg in Walloni\u00eb en vraag in een paar uur online een huurwaarborg aan.\" \/>\n<meta property=\"og:url\" content=\"https:\/\/garantie.be\/nl\/huurwaarborg-wallonie\/\" \/>\n<meta property=\"og:site_name\" content=\"Waarborg\" \/>\n<meta property=\"article:modified_time\" content=\"2025-10-09T07:57:26+00:00\" \/>\n<meta property=\"og:image\" content=\"https:\/\/garantie.be\/wp-content\/uploads\/2021\/09\/Garantie-locative-Wallonie-300x94.jpg\" \/>\n<meta name=\"twitter:card\" content=\"summary_large_image\" \/>\n<meta name=\"twitter:label1\" content=\"Geschatte leestijd\" \/>\n\t<meta name=\"twitter:data1\" content=\"3 minuten\" \/>\n<script type=\"application\/ld+json\" class=\"yoast-schema-graph\">{\"@context\":\"https:\\\/\\\/schema.org\",\"@graph\":[{\"@type\":\"WebPage\",\"@id\":\"https:\\\/\\\/garantie.be\\\/nl\\\/huurwaarborg-wallonie\\\/\",\"url\":\"https:\\\/\\\/garantie.be\\\/nl\\\/huurwaarborg-wallonie\\\/\",\"name\":\"Huurwaarborg in Walloni\u00eb | Online formulier\",\"isPartOf\":{\"@id\":\"https:\\\/\\\/garantie.be\\\/nl\\\/#website\"},\"primaryImageOfPage\":{\"@id\":\"https:\\\/\\\/garantie.be\\\/nl\\\/huurwaarborg-wallonie\\\/#primaryimage\"},\"image\":{\"@id\":\"https:\\\/\\\/garantie.be\\\/nl\\\/huurwaarborg-wallonie\\\/#primaryimage\"},\"thumbnailUrl\":\"https:\\\/\\\/garantie.be\\\/wp-content\\\/uploads\\\/2021\\\/09\\\/Garantie-locative-Wallonie-300x94.jpg\",\"datePublished\":\"2021-01-04T10:28:15+00:00\",\"dateModified\":\"2025-10-09T07:57:26+00:00\",\"description\":\"Lees meer over de regels voor huurwaarborg in Walloni\u00eb en vraag in een paar uur online een huurwaarborg aan.\",\"breadcrumb\":{\"@id\":\"https:\\\/\\\/garantie.be\\\/nl\\\/huurwaarborg-wallonie\\\/#breadcrumb\"},\"inLanguage\":\"nl-NL\",\"potentialAction\":[{\"@type\":\"ReadAction\",\"target\":[\"https:\\\/\\\/garantie.be\\\/nl\\\/huurwaarborg-wallonie\\\/\"]}]},{\"@type\":\"ImageObject\",\"inLanguage\":\"nl-NL\",\"@id\":\"https:\\\/\\\/garantie.be\\\/nl\\\/huurwaarborg-wallonie\\\/#primaryimage\",\"url\":\"https:\\\/\\\/garantie.be\\\/wp-content\\\/uploads\\\/2021\\\/09\\\/Garantie-locative-Wallonie-300x94.jpg\",\"contentUrl\":\"https:\\\/\\\/garantie.be\\\/wp-content\\\/uploads\\\/2021\\\/09\\\/Garantie-locative-Wallonie-300x94.jpg\"},{\"@type\":\"BreadcrumbList\",\"@id\":\"https:\\\/\\\/garantie.be\\\/nl\\\/huurwaarborg-wallonie\\\/#breadcrumb\",\"itemListElement\":[{\"@type\":\"ListItem\",\"position\":1,\"name\":\"Accueil\",\"item\":\"https:\\\/\\\/garantie.be\\\/nl\\\/\"},{\"@type\":\"ListItem\",\"position\":2,\"name\":\"Verhuurgarantie Walloni\u00eb\"}]},{\"@type\":\"WebSite\",\"@id\":\"https:\\\/\\\/garantie.be\\\/nl\\\/#website\",\"url\":\"https:\\\/\\\/garantie.be\\\/nl\\\/\",\"name\":\"Waarborg\",\"description\":\"\",\"publisher\":{\"@id\":\"https:\\\/\\\/garantie.be\\\/nl\\\/#organization\"},\"potentialAction\":[{\"@type\":\"SearchAction\",\"target\":{\"@type\":\"EntryPoint\",\"urlTemplate\":\"https:\\\/\\\/garantie.be\\\/nl\\\/?s={search_term_string}\"},\"query-input\":{\"@type\":\"PropertyValueSpecification\",\"valueRequired\":true,\"valueName\":\"search_term_string\"}}],\"inLanguage\":\"nl-NL\"},{\"@type\":\"Organization\",\"@id\":\"https:\\\/\\\/garantie.be\\\/nl\\\/#organization\",\"name\":\"Garantie.be\",\"url\":\"https:\\\/\\\/garantie.be\\\/nl\\\/\",\"logo\":{\"@type\":\"ImageObject\",\"inLanguage\":\"nl-NL\",\"@id\":\"https:\\\/\\\/garantie.be\\\/nl\\\/#\\\/schema\\\/logo\\\/image\\\/\",\"url\":\"\",\"contentUrl\":\"\",\"caption\":\"Garantie.be\"},\"image\":{\"@id\":\"https:\\\/\\\/garantie.be\\\/nl\\\/#\\\/schema\\\/logo\\\/image\\\/\"}}]}<\/script>\n<!-- \/ Yoast SEO plugin. -->","yoast_head_json":{"title":"Huurwaarborg in Walloni\u00eb | Online formulier","description":"Lees meer over de regels voor huurwaarborg in Walloni\u00eb en vraag in een paar uur online een huurwaarborg aan.","robots":{"index":"index","follow":"follow","max-snippet":"max-snippet:-1","max-image-preview":"max-image-preview:large","max-video-preview":"max-video-preview:-1"},"canonical":"https:\/\/garantie.be\/nl\/huurwaarborg-wallonie\/","og_locale":"nl_NL","og_type":"article","og_title":"Huurwaarborg in Walloni\u00eb | Online formulier","og_description":"Lees meer over de regels voor huurwaarborg in Walloni\u00eb en vraag in een paar uur online een huurwaarborg aan.","og_url":"https:\/\/garantie.be\/nl\/huurwaarborg-wallonie\/","og_site_name":"Waarborg","article_modified_time":"2025-10-09T07:57:26+00:00","og_image":[{"url":"https:\/\/garantie.be\/wp-content\/uploads\/2021\/09\/Garantie-locative-Wallonie-300x94.jpg","type":"","width":"","height":""}],"twitter_card":"summary_large_image","twitter_misc":{"Geschatte leestijd":"3 minuten"},"schema":{"@context":"https:\/\/schema.org","@graph":[{"@type":"WebPage","@id":"https:\/\/garantie.be\/nl\/huurwaarborg-wallonie\/","url":"https:\/\/garantie.be\/nl\/huurwaarborg-wallonie\/","name":"Huurwaarborg in Walloni\u00eb | Online formulier","isPartOf":{"@id":"https:\/\/garantie.be\/nl\/#website"},"primaryImageOfPage":{"@id":"https:\/\/garantie.be\/nl\/huurwaarborg-wallonie\/#primaryimage"},"image":{"@id":"https:\/\/garantie.be\/nl\/huurwaarborg-wallonie\/#primaryimage"},"thumbnailUrl":"https:\/\/garantie.be\/wp-content\/uploads\/2021\/09\/Garantie-locative-Wallonie-300x94.jpg","datePublished":"2021-01-04T10:28:15+00:00","dateModified":"2025-10-09T07:57:26+00:00","description":"Lees meer over de regels voor huurwaarborg in Walloni\u00eb en vraag in een paar uur online een huurwaarborg aan.","breadcrumb":{"@id":"https:\/\/garantie.be\/nl\/huurwaarborg-wallonie\/#breadcrumb"},"inLanguage":"nl-NL","potentialAction":[{"@type":"ReadAction","target":["https:\/\/garantie.be\/nl\/huurwaarborg-wallonie\/"]}]},{"@type":"ImageObject","inLanguage":"nl-NL","@id":"https:\/\/garantie.be\/nl\/huurwaarborg-wallonie\/#primaryimage","url":"https:\/\/garantie.be\/wp-content\/uploads\/2021\/09\/Garantie-locative-Wallonie-300x94.jpg","contentUrl":"https:\/\/garantie.be\/wp-content\/uploads\/2021\/09\/Garantie-locative-Wallonie-300x94.jpg"},{"@type":"BreadcrumbList","@id":"https:\/\/garantie.be\/nl\/huurwaarborg-wallonie\/#breadcrumb","itemListElement":[{"@type":"ListItem","position":1,"name":"Accueil","item":"https:\/\/garantie.be\/nl\/"},{"@type":"ListItem","position":2,"name":"Verhuurgarantie Walloni\u00eb"}]},{"@type":"WebSite","@id":"https:\/\/garantie.be\/nl\/#website","url":"https:\/\/garantie.be\/nl\/","name":"Waarborg","description":"","publisher":{"@id":"https:\/\/garantie.be\/nl\/#organization"},"potentialAction":[{"@type":"SearchAction","target":{"@type":"EntryPoint","urlTemplate":"https:\/\/garantie.be\/nl\/?s={search_term_string}"},"query-input":{"@type":"PropertyValueSpecification","valueRequired":true,"valueName":"search_term_string"}}],"inLanguage":"nl-NL"},{"@type":"Organization","@id":"https:\/\/garantie.be\/nl\/#organization","name":"Garantie.be","url":"https:\/\/garantie.be\/nl\/","logo":{"@type":"ImageObject","inLanguage":"nl-NL","@id":"https:\/\/garantie.be\/nl\/#\/schema\/logo\/image\/","url":"","contentUrl":"","caption":"Garantie.be"},"image":{"@id":"https:\/\/garantie.be\/nl\/#\/schema\/logo\/image\/"}}]}},"_links":{"self":[{"href":"https:\/\/garantie.be\/nl\/wp-json\/wp\/v2\/pages\/2083","targetHints":{"allow":["GET"]}}],"collection":[{"href":"https:\/\/garantie.be\/nl\/wp-json\/wp\/v2\/pages"}],"about":[{"href":"https:\/\/garantie.be\/nl\/wp-json\/wp\/v2\/types\/page"}],"author":[{"embeddable":true,"href":"https:\/\/garantie.be\/nl\/wp-json\/wp\/v2\/users\/1"}],"replies":[{"embeddable":true,"href":"https:\/\/garantie.be\/nl\/wp-json\/wp\/v2\/comments?post=2083"}],"version-history":[{"count":0,"href":"https:\/\/garantie.be\/nl\/wp-json\/wp\/v2\/pages\/2083\/revisions"}],"wp:attachment":[{"href":"https:\/\/garantie.be\/nl\/wp-json\/wp\/v2\/media?parent=2083"}],"curies":[{"name":"wp","href":"https:\/\/api.w.org\/{rel}","templated":true}]}}