{"id":2142,"date":"2021-01-20T11:34:56","date_gmt":"2021-01-20T10:34:56","guid":{"rendered":"https:\/\/garantie.be\/huurwaarborglening\/"},"modified":"2025-03-19T16:31:48","modified_gmt":"2025-03-19T15:31:48","slug":"huurwaarborg-lening","status":"publish","type":"page","link":"https:\/\/garantie.be\/nl\/huurwaarborg-lening\/","title":{"rendered":"Lening met huurwaarborg"},"content":{"rendered":"\t\t<div data-elementor-type=\"wp-page\" data-elementor-id=\"2142\" class=\"elementor elementor-2142 elementor-2140\" data-elementor-post-type=\"page\">\n\t\t\t\t\t\t<section class=\"elementor-section elementor-top-section elementor-element elementor-element-44d6066c elementor-section-boxed elementor-section-height-default elementor-section-height-default\" data-id=\"44d6066c\" data-element_type=\"section\" data-e-type=\"section\">\n\t\t\t\t\t\t<div class=\"elementor-container elementor-column-gap-default\">\n\t\t\t\t\t<div class=\"elementor-column elementor-col-100 elementor-top-column elementor-element elementor-element-266573bf\" data-id=\"266573bf\" data-element_type=\"column\" data-e-type=\"column\">\n\t\t\t<div class=\"elementor-widget-wrap elementor-element-populated\">\n\t\t\t\t\t\t<div class=\"elementor-element elementor-element-1abac793 elementor-widget elementor-widget-spacer\" data-id=\"1abac793\" data-element_type=\"widget\" data-e-type=\"widget\" data-widget_type=\"spacer.default\">\n\t\t\t\t<div class=\"elementor-widget-container\">\n\t\t\t\t\t\t\t<div class=\"elementor-spacer\">\n\t\t\t<div class=\"elementor-spacer-inner\"><\/div>\n\t\t<\/div>\n\t\t\t\t\t\t<\/div>\n\t\t\t\t<\/div>\n\t\t\t\t<div class=\"elementor-element elementor-element-46676ee5 elementor-widget elementor-widget-heading\" data-id=\"46676ee5\" data-element_type=\"widget\" data-e-type=\"widget\" data-widget_type=\"heading.default\">\n\t\t\t\t<div class=\"elementor-widget-container\">\n\t\t\t\t\t<h1 class=\"elementor-heading-title elementor-size-default\">Lening voor de\n<b><br>Huurwaarborg<br><\/b><\/h1>\t\t\t\t<\/div>\n\t\t\t\t<\/div>\n\t\t\t\t<div class=\"elementor-element elementor-element-778b90bf elementor-widget elementor-widget-spacer\" data-id=\"778b90bf\" data-element_type=\"widget\" data-e-type=\"widget\" data-widget_type=\"spacer.default\">\n\t\t\t\t<div class=\"elementor-widget-container\">\n\t\t\t\t\t\t\t<div class=\"elementor-spacer\">\n\t\t\t<div class=\"elementor-spacer-inner\"><\/div>\n\t\t<\/div>\n\t\t\t\t\t\t<\/div>\n\t\t\t\t<\/div>\n\t\t\t\t\t<\/div>\n\t\t<\/div>\n\t\t\t\t\t<\/div>\n\t\t<\/section>\n\t\t\t\t<section class=\"elementor-section elementor-top-section elementor-element elementor-element-1d35a851 elementor-section-boxed elementor-section-height-default elementor-section-height-default\" data-id=\"1d35a851\" data-element_type=\"section\" data-e-type=\"section\">\n\t\t\t\t\t\t<div class=\"elementor-container elementor-column-gap-default\">\n\t\t\t\t\t<div class=\"elementor-column elementor-col-100 elementor-top-column elementor-element elementor-element-77d8397c\" data-id=\"77d8397c\" data-element_type=\"column\" data-e-type=\"column\">\n\t\t\t<div class=\"elementor-widget-wrap elementor-element-populated\">\n\t\t\t\t\t\t<div class=\"elementor-element elementor-element-2994953 elementor-widget elementor-widget-text-editor\" data-id=\"2994953\" data-element_type=\"widget\" data-e-type=\"widget\" data-widget_type=\"text-editor.default\">\n\t\t\t\t<div class=\"elementor-widget-container\">\n\t\t\t\t\t\t\t\t\t<p>De <a href=\"https:\/\/garantie.be\/nl\/huurwaarborg\/\">huurwaarborg<\/a> is een som geld die de huurder betaalt bij het begin van het huurcontract om de verhuurder te verzekeren tegen eventuele onbetaalde huur of schade aan de woning. In Belgi\u00eb kan deze waarborg op verschillende manieren worden geregeld: via een <b>geblokkeerde bankrekening<\/b>, een progressieve <a href=\"https:\/\/garantie.be\/nl\/bankwaarborg\/\">bankwaarborg<\/a> of specifieke regionale steun. Het bedrag en de voorwaarden vari\u00ebren naargelang de regio en de overeenkomsten tussen de partijen.  <\/p>\n<\/p>\n<p>Om een huurwaarborg te verkrijgen <b>zonder geld te blokkeren<\/b>, vraagt u gewoon een waarborg aan op <b>garantie.be<\/b> door te klikken op <span style=\"text-decoration: underline;\"><a href=\"https:\/\/garantie.be\/nl\/huurwaarborg-online\/\">online huurwaarborg<\/a><\/span><\/p>\n\t\t\t\t\t\t\t\t<\/div>\n\t\t\t\t<\/div>\n\t\t\t\t<div class=\"elementor-element elementor-element-ae7690e elementor-widget elementor-widget-heading\" data-id=\"ae7690e\" data-element_type=\"widget\" data-e-type=\"widget\" data-widget_type=\"heading.default\">\n\t\t\t\t<div class=\"elementor-widget-container\">\n\t\t\t\t\t<h2 class=\"elementor-heading-title elementor-size-default\">Wat is een huurwaarborglening?<\/h2>\t\t\t\t<\/div>\n\t\t\t\t<\/div>\n\t\t\t\t<div class=\"elementor-element elementor-element-ce954a5 elementor-widget elementor-widget-text-editor\" data-id=\"ce954a5\" data-element_type=\"widget\" data-e-type=\"widget\" data-widget_type=\"text-editor.default\">\n\t\t\t\t<div class=\"elementor-widget-container\">\n\t\t\t\t\t\t\t\t\t<p>Een huurwaarborglening is een oplossing waarbij huurders niet onmiddellijk het volledige door de verhuurder gevraagde bedrag hoeven voor te schieten. Deze lening wordt over het algemeen renteloos verstrekt door openbare of sociale instellingen. Het doel is om huurders met beperkte middelen gemakkelijker toegang te geven tot een woning zonder dat ze financieel verzwakt zijn vanaf het begin van de huurperiode.  <\/p>\n<p>In Walloni\u00eb biedt <a href=\"https:\/\/www.swcs.be\/\">de Soci\u00e9t\u00e9 Wallonne de Cr\u00e9dit Social (SWCS)<\/a> dit type lening aan sinds mei 2021, waardoor het gemakkelijker wordt om een huurwaarborg op te zetten zonder onmiddellijke impact op het budget van de huurder.<\/p>\n<p>In Brussel bestaat een gelijkaardige oplossing via het <a href=\"https:\/\/fonds.brussels\/fr\">Fonds voor Huisvesting<\/a>, dat specifiek gericht is op gezinnen met een bescheiden inkomen die financi\u00eble moeilijkheden hebben om het vereiste borgbedrag te betalen.<\/p>\n\t\t\t\t\t\t\t\t<\/div>\n\t\t\t\t<\/div>\n\t\t\t\t<div class=\"elementor-element elementor-element-0009b60 elementor-widget elementor-widget-heading\" data-id=\"0009b60\" data-element_type=\"widget\" data-e-type=\"widget\" data-widget_type=\"heading.default\">\n\t\t\t\t<div class=\"elementor-widget-container\">\n\t\t\t\t\t<h2 class=\"elementor-heading-title elementor-size-default\">Hoe krijg ik een lening voor een huurwaarborg?<\/h2>\t\t\t\t<\/div>\n\t\t\t\t<\/div>\n\t\t\t\t<div class=\"elementor-element elementor-element-b73f319 elementor-widget elementor-widget-text-editor\" data-id=\"b73f319\" data-element_type=\"widget\" data-e-type=\"widget\" data-widget_type=\"text-editor.default\">\n\t\t\t\t<div class=\"elementor-widget-container\">\n\t\t\t\t\t\t\t\t\t<p>Er zijn verschillende criteria voor het verkrijgen van een lening voor een huurwaarborg. Ten eerste moeten de aanvragers in de betreffende regio wonen en aantonen dat ze financi\u00eble steun nodig hebben om hun waarborg op te bouwen. Daarnaast is deze lening alleen beschikbaar voor huurders die geen eigen huis bezitten en waarvan het inkomen een bepaalde drempel niet overschrijdt, die wordt vastgesteld op basis van de grootte van het huishouden en de regio waarin ze wonen.  <\/p>\n<p>Om de procedure te starten, moet de huurder een aanvraagdossier invullen bij de relevante instantie. Deze aanvraag bevat over het algemeen : <\/p>\n<ul>\n<li><b>Bewijs van inkomen<\/b> (loonstrookjes, uitkeringsbewijzen, enz.)<\/li>\n<li>Een <b>kopie van de huurovereenkomst<\/b> met vermelding van het bedrag van de huurwaarborg<\/li>\n<li>Een <b>certificaat<\/b> dat bewijst dat de woning voldoet aan de levensstandaard<\/li>\n<\/ul>\n<p>Zodra de aanvraag is geaccepteerd, wordt het bedrag van de lening direct op een geblokkeerde rekening op naam van de huurder gestort.<\/p>\n\t\t\t\t\t\t\t\t<\/div>\n\t\t\t\t<\/div>\n\t\t\t\t<div class=\"elementor-element elementor-element-67c743d elementor-widget elementor-widget-heading\" data-id=\"67c743d\" data-element_type=\"widget\" data-e-type=\"widget\" data-widget_type=\"heading.default\">\n\t\t\t\t<div class=\"elementor-widget-container\">\n\t\t\t\t\t<h2 class=\"elementor-heading-title elementor-size-default\">Hoeveel kan ik lenen?<\/h2>\t\t\t\t<\/div>\n\t\t\t\t<\/div>\n\t\t\t\t<div class=\"elementor-element elementor-element-6af1c2c elementor-widget elementor-widget-text-editor\" data-id=\"6af1c2c\" data-element_type=\"widget\" data-e-type=\"widget\" data-widget_type=\"text-editor.default\">\n\t\t\t\t<div class=\"elementor-widget-container\">\n\t\t\t\t\t\t\t\t\tHet bedrag van de huurwaarborg varieert naargelang de regio en het type waarborg:\n<ul>\n \t<li>De <a href=\"https:\/\/garantie.be\/nl\/huurwaarborg-wallonie\/\">huurwaarborg in Walloni\u00eb<\/a> kan<b> tot 2 maanden huur<\/b> dekken als de waarborg op een geblokkeerde bankrekening staat, en tot <b>3 maanden huur<\/b> als het de vorm aanneemt van een progressieve bankwaarborg.<\/li>\n \t<li>In het Brussels Hoofdstedelijk Gewest heeft een recente hervorming een plafond van <b>2 maanden huur<\/b> ingesteld voor alle <a href=\"https:\/\/garantie.be\/nl\/huurwaarborg-brussel-hoofdstad\/\">huurwaarborgen in Brussel.<\/a> Deze limiet is bedoeld om de financi\u00eble lasten voor huurders te verlichten en misbruik te voorkomen. <\/li>\n \t<li>De <a href=\"https:\/\/garantie.be\/nl\/huurwaarborg-vlaanderen\/\">huurwaarborg in Vlaanderen<\/a> kan tot <b>3 maanden huur<\/b> bedragen, in de vorm van een geblokkeerde rekening of een bankgarantie. Het exacte bedrag hangt dus af van de eisen van de verhuurder en het type waarborg dat de huurder kiest.   <\/li>\n<\/ul>\t\t\t\t\t\t\t\t<\/div>\n\t\t\t\t<\/div>\n\t\t\t\t<div class=\"elementor-element elementor-element-50cf31f elementor-widget elementor-widget-heading\" data-id=\"50cf31f\" data-element_type=\"widget\" data-e-type=\"widget\" data-widget_type=\"heading.default\">\n\t\t\t\t<div class=\"elementor-widget-container\">\n\t\t\t\t\t<h2 class=\"elementor-heading-title elementor-size-default\">Welke hulp is er beschikbaar voor het opzetten van een huurwaarborg?<\/h2>\t\t\t\t<\/div>\n\t\t\t\t<\/div>\n\t\t\t\t<div class=\"elementor-element elementor-element-b83b343 elementor-widget elementor-widget-text-editor\" data-id=\"b83b343\" data-element_type=\"widget\" data-e-type=\"widget\" data-widget_type=\"text-editor.default\">\n\t\t\t\t<div class=\"elementor-widget-container\">\n\t\t\t\t\t\t\t\t\t<p>Er zijn verschillende vormen van financi\u00eble hulp beschikbaar om huurders te helpen een huurwaarborg te storten.<\/p>\n<p>De OCMW&#8217;s (Openbare Centra voor Maatschappelijk Welzijn) spelen een sleutelrol in de hulpverlening aan huishoudens in moeilijkheden. Afhankelijk van de situatie kunnen huurders :   <\/p>\n<ul>\n<li>Een voorschot op de <a href=\"https:\/\/garantie.be\/nl\/ocmw-huurwaarborg\/\">huurwaarborg van het OCMW<\/a><\/li>\n<li>Een waarborg van het OCMW ten gunste van de huiseigenaar, die de betaling van het vereiste bedrag garandeert in geval van nood.<\/li>\n<\/ul>\n<p>In Brussel wordt een speciale regeling genaamd <b>Fonds BRU-GAL<\/b> beheerd door het Woningfonds. Dankzij dit fonds kunnen huurders profiteren van een huurwaarborg, zonder dat ze het geld vooraf hoeven te betalen. De toegang tot deze steun is echter onderworpen aan strenge criteria, met name wat betreft het inkomensniveau en de financi\u00eble stabiliteit van het huishouden.  <\/p>\n\t\t\t\t\t\t\t\t<\/div>\n\t\t\t\t<\/div>\n\t\t\t\t<div class=\"elementor-element elementor-element-53e4a83 elementor-widget elementor-widget-heading\" data-id=\"53e4a83\" data-element_type=\"widget\" data-e-type=\"widget\" data-widget_type=\"heading.default\">\n\t\t\t\t<div class=\"elementor-widget-container\">\n\t\t\t\t\t<h2 class=\"elementor-heading-title elementor-size-default\">Vrijgave van de huurwaarborg: hoe krijg je je geld terug? <\/h2>\t\t\t\t<\/div>\n\t\t\t\t<\/div>\n\t\t\t\t<div class=\"elementor-element elementor-element-2c439cb elementor-widget elementor-widget-text-editor\" data-id=\"2c439cb\" data-element_type=\"widget\" data-e-type=\"widget\" data-widget_type=\"text-editor.default\">\n\t\t\t\t<div class=\"elementor-widget-container\">\n\t\t\t\t\t\t\t\t\t<p>Aan het einde van het huurcontract wordt de huurwaarborg teruggegeven aan de huurder, op voorwaarde dat hij of zij aan al zijn of haar verplichtingen heeft voldaan en dat er geen schade of onbetaalde huur is.<\/p>\n<p>De procedure voor <a href=\"https:\/\/garantie.be\/nl\/vrijgave-huurwaarborg-online-formulier\/\">het vrijgeven van de huurwaarborg<\/a> houdt meestal in dat de verhuurder en de huurder een afsluitingsdocument ondertekenen. Zodra deze overeenkomst is ondertekend, geeft de bank of het beheersorgaan het geld vrij en geeft het terug aan de huurder. <\/p>\n<p>In het geval van een geschil, als de eigenaar van mening is dat er bedragen moeten worden ingehouden, blijft de garantie bevroren totdat er een overeenkomst is bereikt. Als er geen overeenkomst kan worden bereikt, kan het geschil worden voorgelegd aan de vrederechter, die beslist hoe het geld wordt verdeeld. Om geschillen te voorkomen, raden we je ten zeerste aan om bij het betreden en verlaten van de woning een gedetailleerde <a href=\"https:\/\/garantie.be\/nl\/plaatsbeschrijving-bij-de-uitgang\/\">inventaris van de inboedel<\/a> op te stellen.  <\/p>\n\t\t\t\t\t\t\t\t<\/div>\n\t\t\t\t<\/div>\n\t\t\t\t\t<\/div>\n\t\t<\/div>\n\t\t\t\t\t<\/div>\n\t\t<\/section>\n\t\t\t\t<section class=\"elementor-section elementor-top-section elementor-element elementor-element-bbe5556 elementor-section-height-min-height elementor-section-content-middle elementor-section-boxed elementor-section-height-default elementor-section-items-middle\" data-id=\"bbe5556\" data-element_type=\"section\" data-e-type=\"section\" data-settings=\"{&quot;background_background&quot;:&quot;classic&quot;}\">\n\t\t\t\t\t\t<div class=\"elementor-container elementor-column-gap-default\">\n\t\t\t\t\t<div class=\"elementor-column elementor-col-50 elementor-top-column elementor-element elementor-element-669d2fc4\" data-id=\"669d2fc4\" data-element_type=\"column\" data-e-type=\"column\">\n\t\t\t<div class=\"elementor-widget-wrap elementor-element-populated\">\n\t\t\t\t\t\t<div class=\"elementor-element elementor-element-1c3fde34 elementor-widget elementor-widget-image\" data-id=\"1c3fde34\" data-element_type=\"widget\" data-e-type=\"widget\" data-widget_type=\"image.default\">\n\t\t\t\t<div class=\"elementor-widget-container\">\n\t\t\t\t\t\t\t\t\t\t\t\t\t\t\t<img fetchpriority=\"high\" decoding=\"async\" width=\"1337\" height=\"326\" src=\"https:\/\/garantie.be\/wp-content\/uploads\/2021\/10\/Logo-2-garantie-blanc.jpg\" class=\"attachment-full size-full wp-image-14326\" alt=\"garantie\" srcset=\"https:\/\/garantie.be\/wp-content\/uploads\/2021\/10\/Logo-2-garantie-blanc.jpg 1337w, https:\/\/garantie.be\/wp-content\/uploads\/2021\/10\/Logo-2-garantie-blanc-300x73.jpg 300w, https:\/\/garantie.be\/wp-content\/uploads\/2021\/10\/Logo-2-garantie-blanc-1024x250.jpg 1024w, https:\/\/garantie.be\/wp-content\/uploads\/2021\/10\/Logo-2-garantie-blanc-768x187.jpg 768w\" sizes=\"(max-width: 1337px) 100vw, 1337px\" \/>\t\t\t\t\t\t\t\t\t\t\t\t\t\t\t<\/div>\n\t\t\t\t<\/div>\n\t\t\t\t\t<\/div>\n\t\t<\/div>\n\t\t\t\t<div class=\"elementor-column elementor-col-50 elementor-top-column elementor-element elementor-element-5efedee7\" data-id=\"5efedee7\" data-element_type=\"column\" data-e-type=\"column\">\n\t\t\t<div class=\"elementor-widget-wrap elementor-element-populated\">\n\t\t\t\t\t\t<div class=\"elementor-element elementor-element-7d0a6ae1 elementor-widget-divider--view-line elementor-widget elementor-widget-divider\" data-id=\"7d0a6ae1\" data-element_type=\"widget\" data-e-type=\"widget\" data-widget_type=\"divider.default\">\n\t\t\t\t<div class=\"elementor-widget-container\">\n\t\t\t\t\t\t\t<div class=\"elementor-divider\">\n\t\t\t<span class=\"elementor-divider-separator\">\n\t\t\t\t\t\t<\/span>\n\t\t<\/div>\n\t\t\t\t\t\t<\/div>\n\t\t\t\t<\/div>\n\t\t\t\t<div class=\"elementor-element elementor-element-170ff188 elementor-widget elementor-widget-heading\" data-id=\"170ff188\" data-element_type=\"widget\" data-e-type=\"widget\" data-widget_type=\"heading.default\">\n\t\t\t\t<div class=\"elementor-widget-container\">\n\t\t\t\t\t<h2 class=\"elementor-heading-title elementor-size-large\">Huurwaarborg ZONDER bankwaarborg<\/h2>\t\t\t\t<\/div>\n\t\t\t\t<\/div>\n\t\t\t\t<div class=\"elementor-element elementor-element-2374f6ed elementor-widget elementor-widget-text-editor\" data-id=\"2374f6ed\" data-element_type=\"widget\" data-e-type=\"widget\" data-widget_type=\"text-editor.default\">\n\t\t\t\t<div class=\"elementor-widget-container\">\n\t\t\t\t\t\t\t\t\t<p>U bevindt zich op de website van <strong>garantie.be<\/strong>. Wij zijn een private financi\u00eble onderneming. Wij bieden een service voor het verkrijgen van een <a href=\"https:\/\/garantie.be\/nl\/huurwaarborg\/\">Huurwaarborg<\/a> <strong>zonder het blokkeren van geld op de bank<\/strong>.<\/p>\n\t\t\t\t\t\t\t\t<\/div>\n\t\t\t\t<\/div>\n\t\t\t\t<div class=\"elementor-element elementor-element-79143834 elementor-widget elementor-widget-heading\" data-id=\"79143834\" data-element_type=\"widget\" data-e-type=\"widget\" data-widget_type=\"heading.default\">\n\t\t\t\t<div class=\"elementor-widget-container\">\n\t\t\t\t\t<p class=\"elementor-heading-title elementor-size-medium\"><a href=\"https:\/\/garantie.be\/nl\/huurwaarborg-online\/\" target=\"_blank\" rel=\"nofollow\">&gt; Online huurwaarborg aanvraag<\/a><\/p>\t\t\t\t<\/div>\n\t\t\t\t<\/div>\n\t\t\t\t\t<\/div>\n\t\t<\/div>\n\t\t\t\t\t<\/div>\n\t\t<\/section>\n\t\t\t\t<\/div>\n\t\t","protected":false},"excerpt":{"rendered":"<p>Lening voor de Huurwaarborg De huurwaarborg is een som geld die de huurder betaalt bij het begin van het huurcontract om de verhuurder te verzekeren tegen eventuele onbetaalde huur of schade aan de woning. In Belgi\u00eb kan deze waarborg op verschillende manieren worden geregeld: via een geblokkeerde bankrekening, een progressieve bankwaarborg of specifieke regionale steun. [&hellip;]<\/p>\n","protected":false},"author":1,"featured_media":0,"parent":0,"menu_order":0,"comment_status":"closed","ping_status":"closed","template":"","meta":{"footnotes":""},"class_list":["post-2142","page","type-page","status-publish","hentry"],"yoast_head":"<!-- This site is optimized with the Yoast SEO plugin v27.3 - https:\/\/yoast.com\/product\/yoast-seo-wordpress\/ -->\n<title>Online formulier huurwaarborg<\/title>\n<meta name=\"description\" content=\"Ontdek de verschillende soorten bijstand die beschikbaar zijn voor het opzetten van een huurwaarborg voor huisvesting in Belgi\u00eb.\" \/>\n<meta name=\"robots\" content=\"index, follow, max-snippet:-1, max-image-preview:large, max-video-preview:-1\" \/>\n<link rel=\"canonical\" href=\"https:\/\/garantie.be\/nl\/huurwaarborg-lening\/\" \/>\n<meta property=\"og:locale\" content=\"nl_NL\" \/>\n<meta property=\"og:type\" content=\"article\" \/>\n<meta property=\"og:title\" content=\"Online formulier huurwaarborg\" \/>\n<meta property=\"og:description\" content=\"Ontdek de verschillende soorten bijstand die beschikbaar zijn voor het opzetten van een huurwaarborg voor huisvesting in Belgi\u00eb.\" \/>\n<meta property=\"og:url\" content=\"https:\/\/garantie.be\/nl\/huurwaarborg-lening\/\" \/>\n<meta property=\"og:site_name\" content=\"Waarborg\" \/>\n<meta property=\"article:modified_time\" content=\"2025-03-19T15:31:48+00:00\" \/>\n<meta property=\"og:image\" content=\"https:\/\/garantie.be\/wp-content\/uploads\/2021\/10\/Logo-2-garantie-blanc.jpg\" \/>\n<meta name=\"twitter:card\" content=\"summary_large_image\" \/>\n<meta name=\"twitter:label1\" content=\"Geschatte leestijd\" \/>\n\t<meta name=\"twitter:data1\" content=\"4 minuten\" \/>\n<script type=\"application\/ld+json\" class=\"yoast-schema-graph\">{\"@context\":\"https:\\\/\\\/schema.org\",\"@graph\":[{\"@type\":\"WebPage\",\"@id\":\"https:\\\/\\\/garantie.be\\\/nl\\\/huurwaarborg-lening\\\/\",\"url\":\"https:\\\/\\\/garantie.be\\\/nl\\\/huurwaarborg-lening\\\/\",\"name\":\"Online formulier huurwaarborg\",\"isPartOf\":{\"@id\":\"https:\\\/\\\/garantie.be\\\/nl\\\/#website\"},\"primaryImageOfPage\":{\"@id\":\"https:\\\/\\\/garantie.be\\\/nl\\\/huurwaarborg-lening\\\/#primaryimage\"},\"image\":{\"@id\":\"https:\\\/\\\/garantie.be\\\/nl\\\/huurwaarborg-lening\\\/#primaryimage\"},\"thumbnailUrl\":\"https:\\\/\\\/garantie.be\\\/wp-content\\\/uploads\\\/2021\\\/10\\\/Logo-2-garantie-blanc.jpg\",\"datePublished\":\"2021-01-20T10:34:56+00:00\",\"dateModified\":\"2025-03-19T15:31:48+00:00\",\"description\":\"Ontdek de verschillende soorten bijstand die beschikbaar zijn voor het opzetten van een huurwaarborg voor huisvesting in Belgi\u00eb.\",\"breadcrumb\":{\"@id\":\"https:\\\/\\\/garantie.be\\\/nl\\\/huurwaarborg-lening\\\/#breadcrumb\"},\"inLanguage\":\"nl-NL\",\"potentialAction\":[{\"@type\":\"ReadAction\",\"target\":[\"https:\\\/\\\/garantie.be\\\/nl\\\/huurwaarborg-lening\\\/\"]}]},{\"@type\":\"ImageObject\",\"inLanguage\":\"nl-NL\",\"@id\":\"https:\\\/\\\/garantie.be\\\/nl\\\/huurwaarborg-lening\\\/#primaryimage\",\"url\":\"https:\\\/\\\/garantie.be\\\/wp-content\\\/uploads\\\/2021\\\/10\\\/Logo-2-garantie-blanc.jpg\",\"contentUrl\":\"https:\\\/\\\/garantie.be\\\/wp-content\\\/uploads\\\/2021\\\/10\\\/Logo-2-garantie-blanc.jpg\"},{\"@type\":\"BreadcrumbList\",\"@id\":\"https:\\\/\\\/garantie.be\\\/nl\\\/huurwaarborg-lening\\\/#breadcrumb\",\"itemListElement\":[{\"@type\":\"ListItem\",\"position\":1,\"name\":\"Accueil\",\"item\":\"https:\\\/\\\/garantie.be\\\/nl\\\/\"},{\"@type\":\"ListItem\",\"position\":2,\"name\":\"Lening met huurwaarborg\"}]},{\"@type\":\"WebSite\",\"@id\":\"https:\\\/\\\/garantie.be\\\/nl\\\/#website\",\"url\":\"https:\\\/\\\/garantie.be\\\/nl\\\/\",\"name\":\"Waarborg\",\"description\":\"\",\"publisher\":{\"@id\":\"https:\\\/\\\/garantie.be\\\/nl\\\/#organization\"},\"potentialAction\":[{\"@type\":\"SearchAction\",\"target\":{\"@type\":\"EntryPoint\",\"urlTemplate\":\"https:\\\/\\\/garantie.be\\\/nl\\\/?s={search_term_string}\"},\"query-input\":{\"@type\":\"PropertyValueSpecification\",\"valueRequired\":true,\"valueName\":\"search_term_string\"}}],\"inLanguage\":\"nl-NL\"},{\"@type\":\"Organization\",\"@id\":\"https:\\\/\\\/garantie.be\\\/nl\\\/#organization\",\"name\":\"Garantie.be\",\"url\":\"https:\\\/\\\/garantie.be\\\/nl\\\/\",\"logo\":{\"@type\":\"ImageObject\",\"inLanguage\":\"nl-NL\",\"@id\":\"https:\\\/\\\/garantie.be\\\/nl\\\/#\\\/schema\\\/logo\\\/image\\\/\",\"url\":\"\",\"contentUrl\":\"\",\"caption\":\"Garantie.be\"},\"image\":{\"@id\":\"https:\\\/\\\/garantie.be\\\/nl\\\/#\\\/schema\\\/logo\\\/image\\\/\"}}]}<\/script>\n<!-- \/ Yoast SEO plugin. -->","yoast_head_json":{"title":"Online formulier huurwaarborg","description":"Ontdek de verschillende soorten bijstand die beschikbaar zijn voor het opzetten van een huurwaarborg voor huisvesting in Belgi\u00eb.","robots":{"index":"index","follow":"follow","max-snippet":"max-snippet:-1","max-image-preview":"max-image-preview:large","max-video-preview":"max-video-preview:-1"},"canonical":"https:\/\/garantie.be\/nl\/huurwaarborg-lening\/","og_locale":"nl_NL","og_type":"article","og_title":"Online formulier huurwaarborg","og_description":"Ontdek de verschillende soorten bijstand die beschikbaar zijn voor het opzetten van een huurwaarborg voor huisvesting in Belgi\u00eb.","og_url":"https:\/\/garantie.be\/nl\/huurwaarborg-lening\/","og_site_name":"Waarborg","article_modified_time":"2025-03-19T15:31:48+00:00","og_image":[{"url":"https:\/\/garantie.be\/wp-content\/uploads\/2021\/10\/Logo-2-garantie-blanc.jpg","type":"","width":"","height":""}],"twitter_card":"summary_large_image","twitter_misc":{"Geschatte leestijd":"4 minuten"},"schema":{"@context":"https:\/\/schema.org","@graph":[{"@type":"WebPage","@id":"https:\/\/garantie.be\/nl\/huurwaarborg-lening\/","url":"https:\/\/garantie.be\/nl\/huurwaarborg-lening\/","name":"Online formulier huurwaarborg","isPartOf":{"@id":"https:\/\/garantie.be\/nl\/#website"},"primaryImageOfPage":{"@id":"https:\/\/garantie.be\/nl\/huurwaarborg-lening\/#primaryimage"},"image":{"@id":"https:\/\/garantie.be\/nl\/huurwaarborg-lening\/#primaryimage"},"thumbnailUrl":"https:\/\/garantie.be\/wp-content\/uploads\/2021\/10\/Logo-2-garantie-blanc.jpg","datePublished":"2021-01-20T10:34:56+00:00","dateModified":"2025-03-19T15:31:48+00:00","description":"Ontdek de verschillende soorten bijstand die beschikbaar zijn voor het opzetten van een huurwaarborg voor huisvesting in Belgi\u00eb.","breadcrumb":{"@id":"https:\/\/garantie.be\/nl\/huurwaarborg-lening\/#breadcrumb"},"inLanguage":"nl-NL","potentialAction":[{"@type":"ReadAction","target":["https:\/\/garantie.be\/nl\/huurwaarborg-lening\/"]}]},{"@type":"ImageObject","inLanguage":"nl-NL","@id":"https:\/\/garantie.be\/nl\/huurwaarborg-lening\/#primaryimage","url":"https:\/\/garantie.be\/wp-content\/uploads\/2021\/10\/Logo-2-garantie-blanc.jpg","contentUrl":"https:\/\/garantie.be\/wp-content\/uploads\/2021\/10\/Logo-2-garantie-blanc.jpg"},{"@type":"BreadcrumbList","@id":"https:\/\/garantie.be\/nl\/huurwaarborg-lening\/#breadcrumb","itemListElement":[{"@type":"ListItem","position":1,"name":"Accueil","item":"https:\/\/garantie.be\/nl\/"},{"@type":"ListItem","position":2,"name":"Lening met huurwaarborg"}]},{"@type":"WebSite","@id":"https:\/\/garantie.be\/nl\/#website","url":"https:\/\/garantie.be\/nl\/","name":"Waarborg","description":"","publisher":{"@id":"https:\/\/garantie.be\/nl\/#organization"},"potentialAction":[{"@type":"SearchAction","target":{"@type":"EntryPoint","urlTemplate":"https:\/\/garantie.be\/nl\/?s={search_term_string}"},"query-input":{"@type":"PropertyValueSpecification","valueRequired":true,"valueName":"search_term_string"}}],"inLanguage":"nl-NL"},{"@type":"Organization","@id":"https:\/\/garantie.be\/nl\/#organization","name":"Garantie.be","url":"https:\/\/garantie.be\/nl\/","logo":{"@type":"ImageObject","inLanguage":"nl-NL","@id":"https:\/\/garantie.be\/nl\/#\/schema\/logo\/image\/","url":"","contentUrl":"","caption":"Garantie.be"},"image":{"@id":"https:\/\/garantie.be\/nl\/#\/schema\/logo\/image\/"}}]}},"_links":{"self":[{"href":"https:\/\/garantie.be\/nl\/wp-json\/wp\/v2\/pages\/2142","targetHints":{"allow":["GET"]}}],"collection":[{"href":"https:\/\/garantie.be\/nl\/wp-json\/wp\/v2\/pages"}],"about":[{"href":"https:\/\/garantie.be\/nl\/wp-json\/wp\/v2\/types\/page"}],"author":[{"embeddable":true,"href":"https:\/\/garantie.be\/nl\/wp-json\/wp\/v2\/users\/1"}],"replies":[{"embeddable":true,"href":"https:\/\/garantie.be\/nl\/wp-json\/wp\/v2\/comments?post=2142"}],"version-history":[{"count":0,"href":"https:\/\/garantie.be\/nl\/wp-json\/wp\/v2\/pages\/2142\/revisions"}],"wp:attachment":[{"href":"https:\/\/garantie.be\/nl\/wp-json\/wp\/v2\/media?parent=2142"}],"curies":[{"name":"wp","href":"https:\/\/api.w.org\/{rel}","templated":true}]}}